{"id":6269,"date":"2025-01-15T12:08:05","date_gmt":"2025-01-15T12:08:05","guid":{"rendered":"https:\/\/usa-b2.com\/roadtrip-boston-to-washington\/"},"modified":"2025-01-16T15:38:33","modified_gmt":"2025-01-16T15:38:33","slug":"roadtrip-boston-to-washington","status":"publish","type":"page","link":"https:\/\/usa-b2.com\/sv\/roadtrip-boston-to-washington\/","title":{"rendered":"En roadtrip fr\u00e5n Boston till Washington"},"content":{"rendered":"\n<h1 class=\"wp-block-heading\">Hur organiserar man en bilresa fr\u00e5n Boston till Washington?<\/h1>\n\n<p>En roadtrip fr\u00e5n Boston till Washington \u00e4r ett perfekt s\u00e4tt att uppt\u00e4cka de historiska, kulturella och naturliga skatterna p\u00e5 USA:s \u00f6stkust. Resan g\u00e5r genom ikoniska st\u00e4der som New York och Philadelphia, samt natursk\u00f6na platser och nationalparker, och kombinerar livligt stadsliv med lugna stunder. I den h\u00e4r guiden hittar du de b\u00e4sta etapperna, boendena, aktiviteterna och tipsen f\u00f6r att g\u00f6ra den h\u00e4r resan minnesv\u00e4rd.  <\/p>\n\n<figure class=\"wp-block-image size-full\"><img fetchpriority=\"high\" decoding=\"async\" width=\"789\" height=\"444\" src=\"https:\/\/usa-b2.com\/wp-content\/uploads\/2025\/01\/Atlantic-City-USA-edited.png\" alt=\"\" class=\"wp-image-6902\" srcset=\"https:\/\/usa-b2.com\/wp-content\/uploads\/2025\/01\/Atlantic-City-USA-edited.png 789w, https:\/\/usa-b2.com\/wp-content\/uploads\/2025\/01\/Atlantic-City-USA-edited-300x169.png 300w, https:\/\/usa-b2.com\/wp-content\/uploads\/2025\/01\/Atlantic-City-USA-edited-768x432.png 768w\" sizes=\"(max-width: 789px) 100vw, 789px\" \/><\/figure>\n\n<h2 class=\"wp-block-heading\">Uppt\u00e4ck det du m\u00e5ste se: St\u00e4der och symboliska platser<\/h2>\n\n<h3 class=\"wp-block-heading\">Viktiga st\u00e4der att utforska<\/h3>\n\n<ul class=\"wp-block-list\">\n<li><strong><a href=\"https:\/\/www.boston.gov\/\">Boston<\/a> <\/strong>Boston: Boston \u00e4r den amerikanska historiens vagga och har n\u00e5gra sev\u00e4rdheter som man inte f\u00e5r missa, bland annat Freedom Trail, Faneuil Hall och Harvard.<\/li>\n\n\n\n<li><strong><a href=\"https:\/\/www.nyc.gov\/\">New York<\/a><\/strong> Staden som aldrig sover \u00e4r full av k\u00e4nda landm\u00e4rken, bland annat Frihetsgudinnan, Times Square och Central Park.<\/li>\n\n\n\n<li><strong><a href=\"https:\/\/www.phila.gov\/fr\/\">Philadelphia<\/a><\/strong> Missa inte Independence Hall och Liberty Bell, symboler f\u00f6r USA:s sj\u00e4lvst\u00e4ndighet.<\/li>\n\n\n\n<li><strong><a href=\"https:\/\/washington.org\/fr\/\">Washington<\/a>, D.C.<\/strong> Huvudstaden \u00e4r full av gratis museer och ikoniska monument som Lincoln Memorial och Vita huset.<\/li>\n<\/ul>\n\n<h3 class=\"wp-block-heading\">Naturliga och pittoreska scener<\/h3>\n\n<p>Resan \u00e4r inte begr\u00e4nsad till de stora st\u00e4derna. Stanna till l\u00e4ngs v\u00e4gen f\u00f6r att utforska en m\u00e4ngd olika landskap: <\/p>\n\n<ul class=\"wp-block-list\">\n<li><strong><a href=\"https:\/\/www.capecodchamber.org\/\">Cape Cod<\/a> (Massachusetts)<\/strong>: K\u00e4nd f\u00f6r sina str\u00e4nder och charmiga kustbyar.<\/li>\n\n\n\n<li><strong><a href=\"https:\/\/dwgpa.gov\/\">Delaware Water Gap<\/a> (Pennsylvania och New Jersey)<\/strong>: En spektakul\u00e4r dal f\u00f6r vandring och panoramautsikt.<\/li>\n\n\n\n<li><strong><a href=\"https:\/\/en.wikipedia.org\/wiki\/Chesapeake_Bay\">Chesapeake Bay<\/a> (Maryland)<\/strong>: Perfekt f\u00f6r en naturupplevelse mellan Philadelphia och Washington.<\/li>\n<\/ul>\n\n<h2 class=\"wp-block-heading\">Var man kan bo: Boende och strategiska st\u00e4der<\/h2>\n\n<h3 class=\"wp-block-heading\">De b\u00e4sta st\u00e4llena att bo p\u00e5<\/h3>\n\n<ul class=\"wp-block-list\">\n<li><strong>Boston<\/strong>: Bo n\u00e4ra Back Bay eller Beacon Hill f\u00f6r att vara mitt i de st\u00f6rsta attraktionerna.<\/li>\n\n\n\n<li><strong>New York<\/strong>: V\u00e4lj Manhattan f\u00f6r dess tillg\u00e4nglighet eller Brooklyn f\u00f6r en mer avslappnad atmosf\u00e4r.<\/li>\n\n\n\n<li><strong>Philadelphia<\/strong>: Center City-distriktet \u00e4r perfekt f\u00f6r att utforska historiska platser.<\/li>\n\n\n\n<li><strong>Washington, D.C.<\/strong> Logan Circle och Dupont Circle erbjuder bekv\u00e4ma hotell och enkel tillg\u00e5ng till monumenten.<\/li>\n<\/ul>\n\n<h3 class=\"wp-block-heading\">Olika typer av boende<\/h3>\n\n<ul class=\"wp-block-list\">\n<li><strong>Charmiga hotell<\/strong>: Historiska <a href=\"https:\/\/www.omnihotels.com\/hotels\/boston-parker-house?utm_source=gmblisting&amp;utm_medium=organic\">v\u00e4rdshus som Omni Parker House<\/a> i Boston f\u00f6rdjupar dig i lokalhistoria.<\/li>\n\n\n\n<li><strong>L\u00e4genheter och Airbnb <\/strong>: Perfekt f\u00f6r l\u00e4ngre vistelser i New York eller Washington.<\/li>\n\n\n\n<li><strong>Campingplatser<\/strong>: Om du \u00e4r ute efter en naturupplevelse \u00e4r campingplatser som de runt Chesapeake Bay idealiska.<\/li>\n<\/ul>\n\n<h2 class=\"wp-block-heading\">Rekommenderad resv\u00e4g : Boston till Washington p\u00e5 7 dagar<\/h2>\n\n<figure class=\"wp-block-table\"><table class=\"has-fixed-layout\"><tbody><tr><td class=\"has-text-align-center\" data-align=\"center\"><strong>Dag<\/strong><\/td><td class=\"has-text-align-center\" data-align=\"center\"><strong>Steg<\/strong><\/td><td class=\"has-text-align-center\" data-align=\"center\"><strong>Huvudsakliga aktiviteter<\/strong><\/td><td class=\"has-text-align-center\" data-align=\"center\"><strong>F\u00f6rslag p\u00e5 boende<\/strong><\/td><\/tr><tr><td class=\"has-text-align-center\" data-align=\"center\">1<\/td><td class=\"has-text-align-center\" data-align=\"center\">Boston<\/td><td class=\"has-text-align-center\" data-align=\"center\">Frihetsleden, Quincy Market<\/td><td class=\"has-text-align-center\" data-align=\"center\">Boston<\/td><\/tr><tr><td class=\"has-text-align-center\" data-align=\"center\">2<\/td><td class=\"has-text-align-center\" data-align=\"center\">Cape Cod<\/td><td class=\"has-text-align-center\" data-align=\"center\">Str\u00e4nder, b\u00e5tturer<\/td><td class=\"has-text-align-center\" data-align=\"center\">Cape Cod<\/td><\/tr><tr><td class=\"has-text-align-center\" data-align=\"center\">3<\/td><td class=\"has-text-align-center\" data-align=\"center\">New York City<\/td><td class=\"has-text-align-center\" data-align=\"center\">Times Square, Central Park, Frihetsgudinnan<\/td><td class=\"has-text-align-center\" data-align=\"center\">New York<\/td><\/tr><tr><td class=\"has-text-align-center\" data-align=\"center\">4<\/td><td class=\"has-text-align-center\" data-align=\"center\">New York City till Philadelphia<\/td><td class=\"has-text-align-center\" data-align=\"center\">Museum of Art, Liberty Bell<\/td><td class=\"has-text-align-center\" data-align=\"center\">Philadelphia<\/td><\/tr><tr><td class=\"has-text-align-center\" data-align=\"center\">5<\/td><td class=\"has-text-align-center\" data-align=\"center\">Delaware Water Gap<\/td><td class=\"has-text-align-center\" data-align=\"center\">Vandring och avkoppling<\/td><td class=\"has-text-align-center\" data-align=\"center\">Philadelphia<\/td><\/tr><tr><td class=\"has-text-align-center\" data-align=\"center\">6<\/td><td class=\"has-text-align-center\" data-align=\"center\">Annapolis och Chesapeake Bay<\/td><td class=\"has-text-align-center\" data-align=\"center\">Fisk- och skaldjursprovning, promenad l\u00e4ngs strandpromenaden<\/td><td class=\"has-text-align-center\" data-align=\"center\">Washington<\/td><\/tr><tr><td class=\"has-text-align-center\" data-align=\"center\">7<\/td><td class=\"has-text-align-center\" data-align=\"center\">Washington, D.C.<\/td><td class=\"has-text-align-center\" data-align=\"center\">National Mall, Smithsonian-museer<\/td><td class=\"has-text-align-center\" data-align=\"center\">Washington<\/td><\/tr><\/tbody><\/table><\/figure>\n\n<p>Denna resplan erbjuder en balans mellan stads sightseeing och naturpauser f\u00f6r att f\u00e5 ut det mesta av \u00f6stkustens underverk.<\/p>\n\n<h2 class=\"wp-block-heading\">Instagrammbara fotoplatser<\/h2>\n\n<h3 class=\"wp-block-heading\">De perfekta platserna f\u00f6r dina bilder<\/h3>\n\n<ul class=\"wp-block-list\">\n<li><strong><a href=\"https:\/\/fr.tripadvisor.be\/Attraction_Review-g60745-d481783-Reviews-Acorn_Street-Boston_Massachusetts.html\">Acorn Street<\/a> (Boston)<\/strong>: En historisk kullerstensgata som \u00e4r perfekt f\u00f6r att f\u00e5nga essensen av kolonial arkitektur.<\/li>\n\n\n\n<li><strong><a href=\"https:\/\/www.rockefellercenter.com\/fr-fr\/attractions\/plateforme-observation-top-of-the-rock\/\">Top of the Rock<\/a> (New York)<\/strong>: En hisnande utsikt \u00f6ver Manhattan, inklusive Empire State Building och Central Park.<\/li>\n\n\n\n<li><strong><a href=\"https:\/\/www.phillymagicgardens.org\/?gad_source=1&amp;gclid=Cj0KCQiA-aK8BhCDARIsAL_-H9nv8NAvzyI3HmO-V8arQsCZdAMMgPhCI4cgA5vykHh3x5QcLa8DZcYaAmjkEALw_wcB\">Philadelphias magiska tr\u00e4dg\u00e5rdar<\/a><\/strong> En unik konstn\u00e4rlig plats f\u00f6r f\u00e4rgstark och kreativ fotografering.<\/li>\n\n\n\n<li><strong>Tidvattenbass\u00e4ngen (Washington, D.C.): <\/strong> Monumentens reflektion i vattnet, s\u00e4rskilt vacker vid soluppg\u00e5ngen.<\/li>\n<\/ul>\n\n<h3 class=\"wp-block-heading\">Tips f\u00f6r att f\u00f6reviga din roadtrip<\/h3>\n\n<p>F\u00f6r att f\u00e5 de b\u00e4sta bilderna ska du v\u00e4lja de gyllene timmarna p\u00e5 morgonen och kv\u00e4llen. Tveka inte att utforska mindre frekventerade utsiktspunkter, som stadsparker eller kajer, f\u00f6r originella bilder. <\/p>\n\n<h2 class=\"wp-block-heading\">Aktiviteter enligt din typ av resa<\/h2>\n\n<h3 class=\"wp-block-heading\">F\u00f6r par: romantiska stunder<\/h3>\n\n<ul class=\"wp-block-list\">\n<li><strong>B\u00e5tutflykt p\u00e5 Charles River (Boston):<\/strong> Njut av en romantisk utsikt \u00f6ver stadens tak\u00e5sar.<\/li>\n\n\n\n<li><strong>Picknick i <a href=\"https:\/\/www.centralparknyc.org\/\">Central Park<\/a> (New York)<\/strong>: Koppla av i en lummig milj\u00f6 med utsikt \u00f6ver skyskraporna.<\/li>\n\n\n\n<li><strong>Gourmetmiddagar i <a href=\"https:\/\/www.georgetowndc.com\/\">Georgetown<\/a> (Washington):<\/strong> Denna stadsdel erbjuder intima restauranger och en varm atmosf\u00e4r.<\/li>\n<\/ul>\n\n<h3 class=\"wp-block-heading\">Med familjen: barnv\u00e4nliga \u00e4ventyr<\/h3>\n\n<ul class=\"wp-block-list\">\n<li><strong>Interaktivt bes\u00f6k p\u00e5 <a href=\"https:\/\/www.mos.org\/\">Museum of Science<\/a> (Boston)<\/strong>: Perfekt f\u00f6r att l\u00e4ra sig samtidigt som man har roligt.<\/li>\n\n\n\n<li><strong>Promenad p\u00e5 <a href=\"https:\/\/www.thehighline.org\/\">High Line<\/a> (New York)<\/strong>: En tidigare j\u00e4rnv\u00e4gslinje har omvandlats till en upph\u00f6jd park med unik utsikt \u00f6ver staden.<\/li>\n\n\n\n<li><strong>Utforskning p\u00e5 <a href=\"https:\/\/airandspace.si.edu\/\">Smithsonian National Air and Space Museum<\/a> (Washington, D.C.):<\/strong> Ett m\u00e5ste f\u00f6r sm\u00e5 flygfans.<\/li>\n<\/ul>\n\n<p>Fr\u00e5n Boston till Washington \u00e4r den h\u00e4r roadtripen en riktig djupdykning i \u00f6stkustens historia, kultur och varierande landskap. Oavsett om du reser som ett par eller en familj erbjuder den h\u00e4r rutten en o\u00f6vertr\u00e4ffad m\u00e4ngd upplevelser och uppt\u00e4ckter. Planera din resv\u00e4g, boka ditt boende och ge dig iv\u00e4g f\u00f6r att uppt\u00e4cka skatterna i den amerikanska \u00f6stkusten!  <\/p>\n","protected":false},"excerpt":{"rendered":"<p>Hur organiserar man en bilresa fr\u00e5n Boston till Washington? En roadtrip fr\u00e5n Boston till Washington \u00e4r ett perfekt s\u00e4tt att uppt\u00e4cka de historiska, kulturella och naturliga skatterna p\u00e5 USA:s \u00f6stkust. Resan g\u00e5r genom ikoniska st\u00e4der som New York och Philadelphia, samt natursk\u00f6na platser och nationalparker, och kombinerar livligt stadsliv med lugna stunder. I den h\u00e4r [&hellip;]<\/p>\n","protected":false},"author":1,"featured_media":0,"parent":0,"menu_order":0,"comment_status":"closed","ping_status":"closed","template":"","meta":{"footnotes":""},"class_list":["post-6269","page","type-page","status-publish","hentry"],"yoast_head":"<!-- This site is optimized with the Yoast SEO plugin v27.0 - https:\/\/yoast.com\/product\/yoast-seo-wordpress\/ -->\n<title>En roadtrip fr\u00e5n Boston till Washington - USA B2<\/title>\n<meta name=\"description\" content=\"Uppt\u00e4ck de viktigaste etapperna i en bilresa fr\u00e5n Boston till Washington: resv\u00e4gar, boende, aktiviteter och fotom\u00f6jligheter.\" \/>\n<meta name=\"robots\" content=\"index, follow, max-snippet:-1, max-image-preview:large, max-video-preview:-1\" \/>\n<link rel=\"canonical\" href=\"https:\/\/usa-b2.com\/sv\/roadtrip-boston-to-washington\/\" \/>\n<meta property=\"og:locale\" content=\"sv_SE\" \/>\n<meta property=\"og:type\" content=\"article\" \/>\n<meta property=\"og:title\" content=\"En roadtrip fr\u00e5n Boston till Washington - USA B2\" \/>\n<meta property=\"og:description\" content=\"Uppt\u00e4ck de viktigaste etapperna i en bilresa fr\u00e5n Boston till Washington: resv\u00e4gar, boende, aktiviteter och fotom\u00f6jligheter.\" \/>\n<meta property=\"og:url\" content=\"https:\/\/usa-b2.com\/sv\/roadtrip-boston-to-washington\/\" \/>\n<meta property=\"og:site_name\" content=\"USA B2\" \/>\n<meta property=\"article:modified_time\" content=\"2025-01-16T15:38:33+00:00\" \/>\n<meta property=\"og:image\" content=\"https:\/\/usa-b2.com\/wp-content\/uploads\/2025\/01\/Atlantic-City-USA-edited.png\" \/>\n\t<meta property=\"og:image:width\" content=\"789\" \/>\n\t<meta property=\"og:image:height\" content=\"444\" \/>\n\t<meta property=\"og:image:type\" content=\"image\/png\" \/>\n<meta name=\"twitter:card\" content=\"summary_large_image\" \/>\n<meta name=\"twitter:label1\" content=\"Ber\u00e4knad l\u00e4stid\" \/>\n\t<meta name=\"twitter:data1\" content=\"4 minuter\" \/>\n<script type=\"application\/ld+json\" class=\"yoast-schema-graph\">{\"@context\":\"https:\/\/schema.org\",\"@graph\":[{\"@type\":\"WebPage\",\"@id\":\"https:\/\/usa-b2.com\/sv\/roadtrip-boston-to-washington\/\",\"url\":\"https:\/\/usa-b2.com\/sv\/roadtrip-boston-to-washington\/\",\"name\":\"En roadtrip fr\u00e5n Boston till Washington - USA B2\",\"isPartOf\":{\"@id\":\"https:\/\/usa-b2.com\/sv\/#website\"},\"primaryImageOfPage\":{\"@id\":\"https:\/\/usa-b2.com\/sv\/roadtrip-boston-to-washington\/#primaryimage\"},\"image\":{\"@id\":\"https:\/\/usa-b2.com\/sv\/roadtrip-boston-to-washington\/#primaryimage\"},\"thumbnailUrl\":\"https:\/\/usa-b2.com\/wp-content\/uploads\/2025\/01\/Atlantic-City-USA-edited.png\",\"datePublished\":\"2025-01-15T12:08:05+00:00\",\"dateModified\":\"2025-01-16T15:38:33+00:00\",\"description\":\"Uppt\u00e4ck de viktigaste etapperna i en bilresa fr\u00e5n Boston till Washington: resv\u00e4gar, boende, aktiviteter och fotom\u00f6jligheter.\",\"breadcrumb\":{\"@id\":\"https:\/\/usa-b2.com\/sv\/roadtrip-boston-to-washington\/#breadcrumb\"},\"inLanguage\":\"sv-SE\",\"potentialAction\":[{\"@type\":\"ReadAction\",\"target\":[\"https:\/\/usa-b2.com\/sv\/roadtrip-boston-to-washington\/\"]}]},{\"@type\":\"ImageObject\",\"inLanguage\":\"sv-SE\",\"@id\":\"https:\/\/usa-b2.com\/sv\/roadtrip-boston-to-washington\/#primaryimage\",\"url\":\"https:\/\/usa-b2.com\/wp-content\/uploads\/2025\/01\/Atlantic-City-USA-edited.png\",\"contentUrl\":\"https:\/\/usa-b2.com\/wp-content\/uploads\/2025\/01\/Atlantic-City-USA-edited.png\"},{\"@type\":\"BreadcrumbList\",\"@id\":\"https:\/\/usa-b2.com\/sv\/roadtrip-boston-to-washington\/#breadcrumb\",\"itemListElement\":[{\"@type\":\"ListItem\",\"position\":1,\"name\":\"Accueil\",\"item\":\"https:\/\/usa-b2.com\/sv\/roadtrips-usa\/\"},{\"@type\":\"ListItem\",\"position\":2,\"name\":\"En roadtrip fr\u00e5n Boston till Washington\"}]},{\"@type\":\"WebSite\",\"@id\":\"https:\/\/usa-b2.com\/sv\/#website\",\"url\":\"https:\/\/usa-b2.com\/sv\/\",\"name\":\"USA B2 VISA\",\"description\":\"\",\"potentialAction\":[{\"@type\":\"SearchAction\",\"target\":{\"@type\":\"EntryPoint\",\"urlTemplate\":\"https:\/\/usa-b2.com\/sv\/?s={search_term_string}\"},\"query-input\":{\"@type\":\"PropertyValueSpecification\",\"valueRequired\":true,\"valueName\":\"search_term_string\"}}],\"inLanguage\":\"sv-SE\"}]}<\/script>\n<!-- \/ Yoast SEO plugin. -->","yoast_head_json":{"title":"En roadtrip fr\u00e5n Boston till Washington - USA B2","description":"Uppt\u00e4ck de viktigaste etapperna i en bilresa fr\u00e5n Boston till Washington: resv\u00e4gar, boende, aktiviteter och fotom\u00f6jligheter.","robots":{"index":"index","follow":"follow","max-snippet":"max-snippet:-1","max-image-preview":"max-image-preview:large","max-video-preview":"max-video-preview:-1"},"canonical":"https:\/\/usa-b2.com\/sv\/roadtrip-boston-to-washington\/","og_locale":"sv_SE","og_type":"article","og_title":"En roadtrip fr\u00e5n Boston till Washington - USA B2","og_description":"Uppt\u00e4ck de viktigaste etapperna i en bilresa fr\u00e5n Boston till Washington: resv\u00e4gar, boende, aktiviteter och fotom\u00f6jligheter.","og_url":"https:\/\/usa-b2.com\/sv\/roadtrip-boston-to-washington\/","og_site_name":"USA B2","article_modified_time":"2025-01-16T15:38:33+00:00","og_image":[{"width":789,"height":444,"url":"https:\/\/usa-b2.com\/wp-content\/uploads\/2025\/01\/Atlantic-City-USA-edited.png","type":"image\/png"}],"twitter_card":"summary_large_image","twitter_misc":{"Ber\u00e4knad l\u00e4stid":"4 minuter"},"schema":{"@context":"https:\/\/schema.org","@graph":[{"@type":"WebPage","@id":"https:\/\/usa-b2.com\/sv\/roadtrip-boston-to-washington\/","url":"https:\/\/usa-b2.com\/sv\/roadtrip-boston-to-washington\/","name":"En roadtrip fr\u00e5n Boston till Washington - USA B2","isPartOf":{"@id":"https:\/\/usa-b2.com\/sv\/#website"},"primaryImageOfPage":{"@id":"https:\/\/usa-b2.com\/sv\/roadtrip-boston-to-washington\/#primaryimage"},"image":{"@id":"https:\/\/usa-b2.com\/sv\/roadtrip-boston-to-washington\/#primaryimage"},"thumbnailUrl":"https:\/\/usa-b2.com\/wp-content\/uploads\/2025\/01\/Atlantic-City-USA-edited.png","datePublished":"2025-01-15T12:08:05+00:00","dateModified":"2025-01-16T15:38:33+00:00","description":"Uppt\u00e4ck de viktigaste etapperna i en bilresa fr\u00e5n Boston till Washington: resv\u00e4gar, boende, aktiviteter och fotom\u00f6jligheter.","breadcrumb":{"@id":"https:\/\/usa-b2.com\/sv\/roadtrip-boston-to-washington\/#breadcrumb"},"inLanguage":"sv-SE","potentialAction":[{"@type":"ReadAction","target":["https:\/\/usa-b2.com\/sv\/roadtrip-boston-to-washington\/"]}]},{"@type":"ImageObject","inLanguage":"sv-SE","@id":"https:\/\/usa-b2.com\/sv\/roadtrip-boston-to-washington\/#primaryimage","url":"https:\/\/usa-b2.com\/wp-content\/uploads\/2025\/01\/Atlantic-City-USA-edited.png","contentUrl":"https:\/\/usa-b2.com\/wp-content\/uploads\/2025\/01\/Atlantic-City-USA-edited.png"},{"@type":"BreadcrumbList","@id":"https:\/\/usa-b2.com\/sv\/roadtrip-boston-to-washington\/#breadcrumb","itemListElement":[{"@type":"ListItem","position":1,"name":"Accueil","item":"https:\/\/usa-b2.com\/sv\/roadtrips-usa\/"},{"@type":"ListItem","position":2,"name":"En roadtrip fr\u00e5n Boston till Washington"}]},{"@type":"WebSite","@id":"https:\/\/usa-b2.com\/sv\/#website","url":"https:\/\/usa-b2.com\/sv\/","name":"USA B2 VISA","description":"","potentialAction":[{"@type":"SearchAction","target":{"@type":"EntryPoint","urlTemplate":"https:\/\/usa-b2.com\/sv\/?s={search_term_string}"},"query-input":{"@type":"PropertyValueSpecification","valueRequired":true,"valueName":"search_term_string"}}],"inLanguage":"sv-SE"}]}},"_links":{"self":[{"href":"https:\/\/usa-b2.com\/sv\/wp-json\/wp\/v2\/pages\/6269","targetHints":{"allow":["GET"]}}],"collection":[{"href":"https:\/\/usa-b2.com\/sv\/wp-json\/wp\/v2\/pages"}],"about":[{"href":"https:\/\/usa-b2.com\/sv\/wp-json\/wp\/v2\/types\/page"}],"author":[{"embeddable":true,"href":"https:\/\/usa-b2.com\/sv\/wp-json\/wp\/v2\/users\/1"}],"replies":[{"embeddable":true,"href":"https:\/\/usa-b2.com\/sv\/wp-json\/wp\/v2\/comments?post=6269"}],"version-history":[{"count":0,"href":"https:\/\/usa-b2.com\/sv\/wp-json\/wp\/v2\/pages\/6269\/revisions"}],"wp:attachment":[{"href":"https:\/\/usa-b2.com\/sv\/wp-json\/wp\/v2\/media?parent=6269"}],"curies":[{"name":"wp","href":"https:\/\/api.w.org\/{rel}","templated":true}]}}