{"id":6230,"date":"2025-01-15T10:13:22","date_gmt":"2025-01-15T10:13:22","guid":{"rendered":"https:\/\/usa-b2.com\/blue-ridge-parkway-forenta-staterna\/"},"modified":"2025-01-21T10:35:16","modified_gmt":"2025-01-21T10:35:16","slug":"blue-ridge-parkway-forenta-staterna","status":"publish","type":"page","link":"https:\/\/usa-b2.com\/sv\/blue-ridge-parkway-forenta-staterna\/","title":{"rendered":"Uppt\u00e4ck Blue Ridge Parkway i USA"},"content":{"rendered":"\n<h1 class=\"wp-block-heading\">Hur planerar man en roadtrip p\u00e5 Blue Ridge Parkway?<\/h1>\n\n<p><a href=\"https:\/\/www.blueridgeparkway.org\/\">Blue Ridge Parkway<\/a>, med smeknamnet &#8221;America&#8217;s Favorite Drive&#8221;, \u00e4r en av de vackraste natursk\u00f6na bilv\u00e4garna i USA. Denna legendariska v\u00e4g str\u00e4cker sig n\u00e4stan 755 kilometer mellan <a href=\"https:\/\/www.virginia.org\/\">Virginia<\/a> och North Carolina och passerar genom hisnande landskap, fr\u00e5n gr\u00f6nskande berg till fridfulla dalar. Oavsett om du \u00e4r en vandringsentusiast, en ivrig fotograf eller bara letar efter lite lugn och ro, kommer den h\u00e4r omfattande guiden att ber\u00e4tta allt du beh\u00f6ver veta f\u00f6r att f\u00e5 ut det mesta av denna legendariska roadtrip.  <\/p>\n\n<figure class=\"wp-block-image size-full\"><img fetchpriority=\"high\" decoding=\"async\" width=\"597\" height=\"336\" src=\"https:\/\/usa-b2.com\/wp-content\/uploads\/2025\/01\/Blue-Ridge-Parkway-Virginie-Caroline-Nord-USA-edited.png\" alt=\"\" class=\"wp-image-6796\" srcset=\"https:\/\/usa-b2.com\/wp-content\/uploads\/2025\/01\/Blue-Ridge-Parkway-Virginie-Caroline-Nord-USA-edited.png 597w, https:\/\/usa-b2.com\/wp-content\/uploads\/2025\/01\/Blue-Ridge-Parkway-Virginie-Caroline-Nord-USA-edited-300x169.png 300w\" sizes=\"(max-width: 597px) 100vw, 597px\" \/><\/figure>\n\n<h2 class=\"wp-block-heading\">Uppt\u00e4ck Blue Ridge Parkway<\/h2>\n\n<h3 class=\"wp-block-heading\">F\u00e5r inte missas<\/h3>\n\n<ul class=\"wp-block-list\">\n<li><strong>Milstolpe 0<\/strong>: Afton Overlook (Virginia): En spektakul\u00e4r f\u00f6rsta glimt av de omgivande bergen.<\/li>\n\n\n\n<li><strong>Milepost 85<\/strong>: Peaks of Otter: Tillg\u00e4ngliga vandringsleder och en pittoresk sj\u00f6 som \u00e4r perfekt f\u00f6r en picknick.<\/li>\n\n\n\n<li><strong>Milstolpe 316<\/strong>: Linville Falls, North Carolina: Ett imponerande vattenfall, perfekt f\u00f6r fotoentusiaster.<\/li>\n\n\n\n<li><strong>Milepost 469<\/strong>: Cherokee: Slutet p\u00e5 Parkway, n\u00e4ra Great Smoky Mountains National Park.<\/li>\n<\/ul>\n\n<h3 class=\"wp-block-heading\">De varierande landskapen l\u00e4ngs rutten<\/h3>\n\n<p>Blue Ridge Parkway erbjuder en m\u00e5ngfald av vyer, fr\u00e5n de t\u00e4ta skogarna i Virginia till de karga topparna i North Carolina. P\u00e5 h\u00f6sten lockar de vackra l\u00f6vverken bes\u00f6kare fr\u00e5n hela v\u00e4rlden, och p\u00e5 v\u00e5ren \u00e4r det vildblommorna som t\u00e4cker v\u00e4gkanterna. Tunnlar som sk\u00e4rs ut i bergen ger en pittoresk touch till upplevelsen.  <\/p>\n\n<h2 class=\"wp-block-heading\">Var man kan bo: Boende och strategiska st\u00e4der<\/h2>\n\n<h3 class=\"wp-block-heading\">F\u00f6redragna mellanlandningsst\u00e4der<\/h3>\n\n<ul class=\"wp-block-list\">\n<li><strong><a href=\"https:\/\/www.roanokeva.gov\/148\/Visitors-Tourism\">Roanoke<\/a> (Virginia)<\/strong>: Den h\u00e4r staden \u00e4r idealisk f\u00f6r att utforska den norra delen av Parkway och erbjuder bekv\u00e4ma hotell och en livlig restaurangverksamhet.<\/li>\n\n\n\n<li><strong><a href=\"https:\/\/www.exploreasheville.com\/\">Asheville<\/a> (North Carolina) <\/strong>: Ett m\u00e5ste f\u00f6r alla som \u00e4lskar konst, musik och lokal mat.<\/li>\n\n\n\n<li><strong><a href=\"https:\/\/blowingrock.com\/\">Blowing Rock<\/a> (North Carolina):<\/strong> En charmig liten stad som \u00e4r k\u00e4nd f\u00f6r sina butiker, restauranger och sin bergsatmosf\u00e4r.<\/li>\n<\/ul>\n\n<h3 class=\"wp-block-heading\">Boende i och runt Parkway<\/h3>\n\n<ul class=\"wp-block-list\">\n<li><strong>Historiska loger<\/strong>: <a href=\"https:\/\/www.peaksofotter.com\/\">Peaks of Otter Lodge<\/a> och Pisgah Inn erbjuder autentiska milj\u00f6er och hisnande vyer.<\/li>\n\n\n\n<li><strong>Camping<\/strong>: V\u00e4lutrustade campingplatser, som Doughton Park, erbjuder total uppslukning av naturen.<\/li>\n<\/ul>\n\n<h2 class=\"wp-block-heading\">Rekommenderad 5-dagars resplan<\/h2>\n\n<figure class=\"wp-block-table\"><table class=\"has-fixed-layout\"><tbody><tr><td class=\"has-text-align-center\" data-align=\"center\"><strong>Dag<\/strong><\/td><td class=\"has-text-align-center\" data-align=\"center\"><strong>Sektion<\/strong><\/td><td class=\"has-text-align-center\" data-align=\"center\"><strong>Huvudsakliga aktiviteter<\/strong><\/td><td class=\"has-text-align-center\" data-align=\"center\"><strong>F\u00f6rslag p\u00e5 boende<\/strong><\/td><\/tr><tr><td class=\"has-text-align-center\" data-align=\"center\">1<\/td><td class=\"has-text-align-center\" data-align=\"center\">Afton till Roanoke<\/td><td class=\"has-text-align-center\" data-align=\"center\">Afton Overlook, Humpback Rock<\/td><td class=\"has-text-align-center\" data-align=\"center\">Roanoke<\/td><\/tr><tr><td class=\"has-text-align-center\" data-align=\"center\">2<\/td><td class=\"has-text-align-center\" data-align=\"center\">Roanoke till Blowing Rock<\/td><td class=\"has-text-align-center\" data-align=\"center\">Rock Peaks of Otter, Mabry Mill<\/td><td class=\"has-text-align-center\" data-align=\"center\">Blowing Rock<\/td><\/tr><tr><td class=\"has-text-align-center\" data-align=\"center\">3<\/td><td class=\"has-text-align-center\" data-align=\"center\">Blowing Rock i Asheville<\/td><td class=\"has-text-align-center\" data-align=\"center\">Linville Falls, Grandfather Mountain<\/td><td class=\"has-text-align-center\" data-align=\"center\">Asheville<\/td><\/tr><tr><td class=\"has-text-align-center\" data-align=\"center\">4<\/td><td class=\"has-text-align-center\" data-align=\"center\">Asheville till Mount Pisgah<\/td><td class=\"has-text-align-center\" data-align=\"center\">Pisgah Inn, Craggy Gardens<\/td><td class=\"has-text-align-center\" data-align=\"center\">Pisgah Inn<\/td><\/tr><tr><td class=\"has-text-align-center\" data-align=\"center\">5<\/td><td class=\"has-text-align-center\" data-align=\"center\">Mount Pisgah i <a href=\"https:\/\/visitcherokeenc.com\/\">Cherokee<\/a><\/td><td class=\"has-text-align-center\" data-align=\"center\">Waterrock Knob, Cherokee<\/td><td class=\"has-text-align-center\" data-align=\"center\">Cherokee<\/td><\/tr><\/tbody><\/table><\/figure>\n\n<p><br\/>Denna resplan g\u00f6r att du kan uppt\u00e4cka h\u00f6jdpunkterna i Parkway samtidigt som du balanserar utforskning och avkoppling.<\/p>\n\n<h2 class=\"wp-block-heading\">Instagrammbara fotoplatser<\/h2>\n\n<h3 class=\"wp-block-heading\">De perfekta landskapen f\u00f6r dina bilder<\/h3>\n\n<p>Blue Ridge Parkway \u00e4r full av fotogeniska platser. Dessa inkluderar: <\/p>\n\n<ul class=\"wp-block-list\">\n<li><strong>Craggy Gardens (milstolpe 364)<\/strong>: F\u00e4rgstarka vyer, s\u00e4rskilt p\u00e5 v\u00e5ren.<\/li>\n\n\n\n<li><strong>Mabry Mill (milstolpe 176)<\/strong>: En gammal kvarnsten omgiven av bukoliskt landskap, perfekt f\u00f6r rustika foton.<\/li>\n\n\n\n<li><strong>Waterrock Knob (milstolpe 451)<\/strong>: En spektakul\u00e4r utsikt vid solnedg\u00e5ngen.<\/li>\n<\/ul>\n\n<h3 class=\"wp-block-heading\">Tips f\u00f6r att f\u00f6reviga Parkway<\/h3>\n\n<p>F\u00f6r att f\u00e5 de b\u00e4sta bilderna b\u00f6r du fokusera p\u00e5 soluppg\u00e5ngar och solnedg\u00e5ngar, n\u00e4r ljuset \u00e4r mjukt och f\u00e4rgerna levande. Gl\u00f6m inte att f\u00e5nga de ikoniska tunnlarna och de slingrande kurvorna p\u00e5 v\u00e4gen. <\/p>\n\n<h2 class=\"wp-block-heading\">Aktiviteter enligt din typ av resa<\/h2>\n\n<h3 class=\"wp-block-heading\">F\u00f6r par: romantiska stunder<\/h3>\n\n<ul class=\"wp-block-list\">\n<li><strong>Lugna promenader och utsiktsplatser<\/strong>: Stigar som Flat Top Trail vid Peaks of Otter erbjuder stunder av lugn och ro f\u00f6r tv\u00e5.<\/li>\n\n\n\n<li><strong>Lokala provsmakningar <\/strong>: I Asheville kan du avnjuta regionala r\u00e4tter och viner i en v\u00e4nlig atmosf\u00e4r.<\/li>\n\n\n\n<li><strong>Stj\u00e4rnsk\u00e5dning<\/strong>: Parkways l\u00e5ga ljusf\u00f6roreningar g\u00f6r det till en idealisk plats f\u00f6r att betrakta Vintergatan.<\/li>\n<\/ul>\n\n<h3 class=\"wp-block-heading\">Med familjen: barnv\u00e4nliga \u00e4ventyr<\/h3>\n\n<ul class=\"wp-block-list\">\n<li><strong>Utbildningsaktiviteter<\/strong>: Bes\u00f6kscentra som Humpback Rocks erbjuder interaktiva program f\u00f6r barn.<\/li>\n\n\n\n<li><strong>Tillg\u00e4ngliga promenader <\/strong>: Linville Falls Trail \u00e4r kort och enkel, perfekt f\u00f6r familjer med sm\u00e5 barn.<\/li>\n\n\n\n<li><strong>Picknick utomhus<\/strong>: Flera omr\u00e5den l\u00e4ngs Parkway, till exempel Doughton Park, \u00e4r idealiska f\u00f6r en m\u00e5ltid i det fria.<\/li>\n<\/ul>\n\n<p>Blue Ridge Parkway \u00e4r mycket mer \u00e4n bara en v\u00e4g: det \u00e4r en uppslukande upplevelse i hj\u00e4rtat av Amerikas naturliga sk\u00f6nhet. Oavsett om du \u00e4r ute efter \u00e4ventyr, avkoppling eller familjeminnen kommer den h\u00e4r resan att ge dig of\u00f6rgl\u00f6mliga bilder och upplevelser. Planera din resv\u00e4g, ge dig ut p\u00e5 v\u00e4garna och l\u00e5t dig f\u00f6rtrollas av Blue Ridge Mountains underverk.  <\/p>\n","protected":false},"excerpt":{"rendered":"<p>Hur planerar man en roadtrip p\u00e5 Blue Ridge Parkway? Blue Ridge Parkway, med smeknamnet &#8221;America&#8217;s Favorite Drive&#8221;, \u00e4r en av de vackraste natursk\u00f6na bilv\u00e4garna i USA. Denna legendariska v\u00e4g str\u00e4cker sig n\u00e4stan 755 kilometer mellan Virginia och North Carolina och passerar genom hisnande landskap, fr\u00e5n gr\u00f6nskande berg till fridfulla dalar. Oavsett om du \u00e4r en [&hellip;]<\/p>\n","protected":false},"author":1,"featured_media":0,"parent":0,"menu_order":0,"comment_status":"closed","ping_status":"closed","template":"","meta":{"footnotes":""},"class_list":["post-6230","page","type-page","status-publish","hentry"],"yoast_head":"<!-- This site is optimized with the Yoast SEO plugin v27.4 - https:\/\/yoast.com\/product\/yoast-seo-wordpress\/ -->\n<title>Uppt\u00e4ck Blue Ridge Parkway i USA - USA B2<\/title>\n<meta name=\"description\" content=\"Uppt\u00e4ck Blue Ridge Parkway: resv\u00e4gar, det b\u00e4sta boendet, fotoplatser och aktiviteter f\u00f6r par och familjer!\" \/>\n<meta name=\"robots\" content=\"index, follow, max-snippet:-1, max-image-preview:large, max-video-preview:-1\" \/>\n<link rel=\"canonical\" href=\"https:\/\/usa-b2.com\/sv\/blue-ridge-parkway-forenta-staterna\/\" \/>\n<meta property=\"og:locale\" content=\"sv_SE\" \/>\n<meta property=\"og:type\" content=\"article\" \/>\n<meta property=\"og:title\" content=\"Uppt\u00e4ck Blue Ridge Parkway i USA - USA B2\" \/>\n<meta property=\"og:description\" content=\"Uppt\u00e4ck Blue Ridge Parkway: resv\u00e4gar, det b\u00e4sta boendet, fotoplatser och aktiviteter f\u00f6r par och familjer!\" \/>\n<meta property=\"og:url\" content=\"https:\/\/usa-b2.com\/sv\/blue-ridge-parkway-forenta-staterna\/\" \/>\n<meta property=\"og:site_name\" content=\"USA B2\" \/>\n<meta property=\"article:modified_time\" content=\"2025-01-21T10:35:16+00:00\" \/>\n<meta property=\"og:image\" content=\"https:\/\/usa-b2.com\/wp-content\/uploads\/2025\/01\/Blue-Ridge-Parkway-Virginie-Caroline-Nord-USA-edited.png\" \/>\n\t<meta property=\"og:image:width\" content=\"597\" \/>\n\t<meta property=\"og:image:height\" content=\"336\" \/>\n\t<meta property=\"og:image:type\" content=\"image\/png\" \/>\n<meta name=\"twitter:card\" content=\"summary_large_image\" \/>\n<meta name=\"twitter:label1\" content=\"Ber\u00e4knad l\u00e4stid\" \/>\n\t<meta name=\"twitter:data1\" content=\"4 minuter\" \/>\n<script type=\"application\/ld+json\" class=\"yoast-schema-graph\">{\"@context\":\"https:\\\/\\\/schema.org\",\"@graph\":[{\"@type\":\"WebPage\",\"@id\":\"https:\\\/\\\/usa-b2.com\\\/sv\\\/blue-ridge-parkway-forenta-staterna\\\/\",\"url\":\"https:\\\/\\\/usa-b2.com\\\/sv\\\/blue-ridge-parkway-forenta-staterna\\\/\",\"name\":\"Uppt\u00e4ck Blue Ridge Parkway i USA - USA B2\",\"isPartOf\":{\"@id\":\"https:\\\/\\\/usa-b2.com\\\/sv\\\/#website\"},\"primaryImageOfPage\":{\"@id\":\"https:\\\/\\\/usa-b2.com\\\/sv\\\/blue-ridge-parkway-forenta-staterna\\\/#primaryimage\"},\"image\":{\"@id\":\"https:\\\/\\\/usa-b2.com\\\/sv\\\/blue-ridge-parkway-forenta-staterna\\\/#primaryimage\"},\"thumbnailUrl\":\"https:\\\/\\\/usa-b2.com\\\/wp-content\\\/uploads\\\/2025\\\/01\\\/Blue-Ridge-Parkway-Virginie-Caroline-Nord-USA-edited.png\",\"datePublished\":\"2025-01-15T10:13:22+00:00\",\"dateModified\":\"2025-01-21T10:35:16+00:00\",\"description\":\"Uppt\u00e4ck Blue Ridge Parkway: resv\u00e4gar, det b\u00e4sta boendet, fotoplatser och aktiviteter f\u00f6r par och familjer!\",\"breadcrumb\":{\"@id\":\"https:\\\/\\\/usa-b2.com\\\/sv\\\/blue-ridge-parkway-forenta-staterna\\\/#breadcrumb\"},\"inLanguage\":\"sv-SE\",\"potentialAction\":[{\"@type\":\"ReadAction\",\"target\":[\"https:\\\/\\\/usa-b2.com\\\/sv\\\/blue-ridge-parkway-forenta-staterna\\\/\"]}]},{\"@type\":\"ImageObject\",\"inLanguage\":\"sv-SE\",\"@id\":\"https:\\\/\\\/usa-b2.com\\\/sv\\\/blue-ridge-parkway-forenta-staterna\\\/#primaryimage\",\"url\":\"https:\\\/\\\/usa-b2.com\\\/wp-content\\\/uploads\\\/2025\\\/01\\\/Blue-Ridge-Parkway-Virginie-Caroline-Nord-USA-edited.png\",\"contentUrl\":\"https:\\\/\\\/usa-b2.com\\\/wp-content\\\/uploads\\\/2025\\\/01\\\/Blue-Ridge-Parkway-Virginie-Caroline-Nord-USA-edited.png\"},{\"@type\":\"BreadcrumbList\",\"@id\":\"https:\\\/\\\/usa-b2.com\\\/sv\\\/blue-ridge-parkway-forenta-staterna\\\/#breadcrumb\",\"itemListElement\":[{\"@type\":\"ListItem\",\"position\":1,\"name\":\"Accueil\",\"item\":\"https:\\\/\\\/usa-b2.com\\\/sv\\\/usa\\\/\"},{\"@type\":\"ListItem\",\"position\":2,\"name\":\"Uppt\u00e4ck Blue Ridge Parkway i USA\"}]},{\"@type\":\"WebSite\",\"@id\":\"https:\\\/\\\/usa-b2.com\\\/sv\\\/#website\",\"url\":\"https:\\\/\\\/usa-b2.com\\\/sv\\\/\",\"name\":\"USA B2 VISA\",\"description\":\"\",\"potentialAction\":[{\"@type\":\"SearchAction\",\"target\":{\"@type\":\"EntryPoint\",\"urlTemplate\":\"https:\\\/\\\/usa-b2.com\\\/sv\\\/?s={search_term_string}\"},\"query-input\":{\"@type\":\"PropertyValueSpecification\",\"valueRequired\":true,\"valueName\":\"search_term_string\"}}],\"inLanguage\":\"sv-SE\"}]}<\/script>\n<!-- \/ Yoast SEO plugin. -->","yoast_head_json":{"title":"Uppt\u00e4ck Blue Ridge Parkway i USA - USA B2","description":"Uppt\u00e4ck Blue Ridge Parkway: resv\u00e4gar, det b\u00e4sta boendet, fotoplatser och aktiviteter f\u00f6r par och familjer!","robots":{"index":"index","follow":"follow","max-snippet":"max-snippet:-1","max-image-preview":"max-image-preview:large","max-video-preview":"max-video-preview:-1"},"canonical":"https:\/\/usa-b2.com\/sv\/blue-ridge-parkway-forenta-staterna\/","og_locale":"sv_SE","og_type":"article","og_title":"Uppt\u00e4ck Blue Ridge Parkway i USA - USA B2","og_description":"Uppt\u00e4ck Blue Ridge Parkway: resv\u00e4gar, det b\u00e4sta boendet, fotoplatser och aktiviteter f\u00f6r par och familjer!","og_url":"https:\/\/usa-b2.com\/sv\/blue-ridge-parkway-forenta-staterna\/","og_site_name":"USA B2","article_modified_time":"2025-01-21T10:35:16+00:00","og_image":[{"width":597,"height":336,"url":"https:\/\/usa-b2.com\/wp-content\/uploads\/2025\/01\/Blue-Ridge-Parkway-Virginie-Caroline-Nord-USA-edited.png","type":"image\/png"}],"twitter_card":"summary_large_image","twitter_misc":{"Ber\u00e4knad l\u00e4stid":"4 minuter"},"schema":{"@context":"https:\/\/schema.org","@graph":[{"@type":"WebPage","@id":"https:\/\/usa-b2.com\/sv\/blue-ridge-parkway-forenta-staterna\/","url":"https:\/\/usa-b2.com\/sv\/blue-ridge-parkway-forenta-staterna\/","name":"Uppt\u00e4ck Blue Ridge Parkway i USA - USA B2","isPartOf":{"@id":"https:\/\/usa-b2.com\/sv\/#website"},"primaryImageOfPage":{"@id":"https:\/\/usa-b2.com\/sv\/blue-ridge-parkway-forenta-staterna\/#primaryimage"},"image":{"@id":"https:\/\/usa-b2.com\/sv\/blue-ridge-parkway-forenta-staterna\/#primaryimage"},"thumbnailUrl":"https:\/\/usa-b2.com\/wp-content\/uploads\/2025\/01\/Blue-Ridge-Parkway-Virginie-Caroline-Nord-USA-edited.png","datePublished":"2025-01-15T10:13:22+00:00","dateModified":"2025-01-21T10:35:16+00:00","description":"Uppt\u00e4ck Blue Ridge Parkway: resv\u00e4gar, det b\u00e4sta boendet, fotoplatser och aktiviteter f\u00f6r par och familjer!","breadcrumb":{"@id":"https:\/\/usa-b2.com\/sv\/blue-ridge-parkway-forenta-staterna\/#breadcrumb"},"inLanguage":"sv-SE","potentialAction":[{"@type":"ReadAction","target":["https:\/\/usa-b2.com\/sv\/blue-ridge-parkway-forenta-staterna\/"]}]},{"@type":"ImageObject","inLanguage":"sv-SE","@id":"https:\/\/usa-b2.com\/sv\/blue-ridge-parkway-forenta-staterna\/#primaryimage","url":"https:\/\/usa-b2.com\/wp-content\/uploads\/2025\/01\/Blue-Ridge-Parkway-Virginie-Caroline-Nord-USA-edited.png","contentUrl":"https:\/\/usa-b2.com\/wp-content\/uploads\/2025\/01\/Blue-Ridge-Parkway-Virginie-Caroline-Nord-USA-edited.png"},{"@type":"BreadcrumbList","@id":"https:\/\/usa-b2.com\/sv\/blue-ridge-parkway-forenta-staterna\/#breadcrumb","itemListElement":[{"@type":"ListItem","position":1,"name":"Accueil","item":"https:\/\/usa-b2.com\/sv\/usa\/"},{"@type":"ListItem","position":2,"name":"Uppt\u00e4ck Blue Ridge Parkway i USA"}]},{"@type":"WebSite","@id":"https:\/\/usa-b2.com\/sv\/#website","url":"https:\/\/usa-b2.com\/sv\/","name":"USA B2 VISA","description":"","potentialAction":[{"@type":"SearchAction","target":{"@type":"EntryPoint","urlTemplate":"https:\/\/usa-b2.com\/sv\/?s={search_term_string}"},"query-input":{"@type":"PropertyValueSpecification","valueRequired":true,"valueName":"search_term_string"}}],"inLanguage":"sv-SE"}]}},"_links":{"self":[{"href":"https:\/\/usa-b2.com\/sv\/wp-json\/wp\/v2\/pages\/6230","targetHints":{"allow":["GET"]}}],"collection":[{"href":"https:\/\/usa-b2.com\/sv\/wp-json\/wp\/v2\/pages"}],"about":[{"href":"https:\/\/usa-b2.com\/sv\/wp-json\/wp\/v2\/types\/page"}],"author":[{"embeddable":true,"href":"https:\/\/usa-b2.com\/sv\/wp-json\/wp\/v2\/users\/1"}],"replies":[{"embeddable":true,"href":"https:\/\/usa-b2.com\/sv\/wp-json\/wp\/v2\/comments?post=6230"}],"version-history":[{"count":0,"href":"https:\/\/usa-b2.com\/sv\/wp-json\/wp\/v2\/pages\/6230\/revisions"}],"wp:attachment":[{"href":"https:\/\/usa-b2.com\/sv\/wp-json\/wp\/v2\/media?parent=6230"}],"curies":[{"name":"wp","href":"https:\/\/api.w.org\/{rel}","templated":true}]}}