{"id":6196,"date":"2025-01-15T09:49:43","date_gmt":"2025-01-15T09:49:43","guid":{"rendered":"https:\/\/usa-b2.com\/oken-nevada-amerikanska-forenta-staterna\/"},"modified":"2025-01-21T10:47:34","modified_gmt":"2025-01-21T10:47:34","slug":"oken-nevada-amerikanska-forenta-staterna","status":"publish","type":"page","link":"https:\/\/usa-b2.com\/sv\/oken-nevada-amerikanska-forenta-staterna\/","title":{"rendered":"Korsar Nevada\u00f6knen till Kalifornien"},"content":{"rendered":"\n<h1 class=\"wp-block-heading\">Vilka \u00e4r de b\u00e4sta v\u00e4garna f\u00f6r att utforska Nevada\u00f6knen?<\/h1>\n\n<p>\u00d6knarna i Nevada och Kalifornien fascinerar bes\u00f6kare med sina torra landskap, spektakul\u00e4ra klippformationer och ikoniska platser som <a href=\"https:\/\/www.nps.gov\/deva\/index.htm\">Death Valley<\/a>, <a href=\"https:\/\/www.redrockcanyonlv.org\/\">Red Rock Canyon<\/a> och Joshua Tree. Detta vidstr\u00e4ckta territorium erbjuder en unik upplevelse f\u00f6r \u00e4lskare av natur, \u00e4ventyr och ovanliga uppt\u00e4ckter. I den h\u00e4r guiden hj\u00e4lper vi dig att planera en of\u00f6rgl\u00f6mlig resa: resv\u00e4gar, boende, fotom\u00f6jligheter och aktiviteter som passar alla typer av resen\u00e4rer. G\u00f6r dig redo att kasta dig in i hj\u00e4rtat av den amerikanska \u00f6knen!   <\/p>\n\n<h2 class=\"wp-block-heading\">Uppt\u00e4ck \u00f6knen: ikoniska platser och unika landskap<\/h2>\n\n<h3 class=\"wp-block-heading\">Sev\u00e4rdheter i Nevadas och Kaliforniens \u00f6knar<\/h3>\n\n<h4 class=\"wp-block-heading\">Death Valley: en extrem \u00f6ken<\/h4>\n\n<p>Death Valley, USA:s hetaste nationalpark, \u00e4r k\u00e4nd f\u00f6r sina m\u00e5nlandskap. Missa inte <strong>Badwater Basin<\/strong>, den l\u00e4gsta punkten i Nordamerika, och <strong>Zabriskie Point<\/strong>, en popul\u00e4r plats f\u00f6r att beundra soluppg\u00e5ngens f\u00e4rger. <\/p>\n\n<h4 class=\"wp-block-heading\">Red Rock Canyon: natur och kl\u00e4ttring<\/h4>\n\n<p><strong>Red Rock Canyon<\/strong> ligger bara n\u00e5gra kilometer fr\u00e5n Las Vegas och \u00e4r k\u00e4nt f\u00f6r sina imponerande r\u00f6da klippor och vandringsleder. Det \u00e4r ocks\u00e5 ett m\u00e5ste f\u00f6r kl\u00e4ttringsentusiaster. <\/p>\n\n<h4 class=\"wp-block-heading\">Joshua Tree: mellan Mojave\u00f6knen och Colorado<\/h4>\n\n<p><strong>Joshua Tree<\/strong> National Park \u00e4r en unik blandning av \u00f6kenlandskap och klippformationer. Joshua-tr\u00e4den som finns i parken skapar en magisk atmosf\u00e4r, s\u00e4rskilt vid solnedg\u00e5ngen. <\/p>\n\n<h3 class=\"wp-block-heading\">Landskap och intressanta platser att utforska<\/h3>\n\n<h4 class=\"wp-block-heading\">Dynor och torra sj\u00f6ar<\/h4>\n\n<p><strong>Sanddynerna Mesquite Flat<\/strong> i Death Valley \u00e4r den perfekta lekplatsen f\u00f6r fotografer och alla som \u00e4lskar dramatiska landskap. Inte l\u00e5ngt d\u00e4rifr\u00e5n fascinerar <strong>Racetrack Playa<\/strong> med sina skiftande stenar, drivna av vind och is. <\/p>\n\n<h4 class=\"wp-block-heading\">Natursk\u00f6na v\u00e4gar att uppt\u00e4cka<\/h4>\n\n<p>Scenic Byway 160 mellan Las Vegas och Pahrump och <strong>Route 190<\/strong> genom Death Valley erbjuder spektakul\u00e4ra vyer. Stanna till vid utkiksplatserna f\u00f6r att njuta av landskapet till fullo. <\/p>\n\n<h2 class=\"wp-block-heading\">Var man kan bo: Boende och strategiska st\u00e4der<\/h2>\n\n<h3 class=\"wp-block-heading\">St\u00e4der som m\u00e5ste ses p\u00e5 v\u00e4gen<\/h3>\n\n<h4 class=\"wp-block-heading\">Las Vegas: en livlig, praktisk bas<\/h4>\n\n<p><a href=\"https:\/\/www.visitlasvegas.com\/fr-ca\/\">Las Vegas<\/a> \u00e4r en idealisk bas f\u00f6r att utforska \u00f6knen. Med sina lyxhotell och restauranger \u00e4r det ocks\u00e5 den perfekta platsen att koppla av efter en dags utforskande. <\/p>\n\n<h4 class=\"wp-block-heading\">Barstow och Ridgecrest: portar till \u00f6knen<\/h4>\n\n<p>Dessa sm\u00e5st\u00e4der erbjuder prisv\u00e4rt boende och \u00e4r strategiskt bel\u00e4gna f\u00f6r att utforska Death Valley och Mojave National Preserve.<\/p>\n\n<h3 class=\"wp-block-heading\">Att stanna kvar i \u00f6knen<\/h3>\n\n<h4 class=\"wp-block-heading\">Lodger i parkerna<\/h4>\n\n<p>Alternativ som till exempel <strong><a href=\"https:\/\/www.oasisatdeathvalley.com\/lodging\/the-ranch-at-death-valley\/\">Oasis vid Death Valley<\/a><\/strong> g\u00f6r att du kan njuta av moderna bekv\u00e4mligheter samtidigt som du \u00e4r kvar i hj\u00e4rtat av naturen.<\/p>\n\n<h4 class=\"wp-block-heading\">Campingplatser: total f\u00f6rdjupning<\/h4>\n\n<p>Campingplatserna i Joshua Tree och Death Valley erbjuder en autentisk upplevelse f\u00f6r friluftsentusiaster. Se till att du har r\u00e4tt utrustning f\u00f6r f\u00f6rh\u00e5llandena i \u00f6knen. <\/p>\n\n<h2 class=\"wp-block-heading\">Rekommenderad resv\u00e4g : Uppt\u00e4ck \u00f6knen p\u00e5 7 dagar<br\/><\/h2>\n\n<figure class=\"wp-block-table\"><table class=\"has-fixed-layout\"><tbody><tr><td class=\"has-text-align-center\" data-align=\"center\"><strong>Dag<\/strong><\/td><td class=\"has-text-align-center\" data-align=\"center\"><strong>Destination<\/strong><\/td><td class=\"has-text-align-center\" data-align=\"center\"><strong>Huvudsakliga aktiviteter<\/strong><\/td><td class=\"has-text-align-center\" data-align=\"center\"><strong>F\u00f6rslag p\u00e5 boende<\/strong><\/td><\/tr><tr><td class=\"has-text-align-center\" data-align=\"center\">1<\/td><td class=\"has-text-align-center\" data-align=\"center\">Las Vegas<\/td><td class=\"has-text-align-center\" data-align=\"center\">Red Rock Canyon, en kv\u00e4ll i Las Vegas<\/td><td class=\"has-text-align-center\" data-align=\"center\">Las Vegas<\/td><\/tr><tr><td class=\"has-text-align-center\" data-align=\"center\">2<\/td><td class=\"has-text-align-center\" data-align=\"center\">D\u00f6dsdalen<\/td><td class=\"has-text-align-center\" data-align=\"center\">Badwater Basin, Zabriskie Point<\/td><td class=\"has-text-align-center\" data-align=\"center\">Furnace Creek<\/td><\/tr><tr><td class=\"has-text-align-center\" data-align=\"center\">3<\/td><td class=\"has-text-align-center\" data-align=\"center\">D\u00f6dsdalen<\/td><td class=\"has-text-align-center\" data-align=\"center\">Mesquite Flat Dunes, konstn\u00e4rens palett<\/td><td class=\"has-text-align-center\" data-align=\"center\">Furnace Creek<\/td><\/tr><tr><td class=\"has-text-align-center\" data-align=\"center\">4<\/td><td class=\"has-text-align-center\" data-align=\"center\">Mojave National Preserve<\/td><td class=\"has-text-align-center\" data-align=\"center\">Kelso Dunes, h\u00e5l-i-v\u00e4ggen<\/td><td class=\"has-text-align-center\" data-align=\"center\">Barstow<\/td><\/tr><tr><td class=\"has-text-align-center\" data-align=\"center\">5<\/td><td class=\"has-text-align-center\" data-align=\"center\">Joshua Tree<\/td><td class=\"has-text-align-center\" data-align=\"center\">Hidden Valley, Barker Dam Trail<\/td><td class=\"has-text-align-center\" data-align=\"center\">Joshua Tree<\/td><\/tr><tr><td class=\"has-text-align-center\" data-align=\"center\">6<\/td><td class=\"has-text-align-center\" data-align=\"center\">Joshua Tree<\/td><td class=\"has-text-align-center\" data-align=\"center\">Utsikt \u00f6ver nycklar, Skull Rock<\/td><td class=\"has-text-align-center\" data-align=\"center\">Joshua Tree<\/td><\/tr><tr><td class=\"has-text-align-center\" data-align=\"center\">7<\/td><td class=\"has-text-align-center\" data-align=\"center\">Tillbaka till Las Vegas<\/td><td class=\"has-text-align-center\" data-align=\"center\">Natursk\u00f6n v\u00e4g, avkoppling<\/td><td class=\"has-text-align-center\" data-align=\"center\">Las Vegas<\/td><\/tr><\/tbody><\/table><\/figure>\n\n<p><br\/>Denna resv\u00e4g kombinerar utforskningen av ikoniska landskap med v\u00e4lf\u00f6rtj\u00e4nta stunder av vila.<\/p>\n\n<h2 class=\"wp-block-heading\">Instagrammbara fotoplatser<\/h2>\n\n<h3 class=\"wp-block-heading\">De perfekta landskapen f\u00f6r dina bilder<\/h3>\n\n<h4 class=\"wp-block-heading\">Zabriskie Point: soluppg\u00e5ng \u00f6ver de gyllene kullarna<\/h4>\n\n<p>Denna ikoniska utsiktsplats i Death Valley erbjuder spektakul\u00e4ra panoramabilder, s\u00e4rskilt magiska vid soluppg\u00e5ngen.<\/p>\n\n<h4 class=\"wp-block-heading\">Joshua Tree: Joshua-tr\u00e4d och klippformationer<\/h4>\n\n<p>Nationalparken \u00e4r full av fotogeniska platser, till exempel Skull Rock och Cholla Cactus Garden, perfekta f\u00f6r originella bilder.<\/p>\n\n<h4 class=\"wp-block-heading\">Red Rock Canyon: sl\u00e5ende kontraster<\/h4>\n\n<p>Med sina r\u00f6da klippor och \u00f6kenstigar \u00e4r Red Rock Canyon en toppdestination f\u00f6r fotoentusiaster.<\/p>\n\n<h2 class=\"wp-block-heading\">Aktiviteter enligt din typ av resa<\/h2>\n\n<h3 class=\"wp-block-heading\">F\u00f6r par: romantiska stunder<\/h3>\n\n<h4 class=\"wp-block-heading\">Solnedg\u00e5ngar i \u00f6knen<\/h4>\n\n<p>Utsiktsplatser som <strong>Keys<\/strong> View i Joshua Tree eller <strong>Dante&#8217;s View<\/strong> i Death Valley erbjuder hisnande solnedg\u00e5ngar, perfekt f\u00f6r en romantisk stund.<\/p>\n\n<h4 class=\"wp-block-heading\">Avkoppling under stj\u00e4rnorna<\/h4>\n\n<p>\u00d6knen \u00e4r perfekt f\u00f6r stj\u00e4rnsk\u00e5dning. Joshua Tree \u00e4r s\u00e4rskilt popul\u00e4rt f\u00f6r sin klara himmel och sina lugna kv\u00e4llar. <\/p>\n\n<h3 class=\"wp-block-heading\">Med familjen: barnv\u00e4nliga \u00e4ventyr<\/h3>\n\n<h4 class=\"wp-block-heading\">Pedagogiska utforskningar<\/h4>\n\n<p>Death Valley <strong>Visitor Centre<\/strong> erbjuder interaktiva utst\u00e4llningar om \u00f6knens historia och geologi.<\/p>\n\n<h4 class=\"wp-block-heading\">L\u00e4ttvandrade promenader<\/h4>\n\n<p>Leder som <strong>Hidden Valley Trail<\/strong> i Joshua Tree och <strong>Badwater Basin Boardwalk<\/strong> i Death Valley \u00e4r tillg\u00e4ngliga och l\u00e4mpliga f\u00f6r barn.<\/p>\n\n<p>\u00d6knarna i Nevada och Kalifornien erbjuder en unik upplevelse som kombinerar \u00e4ventyr, avkoppling och uppt\u00e4ckter. Oavsett om du letar efter imponerande landskap, lugna stunder eller familjeaktiviteter kommer dessa \u00f6kenregioner att f\u00f6rv\u00e5na dig. Planera din resv\u00e4g och ge dig iv\u00e4g f\u00f6r att utforska dessa underverk i den amerikanska sydv\u00e4stern!  <\/p>\n","protected":false},"excerpt":{"rendered":"<p>Vilka \u00e4r de b\u00e4sta v\u00e4garna f\u00f6r att utforska Nevada\u00f6knen? \u00d6knarna i Nevada och Kalifornien fascinerar bes\u00f6kare med sina torra landskap, spektakul\u00e4ra klippformationer och ikoniska platser som Death Valley, Red Rock Canyon och Joshua Tree. Detta vidstr\u00e4ckta territorium erbjuder en unik upplevelse f\u00f6r \u00e4lskare av natur, \u00e4ventyr och ovanliga uppt\u00e4ckter. I den h\u00e4r guiden hj\u00e4lper vi [&hellip;]<\/p>\n","protected":false},"author":1,"featured_media":0,"parent":0,"menu_order":0,"comment_status":"closed","ping_status":"closed","template":"","meta":{"footnotes":""},"class_list":["post-6196","page","type-page","status-publish","hentry"],"yoast_head":"<!-- This site is optimized with the Yoast SEO plugin v27.4 - https:\/\/yoast.com\/product\/yoast-seo-wordpress\/ -->\n<title>Korsar Nevada\u00f6knen till Kalifornien - USA B2<\/title>\n<meta name=\"description\" content=\"Uppt\u00e4ck Nevada\u00f6knen: resv\u00e4gar, boende, landskap, vandringar, sj\u00f6ar, fotoplatser och aktiviteter.\" \/>\n<meta name=\"robots\" content=\"index, follow, max-snippet:-1, max-image-preview:large, max-video-preview:-1\" \/>\n<link rel=\"canonical\" href=\"https:\/\/usa-b2.com\/sv\/oken-nevada-amerikanska-forenta-staterna\/\" \/>\n<meta property=\"og:locale\" content=\"sv_SE\" \/>\n<meta property=\"og:type\" content=\"article\" \/>\n<meta property=\"og:title\" content=\"Korsar Nevada\u00f6knen till Kalifornien - USA B2\" \/>\n<meta property=\"og:description\" content=\"Uppt\u00e4ck Nevada\u00f6knen: resv\u00e4gar, boende, landskap, vandringar, sj\u00f6ar, fotoplatser och aktiviteter.\" \/>\n<meta property=\"og:url\" content=\"https:\/\/usa-b2.com\/sv\/oken-nevada-amerikanska-forenta-staterna\/\" \/>\n<meta property=\"og:site_name\" content=\"USA B2\" \/>\n<meta property=\"article:modified_time\" content=\"2025-01-21T10:47:34+00:00\" \/>\n<meta name=\"twitter:card\" content=\"summary_large_image\" \/>\n<meta name=\"twitter:label1\" content=\"Ber\u00e4knad l\u00e4stid\" \/>\n\t<meta name=\"twitter:data1\" content=\"4 minuter\" \/>\n<script type=\"application\/ld+json\" class=\"yoast-schema-graph\">{\"@context\":\"https:\\\/\\\/schema.org\",\"@graph\":[{\"@type\":\"WebPage\",\"@id\":\"https:\\\/\\\/usa-b2.com\\\/sv\\\/oken-nevada-amerikanska-forenta-staterna\\\/\",\"url\":\"https:\\\/\\\/usa-b2.com\\\/sv\\\/oken-nevada-amerikanska-forenta-staterna\\\/\",\"name\":\"Korsar Nevada\u00f6knen till Kalifornien - USA B2\",\"isPartOf\":{\"@id\":\"https:\\\/\\\/usa-b2.com\\\/sv\\\/#website\"},\"datePublished\":\"2025-01-15T09:49:43+00:00\",\"dateModified\":\"2025-01-21T10:47:34+00:00\",\"description\":\"Uppt\u00e4ck Nevada\u00f6knen: resv\u00e4gar, boende, landskap, vandringar, sj\u00f6ar, fotoplatser och aktiviteter.\",\"breadcrumb\":{\"@id\":\"https:\\\/\\\/usa-b2.com\\\/sv\\\/oken-nevada-amerikanska-forenta-staterna\\\/#breadcrumb\"},\"inLanguage\":\"sv-SE\",\"potentialAction\":[{\"@type\":\"ReadAction\",\"target\":[\"https:\\\/\\\/usa-b2.com\\\/sv\\\/oken-nevada-amerikanska-forenta-staterna\\\/\"]}]},{\"@type\":\"BreadcrumbList\",\"@id\":\"https:\\\/\\\/usa-b2.com\\\/sv\\\/oken-nevada-amerikanska-forenta-staterna\\\/#breadcrumb\",\"itemListElement\":[{\"@type\":\"ListItem\",\"position\":1,\"name\":\"Accueil\",\"item\":\"https:\\\/\\\/usa-b2.com\\\/sv\\\/usa\\\/\"},{\"@type\":\"ListItem\",\"position\":2,\"name\":\"Korsar Nevada\u00f6knen till Kalifornien\"}]},{\"@type\":\"WebSite\",\"@id\":\"https:\\\/\\\/usa-b2.com\\\/sv\\\/#website\",\"url\":\"https:\\\/\\\/usa-b2.com\\\/sv\\\/\",\"name\":\"USA B2 VISA\",\"description\":\"\",\"potentialAction\":[{\"@type\":\"SearchAction\",\"target\":{\"@type\":\"EntryPoint\",\"urlTemplate\":\"https:\\\/\\\/usa-b2.com\\\/sv\\\/?s={search_term_string}\"},\"query-input\":{\"@type\":\"PropertyValueSpecification\",\"valueRequired\":true,\"valueName\":\"search_term_string\"}}],\"inLanguage\":\"sv-SE\"}]}<\/script>\n<!-- \/ Yoast SEO plugin. -->","yoast_head_json":{"title":"Korsar Nevada\u00f6knen till Kalifornien - USA B2","description":"Uppt\u00e4ck Nevada\u00f6knen: resv\u00e4gar, boende, landskap, vandringar, sj\u00f6ar, fotoplatser och aktiviteter.","robots":{"index":"index","follow":"follow","max-snippet":"max-snippet:-1","max-image-preview":"max-image-preview:large","max-video-preview":"max-video-preview:-1"},"canonical":"https:\/\/usa-b2.com\/sv\/oken-nevada-amerikanska-forenta-staterna\/","og_locale":"sv_SE","og_type":"article","og_title":"Korsar Nevada\u00f6knen till Kalifornien - USA B2","og_description":"Uppt\u00e4ck Nevada\u00f6knen: resv\u00e4gar, boende, landskap, vandringar, sj\u00f6ar, fotoplatser och aktiviteter.","og_url":"https:\/\/usa-b2.com\/sv\/oken-nevada-amerikanska-forenta-staterna\/","og_site_name":"USA B2","article_modified_time":"2025-01-21T10:47:34+00:00","twitter_card":"summary_large_image","twitter_misc":{"Ber\u00e4knad l\u00e4stid":"4 minuter"},"schema":{"@context":"https:\/\/schema.org","@graph":[{"@type":"WebPage","@id":"https:\/\/usa-b2.com\/sv\/oken-nevada-amerikanska-forenta-staterna\/","url":"https:\/\/usa-b2.com\/sv\/oken-nevada-amerikanska-forenta-staterna\/","name":"Korsar Nevada\u00f6knen till Kalifornien - USA B2","isPartOf":{"@id":"https:\/\/usa-b2.com\/sv\/#website"},"datePublished":"2025-01-15T09:49:43+00:00","dateModified":"2025-01-21T10:47:34+00:00","description":"Uppt\u00e4ck Nevada\u00f6knen: resv\u00e4gar, boende, landskap, vandringar, sj\u00f6ar, fotoplatser och aktiviteter.","breadcrumb":{"@id":"https:\/\/usa-b2.com\/sv\/oken-nevada-amerikanska-forenta-staterna\/#breadcrumb"},"inLanguage":"sv-SE","potentialAction":[{"@type":"ReadAction","target":["https:\/\/usa-b2.com\/sv\/oken-nevada-amerikanska-forenta-staterna\/"]}]},{"@type":"BreadcrumbList","@id":"https:\/\/usa-b2.com\/sv\/oken-nevada-amerikanska-forenta-staterna\/#breadcrumb","itemListElement":[{"@type":"ListItem","position":1,"name":"Accueil","item":"https:\/\/usa-b2.com\/sv\/usa\/"},{"@type":"ListItem","position":2,"name":"Korsar Nevada\u00f6knen till Kalifornien"}]},{"@type":"WebSite","@id":"https:\/\/usa-b2.com\/sv\/#website","url":"https:\/\/usa-b2.com\/sv\/","name":"USA B2 VISA","description":"","potentialAction":[{"@type":"SearchAction","target":{"@type":"EntryPoint","urlTemplate":"https:\/\/usa-b2.com\/sv\/?s={search_term_string}"},"query-input":{"@type":"PropertyValueSpecification","valueRequired":true,"valueName":"search_term_string"}}],"inLanguage":"sv-SE"}]}},"_links":{"self":[{"href":"https:\/\/usa-b2.com\/sv\/wp-json\/wp\/v2\/pages\/6196","targetHints":{"allow":["GET"]}}],"collection":[{"href":"https:\/\/usa-b2.com\/sv\/wp-json\/wp\/v2\/pages"}],"about":[{"href":"https:\/\/usa-b2.com\/sv\/wp-json\/wp\/v2\/types\/page"}],"author":[{"embeddable":true,"href":"https:\/\/usa-b2.com\/sv\/wp-json\/wp\/v2\/users\/1"}],"replies":[{"embeddable":true,"href":"https:\/\/usa-b2.com\/sv\/wp-json\/wp\/v2\/comments?post=6196"}],"version-history":[{"count":0,"href":"https:\/\/usa-b2.com\/sv\/wp-json\/wp\/v2\/pages\/6196\/revisions"}],"wp:attachment":[{"href":"https:\/\/usa-b2.com\/sv\/wp-json\/wp\/v2\/media?parent=6196"}],"curies":[{"name":"wp","href":"https:\/\/api.w.org\/{rel}","templated":true}]}}