{"id":6176,"date":"2025-01-15T09:17:49","date_gmt":"2025-01-15T09:17:49","guid":{"rendered":"https:\/\/usa-b2.com\/yosemite-sierra-nevada-amerikanska-staterna\/"},"modified":"2025-12-29T09:04:24","modified_gmt":"2025-12-29T09:04:24","slug":"yosemite-sierra-nevada-amerikanska-staterna","status":"publish","type":"page","link":"https:\/\/usa-b2.com\/sv\/yosemite-sierra-nevada-amerikanska-staterna\/","title":{"rendered":"Uppt\u00e4ck Yosemite Park i mitten av Sierra Nevada i USA"},"content":{"rendered":"\n<h1 class=\"wp-block-heading\">Hur organiserar du din roadtrip genom Yosemite Park i Sierra Nevada?<\/h1>\n\n<p><a href=\"https:\/\/www.yosemite.com\/\">Yosemite<\/a> och <a href=\"https:\/\/sierranevadageotourism.org\/\">Sierra Nevada, Kaliforniens<\/a> naturp\u00e4rlor, lockar miljontals bes\u00f6kare varje \u00e5r. Med sina ikoniska landskap, majest\u00e4tiska vattenfall och h\u00f6ga berg \u00e4r Yosemite National Park ett m\u00e5ste f\u00f6r alla natur\u00e4lskare. Sierra Nevada \u00e4r hem till skatter som <a href=\"https:\/\/visitlaketahoe.com\/fr\/\">Lake Tahoe<\/a>, gigantiska sequoia-tr\u00e4d och charmiga st\u00e4der. I den h\u00e4r guiden hittar du allt du beh\u00f6ver veta f\u00f6r att planera din resa: resv\u00e4gar, boende, fotoplatser och aktiviteter som passar alla typer av resen\u00e4rer.<\/p>\n\n<figure class=\"wp-block-image size-full\"><img fetchpriority=\"high\" decoding=\"async\" width=\"719\" height=\"404\" src=\"https:\/\/usa-b2.com\/wp-content\/uploads\/2025\/01\/Sierra-Nevada-National-Park-California-USA-edited-1.png\" alt=\"\" class=\"wp-image-6678\" srcset=\"https:\/\/usa-b2.com\/wp-content\/uploads\/2025\/01\/Sierra-Nevada-National-Park-California-USA-edited-1.png 719w, https:\/\/usa-b2.com\/wp-content\/uploads\/2025\/01\/Sierra-Nevada-National-Park-California-USA-edited-1-300x169.png 300w\" sizes=\"(max-width: 719px) 100vw, 719px\" \/><\/figure>\n\n<h2 class=\"wp-block-heading\">Uppt\u00e4ck Yosemite och Sierra Nevada: ikoniska platser och spektakul\u00e4ra landskap<\/h2>\n\n<h3 class=\"wp-block-heading\">M\u00e5ste-sev\u00e4rdheter i Yosemite National Park<\/h3>\n\n<h4 class=\"wp-block-heading\">De symboliska platserna: Half Dome, El Capitan och vattenfallen<\/h4>\n\n<p>Yosemite \u00e4r k\u00e4nt f\u00f6r sina imponerande klippformationer, som <strong>Half Dome<\/strong> och <strong>El Capitan<\/strong>, ett popul\u00e4rt kl\u00e4tterm\u00e5l. <strong>Yosemite Falls<\/strong>, ett av de h\u00f6gsta vattenfallen i Nordamerika, \u00e4r en spektakul\u00e4r syn, s\u00e4rskilt p\u00e5 v\u00e5ren.<\/p>\n\n<h4 class=\"wp-block-heading\">De gigantiska redwoodtr\u00e4den i Mariposa Grove<\/h4>\n\n<p>S\u00f6der om parken ligger <strong>Mariposa Grove<\/strong> med mer \u00e4n 500 j\u00e4ttelika sekvojatr\u00e4d, bland annat den ber\u00f6mda <strong><strong>Grizzly-j\u00e4tten<\/strong><\/strong>. En promenad bland dessa tusen\u00e5riga tr\u00e4d \u00e4r en of\u00f6rgl\u00f6mlig upplevelse.<\/p>\n\n<h4 class=\"wp-block-heading\">Yosemite Valley: ett paradis f\u00f6r vandrare<\/h4>\n\n<p>Dalen \u00e4r parkens hj\u00e4rta och h\u00e4r finns l\u00e4ttillg\u00e4ngliga stigar som <strong>Mist Trail<\/strong>, som leder till de magnifika fallen Vernal och Nevada.<\/p>\n\n<h3 class=\"wp-block-heading\">Sierra Nevada: dolda skatter och varierande landskap<\/h3>\n\n<h4 class=\"wp-block-heading\">Lake Tahoe: kristallklart vatten och berg<\/h4>\n\n<p><strong>Lake Tahoe<\/strong> ligger mitt emellan Kalifornien och Nevada och \u00e4r k\u00e4nd f\u00f6r sitt turkosa vatten. P\u00e5 sommaren kan du paddla eller vandra, och p\u00e5 vintern \u00e4r det skid\u00e5kning som g\u00e4ller.<\/p>\n\n<h4 class=\"wp-block-heading\">Mammoth Lakes: ett paradis f\u00f6r \u00e4ventyrs\u00e4lskare<\/h4>\n\n<p>Denna region \u00e4r idealisk f\u00f6r utomhusaktiviteter med pittoreska sj\u00f6ar, naturliga varma k\u00e4llor och v\u00e4rldsber\u00f6mda skidbackar.<\/p>\n\n<h4 class=\"wp-block-heading\">Tiogav\u00e4gen: panoramapassagen<\/h4>\n\n<p>Tioga Road korsar bergen och erbjuder en spektakul\u00e4r utsikt \u00f6ver topparna och de alpina \u00e4ngarna. Stanna till vid Tuolumne Meadows f\u00f6r en lugn stund l\u00e5ngt borta fr\u00e5n folkmassorna.<\/p>\n\n<h2 class=\"wp-block-heading\">Var man kan bo: Boende och strategiska st\u00e4der<\/h2>\n\n<h3 class=\"wp-block-heading\">St\u00e4der som m\u00e5ste ses p\u00e5 v\u00e4gen<\/h3>\n\n<h4 class=\"wp-block-heading\">Yosemite Village: i hj\u00e4rtat av parken<\/h4>\n\n<p>Att bo p\u00e5 Yosemite Village inneb\u00e4r att du bara \u00e4r n\u00e5gra minuter fr\u00e5n alla de viktigaste platserna. Alternativen inkluderar hotell som <strong><a href=\"https:\/\/www.travelyosemite.com\/lodging\/yosemite-valley-lodge\/\">Yosemite Valley Lodge<\/a><\/strong> och campingplatser f\u00f6r de \u00e4ventyrliga.<\/p>\n\n<h4 class=\"wp-block-heading\">Oakhurst och Mariposa: praktiska alternativ<\/h4>\n\n<p>Dessa tv\u00e5 st\u00e4der vid parkens s\u00f6dra entr\u00e9 erbjuder ett brett utbud av boende, fr\u00e5n billiga motell till lyxiga stugor.<\/p>\n\n<h3 class=\"wp-block-heading\">Boende i Sierra Nevada<\/h3>\n\n<h4 class=\"wp-block-heading\">Komforten i stugorna vid Mammoth Lakes<\/h4>\n\n<p><a href=\"https:\/\/www.visitmammoth.com\/\">Mammoth Lakes<\/a> lodger och hotell \u00e4r perfekta f\u00f6r att utforska regionen, oavsett om det g\u00e4ller sommarvandring eller vintersport.<\/p>\n\n<h4 class=\"wp-block-heading\">Campingplatser och stugor n\u00e4ra Lake Tahoe<\/h4>\n\n<p>F\u00f6r en uppslukande upplevelse, v\u00e4lj en campingplats eller stuga n\u00e4ra Lake Tahoe. Dessa boenden g\u00f6r att du kan f\u00e5 ut det mesta av vattensporterna och den omgivande landsbygden.<\/p>\n\n<h2 class=\"wp-block-heading\">Rekommenderad resv\u00e4g : Uppt\u00e4ck Yosemite och Sierra Nevada p\u00e5 7 dagar<\/h2>\n\n<figure class=\"wp-block-table\"><table class=\"has-fixed-layout\"><tbody><tr><td class=\"has-text-align-center\" data-align=\"center\"><strong>Dag<\/strong><\/td><td class=\"has-text-align-center\" data-align=\"center\"><strong>Destination<\/strong><\/td><td class=\"has-text-align-center\" data-align=\"center\"><strong>Huvudsakliga aktiviteter<\/strong><\/td><td class=\"has-text-align-center\" data-align=\"center\"><strong>F\u00f6rslag p\u00e5 boende<\/strong><\/td><\/tr><tr><td class=\"has-text-align-center\" data-align=\"center\">1<\/td><td class=\"has-text-align-center\" data-align=\"center\">Yosemite-dalen<\/td><td class=\"has-text-align-center\" data-align=\"center\">Yosemite Falls, Half Dome<\/td><td class=\"has-text-align-center\" data-align=\"center\">Yosemite Village<\/td><\/tr><tr><td class=\"has-text-align-center\" data-align=\"center\">2<\/td><td class=\"has-text-align-center\" data-align=\"center\">Glacier Point<\/td><td class=\"has-text-align-center\" data-align=\"center\">Vandring och panoramautsikt<\/td><td class=\"has-text-align-center\" data-align=\"center\">Yosemite Village<\/td><\/tr><tr><td class=\"has-text-align-center\" data-align=\"center\">3<\/td><td class=\"has-text-align-center\" data-align=\"center\">Mariposa Grove<\/td><td class=\"has-text-align-center\" data-align=\"center\">J\u00e4ttesquoias, naturvandring<\/td><td class=\"has-text-align-center\" data-align=\"center\">Oakhurst<\/td><\/tr><tr><td class=\"has-text-align-center\" data-align=\"center\">4<\/td><td class=\"has-text-align-center\" data-align=\"center\">Tioga Road<\/td><td class=\"has-text-align-center\" data-align=\"center\">Tuolumne Meadows, Olmsted Point<\/td><td class=\"has-text-align-center\" data-align=\"center\">Mammoth-sj\u00f6arna<\/td><\/tr><tr><td class=\"has-text-align-center\" data-align=\"center\">5<\/td><td class=\"has-text-align-center\" data-align=\"center\">Mammoth-sj\u00f6arna<\/td><td class=\"has-text-align-center\" data-align=\"center\">Varma k\u00e4llor, vandring i Convict Lake<\/td><td class=\"has-text-align-center\" data-align=\"center\">Mammoth-sj\u00f6arna<\/td><\/tr><tr><td class=\"has-text-align-center\" data-align=\"center\">6<\/td><td class=\"has-text-align-center\" data-align=\"center\">Lake Tahoe<\/td><td class=\"has-text-align-center\" data-align=\"center\">Vattensporter, vandring Eagle Falls<\/td><td class=\"has-text-align-center\" data-align=\"center\">South Lake Tahoe<\/td><\/tr><tr><td class=\"has-text-align-center\" data-align=\"center\">7<\/td><td class=\"has-text-align-center\" data-align=\"center\">Sierra Nevada<\/td><td class=\"has-text-align-center\" data-align=\"center\">Natursk\u00f6na v\u00e4gar, avkoppling vid s\u00f6dra sj\u00f6n<\/td><td class=\"has-text-align-center\" data-align=\"center\">Lake Tahoe<\/td><\/tr><\/tbody><\/table><\/figure>\n\n<p>Med denna resplan kan du uppt\u00e4cka de sev\u00e4rdheter du m\u00e5ste se samtidigt som du njuter av regionens varierande landskap.<\/p>\n\n<h2 class=\"wp-block-heading\">Tidigare administrativa formaliteter<\/h2>\n\n<p>Om du vill uppt\u00e4cka Yosemite och Sierra Nevada m\u00e5ste du ta hand om reseformaliteterna i f\u00f6rv\u00e4g:<\/p>\n\n<ul class=\"wp-block-list\">\n<li>Kontrollera att ditt <a href=\"https:\/\/usa-b2.com\/sv\/passresor-usa\/\">pass \u00e4r giltigt f\u00f6r resor till USA.<\/a> <\/li>\n\n\n\n<li>Se till att du \u00e4r ber\u00e4ttigad till <a href=\"https:\/\/usa-b2.com\/sv\/vad-ar-en-esta\/\">ESTA-resetillst\u00e5nd<\/a> enligt <a href=\"https:\/\/usa-b2.com\/sv\/visa-waiver-program\/\">programmet f\u00f6r viseringsundantag<\/a>. Om detta inte \u00e4r m\u00f6jligt m\u00e5ste du ans\u00f6ka om ett <a href=\"https:\/\/usa-b2.com\/sv\/visum-b2\/\">B2-turistvisum<\/a>. <\/li>\n<\/ul>\n\n<p>Det \u00e4r d\u00e4rf\u00f6r l\u00e4mpligt att g\u00f6ra arrangemang i f\u00f6rv\u00e4g f\u00f6r att undvika eventuella problem vid ankomsten till USA.<\/p>\n\n<h2 class=\"wp-block-heading\">Instagrammbara fotoplatser<\/h2>\n\n<h3 class=\"wp-block-heading\">De perfekta landskapen f\u00f6r dina bilder<\/h3>\n\n<h4 class=\"wp-block-heading\">Glacier Point: o\u00f6vertr\u00e4ffad utsikt \u00f6ver Yosemite<\/h4>\n\n<p>Glacier Point erbjuder en spektakul\u00e4r utsikt \u00f6ver Half Dome och Yosemite Valley. Den \u00e4r s\u00e4rskilt fotogenisk vid solnedg\u00e5ngen.<\/p>\n\n<h4 class=\"wp-block-heading\">Emerald Bay: juvelen i Lake Tahoe<\/h4>\n\n<p><strong>Emerald Bay<\/strong> ligger p\u00e5 Lake Tahoes s\u00f6dra strand och \u00e4r en idyllisk plats f\u00f6r att ta bilder av det turkosa vattnet och Fannette Island.<\/p>\n\n<h4 class=\"wp-block-heading\">Mammoth Lakes: sj\u00f6ar och berg<\/h4>\n\n<p>Platser som <strong><a href=\"https:\/\/convictlake.com\/\">Convict Lake<\/a><\/strong> eller <strong><a href=\"https:\/\/www.fs.usda.gov\/recarea\/inyo\/recarea\/?recid=20414\">Hot Creek Geological Site<\/a><\/strong> \u00e4r perfekta f\u00f6r spektakul\u00e4ra naturbilder med bergen i bakgrunden.<\/p>\n\n<h2 class=\"wp-block-heading\">Aktiviteter enligt din typ av resa<\/h2>\n\n<h3 class=\"wp-block-heading\">F\u00f6r par: romantiska stunder<\/h3>\n\n<h4 class=\"wp-block-heading\">Promenader vid soluppg\u00e5ng och solnedg\u00e5ng<\/h4>\n\n<p>Leder som <strong>Sentinel Dome<\/strong> eller <strong>Eagle Falls Trail<\/strong> vid Lake Tahoe erbjuder speciella tillf\u00e4llen att beundra landskapet i ett mjukt, romantiskt ljus.<\/p>\n\n<h4 class=\"wp-block-heading\">Picknick vid sj\u00f6arna<\/h4>\n\n<p>Packa picknicken och luta dig tillbaka och koppla av p\u00e5 stranden av<strong> Mirror Lake <\/strong>i Yosemite eller p\u00e5 en avskild strand i Lake Tahoe.<\/p>\n\n<h3 class=\"wp-block-heading\">Med familjen: barnv\u00e4nliga \u00e4ventyr<\/h3>\n\n<h4 class=\"wp-block-heading\">Interaktiva aktiviteter: Junior Ranger Program<\/h4>\n\n<p>Yosemite erbjuder ett utbildningsprogram f\u00f6r barn. De l\u00e4r sig att respektera naturen samtidigt som de har roligt och f\u00e5r ett officiellt m\u00e4rke.<\/p>\n\n<h4 class=\"wp-block-heading\">Tillg\u00e4ngliga utforskningar<\/h4>\n\n<p><strong>Yosemite Valley Loop Trail<\/strong> \u00e4r perfekt f\u00f6r en familjeutflykt, liksom familjestr\u00e4nderna vid Lake Tahoe, idealiska f\u00f6r bad och lek i full s\u00e4kerhet.<\/p>\n\n<p>Yosemite och Sierra Nevada kombinerar hisnande naturlandskap med en m\u00e4ngd aktiviteter som passar alla typer av resen\u00e4rer. Oavsett om du \u00e4r ute efter \u00e4ventyr, avkoppling eller familjetid kommer den h\u00e4r ikoniska regionen i Kalifornien att ge dig best\u00e5ende minnen. Planera din resa nu f\u00f6r att utforska dessa underverk!<\/p>\n","protected":false},"excerpt":{"rendered":"<p>Hur organiserar du din roadtrip genom Yosemite Park i Sierra Nevada? Yosemite och Sierra Nevada, Kaliforniens naturp\u00e4rlor, lockar miljontals bes\u00f6kare varje \u00e5r. Med sina ikoniska landskap, majest\u00e4tiska vattenfall och h\u00f6ga berg \u00e4r Yosemite National Park ett m\u00e5ste f\u00f6r alla natur\u00e4lskare. Sierra Nevada \u00e4r hem till skatter som Lake Tahoe, gigantiska sequoia-tr\u00e4d och charmiga st\u00e4der. I [&hellip;]<\/p>\n","protected":false},"author":1,"featured_media":0,"parent":0,"menu_order":0,"comment_status":"closed","ping_status":"closed","template":"","meta":{"footnotes":""},"class_list":["post-6176","page","type-page","status-publish","hentry"],"yoast_head":"<!-- This site is optimized with the Yoast SEO plugin v27.0 - https:\/\/yoast.com\/product\/yoast-seo-wordpress\/ -->\n<title>Uppt\u00e4ck Yosemite Park i mitten av Sierra Nevada i USA - USA B2<\/title>\n<meta name=\"description\" content=\"Uppt\u00e4ck de viktigaste sev\u00e4rdheterna i Yosemite och Sierra Nevada: resv\u00e4gar, boende, fotom\u00f6jligheter och aktiviteter.\" \/>\n<meta name=\"robots\" content=\"index, follow, max-snippet:-1, max-image-preview:large, max-video-preview:-1\" \/>\n<link rel=\"canonical\" href=\"https:\/\/usa-b2.com\/sv\/yosemite-sierra-nevada-amerikanska-staterna\/\" \/>\n<meta property=\"og:locale\" content=\"sv_SE\" \/>\n<meta property=\"og:type\" content=\"article\" \/>\n<meta property=\"og:title\" content=\"Uppt\u00e4ck Yosemite Park i mitten av Sierra Nevada i USA - USA B2\" \/>\n<meta property=\"og:description\" content=\"Uppt\u00e4ck de viktigaste sev\u00e4rdheterna i Yosemite och Sierra Nevada: resv\u00e4gar, boende, fotom\u00f6jligheter och aktiviteter.\" \/>\n<meta property=\"og:url\" content=\"https:\/\/usa-b2.com\/sv\/yosemite-sierra-nevada-amerikanska-staterna\/\" \/>\n<meta property=\"og:site_name\" content=\"USA B2\" \/>\n<meta property=\"article:modified_time\" content=\"2025-12-29T09:04:24+00:00\" \/>\n<meta property=\"og:image\" content=\"https:\/\/usa-b2.com\/wp-content\/uploads\/2025\/01\/Sierra-Nevada-National-Park-California-USA-edited-1.png\" \/>\n\t<meta property=\"og:image:width\" content=\"719\" \/>\n\t<meta property=\"og:image:height\" content=\"404\" \/>\n\t<meta property=\"og:image:type\" content=\"image\/png\" \/>\n<meta name=\"twitter:card\" content=\"summary_large_image\" \/>\n<meta name=\"twitter:label1\" content=\"Ber\u00e4knad l\u00e4stid\" \/>\n\t<meta name=\"twitter:data1\" content=\"5 minuter\" \/>\n<script type=\"application\/ld+json\" class=\"yoast-schema-graph\">{\"@context\":\"https:\/\/schema.org\",\"@graph\":[{\"@type\":\"WebPage\",\"@id\":\"https:\/\/usa-b2.com\/sv\/yosemite-sierra-nevada-amerikanska-staterna\/\",\"url\":\"https:\/\/usa-b2.com\/sv\/yosemite-sierra-nevada-amerikanska-staterna\/\",\"name\":\"Uppt\u00e4ck Yosemite Park i mitten av Sierra Nevada i USA - USA B2\",\"isPartOf\":{\"@id\":\"https:\/\/usa-b2.com\/sv\/#website\"},\"primaryImageOfPage\":{\"@id\":\"https:\/\/usa-b2.com\/sv\/yosemite-sierra-nevada-amerikanska-staterna\/#primaryimage\"},\"image\":{\"@id\":\"https:\/\/usa-b2.com\/sv\/yosemite-sierra-nevada-amerikanska-staterna\/#primaryimage\"},\"thumbnailUrl\":\"https:\/\/usa-b2.com\/wp-content\/uploads\/2025\/01\/Sierra-Nevada-National-Park-California-USA-edited-1.png\",\"datePublished\":\"2025-01-15T09:17:49+00:00\",\"dateModified\":\"2025-12-29T09:04:24+00:00\",\"description\":\"Uppt\u00e4ck de viktigaste sev\u00e4rdheterna i Yosemite och Sierra Nevada: resv\u00e4gar, boende, fotom\u00f6jligheter och aktiviteter.\",\"breadcrumb\":{\"@id\":\"https:\/\/usa-b2.com\/sv\/yosemite-sierra-nevada-amerikanska-staterna\/#breadcrumb\"},\"inLanguage\":\"sv-SE\",\"potentialAction\":[{\"@type\":\"ReadAction\",\"target\":[\"https:\/\/usa-b2.com\/sv\/yosemite-sierra-nevada-amerikanska-staterna\/\"]}]},{\"@type\":\"ImageObject\",\"inLanguage\":\"sv-SE\",\"@id\":\"https:\/\/usa-b2.com\/sv\/yosemite-sierra-nevada-amerikanska-staterna\/#primaryimage\",\"url\":\"https:\/\/usa-b2.com\/wp-content\/uploads\/2025\/01\/Sierra-Nevada-National-Park-California-USA-edited-1.png\",\"contentUrl\":\"https:\/\/usa-b2.com\/wp-content\/uploads\/2025\/01\/Sierra-Nevada-National-Park-California-USA-edited-1.png\"},{\"@type\":\"BreadcrumbList\",\"@id\":\"https:\/\/usa-b2.com\/sv\/yosemite-sierra-nevada-amerikanska-staterna\/#breadcrumb\",\"itemListElement\":[{\"@type\":\"ListItem\",\"position\":1,\"name\":\"Accueil\",\"item\":\"https:\/\/usa-b2.com\/sv\/roadtrips-usa\/\"},{\"@type\":\"ListItem\",\"position\":2,\"name\":\"Uppt\u00e4ck Yosemite Park i mitten av Sierra Nevada i USA\"}]},{\"@type\":\"WebSite\",\"@id\":\"https:\/\/usa-b2.com\/sv\/#website\",\"url\":\"https:\/\/usa-b2.com\/sv\/\",\"name\":\"USA B2 VISA\",\"description\":\"\",\"potentialAction\":[{\"@type\":\"SearchAction\",\"target\":{\"@type\":\"EntryPoint\",\"urlTemplate\":\"https:\/\/usa-b2.com\/sv\/?s={search_term_string}\"},\"query-input\":{\"@type\":\"PropertyValueSpecification\",\"valueRequired\":true,\"valueName\":\"search_term_string\"}}],\"inLanguage\":\"sv-SE\"}]}<\/script>\n<!-- \/ Yoast SEO plugin. -->","yoast_head_json":{"title":"Uppt\u00e4ck Yosemite Park i mitten av Sierra Nevada i USA - USA B2","description":"Uppt\u00e4ck de viktigaste sev\u00e4rdheterna i Yosemite och Sierra Nevada: resv\u00e4gar, boende, fotom\u00f6jligheter och aktiviteter.","robots":{"index":"index","follow":"follow","max-snippet":"max-snippet:-1","max-image-preview":"max-image-preview:large","max-video-preview":"max-video-preview:-1"},"canonical":"https:\/\/usa-b2.com\/sv\/yosemite-sierra-nevada-amerikanska-staterna\/","og_locale":"sv_SE","og_type":"article","og_title":"Uppt\u00e4ck Yosemite Park i mitten av Sierra Nevada i USA - USA B2","og_description":"Uppt\u00e4ck de viktigaste sev\u00e4rdheterna i Yosemite och Sierra Nevada: resv\u00e4gar, boende, fotom\u00f6jligheter och aktiviteter.","og_url":"https:\/\/usa-b2.com\/sv\/yosemite-sierra-nevada-amerikanska-staterna\/","og_site_name":"USA B2","article_modified_time":"2025-12-29T09:04:24+00:00","og_image":[{"width":719,"height":404,"url":"https:\/\/usa-b2.com\/wp-content\/uploads\/2025\/01\/Sierra-Nevada-National-Park-California-USA-edited-1.png","type":"image\/png"}],"twitter_card":"summary_large_image","twitter_misc":{"Ber\u00e4knad l\u00e4stid":"5 minuter"},"schema":{"@context":"https:\/\/schema.org","@graph":[{"@type":"WebPage","@id":"https:\/\/usa-b2.com\/sv\/yosemite-sierra-nevada-amerikanska-staterna\/","url":"https:\/\/usa-b2.com\/sv\/yosemite-sierra-nevada-amerikanska-staterna\/","name":"Uppt\u00e4ck Yosemite Park i mitten av Sierra Nevada i USA - USA B2","isPartOf":{"@id":"https:\/\/usa-b2.com\/sv\/#website"},"primaryImageOfPage":{"@id":"https:\/\/usa-b2.com\/sv\/yosemite-sierra-nevada-amerikanska-staterna\/#primaryimage"},"image":{"@id":"https:\/\/usa-b2.com\/sv\/yosemite-sierra-nevada-amerikanska-staterna\/#primaryimage"},"thumbnailUrl":"https:\/\/usa-b2.com\/wp-content\/uploads\/2025\/01\/Sierra-Nevada-National-Park-California-USA-edited-1.png","datePublished":"2025-01-15T09:17:49+00:00","dateModified":"2025-12-29T09:04:24+00:00","description":"Uppt\u00e4ck de viktigaste sev\u00e4rdheterna i Yosemite och Sierra Nevada: resv\u00e4gar, boende, fotom\u00f6jligheter och aktiviteter.","breadcrumb":{"@id":"https:\/\/usa-b2.com\/sv\/yosemite-sierra-nevada-amerikanska-staterna\/#breadcrumb"},"inLanguage":"sv-SE","potentialAction":[{"@type":"ReadAction","target":["https:\/\/usa-b2.com\/sv\/yosemite-sierra-nevada-amerikanska-staterna\/"]}]},{"@type":"ImageObject","inLanguage":"sv-SE","@id":"https:\/\/usa-b2.com\/sv\/yosemite-sierra-nevada-amerikanska-staterna\/#primaryimage","url":"https:\/\/usa-b2.com\/wp-content\/uploads\/2025\/01\/Sierra-Nevada-National-Park-California-USA-edited-1.png","contentUrl":"https:\/\/usa-b2.com\/wp-content\/uploads\/2025\/01\/Sierra-Nevada-National-Park-California-USA-edited-1.png"},{"@type":"BreadcrumbList","@id":"https:\/\/usa-b2.com\/sv\/yosemite-sierra-nevada-amerikanska-staterna\/#breadcrumb","itemListElement":[{"@type":"ListItem","position":1,"name":"Accueil","item":"https:\/\/usa-b2.com\/sv\/roadtrips-usa\/"},{"@type":"ListItem","position":2,"name":"Uppt\u00e4ck Yosemite Park i mitten av Sierra Nevada i USA"}]},{"@type":"WebSite","@id":"https:\/\/usa-b2.com\/sv\/#website","url":"https:\/\/usa-b2.com\/sv\/","name":"USA B2 VISA","description":"","potentialAction":[{"@type":"SearchAction","target":{"@type":"EntryPoint","urlTemplate":"https:\/\/usa-b2.com\/sv\/?s={search_term_string}"},"query-input":{"@type":"PropertyValueSpecification","valueRequired":true,"valueName":"search_term_string"}}],"inLanguage":"sv-SE"}]}},"_links":{"self":[{"href":"https:\/\/usa-b2.com\/sv\/wp-json\/wp\/v2\/pages\/6176","targetHints":{"allow":["GET"]}}],"collection":[{"href":"https:\/\/usa-b2.com\/sv\/wp-json\/wp\/v2\/pages"}],"about":[{"href":"https:\/\/usa-b2.com\/sv\/wp-json\/wp\/v2\/types\/page"}],"author":[{"embeddable":true,"href":"https:\/\/usa-b2.com\/sv\/wp-json\/wp\/v2\/users\/1"}],"replies":[{"embeddable":true,"href":"https:\/\/usa-b2.com\/sv\/wp-json\/wp\/v2\/comments?post=6176"}],"version-history":[{"count":2,"href":"https:\/\/usa-b2.com\/sv\/wp-json\/wp\/v2\/pages\/6176\/revisions"}],"predecessor-version":[{"id":10962,"href":"https:\/\/usa-b2.com\/sv\/wp-json\/wp\/v2\/pages\/6176\/revisions\/10962"}],"wp:attachment":[{"href":"https:\/\/usa-b2.com\/sv\/wp-json\/wp\/v2\/media?parent=6176"}],"curies":[{"name":"wp","href":"https:\/\/api.w.org\/{rel}","templated":true}]}}