{"id":6137,"date":"2025-01-15T09:01:21","date_gmt":"2025-01-15T09:01:21","guid":{"rendered":"https:\/\/usa-b2.com\/pacific-coast-highway\/"},"modified":"2025-10-16T10:14:06","modified_gmt":"2025-10-16T10:14:06","slug":"stillahavskustens-motorvag","status":"publish","type":"page","link":"https:\/\/usa-b2.com\/sv\/stillahavskustens-motorvag\/","title":{"rendered":"Resa l\u00e4ngs Pacific Coast Highway i USA"},"content":{"rendered":"\n<h1 class=\"wp-block-heading\">Hur organiserar du din roadtrip p\u00e5 Pacific Coast Highway?<\/h1>\n\n<p><a href=\"https:\/\/www.visittheusa.com\/trip\/pacific-coast-highway-road-trip\">Pacific Coast Highway<\/a> (PCH), officiellt k\u00e4nd som California State Route 1, \u00e4r mycket mer \u00e4n bara en v\u00e4g. Detta band av asfalt l\u00e4ngs den kaliforniska kusten erbjuder fullst\u00e4ndig neds\u00e4nkning i hisnande landskap, pittoreska st\u00e4der och minnesv\u00e4rda upplevelser vid varje sv\u00e4ng. Oavsett om du \u00e4r ute efter \u00e4ventyr eller lugn och ro, kommer denna detaljerade guide att hj\u00e4lpa dig att planera en of\u00f6rgl\u00f6mlig resa.  <\/p>\n\n<figure class=\"wp-block-image size-full\"><img fetchpriority=\"high\" decoding=\"async\" width=\"831\" height=\"467\" src=\"https:\/\/usa-b2.com\/wp-content\/uploads\/2025\/01\/Pacific-Coast-Highway-usa-edited.png\" alt=\"\" class=\"wp-image-6503\" srcset=\"https:\/\/usa-b2.com\/wp-content\/uploads\/2025\/01\/Pacific-Coast-Highway-usa-edited.png 831w, https:\/\/usa-b2.com\/wp-content\/uploads\/2025\/01\/Pacific-Coast-Highway-usa-edited-300x169.png 300w, https:\/\/usa-b2.com\/wp-content\/uploads\/2025\/01\/Pacific-Coast-Highway-usa-edited-768x432.png 768w\" sizes=\"(max-width: 831px) 100vw, 831px\" \/><\/figure>\n\n<h2 class=\"wp-block-heading\">Varf\u00f6r bes\u00f6ka Pacific Coast Highway?<\/h2>\n\n<p>Pacific Coast Highway \u00e4r en sann hyllning till <a href=\"https:\/\/www.ca.gov\/\">Kaliforniens<\/a> m\u00e5ngfald och naturliga sk\u00f6nhet. N\u00e4r du f\u00e4rdas l\u00e4ngs denna ikoniska rutt passerar du genom en m\u00e4ngd olika landskap som tar dig fr\u00e5n gyllene str\u00e4nder till robusta klippor, fr\u00e5n frodiga skogar till livliga st\u00e4der. Det \u00e4r en resa d\u00e4r varje \u00f6gonblick erbjuder en ny uppt\u00e4ckt, oavsett om det \u00e4r panoramautsikt \u00f6ver Stilla havet eller charmiga byar som ligger inb\u00e4ddade vid kusten.  <\/p>\n\n<p>En av de mest tilltalande aspekterna av PCH \u00e4r dess tempo. Till skillnad fr\u00e5n moderna motorv\u00e4gar inbjuder den h\u00e4r v\u00e4gen till att sakta ner och njuta av varje kilometer. Frekventa stopp \u00e4r inte bara ett alternativ, utan en n\u00f6dv\u00e4ndighet, eftersom spektakul\u00e4ra vyer och unika attraktioner avl\u00f6ser varandra l\u00e4ngs v\u00e4gen. Denna roadtrip \u00e4r idealisk f\u00f6r dem som vill \u00e5terknyta kontakten med naturen, njuta av lugna stunder eller helt enkelt utforska ett h\u00f6rn av paradiset i sin egen takt.   <\/p>\n\n<h2 class=\"wp-block-heading\">M\u00e5ste-sev\u00e4rdheter p\u00e5 resan<\/h2>\n\n<h3 class=\"wp-block-heading\">Mytomspunna landskap<\/h3>\n\n<p>Pacific Coast Highway \u00e4r v\u00e4rldsber\u00f6md f\u00f6r sitt hisnande landskap. Vid Big Sur skapar de spektakul\u00e4ra klipporna som st\u00f6rtar ner i havet en unik atmosf\u00e4r, d\u00e4r varje sv\u00e4ng avsl\u00f6jar ett nytt vykortspanorama. Point Lobos State Natural Reserve \u00e4r ett paradis f\u00f6r natur\u00e4lskare, med stigar l\u00e4ngs kusten och utsikt \u00f6ver sj\u00f6lejon och delfiner.  <\/p>\n\n<p>17-Mile Drive \u00e4r en annan h\u00f6jdpunkt p\u00e5 rutten. P\u00e5 denna privata str\u00e4cka finns ikoniska platser som Lone Cypress och lyxiga golfbanor. H\u00e4r finns en unik atmosf\u00e4r, d\u00e4r lyx blandas med vildvuxen sk\u00f6nhet. Slutligen \u00e4r Hearst Castle ett m\u00e5ste. Denna extravaganta herrg\u00e5rd, som byggdes av tidningsmagnaten William Randolph Hearst, har utsikt \u00f6ver havet och erbjuder en fascinerande rundtur i historia och \u00f6verfl\u00f6d.    <\/p>\n\n<h4 class=\"wp-block-heading\">Lista \u00f6ver sev\u00e4rdheter som m\u00e5ste ses:<\/h4>\n\n<ul class=\"wp-block-list\">\n<li>Big Sur och dess majest\u00e4tiska klippor<\/li>\n\n\n\n<li>Point Lobos f\u00f6r natur\u00e4lskare<\/li>\n\n\n\n<li><a href=\"https:\/\/hearstcastle.org\/\">Hearst Castle<\/a>, ett arkitektoniskt m\u00e4sterverk<\/li>\n\n\n\n<li>Nationalparker<\/li>\n<\/ul>\n\n<p>Nationalparkerna l\u00e4ngs rutten \u00e4r ocks\u00e5 v\u00e4l v\u00e4rda ett bes\u00f6k. <g id=\"gid_0\">Channel Islands National Park<\/g>, som n\u00e5s fr\u00e5n Ventura, \u00e4r ett paradis f\u00f6r kajakpaddlare, snorklare och vandrare. L\u00e4ngre norrut finns <g id=\"gid_1\">Redwood National<\/g> and State Parks, d\u00e4r de ber\u00f6mda j\u00e4tte-sequoiorna v\u00e4xer, n\u00e5gra av de h\u00f6gsta tr\u00e4den i v\u00e4rlden. Dessa parker \u00e4r det perfekta tillf\u00e4llet att f\u00f6rdjupa dig i unika ekosystem och ta en naturpaus i hj\u00e4rtat av din resa.   <\/p>\n\n<h2 class=\"wp-block-heading\">Var ska man sova l\u00e4ngs PCH?<\/h2>\n\n<h3 class=\"wp-block-heading\">Hotell och vandrarhem<\/h3>\n\n<p>Ditt val av boende kan g\u00f6ra din resa till en \u00e4nnu mer minnesv\u00e4rd upplevelse. Carmel-by-the-Sea, till exempel, \u00e4r en charmig stad d\u00e4r du kan bo p\u00e5 mysiga v\u00e4rdshus eller boutiquehotell. Kullerstensgatorna och konstgallerierna i den h\u00e4r lilla staden g\u00f6r den till ett perfekt stopp f\u00f6r en vilsam natt. L\u00e4ngre s\u00f6derut erbjuder Santa Barbara hotell vid havet som kombinerar komfort och elegans.   <\/p>\n\n<h3 class=\"wp-block-heading\">Campingplatser f\u00f6r total uppslukning<\/h3>\n\n<p>F\u00f6r friluftsentusiaster \u00e4r camping l\u00e4ngs Pacific Coast Highway ett fantastiskt alternativ. Campingplatser som Kirk Creek Campground i Big Sur har direkt utsikt \u00f6ver havet, vilket g\u00f6r att du kan somna till ljudet av v\u00e5gorna. Dessa platser \u00e4r perfekta f\u00f6r dem som vill uppleva Kaliforniens natur till fullo och samtidigt spara pengar p\u00e5 boende.  <\/p>\n\n<h4 class=\"wp-block-heading\">Rekommenderat boende :<\/h4>\n\n<figure class=\"wp-block-table\"><table class=\"has-fixed-layout\"><tbody><tr><td><strong>Stad<\/strong><\/td><td><strong>Typ av boende<\/strong><\/td><td><strong>Rekommenderat namn<\/strong><\/td><\/tr><tr><td>Carmel-by-the-Sea<\/td><td>Boutiquehotell<\/td><td>The Carmel Inn<\/td><\/tr><tr><td>Big Sur<\/td><td>Camping Kirk<\/td><td>Creek campingplats<\/td><\/tr><tr><td>Santa Barbara<\/td><td>Hotell vid havet<\/td><td>Santa Barbara Inn<\/td><\/tr><\/tbody><\/table><\/figure>\n\n<h2 class=\"wp-block-heading\"><br\/>Den perfekta rutten att f\u00f6lja<\/h2>\n\n<h3 class=\"wp-block-heading\">Etapp 1: San Francisco till Monterey<\/h3>\n\n<p>B\u00f6rja din resa i <a href=\"https:\/\/www.sftravel.com\/\">San Francisco<\/a> genom att korsa den legendariska <a href=\"https:\/\/www.goldengate.org\/bridge\/visiting-the-bridge\/\">Golden Gate Bridge.<\/a> Ta dig tid att bes\u00f6ka stadens ikoniska distrikt, till exempel <a href=\"https:\/\/www.fishermanswharf.org\/\">Fisherman&#8217;s Wharf<\/a> och Chinatown, innan du \u00e5ker till <a href=\"https:\/\/monterey.gov\/\">Monterey<\/a>. P\u00e5 v\u00e4gen kan du stanna till vid Half Moon Bay, en lugn strand som \u00e4r idealisk f\u00f6r en picknick. V\u00e4l framme i Monterey f\u00e5r du inte missa det ber\u00f6mda akvariet och <a href=\"https:\/\/canneryrow.com\/experience-cannery-row\/\">Cannery Row<\/a>, en historisk gata full av butiker och restauranger.   <\/p>\n\n<h3 class=\"wp-block-heading\">Etapp 2: Monterey till Big Sur<\/h3>\n\n<p>Den h\u00e4r str\u00e4ckan \u00e4r en av de mest spektakul\u00e4ra p\u00e5 hela rutten. L\u00e4ngs v\u00e4gen kan du stanna till vid Point <g id=\"gid_0\">Lobos State Reserve<\/g> f\u00f6r en vandring l\u00e4ngs kusten. Forts\u00e4tt till <a href=\"https:\/\/www.bigsurcalifornia.org\/\">Big Sur<\/a>, d\u00e4r Bixby Creek Bridge erbjuder en ikonisk utsikt. Utforska ocks\u00e5 McWay Falls, ett unikt vattenfall som faller rakt ner i havet.   <\/p>\n\n<h3 class=\"wp-block-heading\">Etapp 3: Big Sur till Santa Barbara<\/h3>\n\n<p>Passera genom <a href=\"https:\/\/www.slocity.org\/\">San Luis Obispo<\/a> och stanna till p\u00e5 Hearst Castle f\u00f6r en fascinerande rundtur. L\u00e4ngre s\u00f6derut kan du njuta av de lugna str\u00e4nderna i Santa Barbara och utforska den livliga stadsk\u00e4rnan innan du avslutar din resa. <\/p>\n\n<h2 class=\"wp-block-heading\">Tidigare administrativa formaliteter<\/h2>\n\n<p>F\u00f6r att kunna resa p\u00e5 Pacific Coast Highway m\u00e5ste du f\u00f6regripa dina reseformaliteter:<\/p>\n\n<ul class=\"wp-block-list\">\n<li>Kontrollera att ditt <a href=\"https:\/\/usa-b2.com\/sv\/passresor-usa\/\">pass f\u00f6r USA \u00e4r<\/a> giltigt.<\/li>\n\n\n\n<li>Fyll i <a href=\"https:\/\/usa-b2.com\/sv\/formular-esta-on-line\/\">ESTA-formul\u00e4ret online.<\/a> Om ditt land inte ing\u00e5r i <a href=\"https:\/\/usa-b2.com\/sv\/visa-waiver-program\/\">USA:s program f\u00f6r viseringsundantag<\/a> m\u00e5ste du ans\u00f6ka om ett <a href=\"https:\/\/usa-b2.com\/sv\/usa-b1-b2-visum\/\">B1-B2-visum<\/a>. <\/li>\n<\/ul>\n\n<div style=\"height:10px\" aria-hidden=\"true\" class=\"wp-block-spacer\"><\/div>\n\n<h2 class=\"wp-block-heading\">Oemotst\u00e5ndliga fotoplatser<\/h2>\n\n<p>Pacific Coast Highway \u00e4r full av fantastiska platser att f\u00e5nga minnen p\u00e5. Vid <a href=\"https:\/\/mcwayfalls.com\/\">McWay Falls<\/a> erbjuder vattenfallet som faller ner i havet en unik utsikt, medan Bixby Bridge \u00e4r ett ofta fotograferat landm\u00e4rke. F\u00f6r mer konstn\u00e4rliga bilder kan du bege dig till Pfeiffer Beach, som \u00e4r k\u00e4nd f\u00f6r sin lila sand, eller Santa Monica Pier, d\u00e4r solnedg\u00e5ngen skapar ett magiskt ljus. De h\u00e4r platserna \u00e4r perfekta f\u00f6r att f\u00f6reviga din resa och dela minnesv\u00e4rda bilder p\u00e5 sociala n\u00e4tverk.   <\/p>\n\n<h2 class=\"wp-block-heading\">Aktiviteter som passar din profil<\/h2>\n\n<h3 class=\"wp-block-heading\">Par<\/h3>\n\n<p>F\u00f6r par erbjuder PCH romantiska m\u00f6jligheter vid varje v\u00e4ndning. I <a href=\"https:\/\/icilosangeles.fr\/decouvrir-los-angeles\/quartiers\/malibu-beach\/\">Malibu<\/a> kan du boka en middag f\u00f6r tv\u00e5 p\u00e5 en restaurang med utsikt \u00f6ver havet. I Santa Barbara kan du v\u00e4lja en ridtur p\u00e5 h\u00e4stryggen l\u00e4ngs str\u00e4nderna. Dessa intima stunder bidrar till magin i din roadtrip.   <\/p>\n\n<h3 class=\"wp-block-heading\">Med familjen<\/h3>\n\n<p>Familjeresor l\u00e4ngs Pacific Coast Highway \u00e4r en givande upplevelse. Barnen kommer att \u00e4lska Santa Barbara Zoo eller kajakutflykterna i Monterey. Str\u00e4nder som Morro Bay erbjuder ocks\u00e5 avkoppling och n\u00f6je f\u00f6r stora och sm\u00e5.  <\/p>\n\n<p>Pacific Coast Highway \u00e4r en dr\u00f6mrutt som kombinerar storslagna landskap, varierande aktiviteter och minnesv\u00e4rda stopp. Oavsett om du reser som ett par eller en familj erbjuder den h\u00e4r rutten en of\u00f6rgl\u00f6mlig upplevelse d\u00e4r varje stopp \u00e4r en uppt\u00e4ckt. Planera din resa noga och l\u00e5t dig f\u00f6rf\u00f6ras av en av de vackraste v\u00e4garna i v\u00e4rlden.  <\/p>\n","protected":false},"excerpt":{"rendered":"<p>Hur organiserar du din roadtrip p\u00e5 Pacific Coast Highway? Pacific Coast Highway (PCH), officiellt k\u00e4nd som California State Route 1, \u00e4r mycket mer \u00e4n bara en v\u00e4g. Detta band av asfalt l\u00e4ngs den kaliforniska kusten erbjuder fullst\u00e4ndig neds\u00e4nkning i hisnande landskap, pittoreska st\u00e4der och minnesv\u00e4rda upplevelser vid varje sv\u00e4ng. Oavsett om du \u00e4r ute efter [&hellip;]<\/p>\n","protected":false},"author":1,"featured_media":0,"parent":0,"menu_order":0,"comment_status":"closed","ping_status":"closed","template":"","meta":{"footnotes":""},"class_list":["post-6137","page","type-page","status-publish","hentry"],"yoast_head":"<!-- This site is optimized with the Yoast SEO plugin v27.4 - https:\/\/yoast.com\/product\/yoast-seo-wordpress\/ -->\n<title>Resa l\u00e4ngs Pacific Coast Highway i USA - USA B2<\/title>\n<meta name=\"description\" content=\"Uppt\u00e4ck den perfekta resv\u00e4gen, alla obligatoriska stopp, \u00f6vernattningsst\u00e4llen och aktiviteter f\u00f6r att utforska Pacific Coast Highway.\" \/>\n<meta name=\"robots\" content=\"index, follow, max-snippet:-1, max-image-preview:large, max-video-preview:-1\" \/>\n<link rel=\"canonical\" href=\"https:\/\/usa-b2.com\/sv\/stillahavskustens-motorvag\/\" \/>\n<meta property=\"og:locale\" content=\"sv_SE\" \/>\n<meta property=\"og:type\" content=\"article\" \/>\n<meta property=\"og:title\" content=\"Resa l\u00e4ngs Pacific Coast Highway i USA - USA B2\" \/>\n<meta property=\"og:description\" content=\"Uppt\u00e4ck den perfekta resv\u00e4gen, alla obligatoriska stopp, \u00f6vernattningsst\u00e4llen och aktiviteter f\u00f6r att utforska Pacific Coast Highway.\" \/>\n<meta property=\"og:url\" content=\"https:\/\/usa-b2.com\/sv\/stillahavskustens-motorvag\/\" \/>\n<meta property=\"og:site_name\" content=\"USA B2\" \/>\n<meta property=\"article:modified_time\" content=\"2025-10-16T10:14:06+00:00\" \/>\n<meta property=\"og:image\" content=\"https:\/\/usa-b2.com\/wp-content\/uploads\/2025\/01\/Pacific-Coast-Highway-usa-edited.png\" \/>\n\t<meta property=\"og:image:width\" content=\"831\" \/>\n\t<meta property=\"og:image:height\" content=\"467\" \/>\n\t<meta property=\"og:image:type\" content=\"image\/png\" \/>\n<meta name=\"twitter:card\" content=\"summary_large_image\" \/>\n<meta name=\"twitter:label1\" content=\"Ber\u00e4knad l\u00e4stid\" \/>\n\t<meta name=\"twitter:data1\" content=\"6 minuter\" \/>\n<script type=\"application\/ld+json\" class=\"yoast-schema-graph\">{\"@context\":\"https:\\\/\\\/schema.org\",\"@graph\":[{\"@type\":\"WebPage\",\"@id\":\"https:\\\/\\\/usa-b2.com\\\/sv\\\/stillahavskustens-motorvag\\\/\",\"url\":\"https:\\\/\\\/usa-b2.com\\\/sv\\\/stillahavskustens-motorvag\\\/\",\"name\":\"Resa l\u00e4ngs Pacific Coast Highway i USA - USA B2\",\"isPartOf\":{\"@id\":\"https:\\\/\\\/usa-b2.com\\\/sv\\\/#website\"},\"primaryImageOfPage\":{\"@id\":\"https:\\\/\\\/usa-b2.com\\\/sv\\\/stillahavskustens-motorvag\\\/#primaryimage\"},\"image\":{\"@id\":\"https:\\\/\\\/usa-b2.com\\\/sv\\\/stillahavskustens-motorvag\\\/#primaryimage\"},\"thumbnailUrl\":\"https:\\\/\\\/usa-b2.com\\\/wp-content\\\/uploads\\\/2025\\\/01\\\/Pacific-Coast-Highway-usa-edited.png\",\"datePublished\":\"2025-01-15T09:01:21+00:00\",\"dateModified\":\"2025-10-16T10:14:06+00:00\",\"description\":\"Uppt\u00e4ck den perfekta resv\u00e4gen, alla obligatoriska stopp, \u00f6vernattningsst\u00e4llen och aktiviteter f\u00f6r att utforska Pacific Coast Highway.\",\"breadcrumb\":{\"@id\":\"https:\\\/\\\/usa-b2.com\\\/sv\\\/stillahavskustens-motorvag\\\/#breadcrumb\"},\"inLanguage\":\"sv-SE\",\"potentialAction\":[{\"@type\":\"ReadAction\",\"target\":[\"https:\\\/\\\/usa-b2.com\\\/sv\\\/stillahavskustens-motorvag\\\/\"]}]},{\"@type\":\"ImageObject\",\"inLanguage\":\"sv-SE\",\"@id\":\"https:\\\/\\\/usa-b2.com\\\/sv\\\/stillahavskustens-motorvag\\\/#primaryimage\",\"url\":\"https:\\\/\\\/usa-b2.com\\\/wp-content\\\/uploads\\\/2025\\\/01\\\/Pacific-Coast-Highway-usa-edited.png\",\"contentUrl\":\"https:\\\/\\\/usa-b2.com\\\/wp-content\\\/uploads\\\/2025\\\/01\\\/Pacific-Coast-Highway-usa-edited.png\"},{\"@type\":\"BreadcrumbList\",\"@id\":\"https:\\\/\\\/usa-b2.com\\\/sv\\\/stillahavskustens-motorvag\\\/#breadcrumb\",\"itemListElement\":[{\"@type\":\"ListItem\",\"position\":1,\"name\":\"Accueil\",\"item\":\"https:\\\/\\\/usa-b2.com\\\/sv\\\/usa\\\/\"},{\"@type\":\"ListItem\",\"position\":2,\"name\":\"Resa l\u00e4ngs Pacific Coast Highway i USA\"}]},{\"@type\":\"WebSite\",\"@id\":\"https:\\\/\\\/usa-b2.com\\\/sv\\\/#website\",\"url\":\"https:\\\/\\\/usa-b2.com\\\/sv\\\/\",\"name\":\"USA B2 VISA\",\"description\":\"\",\"potentialAction\":[{\"@type\":\"SearchAction\",\"target\":{\"@type\":\"EntryPoint\",\"urlTemplate\":\"https:\\\/\\\/usa-b2.com\\\/sv\\\/?s={search_term_string}\"},\"query-input\":{\"@type\":\"PropertyValueSpecification\",\"valueRequired\":true,\"valueName\":\"search_term_string\"}}],\"inLanguage\":\"sv-SE\"}]}<\/script>\n<!-- \/ Yoast SEO plugin. -->","yoast_head_json":{"title":"Resa l\u00e4ngs Pacific Coast Highway i USA - USA B2","description":"Uppt\u00e4ck den perfekta resv\u00e4gen, alla obligatoriska stopp, \u00f6vernattningsst\u00e4llen och aktiviteter f\u00f6r att utforska Pacific Coast Highway.","robots":{"index":"index","follow":"follow","max-snippet":"max-snippet:-1","max-image-preview":"max-image-preview:large","max-video-preview":"max-video-preview:-1"},"canonical":"https:\/\/usa-b2.com\/sv\/stillahavskustens-motorvag\/","og_locale":"sv_SE","og_type":"article","og_title":"Resa l\u00e4ngs Pacific Coast Highway i USA - USA B2","og_description":"Uppt\u00e4ck den perfekta resv\u00e4gen, alla obligatoriska stopp, \u00f6vernattningsst\u00e4llen och aktiviteter f\u00f6r att utforska Pacific Coast Highway.","og_url":"https:\/\/usa-b2.com\/sv\/stillahavskustens-motorvag\/","og_site_name":"USA B2","article_modified_time":"2025-10-16T10:14:06+00:00","og_image":[{"width":831,"height":467,"url":"https:\/\/usa-b2.com\/wp-content\/uploads\/2025\/01\/Pacific-Coast-Highway-usa-edited.png","type":"image\/png"}],"twitter_card":"summary_large_image","twitter_misc":{"Ber\u00e4knad l\u00e4stid":"6 minuter"},"schema":{"@context":"https:\/\/schema.org","@graph":[{"@type":"WebPage","@id":"https:\/\/usa-b2.com\/sv\/stillahavskustens-motorvag\/","url":"https:\/\/usa-b2.com\/sv\/stillahavskustens-motorvag\/","name":"Resa l\u00e4ngs Pacific Coast Highway i USA - USA B2","isPartOf":{"@id":"https:\/\/usa-b2.com\/sv\/#website"},"primaryImageOfPage":{"@id":"https:\/\/usa-b2.com\/sv\/stillahavskustens-motorvag\/#primaryimage"},"image":{"@id":"https:\/\/usa-b2.com\/sv\/stillahavskustens-motorvag\/#primaryimage"},"thumbnailUrl":"https:\/\/usa-b2.com\/wp-content\/uploads\/2025\/01\/Pacific-Coast-Highway-usa-edited.png","datePublished":"2025-01-15T09:01:21+00:00","dateModified":"2025-10-16T10:14:06+00:00","description":"Uppt\u00e4ck den perfekta resv\u00e4gen, alla obligatoriska stopp, \u00f6vernattningsst\u00e4llen och aktiviteter f\u00f6r att utforska Pacific Coast Highway.","breadcrumb":{"@id":"https:\/\/usa-b2.com\/sv\/stillahavskustens-motorvag\/#breadcrumb"},"inLanguage":"sv-SE","potentialAction":[{"@type":"ReadAction","target":["https:\/\/usa-b2.com\/sv\/stillahavskustens-motorvag\/"]}]},{"@type":"ImageObject","inLanguage":"sv-SE","@id":"https:\/\/usa-b2.com\/sv\/stillahavskustens-motorvag\/#primaryimage","url":"https:\/\/usa-b2.com\/wp-content\/uploads\/2025\/01\/Pacific-Coast-Highway-usa-edited.png","contentUrl":"https:\/\/usa-b2.com\/wp-content\/uploads\/2025\/01\/Pacific-Coast-Highway-usa-edited.png"},{"@type":"BreadcrumbList","@id":"https:\/\/usa-b2.com\/sv\/stillahavskustens-motorvag\/#breadcrumb","itemListElement":[{"@type":"ListItem","position":1,"name":"Accueil","item":"https:\/\/usa-b2.com\/sv\/usa\/"},{"@type":"ListItem","position":2,"name":"Resa l\u00e4ngs Pacific Coast Highway i USA"}]},{"@type":"WebSite","@id":"https:\/\/usa-b2.com\/sv\/#website","url":"https:\/\/usa-b2.com\/sv\/","name":"USA B2 VISA","description":"","potentialAction":[{"@type":"SearchAction","target":{"@type":"EntryPoint","urlTemplate":"https:\/\/usa-b2.com\/sv\/?s={search_term_string}"},"query-input":{"@type":"PropertyValueSpecification","valueRequired":true,"valueName":"search_term_string"}}],"inLanguage":"sv-SE"}]}},"_links":{"self":[{"href":"https:\/\/usa-b2.com\/sv\/wp-json\/wp\/v2\/pages\/6137","targetHints":{"allow":["GET"]}}],"collection":[{"href":"https:\/\/usa-b2.com\/sv\/wp-json\/wp\/v2\/pages"}],"about":[{"href":"https:\/\/usa-b2.com\/sv\/wp-json\/wp\/v2\/types\/page"}],"author":[{"embeddable":true,"href":"https:\/\/usa-b2.com\/sv\/wp-json\/wp\/v2\/users\/1"}],"replies":[{"embeddable":true,"href":"https:\/\/usa-b2.com\/sv\/wp-json\/wp\/v2\/comments?post=6137"}],"version-history":[{"count":2,"href":"https:\/\/usa-b2.com\/sv\/wp-json\/wp\/v2\/pages\/6137\/revisions"}],"predecessor-version":[{"id":10650,"href":"https:\/\/usa-b2.com\/sv\/wp-json\/wp\/v2\/pages\/6137\/revisions\/10650"}],"wp:attachment":[{"href":"https:\/\/usa-b2.com\/sv\/wp-json\/wp\/v2\/media?parent=6137"}],"curies":[{"name":"wp","href":"https:\/\/api.w.org\/{rel}","templated":true}]}}