{"id":460,"date":"2024-02-10T17:10:38","date_gmt":"2024-02-10T17:10:38","guid":{"rendered":"https:\/\/usa-b2.com\/besoksvisum-usa\/"},"modified":"2025-10-14T10:19:11","modified_gmt":"2025-10-14T10:19:11","slug":"besoksvisum-usa","status":"publish","type":"page","link":"https:\/\/usa-b2.com\/sv\/besoksvisum-usa\/","title":{"rendered":"Bes\u00f6ksvisum f\u00f6r resor till USA"},"content":{"rendered":"\n<h1 class=\"wp-block-heading\">Bes\u00f6ksvisum f\u00f6r USA<\/h1>\n\n<h2 class=\"wp-block-heading\">Vad \u00e4r ett bes\u00f6ksvisum f\u00f6r F\u00f6renta staterna?<\/h2>\n\n<p>Ett amerikanskt bes\u00f6ksvisum till\u00e5ter utl\u00e4ndska medborgare att vistas i USA under en begr\u00e4nsad period: den f\u00f6rsta vistelsen \u00e4r begr\u00e4nsad till 6 m\u00e5nader. Bes\u00f6ksvisum kan f\u00f6rnyas flera g\u00e5nger.   <\/p>\n\n<p>Det finns tv\u00e5 typer av bes\u00f6ksvisum, beroende p\u00e5 syftet med bes\u00f6ket:<\/p>\n\n<ul class=\"wp-block-list\">\n<li><a href=\"https:\/\/usa-b2.com\/sv\/visum-b1-usa\/\">B1-visumet<\/a> \u00e4r ett visum f\u00f6r att g\u00f6ra aff\u00e4rer i USA.<\/li>\n\n\n\n<li><a href=\"https:\/\/usa-b2.com\/sv\/visum-b2\/\">B2-visumet<\/a> \u00e4r ett turistvisum som ger dig r\u00e4tt att bes\u00f6ka USA och h\u00e4lsa p\u00e5 v\u00e4nner eller familj d\u00e4r.<\/li>\n<\/ul>\n\n<div style=\"height:10px\" aria-hidden=\"true\" class=\"wp-block-spacer\"><\/div>\n\n<h2 class=\"wp-block-heading\">Vilka \u00e4r skillnaderna mellan B1- och B2-visum?<\/h2>\n\n<p>Den st\u00f6rsta skillnaden mellan de tv\u00e5 visumtyperna \u00e4r syftet med vistelsen: B1-visumet utf\u00e4rdas av yrkesm\u00e4ssiga sk\u00e4l, medan B2-visumet \u00e4r avsett f\u00f6r turist- och familjevistelser i USA.  <\/p>\n\n<p>F\u00f6r \u00f6vrigt \u00e4r de tv\u00e5 viseringarna i kategori B ganska lika. De utf\u00e4rdas f\u00f6r en period p\u00e5 sex m\u00e5nader, med m\u00f6jlighet till f\u00f6rl\u00e4ngning i upp till ett \u00e5r. Det finns ingen gr\u00e4ns f\u00f6r antalet viseringsf\u00f6rnyelser.  <\/p>\n\n<h2 class=\"wp-block-heading\">Vilka aktiviteter \u00e4r f\u00f6rbjudna p\u00e5 ett B1\/B2-visum?<\/h2>\n\n<p>Innehavare av ett B1\/B2-visum f\u00e5r resa till USA, men vissa aktiviteter \u00e4r f\u00f6rbjudna. F\u00f6ljande \u00e4r de huvudsakliga aktiviteter som \u00e4r f\u00f6rbjudna f\u00f6r innehavare av ett B1\/B2-visum: <\/p>\n\n<ul class=\"wp-block-list\">\n<li>Han kan inte arbeta i USA;<\/li>\n\n\n\n<li>Han kan inte bli student;<\/li>\n\n\n\n<li>Han f\u00e5r inte g\u00e5 ombord som bes\u00e4ttningsmedlem p\u00e5 ett luftfartyg eller fartyg;<\/li>\n\n\n\n<li>Han kan inte f\u00f6rs\u00f6ka f\u00e5 permanent uppeh\u00e5llstillst\u00e5nd i USA.<\/li>\n<\/ul>\n\n<div style=\"height:10px\" aria-hidden=\"true\" class=\"wp-block-spacer\"><\/div>\n\n<h2 class=\"wp-block-heading\">Hur ans\u00f6ker jag om ett B1\/B2-visum?<\/h2>\n\n<p><a href=\"https:\/\/usa-b2.com\/sv\/ansokningsforfarande-b2-visum\/\">Visumans\u00f6kningsf\u00f6rfarandet<\/a> genomf\u00f6rs huvudsakligen online. Processen best\u00e5r av fem steg i f\u00f6ljande ordning:<\/p>\n\n<ol class=\"wp-block-list\">\n<li>Fyll i <a href=\"https:\/\/usa-b2.com\/sv\/ds-160\/\">formul\u00e4r DS-160<\/a> online f\u00f6r att inleda f\u00f6rfarandet<\/li>\n\n\n\n<li>Betala <a href=\"https:\/\/usa-b2.com\/sv\/avgifter-b2-visum\/\">viseringsavgiften<\/a> f\u00f6r att validera viseringsans\u00f6kan<\/li>\n\n\n\n<li>Boka tid f\u00f6r en <a href=\"https:\/\/usa-b2.com\/sv\/visumbokning-usa-ambassad\/\">visumintervju p\u00e5 ambassaden<\/a><\/li>\n\n\n\n<li>Samla alla styrkande handlingar f\u00f6r viseringsans\u00f6kan<\/li>\n\n\n\n<li>Delta i intervjun f\u00f6r att f\u00e5 visum p\u00e5 <a href=\"https:\/\/usa-b2.com\/sv\/passresor-usa\/\">passet f\u00f6r att resa till USA.<\/a><\/li>\n<\/ol>\n\n<div style=\"height:10px\" aria-hidden=\"true\" class=\"wp-block-spacer\"><\/div>\n\n<h2 class=\"wp-block-heading\">Varaktighet och giltighetstid f\u00f6r B1\/B2-visering<\/h2>\n\n<p>B1\/B2-visumet kan vara giltigt i upp till <strong>10 \u00e5r<\/strong>, med individuella vistelser som i allm\u00e4nhet \u00e4r begr\u00e4nsade till h\u00f6gst <strong>6 m\u00e5nader<\/strong> per inresa. Den exakta l\u00e4ngden best\u00e4ms av immigrationstj\u00e4nstemannen n\u00e4r du anl\u00e4nder till USA. <\/p>\n\n<h2 class=\"wp-block-heading\">Vanliga fr\u00e5gor om B1\/B2-visum<\/h2>\n\n<h3 class=\"wp-block-heading\">Hur l\u00e5ng tid tar det att f\u00e5 ett B1\/B2-visum?<\/h3>\n\n<p>Behandlingstiderna varierar, men tar i allm\u00e4nhet mellan 2 och 8 veckor efter intervjun.<\/p>\n\n<h3 class=\"wp-block-heading\">Kan jag arbeta i USA med ett B1\/B2-visum?<\/h3>\n\n<p>Nej. B1\/B2-visumet ger dig inte r\u00e4tt att arbeta i USA. Du m\u00e5ste ans\u00f6ka om ett arbetsvisum om du vill ta ett avl\u00f6nat arbete.  <\/p>\n\n<h3 class=\"wp-block-heading\">Vad ska jag g\u00f6ra om jag f\u00e5r avslag?<\/h3>\n\n<p>Om du f\u00e5r avslag p\u00e5 din ans\u00f6kan f\u00e5r du ett brev med en motivering. Du kan r\u00e4tta till bristerna i din ans\u00f6kan och l\u00e4mna in en ny ans\u00f6kan. <\/p>\n\n<h3 class=\"wp-block-heading\">Kan jag f\u00f6rl\u00e4nga min vistelse med ett B1\/B2-visum?<\/h3>\n\n<p>Ja, du kan ans\u00f6ka om f\u00f6rl\u00e4ngd vistelse om du redan befinner dig i USA. Ans\u00f6kan m\u00e5ste l\u00e4mnas in till <g id=\"gid_0\">USCIS (United States Citizenship and Immigration Services)<\/g> innan den till\u00e5tna perioden l\u00f6per ut. Du m\u00e5ste l\u00e4mna in en solid motivering, t.ex. giltiga sk\u00e4l f\u00f6r att stanna l\u00e4ngre och bevis p\u00e5 dina ekonomiska resurser.  <\/p>\n\n<h3 class=\"wp-block-heading\">Garanterar B1\/B2-visumet min inresa till USA?<\/h3>\n\n<p>Nej. Ett B1\/B2-visum g\u00f6r att du kan <strong>resa<\/strong> till <strong>USA<\/strong>, men inresan avg\u00f6rs av immigrationstj\u00e4nstemannen vid gr\u00e4ns\u00f6verg\u00e5ngen. Tj\u00e4nstemannen kan neka dig inresa om det finns tvivel om dina avsikter eller om dina handlingar inte \u00e4r i ordning.  <\/p>\n\n<h3 class=\"wp-block-heading\">Kan jag ta med mig min familj p\u00e5 ett B1\/B2-visum?<\/h3>\n\n<p>Ja, men varje familjemedlem, inklusive barn, m\u00e5ste ans\u00f6ka om och f\u00e5 ett eget B1\/B2-visum.<\/p>\n","protected":false},"excerpt":{"rendered":"<p>Bes\u00f6ksvisum f\u00f6r USA Vad \u00e4r ett bes\u00f6ksvisum f\u00f6r F\u00f6renta staterna? Ett amerikanskt bes\u00f6ksvisum till\u00e5ter utl\u00e4ndska medborgare att vistas i USA under en begr\u00e4nsad period: den f\u00f6rsta vistelsen \u00e4r begr\u00e4nsad till 6 m\u00e5nader. Bes\u00f6ksvisum kan f\u00f6rnyas flera g\u00e5nger. Det finns tv\u00e5 typer av bes\u00f6ksvisum, beroende p\u00e5 syftet med bes\u00f6ket: Vilka \u00e4r skillnaderna mellan B1- och B2-visum? [&hellip;]<\/p>\n","protected":false},"author":1,"featured_media":0,"parent":0,"menu_order":0,"comment_status":"closed","ping_status":"closed","template":"","meta":{"footnotes":""},"class_list":["post-460","page","type-page","status-publish","hentry"],"yoast_head":"<!-- This site is optimized with the Yoast SEO plugin v27.4 - https:\/\/yoast.com\/product\/yoast-seo-wordpress\/ -->\n<title>Bes\u00f6ksvisum f\u00f6r resor till USA - USA B2<\/title>\n<meta name=\"description\" content=\"Hur man f\u00e5r ett amerikanskt bes\u00f6ksvisum online f\u00f6r att stanna i USA i flera m\u00e5nader p\u00e5 plats\" \/>\n<meta name=\"robots\" content=\"index, follow, max-snippet:-1, max-image-preview:large, max-video-preview:-1\" \/>\n<link rel=\"canonical\" href=\"https:\/\/usa-b2.com\/sv\/besoksvisum-usa\/\" \/>\n<meta property=\"og:locale\" content=\"sv_SE\" \/>\n<meta property=\"og:type\" content=\"article\" \/>\n<meta property=\"og:title\" content=\"Bes\u00f6ksvisum f\u00f6r resor till USA - USA B2\" \/>\n<meta property=\"og:description\" content=\"Hur man f\u00e5r ett amerikanskt bes\u00f6ksvisum online f\u00f6r att stanna i USA i flera m\u00e5nader p\u00e5 plats\" \/>\n<meta property=\"og:url\" content=\"https:\/\/usa-b2.com\/sv\/besoksvisum-usa\/\" \/>\n<meta property=\"og:site_name\" content=\"USA B2\" \/>\n<meta property=\"article:modified_time\" content=\"2025-10-14T10:19:11+00:00\" \/>\n<meta name=\"twitter:card\" content=\"summary_large_image\" \/>\n<meta name=\"twitter:label1\" content=\"Ber\u00e4knad l\u00e4stid\" \/>\n\t<meta name=\"twitter:data1\" content=\"3 minuter\" \/>\n<script type=\"application\/ld+json\" class=\"yoast-schema-graph\">{\"@context\":\"https:\\\/\\\/schema.org\",\"@graph\":[{\"@type\":\"WebPage\",\"@id\":\"https:\\\/\\\/usa-b2.com\\\/sv\\\/besoksvisum-usa\\\/\",\"url\":\"https:\\\/\\\/usa-b2.com\\\/sv\\\/besoksvisum-usa\\\/\",\"name\":\"Bes\u00f6ksvisum f\u00f6r resor till USA - USA B2\",\"isPartOf\":{\"@id\":\"https:\\\/\\\/usa-b2.com\\\/sv\\\/#website\"},\"datePublished\":\"2024-02-10T17:10:38+00:00\",\"dateModified\":\"2025-10-14T10:19:11+00:00\",\"description\":\"Hur man f\u00e5r ett amerikanskt bes\u00f6ksvisum online f\u00f6r att stanna i USA i flera m\u00e5nader p\u00e5 plats\",\"breadcrumb\":{\"@id\":\"https:\\\/\\\/usa-b2.com\\\/sv\\\/besoksvisum-usa\\\/#breadcrumb\"},\"inLanguage\":\"sv-SE\",\"potentialAction\":[{\"@type\":\"ReadAction\",\"target\":[\"https:\\\/\\\/usa-b2.com\\\/sv\\\/besoksvisum-usa\\\/\"]}]},{\"@type\":\"BreadcrumbList\",\"@id\":\"https:\\\/\\\/usa-b2.com\\\/sv\\\/besoksvisum-usa\\\/#breadcrumb\",\"itemListElement\":[{\"@type\":\"ListItem\",\"position\":1,\"name\":\"Accueil\",\"item\":\"https:\\\/\\\/usa-b2.com\\\/sv\\\/usa\\\/\"},{\"@type\":\"ListItem\",\"position\":2,\"name\":\"Bes\u00f6ksvisum f\u00f6r resor till USA\"}]},{\"@type\":\"WebSite\",\"@id\":\"https:\\\/\\\/usa-b2.com\\\/sv\\\/#website\",\"url\":\"https:\\\/\\\/usa-b2.com\\\/sv\\\/\",\"name\":\"USA B2 VISA\",\"description\":\"\",\"potentialAction\":[{\"@type\":\"SearchAction\",\"target\":{\"@type\":\"EntryPoint\",\"urlTemplate\":\"https:\\\/\\\/usa-b2.com\\\/sv\\\/?s={search_term_string}\"},\"query-input\":{\"@type\":\"PropertyValueSpecification\",\"valueRequired\":true,\"valueName\":\"search_term_string\"}}],\"inLanguage\":\"sv-SE\"}]}<\/script>\n<!-- \/ Yoast SEO plugin. -->","yoast_head_json":{"title":"Bes\u00f6ksvisum f\u00f6r resor till USA - USA B2","description":"Hur man f\u00e5r ett amerikanskt bes\u00f6ksvisum online f\u00f6r att stanna i USA i flera m\u00e5nader p\u00e5 plats","robots":{"index":"index","follow":"follow","max-snippet":"max-snippet:-1","max-image-preview":"max-image-preview:large","max-video-preview":"max-video-preview:-1"},"canonical":"https:\/\/usa-b2.com\/sv\/besoksvisum-usa\/","og_locale":"sv_SE","og_type":"article","og_title":"Bes\u00f6ksvisum f\u00f6r resor till USA - USA B2","og_description":"Hur man f\u00e5r ett amerikanskt bes\u00f6ksvisum online f\u00f6r att stanna i USA i flera m\u00e5nader p\u00e5 plats","og_url":"https:\/\/usa-b2.com\/sv\/besoksvisum-usa\/","og_site_name":"USA B2","article_modified_time":"2025-10-14T10:19:11+00:00","twitter_card":"summary_large_image","twitter_misc":{"Ber\u00e4knad l\u00e4stid":"3 minuter"},"schema":{"@context":"https:\/\/schema.org","@graph":[{"@type":"WebPage","@id":"https:\/\/usa-b2.com\/sv\/besoksvisum-usa\/","url":"https:\/\/usa-b2.com\/sv\/besoksvisum-usa\/","name":"Bes\u00f6ksvisum f\u00f6r resor till USA - USA B2","isPartOf":{"@id":"https:\/\/usa-b2.com\/sv\/#website"},"datePublished":"2024-02-10T17:10:38+00:00","dateModified":"2025-10-14T10:19:11+00:00","description":"Hur man f\u00e5r ett amerikanskt bes\u00f6ksvisum online f\u00f6r att stanna i USA i flera m\u00e5nader p\u00e5 plats","breadcrumb":{"@id":"https:\/\/usa-b2.com\/sv\/besoksvisum-usa\/#breadcrumb"},"inLanguage":"sv-SE","potentialAction":[{"@type":"ReadAction","target":["https:\/\/usa-b2.com\/sv\/besoksvisum-usa\/"]}]},{"@type":"BreadcrumbList","@id":"https:\/\/usa-b2.com\/sv\/besoksvisum-usa\/#breadcrumb","itemListElement":[{"@type":"ListItem","position":1,"name":"Accueil","item":"https:\/\/usa-b2.com\/sv\/usa\/"},{"@type":"ListItem","position":2,"name":"Bes\u00f6ksvisum f\u00f6r resor till USA"}]},{"@type":"WebSite","@id":"https:\/\/usa-b2.com\/sv\/#website","url":"https:\/\/usa-b2.com\/sv\/","name":"USA B2 VISA","description":"","potentialAction":[{"@type":"SearchAction","target":{"@type":"EntryPoint","urlTemplate":"https:\/\/usa-b2.com\/sv\/?s={search_term_string}"},"query-input":{"@type":"PropertyValueSpecification","valueRequired":true,"valueName":"search_term_string"}}],"inLanguage":"sv-SE"}]}},"_links":{"self":[{"href":"https:\/\/usa-b2.com\/sv\/wp-json\/wp\/v2\/pages\/460","targetHints":{"allow":["GET"]}}],"collection":[{"href":"https:\/\/usa-b2.com\/sv\/wp-json\/wp\/v2\/pages"}],"about":[{"href":"https:\/\/usa-b2.com\/sv\/wp-json\/wp\/v2\/types\/page"}],"author":[{"embeddable":true,"href":"https:\/\/usa-b2.com\/sv\/wp-json\/wp\/v2\/users\/1"}],"replies":[{"embeddable":true,"href":"https:\/\/usa-b2.com\/sv\/wp-json\/wp\/v2\/comments?post=460"}],"version-history":[{"count":2,"href":"https:\/\/usa-b2.com\/sv\/wp-json\/wp\/v2\/pages\/460\/revisions"}],"predecessor-version":[{"id":10227,"href":"https:\/\/usa-b2.com\/sv\/wp-json\/wp\/v2\/pages\/460\/revisions\/10227"}],"wp:attachment":[{"href":"https:\/\/usa-b2.com\/sv\/wp-json\/wp\/v2\/media?parent=460"}],"curies":[{"name":"wp","href":"https:\/\/api.w.org\/{rel}","templated":true}]}}