{"id":4539,"date":"2024-11-18T12:39:44","date_gmt":"2024-11-18T12:39:44","guid":{"rendered":"https:\/\/usa-b2.com\/passresor-usa\/"},"modified":"2025-11-04T15:51:20","modified_gmt":"2025-11-04T15:51:20","slug":"passresor-usa","status":"publish","type":"page","link":"https:\/\/usa-b2.com\/sv\/passresor-usa\/","title":{"rendered":"Vilket pass ska jag anv\u00e4nda f\u00f6r att resa till USA?"},"content":{"rendered":"\n<h1 class=\"wp-block-heading\">Vilka typer av pass \u00e4r till\u00e5tna f\u00f6r inresa till USA?<\/h1>\n\n<p>F\u00f6r att resa till USA g\u00e4ller vissa specifika krav p\u00e5 typ av pass. F\u00f6ljande kriterier g\u00e4ller f\u00f6r utl\u00e4ndska resen\u00e4rer som vill resa in i USA:<\/p>\n\n<ul class=\"wp-block-list\">\n<li>Resen\u00e4rens pass m\u00e5ste vara biometriskt eller elektroniskt.<\/li>\n\n\n\n<li>Passet m\u00e5ste vara giltigt i minst 6 m\u00e5nader efter det planerade avresedatumet fr\u00e5n USA.<\/li>\n<\/ul>\n\n<div style=\"height:10px\" aria-hidden=\"true\" class=\"wp-block-spacer\"><\/div>\n\n<p><strong>V\u00e4nligen notera detta:<\/strong> Passets giltighet p\u00e5verkar ocks\u00e5 giltigheten f\u00f6r det tillh\u00f6rande resetillst\u00e5ndet. Om ditt pass g\u00e5r ut blir den visering som finns i passet automatiskt ogiltig. Du m\u00e5ste f\u00f6rnya visumet hos en <a href=\"https:\/\/usa-b2.com\/sv\/usa-ambassad\/\">amerikansk ambassad<\/a> n\u00e4r det nya passet utf\u00e4rdas.  <\/p>\n\n<h2 class=\"wp-block-heading\">Vad \u00e4r ett biometriskt pass?<\/h2>\n\n<p>Det biometriska passet inneb\u00e4r ett betydande steg fram\u00e5t n\u00e4r det g\u00e4ller s\u00e4kerheten f\u00f6r resehandlingar i USA. Denna typ av pass \u00e4r f\u00f6rsett med ett elektroniskt chip som lagrar biometriska data som \u00e4r n\u00f6dv\u00e4ndiga f\u00f6r innehavaren. Denna information omfattar :<\/p>\n\n<ul class=\"wp-block-list\">\n<li>Personuppgifter s\u00e5som namn, f\u00f6delsedatum och adress.<\/li>\n\n\n\n<li>Biometriska data s\u00e5som ansiktsbilder och fingeravtryck.<\/li>\n<\/ul>\n\n<div style=\"height:10px\" aria-hidden=\"true\" class=\"wp-block-spacer\"><\/div>\n\n<p>Huvudsyftet med det biometriska passet \u00e4r att f\u00f6rb\u00e4ttra s\u00e4kerheten och begr\u00e4nsa risken f\u00f6r bedr\u00e4geri eller f\u00f6rfalskning. Typen av pass kommer att kontrolleras under <a href=\"https:\/\/usa-b2.com\/sv\/ansokningsforfarande-b2-visum\/\">viseringsans\u00f6kningsf\u00f6rfarandet<\/a>. <\/p>\n\n<h2 class=\"wp-block-heading\">Vad \u00e4r skillnaden mellan ett biometriskt pass och ett elektroniskt pass?<\/h2>\n\n<p>Ett elektroniskt pass \u00e4r en resehandling som inneh\u00e5ller ett elektroniskt chip f\u00f6r lagring av identifieringsinformation. Alla biometriska pass \u00e4r elektroniska pass, men vissa l\u00e4nder skiljer mellan de tv\u00e5 begreppen. Ett biometriskt pass inneh\u00e5ller specifika uppgifter, t.ex. fingeravtryck eller ansiktsskanning, vilket inte systematiskt \u00e4r fallet f\u00f6r alla elektroniska pass.<\/p>\n\n<h2 class=\"wp-block-heading\">Hur k\u00e4nner du igen ett biometriskt eller elektroniskt pass?<\/h2>\n\n<p>F\u00f6r att se om ditt pass \u00e4r biometriskt eller elektroniskt ska du leta efter guldsymbolen under ordet &#8221;Passport&#8221; p\u00e5 omslaget. Detta piktogram, som f\u00f6rest\u00e4ller en cirkel mellan tv\u00e5 tjocka linjer, \u00e4r en tydlig indikation p\u00e5 att passet har ett integrerat elektroniskt chip. <\/p>\n","protected":false},"excerpt":{"rendered":"<p>Vilka typer av pass \u00e4r till\u00e5tna f\u00f6r inresa till USA? F\u00f6r att resa till USA g\u00e4ller vissa specifika krav p\u00e5 typ av pass. F\u00f6ljande kriterier g\u00e4ller f\u00f6r utl\u00e4ndska resen\u00e4rer som vill resa in i USA: V\u00e4nligen notera detta: Passets giltighet p\u00e5verkar ocks\u00e5 giltigheten f\u00f6r det tillh\u00f6rande resetillst\u00e5ndet. Om ditt pass g\u00e5r ut blir den visering [&hellip;]<\/p>\n","protected":false},"author":1,"featured_media":0,"parent":0,"menu_order":0,"comment_status":"closed","ping_status":"closed","template":"","meta":{"footnotes":""},"class_list":["post-4539","page","type-page","status-publish","hentry"],"yoast_head":"<!-- This site is optimized with the Yoast SEO plugin v27.4 - https:\/\/yoast.com\/product\/yoast-seo-wordpress\/ -->\n<title>Vilket pass ska jag anv\u00e4nda f\u00f6r att resa till USA? - USA B2<\/title>\n<meta name=\"description\" content=\"F\u00f6renta staterna st\u00e4ller vissa krav p\u00e5 typen av pass f\u00f6r resen\u00e4rer som vill resa in i F\u00f6renta staterna\" \/>\n<meta name=\"robots\" content=\"index, follow, max-snippet:-1, max-image-preview:large, max-video-preview:-1\" \/>\n<link rel=\"canonical\" href=\"https:\/\/usa-b2.com\/sv\/passresor-usa\/\" \/>\n<meta property=\"og:locale\" content=\"sv_SE\" \/>\n<meta property=\"og:type\" content=\"article\" \/>\n<meta property=\"og:title\" content=\"Vilket pass ska jag anv\u00e4nda f\u00f6r att resa till USA? - USA B2\" \/>\n<meta property=\"og:description\" content=\"F\u00f6renta staterna st\u00e4ller vissa krav p\u00e5 typen av pass f\u00f6r resen\u00e4rer som vill resa in i F\u00f6renta staterna\" \/>\n<meta property=\"og:url\" content=\"https:\/\/usa-b2.com\/sv\/passresor-usa\/\" \/>\n<meta property=\"og:site_name\" content=\"USA B2\" \/>\n<meta property=\"article:modified_time\" content=\"2025-11-04T15:51:20+00:00\" \/>\n<meta name=\"twitter:card\" content=\"summary_large_image\" \/>\n<meta name=\"twitter:label1\" content=\"Ber\u00e4knad l\u00e4stid\" \/>\n\t<meta name=\"twitter:data1\" content=\"2 minuter\" \/>\n<script type=\"application\/ld+json\" class=\"yoast-schema-graph\">{\"@context\":\"https:\\\/\\\/schema.org\",\"@graph\":[{\"@type\":\"WebPage\",\"@id\":\"https:\\\/\\\/usa-b2.com\\\/sv\\\/passresor-usa\\\/\",\"url\":\"https:\\\/\\\/usa-b2.com\\\/sv\\\/passresor-usa\\\/\",\"name\":\"Vilket pass ska jag anv\u00e4nda f\u00f6r att resa till USA? - USA B2\",\"isPartOf\":{\"@id\":\"https:\\\/\\\/usa-b2.com\\\/sv\\\/#website\"},\"datePublished\":\"2024-11-18T12:39:44+00:00\",\"dateModified\":\"2025-11-04T15:51:20+00:00\",\"description\":\"F\u00f6renta staterna st\u00e4ller vissa krav p\u00e5 typen av pass f\u00f6r resen\u00e4rer som vill resa in i F\u00f6renta staterna\",\"breadcrumb\":{\"@id\":\"https:\\\/\\\/usa-b2.com\\\/sv\\\/passresor-usa\\\/#breadcrumb\"},\"inLanguage\":\"sv-SE\",\"potentialAction\":[{\"@type\":\"ReadAction\",\"target\":[\"https:\\\/\\\/usa-b2.com\\\/sv\\\/passresor-usa\\\/\"]}]},{\"@type\":\"BreadcrumbList\",\"@id\":\"https:\\\/\\\/usa-b2.com\\\/sv\\\/passresor-usa\\\/#breadcrumb\",\"itemListElement\":[{\"@type\":\"ListItem\",\"position\":1,\"name\":\"Accueil\",\"item\":\"https:\\\/\\\/usa-b2.com\\\/sv\\\/usa\\\/\"},{\"@type\":\"ListItem\",\"position\":2,\"name\":\"Vilket pass ska jag anv\u00e4nda f\u00f6r att resa till USA?\"}]},{\"@type\":\"WebSite\",\"@id\":\"https:\\\/\\\/usa-b2.com\\\/sv\\\/#website\",\"url\":\"https:\\\/\\\/usa-b2.com\\\/sv\\\/\",\"name\":\"USA B2 VISA\",\"description\":\"\",\"potentialAction\":[{\"@type\":\"SearchAction\",\"target\":{\"@type\":\"EntryPoint\",\"urlTemplate\":\"https:\\\/\\\/usa-b2.com\\\/sv\\\/?s={search_term_string}\"},\"query-input\":{\"@type\":\"PropertyValueSpecification\",\"valueRequired\":true,\"valueName\":\"search_term_string\"}}],\"inLanguage\":\"sv-SE\"}]}<\/script>\n<!-- \/ Yoast SEO plugin. -->","yoast_head_json":{"title":"Vilket pass ska jag anv\u00e4nda f\u00f6r att resa till USA? - USA B2","description":"F\u00f6renta staterna st\u00e4ller vissa krav p\u00e5 typen av pass f\u00f6r resen\u00e4rer som vill resa in i F\u00f6renta staterna","robots":{"index":"index","follow":"follow","max-snippet":"max-snippet:-1","max-image-preview":"max-image-preview:large","max-video-preview":"max-video-preview:-1"},"canonical":"https:\/\/usa-b2.com\/sv\/passresor-usa\/","og_locale":"sv_SE","og_type":"article","og_title":"Vilket pass ska jag anv\u00e4nda f\u00f6r att resa till USA? - USA B2","og_description":"F\u00f6renta staterna st\u00e4ller vissa krav p\u00e5 typen av pass f\u00f6r resen\u00e4rer som vill resa in i F\u00f6renta staterna","og_url":"https:\/\/usa-b2.com\/sv\/passresor-usa\/","og_site_name":"USA B2","article_modified_time":"2025-11-04T15:51:20+00:00","twitter_card":"summary_large_image","twitter_misc":{"Ber\u00e4knad l\u00e4stid":"2 minuter"},"schema":{"@context":"https:\/\/schema.org","@graph":[{"@type":"WebPage","@id":"https:\/\/usa-b2.com\/sv\/passresor-usa\/","url":"https:\/\/usa-b2.com\/sv\/passresor-usa\/","name":"Vilket pass ska jag anv\u00e4nda f\u00f6r att resa till USA? - USA B2","isPartOf":{"@id":"https:\/\/usa-b2.com\/sv\/#website"},"datePublished":"2024-11-18T12:39:44+00:00","dateModified":"2025-11-04T15:51:20+00:00","description":"F\u00f6renta staterna st\u00e4ller vissa krav p\u00e5 typen av pass f\u00f6r resen\u00e4rer som vill resa in i F\u00f6renta staterna","breadcrumb":{"@id":"https:\/\/usa-b2.com\/sv\/passresor-usa\/#breadcrumb"},"inLanguage":"sv-SE","potentialAction":[{"@type":"ReadAction","target":["https:\/\/usa-b2.com\/sv\/passresor-usa\/"]}]},{"@type":"BreadcrumbList","@id":"https:\/\/usa-b2.com\/sv\/passresor-usa\/#breadcrumb","itemListElement":[{"@type":"ListItem","position":1,"name":"Accueil","item":"https:\/\/usa-b2.com\/sv\/usa\/"},{"@type":"ListItem","position":2,"name":"Vilket pass ska jag anv\u00e4nda f\u00f6r att resa till USA?"}]},{"@type":"WebSite","@id":"https:\/\/usa-b2.com\/sv\/#website","url":"https:\/\/usa-b2.com\/sv\/","name":"USA B2 VISA","description":"","potentialAction":[{"@type":"SearchAction","target":{"@type":"EntryPoint","urlTemplate":"https:\/\/usa-b2.com\/sv\/?s={search_term_string}"},"query-input":{"@type":"PropertyValueSpecification","valueRequired":true,"valueName":"search_term_string"}}],"inLanguage":"sv-SE"}]}},"_links":{"self":[{"href":"https:\/\/usa-b2.com\/sv\/wp-json\/wp\/v2\/pages\/4539","targetHints":{"allow":["GET"]}}],"collection":[{"href":"https:\/\/usa-b2.com\/sv\/wp-json\/wp\/v2\/pages"}],"about":[{"href":"https:\/\/usa-b2.com\/sv\/wp-json\/wp\/v2\/types\/page"}],"author":[{"embeddable":true,"href":"https:\/\/usa-b2.com\/sv\/wp-json\/wp\/v2\/users\/1"}],"replies":[{"embeddable":true,"href":"https:\/\/usa-b2.com\/sv\/wp-json\/wp\/v2\/comments?post=4539"}],"version-history":[{"count":2,"href":"https:\/\/usa-b2.com\/sv\/wp-json\/wp\/v2\/pages\/4539\/revisions"}],"predecessor-version":[{"id":10835,"href":"https:\/\/usa-b2.com\/sv\/wp-json\/wp\/v2\/pages\/4539\/revisions\/10835"}],"wp:attachment":[{"href":"https:\/\/usa-b2.com\/sv\/wp-json\/wp\/v2\/media?parent=4539"}],"curies":[{"name":"wp","href":"https:\/\/api.w.org\/{rel}","templated":true}]}}