{"id":4524,"date":"2024-11-18T12:44:50","date_gmt":"2024-11-18T12:44:50","guid":{"rendered":"https:\/\/usa-b2.com\/ds-160\/"},"modified":"2026-02-25T15:18:17","modified_gmt":"2026-02-25T15:18:17","slug":"ds-160","status":"publish","type":"page","link":"https:\/\/usa-b2.com\/sv\/ds-160\/","title":{"rendered":"DS 160-blankett online"},"content":{"rendered":"\n<h1 class=\"wp-block-heading\">DS 160-blankett f\u00f6r visumans\u00f6kan till USA<\/h1>\n\n<p>Formul\u00e4r DS-160 \u00e4r ett viktigt dokument f\u00f6r alla som vill f\u00e5 visum till USA. Detta formul\u00e4r \u00e4r obligatoriskt f\u00f6r visumans\u00f6kningar och fylls i uteslutande online p\u00e5 den officiella webbplatsen f\u00f6r det amerikanska utrikesdepartementet. H\u00e4r \u00e4r allt du beh\u00f6ver veta f\u00f6r att fylla i detta formul\u00e4r framg\u00e5ngsrikt.  <\/p>\n\n<h2 class=\"wp-block-heading\">Vad \u00e4r formul\u00e4ret DS 160?<\/h2>\n\n<p>DS 160-formul\u00e4ret \u00e4r ett onlineformul\u00e4r som samlar in detaljerad information om den viseringss\u00f6kande, hans\/hennes resplaner och personliga historia. Detta formul\u00e4r \u00e4r det f\u00f6rsta steget i den <a href=\"https:\/\/usa-b2.com\/sv\/ansokningsforfarande-b2-visum\/\">amerikanska visumans\u00f6kningsprocessen<\/a>. Den information som l\u00e4mnas g\u00f6r det m\u00f6jligt f\u00f6r de konsul\u00e4ra myndigheterna att avg\u00f6ra om du \u00e4r ber\u00e4ttigad till den typ av visum som beg\u00e4rs.  <\/p>\n\n<p>Detta formul\u00e4r kr\u00e4vs f\u00f6r flera kategorier av visum f\u00f6r icke-immigranter, inklusive :<\/p>\n\n<ul class=\"wp-block-list\">\n<li><a href=\"https:\/\/usa-b2.com\/sv\/visum-b1-usa\/\">B1 turistvisum<\/a>: f\u00f6r aff\u00e4rsresor ;<\/li>\n\n\n\n<li><a href=\"https:\/\/usa-b2.com\/sv\/visum-b2\/\">B2 turistvisum<\/a>: f\u00f6r turistresor eller familjebes\u00f6k ;<\/li>\n\n\n\n<li>F1-studentvisum: f\u00f6r att studera i USA ;<\/li>\n\n\n\n<li><a href=\"https:\/\/usa-b2.com\/sv\/transitvisering-usa\/\">Transitvisering C<\/a>: f\u00f6r tillf\u00e4llig genomresa genom F\u00f6renta staterna ;<\/li>\n\n\n\n<li>Tillf\u00e4lligt arbetsvisum (H, L, O): f\u00f6r yrkesm\u00e4ssiga uppdrag.<\/li>\n<\/ul>\n\n<div style=\"height:10px\" aria-hidden=\"true\" class=\"wp-block-spacer\"><\/div>\n\n<h2 class=\"wp-block-heading\">Hur fyller jag i formul\u00e4r DS 160?<\/h2>\n\n<h3 class=\"wp-block-heading\">1. G\u00e5 till den officiella webbplatsen<\/h3>\n\n<p>F\u00f6r att fylla i formul\u00e4r DS 160, bes\u00f6k den <a href=\"https:\/\/ceac.state.gov\/genniv\/\">officiella webbplatsen f\u00f6r US Department of State.<\/a> Se till att du anv\u00e4nder en s\u00e4ker anslutning f\u00f6r att skydda dina personuppgifter. <\/p>\n\n<h3 class=\"wp-block-heading\">2. Samla in din information<\/h3>\n\n<p>Innan du b\u00f6rjar ska du f\u00f6rbereda alla n\u00f6dv\u00e4ndiga dokument, inklusive :<\/p>\n\n<ul class=\"wp-block-list\">\n<li>Ditt <a href=\"https:\/\/usa-b2.com\/sv\/passresor-usa\/\">pass \u00e4r giltigt f\u00f6r USA<\/a><\/li>\n\n\n\n<li>Dina reseuppgifter (datum, destinationer, adresser)<\/li>\n\n\n\n<li>Dina personliga uppgifter (adress, yrke, familjesituation)<\/li>\n\n\n\n<li>Alla styrkande handlingar som kr\u00e4vs beroende p\u00e5 typ av visum (inbjudningsbrev, kontoutdrag etc.).<\/li>\n<\/ul>\n\n<h3 class=\"wp-block-heading\">3. Fyll i formul\u00e4ret p\u00e5 engelska<\/h3>\n\n<p>Alla svar m\u00e5ste skrivas p\u00e5 engelska. Var noga med att svara korrekt, eftersom eventuella fel kan leda till avslag eller f\u00f6rseningar i behandlingen av din ans\u00f6kan. <\/p>\n\n<h3 class=\"wp-block-heading\">4. Ladda upp ett foto som uppfyller kraven<\/h3>\n\n<p>Ett nytt digitalt foto m\u00e5ste laddas upp under processen. Fotot m\u00e5ste uppfylla fastst\u00e4llda standarder (vit bakgrund, specifika m\u00e5tt, inga glas\u00f6gon). <\/p>\n\n<h3 class=\"wp-block-heading\">5. Skicka in och spara bekr\u00e4ftelsenumret<\/h3>\n\n<p>N\u00e4r du har fyllt i formul\u00e4ret ska du skicka in det online och ladda ner bekr\u00e4ftelsesidan med streckkoden. Detta dokument \u00e4r viktigt f\u00f6r din <a href=\"https:\/\/usa-b2.com\/sv\/visumbokning-usa-ambassad\/\">intervju p\u00e5 den amerikanska ambassaden<\/a>. <\/p>\n\n<h2 class=\"wp-block-heading\">Vad ska jag g\u00f6ra efter att ha skickat in DS 160?<\/h2>\n\n<p>N\u00e4r formul\u00e4ret har skickats in forts\u00e4tter processen med f\u00f6ljande steg:<\/p>\n\n<ol class=\"wp-block-list\">\n<li><strong>Betala ans\u00f6kningsavgiften<\/strong>: <a href=\"https:\/\/usa-b2.com\/fr\/frais-visa-b2-usa\/\">Visumavgifterna<\/a> varierar beroende p\u00e5 vilken typ av visum du ans\u00f6ker om. Se till att du sparar kvittot p\u00e5 betalningen. <\/li>\n\n\n\n<li><strong>Boka tid f\u00f6r intervju<\/strong>: G\u00e5 till den officiella webbplatsen f\u00f6r det amerikanska konsulatet eller ambassaden i ditt land f\u00f6r att boka tid.<\/li>\n\n\n\n<li><strong>G\u00e5 till den konsul\u00e4ra intervjun<\/strong>: P\u00e5 dagen f\u00f6r intervjun ska du ta med ditt pass, bekr\u00e4ftelsesidan DS-160, ditt foto och alla n\u00f6dv\u00e4ndiga styrkande handlingar.<\/li>\n<\/ol>\n\n<div style=\"height:10px\" aria-hidden=\"true\" class=\"wp-block-spacer\"><\/div>\n\n<p>F\u00f6r mer detaljerad information, se v\u00e5r sida om <a href=\"https:\/\/usa-b2.com\/sv\/ansokningsforfarande-b2-visum\/\">ans\u00f6kningsf\u00f6rfarandet f\u00f6r visum till USA<\/a>.<\/p>\n\n<h2 class=\"wp-block-heading\">Tips f\u00f6r en lyckad ans\u00f6kan med DS 160<\/h2>\n\n<ul class=\"wp-block-list\">\n<li><strong>Var \u00e4rlig och korrekt<\/strong>: alla falska uppgifter kan leda till att du omedelbart nekas visum.<\/li>\n\n\n\n<li><strong>Kontrollera dina svar flera g\u00e5nger<\/strong> innan du skickar in formul\u00e4ret.<\/li>\n\n\n\n<li>Spara en <strong>utskrift<\/strong> av din DS-160 f\u00f6r dina personliga uppgifter.<\/li>\n\n\n\n<li><strong>Respektera tidsfristerna<\/strong>: Fyll i formul\u00e4ret minst tv\u00e5 veckor f\u00f6re det planerade intervjudatumet f\u00f6r att undvika f\u00f6rseningar.<\/li>\n<\/ul>\n\n<h2 class=\"wp-block-heading\">Vanliga fr\u00e5gor om formul\u00e4ret DS 160<\/h2>\n\n<h3 class=\"wp-block-heading\">Hur l\u00e5ng tid tar det att fylla i DS-160?<\/h3>\n\n<p>Den genomsnittliga tiden \u00e4r cirka 60 minuter. Du kan spara dina framsteg och \u00e5teruppta dem senare om det beh\u00f6vs. <\/p>\n\n<h3 class=\"wp-block-heading\">Kan jag \u00e4ndra formul\u00e4ret efter att jag har skickat in det?<\/h3>\n\n<p>Nej, n\u00e4r DS-160 v\u00e4l har skickats in kan den inte \u00e4ndras. Om ett fel uppt\u00e4cks m\u00e5ste du fylla i ett nytt formul\u00e4r. <\/p>\n\n<h3 class=\"wp-block-heading\">\u00c4r DS-160 en garanti f\u00f6r visum?<\/h3>\n\n<p>Nej, inl\u00e4mnandet av DS-160 garanterar inte att ditt visum godk\u00e4nns. Det \u00e4r ett obligatoriskt steg, men ditt visum beror p\u00e5 resultatet av din konsul\u00e4ra intervju. <\/p>\n","protected":false},"excerpt":{"rendered":"<p>DS 160-blankett f\u00f6r visumans\u00f6kan till USA Formul\u00e4r DS-160 \u00e4r ett viktigt dokument f\u00f6r alla som vill f\u00e5 visum till USA. Detta formul\u00e4r \u00e4r obligatoriskt f\u00f6r visumans\u00f6kningar och fylls i uteslutande online p\u00e5 den officiella webbplatsen f\u00f6r det amerikanska utrikesdepartementet. H\u00e4r \u00e4r allt du beh\u00f6ver veta f\u00f6r att fylla i detta formul\u00e4r framg\u00e5ngsrikt. Vad \u00e4r formul\u00e4ret [&hellip;]<\/p>\n","protected":false},"author":1,"featured_media":0,"parent":0,"menu_order":0,"comment_status":"closed","ping_status":"closed","template":"","meta":{"footnotes":""},"class_list":["post-4524","page","type-page","status-publish","hentry"],"yoast_head":"<!-- This site is optimized with the Yoast SEO plugin v27.0 - https:\/\/yoast.com\/product\/yoast-seo-wordpress\/ -->\n<title>DS 160-blankett online - USA B2<\/title>\n<meta name=\"description\" content=\"Allt du beh\u00f6ver veta om att fylla i formul\u00e4r DS 160 f\u00f6r att ans\u00f6ka om amerikanskt visum online\" \/>\n<meta name=\"robots\" content=\"index, follow, max-snippet:-1, max-image-preview:large, max-video-preview:-1\" \/>\n<link rel=\"canonical\" href=\"https:\/\/usa-b2.com\/sv\/ds-160\/\" \/>\n<meta property=\"og:locale\" content=\"sv_SE\" \/>\n<meta property=\"og:type\" content=\"article\" \/>\n<meta property=\"og:title\" content=\"DS 160-blankett online - USA B2\" \/>\n<meta property=\"og:description\" content=\"Allt du beh\u00f6ver veta om att fylla i formul\u00e4r DS 160 f\u00f6r att ans\u00f6ka om amerikanskt visum online\" \/>\n<meta property=\"og:url\" content=\"https:\/\/usa-b2.com\/sv\/ds-160\/\" \/>\n<meta property=\"og:site_name\" content=\"USA B2\" \/>\n<meta property=\"article:modified_time\" content=\"2026-02-25T15:18:17+00:00\" \/>\n<meta name=\"twitter:card\" content=\"summary_large_image\" \/>\n<meta name=\"twitter:label1\" content=\"Ber\u00e4knad l\u00e4stid\" \/>\n\t<meta name=\"twitter:data1\" content=\"3 minuter\" \/>\n<script type=\"application\/ld+json\" class=\"yoast-schema-graph\">{\"@context\":\"https:\/\/schema.org\",\"@graph\":[{\"@type\":\"WebPage\",\"@id\":\"https:\/\/usa-b2.com\/sv\/ds-160\/\",\"url\":\"https:\/\/usa-b2.com\/sv\/ds-160\/\",\"name\":\"DS 160-blankett online - USA B2\",\"isPartOf\":{\"@id\":\"https:\/\/usa-b2.com\/sv\/#website\"},\"datePublished\":\"2024-11-18T12:44:50+00:00\",\"dateModified\":\"2026-02-25T15:18:17+00:00\",\"description\":\"Allt du beh\u00f6ver veta om att fylla i formul\u00e4r DS 160 f\u00f6r att ans\u00f6ka om amerikanskt visum online\",\"breadcrumb\":{\"@id\":\"https:\/\/usa-b2.com\/sv\/ds-160\/#breadcrumb\"},\"inLanguage\":\"sv-SE\",\"potentialAction\":[{\"@type\":\"ReadAction\",\"target\":[\"https:\/\/usa-b2.com\/sv\/ds-160\/\"]}]},{\"@type\":\"BreadcrumbList\",\"@id\":\"https:\/\/usa-b2.com\/sv\/ds-160\/#breadcrumb\",\"itemListElement\":[{\"@type\":\"ListItem\",\"position\":1,\"name\":\"Accueil\",\"item\":\"https:\/\/usa-b2.com\/sv\/roadtrips-usa\/\"},{\"@type\":\"ListItem\",\"position\":2,\"name\":\"DS 160-blankett online\"}]},{\"@type\":\"WebSite\",\"@id\":\"https:\/\/usa-b2.com\/sv\/#website\",\"url\":\"https:\/\/usa-b2.com\/sv\/\",\"name\":\"USA B2 VISA\",\"description\":\"\",\"potentialAction\":[{\"@type\":\"SearchAction\",\"target\":{\"@type\":\"EntryPoint\",\"urlTemplate\":\"https:\/\/usa-b2.com\/sv\/?s={search_term_string}\"},\"query-input\":{\"@type\":\"PropertyValueSpecification\",\"valueRequired\":true,\"valueName\":\"search_term_string\"}}],\"inLanguage\":\"sv-SE\"}]}<\/script>\n<!-- \/ Yoast SEO plugin. -->","yoast_head_json":{"title":"DS 160-blankett online - USA B2","description":"Allt du beh\u00f6ver veta om att fylla i formul\u00e4r DS 160 f\u00f6r att ans\u00f6ka om amerikanskt visum online","robots":{"index":"index","follow":"follow","max-snippet":"max-snippet:-1","max-image-preview":"max-image-preview:large","max-video-preview":"max-video-preview:-1"},"canonical":"https:\/\/usa-b2.com\/sv\/ds-160\/","og_locale":"sv_SE","og_type":"article","og_title":"DS 160-blankett online - USA B2","og_description":"Allt du beh\u00f6ver veta om att fylla i formul\u00e4r DS 160 f\u00f6r att ans\u00f6ka om amerikanskt visum online","og_url":"https:\/\/usa-b2.com\/sv\/ds-160\/","og_site_name":"USA B2","article_modified_time":"2026-02-25T15:18:17+00:00","twitter_card":"summary_large_image","twitter_misc":{"Ber\u00e4knad l\u00e4stid":"3 minuter"},"schema":{"@context":"https:\/\/schema.org","@graph":[{"@type":"WebPage","@id":"https:\/\/usa-b2.com\/sv\/ds-160\/","url":"https:\/\/usa-b2.com\/sv\/ds-160\/","name":"DS 160-blankett online - USA B2","isPartOf":{"@id":"https:\/\/usa-b2.com\/sv\/#website"},"datePublished":"2024-11-18T12:44:50+00:00","dateModified":"2026-02-25T15:18:17+00:00","description":"Allt du beh\u00f6ver veta om att fylla i formul\u00e4r DS 160 f\u00f6r att ans\u00f6ka om amerikanskt visum online","breadcrumb":{"@id":"https:\/\/usa-b2.com\/sv\/ds-160\/#breadcrumb"},"inLanguage":"sv-SE","potentialAction":[{"@type":"ReadAction","target":["https:\/\/usa-b2.com\/sv\/ds-160\/"]}]},{"@type":"BreadcrumbList","@id":"https:\/\/usa-b2.com\/sv\/ds-160\/#breadcrumb","itemListElement":[{"@type":"ListItem","position":1,"name":"Accueil","item":"https:\/\/usa-b2.com\/sv\/roadtrips-usa\/"},{"@type":"ListItem","position":2,"name":"DS 160-blankett online"}]},{"@type":"WebSite","@id":"https:\/\/usa-b2.com\/sv\/#website","url":"https:\/\/usa-b2.com\/sv\/","name":"USA B2 VISA","description":"","potentialAction":[{"@type":"SearchAction","target":{"@type":"EntryPoint","urlTemplate":"https:\/\/usa-b2.com\/sv\/?s={search_term_string}"},"query-input":{"@type":"PropertyValueSpecification","valueRequired":true,"valueName":"search_term_string"}}],"inLanguage":"sv-SE"}]}},"_links":{"self":[{"href":"https:\/\/usa-b2.com\/sv\/wp-json\/wp\/v2\/pages\/4524","targetHints":{"allow":["GET"]}}],"collection":[{"href":"https:\/\/usa-b2.com\/sv\/wp-json\/wp\/v2\/pages"}],"about":[{"href":"https:\/\/usa-b2.com\/sv\/wp-json\/wp\/v2\/types\/page"}],"author":[{"embeddable":true,"href":"https:\/\/usa-b2.com\/sv\/wp-json\/wp\/v2\/users\/1"}],"replies":[{"embeddable":true,"href":"https:\/\/usa-b2.com\/sv\/wp-json\/wp\/v2\/comments?post=4524"}],"version-history":[{"count":3,"href":"https:\/\/usa-b2.com\/sv\/wp-json\/wp\/v2\/pages\/4524\/revisions"}],"predecessor-version":[{"id":11081,"href":"https:\/\/usa-b2.com\/sv\/wp-json\/wp\/v2\/pages\/4524\/revisions\/11081"}],"wp:attachment":[{"href":"https:\/\/usa-b2.com\/sv\/wp-json\/wp\/v2\/media?parent=4524"}],"curies":[{"name":"wp","href":"https:\/\/api.w.org\/{rel}","templated":true}]}}