{"id":3340,"date":"2024-07-17T10:04:38","date_gmt":"2024-07-17T10:04:38","guid":{"rendered":"https:\/\/usa-b2.com\/vad-ar-en-esta\/"},"modified":"2025-12-24T15:47:35","modified_gmt":"2025-12-24T15:47:35","slug":"vad-ar-en-esta","status":"publish","type":"page","link":"https:\/\/usa-b2.com\/sv\/vad-ar-en-esta\/","title":{"rendered":"Vad \u00e4r ett ESTA-tillst\u00e5nd?"},"content":{"rendered":"\n<h1 class=\"wp-block-heading\">Vad \u00e4r ESTA?<\/h1>\n\n<p>ESTA st\u00e5r f\u00f6r Electronic System for Travel Authorization. Detta \u00e4r ett elektroniskt system som USA har inr\u00e4ttat f\u00f6r att kontrollera resen\u00e4rer innan de reser in i landet. Systemet inf\u00f6rdes som en del av det amerikanska programmet f\u00f6r viseringsundantag (Visa Waiver Programme). Detta program g\u00f6r det m\u00f6jligt f\u00f6r medborgare fr\u00e5n 41 l\u00e4nder att resa till USA f\u00f6r vistelser p\u00e5 upp till 90 dagar utan att beh\u00f6va visum.     <\/p>\n\n<p><strong>F\u00f6r att f\u00e5 resetillst\u00e5nd p\u00e5 bara n\u00e5gra minuter<\/strong> beh\u00f6ver du bara fylla i <a href=\"https:\/\/usa-b2.com\/sv\/formular-esta-on-line\/\">ESTA-formul\u00e4ret online<\/a>.<\/p>\n\n<div style=\"height:10px\" aria-hidden=\"true\" class=\"wp-block-spacer\"><\/div>\n\n<h2 class=\"wp-block-heading\">Hur ESTA fungerar<\/h2>\n\n<p>ESTA \u00e4r utformat f\u00f6r att f\u00f6renkla och s\u00e4kra resor till USA. S\u00e5 h\u00e4r fungerar det: <\/p>\n\n<ol class=\"wp-block-list\">\n<li><strong>Skicka in en ans\u00f6kan online<\/strong>: Resen\u00e4rer m\u00e5ste fylla i <a href=\"https:\/\/usa-b2.com\/sv\/formular-esta-on-line\/\">ESTA-formul\u00e4ret online<\/a> p\u00e5 ESTA:s officiella webbplats. I formul\u00e4ret efterfr\u00e5gas personuppgifter, information om resan och svar p\u00e5 s\u00e4kerhetsfr\u00e5gor.<\/li>\n\n\n\n<li><strong>Betalning av ESTA-avgift<\/strong>: N\u00e4r formul\u00e4ret har fyllts i m\u00e5ste den s\u00f6kande betala en avgift p\u00e5 40 USD online med kreditkort f\u00f6r att slutf\u00f6ra sin ESTA-ans\u00f6kan.<\/li>\n\n\n\n<li><strong>Ans\u00f6kningsbehandling<\/strong>: ESTA-ans\u00f6kningar behandlas mycket snabbt. De flesta f\u00f6rfr\u00e5gningar behandlas inom n\u00e5gra minuter, men det \u00e4r l\u00e4mpligt att skicka in f\u00f6rfr\u00e5gan minst 72 timmar f\u00f6re avresan. <\/li>\n\n\n\n<li><strong>Mottagande av ESTA-tillst\u00e5nd<\/strong>: Om ans\u00f6kan godk\u00e4nns \u00e4r ett <a href=\"https:\/\/usa-b2.com\/sv\/giltighetstid-esta\/\">ESTA-tillst\u00e5nd giltigt<\/a> i tv\u00e5 \u00e5r eller tills passet l\u00f6per ut. <a href=\"https:\/\/usa-b2.com\/sv\/skriv-ut-esta\/\">ESTA-certifikatet kan skrivas ut<\/a>, vilket m\u00f6jligg\u00f6r flera vistelser p\u00e5 upp till 90 dagar.<\/li>\n<\/ol>\n\n<h3 class=\"wp-block-heading\">VWP-ber\u00e4ttigade l\u00e4nder<\/h3>\n\n<p>ESTA \u00e4r tillg\u00e4ngligt f\u00f6r medborgare i l\u00e4nder som deltar i <a href=\"https:\/\/usa-b2.com\/sv\/visa-waiver-program\/\">programmet f\u00f6r viseringsundantag<\/a>. P\u00e5 listan \u00f6ver de 41 l\u00e4nder som kan komma ifr\u00e5ga finns st\u00f6rre delen av Europa, Japan, Sydkorea, Australien och flera andra l\u00e4nder, d\u00e4ribland Israel.  <\/p>\n\n<h3 class=\"wp-block-heading\">ESTA:s beh\u00f6righetskrav<\/h3>\n\n<p>F\u00f6r att vara ber\u00e4ttigad till ESTA m\u00e5ste resen\u00e4rer:<\/p>\n\n<ul class=\"wp-block-list\">\n<li>Vara medborgare i ett land som deltar i programmet f\u00f6r viseringsundantag (Visa Waiver Programme);<\/li>\n\n\n\n<li>Inte har ett giltigt <a href=\"https:\/\/usa-b2.com\/sv\/visum-b2\/\">B2 turistvisum<\/a> eller <a href=\"https:\/\/usa-b2.com\/sv\/transitvisering-usa\/\">transitvisum<\/a> f\u00f6r USA;<\/li>\n\n\n\n<li>F\u00f6rutse en vistelse p\u00e5 90 dagar eller mindre f\u00f6r aff\u00e4rer, turism eller transit;<\/li>\n\n\n\n<li>Ett <a href=\"https:\/\/usa-b2.com\/sv\/passresor-usa\/\">giltigt e-pass<\/a>.<\/li>\n<\/ul>\n\n<h3 class=\"wp-block-heading\">F\u00f6rdelar med ESTA<\/h3>\n\n<ul class=\"wp-block-list\">\n<li><strong>Snabbhet och bekv\u00e4mlighet<\/strong>: Onlineprocessen \u00e4r snabb och enkel, vilket g\u00f6r det m\u00f6jligt att f\u00e5 ett resetillst\u00e5nd utan att beh\u00f6va bes\u00f6ka en ambassad eller ett konsulat.<\/li>\n\n\n\n<li><strong>Giltigt i 2 \u00e5r<\/strong>: N\u00e4r <a href=\"https:\/\/usa-b2.com\/sv\/giltighetstid-esta\/\">ESTA-tillst\u00e5ndet har godk\u00e4nts \u00e4r det giltigt i tv\u00e5 \u00e5r<\/a>, vilket g\u00f6r det m\u00f6jligt att resa in i USA flera g\u00e5nger utan att beh\u00f6va ans\u00f6ka p\u00e5 nytt f\u00f6r varje resa.<\/li>\n\n\n\n<li><strong>F\u00f6rb\u00e4ttrad s\u00e4kerhet<\/strong>: ESTA g\u00f6r det m\u00f6jligt f\u00f6r de amerikanska myndigheterna att kontrollera resen\u00e4rer och f\u00f6rb\u00e4ttra gr\u00e4nss\u00e4kerheten.<\/li>\n<\/ul>\n\n<div style=\"height:10px\" aria-hidden=\"true\" class=\"wp-block-spacer\"><\/div>\n","protected":false},"excerpt":{"rendered":"<p>Vad \u00e4r ESTA? ESTA st\u00e5r f\u00f6r Electronic System for Travel Authorization. Detta \u00e4r ett elektroniskt system som USA har inr\u00e4ttat f\u00f6r att kontrollera resen\u00e4rer innan de reser in i landet. Systemet inf\u00f6rdes som en del av det amerikanska programmet f\u00f6r viseringsundantag (Visa Waiver Programme). Detta program g\u00f6r det m\u00f6jligt f\u00f6r medborgare fr\u00e5n 41 l\u00e4nder att [&hellip;]<\/p>\n","protected":false},"author":1,"featured_media":0,"parent":0,"menu_order":0,"comment_status":"closed","ping_status":"closed","template":"","meta":{"footnotes":""},"class_list":["post-3340","page","type-page","status-publish","hentry"],"yoast_head":"<!-- This site is optimized with the Yoast SEO plugin v27.4 - https:\/\/yoast.com\/product\/yoast-seo-wordpress\/ -->\n<title>Vad \u00e4r ett ESTA-tillst\u00e5nd? - USA B2<\/title>\n<meta name=\"description\" content=\"Vi f\u00f6rklarar i detalj vad ett elektroniskt resetillst\u00e5nd ESTA \u00e4r f\u00f6r att bes\u00f6ka USA\" \/>\n<meta name=\"robots\" content=\"index, follow, max-snippet:-1, max-image-preview:large, max-video-preview:-1\" \/>\n<link rel=\"canonical\" href=\"https:\/\/usa-b2.com\/sv\/vad-ar-en-esta\/\" \/>\n<meta property=\"og:locale\" content=\"sv_SE\" \/>\n<meta property=\"og:type\" content=\"article\" \/>\n<meta property=\"og:title\" content=\"Vad \u00e4r ett ESTA-tillst\u00e5nd? - USA B2\" \/>\n<meta property=\"og:description\" content=\"Vi f\u00f6rklarar i detalj vad ett elektroniskt resetillst\u00e5nd ESTA \u00e4r f\u00f6r att bes\u00f6ka USA\" \/>\n<meta property=\"og:url\" content=\"https:\/\/usa-b2.com\/sv\/vad-ar-en-esta\/\" \/>\n<meta property=\"og:site_name\" content=\"USA B2\" \/>\n<meta property=\"article:modified_time\" content=\"2025-12-24T15:47:35+00:00\" \/>\n<meta name=\"twitter:card\" content=\"summary_large_image\" \/>\n<meta name=\"twitter:label1\" content=\"Ber\u00e4knad l\u00e4stid\" \/>\n\t<meta name=\"twitter:data1\" content=\"2 minuter\" \/>\n<script type=\"application\/ld+json\" class=\"yoast-schema-graph\">{\"@context\":\"https:\\\/\\\/schema.org\",\"@graph\":[{\"@type\":\"WebPage\",\"@id\":\"https:\\\/\\\/usa-b2.com\\\/sv\\\/vad-ar-en-esta\\\/\",\"url\":\"https:\\\/\\\/usa-b2.com\\\/sv\\\/vad-ar-en-esta\\\/\",\"name\":\"Vad \u00e4r ett ESTA-tillst\u00e5nd? - USA B2\",\"isPartOf\":{\"@id\":\"https:\\\/\\\/usa-b2.com\\\/sv\\\/#website\"},\"datePublished\":\"2024-07-17T10:04:38+00:00\",\"dateModified\":\"2025-12-24T15:47:35+00:00\",\"description\":\"Vi f\u00f6rklarar i detalj vad ett elektroniskt resetillst\u00e5nd ESTA \u00e4r f\u00f6r att bes\u00f6ka USA\",\"breadcrumb\":{\"@id\":\"https:\\\/\\\/usa-b2.com\\\/sv\\\/vad-ar-en-esta\\\/#breadcrumb\"},\"inLanguage\":\"sv-SE\",\"potentialAction\":[{\"@type\":\"ReadAction\",\"target\":[\"https:\\\/\\\/usa-b2.com\\\/sv\\\/vad-ar-en-esta\\\/\"]}]},{\"@type\":\"BreadcrumbList\",\"@id\":\"https:\\\/\\\/usa-b2.com\\\/sv\\\/vad-ar-en-esta\\\/#breadcrumb\",\"itemListElement\":[{\"@type\":\"ListItem\",\"position\":1,\"name\":\"Accueil\",\"item\":\"https:\\\/\\\/usa-b2.com\\\/sv\\\/usa\\\/\"},{\"@type\":\"ListItem\",\"position\":2,\"name\":\"Vad \u00e4r ett ESTA-tillst\u00e5nd?\"}]},{\"@type\":\"WebSite\",\"@id\":\"https:\\\/\\\/usa-b2.com\\\/sv\\\/#website\",\"url\":\"https:\\\/\\\/usa-b2.com\\\/sv\\\/\",\"name\":\"USA B2 VISA\",\"description\":\"\",\"potentialAction\":[{\"@type\":\"SearchAction\",\"target\":{\"@type\":\"EntryPoint\",\"urlTemplate\":\"https:\\\/\\\/usa-b2.com\\\/sv\\\/?s={search_term_string}\"},\"query-input\":{\"@type\":\"PropertyValueSpecification\",\"valueRequired\":true,\"valueName\":\"search_term_string\"}}],\"inLanguage\":\"sv-SE\"}]}<\/script>\n<!-- \/ Yoast SEO plugin. -->","yoast_head_json":{"title":"Vad \u00e4r ett ESTA-tillst\u00e5nd? - USA B2","description":"Vi f\u00f6rklarar i detalj vad ett elektroniskt resetillst\u00e5nd ESTA \u00e4r f\u00f6r att bes\u00f6ka USA","robots":{"index":"index","follow":"follow","max-snippet":"max-snippet:-1","max-image-preview":"max-image-preview:large","max-video-preview":"max-video-preview:-1"},"canonical":"https:\/\/usa-b2.com\/sv\/vad-ar-en-esta\/","og_locale":"sv_SE","og_type":"article","og_title":"Vad \u00e4r ett ESTA-tillst\u00e5nd? - USA B2","og_description":"Vi f\u00f6rklarar i detalj vad ett elektroniskt resetillst\u00e5nd ESTA \u00e4r f\u00f6r att bes\u00f6ka USA","og_url":"https:\/\/usa-b2.com\/sv\/vad-ar-en-esta\/","og_site_name":"USA B2","article_modified_time":"2025-12-24T15:47:35+00:00","twitter_card":"summary_large_image","twitter_misc":{"Ber\u00e4knad l\u00e4stid":"2 minuter"},"schema":{"@context":"https:\/\/schema.org","@graph":[{"@type":"WebPage","@id":"https:\/\/usa-b2.com\/sv\/vad-ar-en-esta\/","url":"https:\/\/usa-b2.com\/sv\/vad-ar-en-esta\/","name":"Vad \u00e4r ett ESTA-tillst\u00e5nd? - USA B2","isPartOf":{"@id":"https:\/\/usa-b2.com\/sv\/#website"},"datePublished":"2024-07-17T10:04:38+00:00","dateModified":"2025-12-24T15:47:35+00:00","description":"Vi f\u00f6rklarar i detalj vad ett elektroniskt resetillst\u00e5nd ESTA \u00e4r f\u00f6r att bes\u00f6ka USA","breadcrumb":{"@id":"https:\/\/usa-b2.com\/sv\/vad-ar-en-esta\/#breadcrumb"},"inLanguage":"sv-SE","potentialAction":[{"@type":"ReadAction","target":["https:\/\/usa-b2.com\/sv\/vad-ar-en-esta\/"]}]},{"@type":"BreadcrumbList","@id":"https:\/\/usa-b2.com\/sv\/vad-ar-en-esta\/#breadcrumb","itemListElement":[{"@type":"ListItem","position":1,"name":"Accueil","item":"https:\/\/usa-b2.com\/sv\/usa\/"},{"@type":"ListItem","position":2,"name":"Vad \u00e4r ett ESTA-tillst\u00e5nd?"}]},{"@type":"WebSite","@id":"https:\/\/usa-b2.com\/sv\/#website","url":"https:\/\/usa-b2.com\/sv\/","name":"USA B2 VISA","description":"","potentialAction":[{"@type":"SearchAction","target":{"@type":"EntryPoint","urlTemplate":"https:\/\/usa-b2.com\/sv\/?s={search_term_string}"},"query-input":{"@type":"PropertyValueSpecification","valueRequired":true,"valueName":"search_term_string"}}],"inLanguage":"sv-SE"}]}},"_links":{"self":[{"href":"https:\/\/usa-b2.com\/sv\/wp-json\/wp\/v2\/pages\/3340","targetHints":{"allow":["GET"]}}],"collection":[{"href":"https:\/\/usa-b2.com\/sv\/wp-json\/wp\/v2\/pages"}],"about":[{"href":"https:\/\/usa-b2.com\/sv\/wp-json\/wp\/v2\/types\/page"}],"author":[{"embeddable":true,"href":"https:\/\/usa-b2.com\/sv\/wp-json\/wp\/v2\/users\/1"}],"replies":[{"embeddable":true,"href":"https:\/\/usa-b2.com\/sv\/wp-json\/wp\/v2\/comments?post=3340"}],"version-history":[{"count":3,"href":"https:\/\/usa-b2.com\/sv\/wp-json\/wp\/v2\/pages\/3340\/revisions"}],"predecessor-version":[{"id":10939,"href":"https:\/\/usa-b2.com\/sv\/wp-json\/wp\/v2\/pages\/3340\/revisions\/10939"}],"wp:attachment":[{"href":"https:\/\/usa-b2.com\/sv\/wp-json\/wp\/v2\/media?parent=3340"}],"curies":[{"name":"wp","href":"https:\/\/api.w.org\/{rel}","templated":true}]}}