{"id":302,"date":"2024-02-05T18:28:26","date_gmt":"2024-02-05T18:28:26","guid":{"rendered":"https:\/\/usa-b2.com\/visum-b2\/"},"modified":"2025-09-13T09:26:38","modified_gmt":"2025-09-13T09:26:38","slug":"visum-b2","status":"publish","type":"page","link":"https:\/\/usa-b2.com\/sv\/visum-b2\/","title":{"rendered":"Amerikansk B2-visering"},"content":{"rendered":"\n<h1 class=\"wp-block-heading\">Det amerikanska B2-visumet f\u00f6r bes\u00f6k i USA<\/h1>\n\n<p>B2-visumet \u00e4r ett av de vanligaste amerikanska visum som varje \u00e5r s\u00f6ks av utl\u00e4ndska medborgare som vill bes\u00f6ka USA.<\/p>\n\n<h2 class=\"wp-block-heading\">Vad \u00e4r ett amerikanskt B2-visum?<\/h2>\n\n<p>B2-visumet \u00e4r ett turistvisum f\u00f6r USA som ocks\u00e5 ger dig m\u00f6jlighet att bes\u00f6ka n\u00e4ra v\u00e4nner och familj. Med B2-visumet kan du ocks\u00e5 vistas i USA f\u00f6r medicinsk behandling eller f\u00f6r att delta i sociala aktiviteter. Det ger dig inte r\u00e4tt att arbeta i USA. De s\u00f6kande m\u00e5ste bevisa att de har f\u00f6r avsikt att \u00e5terv\u00e4nda till sitt ursprungsland efter den tillf\u00e4lliga vistelsen.   <\/p>\n\n<p><strong>F\u00f6r en turistvistelse p\u00e5 mindre \u00e4n 90 dagar<\/strong>: du beh\u00f6ver inte <a href=\"https:\/\/usa-b2.com\/sv\/b2-visumformular-online\/\">ans\u00f6ka om ett B2-visum<\/a> om ditt land \u00e4r medlem i <a href=\"https:\/\/usa-b2.com\/sv\/visa-waiver-program\/\">programmet f\u00f6r viseringsundantag<\/a>. Du kan ans\u00f6ka om ett ESTA p\u00e5 bara n\u00e5gra minuter genom att klicka p\u00e5 <a href=\"https:\/\/usa-b2.com\/sv\/formular-esta-on-line\/\">onlineformul\u00e4ret f\u00f6r ESTA<\/a>.<\/p>\n\n<div style=\"height:10px\" aria-hidden=\"true\" class=\"wp-block-spacer\"><\/div>\n\n<p><strong>V\u00e4nligen notera detta<\/strong>: <a href=\"https:\/\/usa-b2.com\/sv\/skillnaden-mellan-visa-och-esta\/\">ESTA \u00e4r inte en visering<\/a>. Ett ESTA-tillst\u00e5nd ger dig inte samma r\u00e4ttigheter som en <a href=\"https:\/\/usa-b2.com\/sv\/usa-b1-b2-visum\/\">b1\/b2-visering<\/a>. <\/p>\n\n<h2 class=\"wp-block-heading\">Vilka \u00e4r kriterierna f\u00f6r att f\u00e5 ett B2-visum?<\/h2>\n\n<p>De viktigaste kraven f\u00f6r att f\u00e5 ett B2-visum f\u00f6r att bes\u00f6ka USA \u00e4r :<\/p>\n\n<ol class=\"wp-block-list\">\n<li>Tillf\u00e4llig vistelse i F\u00f6renta staterna<\/li>\n\n\n\n<li>Syftet med bes\u00f6ket m\u00e5ste vara ber\u00e4ttigat till en B2-visering<\/li>\n\n\n\n<li>har de ekonomiska medel som kr\u00e4vs f\u00f6r en vistelse i USA<\/li>\n<\/ol>\n\n<div style=\"height:20px\" aria-hidden=\"true\" class=\"wp-block-spacer\"><\/div>\n\n<h3 class=\"wp-block-heading\">1. Tillf\u00e4llig bos\u00e4ttning i USA<\/h3>\n\n<p>F\u00f6r att f\u00e5 ett B2-visum m\u00e5ste s\u00f6kande visa att de har f\u00f6r avsikt att tillbringa en tillf\u00e4llig period i USA. De m\u00e5ste bevisa att de har starka band till sitt ursprungsland som uppmuntrar dem att \u00e5terv\u00e4nda dit efter vistelsens slut. <\/p>\n\n<h3 class=\"wp-block-heading\">2. Vilka \u00e4r de godtagbara sk\u00e4len f\u00f6r bos\u00e4ttning?<\/h3>\n\n<p>H\u00e4r f\u00f6ljer en f\u00f6rteckning \u00f6ver de sk\u00e4l som kan ligga till grund f\u00f6r en ans\u00f6kan om B2-visering:<\/p>\n\n<ul class=\"wp-block-list\">\n<li>Turism i F\u00f6renta staterna<\/li>\n\n\n\n<li>Bes\u00f6k hos v\u00e4nner och familj<\/li>\n\n\n\n<li>Delta i v\u00e4nskapliga eller sociala evenemang<\/li>\n\n\n\n<li>Att f\u00e5 medicinsk behandling<\/li>\n\n\n\n<li>Delta i sport- eller musikevenemang utan ers\u00e4ttning<\/li>\n\n\n\n<li>Delta i l\u00e4rlingsutbildningar utan utbildningspo\u00e4ng.<\/li>\n<\/ul>\n\n<div style=\"height:10px\" aria-hidden=\"true\" class=\"wp-block-spacer\"><\/div>\n\n<p>F\u00f6r alla vistelser av aff\u00e4rs- eller yrkesm\u00e4ssiga sk\u00e4l ska du ans\u00f6ka om ett <a href=\"https:\/\/usa-b2.com\/sv\/visum-b1-usa\/\">B1-aff\u00e4rsvisum<\/a> eller n\u00e5got annat icke-invandrarvisum som motsvarar syftet med vistelsen. Det finns ett stort antal olika amerikanska visum, beroende p\u00e5 syftet med din vistelse. Det finns till och med ett s\u00e4rskilt <a href=\"https:\/\/usa-b2.com\/sv\/transitvisering-usa\/\">visum f\u00f6r transitering genom F\u00f6renta staterna<\/a>.<\/p>\n\n<h3 class=\"wp-block-heading\">3. Har tillr\u00e4ckliga ekonomiska resurser f\u00f6r vistelsen<\/h3>\n\n<p>N\u00e4r du ans\u00f6ker om ett B2-visum m\u00e5ste du bevisa att du har tillr\u00e4ckliga ekonomiska resurser f\u00f6r att t\u00e4cka kostnaderna f\u00f6r din vistelse i USA.<\/p>\n\n<h2 class=\"wp-block-heading\">Vem kan ans\u00f6ka om ett B2-visum?<\/h2>\n\n<p>H\u00e4r finns mer specifik information f\u00f6r medborgare i vissa l\u00e4nder som \u00e4r ber\u00e4ttigade till B2-visum:<\/p>\n\n<ul class=\"wp-block-list\">\n<li><a href=\"https:\/\/usa-b2.com\/sv\/visum-b2-for-franska\/\">B2-visum f\u00f6r franska medborgare<\/a><\/li>\n\n\n\n<li><a href=\"https:\/\/usa-b2.com\/sv\/b2-visum-for-italienare\/\">B2-visum f\u00f6r italienare<\/a><\/li>\n\n\n\n<li><a href=\"https:\/\/usa-b2.com\/sv\/b2-visum-for-tyskar\/\">B2-visum f\u00f6r tyskar<\/a><\/li>\n\n\n\n<li><a href=\"https:\/\/usa-b2.com\/sv\/b2-visum-for-mexikan\/\">B2-visum f\u00f6r mexikaner<\/a><\/li>\n\n\n\n<li><a href=\"https:\/\/usa-b2.com\/sv\/visum-b1-b2-for-brasilianska\/\">B2-visum f\u00f6r brasilianare<\/a><\/li>\n\n\n\n<li>B2-visum f\u00f6r spanska medborgare<\/li>\n<\/ul>\n\n<div style=\"height:10px\" aria-hidden=\"true\" class=\"wp-block-spacer\"><\/div>\n\n<h2 class=\"wp-block-heading\">Hur ans\u00f6ker jag om en B2-visering?<\/h2>\n\n<p><a href=\"https:\/\/usa-b2.com\/sv\/ansokningsforfarande-b2-visum\/\">Ans\u00f6kningsf\u00f6rfarandet f\u00f6r B2-visum<\/a> inleds online. Den omfattar f\u00f6ljande steg:<\/p>\n\n<ol class=\"wp-block-list\">\n<li>Fyll i <a href=\"https:\/\/usa-b2.com\/sv\/ds-160\/\">B2-visumformul\u00e4ret<\/a> online<\/li>\n\n\n\n<li>Betala <a href=\"https:\/\/usa-b2.com\/sv\/avgifter-b2-visum\/\">avgiften f\u00f6r B2-visering<\/a> online f\u00f6r att validera din ans\u00f6kan<\/li>\n\n\n\n<li>Boka en <a href=\"https:\/\/usa-b2.com\/sv\/visumbokning-usa-ambassad\/\">visumintervju p\u00e5 ambassaden<\/a><\/li>\n\n\n\n<li>F\u00f6rbered alla styrkande handlingar f\u00f6r din viseringsans\u00f6kan<\/li>\n\n\n\n<li>Delta i viseringsintervjun.<\/li>\n<\/ol>\n\n<div style=\"height:10px\" aria-hidden=\"true\" class=\"wp-block-spacer\"><\/div>\n\n<p>Visumet kommer att l\u00e4ggas till i det <a href=\"https:\/\/usa-b2.com\/sv\/passresor-usa\/\">pass som anv\u00e4nds f\u00f6r att resa till USA<\/a>.<\/p>\n\n<h2 class=\"wp-block-heading\">Hur mycket kostar ett B2-visum?<\/h2>\n\n<p>N\u00e4r du ans\u00f6ker om turistvisum \u00e4r <a href=\"https:\/\/usa-b2.com\/sv\/avgifter-b2-visum\/\">avgiften f\u00f6r ett B2-visum<\/a> online 185 USD. Beroende p\u00e5 den s\u00f6kandes medborgarskap kan det tillkomma ytterligare avgifter. N\u00e4r avgifter tas ut av en utl\u00e4ndsk regering till\u00e4mpar USA \u00f6msesidiga avgifter f\u00f6r medborgare i det landet f\u00f6r en B2-visumans\u00f6kan.<\/p>\n\n<p>N\u00e4r viseringsavgiften har betalats m\u00e5ste den s\u00f6kande beh\u00e5lla kvittot och bifoga det till de styrkande handlingar som ska visas upp vid <a href=\"https:\/\/usa-b2.com\/sv\/visumbokning-usa-ambassad\/\">viseringsbes\u00f6ket p\u00e5 ambassaden<\/a>.<\/p>\n\n<h2 class=\"wp-block-heading\">Hur l\u00e5ng tid tar det att f\u00e5 ett B2-visum?<\/h2>\n\n<p>Det tar minst n\u00e5gra veckor att behandla en visumans\u00f6kan. Denna period beror p\u00e5 hur m\u00e5nga ans\u00f6kningar som behandlas av den amerikanska konsul\u00e4ra myndigheten i den s\u00f6kandes ursprungsland.   <\/p>\n\n<p>Tids\u00e5tg\u00e5ngen varierar ocks\u00e5 avsev\u00e4rt, beroende p\u00e5 hur mottaglig den s\u00f6kande \u00e4r f\u00f6r att tillhandah\u00e5lla ytterligare information och organisera en <a href=\"https:\/\/usa-b2.com\/sv\/usa-ambassad\/\">tid p\u00e5 den amerikanska ambassaden<\/a>.<\/p>\n\n<h2 class=\"wp-block-heading\">Hur l\u00e4nge \u00e4r B2-visumet giltigt?<\/h2>\n\n<p>Den ursprungliga giltighetstiden f\u00f6r ett B2-visum \u00e4r 6 m\u00e5nader. F\u00f6r att f\u00f6rl\u00e4nga visumets giltighetstid m\u00e5ste visuminnehavaren ans\u00f6ka om en f\u00f6rl\u00e4ngning p\u00e5 ytterligare 6 m\u00e5nader. Denna beg\u00e4ran om f\u00f6rl\u00e4ngning kan endast g\u00f6ras efter 3 m\u00e5nader och senast 42 dagar innan visumet l\u00f6per ut.  <\/p>\n\n<h2 class=\"wp-block-heading\">Hur ser en B2-visering ut?<\/h2>\n\n<p>H\u00e4r \u00e4r en bild av ett B2-viseringsexemplar f\u00f6r att se hur det ser ut. Denna bild visar ocks\u00e5 de m\u00e5tt som kr\u00e4vs f\u00f6r passfotot p\u00e5 visumet. <\/p>\n\n<figure class=\"wp-block-image size-full\"><img fetchpriority=\"high\" decoding=\"async\" width=\"760\" height=\"468\" src=\"https:\/\/usa-b2.com\/wp-content\/uploads\/2024\/02\/Visa-b2.webp\" alt=\"Visum med B2-bild\" class=\"wp-image-1072\" srcset=\"https:\/\/usa-b2.com\/wp-content\/uploads\/2024\/02\/Visa-b2.webp 760w, https:\/\/usa-b2.com\/wp-content\/uploads\/2024\/02\/Visa-b2-300x185.webp 300w\" sizes=\"(max-width: 760px) 100vw, 760px\" \/><figcaption class=\"wp-element-caption\">Bild av ett B2-visum f\u00f6r USA<\/figcaption><\/figure>\n\n<h2 class=\"wp-block-heading\">\u00c4r det m\u00f6jligt att f\u00e5 ett gr\u00f6nt kort med ett B2-visum?<\/h2>\n\n<p>Det \u00e4r i allm\u00e4nhet sv\u00e5rt att f\u00e5 ett gr\u00f6nt kort direkt fr\u00e5n ett B2-visum. B2-visumet \u00e4r ett tillf\u00e4lligt bes\u00f6ksvisum. F\u00f6r att \u00e4ndra din status och bli permanent bosatt m\u00e5ste du f\u00f6lja ett s\u00e4rskilt f\u00f6rfarande som t.ex. kan omfatta :  <\/p>\n\n<ul class=\"wp-block-list\">\n<li>\u00c4ktenskap med en amerikansk medborgare ;<\/li>\n\n\n\n<li>Ett kvalificerat jobberbjudande ;<\/li>\n\n\n\n<li>Sponsring av familjen.<\/li>\n<\/ul>\n\n<div style=\"height:10px\" aria-hidden=\"true\" class=\"wp-block-spacer\"><\/div>\n\n<h2 class=\"wp-block-heading\">Vilka \u00e4r de viktigaste resm\u00e5len som kan n\u00e5s med ett B2-visum i USA?<\/h2>\n\n<p>Med B2-visumet kan utl\u00e4ndska resen\u00e4rer vistas var som helst i USA. F\u00f6r att ta reda p\u00e5 mer, ta en titt p\u00e5 n\u00e5gra specifika uppgifter om <a href=\"https:\/\/usa-b2.com\/sv\/visum-for-new-york\/\">visum f\u00f6r New York<\/a>. P\u00e5 Amerikas nord\u00f6stra kust finns det ocks\u00e5 m\u00e5nga resen\u00e4rer som anv\u00e4nder ett <a href=\"https:\/\/usa-b2.com\/sv\/visum-for-washington\/\">Washington-visum<\/a> f\u00f6r att resa in i USA. Information om hur man f\u00e5r <a href=\"https:\/\/usa-b2.com\/sv\/visum-boston\/\">visum till Boston<\/a> eller reser med <a href=\"https:\/\/usa-b2.com\/sv\/visum-chicago\/\">visum till Chicago<\/a> \u00e4r ocks\u00e5 mycket anv\u00e4ndbar.   <\/p>\n\n<p>Om du reser till v\u00e4stkusten som turist beh\u00f6ver du <a href=\"https:\/\/usa-b2.com\/sv\/visum-san-francisco\/\">visum till San Francisco.<\/a> Om du reser l\u00e4ngre norrut beh\u00f6ver du <a href=\"https:\/\/usa-b2.com\/sv\/visum-los-angeles\/\">visum till Los Angeles.<\/a>  Om du planerar en resa till Nevada\u00f6knen kan du l\u00e4sa v\u00e5r information om <a href=\"https:\/\/usa-b2.com\/sv\/visum-las-vegas\/\">visum f\u00f6r Las Vegas<\/a>.<\/p>\n\n<p>Det andra stora turistm\u00e5let i USA \u00e4r s\u00f6dra delen av \u00f6stkusten. Skaffa ett <a href=\"https:\/\/usa-b2.com\/sv\/visum-miami\/\">visum f\u00f6r Miami f\u00f6r<\/a> att uppt\u00e4cka Florida i USA.<\/p>\n","protected":false},"excerpt":{"rendered":"<p>Det amerikanska B2-visumet f\u00f6r bes\u00f6k i USA B2-visumet \u00e4r ett av de vanligaste amerikanska visum som varje \u00e5r s\u00f6ks av utl\u00e4ndska medborgare som vill bes\u00f6ka USA. Vad \u00e4r ett amerikanskt B2-visum? B2-visumet \u00e4r ett turistvisum f\u00f6r USA som ocks\u00e5 ger dig m\u00f6jlighet att bes\u00f6ka n\u00e4ra v\u00e4nner och familj. Med B2-visumet kan du ocks\u00e5 vistas i [&hellip;]<\/p>\n","protected":false},"author":1,"featured_media":0,"parent":0,"menu_order":0,"comment_status":"closed","ping_status":"closed","template":"","meta":{"footnotes":""},"class_list":["post-302","page","type-page","status-publish","hentry"],"yoast_head":"<!-- This site is optimized with the Yoast SEO plugin v27.0 - https:\/\/yoast.com\/product\/yoast-seo-wordpress\/ -->\n<title>Amerikansk B2-visering - USA B2<\/title>\n<meta name=\"description\" content=\"S\u00e5 h\u00e4r ans\u00f6ker du online om ett B2-visum f\u00f6r att resa till USA. Vi f\u00f6rklarar allt\" \/>\n<meta name=\"robots\" content=\"index, follow, max-snippet:-1, max-image-preview:large, max-video-preview:-1\" \/>\n<link rel=\"canonical\" href=\"https:\/\/usa-b2.com\/sv\/visum-b2\/\" \/>\n<meta property=\"og:locale\" content=\"sv_SE\" \/>\n<meta property=\"og:type\" content=\"article\" \/>\n<meta property=\"og:title\" content=\"Amerikansk B2-visering - USA B2\" \/>\n<meta property=\"og:description\" content=\"S\u00e5 h\u00e4r ans\u00f6ker du online om ett B2-visum f\u00f6r att resa till USA. Vi f\u00f6rklarar allt\" \/>\n<meta property=\"og:url\" content=\"https:\/\/usa-b2.com\/sv\/visum-b2\/\" \/>\n<meta property=\"og:site_name\" content=\"USA B2\" \/>\n<meta property=\"article:modified_time\" content=\"2025-09-13T09:26:38+00:00\" \/>\n<meta property=\"og:image\" content=\"https:\/\/usa-b2.com\/wp-content\/uploads\/2024\/02\/Visa-b2.webp\" \/>\n\t<meta property=\"og:image:width\" content=\"760\" \/>\n\t<meta property=\"og:image:height\" content=\"468\" \/>\n\t<meta property=\"og:image:type\" content=\"image\/webp\" \/>\n<meta name=\"twitter:card\" content=\"summary_large_image\" \/>\n<meta name=\"twitter:label1\" content=\"Ber\u00e4knad l\u00e4stid\" \/>\n\t<meta name=\"twitter:data1\" content=\"6 minuter\" \/>\n<script type=\"application\/ld+json\" class=\"yoast-schema-graph\">{\"@context\":\"https:\/\/schema.org\",\"@graph\":[{\"@type\":\"WebPage\",\"@id\":\"https:\/\/usa-b2.com\/sv\/visum-b2\/\",\"url\":\"https:\/\/usa-b2.com\/sv\/visum-b2\/\",\"name\":\"Amerikansk B2-visering - USA B2\",\"isPartOf\":{\"@id\":\"https:\/\/usa-b2.com\/sv\/#website\"},\"primaryImageOfPage\":{\"@id\":\"https:\/\/usa-b2.com\/sv\/visum-b2\/#primaryimage\"},\"image\":{\"@id\":\"https:\/\/usa-b2.com\/sv\/visum-b2\/#primaryimage\"},\"thumbnailUrl\":\"https:\/\/usa-b2.com\/wp-content\/uploads\/2024\/02\/Visa-b2.webp\",\"datePublished\":\"2024-02-05T18:28:26+00:00\",\"dateModified\":\"2025-09-13T09:26:38+00:00\",\"description\":\"S\u00e5 h\u00e4r ans\u00f6ker du online om ett B2-visum f\u00f6r att resa till USA. Vi f\u00f6rklarar allt\",\"breadcrumb\":{\"@id\":\"https:\/\/usa-b2.com\/sv\/visum-b2\/#breadcrumb\"},\"inLanguage\":\"sv-SE\",\"potentialAction\":[{\"@type\":\"ReadAction\",\"target\":[\"https:\/\/usa-b2.com\/sv\/visum-b2\/\"]}]},{\"@type\":\"ImageObject\",\"inLanguage\":\"sv-SE\",\"@id\":\"https:\/\/usa-b2.com\/sv\/visum-b2\/#primaryimage\",\"url\":\"https:\/\/usa-b2.com\/wp-content\/uploads\/2024\/02\/Visa-b2.webp\",\"contentUrl\":\"https:\/\/usa-b2.com\/wp-content\/uploads\/2024\/02\/Visa-b2.webp\"},{\"@type\":\"BreadcrumbList\",\"@id\":\"https:\/\/usa-b2.com\/sv\/visum-b2\/#breadcrumb\",\"itemListElement\":[{\"@type\":\"ListItem\",\"position\":1,\"name\":\"Accueil\",\"item\":\"https:\/\/usa-b2.com\/sv\/roadtrips-usa\/\"},{\"@type\":\"ListItem\",\"position\":2,\"name\":\"Amerikansk B2-visering\"}]},{\"@type\":\"WebSite\",\"@id\":\"https:\/\/usa-b2.com\/sv\/#website\",\"url\":\"https:\/\/usa-b2.com\/sv\/\",\"name\":\"USA B2 VISA\",\"description\":\"\",\"potentialAction\":[{\"@type\":\"SearchAction\",\"target\":{\"@type\":\"EntryPoint\",\"urlTemplate\":\"https:\/\/usa-b2.com\/sv\/?s={search_term_string}\"},\"query-input\":{\"@type\":\"PropertyValueSpecification\",\"valueRequired\":true,\"valueName\":\"search_term_string\"}}],\"inLanguage\":\"sv-SE\"}]}<\/script>\n<!-- \/ Yoast SEO plugin. -->","yoast_head_json":{"title":"Amerikansk B2-visering - USA B2","description":"S\u00e5 h\u00e4r ans\u00f6ker du online om ett B2-visum f\u00f6r att resa till USA. Vi f\u00f6rklarar allt","robots":{"index":"index","follow":"follow","max-snippet":"max-snippet:-1","max-image-preview":"max-image-preview:large","max-video-preview":"max-video-preview:-1"},"canonical":"https:\/\/usa-b2.com\/sv\/visum-b2\/","og_locale":"sv_SE","og_type":"article","og_title":"Amerikansk B2-visering - USA B2","og_description":"S\u00e5 h\u00e4r ans\u00f6ker du online om ett B2-visum f\u00f6r att resa till USA. Vi f\u00f6rklarar allt","og_url":"https:\/\/usa-b2.com\/sv\/visum-b2\/","og_site_name":"USA B2","article_modified_time":"2025-09-13T09:26:38+00:00","og_image":[{"width":760,"height":468,"url":"https:\/\/usa-b2.com\/wp-content\/uploads\/2024\/02\/Visa-b2.webp","type":"image\/webp"}],"twitter_card":"summary_large_image","twitter_misc":{"Ber\u00e4knad l\u00e4stid":"6 minuter"},"schema":{"@context":"https:\/\/schema.org","@graph":[{"@type":"WebPage","@id":"https:\/\/usa-b2.com\/sv\/visum-b2\/","url":"https:\/\/usa-b2.com\/sv\/visum-b2\/","name":"Amerikansk B2-visering - USA B2","isPartOf":{"@id":"https:\/\/usa-b2.com\/sv\/#website"},"primaryImageOfPage":{"@id":"https:\/\/usa-b2.com\/sv\/visum-b2\/#primaryimage"},"image":{"@id":"https:\/\/usa-b2.com\/sv\/visum-b2\/#primaryimage"},"thumbnailUrl":"https:\/\/usa-b2.com\/wp-content\/uploads\/2024\/02\/Visa-b2.webp","datePublished":"2024-02-05T18:28:26+00:00","dateModified":"2025-09-13T09:26:38+00:00","description":"S\u00e5 h\u00e4r ans\u00f6ker du online om ett B2-visum f\u00f6r att resa till USA. Vi f\u00f6rklarar allt","breadcrumb":{"@id":"https:\/\/usa-b2.com\/sv\/visum-b2\/#breadcrumb"},"inLanguage":"sv-SE","potentialAction":[{"@type":"ReadAction","target":["https:\/\/usa-b2.com\/sv\/visum-b2\/"]}]},{"@type":"ImageObject","inLanguage":"sv-SE","@id":"https:\/\/usa-b2.com\/sv\/visum-b2\/#primaryimage","url":"https:\/\/usa-b2.com\/wp-content\/uploads\/2024\/02\/Visa-b2.webp","contentUrl":"https:\/\/usa-b2.com\/wp-content\/uploads\/2024\/02\/Visa-b2.webp"},{"@type":"BreadcrumbList","@id":"https:\/\/usa-b2.com\/sv\/visum-b2\/#breadcrumb","itemListElement":[{"@type":"ListItem","position":1,"name":"Accueil","item":"https:\/\/usa-b2.com\/sv\/roadtrips-usa\/"},{"@type":"ListItem","position":2,"name":"Amerikansk B2-visering"}]},{"@type":"WebSite","@id":"https:\/\/usa-b2.com\/sv\/#website","url":"https:\/\/usa-b2.com\/sv\/","name":"USA B2 VISA","description":"","potentialAction":[{"@type":"SearchAction","target":{"@type":"EntryPoint","urlTemplate":"https:\/\/usa-b2.com\/sv\/?s={search_term_string}"},"query-input":{"@type":"PropertyValueSpecification","valueRequired":true,"valueName":"search_term_string"}}],"inLanguage":"sv-SE"}]}},"_links":{"self":[{"href":"https:\/\/usa-b2.com\/sv\/wp-json\/wp\/v2\/pages\/302","targetHints":{"allow":["GET"]}}],"collection":[{"href":"https:\/\/usa-b2.com\/sv\/wp-json\/wp\/v2\/pages"}],"about":[{"href":"https:\/\/usa-b2.com\/sv\/wp-json\/wp\/v2\/types\/page"}],"author":[{"embeddable":true,"href":"https:\/\/usa-b2.com\/sv\/wp-json\/wp\/v2\/users\/1"}],"replies":[{"embeddable":true,"href":"https:\/\/usa-b2.com\/sv\/wp-json\/wp\/v2\/comments?post=302"}],"version-history":[{"count":5,"href":"https:\/\/usa-b2.com\/sv\/wp-json\/wp\/v2\/pages\/302\/revisions"}],"predecessor-version":[{"id":9787,"href":"https:\/\/usa-b2.com\/sv\/wp-json\/wp\/v2\/pages\/302\/revisions\/9787"}],"wp:attachment":[{"href":"https:\/\/usa-b2.com\/sv\/wp-json\/wp\/v2\/media?parent=302"}],"curies":[{"name":"wp","href":"https:\/\/api.w.org\/{rel}","templated":true}]}}