{"id":280,"date":"2024-02-10T17:21:47","date_gmt":"2024-02-10T17:21:47","guid":{"rendered":"https:\/\/usa-b2.com\/visum-b1-usa\/"},"modified":"2026-04-17T15:20:08","modified_gmt":"2026-04-17T15:20:08","slug":"visum-b1-usa","status":"publish","type":"page","link":"https:\/\/usa-b2.com\/sv\/visum-b1-usa\/","title":{"rendered":"B1-visum f\u00f6r resor till F\u00f6renta staterna"},"content":{"rendered":"\n<h1 class=\"wp-block-heading\">Skaffa ett B1-visum f\u00f6r att g\u00f6ra aff\u00e4rer i USA<\/h1>\n\n<p>B1-visumet \u00e4r ett amerikanskt visum f\u00f6r icke-immigranter. Det g\u00e4ller utl\u00e4ndska medborgare som vill resa till F\u00f6renta staterna i aff\u00e4rssyfte. B1-visumet ger utl\u00e4ndska medborgare r\u00e4tt att utf\u00f6ra f\u00f6ljande aktiviteter:  <\/p>\n\n<ul class=\"wp-block-list\">\n<li>Investera i USA  <\/li>\n\n\n\n<li>F\u00f6rhandla om ett yrkesavtal<\/li>\n\n\n\n<li>Tr\u00e4ffa partnerf\u00f6retag i USA<\/li>\n\n\n\n<li>Deltagande i professionella evenemang.<\/li>\n<\/ul>\n\n<div style=\"height:10px\" aria-hidden=\"true\" class=\"wp-block-spacer\"><\/div>\n\n<p><strong>F\u00f6r en vistelse p\u00e5 mindre \u00e4n 90 dagar i USA<\/strong>: Det \u00e4r inte n\u00f6dv\u00e4ndigt att ans\u00f6ka om ett B1-visum. Allt du beh\u00f6ver g\u00f6ra \u00e4r att ans\u00f6ka om ett elektroniskt resetillst\u00e5nd (ESTA) genom att klicka p\u00e5 <a href=\"https:\/\/usa-b2.com\/sv\/formular-esta-on-line\/\">onlineformul\u00e4ret<\/a>. <\/p>\n\n<div style=\"height:10px\" aria-hidden=\"true\" class=\"wp-block-spacer\"><\/div>\n\n<h2 class=\"wp-block-heading\">Vilka \u00e4r kriterierna f\u00f6r att f\u00e5 B1-visum?<\/h2>\n\n<p>Beh\u00f6righetskriterierna f\u00f6r att ans\u00f6ka om ett B1-f\u00f6retagsvisum \u00e4r f\u00f6ljande<\/p>\n\n<ul class=\"wp-block-list\">\n<li>Syftet med vistelsen m\u00e5ste vara att g\u00f6ra aff\u00e4rer i USA<\/li>\n\n\n\n<li>Den s\u00f6kande m\u00e5ste kunna finansiera alla kostnader f\u00f6r vistelsen<\/li>\n\n\n\n<li>De s\u00f6kande m\u00e5ste ocks\u00e5 visa att de har f\u00f6r avsikt att \u00e5terv\u00e4nda till sitt ursprungsland efter vistelsens slut. Han f\u00e5r under inga omst\u00e4ndigheter planera att stanna i USA. <\/li>\n<\/ul>\n\n<div style=\"height:10px\" aria-hidden=\"true\" class=\"wp-block-spacer\"><\/div>\n\n<p>Som en del av viseringsans\u00f6kan m\u00e5ste s\u00f6kande tillhandah\u00e5lla styrkande handlingar som visar att deras vistelse uppfyller de fastst\u00e4llda kriterierna.<\/p>\n\n<h2 class=\"wp-block-heading\">Hur ans\u00f6ker man om ett B1-visum?<\/h2>\n\n<p>F\u00f6lj stegen nedan f\u00f6r att ans\u00f6ka om ett B1-visum online:<\/p>\n\n<ol class=\"wp-block-list\">\n<li>Fyll i ans\u00f6kningsformul\u00e4ret <a href=\"https:\/\/usa-b2.com\/sv\/ds-160\/\">DS 160<\/a> f\u00f6r B1 visum online<\/li>\n\n\n\n<li>Betala <a href=\"https:\/\/usa-b2.com\/sv\/avgifter-b2-visum\/\">viseringsavgiften<\/a> online f\u00f6r att validera din ans\u00f6kan<\/li>\n\n\n\n<li>Boka en <a href=\"https:\/\/usa-b2.com\/sv\/visumbokning-usa-ambassad\/\">visumintervju p\u00e5 ambassaden<\/a><\/li>\n\n\n\n<li>F\u00f6rbered alla styrkande handlingar f\u00f6r din viseringsans\u00f6kan<\/li>\n\n\n\n<li>Delta i viseringsintervjun.<\/li>\n<\/ol>\n\n<div style=\"height:10px\" aria-hidden=\"true\" class=\"wp-block-spacer\"><\/div>\n\n<p>Det erh\u00e5llna visumet kommer att f\u00e4stas p\u00e5 det <a href=\"https:\/\/usa-b2.com\/sv\/passresor-usa\/\">pass som anv\u00e4nds f\u00f6r att resa till USA<\/a>.<\/p>\n\n<h2 class=\"wp-block-heading\">Varaktighet och villkor f\u00f6r B1-visum<\/h2>\n\n<h3 class=\"wp-block-heading\">Giltighet<\/h3>\n\n<p>B1-visumet \u00e4r i allm\u00e4nhet giltigt i flera \u00e5r, med flera inresor. Varje vistelse \u00e4r dock begr\u00e4nsad till <strong>h\u00f6gst 1 till 6 m\u00e5nader<\/strong>, vilket best\u00e4ms av immigrationsmyndigheterna vid ankomsten till USA. <\/p>\n\n<h3 class=\"wp-block-heading\">Villkor<\/h3>\n\n<ul class=\"wp-block-list\">\n<li>B1-visumet ger dig inte r\u00e4tt att arbeta eller ta emot l\u00f6n fr\u00e5n ett amerikanskt f\u00f6retag.<\/li>\n\n\n\n<li>Resen\u00e4ren m\u00e5ste l\u00e4mna F\u00f6renta staterna f\u00f6re utg\u00e5ngen av den period som godk\u00e4nts av immigrationsmyndigheten.<\/li>\n<\/ul>\n\n<div style=\"height:10px\" aria-hidden=\"true\" class=\"wp-block-spacer\"><\/div>\n\n<h2 class=\"wp-block-heading\">F\u00f6rdelar med B1-visum<\/h2>\n\n<ul class=\"wp-block-list\">\n<li><strong>Flexibilitet<\/strong>: B1-visumet till\u00e5ter upprepade vistelser under hela giltighetstiden.<\/li>\n\n\n\n<li><strong>Professionellt tilltr\u00e4de<\/strong>: Perfekt f\u00f6r att etablera aff\u00e4rsrelationer, delta i konferenser eller utforska aff\u00e4rsm\u00f6jligheter.<\/li>\n\n\n\n<li><strong>Icke-begr\u00e4nsande<\/strong>: Det \u00e4r inte knutet till en specifik arbetsgivare som med ett arbetsvisum.<\/li>\n<\/ul>\n\n<div style=\"height:10px\" aria-hidden=\"true\" class=\"wp-block-spacer\"><\/div>\n\n<h2 class=\"wp-block-heading\">Vanliga fr\u00e5gor om B1-visum<\/h2>\n\n<h3 class=\"wp-block-heading\">Kan jag arbeta i USA med ett B1-visum?<\/h3>\n\n<p>B1-visumet ger dig inte r\u00e4tt att arbeta eller ta emot l\u00f6n i USA. Det ger dig bara m\u00f6jlighet att delta i tillf\u00e4lliga yrkesverksamheter.  <\/p>\n\n<h3 class=\"wp-block-heading\">Kan jag f\u00f6rl\u00e4nga min vistelse med ett B1-visum?<\/h3>\n\n<p>Ja, du kan beg\u00e4ra en f\u00f6rl\u00e4ngning fr\u00e5n <strong>USCIS<\/strong> innan din auktoriserade period l\u00f6per ut. Du m\u00e5ste ange ett giltigt sk\u00e4l och styrkande handlingar. <\/p>\n\n<h3 class=\"wp-block-heading\">Hur l\u00e5ng tid tar det att f\u00e5 ett B1-visum?<\/h3>\n\n<p>Behandlingen kan ta fr\u00e5n n\u00e5gra dagar till flera veckor, beroende p\u00e5 hur m\u00e5nga tider som finns tillg\u00e4ngliga p\u00e5 din <a href=\"https:\/\/usa-b2.com\/sv\/usa-ambassad\/\">amerikanska ambassad<\/a>.<\/p>\n\n<h3 class=\"wp-block-heading\">Kan B1-visum anv\u00e4ndas f\u00f6r turism?<\/h3>\n\n<p>Nej, B1-visumet \u00e4r endast avsett f\u00f6r aff\u00e4rsverksamhet. Om du vill kombinera aff\u00e4rsverksamhet och turism m\u00e5ste du <a href=\"https:\/\/usa-b2.com\/sv\/b2-visumformular-online\/\">ans\u00f6ka om ett B2-visum online<\/a>. <\/p>\n\n<h3 class=\"wp-block-heading\">Vad ska jag g\u00f6ra om jag f\u00e5r avslag p\u00e5 min B1-visering?<\/h3>\n\n<p>Om ans\u00f6kan avsl\u00e5s f\u00e5r s\u00f6kanden ett brev d\u00e4r sk\u00e4len till detta f\u00f6rklaras. Den s\u00f6kande kan l\u00e4mna in en ny ans\u00f6kan och korrigera eventuella brister som uppt\u00e4ckts i f\u00f6rv\u00e4g. <\/p>\n","protected":false},"excerpt":{"rendered":"<p>Skaffa ett B1-visum f\u00f6r att g\u00f6ra aff\u00e4rer i USA B1-visumet \u00e4r ett amerikanskt visum f\u00f6r icke-immigranter. Det g\u00e4ller utl\u00e4ndska medborgare som vill resa till F\u00f6renta staterna i aff\u00e4rssyfte. B1-visumet ger utl\u00e4ndska medborgare r\u00e4tt att utf\u00f6ra f\u00f6ljande aktiviteter: F\u00f6r en vistelse p\u00e5 mindre \u00e4n 90 dagar i USA: Det \u00e4r inte n\u00f6dv\u00e4ndigt att ans\u00f6ka om ett [&hellip;]<\/p>\n","protected":false},"author":1,"featured_media":0,"parent":0,"menu_order":0,"comment_status":"closed","ping_status":"closed","template":"","meta":{"footnotes":""},"class_list":["post-280","page","type-page","status-publish","hentry"],"yoast_head":"<!-- This site is optimized with the Yoast SEO plugin v27.4 - https:\/\/yoast.com\/product\/yoast-seo-wordpress\/ -->\n<title>B1-visum f\u00f6r resor till F\u00f6renta staterna - USA B2<\/title>\n<meta name=\"description\" content=\"F\u00f6rfarande f\u00f6r att f\u00e5 ett amerikanskt B1 aff\u00e4rsvisum f\u00f6r att bes\u00f6ka USA f\u00f6r aff\u00e4rs\u00e4ndam\u00e5l\" \/>\n<meta name=\"robots\" content=\"index, follow, max-snippet:-1, max-image-preview:large, max-video-preview:-1\" \/>\n<link rel=\"canonical\" href=\"https:\/\/usa-b2.com\/sv\/visum-b1-usa\/\" \/>\n<meta property=\"og:locale\" content=\"sv_SE\" \/>\n<meta property=\"og:type\" content=\"article\" \/>\n<meta property=\"og:title\" content=\"B1-visum f\u00f6r resor till F\u00f6renta staterna - USA B2\" \/>\n<meta property=\"og:description\" content=\"F\u00f6rfarande f\u00f6r att f\u00e5 ett amerikanskt B1 aff\u00e4rsvisum f\u00f6r att bes\u00f6ka USA f\u00f6r aff\u00e4rs\u00e4ndam\u00e5l\" \/>\n<meta property=\"og:url\" content=\"https:\/\/usa-b2.com\/sv\/visum-b1-usa\/\" \/>\n<meta property=\"og:site_name\" content=\"USA B2\" \/>\n<meta property=\"article:modified_time\" content=\"2026-04-17T15:20:08+00:00\" \/>\n<meta name=\"twitter:card\" content=\"summary_large_image\" \/>\n<meta name=\"twitter:label1\" content=\"Ber\u00e4knad l\u00e4stid\" \/>\n\t<meta name=\"twitter:data1\" content=\"3 minuter\" \/>\n<script type=\"application\/ld+json\" class=\"yoast-schema-graph\">{\"@context\":\"https:\\\/\\\/schema.org\",\"@graph\":[{\"@type\":\"WebPage\",\"@id\":\"https:\\\/\\\/usa-b2.com\\\/sv\\\/visum-b1-usa\\\/\",\"url\":\"https:\\\/\\\/usa-b2.com\\\/sv\\\/visum-b1-usa\\\/\",\"name\":\"B1-visum f\u00f6r resor till F\u00f6renta staterna - USA B2\",\"isPartOf\":{\"@id\":\"https:\\\/\\\/usa-b2.com\\\/sv\\\/#website\"},\"datePublished\":\"2024-02-10T17:21:47+00:00\",\"dateModified\":\"2026-04-17T15:20:08+00:00\",\"description\":\"F\u00f6rfarande f\u00f6r att f\u00e5 ett amerikanskt B1 aff\u00e4rsvisum f\u00f6r att bes\u00f6ka USA f\u00f6r aff\u00e4rs\u00e4ndam\u00e5l\",\"breadcrumb\":{\"@id\":\"https:\\\/\\\/usa-b2.com\\\/sv\\\/visum-b1-usa\\\/#breadcrumb\"},\"inLanguage\":\"sv-SE\",\"potentialAction\":[{\"@type\":\"ReadAction\",\"target\":[\"https:\\\/\\\/usa-b2.com\\\/sv\\\/visum-b1-usa\\\/\"]}]},{\"@type\":\"BreadcrumbList\",\"@id\":\"https:\\\/\\\/usa-b2.com\\\/sv\\\/visum-b1-usa\\\/#breadcrumb\",\"itemListElement\":[{\"@type\":\"ListItem\",\"position\":1,\"name\":\"Accueil\",\"item\":\"https:\\\/\\\/usa-b2.com\\\/sv\\\/usa\\\/\"},{\"@type\":\"ListItem\",\"position\":2,\"name\":\"B1-visum f\u00f6r resor till F\u00f6renta staterna\"}]},{\"@type\":\"WebSite\",\"@id\":\"https:\\\/\\\/usa-b2.com\\\/sv\\\/#website\",\"url\":\"https:\\\/\\\/usa-b2.com\\\/sv\\\/\",\"name\":\"USA B2 VISA\",\"description\":\"\",\"potentialAction\":[{\"@type\":\"SearchAction\",\"target\":{\"@type\":\"EntryPoint\",\"urlTemplate\":\"https:\\\/\\\/usa-b2.com\\\/sv\\\/?s={search_term_string}\"},\"query-input\":{\"@type\":\"PropertyValueSpecification\",\"valueRequired\":true,\"valueName\":\"search_term_string\"}}],\"inLanguage\":\"sv-SE\"}]}<\/script>\n<!-- \/ Yoast SEO plugin. -->","yoast_head_json":{"title":"B1-visum f\u00f6r resor till F\u00f6renta staterna - USA B2","description":"F\u00f6rfarande f\u00f6r att f\u00e5 ett amerikanskt B1 aff\u00e4rsvisum f\u00f6r att bes\u00f6ka USA f\u00f6r aff\u00e4rs\u00e4ndam\u00e5l","robots":{"index":"index","follow":"follow","max-snippet":"max-snippet:-1","max-image-preview":"max-image-preview:large","max-video-preview":"max-video-preview:-1"},"canonical":"https:\/\/usa-b2.com\/sv\/visum-b1-usa\/","og_locale":"sv_SE","og_type":"article","og_title":"B1-visum f\u00f6r resor till F\u00f6renta staterna - USA B2","og_description":"F\u00f6rfarande f\u00f6r att f\u00e5 ett amerikanskt B1 aff\u00e4rsvisum f\u00f6r att bes\u00f6ka USA f\u00f6r aff\u00e4rs\u00e4ndam\u00e5l","og_url":"https:\/\/usa-b2.com\/sv\/visum-b1-usa\/","og_site_name":"USA B2","article_modified_time":"2026-04-17T15:20:08+00:00","twitter_card":"summary_large_image","twitter_misc":{"Ber\u00e4knad l\u00e4stid":"3 minuter"},"schema":{"@context":"https:\/\/schema.org","@graph":[{"@type":"WebPage","@id":"https:\/\/usa-b2.com\/sv\/visum-b1-usa\/","url":"https:\/\/usa-b2.com\/sv\/visum-b1-usa\/","name":"B1-visum f\u00f6r resor till F\u00f6renta staterna - USA B2","isPartOf":{"@id":"https:\/\/usa-b2.com\/sv\/#website"},"datePublished":"2024-02-10T17:21:47+00:00","dateModified":"2026-04-17T15:20:08+00:00","description":"F\u00f6rfarande f\u00f6r att f\u00e5 ett amerikanskt B1 aff\u00e4rsvisum f\u00f6r att bes\u00f6ka USA f\u00f6r aff\u00e4rs\u00e4ndam\u00e5l","breadcrumb":{"@id":"https:\/\/usa-b2.com\/sv\/visum-b1-usa\/#breadcrumb"},"inLanguage":"sv-SE","potentialAction":[{"@type":"ReadAction","target":["https:\/\/usa-b2.com\/sv\/visum-b1-usa\/"]}]},{"@type":"BreadcrumbList","@id":"https:\/\/usa-b2.com\/sv\/visum-b1-usa\/#breadcrumb","itemListElement":[{"@type":"ListItem","position":1,"name":"Accueil","item":"https:\/\/usa-b2.com\/sv\/usa\/"},{"@type":"ListItem","position":2,"name":"B1-visum f\u00f6r resor till F\u00f6renta staterna"}]},{"@type":"WebSite","@id":"https:\/\/usa-b2.com\/sv\/#website","url":"https:\/\/usa-b2.com\/sv\/","name":"USA B2 VISA","description":"","potentialAction":[{"@type":"SearchAction","target":{"@type":"EntryPoint","urlTemplate":"https:\/\/usa-b2.com\/sv\/?s={search_term_string}"},"query-input":{"@type":"PropertyValueSpecification","valueRequired":true,"valueName":"search_term_string"}}],"inLanguage":"sv-SE"}]}},"_links":{"self":[{"href":"https:\/\/usa-b2.com\/sv\/wp-json\/wp\/v2\/pages\/280","targetHints":{"allow":["GET"]}}],"collection":[{"href":"https:\/\/usa-b2.com\/sv\/wp-json\/wp\/v2\/pages"}],"about":[{"href":"https:\/\/usa-b2.com\/sv\/wp-json\/wp\/v2\/types\/page"}],"author":[{"embeddable":true,"href":"https:\/\/usa-b2.com\/sv\/wp-json\/wp\/v2\/users\/1"}],"replies":[{"embeddable":true,"href":"https:\/\/usa-b2.com\/sv\/wp-json\/wp\/v2\/comments?post=280"}],"version-history":[{"count":5,"href":"https:\/\/usa-b2.com\/sv\/wp-json\/wp\/v2\/pages\/280\/revisions"}],"predecessor-version":[{"id":11504,"href":"https:\/\/usa-b2.com\/sv\/wp-json\/wp\/v2\/pages\/280\/revisions\/11504"}],"wp:attachment":[{"href":"https:\/\/usa-b2.com\/sv\/wp-json\/wp\/v2\/media?parent=280"}],"curies":[{"name":"wp","href":"https:\/\/api.w.org\/{rel}","templated":true}]}}