{"id":2751,"date":"2024-06-25T10:10:23","date_gmt":"2024-06-25T10:10:23","guid":{"rendered":"https:\/\/usa-b2.com\/giltighetstid-esta\/"},"modified":"2025-10-13T13:40:15","modified_gmt":"2025-10-13T13:40:15","slug":"giltighetstid-esta","status":"publish","type":"page","link":"https:\/\/usa-b2.com\/sv\/giltighetstid-esta\/","title":{"rendered":"ESTA har en begr\u00e4nsad giltighetstid"},"content":{"rendered":"\n<h1 class=\"wp-block-heading\">Hur l\u00e4nge \u00e4r ett ESTA-tillst\u00e5nd giltigt?<\/h1>\n\n<p>Ett ESTA-resetillst\u00e5nd har ett begr\u00e4nsat giltighetsdatum. F\u00f6r att f\u00f6rnya ditt ESTA-tillst\u00e5nd f\u00f6r USA fyller du bara i <a href=\"https:\/\/usa-b2.com\/sv\/formular-esta-on-line\/\">ESTA-formul\u00e4ret online<\/a>. <\/p>\n\n<div style=\"height:10px\" aria-hidden=\"true\" class=\"wp-block-spacer\"><\/div>\n\n<h2 class=\"wp-block-heading\">Hur l\u00e4nge \u00e4r ett ESTA giltigt?<\/h2>\n\n<p>ESTA-tillst\u00e5nd \u00e4r ursprungligen giltiga i 2 \u00e5r. Under denna period kan resen\u00e4rer g\u00f6ra flera bes\u00f6k i USA utan att l\u00e4mna in en ny ans\u00f6kan. Varje vistelse f\u00e5r inte \u00f6verstiga 90 dagar i USA.  <\/p>\n\n<h2 class=\"wp-block-heading\">N\u00e4r f\u00f6rkortas giltighetstiden?<\/h2>\n\n<p>ESTA:s giltighetstid kan f\u00f6rkortas i vissa situationer. H\u00e4r \u00e4r de tre huvudsakliga sk\u00e4len till att ESTA avslutas i f\u00f6rtid: <\/p>\n\n<ol class=\"wp-block-list\">\n<li><strong>N\u00e4r vissa av de personuppgifter som l\u00e4mnades f\u00f6r att erh\u00e5lla ESTA inte l\u00e4ngre \u00e4r giltiga<\/strong>. Om ESTA-innehavarens namn, k\u00f6n eller nationalitet \u00e4ndras \u00e4r ESTA inte l\u00e4ngre giltigt och en ny ESTA-ans\u00f6kan m\u00e5ste g\u00f6ras med de uppdaterade personuppgifterna. <\/li>\n\n\n\n<li><strong>N\u00e4r det pass som anv\u00e4ndes f\u00f6r att erh\u00e5lla ESTA har l\u00f6pt ut<\/strong>. ESTA \u00e4r kopplat till det pass som anv\u00e4ndes vid den f\u00f6rsta ans\u00f6kan. Om detta pass upph\u00f6r att g\u00e4lla \u00e4r ESTA automatiskt inte l\u00e4ngre giltigt. Resen\u00e4ren m\u00e5ste g\u00f6ra en ny ESTA-ans\u00f6kan med det nya <a href=\"https:\/\/usa-b2.com\/fr\/passeport-pour-voyager-aux-usa\/\">passet som \u00e4r giltigt f\u00f6r USA<\/a>.   <\/li>\n\n\n\n<li><strong>N\u00e4r svaren p\u00e5 s\u00e4kerhetsfr\u00e5gorna i ESTA-ans\u00f6kan inte l\u00e4ngre \u00e4r giltiga<\/strong>. Om svaren p\u00e5 de personliga fr\u00e5gorna p\u00e5 ESTA-formul\u00e4ret inte l\u00e4ngre \u00e4r giltiga, \u00e4r ESTA inte l\u00e4ngre giltigt. Det \u00e4r n\u00f6dv\u00e4ndigt att ans\u00f6ka om resetillst\u00e5nd p\u00e5 nytt p\u00e5 den officiella ESTA-webbplatsen genom att uppdatera svaren p\u00e5 h\u00e4lso- och s\u00e4kerhetsfr\u00e5gorna p\u00e5 ESTA-formul\u00e4ret.  <\/li>\n<\/ol>\n\n<div style=\"height:10px\" aria-hidden=\"true\" class=\"wp-block-spacer\"><\/div>\n\n<h2 class=\"wp-block-heading\">Ett ESTA-tillst\u00e5nd upph\u00f6r att g\u00e4lla under en vistelse i USA<\/h2>\n\n<p>N\u00e4r ett ESTA-tillst\u00e5nd l\u00f6per ut under en vistelse i USA f\u00e5r resen\u00e4ren tillst\u00e5nd av den amerikanska regeringen att slutf\u00f6ra sin vistelse i USA inom tidsfristen p\u00e5 90 dagar. Att l\u00e4mna USA efter att ESTA har l\u00f6pt ut \u00e4r i allm\u00e4nhet inget problem.<\/p>\n\n<p>Om du planerar att stanna i USA i mer \u00e4n 90 dagar m\u00e5ste du dock skaffa ett <a href=\"https:\/\/usa-b2.com\/sv\/visum-b2\/\">B2-turistvisum<\/a>. Att \u00f6verskrida den till\u00e5tna vistelsetiden p\u00e5 90 dagar \u00e4r mycket impopul\u00e4rt hos de amerikanska myndigheterna.<\/p>\n","protected":false},"excerpt":{"rendered":"<p>Hur l\u00e4nge \u00e4r ett ESTA-tillst\u00e5nd giltigt? Ett ESTA-resetillst\u00e5nd har ett begr\u00e4nsat giltighetsdatum. F\u00f6r att f\u00f6rnya ditt ESTA-tillst\u00e5nd f\u00f6r USA fyller du bara i ESTA-formul\u00e4ret online. Hur l\u00e4nge \u00e4r ett ESTA giltigt? ESTA-tillst\u00e5nd \u00e4r ursprungligen giltiga i 2 \u00e5r. Under denna period kan resen\u00e4rer g\u00f6ra flera bes\u00f6k i USA utan att l\u00e4mna in en ny ans\u00f6kan. [&hellip;]<\/p>\n","protected":false},"author":1,"featured_media":0,"parent":0,"menu_order":0,"comment_status":"closed","ping_status":"closed","template":"","meta":{"footnotes":""},"class_list":["post-2751","page","type-page","status-publish","hentry"],"yoast_head":"<!-- This site is optimized with the Yoast SEO plugin v27.4 - https:\/\/yoast.com\/product\/yoast-seo-wordpress\/ -->\n<title>ESTA har en begr\u00e4nsad giltighetstid - USA B2<\/title>\n<meta name=\"description\" content=\"ESTA-tillst\u00e5nd \u00e4r giltiga under en begr\u00e4nsad tidsperiod, s\u00e5 det \u00e4r viktigt att kontrollera deras giltighet innan du reser.\" \/>\n<meta name=\"robots\" content=\"index, follow, max-snippet:-1, max-image-preview:large, max-video-preview:-1\" \/>\n<link rel=\"canonical\" href=\"https:\/\/usa-b2.com\/sv\/giltighetstid-esta\/\" \/>\n<meta property=\"og:locale\" content=\"sv_SE\" \/>\n<meta property=\"og:type\" content=\"article\" \/>\n<meta property=\"og:title\" content=\"ESTA har en begr\u00e4nsad giltighetstid - USA B2\" \/>\n<meta property=\"og:description\" content=\"ESTA-tillst\u00e5nd \u00e4r giltiga under en begr\u00e4nsad tidsperiod, s\u00e5 det \u00e4r viktigt att kontrollera deras giltighet innan du reser.\" \/>\n<meta property=\"og:url\" content=\"https:\/\/usa-b2.com\/sv\/giltighetstid-esta\/\" \/>\n<meta property=\"og:site_name\" content=\"USA B2\" \/>\n<meta property=\"article:modified_time\" content=\"2025-10-13T13:40:15+00:00\" \/>\n<meta name=\"twitter:card\" content=\"summary_large_image\" \/>\n<meta name=\"twitter:label1\" content=\"Ber\u00e4knad l\u00e4stid\" \/>\n\t<meta name=\"twitter:data1\" content=\"2 minuter\" \/>\n<script type=\"application\/ld+json\" class=\"yoast-schema-graph\">{\"@context\":\"https:\\\/\\\/schema.org\",\"@graph\":[{\"@type\":\"WebPage\",\"@id\":\"https:\\\/\\\/usa-b2.com\\\/sv\\\/giltighetstid-esta\\\/\",\"url\":\"https:\\\/\\\/usa-b2.com\\\/sv\\\/giltighetstid-esta\\\/\",\"name\":\"ESTA har en begr\u00e4nsad giltighetstid - USA B2\",\"isPartOf\":{\"@id\":\"https:\\\/\\\/usa-b2.com\\\/sv\\\/#website\"},\"datePublished\":\"2024-06-25T10:10:23+00:00\",\"dateModified\":\"2025-10-13T13:40:15+00:00\",\"description\":\"ESTA-tillst\u00e5nd \u00e4r giltiga under en begr\u00e4nsad tidsperiod, s\u00e5 det \u00e4r viktigt att kontrollera deras giltighet innan du reser.\",\"breadcrumb\":{\"@id\":\"https:\\\/\\\/usa-b2.com\\\/sv\\\/giltighetstid-esta\\\/#breadcrumb\"},\"inLanguage\":\"sv-SE\",\"potentialAction\":[{\"@type\":\"ReadAction\",\"target\":[\"https:\\\/\\\/usa-b2.com\\\/sv\\\/giltighetstid-esta\\\/\"]}]},{\"@type\":\"BreadcrumbList\",\"@id\":\"https:\\\/\\\/usa-b2.com\\\/sv\\\/giltighetstid-esta\\\/#breadcrumb\",\"itemListElement\":[{\"@type\":\"ListItem\",\"position\":1,\"name\":\"Accueil\",\"item\":\"https:\\\/\\\/usa-b2.com\\\/sv\\\/usa\\\/\"},{\"@type\":\"ListItem\",\"position\":2,\"name\":\"ESTA har en begr\u00e4nsad giltighetstid\"}]},{\"@type\":\"WebSite\",\"@id\":\"https:\\\/\\\/usa-b2.com\\\/sv\\\/#website\",\"url\":\"https:\\\/\\\/usa-b2.com\\\/sv\\\/\",\"name\":\"USA B2 VISA\",\"description\":\"\",\"potentialAction\":[{\"@type\":\"SearchAction\",\"target\":{\"@type\":\"EntryPoint\",\"urlTemplate\":\"https:\\\/\\\/usa-b2.com\\\/sv\\\/?s={search_term_string}\"},\"query-input\":{\"@type\":\"PropertyValueSpecification\",\"valueRequired\":true,\"valueName\":\"search_term_string\"}}],\"inLanguage\":\"sv-SE\"}]}<\/script>\n<!-- \/ Yoast SEO plugin. -->","yoast_head_json":{"title":"ESTA har en begr\u00e4nsad giltighetstid - USA B2","description":"ESTA-tillst\u00e5nd \u00e4r giltiga under en begr\u00e4nsad tidsperiod, s\u00e5 det \u00e4r viktigt att kontrollera deras giltighet innan du reser.","robots":{"index":"index","follow":"follow","max-snippet":"max-snippet:-1","max-image-preview":"max-image-preview:large","max-video-preview":"max-video-preview:-1"},"canonical":"https:\/\/usa-b2.com\/sv\/giltighetstid-esta\/","og_locale":"sv_SE","og_type":"article","og_title":"ESTA har en begr\u00e4nsad giltighetstid - USA B2","og_description":"ESTA-tillst\u00e5nd \u00e4r giltiga under en begr\u00e4nsad tidsperiod, s\u00e5 det \u00e4r viktigt att kontrollera deras giltighet innan du reser.","og_url":"https:\/\/usa-b2.com\/sv\/giltighetstid-esta\/","og_site_name":"USA B2","article_modified_time":"2025-10-13T13:40:15+00:00","twitter_card":"summary_large_image","twitter_misc":{"Ber\u00e4knad l\u00e4stid":"2 minuter"},"schema":{"@context":"https:\/\/schema.org","@graph":[{"@type":"WebPage","@id":"https:\/\/usa-b2.com\/sv\/giltighetstid-esta\/","url":"https:\/\/usa-b2.com\/sv\/giltighetstid-esta\/","name":"ESTA har en begr\u00e4nsad giltighetstid - USA B2","isPartOf":{"@id":"https:\/\/usa-b2.com\/sv\/#website"},"datePublished":"2024-06-25T10:10:23+00:00","dateModified":"2025-10-13T13:40:15+00:00","description":"ESTA-tillst\u00e5nd \u00e4r giltiga under en begr\u00e4nsad tidsperiod, s\u00e5 det \u00e4r viktigt att kontrollera deras giltighet innan du reser.","breadcrumb":{"@id":"https:\/\/usa-b2.com\/sv\/giltighetstid-esta\/#breadcrumb"},"inLanguage":"sv-SE","potentialAction":[{"@type":"ReadAction","target":["https:\/\/usa-b2.com\/sv\/giltighetstid-esta\/"]}]},{"@type":"BreadcrumbList","@id":"https:\/\/usa-b2.com\/sv\/giltighetstid-esta\/#breadcrumb","itemListElement":[{"@type":"ListItem","position":1,"name":"Accueil","item":"https:\/\/usa-b2.com\/sv\/usa\/"},{"@type":"ListItem","position":2,"name":"ESTA har en begr\u00e4nsad giltighetstid"}]},{"@type":"WebSite","@id":"https:\/\/usa-b2.com\/sv\/#website","url":"https:\/\/usa-b2.com\/sv\/","name":"USA B2 VISA","description":"","potentialAction":[{"@type":"SearchAction","target":{"@type":"EntryPoint","urlTemplate":"https:\/\/usa-b2.com\/sv\/?s={search_term_string}"},"query-input":{"@type":"PropertyValueSpecification","valueRequired":true,"valueName":"search_term_string"}}],"inLanguage":"sv-SE"}]}},"_links":{"self":[{"href":"https:\/\/usa-b2.com\/sv\/wp-json\/wp\/v2\/pages\/2751","targetHints":{"allow":["GET"]}}],"collection":[{"href":"https:\/\/usa-b2.com\/sv\/wp-json\/wp\/v2\/pages"}],"about":[{"href":"https:\/\/usa-b2.com\/sv\/wp-json\/wp\/v2\/types\/page"}],"author":[{"embeddable":true,"href":"https:\/\/usa-b2.com\/sv\/wp-json\/wp\/v2\/users\/1"}],"replies":[{"embeddable":true,"href":"https:\/\/usa-b2.com\/sv\/wp-json\/wp\/v2\/comments?post=2751"}],"version-history":[{"count":2,"href":"https:\/\/usa-b2.com\/sv\/wp-json\/wp\/v2\/pages\/2751\/revisions"}],"predecessor-version":[{"id":10122,"href":"https:\/\/usa-b2.com\/sv\/wp-json\/wp\/v2\/pages\/2751\/revisions\/10122"}],"wp:attachment":[{"href":"https:\/\/usa-b2.com\/sv\/wp-json\/wp\/v2\/media?parent=2751"}],"curies":[{"name":"wp","href":"https:\/\/api.w.org\/{rel}","templated":true}]}}