{"id":266,"date":"2024-02-10T17:12:20","date_gmt":"2024-02-10T17:12:20","guid":{"rendered":"https:\/\/usa-b2.com\/visa-waiver-program\/"},"modified":"2025-06-09T18:41:13","modified_gmt":"2025-06-09T18:41:13","slug":"visa-waiver-program","status":"publish","type":"page","link":"https:\/\/usa-b2.com\/sv\/visa-waiver-program\/","title":{"rendered":"USA:s program f\u00f6r viseringsundantag"},"content":{"rendered":"\n<h1 class=\"wp-block-heading\">Det amerikanska programmet f\u00f6r viseringsundantag<\/h1>\n\n<h2 class=\"wp-block-heading\">Vad \u00e4r programmet f\u00f6r viseringsundantag?<\/h2>\n\n<p>Visa Waiver Program (VWP) till\u00e5ter medborgare i vissa l\u00e4nder att resa till USA f\u00f6r turism eller aff\u00e4rer i upp till 90 dagar utan att beh\u00f6va skaffa visum. F\u00f6r att omfattas av denna viseringsbefrielse m\u00e5ste medborgare i partnerl\u00e4nderna ans\u00f6ka om ett elektroniskt resetillst\u00e5nd <a href=\"https:\/\/usa-b2.com\/sv\/formular-esta-on-line\/\">ESTA online<\/a>. <\/p>\n\n<h2 class=\"wp-block-heading\">Lista \u00f6ver VWP-medlemsl\u00e4nder<\/h2>\n\n<p>Israel \u00e4r det senaste landet som f\u00e5r tilltr\u00e4de till VWP i oktober 2023. D\u00e4rmed uppg\u00e5r antalet l\u00e4nder som omfattas av det amerikanska programmet f\u00f6r viseringsundantag f\u00f6r sina medborgare till 41. <\/p>\n\n<figure class=\"wp-block-table\"><table><tbody><tr><td><a href=\"https:\/\/usa-b2.com\/sv\/b2-visum-for-tyskar\/\">Tyskland<\/a><\/td><td>Spanien<\/td><td>Liechtenstein<\/td><td>Storbritannien<\/td><\/tr><tr><td>Andorra<\/td><td>Finland<\/td><td>Litauen<\/td><td>San Marino<\/td><\/tr><tr><td>Australien<\/td><td><a href=\"https:\/\/usa-b2.com\/sv\/visum-b2-for-franska\/\">Frankrike<\/a><\/td><td>Luxemburg<\/td><td>Singapore<\/td><\/tr><tr><td>\u00d6sterrike<\/td><td>Grekland<\/td><td>Malta<\/td><td>Slovakien<\/td><\/tr><tr><td>Belgien<\/td><td>Ungern<\/td><td>Monaco<\/td><td>Slovenien<\/td><\/tr><tr><td>Brunei<\/td><td>Irland<\/td><td>Norge<\/td><td>Sverige<\/td><\/tr><tr><td>Chile<\/td><td>Island<\/td><td>Nya Zeeland<\/td><td>schweiziska<\/td><\/tr><tr><td>Kroatien<\/td><td>Israel<\/td><td>Nederl\u00e4nderna<\/td><td>Taiwan<\/td><\/tr><tr><td>Sydkorea<\/td><td><a href=\"https:\/\/usa-b2.com\/sv\/b2-visum-for-italienare\/\">Italien<\/a><\/td><td>Polen<\/td><td><\/td><\/tr><tr><td>Danmark<\/td><td>Japan<\/td><td>Portugal<\/td><td><\/td><\/tr><tr><td>Estland<\/td><td>Lettland<\/td><td>Tjeckien<\/td><td><\/td><\/tr><\/tbody><\/table><figcaption class=\"wp-element-caption\">Lista \u00f6ver l\u00e4nder i USA:s program f\u00f6r viseringsundantag<\/figcaption><\/figure>\n\n<h2 class=\"wp-block-heading\" id=\"h-gt-comment-un-pays-adhere-t-il-au-programme-de-dispense-de-visa\">Hur ans\u00f6ker jag om programmet f\u00f6r viseringsundantag?<\/h2>\n\n<p>L\u00e4nder som vill bli medlemmar i det amerikanska programmet f\u00f6r viseringsundantag m\u00e5ste uppfylla vissa villkor f\u00f6r gr\u00e4nsf\u00f6rvaltning. De viktigaste villkoren som fastst\u00e4llts av USA:s utrikesdepartement \u00e4r : <\/p>\n\n<ul class=\"wp-block-list\">\n<li>Utf\u00e4rdande av elektroniska pass till sina medborgare<\/li>\n\n\n\n<li>Delta i utbytet av s\u00e4kerhetsuppgifter med F\u00f6renta staterna.<\/li>\n\n\n\n<li>H\u00e5lla F\u00f6renta staterna st\u00e4ndigt informerat om stulna eller f\u00f6rlorade pass.<\/li>\n\n\n\n<li>ha en andel avslag p\u00e5 ans\u00f6kningar om bes\u00f6kspass av typ B p\u00e5 mindre \u00e4n 3 % f\u00f6r sina medborgare<\/li>\n\n\n\n<li>Aktivt bek\u00e4mpa terrorism vid gr\u00e4nskontroller.<\/li>\n<\/ul>\n\n<div style=\"height:10px\" aria-hidden=\"true\" class=\"wp-block-spacer\"><\/div>\n\n<h2 class=\"wp-block-heading\">Vad du ska g\u00f6ra om ditt land inte \u00e4r medlem i VWP<\/h2>\n\n<p>Om ditt ursprungsland inte \u00e4r medlem i VWP kan du inte ans\u00f6ka om ett elektroniskt resetillst\u00e5nd (ESTA).\nF\u00f6r att resa in i USA m\u00e5ste du ans\u00f6ka om ett <a href=\"https:\/\/usa-b2.com\/sv\/b2-visumformular-online\/\">B2-visum online<\/a>. <\/p>\n","protected":false},"excerpt":{"rendered":"<p>Det amerikanska programmet f\u00f6r viseringsundantag Vad \u00e4r programmet f\u00f6r viseringsundantag? Visa Waiver Program (VWP) till\u00e5ter medborgare i vissa l\u00e4nder att resa till USA f\u00f6r turism eller aff\u00e4rer i upp till 90 dagar utan att beh\u00f6va skaffa visum. F\u00f6r att omfattas av denna viseringsbefrielse m\u00e5ste medborgare i partnerl\u00e4nderna ans\u00f6ka om ett elektroniskt resetillst\u00e5nd ESTA online. Lista [&hellip;]<\/p>\n","protected":false},"author":1,"featured_media":0,"parent":0,"menu_order":0,"comment_status":"closed","ping_status":"closed","template":"","meta":{"footnotes":""},"class_list":["post-266","page","type-page","status-publish","hentry"],"yoast_head":"<!-- This site is optimized with the Yoast SEO plugin v27.4 - https:\/\/yoast.com\/product\/yoast-seo-wordpress\/ -->\n<title>USA:s program f\u00f6r viseringsundantag - USA B2<\/title>\n<meta name=\"description\" content=\"L\u00e4s mer om USA:s program f\u00f6r viseringsundantag, som g\u00f6r det m\u00f6jligt f\u00f6r utl\u00e4ndska medborgare att resa till USA utan visum.\" \/>\n<meta name=\"robots\" content=\"index, follow, max-snippet:-1, max-image-preview:large, max-video-preview:-1\" \/>\n<link rel=\"canonical\" href=\"https:\/\/usa-b2.com\/sv\/visa-waiver-program\/\" \/>\n<meta property=\"og:locale\" content=\"sv_SE\" \/>\n<meta property=\"og:type\" content=\"article\" \/>\n<meta property=\"og:title\" content=\"USA:s program f\u00f6r viseringsundantag - USA B2\" \/>\n<meta property=\"og:description\" content=\"L\u00e4s mer om USA:s program f\u00f6r viseringsundantag, som g\u00f6r det m\u00f6jligt f\u00f6r utl\u00e4ndska medborgare att resa till USA utan visum.\" \/>\n<meta property=\"og:url\" content=\"https:\/\/usa-b2.com\/sv\/visa-waiver-program\/\" \/>\n<meta property=\"og:site_name\" content=\"USA B2\" \/>\n<meta property=\"article:modified_time\" content=\"2025-06-09T18:41:13+00:00\" \/>\n<meta name=\"twitter:card\" content=\"summary_large_image\" \/>\n<meta name=\"twitter:label1\" content=\"Ber\u00e4knad l\u00e4stid\" \/>\n\t<meta name=\"twitter:data1\" content=\"1 minut\" \/>\n<script type=\"application\/ld+json\" class=\"yoast-schema-graph\">{\"@context\":\"https:\\\/\\\/schema.org\",\"@graph\":[{\"@type\":\"WebPage\",\"@id\":\"https:\\\/\\\/usa-b2.com\\\/sv\\\/visa-waiver-program\\\/\",\"url\":\"https:\\\/\\\/usa-b2.com\\\/sv\\\/visa-waiver-program\\\/\",\"name\":\"USA:s program f\u00f6r viseringsundantag - USA B2\",\"isPartOf\":{\"@id\":\"https:\\\/\\\/usa-b2.com\\\/sv\\\/#website\"},\"datePublished\":\"2024-02-10T17:12:20+00:00\",\"dateModified\":\"2025-06-09T18:41:13+00:00\",\"description\":\"L\u00e4s mer om USA:s program f\u00f6r viseringsundantag, som g\u00f6r det m\u00f6jligt f\u00f6r utl\u00e4ndska medborgare att resa till USA utan visum.\",\"breadcrumb\":{\"@id\":\"https:\\\/\\\/usa-b2.com\\\/sv\\\/visa-waiver-program\\\/#breadcrumb\"},\"inLanguage\":\"sv-SE\",\"potentialAction\":[{\"@type\":\"ReadAction\",\"target\":[\"https:\\\/\\\/usa-b2.com\\\/sv\\\/visa-waiver-program\\\/\"]}]},{\"@type\":\"BreadcrumbList\",\"@id\":\"https:\\\/\\\/usa-b2.com\\\/sv\\\/visa-waiver-program\\\/#breadcrumb\",\"itemListElement\":[{\"@type\":\"ListItem\",\"position\":1,\"name\":\"Accueil\",\"item\":\"https:\\\/\\\/usa-b2.com\\\/sv\\\/usa\\\/\"},{\"@type\":\"ListItem\",\"position\":2,\"name\":\"USA:s program f\u00f6r viseringsundantag\"}]},{\"@type\":\"WebSite\",\"@id\":\"https:\\\/\\\/usa-b2.com\\\/sv\\\/#website\",\"url\":\"https:\\\/\\\/usa-b2.com\\\/sv\\\/\",\"name\":\"USA B2 VISA\",\"description\":\"\",\"potentialAction\":[{\"@type\":\"SearchAction\",\"target\":{\"@type\":\"EntryPoint\",\"urlTemplate\":\"https:\\\/\\\/usa-b2.com\\\/sv\\\/?s={search_term_string}\"},\"query-input\":{\"@type\":\"PropertyValueSpecification\",\"valueRequired\":true,\"valueName\":\"search_term_string\"}}],\"inLanguage\":\"sv-SE\"}]}<\/script>\n<!-- \/ Yoast SEO plugin. -->","yoast_head_json":{"title":"USA:s program f\u00f6r viseringsundantag - USA B2","description":"L\u00e4s mer om USA:s program f\u00f6r viseringsundantag, som g\u00f6r det m\u00f6jligt f\u00f6r utl\u00e4ndska medborgare att resa till USA utan visum.","robots":{"index":"index","follow":"follow","max-snippet":"max-snippet:-1","max-image-preview":"max-image-preview:large","max-video-preview":"max-video-preview:-1"},"canonical":"https:\/\/usa-b2.com\/sv\/visa-waiver-program\/","og_locale":"sv_SE","og_type":"article","og_title":"USA:s program f\u00f6r viseringsundantag - USA B2","og_description":"L\u00e4s mer om USA:s program f\u00f6r viseringsundantag, som g\u00f6r det m\u00f6jligt f\u00f6r utl\u00e4ndska medborgare att resa till USA utan visum.","og_url":"https:\/\/usa-b2.com\/sv\/visa-waiver-program\/","og_site_name":"USA B2","article_modified_time":"2025-06-09T18:41:13+00:00","twitter_card":"summary_large_image","twitter_misc":{"Ber\u00e4knad l\u00e4stid":"1 minut"},"schema":{"@context":"https:\/\/schema.org","@graph":[{"@type":"WebPage","@id":"https:\/\/usa-b2.com\/sv\/visa-waiver-program\/","url":"https:\/\/usa-b2.com\/sv\/visa-waiver-program\/","name":"USA:s program f\u00f6r viseringsundantag - USA B2","isPartOf":{"@id":"https:\/\/usa-b2.com\/sv\/#website"},"datePublished":"2024-02-10T17:12:20+00:00","dateModified":"2025-06-09T18:41:13+00:00","description":"L\u00e4s mer om USA:s program f\u00f6r viseringsundantag, som g\u00f6r det m\u00f6jligt f\u00f6r utl\u00e4ndska medborgare att resa till USA utan visum.","breadcrumb":{"@id":"https:\/\/usa-b2.com\/sv\/visa-waiver-program\/#breadcrumb"},"inLanguage":"sv-SE","potentialAction":[{"@type":"ReadAction","target":["https:\/\/usa-b2.com\/sv\/visa-waiver-program\/"]}]},{"@type":"BreadcrumbList","@id":"https:\/\/usa-b2.com\/sv\/visa-waiver-program\/#breadcrumb","itemListElement":[{"@type":"ListItem","position":1,"name":"Accueil","item":"https:\/\/usa-b2.com\/sv\/usa\/"},{"@type":"ListItem","position":2,"name":"USA:s program f\u00f6r viseringsundantag"}]},{"@type":"WebSite","@id":"https:\/\/usa-b2.com\/sv\/#website","url":"https:\/\/usa-b2.com\/sv\/","name":"USA B2 VISA","description":"","potentialAction":[{"@type":"SearchAction","target":{"@type":"EntryPoint","urlTemplate":"https:\/\/usa-b2.com\/sv\/?s={search_term_string}"},"query-input":{"@type":"PropertyValueSpecification","valueRequired":true,"valueName":"search_term_string"}}],"inLanguage":"sv-SE"}]}},"_links":{"self":[{"href":"https:\/\/usa-b2.com\/sv\/wp-json\/wp\/v2\/pages\/266","targetHints":{"allow":["GET"]}}],"collection":[{"href":"https:\/\/usa-b2.com\/sv\/wp-json\/wp\/v2\/pages"}],"about":[{"href":"https:\/\/usa-b2.com\/sv\/wp-json\/wp\/v2\/types\/page"}],"author":[{"embeddable":true,"href":"https:\/\/usa-b2.com\/sv\/wp-json\/wp\/v2\/users\/1"}],"replies":[{"embeddable":true,"href":"https:\/\/usa-b2.com\/sv\/wp-json\/wp\/v2\/comments?post=266"}],"version-history":[{"count":2,"href":"https:\/\/usa-b2.com\/sv\/wp-json\/wp\/v2\/pages\/266\/revisions"}],"predecessor-version":[{"id":9468,"href":"https:\/\/usa-b2.com\/sv\/wp-json\/wp\/v2\/pages\/266\/revisions\/9468"}],"wp:attachment":[{"href":"https:\/\/usa-b2.com\/sv\/wp-json\/wp\/v2\/media?parent=266"}],"curies":[{"name":"wp","href":"https:\/\/api.w.org\/{rel}","templated":true}]}}