{"id":248,"date":"2024-02-10T17:02:13","date_gmt":"2024-02-10T17:02:13","guid":{"rendered":"https:\/\/usa-b2.com\/b2-visumformular-online\/"},"modified":"2026-02-25T15:38:00","modified_gmt":"2026-02-25T15:38:00","slug":"b2-visumformular-online","status":"publish","type":"page","link":"https:\/\/usa-b2.com\/sv\/b2-visumformular-online\/","title":{"rendered":"B2-visering p\u00e5 n\u00e4tet"},"content":{"rendered":"\t\t<div data-elementor-type=\"wp-page\" data-elementor-id=\"248\" class=\"elementor elementor-248 elementor-65\" data-elementor-post-type=\"page\">\n\t\t\t\t<div class=\"elementor-element elementor-element-3aaff0cb e-flex e-con-boxed e-con e-parent\" data-id=\"3aaff0cb\" data-element_type=\"container\" data-e-type=\"container\">\n\t\t\t\t\t<div class=\"e-con-inner\">\n\t\t\t\t<div class=\"elementor-element elementor-element-13dd7548 elementor-widget elementor-widget-text-editor\" data-id=\"13dd7548\" data-element_type=\"widget\" data-e-type=\"widget\" data-widget_type=\"text-editor.default\">\n\t\t\t\t<div class=\"elementor-widget-container\">\n\t\t\t\t\t\t\t\t\t<h1>Onlineformul\u00e4r f\u00f6r att ans\u00f6ka om B2-visering<\/h1>\t\t\t\t\t\t\t\t<\/div>\n\t\t\t\t<\/div>\n\t\t\t\t\t<\/div>\n\t\t\t\t<\/div>\n\t\t<div class=\"elementor-element elementor-element-ab55e48 e-flex e-con-boxed e-con e-parent\" data-id=\"ab55e48\" data-element_type=\"container\" data-e-type=\"container\">\n\t\t\t\t\t<div class=\"e-con-inner\">\n\t\t\t\t<div class=\"elementor-element elementor-element-313046a elementor-widget elementor-widget-text-editor\" data-id=\"313046a\" data-element_type=\"widget\" data-e-type=\"widget\" data-widget_type=\"text-editor.default\">\n\t\t\t\t<div class=\"elementor-widget-container\">\n\t\t\t\t\t\t\t\t\t<p>Du kan bara ans\u00f6ka om ett B2-visum online. S\u00f6kande m\u00e5ste fylla i formul\u00e4r DS-160 och betala visumavgiften online.   <\/p>\t\t\t\t\t\t\t\t<\/div>\n\t\t\t\t<\/div>\n\t\t\t\t\t<\/div>\n\t\t\t\t<\/div>\n\t\t<div class=\"elementor-element elementor-element-1c6e5a1 e-flex e-con-boxed e-con e-parent\" data-id=\"1c6e5a1\" data-element_type=\"container\" data-e-type=\"container\">\n\t\t\t\t\t<div class=\"e-con-inner\">\n\t\t\t\t<div class=\"elementor-element elementor-element-3bc75779 elementor-widget elementor-widget-button\" data-id=\"3bc75779\" data-element_type=\"widget\" data-e-type=\"widget\" data-widget_type=\"button.default\">\n\t\t\t\t<div class=\"elementor-widget-container\">\n\t\t\t\t\t\t\t\t\t<div class=\"elementor-button-wrapper\">\n\t\t\t\t\t<a class=\"elementor-button elementor-button-link elementor-size-sm\" href=\"https:\/\/usa-b2.com\/fr\/recommends\/us-b2\/\">\n\t\t\t\t\t\t<span class=\"elementor-button-content-wrapper\">\n\t\t\t\t\t\t\t\t\t<span class=\"elementor-button-text\">Fyll i onlineformul\u00e4ret<\/span>\n\t\t\t\t\t<\/span>\n\t\t\t\t\t<\/a>\n\t\t\t\t<\/div>\n\t\t\t\t\t\t\t\t<\/div>\n\t\t\t\t<\/div>\n\t\t\t\t\t<\/div>\n\t\t\t\t<\/div>\n\t\t<div class=\"elementor-element elementor-element-c883d67 e-flex e-con-boxed e-con e-parent\" data-id=\"c883d67\" data-element_type=\"container\" data-e-type=\"container\">\n\t\t\t\t\t<div class=\"e-con-inner\">\n\t\t\t\t<div class=\"elementor-element elementor-element-259ccca elementor-widget elementor-widget-text-editor\" data-id=\"259ccca\" data-element_type=\"widget\" data-e-type=\"widget\" data-widget_type=\"text-editor.default\">\n\t\t\t\t<div class=\"elementor-widget-container\">\n\t\t\t\t\t\t\t\t\t<p><span style=\"color: #000000;\"><b>F\u00f6r en vistelse p\u00e5 mindre \u00e4n 90 dagar i USA<\/b><\/span>: Du beh\u00f6ver inte skaffa ett B2-visum eller g\u00e5 till den amerikanska ambassaden. Allt du beh\u00f6ver g\u00f6ra \u00e4r att ans\u00f6ka om ett elektroniskt resetillst\u00e5nd genom att fylla i <a href=\"https:\/\/usa-b2.com\/sv\/formular-esta-on-line\/\">ESTA-formul\u00e4ret online.<\/a> <\/p>\t\t\t\t\t\t\t\t<\/div>\n\t\t\t\t<\/div>\n\t\t\t\t\t<\/div>\n\t\t\t\t<\/div>\n\t\t<div class=\"elementor-element elementor-element-acb5d05 e-flex e-con-boxed e-con e-parent\" data-id=\"acb5d05\" data-element_type=\"container\" data-e-type=\"container\">\n\t\t\t\t\t<div class=\"e-con-inner\">\n\t\t\t\t<div class=\"elementor-element elementor-element-57baf36 elementor-widget elementor-widget-spacer\" data-id=\"57baf36\" data-element_type=\"widget\" data-e-type=\"widget\" data-widget_type=\"spacer.default\">\n\t\t\t\t<div class=\"elementor-widget-container\">\n\t\t\t\t\t\t\t<div class=\"elementor-spacer\">\n\t\t\t<div class=\"elementor-spacer-inner\"><\/div>\n\t\t<\/div>\n\t\t\t\t\t\t<\/div>\n\t\t\t\t<\/div>\n\t\t\t\t\t<\/div>\n\t\t\t\t<\/div>\n\t\t<div class=\"elementor-element elementor-element-4594086 e-flex e-con-boxed e-con e-parent\" data-id=\"4594086\" data-element_type=\"container\" data-e-type=\"container\">\n\t\t\t\t\t<div class=\"e-con-inner\">\n\t\t\t\t<div class=\"elementor-element elementor-element-0561204 elementor-widget elementor-widget-text-editor\" data-id=\"0561204\" data-element_type=\"widget\" data-e-type=\"widget\" data-widget_type=\"text-editor.default\">\n\t\t\t\t<div class=\"elementor-widget-container\">\n\t\t\t\t\t\t\t\t\t<h2>Hur l\u00e5ng tid tar det att behandla ett B2-visum?<\/h2>\n<p>Handl\u00e4ggningstiden f\u00f6r en B2-visumans\u00f6kan \u00e4r minst flera veckor och kan vara s\u00e5 l\u00e5ng som flera m\u00e5nader. Denna tidsram beror fr\u00e4mst p\u00e5 volymen av ans\u00f6kningar som ska behandlas av den amerikanska ambassaden eller konsulatet i den s\u00f6kandes land. Det finns andra sk\u00e4l till att handl\u00e4ggningstiderna kan vara l\u00e4ngre, t.ex:  <\/p>\n<ul>\n<li>Om kandidatens handlingar inte \u00e4r fullst\u00e4ndiga eller om kandidaten \u00e4r sen med att l\u00e4mna ytterligare information ;<\/li>\n<li>Om den s\u00f6kande \u00e4r sen med att boka <a href=\"https:\/\/usa-b2.com\/sv\/visumbokning-usa-ambassad\/\">tid f\u00f6r sin visumintervju<\/a> med den amerikanska ambassaden eller konsulatet.<\/li>\n<\/ul>\t\t\t\t\t\t\t\t<\/div>\n\t\t\t\t<\/div>\n\t\t\t\t\t<\/div>\n\t\t\t\t<\/div>\n\t\t<div class=\"elementor-element elementor-element-3f8b40a e-flex e-con-boxed e-con e-parent\" data-id=\"3f8b40a\" data-element_type=\"container\" data-e-type=\"container\">\n\t\t\t\t\t<div class=\"e-con-inner\">\n\t\t\t\t<div class=\"elementor-element elementor-element-dfcba0d elementor-widget elementor-widget-spacer\" data-id=\"dfcba0d\" data-element_type=\"widget\" data-e-type=\"widget\" data-widget_type=\"spacer.default\">\n\t\t\t\t<div class=\"elementor-widget-container\">\n\t\t\t\t\t\t\t<div class=\"elementor-spacer\">\n\t\t\t<div class=\"elementor-spacer-inner\"><\/div>\n\t\t<\/div>\n\t\t\t\t\t\t<\/div>\n\t\t\t\t<\/div>\n\t\t\t\t\t<\/div>\n\t\t\t\t<\/div>\n\t\t<div class=\"elementor-element elementor-element-a38079a e-flex e-con-boxed e-con e-parent\" data-id=\"a38079a\" data-element_type=\"container\" data-e-type=\"container\">\n\t\t\t\t\t<div class=\"e-con-inner\">\n\t\t\t\t<div class=\"elementor-element elementor-element-c854383 elementor-widget elementor-widget-text-editor\" data-id=\"c854383\" data-element_type=\"widget\" data-e-type=\"widget\" data-widget_type=\"text-editor.default\">\n\t\t\t\t<div class=\"elementor-widget-container\">\n\t\t\t\t\t\t\t\t\t<h2>F\u00f6rbered dig f\u00f6r intervjun p\u00e5 den amerikanska ambassaden<\/h2>\n<p>F\u00f6r att slutf\u00f6ra B2-viseringsprocessen m\u00e5ste de s\u00f6kande delta i en intervju med en visumhandl\u00e4ggare p\u00e5 ambassaden. Kandidaten m\u00e5ste f\u00f6rbereda sig f\u00f6r denna intervju. De kommer att uppmanas att f\u00f6rklara varf\u00f6r de vill resa till USA. Alla styrkande handlingar kommer att kontrolleras vid m\u00f6tet.   <\/p>\t\t\t\t\t\t\t\t<\/div>\n\t\t\t\t<\/div>\n\t\t\t\t<div class=\"elementor-element elementor-element-80d967c elementor-widget elementor-widget-heading\" data-id=\"80d967c\" data-element_type=\"widget\" data-e-type=\"widget\" data-widget_type=\"heading.default\">\n\t\t\t\t<div class=\"elementor-widget-container\">\n\t\t\t\t\t<h2 class=\"elementor-heading-title elementor-size-default\">Mer information om vilka l\u00e4nder som \u00e4r ber\u00e4ttigade till B2-visum<\/h2>\t\t\t\t<\/div>\n\t\t\t\t<\/div>\n\t\t\t\t<div class=\"elementor-element elementor-element-b41e668 elementor-widget elementor-widget-text-editor\" data-id=\"b41e668\" data-element_type=\"widget\" data-e-type=\"widget\" data-widget_type=\"text-editor.default\">\n\t\t\t\t<div class=\"elementor-widget-container\">\n\t\t\t\t\t\t\t\t\t<p>H\u00e4r finns mer specifik information f\u00f6r medborgare i vissa l\u00e4nder som \u00e4r ber\u00e4ttigade till B2-visum:<\/p><ul><li><a href=\"https:\/\/usa-b2.com\/sv\/visum-b2-for-franska\/\">B2-visum f\u00f6r franska medborgare<\/a><\/li><li><a href=\"https:\/\/usa-b2.com\/sv\/b2-visum-for-italienare\/\">B2-visum f\u00f6r italienare<\/a><\/li><li><a href=\"https:\/\/usa-b2.com\/sv\/b2-visum-for-tyskar\/\">B2-visum f\u00f6r tyskar<\/a><\/li><li><a href=\"https:\/\/usa-b2.com\/sv\/b2-visum-for-mexikan\/\">B2-visum f\u00f6r mexikaner<\/a><\/li><li><a href=\"https:\/\/usa-b2.com\/sv\/visum-b1-b2-for-brasilianska\/\">B2-visum f\u00f6r brasilianare<\/a><\/li><li>B2-visum f\u00f6r spanska medborgare<\/li><\/ul>\t\t\t\t\t\t\t\t<\/div>\n\t\t\t\t<\/div>\n\t\t\t\t\t<\/div>\n\t\t\t\t<\/div>\n\t\t\t\t<\/div>\n\t\t","protected":false},"excerpt":{"rendered":"<p>Onlineformul\u00e4r f\u00f6r att ans\u00f6ka om B2-visering Du kan bara ans\u00f6ka om ett B2-visum online. S\u00f6kande m\u00e5ste fylla i formul\u00e4r DS-160 och betala visumavgiften online. Fyll i onlineformul\u00e4ret F\u00f6r en vistelse p\u00e5 mindre \u00e4n 90 dagar i USA: Du beh\u00f6ver inte skaffa ett B2-visum eller g\u00e5 till den amerikanska ambassaden. Allt du beh\u00f6ver g\u00f6ra \u00e4r att [&hellip;]<\/p>\n","protected":false},"author":1,"featured_media":0,"parent":0,"menu_order":0,"comment_status":"closed","ping_status":"closed","template":"","meta":{"footnotes":""},"class_list":["post-248","page","type-page","status-publish","hentry"],"yoast_head":"<!-- This site is optimized with the Yoast SEO plugin v27.4 - https:\/\/yoast.com\/product\/yoast-seo-wordpress\/ -->\n<title>B2-visering p\u00e5 n\u00e4tet - USA B2<\/title>\n<meta name=\"description\" content=\"Fyll i webbformul\u00e4ret p\u00e5 bara n\u00e5gra minuter f\u00f6r att f\u00e5 ett B2-visum f\u00f6r resor till USA\" \/>\n<meta name=\"robots\" content=\"index, follow, max-snippet:-1, max-image-preview:large, max-video-preview:-1\" \/>\n<link rel=\"canonical\" href=\"https:\/\/usa-b2.com\/sv\/b2-visumformular-online\/\" \/>\n<meta property=\"og:locale\" content=\"sv_SE\" \/>\n<meta property=\"og:type\" content=\"article\" \/>\n<meta property=\"og:title\" content=\"B2-visering p\u00e5 n\u00e4tet - USA B2\" \/>\n<meta property=\"og:description\" content=\"Fyll i webbformul\u00e4ret p\u00e5 bara n\u00e5gra minuter f\u00f6r att f\u00e5 ett B2-visum f\u00f6r resor till USA\" \/>\n<meta property=\"og:url\" content=\"https:\/\/usa-b2.com\/sv\/b2-visumformular-online\/\" \/>\n<meta property=\"og:site_name\" content=\"USA B2\" \/>\n<meta property=\"article:modified_time\" content=\"2026-02-25T15:38:00+00:00\" \/>\n<meta name=\"twitter:card\" content=\"summary_large_image\" \/>\n<meta name=\"twitter:label1\" content=\"Ber\u00e4knad l\u00e4stid\" \/>\n\t<meta name=\"twitter:data1\" content=\"2 minuter\" \/>\n<script type=\"application\/ld+json\" class=\"yoast-schema-graph\">{\"@context\":\"https:\\\/\\\/schema.org\",\"@graph\":[{\"@type\":\"WebPage\",\"@id\":\"https:\\\/\\\/usa-b2.com\\\/sv\\\/b2-visumformular-online\\\/\",\"url\":\"https:\\\/\\\/usa-b2.com\\\/sv\\\/b2-visumformular-online\\\/\",\"name\":\"B2-visering p\u00e5 n\u00e4tet - USA B2\",\"isPartOf\":{\"@id\":\"https:\\\/\\\/usa-b2.com\\\/sv\\\/#website\"},\"datePublished\":\"2024-02-10T17:02:13+00:00\",\"dateModified\":\"2026-02-25T15:38:00+00:00\",\"description\":\"Fyll i webbformul\u00e4ret p\u00e5 bara n\u00e5gra minuter f\u00f6r att f\u00e5 ett B2-visum f\u00f6r resor till USA\",\"breadcrumb\":{\"@id\":\"https:\\\/\\\/usa-b2.com\\\/sv\\\/b2-visumformular-online\\\/#breadcrumb\"},\"inLanguage\":\"sv-SE\",\"potentialAction\":[{\"@type\":\"ReadAction\",\"target\":[\"https:\\\/\\\/usa-b2.com\\\/sv\\\/b2-visumformular-online\\\/\"]}]},{\"@type\":\"BreadcrumbList\",\"@id\":\"https:\\\/\\\/usa-b2.com\\\/sv\\\/b2-visumformular-online\\\/#breadcrumb\",\"itemListElement\":[{\"@type\":\"ListItem\",\"position\":1,\"name\":\"Accueil\",\"item\":\"https:\\\/\\\/usa-b2.com\\\/sv\\\/usa\\\/\"},{\"@type\":\"ListItem\",\"position\":2,\"name\":\"B2-visering p\u00e5 n\u00e4tet\"}]},{\"@type\":\"WebSite\",\"@id\":\"https:\\\/\\\/usa-b2.com\\\/sv\\\/#website\",\"url\":\"https:\\\/\\\/usa-b2.com\\\/sv\\\/\",\"name\":\"USA B2 VISA\",\"description\":\"\",\"potentialAction\":[{\"@type\":\"SearchAction\",\"target\":{\"@type\":\"EntryPoint\",\"urlTemplate\":\"https:\\\/\\\/usa-b2.com\\\/sv\\\/?s={search_term_string}\"},\"query-input\":{\"@type\":\"PropertyValueSpecification\",\"valueRequired\":true,\"valueName\":\"search_term_string\"}}],\"inLanguage\":\"sv-SE\"}]}<\/script>\n<!-- \/ Yoast SEO plugin. -->","yoast_head_json":{"title":"B2-visering p\u00e5 n\u00e4tet - USA B2","description":"Fyll i webbformul\u00e4ret p\u00e5 bara n\u00e5gra minuter f\u00f6r att f\u00e5 ett B2-visum f\u00f6r resor till USA","robots":{"index":"index","follow":"follow","max-snippet":"max-snippet:-1","max-image-preview":"max-image-preview:large","max-video-preview":"max-video-preview:-1"},"canonical":"https:\/\/usa-b2.com\/sv\/b2-visumformular-online\/","og_locale":"sv_SE","og_type":"article","og_title":"B2-visering p\u00e5 n\u00e4tet - USA B2","og_description":"Fyll i webbformul\u00e4ret p\u00e5 bara n\u00e5gra minuter f\u00f6r att f\u00e5 ett B2-visum f\u00f6r resor till USA","og_url":"https:\/\/usa-b2.com\/sv\/b2-visumformular-online\/","og_site_name":"USA B2","article_modified_time":"2026-02-25T15:38:00+00:00","twitter_card":"summary_large_image","twitter_misc":{"Ber\u00e4knad l\u00e4stid":"2 minuter"},"schema":{"@context":"https:\/\/schema.org","@graph":[{"@type":"WebPage","@id":"https:\/\/usa-b2.com\/sv\/b2-visumformular-online\/","url":"https:\/\/usa-b2.com\/sv\/b2-visumformular-online\/","name":"B2-visering p\u00e5 n\u00e4tet - USA B2","isPartOf":{"@id":"https:\/\/usa-b2.com\/sv\/#website"},"datePublished":"2024-02-10T17:02:13+00:00","dateModified":"2026-02-25T15:38:00+00:00","description":"Fyll i webbformul\u00e4ret p\u00e5 bara n\u00e5gra minuter f\u00f6r att f\u00e5 ett B2-visum f\u00f6r resor till USA","breadcrumb":{"@id":"https:\/\/usa-b2.com\/sv\/b2-visumformular-online\/#breadcrumb"},"inLanguage":"sv-SE","potentialAction":[{"@type":"ReadAction","target":["https:\/\/usa-b2.com\/sv\/b2-visumformular-online\/"]}]},{"@type":"BreadcrumbList","@id":"https:\/\/usa-b2.com\/sv\/b2-visumformular-online\/#breadcrumb","itemListElement":[{"@type":"ListItem","position":1,"name":"Accueil","item":"https:\/\/usa-b2.com\/sv\/usa\/"},{"@type":"ListItem","position":2,"name":"B2-visering p\u00e5 n\u00e4tet"}]},{"@type":"WebSite","@id":"https:\/\/usa-b2.com\/sv\/#website","url":"https:\/\/usa-b2.com\/sv\/","name":"USA B2 VISA","description":"","potentialAction":[{"@type":"SearchAction","target":{"@type":"EntryPoint","urlTemplate":"https:\/\/usa-b2.com\/sv\/?s={search_term_string}"},"query-input":{"@type":"PropertyValueSpecification","valueRequired":true,"valueName":"search_term_string"}}],"inLanguage":"sv-SE"}]}},"_links":{"self":[{"href":"https:\/\/usa-b2.com\/sv\/wp-json\/wp\/v2\/pages\/248","targetHints":{"allow":["GET"]}}],"collection":[{"href":"https:\/\/usa-b2.com\/sv\/wp-json\/wp\/v2\/pages"}],"about":[{"href":"https:\/\/usa-b2.com\/sv\/wp-json\/wp\/v2\/types\/page"}],"author":[{"embeddable":true,"href":"https:\/\/usa-b2.com\/sv\/wp-json\/wp\/v2\/users\/1"}],"replies":[{"embeddable":true,"href":"https:\/\/usa-b2.com\/sv\/wp-json\/wp\/v2\/comments?post=248"}],"version-history":[{"count":3,"href":"https:\/\/usa-b2.com\/sv\/wp-json\/wp\/v2\/pages\/248\/revisions"}],"predecessor-version":[{"id":11097,"href":"https:\/\/usa-b2.com\/sv\/wp-json\/wp\/v2\/pages\/248\/revisions\/11097"}],"wp:attachment":[{"href":"https:\/\/usa-b2.com\/sv\/wp-json\/wp\/v2\/media?parent=248"}],"curies":[{"name":"wp","href":"https:\/\/api.w.org\/{rel}","templated":true}]}}