{"id":189,"date":"2024-02-10T17:17:00","date_gmt":"2024-02-10T17:17:00","guid":{"rendered":"https:\/\/usa-b2.com\/usa-ambassad\/"},"modified":"2025-11-28T09:37:53","modified_gmt":"2025-11-28T09:37:53","slug":"usa-ambassad","status":"publish","type":"page","link":"https:\/\/usa-b2.com\/sv\/usa-ambassad\/","title":{"rendered":"Ambassad f\u00f6r Amerikas f\u00f6renta stater"},"content":{"rendered":"\n<h1 class=\"wp-block-heading\" id=\"h-ambassade-des-etats-unis-a-paris-en-france\">USA:s ambassader runt om i v\u00e4rlden<\/h1>\n\n<h2 class=\"wp-block-heading\">Vad \u00e4r en amerikansk ambassad?<\/h2>\n\n<p>Den amerikanska ambassaden \u00e4r USA:s diplomatiska representant i varje land i v\u00e4rlden. Syftet med den amerikanska ambassaden \u00e4r att skydda amerikanska medborgare utanf\u00f6r USA:s territorium. Ambassaden hj\u00e4lper till att utveckla amerikanska intressen och tillhandah\u00e5ller tj\u00e4nster till amerikanska medborgare runt om i v\u00e4rlden.  <\/p>\n\n<p>De amerikanska ambassaderna \u00e4r involverade i <a href=\"https:\/\/usa-b2.com\/sv\/ansokningsforfarande-b2-visum\/\">visumans\u00f6kningsf\u00f6rfarandet<\/a> f\u00f6r utl\u00e4ndska resen\u00e4rer till USA.<\/p>\n\n<p><strong>F\u00f6r en vistelse p\u00e5 mindre \u00e4n 90 dagar i USA<\/strong>: En medborgare i ett VWP-medlemsland beh\u00f6ver inte ans\u00f6ka om visum och boka tid p\u00e5 den amerikanska ambassaden. Du kan f\u00e5 ett reseintyg online genom att klicka p\u00e5 <a href=\"https:\/\/usa-b2.com\/sv\/formular-esta-on-line\/\">ESTA onlineformul\u00e4r<\/a>. <\/p>\n\n<h2 class=\"wp-block-heading\">Var hittar jag en amerikansk ambassad?<\/h2>\n\n<p>F\u00f6r att hitta den amerikanska ambassad eller det amerikanska konsulat som ligger n\u00e4rmast dig kan du g\u00e5 till <a href=\"https:\/\/www.usembassy.gov\/\">den h\u00e4r sidan<\/a>, som inneh\u00e5ller en sammanfattning av amerikanska administrativa representationer runt om i v\u00e4rlden.<\/p>\n\n<h2 class=\"wp-block-heading\">Hur bokar jag en tid p\u00e5 den amerikanska ambassaden?<\/h2>\n\n<p>N\u00e4r du <a href=\"https:\/\/usa-b2.com\/sv\/b2-visumformular-online\/\">ans\u00f6ker om ett amerikanskt visum<\/a> m\u00e5ste du delta i en intervju f\u00f6r att ans\u00f6kan ska kunna slutf\u00f6ras. F\u00f6r att boka en intervju med en amerikansk konsul m\u00e5ste den s\u00f6kande logga in p\u00e5 den officiella webbplatsen <a href=\"https:\/\/www.uscis.gov\/\">uscis.gov<\/a> och boka en <a href=\"https:\/\/usa-b2.com\/sv\/visumbokning-usa-ambassad\/\">tid med den amerikanska ambassaden<\/a>.  <\/p>\n\n<p>N\u00e4r datumet f\u00f6r intervjun har bekr\u00e4ftats kan kandidaterna ladda ner sin kallelse till intervjun.\nInbjudan m\u00e5ste bifogas de styrkande handlingarna f\u00f6r viseringsans\u00f6kan. <\/p>\n","protected":false},"excerpt":{"rendered":"<p>USA:s ambassader runt om i v\u00e4rlden Vad \u00e4r en amerikansk ambassad? Den amerikanska ambassaden \u00e4r USA:s diplomatiska representant i varje land i v\u00e4rlden. Syftet med den amerikanska ambassaden \u00e4r att skydda amerikanska medborgare utanf\u00f6r USA:s territorium. Ambassaden hj\u00e4lper till att utveckla amerikanska intressen och tillhandah\u00e5ller tj\u00e4nster till amerikanska medborgare runt om i v\u00e4rlden. De amerikanska [&hellip;]<\/p>\n","protected":false},"author":1,"featured_media":0,"parent":0,"menu_order":0,"comment_status":"closed","ping_status":"closed","template":"","meta":{"footnotes":""},"class_list":["post-189","page","type-page","status-publish","hentry"],"yoast_head":"<!-- This site is optimized with the Yoast SEO plugin v27.0 - https:\/\/yoast.com\/product\/yoast-seo-wordpress\/ -->\n<title>Ambassad f\u00f6r Amerikas f\u00f6renta stater - USA B2<\/title>\n<meta name=\"description\" content=\"Var hittar du den n\u00e4rmaste amerikanska ambassaden p\u00e5 din bostadsort f\u00f6r att ans\u00f6ka om visum till USA\" \/>\n<meta name=\"robots\" content=\"index, follow, max-snippet:-1, max-image-preview:large, max-video-preview:-1\" \/>\n<link rel=\"canonical\" href=\"https:\/\/usa-b2.com\/sv\/usa-ambassad\/\" \/>\n<meta property=\"og:locale\" content=\"sv_SE\" \/>\n<meta property=\"og:type\" content=\"article\" \/>\n<meta property=\"og:title\" content=\"Ambassad f\u00f6r Amerikas f\u00f6renta stater - USA B2\" \/>\n<meta property=\"og:description\" content=\"Var hittar du den n\u00e4rmaste amerikanska ambassaden p\u00e5 din bostadsort f\u00f6r att ans\u00f6ka om visum till USA\" \/>\n<meta property=\"og:url\" content=\"https:\/\/usa-b2.com\/sv\/usa-ambassad\/\" \/>\n<meta property=\"og:site_name\" content=\"USA B2\" \/>\n<meta property=\"article:modified_time\" content=\"2025-11-28T09:37:53+00:00\" \/>\n<meta name=\"twitter:card\" content=\"summary_large_image\" \/>\n<meta name=\"twitter:label1\" content=\"Ber\u00e4knad l\u00e4stid\" \/>\n\t<meta name=\"twitter:data1\" content=\"1 minut\" \/>\n<script type=\"application\/ld+json\" class=\"yoast-schema-graph\">{\"@context\":\"https:\/\/schema.org\",\"@graph\":[{\"@type\":\"WebPage\",\"@id\":\"https:\/\/usa-b2.com\/sv\/usa-ambassad\/\",\"url\":\"https:\/\/usa-b2.com\/sv\/usa-ambassad\/\",\"name\":\"Ambassad f\u00f6r Amerikas f\u00f6renta stater - USA B2\",\"isPartOf\":{\"@id\":\"https:\/\/usa-b2.com\/sv\/#website\"},\"datePublished\":\"2024-02-10T17:17:00+00:00\",\"dateModified\":\"2025-11-28T09:37:53+00:00\",\"description\":\"Var hittar du den n\u00e4rmaste amerikanska ambassaden p\u00e5 din bostadsort f\u00f6r att ans\u00f6ka om visum till USA\",\"breadcrumb\":{\"@id\":\"https:\/\/usa-b2.com\/sv\/usa-ambassad\/#breadcrumb\"},\"inLanguage\":\"sv-SE\",\"potentialAction\":[{\"@type\":\"ReadAction\",\"target\":[\"https:\/\/usa-b2.com\/sv\/usa-ambassad\/\"]}]},{\"@type\":\"BreadcrumbList\",\"@id\":\"https:\/\/usa-b2.com\/sv\/usa-ambassad\/#breadcrumb\",\"itemListElement\":[{\"@type\":\"ListItem\",\"position\":1,\"name\":\"Accueil\",\"item\":\"https:\/\/usa-b2.com\/sv\/roadtrips-usa\/\"},{\"@type\":\"ListItem\",\"position\":2,\"name\":\"Ambassad f\u00f6r Amerikas f\u00f6renta stater\"}]},{\"@type\":\"WebSite\",\"@id\":\"https:\/\/usa-b2.com\/sv\/#website\",\"url\":\"https:\/\/usa-b2.com\/sv\/\",\"name\":\"USA B2 VISA\",\"description\":\"\",\"potentialAction\":[{\"@type\":\"SearchAction\",\"target\":{\"@type\":\"EntryPoint\",\"urlTemplate\":\"https:\/\/usa-b2.com\/sv\/?s={search_term_string}\"},\"query-input\":{\"@type\":\"PropertyValueSpecification\",\"valueRequired\":true,\"valueName\":\"search_term_string\"}}],\"inLanguage\":\"sv-SE\"}]}<\/script>\n<!-- \/ Yoast SEO plugin. -->","yoast_head_json":{"title":"Ambassad f\u00f6r Amerikas f\u00f6renta stater - USA B2","description":"Var hittar du den n\u00e4rmaste amerikanska ambassaden p\u00e5 din bostadsort f\u00f6r att ans\u00f6ka om visum till USA","robots":{"index":"index","follow":"follow","max-snippet":"max-snippet:-1","max-image-preview":"max-image-preview:large","max-video-preview":"max-video-preview:-1"},"canonical":"https:\/\/usa-b2.com\/sv\/usa-ambassad\/","og_locale":"sv_SE","og_type":"article","og_title":"Ambassad f\u00f6r Amerikas f\u00f6renta stater - USA B2","og_description":"Var hittar du den n\u00e4rmaste amerikanska ambassaden p\u00e5 din bostadsort f\u00f6r att ans\u00f6ka om visum till USA","og_url":"https:\/\/usa-b2.com\/sv\/usa-ambassad\/","og_site_name":"USA B2","article_modified_time":"2025-11-28T09:37:53+00:00","twitter_card":"summary_large_image","twitter_misc":{"Ber\u00e4knad l\u00e4stid":"1 minut"},"schema":{"@context":"https:\/\/schema.org","@graph":[{"@type":"WebPage","@id":"https:\/\/usa-b2.com\/sv\/usa-ambassad\/","url":"https:\/\/usa-b2.com\/sv\/usa-ambassad\/","name":"Ambassad f\u00f6r Amerikas f\u00f6renta stater - USA B2","isPartOf":{"@id":"https:\/\/usa-b2.com\/sv\/#website"},"datePublished":"2024-02-10T17:17:00+00:00","dateModified":"2025-11-28T09:37:53+00:00","description":"Var hittar du den n\u00e4rmaste amerikanska ambassaden p\u00e5 din bostadsort f\u00f6r att ans\u00f6ka om visum till USA","breadcrumb":{"@id":"https:\/\/usa-b2.com\/sv\/usa-ambassad\/#breadcrumb"},"inLanguage":"sv-SE","potentialAction":[{"@type":"ReadAction","target":["https:\/\/usa-b2.com\/sv\/usa-ambassad\/"]}]},{"@type":"BreadcrumbList","@id":"https:\/\/usa-b2.com\/sv\/usa-ambassad\/#breadcrumb","itemListElement":[{"@type":"ListItem","position":1,"name":"Accueil","item":"https:\/\/usa-b2.com\/sv\/roadtrips-usa\/"},{"@type":"ListItem","position":2,"name":"Ambassad f\u00f6r Amerikas f\u00f6renta stater"}]},{"@type":"WebSite","@id":"https:\/\/usa-b2.com\/sv\/#website","url":"https:\/\/usa-b2.com\/sv\/","name":"USA B2 VISA","description":"","potentialAction":[{"@type":"SearchAction","target":{"@type":"EntryPoint","urlTemplate":"https:\/\/usa-b2.com\/sv\/?s={search_term_string}"},"query-input":{"@type":"PropertyValueSpecification","valueRequired":true,"valueName":"search_term_string"}}],"inLanguage":"sv-SE"}]}},"_links":{"self":[{"href":"https:\/\/usa-b2.com\/sv\/wp-json\/wp\/v2\/pages\/189","targetHints":{"allow":["GET"]}}],"collection":[{"href":"https:\/\/usa-b2.com\/sv\/wp-json\/wp\/v2\/pages"}],"about":[{"href":"https:\/\/usa-b2.com\/sv\/wp-json\/wp\/v2\/types\/page"}],"author":[{"embeddable":true,"href":"https:\/\/usa-b2.com\/sv\/wp-json\/wp\/v2\/users\/1"}],"replies":[{"embeddable":true,"href":"https:\/\/usa-b2.com\/sv\/wp-json\/wp\/v2\/comments?post=189"}],"version-history":[{"count":2,"href":"https:\/\/usa-b2.com\/sv\/wp-json\/wp\/v2\/pages\/189\/revisions"}],"predecessor-version":[{"id":10911,"href":"https:\/\/usa-b2.com\/sv\/wp-json\/wp\/v2\/pages\/189\/revisions\/10911"}],"wp:attachment":[{"href":"https:\/\/usa-b2.com\/sv\/wp-json\/wp\/v2\/media?parent=189"}],"curies":[{"name":"wp","href":"https:\/\/api.w.org\/{rel}","templated":true}]}}