{"id":172,"date":"2024-02-10T17:03:04","date_gmt":"2024-02-10T17:03:04","guid":{"rendered":"https:\/\/usa-b2.com\/contact\/"},"modified":"2025-02-06T10:16:08","modified_gmt":"2025-02-06T10:16:08","slug":"contact","status":"publish","type":"page","link":"https:\/\/usa-b2.com\/sv\/contact\/","title":{"rendered":"Kontakta oss"},"content":{"rendered":"\n<h1 class=\"wp-block-heading\">Kontaktformul\u00e4r<\/h1>\n\n<p>Vi \u00e4r en privat\u00e4gd nyhetssajt p\u00e5 n\u00e4tet som \u00e4gnar sig \u00e5t att ge information till Internetanv\u00e4ndare. Vi erbjuder inga kommersiella tj\u00e4nster. Vi vidtar inga \u00e5tg\u00e4rder f\u00f6r att f\u00e5 visum eller resehandlingar. Vi tillhandah\u00e5ller inga onlinetj\u00e4nster eller administrativa f\u00f6rfaranden.   <\/p>\n\n<p>Vi \u00e4r inte p\u00e5 n\u00e5got s\u00e4tt kopplade till den amerikanska administrationen eller n\u00e5gon annan administration. Vi \u00e4r inte i st\u00e5nd att ge st\u00f6d f\u00f6r ett f\u00f6rfarande som utf\u00f6rs p\u00e5 en officiell webbplats eller en privat webbplats som ger hj\u00e4lp med administrativa formaliteter. <\/p>\n\n<p>V\u00e5r webbplats inneh\u00e5ller olika hyperl\u00e4nkar till webbplatser fr\u00e5n tredje part. Vi har ingen l\u00e4nk till eller kontroll \u00f6ver dessa webbplatser och ansvarar inte f\u00f6r deras integritetspolicyer eller aff\u00e4rsmetoder.<\/p>\n<div class=\"wpforms-container wpforms-container-full wpforms-block wpforms-block-c2a04158-baa2-417a-b99e-abcdb5e92a62 wpforms-render-modern\" id=\"wpforms-1842\"><form id=\"wpforms-form-1842\" class=\"wpforms-validate wpforms-form wpforms-ajax-form\" data-formid=\"1842\" method=\"post\" enctype=\"multipart\/form-data\" action=\"\/sv\/wp-json\/wp\/v2\/pages\/172\" data-token=\"fff522c81899e26f07ebfe0b6492ca6b\" data-token-time=\"1776343390\"><noscript class=\"wpforms-error-noscript\">Aktivera JavaScript i din webbl\u00e4sare f\u00f6r att fylla i formul\u00e4ret.<\/noscript><div id=\"wpforms-error-noscript\" style=\"display: none;\">Aktivera JavaScript i din webbl\u00e4sare f\u00f6r att fylla i formul\u00e4ret.<\/div><div class=\"wpforms-field-container\"><div id=\"wpforms-1842-field_0-container\" class=\"wpforms-field wpforms-field-name\" data-field-id=\"0\"><label class=\"wpforms-field-label\" for=\"wpforms-1842-field_0\">Nom <span class=\"wpforms-required-label\" aria-hidden=\"true\">*<\/span><\/label><input type=\"text\" id=\"wpforms-1842-field_0\" class=\"wpforms-field-medium wpforms-field-required\" name=\"wpforms[fields][0]\" aria-errormessage=\"wpforms-1842-field_0-error\" required><\/div><div id=\"wpforms-1842-field_1-container\" class=\"wpforms-field wpforms-field-email\" data-field-id=\"1\"><label class=\"wpforms-field-label\" for=\"wpforms-1842-field_1\">E-mail <span class=\"wpforms-required-label\" aria-hidden=\"true\">*<\/span><\/label><input type=\"email\" id=\"wpforms-1842-field_1\" class=\"wpforms-field-medium wpforms-field-required\" name=\"wpforms[fields][1]\" spellcheck=\"false\" aria-errormessage=\"wpforms-1842-field_1-error\" required><\/div><div id=\"wpforms-1842-field_2-container\" class=\"wpforms-field wpforms-field-textarea\" data-field-id=\"2\"><label class=\"wpforms-field-label\" for=\"wpforms-1842-field_2\">Message<\/label><textarea id=\"wpforms-1842-field_2\" class=\"wpforms-field-medium\" name=\"wpforms[fields][2]\" aria-errormessage=\"wpforms-1842-field_2-error\" ><\/textarea><\/div><\/div><!-- .wpforms-field-container --><div class=\"wpforms-submit-container\" ><input type=\"hidden\" name=\"wpforms[id]\" value=\"1842\"><input type=\"hidden\" name=\"page_title\" value=\"\"><input type=\"hidden\" name=\"page_url\" value=\"https:\/\/usa-b2.com\/sv\/wp-json\/wp\/v2\/pages\/172\"><input type=\"hidden\" name=\"url_referer\" value=\"\"><button type=\"submit\" name=\"wpforms[submit]\" id=\"wpforms-submit-1842\" class=\"wpforms-submit\" data-alt-text=\"in progress...\" data-submit-text=\"OK\" aria-live=\"assertive\" value=\"wpforms-submit\">OK<\/button><img decoding=\"async\" src=\"https:\/\/usa-b2.com\/wp-content\/plugins\/wpforms-lite\/assets\/images\/submit-spin.svg\" class=\"wpforms-submit-spinner\" style=\"display: none;\" width=\"26\" height=\"26\" alt=\"Laddar\"><\/div><\/form><\/div>  <!-- .wpforms-container -->","protected":false},"excerpt":{"rendered":"<p>Kontaktformul\u00e4r Vi \u00e4r en privat\u00e4gd nyhetssajt p\u00e5 n\u00e4tet som \u00e4gnar sig \u00e5t att ge information till Internetanv\u00e4ndare. Vi erbjuder inga kommersiella tj\u00e4nster. Vi vidtar inga \u00e5tg\u00e4rder f\u00f6r att f\u00e5 visum eller resehandlingar. Vi tillhandah\u00e5ller inga onlinetj\u00e4nster eller administrativa f\u00f6rfaranden. Vi \u00e4r inte p\u00e5 n\u00e5got s\u00e4tt kopplade till den amerikanska administrationen eller n\u00e5gon annan administration. Vi [&hellip;]<\/p>\n","protected":false},"author":1,"featured_media":0,"parent":0,"menu_order":0,"comment_status":"closed","ping_status":"closed","template":"","meta":{"footnotes":""},"class_list":["post-172","page","type-page","status-publish","hentry"],"yoast_head":"<!-- This site is optimized with the Yoast SEO plugin v27.4 - https:\/\/yoast.com\/product\/yoast-seo-wordpress\/ -->\n<title>Kontakta oss - USA B2<\/title>\n<meta name=\"description\" content=\"Webbplatsens kontaktformul\u00e4r f\u00f6r att kontakta oss direkt.\" \/>\n<meta name=\"robots\" content=\"index, follow, max-snippet:-1, max-image-preview:large, max-video-preview:-1\" \/>\n<link rel=\"canonical\" href=\"https:\/\/usa-b2.com\/sv\/contact\/\" \/>\n<meta property=\"og:locale\" content=\"sv_SE\" \/>\n<meta property=\"og:type\" content=\"article\" \/>\n<meta property=\"og:title\" content=\"Kontakta oss - USA B2\" \/>\n<meta property=\"og:description\" content=\"Webbplatsens kontaktformul\u00e4r f\u00f6r att kontakta oss direkt.\" \/>\n<meta property=\"og:url\" content=\"https:\/\/usa-b2.com\/sv\/contact\/\" \/>\n<meta property=\"og:site_name\" content=\"USA B2\" \/>\n<meta property=\"article:modified_time\" content=\"2025-02-06T10:16:08+00:00\" \/>\n<meta name=\"twitter:card\" content=\"summary_large_image\" \/>\n<meta name=\"twitter:label1\" content=\"Ber\u00e4knad l\u00e4stid\" \/>\n\t<meta name=\"twitter:data1\" content=\"1 minut\" \/>\n<script type=\"application\/ld+json\" class=\"yoast-schema-graph\">{\"@context\":\"https:\\\/\\\/schema.org\",\"@graph\":[{\"@type\":\"WebPage\",\"@id\":\"https:\\\/\\\/usa-b2.com\\\/sv\\\/contact\\\/\",\"url\":\"https:\\\/\\\/usa-b2.com\\\/sv\\\/contact\\\/\",\"name\":\"Kontakta oss - USA B2\",\"isPartOf\":{\"@id\":\"https:\\\/\\\/usa-b2.com\\\/sv\\\/#website\"},\"datePublished\":\"2024-02-10T17:03:04+00:00\",\"dateModified\":\"2025-02-06T10:16:08+00:00\",\"description\":\"Webbplatsens kontaktformul\u00e4r f\u00f6r att kontakta oss direkt.\",\"breadcrumb\":{\"@id\":\"https:\\\/\\\/usa-b2.com\\\/sv\\\/contact\\\/#breadcrumb\"},\"inLanguage\":\"sv-SE\",\"potentialAction\":[{\"@type\":\"ReadAction\",\"target\":[\"https:\\\/\\\/usa-b2.com\\\/sv\\\/contact\\\/\"]}]},{\"@type\":\"BreadcrumbList\",\"@id\":\"https:\\\/\\\/usa-b2.com\\\/sv\\\/contact\\\/#breadcrumb\",\"itemListElement\":[{\"@type\":\"ListItem\",\"position\":1,\"name\":\"Accueil\",\"item\":\"https:\\\/\\\/usa-b2.com\\\/sv\\\/roadtrips-usa\\\/\"},{\"@type\":\"ListItem\",\"position\":2,\"name\":\"Kontakta oss\"}]},{\"@type\":\"WebSite\",\"@id\":\"https:\\\/\\\/usa-b2.com\\\/sv\\\/#website\",\"url\":\"https:\\\/\\\/usa-b2.com\\\/sv\\\/\",\"name\":\"USA B2 VISA\",\"description\":\"\",\"potentialAction\":[{\"@type\":\"SearchAction\",\"target\":{\"@type\":\"EntryPoint\",\"urlTemplate\":\"https:\\\/\\\/usa-b2.com\\\/sv\\\/?s={search_term_string}\"},\"query-input\":{\"@type\":\"PropertyValueSpecification\",\"valueRequired\":true,\"valueName\":\"search_term_string\"}}],\"inLanguage\":\"sv-SE\"}]}<\/script>\n<!-- \/ Yoast SEO plugin. -->","yoast_head_json":{"title":"Kontakta oss - USA B2","description":"Webbplatsens kontaktformul\u00e4r f\u00f6r att kontakta oss direkt.","robots":{"index":"index","follow":"follow","max-snippet":"max-snippet:-1","max-image-preview":"max-image-preview:large","max-video-preview":"max-video-preview:-1"},"canonical":"https:\/\/usa-b2.com\/sv\/contact\/","og_locale":"sv_SE","og_type":"article","og_title":"Kontakta oss - USA B2","og_description":"Webbplatsens kontaktformul\u00e4r f\u00f6r att kontakta oss direkt.","og_url":"https:\/\/usa-b2.com\/sv\/contact\/","og_site_name":"USA B2","article_modified_time":"2025-02-06T10:16:08+00:00","twitter_card":"summary_large_image","twitter_misc":{"Ber\u00e4knad l\u00e4stid":"1 minut"},"schema":{"@context":"https:\/\/schema.org","@graph":[{"@type":"WebPage","@id":"https:\/\/usa-b2.com\/sv\/contact\/","url":"https:\/\/usa-b2.com\/sv\/contact\/","name":"Kontakta oss - USA B2","isPartOf":{"@id":"https:\/\/usa-b2.com\/sv\/#website"},"datePublished":"2024-02-10T17:03:04+00:00","dateModified":"2025-02-06T10:16:08+00:00","description":"Webbplatsens kontaktformul\u00e4r f\u00f6r att kontakta oss direkt.","breadcrumb":{"@id":"https:\/\/usa-b2.com\/sv\/contact\/#breadcrumb"},"inLanguage":"sv-SE","potentialAction":[{"@type":"ReadAction","target":["https:\/\/usa-b2.com\/sv\/contact\/"]}]},{"@type":"BreadcrumbList","@id":"https:\/\/usa-b2.com\/sv\/contact\/#breadcrumb","itemListElement":[{"@type":"ListItem","position":1,"name":"Accueil","item":"https:\/\/usa-b2.com\/sv\/roadtrips-usa\/"},{"@type":"ListItem","position":2,"name":"Kontakta oss"}]},{"@type":"WebSite","@id":"https:\/\/usa-b2.com\/sv\/#website","url":"https:\/\/usa-b2.com\/sv\/","name":"USA B2 VISA","description":"","potentialAction":[{"@type":"SearchAction","target":{"@type":"EntryPoint","urlTemplate":"https:\/\/usa-b2.com\/sv\/?s={search_term_string}"},"query-input":{"@type":"PropertyValueSpecification","valueRequired":true,"valueName":"search_term_string"}}],"inLanguage":"sv-SE"}]}},"_links":{"self":[{"href":"https:\/\/usa-b2.com\/sv\/wp-json\/wp\/v2\/pages\/172","targetHints":{"allow":["GET"]}}],"collection":[{"href":"https:\/\/usa-b2.com\/sv\/wp-json\/wp\/v2\/pages"}],"about":[{"href":"https:\/\/usa-b2.com\/sv\/wp-json\/wp\/v2\/types\/page"}],"author":[{"embeddable":true,"href":"https:\/\/usa-b2.com\/sv\/wp-json\/wp\/v2\/users\/1"}],"replies":[{"embeddable":true,"href":"https:\/\/usa-b2.com\/sv\/wp-json\/wp\/v2\/comments?post=172"}],"version-history":[{"count":0,"href":"https:\/\/usa-b2.com\/sv\/wp-json\/wp\/v2\/pages\/172\/revisions"}],"wp:attachment":[{"href":"https:\/\/usa-b2.com\/sv\/wp-json\/wp\/v2\/media?parent=172"}],"curies":[{"name":"wp","href":"https:\/\/api.w.org\/{rel}","templated":true}]}}