{"id":1453,"date":"2024-02-27T10:25:43","date_gmt":"2024-02-27T10:25:43","guid":{"rendered":"https:\/\/usa-b2.com\/ansokningsforfarande-b2-visum\/"},"modified":"2025-02-06T10:08:39","modified_gmt":"2025-02-06T10:08:39","slug":"ansokningsforfarande-b2-visum","status":"publish","type":"page","link":"https:\/\/usa-b2.com\/sv\/ansokningsforfarande-b2-visum\/","title":{"rendered":"F\u00f6rfarande f\u00f6r ans\u00f6kan om B2-visering"},"content":{"rendered":"\n<h1 class=\"wp-block-heading\">Steg f\u00f6r att ans\u00f6ka om en B2-visering<\/h1>\n\n<p>Ans\u00f6kningsprocessen f\u00f6r B2-visum omfattar en rad steg som genomf\u00f6rs online. F\u00f6rfarandet avslutas med en intervju p\u00e5 den amerikanska ambassaden eller konsulatet i den s\u00f6kandes bos\u00e4ttningsland. <\/p>\n\n<h2 class=\"wp-block-heading\" id=\"h-demande-de-visa-touristique-usa\">Hur ans\u00f6ker jag om en B2-visering?<\/h2>\n\n<p>F\u00f6r att <a href=\"https:\/\/usa-b2.com\/sv\/b2-visumformular-online\/\">ans\u00f6ka om ett B2-turistvisum<\/a> f\u00f6r USA m\u00e5ste den s\u00f6kande genomf\u00f6ra f\u00f6ljande steg:<\/p>\n\n<ol class=\"wp-block-list\">\n<li>Fyll i <a href=\"https:\/\/usa-b2.com\/sv\/ds-160\/\">formul\u00e4r DS-160<\/a> online;<\/li>\n\n\n\n<li>Betala viseringsavgiften f\u00f6r att validera ans\u00f6kan;<\/li>\n\n\n\n<li>Boka tid f\u00f6r visumans\u00f6kan p\u00e5 en <a href=\"https:\/\/usa-b2.com\/sv\/usa-ambassad\/\">amerikansk ambassad<\/a>;<\/li>\n\n\n\n<li>F\u00f6rbered intervjun och samla in st\u00f6djande dokument;<\/li>\n\n\n\n<li>Delta i en intervju med en konsulattj\u00e4nsteman f\u00f6r att slutf\u00f6ra din viseringsans\u00f6kan.<\/li>\n<\/ol>\n\n<p>Om den som ans\u00f6ker om visum \u00e4r medborgare i ett land som \u00e4r medlem i <a href=\"https:\/\/usa-b2.com\/sv\/visa-waiver-program\/\">Visa Waiver Program<\/a> beh\u00f6ver man inte skaffa visum f\u00f6r en vistelse p\u00e5 mindre \u00e4n 90 dagar i USA. <strong>De kan helt enkelt f\u00e5 ett ESTA-intyg<\/strong> genom att klicka p\u00e5 <a href=\"https:\/\/usa-b2.com\/sv\/formular-esta-on-line\/\">ESTA onlineformul\u00e4r<\/a>.<\/p>\n\n<div style=\"height:10px\" aria-hidden=\"true\" class=\"wp-block-spacer\"><\/div>\n\n<h3 class=\"wp-block-heading\" id=\"h-soumettre-le-formulaire-ds-160\">Fyll i visumans\u00f6kningsformul\u00e4ret DS-160<\/h3>\n\n<p>F\u00f6rfarandet f\u00f6r viseringsans\u00f6kan inleds online. S\u00f6kande m\u00e5ste fylla i <a href=\"https:\/\/usa-b2.com\/sv\/ds-160\/\">formul\u00e4r DS-160<\/a> f\u00f6r att initiera sin ans\u00f6kan p\u00e5 US Department of State webbplats. I b\u00f6rjan av onlineprocessen f\u00e5r de s\u00f6kande ett diarienummer som de m\u00e5ste beh\u00e5lla. Filnumret ser ut p\u00e5 f\u00f6ljande s\u00e4tt:   <\/p>\n\n<figure class=\"wp-block-image size-full\"><img fetchpriority=\"high\" decoding=\"async\" width=\"562\" height=\"274\" src=\"https:\/\/usa-b2.com\/wp-content\/uploads\/2024\/02\/ID-b2-visa-application.webp\" alt=\"\" class=\"wp-image-1426\" srcset=\"https:\/\/usa-b2.com\/wp-content\/uploads\/2024\/02\/ID-b2-visa-application.webp 562w, https:\/\/usa-b2.com\/wp-content\/uploads\/2024\/02\/ID-b2-visa-application-300x146.webp 300w\" sizes=\"(max-width: 562px) 100vw, 562px\" \/><figcaption class=\"wp-element-caption\">Identifiering av en viseringsans\u00f6kan online<\/figcaption><\/figure>\n\n<p>De s\u00f6kande m\u00e5ste sedan fylla i onlineformul\u00e4ret. Den \u00e4r indelad i flera avsnitt som inneh\u00e5ller f\u00f6ljande information: <\/p>\n\n<ul class=\"wp-block-list\">\n<li>Kandidatens personuppgifter<\/li>\n\n\n\n<li>Information om den planerade resan<\/li>\n\n\n\n<li>Introducera andra resen\u00e4rer<\/li>\n\n\n\n<li>Beskrivning av tidigare resor till USA<\/li>\n\n\n\n<li>Personlig adress och telefon<\/li>\n\n\n\n<li><a href=\"https:\/\/usa-b2.com\/sv\/passresor-usa\/\">Passinformation f\u00f6r USA<\/a><\/li>\n\n\n\n<li>Kontakter i F\u00f6renta staterna<\/li>\n\n\n\n<li>Familjesituation<\/li>\n\n\n\n<li>Syssels\u00e4ttning, utbildning och yrkesutbildning<\/li>\n\n\n\n<li>S\u00e4kerhet och milj\u00f6<\/li>\n<\/ul>\n\n<p>N\u00e4r formul\u00e4ret har fyllts i kan den s\u00f6kande skicka in sin ans\u00f6kan. P\u00e5 bekr\u00e4ftelsesidan visas den personliga kod som tilldelats den s\u00f6kande f\u00f6r att bifoga styrkande handlingar. <\/p>\n\n<h3 class=\"wp-block-heading\">Betala viseringsavgiften f\u00f6r att validera viseringsans\u00f6kan<\/h3>\n\n<p><a href=\"https:\/\/usa-b2.com\/sv\/avgifter-b2-visum\/\">Avgiften f\u00f6r B2-visum<\/a> \u00e4r 185 USD. Beloppet h\u00f6jdes 2023. F\u00f6r att validera viseringsans\u00f6kan online m\u00e5ste den s\u00f6kande betala avgifterna omedelbart efter att ha registrerat sin viseringsans\u00f6kan.<\/p>\n\n<p>Visumavgifter kan betalas p\u00e5 olika s\u00e4tt:<\/p>\n\n<ul class=\"wp-block-list\">\n<li>Onlinebetalning med kreditkort<\/li>\n\n\n\n<li>Betalning av avgifter via bank\u00f6verf\u00f6ring<\/li>\n\n\n\n<li>Betalning med kontant inbetalningskort p\u00e5 en bank som \u00e4r ackrediterad i USA<\/li>\n<\/ul>\n\n<p>Beloppet \u00e4r uttryckt i dollar men kommer automatiskt att omvandlas till kandidatens lokala valuta av kandidatens bank. Betalningsbeviset m\u00e5ste sparas och bifogas de handlingar som ska visas upp vid <a href=\"https:\/\/usa-b2.com\/sv\/visumbokning-usa-ambassad\/\">viseringsbes\u00f6ket p\u00e5 ambassaden<\/a>. <\/p>\n\n<h3 class=\"wp-block-heading\">Boka tid f\u00f6r en intervju med en amerikansk konsulattj\u00e4nsteman<\/h3>\n\n<p>N\u00e4r visumavgiften har betalats m\u00e5ste den s\u00f6kande boka tid hos den amerikanska ambassaden eller konsulatet i det land d\u00e4r han eller hon \u00e4r bosatt. S\u00f6kande m\u00e5ste genomg\u00e5 en intervju med en konsulattj\u00e4nsteman p\u00e5 den amerikanska ambassaden eller konsulatet p\u00e5 plats.   <\/p>\n\n<p>Tidsbokning kan g\u00f6ras online via <a href=\"https:\/\/www.uscis.gov\/\">USCIS<\/a> webbplats. De s\u00f6kande v\u00e4ljer bland de datum och tider som anges online. I allm\u00e4nhet \u00e4r ambassaderna organiserade s\u00e5 att intervjuerna \u00e4ger rum p\u00e5 morgonen fr\u00e5n m\u00e5ndag till fredag.<\/p>\n\n<p>Intervjun \u00e4r det sista steget f\u00f6r att f\u00e5 ett visum och vi f\u00f6rklarar hur den g\u00e5r till mer i detalj nedan. N\u00e4r <a href=\"https:\/\/usa-b2.com\/sv\/visumbokning-usa-ambassad\/\">visumintervjun p\u00e5 ambassaden<\/a> har ordnats m\u00e5ste den s\u00f6kande f\u00f6rbereda de dokument som ska l\u00e4mnas in p\u00e5 dagen f\u00f6r m\u00f6tet. <\/p>\n\n<h3 class=\"wp-block-heading\">F\u00f6rberedelser inf\u00f6r m\u00f6tet f\u00f6r viseringsans\u00f6kan<\/h3>\n\n<p>De s\u00f6kande m\u00e5ste f\u00f6rbereda sig f\u00f6r det m\u00f6te d\u00e4r deras viseringsans\u00f6kan kommer att slutbehandlas. Denna f\u00f6rberedelse omfattar tv\u00e5 huvuduppgifter: <\/p>\n\n<ul class=\"wp-block-list\">\n<li>Genomf\u00f6ra en medicinsk unders\u00f6kning;<\/li>\n\n\n\n<li>Samla ihop de styrkande handlingarna f\u00f6r din visumans\u00f6kan.<\/li>\n<\/ul>\n\n<p>Den akt med styrkande handlingar som ska f\u00f6rberedas inf\u00f6r m\u00f6tet inneh\u00e5ller alla originalhandlingar som styrker viseringsans\u00f6kan. Dessa dokument m\u00e5ste visas upp vid intervjun. <\/p>\n\n<p><strong>H\u00e4r \u00e4r listan \u00f6ver de dokument som kr\u00e4vs f\u00f6r en B2-visumans\u00f6kan<\/strong><\/p>\n\n<ul class=\"wp-block-list\">\n<li>Bevis p\u00e5 betalning av <a href=\"https:\/\/usa-b2.com\/sv\/avgifter-b2-visum\/\">viseringsavgifter<\/a>;<\/li>\n\n\n\n<li>Den personliga identifieringskod som erh\u00f6lls n\u00e4r formul\u00e4r DS-160 startades;<\/li>\n\n\n\n<li>Utskriven bekr\u00e4ftelse p\u00e5 din bokade tid<\/li>\n\n\n\n<li>Ett foto som uppfyller kraven f\u00f6r ett B2-visum;<\/li>\n\n\n\n<li>Ett personligt brev som beskriver anledningen till din vistelse i USA ;<\/li>\n\n\n\n<li>Bevis p\u00e5 finansiering av vistelsen i USA ;<\/li>\n\n\n\n<li>Dokument som visar den s\u00f6kandes anknytning till ursprungslandet och som styrker att den s\u00f6kande kommer att \u00e5terv\u00e4nda till sitt ursprungsland efter vistelsens slut;<\/li>\n\n\n\n<li>Ett rent belastningsregister eller ett intyg fr\u00e5n myndigheterna om att du \u00e4r ostraffad.<\/li>\n<\/ul>\n\n<div style=\"height:10px\" aria-hidden=\"true\" class=\"wp-block-spacer\"><\/div>\n\n<h3 class=\"wp-block-heading\">Delta i intervjun p\u00e5 den amerikanska ambassaden<\/h3>\n\n<p>S\u00f6kande b\u00f6r anl\u00e4nda till ambassaden med 15 minuters extra tid f\u00f6r s\u00e4kerhetskontroller f\u00f6re tidsbest\u00e4llningen. N\u00e4r de har g\u00e5tt igenom s\u00e4kerhetskontrollen tas deras fingeravtryck och de f\u00f6rs till v\u00e4ntrummet f\u00f6r att boka tid. <\/p>\n\n<p>Intervjun varar cirka 15 minuter och genomf\u00f6rs vanligtvis p\u00e5 engelska. Utbytet kan ske p\u00e5 det lokala spr\u00e5ket om ambassadtj\u00e4nstemannen talar spr\u00e5ket flytande. Under intervjun behandlas f\u00f6ljande \u00e4mnen:  <\/p>\n\n<ul class=\"wp-block-list\">\n<li>Varf\u00f6r bes\u00f6ker ni F\u00f6renta staterna?<\/li>\n\n\n\n<li>Hur ser resplanen ut och hur ser boendet ut?<\/li>\n\n\n\n<li>Hur kommer hela semestern att finansieras?<\/li>\n<\/ul>\n\n<p>I slutet av intervjun kommer den konsul\u00e4ra tj\u00e4nstemannen att ange om visumet har beviljats. Det st\u00e4mplade passet med <a href=\"https:\/\/usa-b2.com\/sv\/\">B2-visumet<\/a> kommer att skickas med post kort d\u00e4refter. <\/p>\n\n<p><\/p>\n","protected":false},"excerpt":{"rendered":"<p>Steg f\u00f6r att ans\u00f6ka om en B2-visering Ans\u00f6kningsprocessen f\u00f6r B2-visum omfattar en rad steg som genomf\u00f6rs online. F\u00f6rfarandet avslutas med en intervju p\u00e5 den amerikanska ambassaden eller konsulatet i den s\u00f6kandes bos\u00e4ttningsland. Hur ans\u00f6ker jag om en B2-visering? F\u00f6r att ans\u00f6ka om ett B2-turistvisum f\u00f6r USA m\u00e5ste den s\u00f6kande genomf\u00f6ra f\u00f6ljande steg: Om den som [&hellip;]<\/p>\n","protected":false},"author":1,"featured_media":0,"parent":0,"menu_order":0,"comment_status":"closed","ping_status":"closed","template":"","meta":{"footnotes":""},"class_list":["post-1453","page","type-page","status-publish","hentry"],"yoast_head":"<!-- This site is optimized with the Yoast SEO plugin v27.0 - https:\/\/yoast.com\/product\/yoast-seo-wordpress\/ -->\n<title>F\u00f6rfarande f\u00f6r ans\u00f6kan om B2-visering - USA B2<\/title>\n<meta name=\"description\" content=\"S\u00e5 h\u00e4r ans\u00f6ker du om ett B2-visum online. F\u00f6rfarandet \u00e4r detaljerat och omfattar flera steg.\" \/>\n<meta name=\"robots\" content=\"index, follow, max-snippet:-1, max-image-preview:large, max-video-preview:-1\" \/>\n<link rel=\"canonical\" href=\"https:\/\/usa-b2.com\/sv\/ansokningsforfarande-b2-visum\/\" \/>\n<meta property=\"og:locale\" content=\"sv_SE\" \/>\n<meta property=\"og:type\" content=\"article\" \/>\n<meta property=\"og:title\" content=\"F\u00f6rfarande f\u00f6r ans\u00f6kan om B2-visering - USA B2\" \/>\n<meta property=\"og:description\" content=\"S\u00e5 h\u00e4r ans\u00f6ker du om ett B2-visum online. F\u00f6rfarandet \u00e4r detaljerat och omfattar flera steg.\" \/>\n<meta property=\"og:url\" content=\"https:\/\/usa-b2.com\/sv\/ansokningsforfarande-b2-visum\/\" \/>\n<meta property=\"og:site_name\" content=\"USA B2\" \/>\n<meta property=\"article:modified_time\" content=\"2025-02-06T10:08:39+00:00\" \/>\n<meta property=\"og:image\" content=\"https:\/\/usa-b2.com\/wp-content\/uploads\/2024\/02\/ID-b2-visa-application.webp\" \/>\n\t<meta property=\"og:image:width\" content=\"562\" \/>\n\t<meta property=\"og:image:height\" content=\"274\" \/>\n\t<meta property=\"og:image:type\" content=\"image\/webp\" \/>\n<meta name=\"twitter:card\" content=\"summary_large_image\" \/>\n<meta name=\"twitter:label1\" content=\"Ber\u00e4knad l\u00e4stid\" \/>\n\t<meta name=\"twitter:data1\" content=\"5 minuter\" \/>\n<script type=\"application\/ld+json\" class=\"yoast-schema-graph\">{\"@context\":\"https:\/\/schema.org\",\"@graph\":[{\"@type\":\"WebPage\",\"@id\":\"https:\/\/usa-b2.com\/sv\/ansokningsforfarande-b2-visum\/\",\"url\":\"https:\/\/usa-b2.com\/sv\/ansokningsforfarande-b2-visum\/\",\"name\":\"F\u00f6rfarande f\u00f6r ans\u00f6kan om B2-visering - USA B2\",\"isPartOf\":{\"@id\":\"https:\/\/usa-b2.com\/sv\/#website\"},\"primaryImageOfPage\":{\"@id\":\"https:\/\/usa-b2.com\/sv\/ansokningsforfarande-b2-visum\/#primaryimage\"},\"image\":{\"@id\":\"https:\/\/usa-b2.com\/sv\/ansokningsforfarande-b2-visum\/#primaryimage\"},\"thumbnailUrl\":\"https:\/\/usa-b2.com\/wp-content\/uploads\/2024\/02\/ID-b2-visa-application.webp\",\"datePublished\":\"2024-02-27T10:25:43+00:00\",\"dateModified\":\"2025-02-06T10:08:39+00:00\",\"description\":\"S\u00e5 h\u00e4r ans\u00f6ker du om ett B2-visum online. F\u00f6rfarandet \u00e4r detaljerat och omfattar flera steg.\",\"breadcrumb\":{\"@id\":\"https:\/\/usa-b2.com\/sv\/ansokningsforfarande-b2-visum\/#breadcrumb\"},\"inLanguage\":\"sv-SE\",\"potentialAction\":[{\"@type\":\"ReadAction\",\"target\":[\"https:\/\/usa-b2.com\/sv\/ansokningsforfarande-b2-visum\/\"]}]},{\"@type\":\"ImageObject\",\"inLanguage\":\"sv-SE\",\"@id\":\"https:\/\/usa-b2.com\/sv\/ansokningsforfarande-b2-visum\/#primaryimage\",\"url\":\"https:\/\/usa-b2.com\/wp-content\/uploads\/2024\/02\/ID-b2-visa-application.webp\",\"contentUrl\":\"https:\/\/usa-b2.com\/wp-content\/uploads\/2024\/02\/ID-b2-visa-application.webp\"},{\"@type\":\"BreadcrumbList\",\"@id\":\"https:\/\/usa-b2.com\/sv\/ansokningsforfarande-b2-visum\/#breadcrumb\",\"itemListElement\":[{\"@type\":\"ListItem\",\"position\":1,\"name\":\"Accueil\",\"item\":\"https:\/\/usa-b2.com\/sv\/roadtrips-usa\/\"},{\"@type\":\"ListItem\",\"position\":2,\"name\":\"F\u00f6rfarande f\u00f6r ans\u00f6kan om B2-visering\"}]},{\"@type\":\"WebSite\",\"@id\":\"https:\/\/usa-b2.com\/sv\/#website\",\"url\":\"https:\/\/usa-b2.com\/sv\/\",\"name\":\"USA B2 VISA\",\"description\":\"\",\"potentialAction\":[{\"@type\":\"SearchAction\",\"target\":{\"@type\":\"EntryPoint\",\"urlTemplate\":\"https:\/\/usa-b2.com\/sv\/?s={search_term_string}\"},\"query-input\":{\"@type\":\"PropertyValueSpecification\",\"valueRequired\":true,\"valueName\":\"search_term_string\"}}],\"inLanguage\":\"sv-SE\"}]}<\/script>\n<!-- \/ Yoast SEO plugin. -->","yoast_head_json":{"title":"F\u00f6rfarande f\u00f6r ans\u00f6kan om B2-visering - USA B2","description":"S\u00e5 h\u00e4r ans\u00f6ker du om ett B2-visum online. F\u00f6rfarandet \u00e4r detaljerat och omfattar flera steg.","robots":{"index":"index","follow":"follow","max-snippet":"max-snippet:-1","max-image-preview":"max-image-preview:large","max-video-preview":"max-video-preview:-1"},"canonical":"https:\/\/usa-b2.com\/sv\/ansokningsforfarande-b2-visum\/","og_locale":"sv_SE","og_type":"article","og_title":"F\u00f6rfarande f\u00f6r ans\u00f6kan om B2-visering - USA B2","og_description":"S\u00e5 h\u00e4r ans\u00f6ker du om ett B2-visum online. F\u00f6rfarandet \u00e4r detaljerat och omfattar flera steg.","og_url":"https:\/\/usa-b2.com\/sv\/ansokningsforfarande-b2-visum\/","og_site_name":"USA B2","article_modified_time":"2025-02-06T10:08:39+00:00","og_image":[{"width":562,"height":274,"url":"https:\/\/usa-b2.com\/wp-content\/uploads\/2024\/02\/ID-b2-visa-application.webp","type":"image\/webp"}],"twitter_card":"summary_large_image","twitter_misc":{"Ber\u00e4knad l\u00e4stid":"5 minuter"},"schema":{"@context":"https:\/\/schema.org","@graph":[{"@type":"WebPage","@id":"https:\/\/usa-b2.com\/sv\/ansokningsforfarande-b2-visum\/","url":"https:\/\/usa-b2.com\/sv\/ansokningsforfarande-b2-visum\/","name":"F\u00f6rfarande f\u00f6r ans\u00f6kan om B2-visering - USA B2","isPartOf":{"@id":"https:\/\/usa-b2.com\/sv\/#website"},"primaryImageOfPage":{"@id":"https:\/\/usa-b2.com\/sv\/ansokningsforfarande-b2-visum\/#primaryimage"},"image":{"@id":"https:\/\/usa-b2.com\/sv\/ansokningsforfarande-b2-visum\/#primaryimage"},"thumbnailUrl":"https:\/\/usa-b2.com\/wp-content\/uploads\/2024\/02\/ID-b2-visa-application.webp","datePublished":"2024-02-27T10:25:43+00:00","dateModified":"2025-02-06T10:08:39+00:00","description":"S\u00e5 h\u00e4r ans\u00f6ker du om ett B2-visum online. F\u00f6rfarandet \u00e4r detaljerat och omfattar flera steg.","breadcrumb":{"@id":"https:\/\/usa-b2.com\/sv\/ansokningsforfarande-b2-visum\/#breadcrumb"},"inLanguage":"sv-SE","potentialAction":[{"@type":"ReadAction","target":["https:\/\/usa-b2.com\/sv\/ansokningsforfarande-b2-visum\/"]}]},{"@type":"ImageObject","inLanguage":"sv-SE","@id":"https:\/\/usa-b2.com\/sv\/ansokningsforfarande-b2-visum\/#primaryimage","url":"https:\/\/usa-b2.com\/wp-content\/uploads\/2024\/02\/ID-b2-visa-application.webp","contentUrl":"https:\/\/usa-b2.com\/wp-content\/uploads\/2024\/02\/ID-b2-visa-application.webp"},{"@type":"BreadcrumbList","@id":"https:\/\/usa-b2.com\/sv\/ansokningsforfarande-b2-visum\/#breadcrumb","itemListElement":[{"@type":"ListItem","position":1,"name":"Accueil","item":"https:\/\/usa-b2.com\/sv\/roadtrips-usa\/"},{"@type":"ListItem","position":2,"name":"F\u00f6rfarande f\u00f6r ans\u00f6kan om B2-visering"}]},{"@type":"WebSite","@id":"https:\/\/usa-b2.com\/sv\/#website","url":"https:\/\/usa-b2.com\/sv\/","name":"USA B2 VISA","description":"","potentialAction":[{"@type":"SearchAction","target":{"@type":"EntryPoint","urlTemplate":"https:\/\/usa-b2.com\/sv\/?s={search_term_string}"},"query-input":{"@type":"PropertyValueSpecification","valueRequired":true,"valueName":"search_term_string"}}],"inLanguage":"sv-SE"}]}},"_links":{"self":[{"href":"https:\/\/usa-b2.com\/sv\/wp-json\/wp\/v2\/pages\/1453","targetHints":{"allow":["GET"]}}],"collection":[{"href":"https:\/\/usa-b2.com\/sv\/wp-json\/wp\/v2\/pages"}],"about":[{"href":"https:\/\/usa-b2.com\/sv\/wp-json\/wp\/v2\/types\/page"}],"author":[{"embeddable":true,"href":"https:\/\/usa-b2.com\/sv\/wp-json\/wp\/v2\/users\/1"}],"replies":[{"embeddable":true,"href":"https:\/\/usa-b2.com\/sv\/wp-json\/wp\/v2\/comments?post=1453"}],"version-history":[{"count":0,"href":"https:\/\/usa-b2.com\/sv\/wp-json\/wp\/v2\/pages\/1453\/revisions"}],"wp:attachment":[{"href":"https:\/\/usa-b2.com\/sv\/wp-json\/wp\/v2\/media?parent=1453"}],"curies":[{"name":"wp","href":"https:\/\/api.w.org\/{rel}","templated":true}]}}