{"id":1307,"date":"2024-02-27T10:27:31","date_gmt":"2024-02-27T10:27:31","guid":{"rendered":"https:\/\/usa-b2.com\/transitvisering-usa\/"},"modified":"2025-11-04T16:44:26","modified_gmt":"2025-11-04T16:44:26","slug":"transitvisering-usa","status":"publish","type":"page","link":"https:\/\/usa-b2.com\/sv\/transitvisering-usa\/","title":{"rendered":"Transitvisering f\u00f6r F\u00f6renta staterna"},"content":{"rendered":"\n<h1 class=\"wp-block-heading\">Skaffa visum f\u00f6r transitering genom USA<\/h1>\n\n<p>F\u00f6r mellanlandning i F\u00f6renta staterna m\u00e5ste utl\u00e4ndska resen\u00e4rer ha tillst\u00e5nd att transitera genom amerikanskt territorium. Transitvisumet g\u00f6r det m\u00f6jligt f\u00f6r resen\u00e4rer att resa genom USA p\u00e5 v\u00e4g till en slutdestination.<\/p>\n\n<p><strong>F\u00f6r mellanlandning i USA<\/strong>: Det \u00e4r inte n\u00f6dv\u00e4ndigt att ans\u00f6ka om transitvisering. Du kan enkelt ans\u00f6ka om ESTA-resetillst\u00e5nd genom att klicka p\u00e5 <a href=\"https:\/\/usa-b2.com\/sv\/formular-esta-on-line\/\">ESTA onlineformul\u00e4r<\/a>. <\/p>\n\n<div style=\"height:10px\" aria-hidden=\"true\" class=\"wp-block-spacer\"><\/div>\n\n<h2 class=\"wp-block-heading\">Vad \u00e4r en transitvisering?<\/h2>\n\n<p>Ett amerikanskt transitvisum \u00e4r ett tillst\u00e5nd att resa in i USA. Det g\u00f6r att du kan stanna i USA f\u00f6r en mellanlandning. Visuminnehavaren m\u00e5ste forts\u00e4tta sin resa och l\u00e4mna USA som planerat.<\/p>\n\n<h2 class=\"wp-block-heading\">Vem kan ans\u00f6ka om en transitvisering?<\/h2>\n\n<p>Alla utl\u00e4ndska resen\u00e4rer som g\u00f6r en mellanlandning i USA kan ans\u00f6ka om ett amerikanskt transitvisum. Den slutliga destinationen f\u00e5r inte vara F\u00f6renta staterna, annars m\u00e5ste du ans\u00f6ka om ett <a href=\"https:\/\/usa-b2.com\/sv\/besoksvisum-usa\/\">B1\/B2-visum f\u00f6r bes\u00f6kare<\/a> eller n\u00e5gon annan typ av amerikanskt visum.   <\/p>\n\n<p>Det finns ett antal andra specifika fall, t.ex:  <\/p>\n\n<ul class=\"wp-block-list\">\n<li>Utl\u00e4ndska medborgare eller FN-tj\u00e4nstem\u00e4n kan ocks\u00e5 f\u00e5 ett transitvisum f\u00f6r FN:s verksamhet i New York;<\/li>\n\n\n\n<li>Utl\u00e4ndska statstj\u00e4nstem\u00e4n som reser i tj\u00e4nsten kan f\u00e5 ett transitvisum f\u00f6r en mellanlandning i USA.<\/li>\n<\/ul>\n\n<h2 class=\"wp-block-heading\">Vilka \u00e4r de olika transitviseringarna?<\/h2>\n\n<p>Transitvisum delas in i tre huvudkategorier som \u00e4r anpassade till olika resesituationer:<\/p>\n\n<ol class=\"wp-block-list\">\n<li><strong>C1-visering: f\u00f6r traditionella resen\u00e4rer i transit<\/strong><br\/>Denna typ av visering \u00e4r avsedd f\u00f6r passagerare som g\u00f6r en tillf\u00e4llig mellanlandning i ett land innan de forts\u00e4tter sin resa till slutdestinationen. Om du t.ex. reser till ett annat land med ett anslutningsflyg som kr\u00e4ver att du reser in i landet, kan du med C1-visumet lagligen vistas i transitzonen eller resa dit en kort stund. Detta visum anv\u00e4nds ofta av turister eller yrkesverksamma som reser internationellt.<\/li>\n\n\n\n<li><strong>C2-visering: f\u00f6r resen\u00e4rer i transit till FN:s h\u00f6gkvarter<\/strong><br\/>C2-visering \u00e4r endast avsedd f\u00f6r personer som reser till FN:s h\u00f6gkvarter i New York f\u00f6r officiella uppdrag eller FN-relaterade evenemang. Det g\u00e4ller strikt f\u00f6r transit och begr\u00e4nsar i allm\u00e4nhet resor till FN:s specifika omr\u00e5de. Detta visum uppfyller kraven f\u00f6r delegater, anst\u00e4llda eller representanter som deltar i internationella konferenser eller m\u00f6ten.<\/li>\n\n\n\n<li><strong>C3-visering: f\u00f6r medlemmar av utl\u00e4ndska regeringar<\/strong><br\/>Denna visering \u00e4r avsedd f\u00f6r medlemmar av utl\u00e4ndska regeringar, deras familjer eller medf\u00f6ljande personer, som reser genom ett land i officiellt \u00e4rende. Det \u00e5terspeglar deras diplomatiska status och g\u00f6r det m\u00f6jligt f\u00f6r dem att passera kort genom ett land samtidigt som de respekterar internationella protokoll.<\/li>\n<\/ol>\n\n<p>Beroende p\u00e5 resen\u00e4rens profil \u00e4r det viktigt att v\u00e4lja r\u00e4tt visumkategori.<\/p>\n\n<h2 class=\"wp-block-heading\">Hur f\u00e5r jag en transitvisering?<\/h2>\n\n<p>F\u00f6r att f\u00e5 ett transitvisum till USA m\u00e5ste du f\u00f6lja ett antal steg:<\/p>\n\n<ul class=\"wp-block-list\">\n<li>Best\u00e4m vilken typ av visum som kr\u00e4vs, ett C1-, C2- eller C3-visum beroende p\u00e5 situationen;<\/li>\n\n\n\n<li>Fyll i <a href=\"https:\/\/usa-b2.com\/sv\/ds-160\/\">formul\u00e4r DS-160<\/a> online och l\u00e4mna korrekt och fullst\u00e4ndig information.<\/li>\n\n\n\n<li>N\u00e4r formul\u00e4ret har skickats in betalar du den icke \u00e5terbetalningsbara <a href=\"https:\/\/usa-b2.com\/fr\/frais-visa-b2-usa\/\">ans\u00f6kningsavgiften f\u00f6r visum<\/a>.<\/li>\n\n\n\n<li>Planera sedan en <a href=\"https:\/\/usa-b2.com\/sv\/visumbokning-usa-ambassad\/\">intervju p\u00e5 den amerikanska ambassaden<\/a> i ditt bos\u00e4ttningsland. Vid denna intervju m\u00e5ste du presentera styrkande handlingar, inklusive : \n<ul class=\"wp-block-list\">\n<li>Ett <a href=\"https:\/\/usa-b2.com\/sv\/passresor-usa\/\">pass som \u00e4r giltigt f\u00f6r resor till USA<\/a><\/li>\n\n\n\n<li>Fotot som uppfyller kraven<\/li>\n\n\n\n<li>Bekr\u00e4ftelse av <a href=\"https:\/\/usa-b2.com\/sv\/ds-160\/\">formul\u00e4r DS-160<\/a><\/li>\n\n\n\n<li>Bevis p\u00e5 resplan, t.ex. flygbiljetter<\/li>\n\n\n\n<li>Varje dokument som intygar officiell status enligt en C2- eller C3-visering.<\/li>\n<\/ul>\n<\/li>\n<\/ul>\n\n<div style=\"height:10px\" aria-hidden=\"true\" class=\"wp-block-spacer\"><\/div>\n\n<p>Det \u00e4r viktigt att visa att transitering genom USA inte kommer att vara en m\u00f6jlighet att stanna i landet. N\u00e4r visumet har godk\u00e4nts kommer det att f\u00e4stas i passet f\u00f6r laglig transit genom USA.<\/p>\n","protected":false},"excerpt":{"rendered":"<p>Skaffa visum f\u00f6r transitering genom USA F\u00f6r mellanlandning i F\u00f6renta staterna m\u00e5ste utl\u00e4ndska resen\u00e4rer ha tillst\u00e5nd att transitera genom amerikanskt territorium. Transitvisumet g\u00f6r det m\u00f6jligt f\u00f6r resen\u00e4rer att resa genom USA p\u00e5 v\u00e4g till en slutdestination. F\u00f6r mellanlandning i USA: Det \u00e4r inte n\u00f6dv\u00e4ndigt att ans\u00f6ka om transitvisering. Du kan enkelt ans\u00f6ka om ESTA-resetillst\u00e5nd genom [&hellip;]<\/p>\n","protected":false},"author":1,"featured_media":0,"parent":0,"menu_order":0,"comment_status":"closed","ping_status":"closed","template":"","meta":{"footnotes":""},"class_list":["post-1307","page","type-page","status-publish","hentry"],"yoast_head":"<!-- This site is optimized with the Yoast SEO plugin v27.4 - https:\/\/yoast.com\/product\/yoast-seo-wordpress\/ -->\n<title>Transitvisering f\u00f6r F\u00f6renta staterna - USA B2<\/title>\n<meta name=\"description\" content=\"F\u00f6r att mellanlanda i USA beh\u00f6ver du ett giltigt visum eller ESTA-tillst\u00e5nd.\" \/>\n<meta name=\"robots\" content=\"index, follow, max-snippet:-1, max-image-preview:large, max-video-preview:-1\" \/>\n<link rel=\"canonical\" href=\"https:\/\/usa-b2.com\/sv\/transitvisering-usa\/\" \/>\n<meta property=\"og:locale\" content=\"sv_SE\" \/>\n<meta property=\"og:type\" content=\"article\" \/>\n<meta property=\"og:title\" content=\"Transitvisering f\u00f6r F\u00f6renta staterna - USA B2\" \/>\n<meta property=\"og:description\" content=\"F\u00f6r att mellanlanda i USA beh\u00f6ver du ett giltigt visum eller ESTA-tillst\u00e5nd.\" \/>\n<meta property=\"og:url\" content=\"https:\/\/usa-b2.com\/sv\/transitvisering-usa\/\" \/>\n<meta property=\"og:site_name\" content=\"USA B2\" \/>\n<meta property=\"article:modified_time\" content=\"2025-11-04T16:44:26+00:00\" \/>\n<meta name=\"twitter:card\" content=\"summary_large_image\" \/>\n<meta name=\"twitter:label1\" content=\"Ber\u00e4knad l\u00e4stid\" \/>\n\t<meta name=\"twitter:data1\" content=\"3 minuter\" \/>\n<script type=\"application\/ld+json\" class=\"yoast-schema-graph\">{\"@context\":\"https:\\\/\\\/schema.org\",\"@graph\":[{\"@type\":\"WebPage\",\"@id\":\"https:\\\/\\\/usa-b2.com\\\/sv\\\/transitvisering-usa\\\/\",\"url\":\"https:\\\/\\\/usa-b2.com\\\/sv\\\/transitvisering-usa\\\/\",\"name\":\"Transitvisering f\u00f6r F\u00f6renta staterna - USA B2\",\"isPartOf\":{\"@id\":\"https:\\\/\\\/usa-b2.com\\\/sv\\\/#website\"},\"datePublished\":\"2024-02-27T10:27:31+00:00\",\"dateModified\":\"2025-11-04T16:44:26+00:00\",\"description\":\"F\u00f6r att mellanlanda i USA beh\u00f6ver du ett giltigt visum eller ESTA-tillst\u00e5nd.\",\"breadcrumb\":{\"@id\":\"https:\\\/\\\/usa-b2.com\\\/sv\\\/transitvisering-usa\\\/#breadcrumb\"},\"inLanguage\":\"sv-SE\",\"potentialAction\":[{\"@type\":\"ReadAction\",\"target\":[\"https:\\\/\\\/usa-b2.com\\\/sv\\\/transitvisering-usa\\\/\"]}]},{\"@type\":\"BreadcrumbList\",\"@id\":\"https:\\\/\\\/usa-b2.com\\\/sv\\\/transitvisering-usa\\\/#breadcrumb\",\"itemListElement\":[{\"@type\":\"ListItem\",\"position\":1,\"name\":\"Accueil\",\"item\":\"https:\\\/\\\/usa-b2.com\\\/sv\\\/usa\\\/\"},{\"@type\":\"ListItem\",\"position\":2,\"name\":\"Transitvisering f\u00f6r F\u00f6renta staterna\"}]},{\"@type\":\"WebSite\",\"@id\":\"https:\\\/\\\/usa-b2.com\\\/sv\\\/#website\",\"url\":\"https:\\\/\\\/usa-b2.com\\\/sv\\\/\",\"name\":\"USA B2 VISA\",\"description\":\"\",\"potentialAction\":[{\"@type\":\"SearchAction\",\"target\":{\"@type\":\"EntryPoint\",\"urlTemplate\":\"https:\\\/\\\/usa-b2.com\\\/sv\\\/?s={search_term_string}\"},\"query-input\":{\"@type\":\"PropertyValueSpecification\",\"valueRequired\":true,\"valueName\":\"search_term_string\"}}],\"inLanguage\":\"sv-SE\"}]}<\/script>\n<!-- \/ Yoast SEO plugin. -->","yoast_head_json":{"title":"Transitvisering f\u00f6r F\u00f6renta staterna - USA B2","description":"F\u00f6r att mellanlanda i USA beh\u00f6ver du ett giltigt visum eller ESTA-tillst\u00e5nd.","robots":{"index":"index","follow":"follow","max-snippet":"max-snippet:-1","max-image-preview":"max-image-preview:large","max-video-preview":"max-video-preview:-1"},"canonical":"https:\/\/usa-b2.com\/sv\/transitvisering-usa\/","og_locale":"sv_SE","og_type":"article","og_title":"Transitvisering f\u00f6r F\u00f6renta staterna - USA B2","og_description":"F\u00f6r att mellanlanda i USA beh\u00f6ver du ett giltigt visum eller ESTA-tillst\u00e5nd.","og_url":"https:\/\/usa-b2.com\/sv\/transitvisering-usa\/","og_site_name":"USA B2","article_modified_time":"2025-11-04T16:44:26+00:00","twitter_card":"summary_large_image","twitter_misc":{"Ber\u00e4knad l\u00e4stid":"3 minuter"},"schema":{"@context":"https:\/\/schema.org","@graph":[{"@type":"WebPage","@id":"https:\/\/usa-b2.com\/sv\/transitvisering-usa\/","url":"https:\/\/usa-b2.com\/sv\/transitvisering-usa\/","name":"Transitvisering f\u00f6r F\u00f6renta staterna - USA B2","isPartOf":{"@id":"https:\/\/usa-b2.com\/sv\/#website"},"datePublished":"2024-02-27T10:27:31+00:00","dateModified":"2025-11-04T16:44:26+00:00","description":"F\u00f6r att mellanlanda i USA beh\u00f6ver du ett giltigt visum eller ESTA-tillst\u00e5nd.","breadcrumb":{"@id":"https:\/\/usa-b2.com\/sv\/transitvisering-usa\/#breadcrumb"},"inLanguage":"sv-SE","potentialAction":[{"@type":"ReadAction","target":["https:\/\/usa-b2.com\/sv\/transitvisering-usa\/"]}]},{"@type":"BreadcrumbList","@id":"https:\/\/usa-b2.com\/sv\/transitvisering-usa\/#breadcrumb","itemListElement":[{"@type":"ListItem","position":1,"name":"Accueil","item":"https:\/\/usa-b2.com\/sv\/usa\/"},{"@type":"ListItem","position":2,"name":"Transitvisering f\u00f6r F\u00f6renta staterna"}]},{"@type":"WebSite","@id":"https:\/\/usa-b2.com\/sv\/#website","url":"https:\/\/usa-b2.com\/sv\/","name":"USA B2 VISA","description":"","potentialAction":[{"@type":"SearchAction","target":{"@type":"EntryPoint","urlTemplate":"https:\/\/usa-b2.com\/sv\/?s={search_term_string}"},"query-input":{"@type":"PropertyValueSpecification","valueRequired":true,"valueName":"search_term_string"}}],"inLanguage":"sv-SE"}]}},"_links":{"self":[{"href":"https:\/\/usa-b2.com\/sv\/wp-json\/wp\/v2\/pages\/1307","targetHints":{"allow":["GET"]}}],"collection":[{"href":"https:\/\/usa-b2.com\/sv\/wp-json\/wp\/v2\/pages"}],"about":[{"href":"https:\/\/usa-b2.com\/sv\/wp-json\/wp\/v2\/types\/page"}],"author":[{"embeddable":true,"href":"https:\/\/usa-b2.com\/sv\/wp-json\/wp\/v2\/users\/1"}],"replies":[{"embeddable":true,"href":"https:\/\/usa-b2.com\/sv\/wp-json\/wp\/v2\/comments?post=1307"}],"version-history":[{"count":2,"href":"https:\/\/usa-b2.com\/sv\/wp-json\/wp\/v2\/pages\/1307\/revisions"}],"predecessor-version":[{"id":10875,"href":"https:\/\/usa-b2.com\/sv\/wp-json\/wp\/v2\/pages\/1307\/revisions\/10875"}],"wp:attachment":[{"href":"https:\/\/usa-b2.com\/sv\/wp-json\/wp\/v2\/media?parent=1307"}],"curies":[{"name":"wp","href":"https:\/\/api.w.org\/{rel}","templated":true}]}}