{"id":1277,"date":"2024-02-10T17:18:33","date_gmt":"2024-02-10T17:18:33","guid":{"rendered":"https:\/\/usa-b2.com\/visum-for-new-york\/"},"modified":"2025-10-14T10:39:54","modified_gmt":"2025-10-14T10:39:54","slug":"visum-for-new-york","status":"publish","type":"page","link":"https:\/\/usa-b2.com\/sv\/visum-for-new-york\/","title":{"rendered":"Skaffa visum till New York i USA"},"content":{"rendered":"\n<h1 class=\"wp-block-heading\" id=\"h-visa-chicago-pour-les-usa\">Visering via New York f\u00f6r inresa till F\u00f6renta staterna<\/h1>\n\n<p>Utl\u00e4ndska resen\u00e4rer som planerar att anl\u00e4nda till New York f\u00f6r att resa till USA m\u00e5ste ha ett giltigt resetillst\u00e5nd. Det finns flera olika typer av resetillst\u00e5nd, beroende p\u00e5 syftet med och l\u00e4ngden p\u00e5 din vistelse i USA. <\/p>\n\n<h2 class=\"wp-block-heading\" id=\"h-faut-il-un-visa-pour-chicago\">Beh\u00f6ver jag visum f\u00f6r New York?<\/h2>\n\n<p>New York \u00e4r den mest bes\u00f6kta staden i norra USA. Utl\u00e4ndska resen\u00e4rer m\u00e5ste ha ett <a href=\"https:\/\/usa-b2.com\/sv\/visum-b2\/\">B2-visum<\/a> om de ska vistas i USA i mer \u00e4n 3 m\u00e5nader och landa i New York. <\/p>\n\n<p><strong>F\u00f6r vistelser p\u00e5 mindre \u00e4n 90 dagar<\/strong>: Det \u00e4r inte n\u00f6dv\u00e4ndigt att f\u00e5 en b2-visering f\u00f6r New York. Allt du beh\u00f6ver g\u00f6ra \u00e4r att ans\u00f6ka om ett resetillst\u00e5nd genom att klicka p\u00e5 <a href=\"https:\/\/usa-b2.com\/sv\/formular-esta-on-line\/\">ESTA:s onlineformul\u00e4r<\/a>. <\/p>\n\n<div style=\"height:10px\" aria-hidden=\"true\" class=\"wp-block-spacer\"><\/div>\n\n<h2 class=\"wp-block-heading\">Vad \u00e4r ett turistvisum f\u00f6r New York?<\/h2>\n\n<p>Ett B2 turistvisum f\u00f6r New York ger resen\u00e4rer r\u00e4tt att landa i New York f\u00f6r en vistelse i USA. Med ett B2-visum kan resen\u00e4rer \u00e5ka p\u00e5 sightseeing eller bes\u00f6ka sl\u00e4ktingar som bor i USA. Visumet \u00e4r giltigt under en inledande period p\u00e5 6 m\u00e5nader.  <\/p>\n\n<h2 class=\"wp-block-heading\">Beh\u00f6ver jag visum f\u00f6r en mellanlandning i New York?<\/h2>\n\n<p>F\u00f6r att mellanlanda i New York m\u00e5ste resen\u00e4ren ha ett giltigt resetillst\u00e5nd. Det finns flera m\u00f6jliga resetillst\u00e5nd.   <\/p>\n\n<p>Om resen\u00e4ren \u00e4r medborgare i ett land som \u00e4r medlem i <a href=\"https:\/\/usa-b2.com\/sv\/visa-waiver-program\/\">programmet f\u00f6r viseringsundantag<\/a> \u00e4r det inte n\u00f6dv\u00e4ndigt att ans\u00f6ka om <a href=\"https:\/\/usa-b2.com\/sv\/transitvisering-usa\/\">transitvisering<\/a>. Resen\u00e4rer kan resa genom New York med ESTA-tillst\u00e5nd.<\/p>\n\n<p>Om du inte \u00e4r medborgare i ett land med viseringsundantag m\u00e5ste du <a href=\"https:\/\/usa-b2.com\/sv\/b2-visumformular-online\/\">ans\u00f6ka om ett B2-visum<\/a> innan du planerar en resa med mellanlandning i New York.<\/p>\n\n<h2 class=\"wp-block-heading\" id=\"h-quel-est-le-prix-du-visa-pour-chicago\">Hur mycket kostar det att f\u00e5 visum till New York?<\/h2>\n\n<p><a href=\"https:\/\/usa-b2.com\/sv\/avgifter-b2-visum\/\">Minimiavgiften f\u00f6r ett B2-visum<\/a> f\u00f6r New York \u00e4r 185 USD fr\u00e5n och med 2023. Avgifter m\u00e5ste betalas n\u00e4r du ans\u00f6ker om visum f\u00f6r att validera ans\u00f6kan online. Kvittot p\u00e5 betalningen av avgiften m\u00e5ste bifogas de styrkande handlingarna som en del av <a href=\"https:\/\/usa-b2.com\/sv\/ansokningsforfarande-b2-visum\/\">f\u00f6rfarandet f\u00f6r ans\u00f6kan om B2-visering<\/a>.<\/p>\n\n<h2 class=\"wp-block-heading\" id=\"h-comment-obtenir-un-visa-pour-chicago\">Hur f\u00e5r jag ett visum f\u00f6r New York?<\/h2>\n\n<p>F\u00f6r att f\u00e5 ett B2-visum f\u00f6r resor till New York m\u00e5ste du fylla i <a href=\"https:\/\/www.uscis.gov\/\">USCIS<\/a> <a href=\"https:\/\/usa-b2.com\/sv\/ansokningsforfarande-b2-visum\/\">visumans\u00f6kan<\/a> online. Det slutliga beslutet om att utf\u00e4rda ett visum fattas efter en <a href=\"https:\/\/usa-b2.com\/sv\/visumbokning-usa-ambassad\/\">visumintervju p\u00e5 den amerikanska ambassaden<\/a>.<\/p>\n\n<h2 class=\"wp-block-heading\" id=\"h-faut-il-un-visa-esta-pour-chicago\">Vem kan ans\u00f6ka om ESTA f\u00f6r New York?<\/h2>\n\n<p>Medborgare i l\u00e4nder som \u00e4r medlemmar i USA:s Visa Waiver-program kan <a href=\"https:\/\/usa-b2.com\/sv\/formular-esta-on-line\/\">ans\u00f6ka om ett ESTA<\/a> f\u00f6r New York online. Tiden det tar att f\u00e5 ESTA-tillst\u00e5nd \u00e4r mycket kortare \u00e4n f\u00f6r ett B2-visum fr\u00e5n en <a href=\"https:\/\/usa-b2.com\/sv\/usa-ambassad\/\">amerikansk ambassad<\/a>. <\/p>\n\n<p>ESTA-tillst\u00e5nd f\u00f6r New York \u00e4r giltigt i 2 \u00e5r. Det kan upph\u00f6ra att g\u00e4lla tidigare om det <a href=\"https:\/\/usa-b2.com\/sv\/passresor-usa\/\">pass som anv\u00e4ndes f\u00f6r att resa till USA<\/a> upph\u00f6r att g\u00e4lla inom 2 \u00e5r. Tillst\u00e5ndet \u00e4r kopplat till det pass som anv\u00e4ndes f\u00f6r att erh\u00e5lla det. <\/p>\n\n<p>Ett ESTA ger dig r\u00e4tt att vistas i USA i h\u00f6gst 90 dagar i f\u00f6ljd. Vistelserna p\u00e5 90 dagar kan g\u00f6ras flera g\u00e5nger under <a href=\"https:\/\/usa-b2.com\/sv\/giltighetstid-esta\/\">ESTA:s 2-\u00e5riga giltighetstid<\/a>.  <\/p>\n","protected":false},"excerpt":{"rendered":"<p>Visering via New York f\u00f6r inresa till F\u00f6renta staterna Utl\u00e4ndska resen\u00e4rer som planerar att anl\u00e4nda till New York f\u00f6r att resa till USA m\u00e5ste ha ett giltigt resetillst\u00e5nd. Det finns flera olika typer av resetillst\u00e5nd, beroende p\u00e5 syftet med och l\u00e4ngden p\u00e5 din vistelse i USA. Beh\u00f6ver jag visum f\u00f6r New York? New York \u00e4r [&hellip;]<\/p>\n","protected":false},"author":1,"featured_media":0,"parent":0,"menu_order":0,"comment_status":"closed","ping_status":"closed","template":"","meta":{"footnotes":""},"class_list":["post-1277","page","type-page","status-publish","hentry"],"yoast_head":"<!-- This site is optimized with the Yoast SEO plugin v27.0 - https:\/\/yoast.com\/product\/yoast-seo-wordpress\/ -->\n<title>Skaffa visum till New York i USA - USA B2<\/title>\n<meta name=\"description\" content=\"Hur man f\u00e5r ett visum f\u00f6r att resa till USA n\u00e4r man landar i New York. Det finns flera l\u00f6sningar f\u00f6r resetillst\u00e5nd.\" \/>\n<meta name=\"robots\" content=\"index, follow, max-snippet:-1, max-image-preview:large, max-video-preview:-1\" \/>\n<link rel=\"canonical\" href=\"https:\/\/usa-b2.com\/sv\/visum-for-new-york\/\" \/>\n<meta property=\"og:locale\" content=\"sv_SE\" \/>\n<meta property=\"og:type\" content=\"article\" \/>\n<meta property=\"og:title\" content=\"Skaffa visum till New York i USA - USA B2\" \/>\n<meta property=\"og:description\" content=\"Hur man f\u00e5r ett visum f\u00f6r att resa till USA n\u00e4r man landar i New York. Det finns flera l\u00f6sningar f\u00f6r resetillst\u00e5nd.\" \/>\n<meta property=\"og:url\" content=\"https:\/\/usa-b2.com\/sv\/visum-for-new-york\/\" \/>\n<meta property=\"og:site_name\" content=\"USA B2\" \/>\n<meta property=\"article:modified_time\" content=\"2025-10-14T10:39:54+00:00\" \/>\n<meta name=\"twitter:card\" content=\"summary_large_image\" \/>\n<meta name=\"twitter:label1\" content=\"Ber\u00e4knad l\u00e4stid\" \/>\n\t<meta name=\"twitter:data1\" content=\"3 minuter\" \/>\n<script type=\"application\/ld+json\" class=\"yoast-schema-graph\">{\"@context\":\"https:\/\/schema.org\",\"@graph\":[{\"@type\":\"WebPage\",\"@id\":\"https:\/\/usa-b2.com\/sv\/visum-for-new-york\/\",\"url\":\"https:\/\/usa-b2.com\/sv\/visum-for-new-york\/\",\"name\":\"Skaffa visum till New York i USA - USA B2\",\"isPartOf\":{\"@id\":\"https:\/\/usa-b2.com\/sv\/#website\"},\"datePublished\":\"2024-02-10T17:18:33+00:00\",\"dateModified\":\"2025-10-14T10:39:54+00:00\",\"description\":\"Hur man f\u00e5r ett visum f\u00f6r att resa till USA n\u00e4r man landar i New York. Det finns flera l\u00f6sningar f\u00f6r resetillst\u00e5nd.\",\"breadcrumb\":{\"@id\":\"https:\/\/usa-b2.com\/sv\/visum-for-new-york\/#breadcrumb\"},\"inLanguage\":\"sv-SE\",\"potentialAction\":[{\"@type\":\"ReadAction\",\"target\":[\"https:\/\/usa-b2.com\/sv\/visum-for-new-york\/\"]}]},{\"@type\":\"BreadcrumbList\",\"@id\":\"https:\/\/usa-b2.com\/sv\/visum-for-new-york\/#breadcrumb\",\"itemListElement\":[{\"@type\":\"ListItem\",\"position\":1,\"name\":\"Accueil\",\"item\":\"https:\/\/usa-b2.com\/sv\/roadtrips-usa\/\"},{\"@type\":\"ListItem\",\"position\":2,\"name\":\"Skaffa visum till New York i USA\"}]},{\"@type\":\"WebSite\",\"@id\":\"https:\/\/usa-b2.com\/sv\/#website\",\"url\":\"https:\/\/usa-b2.com\/sv\/\",\"name\":\"USA B2 VISA\",\"description\":\"\",\"potentialAction\":[{\"@type\":\"SearchAction\",\"target\":{\"@type\":\"EntryPoint\",\"urlTemplate\":\"https:\/\/usa-b2.com\/sv\/?s={search_term_string}\"},\"query-input\":{\"@type\":\"PropertyValueSpecification\",\"valueRequired\":true,\"valueName\":\"search_term_string\"}}],\"inLanguage\":\"sv-SE\"}]}<\/script>\n<!-- \/ Yoast SEO plugin. -->","yoast_head_json":{"title":"Skaffa visum till New York i USA - USA B2","description":"Hur man f\u00e5r ett visum f\u00f6r att resa till USA n\u00e4r man landar i New York. Det finns flera l\u00f6sningar f\u00f6r resetillst\u00e5nd.","robots":{"index":"index","follow":"follow","max-snippet":"max-snippet:-1","max-image-preview":"max-image-preview:large","max-video-preview":"max-video-preview:-1"},"canonical":"https:\/\/usa-b2.com\/sv\/visum-for-new-york\/","og_locale":"sv_SE","og_type":"article","og_title":"Skaffa visum till New York i USA - USA B2","og_description":"Hur man f\u00e5r ett visum f\u00f6r att resa till USA n\u00e4r man landar i New York. Det finns flera l\u00f6sningar f\u00f6r resetillst\u00e5nd.","og_url":"https:\/\/usa-b2.com\/sv\/visum-for-new-york\/","og_site_name":"USA B2","article_modified_time":"2025-10-14T10:39:54+00:00","twitter_card":"summary_large_image","twitter_misc":{"Ber\u00e4knad l\u00e4stid":"3 minuter"},"schema":{"@context":"https:\/\/schema.org","@graph":[{"@type":"WebPage","@id":"https:\/\/usa-b2.com\/sv\/visum-for-new-york\/","url":"https:\/\/usa-b2.com\/sv\/visum-for-new-york\/","name":"Skaffa visum till New York i USA - USA B2","isPartOf":{"@id":"https:\/\/usa-b2.com\/sv\/#website"},"datePublished":"2024-02-10T17:18:33+00:00","dateModified":"2025-10-14T10:39:54+00:00","description":"Hur man f\u00e5r ett visum f\u00f6r att resa till USA n\u00e4r man landar i New York. Det finns flera l\u00f6sningar f\u00f6r resetillst\u00e5nd.","breadcrumb":{"@id":"https:\/\/usa-b2.com\/sv\/visum-for-new-york\/#breadcrumb"},"inLanguage":"sv-SE","potentialAction":[{"@type":"ReadAction","target":["https:\/\/usa-b2.com\/sv\/visum-for-new-york\/"]}]},{"@type":"BreadcrumbList","@id":"https:\/\/usa-b2.com\/sv\/visum-for-new-york\/#breadcrumb","itemListElement":[{"@type":"ListItem","position":1,"name":"Accueil","item":"https:\/\/usa-b2.com\/sv\/roadtrips-usa\/"},{"@type":"ListItem","position":2,"name":"Skaffa visum till New York i USA"}]},{"@type":"WebSite","@id":"https:\/\/usa-b2.com\/sv\/#website","url":"https:\/\/usa-b2.com\/sv\/","name":"USA B2 VISA","description":"","potentialAction":[{"@type":"SearchAction","target":{"@type":"EntryPoint","urlTemplate":"https:\/\/usa-b2.com\/sv\/?s={search_term_string}"},"query-input":{"@type":"PropertyValueSpecification","valueRequired":true,"valueName":"search_term_string"}}],"inLanguage":"sv-SE"}]}},"_links":{"self":[{"href":"https:\/\/usa-b2.com\/sv\/wp-json\/wp\/v2\/pages\/1277","targetHints":{"allow":["GET"]}}],"collection":[{"href":"https:\/\/usa-b2.com\/sv\/wp-json\/wp\/v2\/pages"}],"about":[{"href":"https:\/\/usa-b2.com\/sv\/wp-json\/wp\/v2\/types\/page"}],"author":[{"embeddable":true,"href":"https:\/\/usa-b2.com\/sv\/wp-json\/wp\/v2\/users\/1"}],"replies":[{"embeddable":true,"href":"https:\/\/usa-b2.com\/sv\/wp-json\/wp\/v2\/comments?post=1277"}],"version-history":[{"count":2,"href":"https:\/\/usa-b2.com\/sv\/wp-json\/wp\/v2\/pages\/1277\/revisions"}],"predecessor-version":[{"id":10314,"href":"https:\/\/usa-b2.com\/sv\/wp-json\/wp\/v2\/pages\/1277\/revisions\/10314"}],"wp:attachment":[{"href":"https:\/\/usa-b2.com\/sv\/wp-json\/wp\/v2\/media?parent=1277"}],"curies":[{"name":"wp","href":"https:\/\/api.w.org\/{rel}","templated":true}]}}