{"id":1269,"date":"2024-02-10T17:19:29","date_gmt":"2024-02-10T17:19:29","guid":{"rendered":"https:\/\/usa-b2.com\/visum-chicago\/"},"modified":"2025-10-13T12:52:49","modified_gmt":"2025-10-13T12:52:49","slug":"visum-chicago","status":"publish","type":"page","link":"https:\/\/usa-b2.com\/sv\/visum-chicago\/","title":{"rendered":"Inresa till USA med visum till Chicago"},"content":{"rendered":"\n<h1 class=\"wp-block-heading\" id=\"h-visa-chicago-pour-les-usa\">Chicago-visum f\u00f6r resor till USA<\/h1>\n\n<p>Utl\u00e4ndska resen\u00e4rer som planerar att anl\u00e4nda till Chicago f\u00f6r att resa till USA m\u00e5ste ha ett giltigt resetillst\u00e5nd. Det finns flera olika typer av resetillst\u00e5nd, beroende p\u00e5 syftet med och l\u00e4ngden p\u00e5 din vistelse i USA. <\/p>\n\n<h2 class=\"wp-block-heading\" id=\"h-faut-il-un-visa-pour-chicago\">Beh\u00f6ver jag ett visum f\u00f6r Chicago?<\/h2>\n\n<p>Chicago \u00e4r en stor amerikansk stad vid Michigansj\u00f6ns strand. Det \u00e4r ett viktigt turistm\u00e5l i norra USA. Utl\u00e4ndska resen\u00e4rer m\u00e5ste ha ett <a href=\"https:\/\/usa-b2.com\/sv\/visum-b2\/\">B2-visum<\/a> f\u00f6r en turistvistelse p\u00e5 mer \u00e4n 3 m\u00e5nader.  <\/p>\n\n<p><strong>F\u00f6r vistelser p\u00e5 mindre \u00e4n 90 dagar<\/strong>: Det \u00e4r inte n\u00f6dv\u00e4ndigt att ans\u00f6ka om ett b2-visum f\u00f6r Chicago. Allt du beh\u00f6ver g\u00f6ra \u00e4r att ans\u00f6ka om ett resetillst\u00e5nd genom att klicka p\u00e5 <a href=\"https:\/\/usa-b2.com\/sv\/formular-esta-on-line\/\">ESTA:s onlineformul\u00e4r<\/a>. <\/p>\n\n<div style=\"height:10px\" aria-hidden=\"true\" class=\"wp-block-spacer\"><\/div>\n\n<h2 class=\"wp-block-heading\">Vad \u00e4r ett turistvisum f\u00f6r Chicago?<\/h2>\n\n<p>Ett B2 turistvisum f\u00f6r Chicago ger resen\u00e4rer r\u00e4tt att landa i Chicago f\u00f6r en vistelse i USA. Med ett B2-visum kan resen\u00e4rer \u00e5ka p\u00e5 sightseeing eller bes\u00f6ka sl\u00e4ktingar som bor i USA. Visumet \u00e4r giltigt under en inledande period p\u00e5 6 m\u00e5nader.  <\/p>\n\n<h2 class=\"wp-block-heading\">Beh\u00f6ver jag visum f\u00f6r en mellanlandning i Chicago?<\/h2>\n\n<p>F\u00f6r att mellanlanda i Chicago m\u00e5ste resen\u00e4ren ha ett giltigt resetillst\u00e5nd.\nDet finns flera m\u00f6jliga resetillst\u00e5nd.   <\/p>\n\n<p>Om resen\u00e4ren \u00e4r medborgare i ett land som \u00e4r medlem i <a href=\"https:\/\/usa-b2.com\/fr\/visa-waiver-program\/\">programmet f\u00f6r viseringsundantag<\/a> \u00e4r det inte n\u00f6dv\u00e4ndigt att ans\u00f6ka om <a href=\"https:\/\/usa-b2.com\/fr\/visa-transit-usa\/\">transitvisering<\/a>. Resen\u00e4rer kan resa genom Chicago med ESTA-tillst\u00e5nd.<\/p>\n\n<p>Om du inte \u00e4r medborgare i ett viseringsundantagsland m\u00e5ste du <a href=\"https:\/\/usa-b2.com\/fr\/formulaire-visa-b2-en-ligne\/\">ans\u00f6ka om ett B2-visum<\/a> innan du planerar en resa med mellanlandning i Chicago.<\/p>\n\n<h2 class=\"wp-block-heading\" id=\"h-quel-est-le-prix-du-visa-pour-chicago\">Hur mycket kostar det att f\u00e5 visum till Chicago?<\/h2>\n\n<p><a href=\"https:\/\/usa-b2.com\/fr\/frais-visa-b2-usa\/\">Minimiavgiften f\u00f6r ett B2-visum<\/a> f\u00f6r Chicago \u00e4r 185 USD fr\u00e5n och med 2023. Avgifter m\u00e5ste betalas n\u00e4r du ans\u00f6ker om visum f\u00f6r att validera ans\u00f6kan online. Kvittot p\u00e5 betalningen av avgiften m\u00e5ste bifogas de styrkande handlingarna som en del av <a href=\"https:\/\/usa-b2.com\/fr\/procedure-demande-visa-b2\/\">f\u00f6rfarandet f\u00f6r ans\u00f6kan om B2-visering<\/a>.<\/p>\n\n<h2 class=\"wp-block-heading\" id=\"h-comment-obtenir-un-visa-pour-chicago\">Hur f\u00e5r jag ett visum f\u00f6r Chicago?<\/h2>\n\n<p>F\u00f6r att f\u00e5 ett B2-visum f\u00f6r resor till Chicago m\u00e5ste du fylla i <a href=\"https:\/\/www.uscis.gov\/\">USCIS<\/a> <a href=\"https:\/\/usa-b2.com\/fr\/procedure-demande-visa-b2\/\">visumans\u00f6kan<\/a> online. Det slutliga beslutet om att utf\u00e4rda ett visum fattas efter en <a href=\"https:\/\/usa-b2.com\/sv\/visumbokning-usa-ambassad\/\">visumintervju p\u00e5 den amerikanska ambassaden<\/a>.<\/p>\n\n<h2 class=\"wp-block-heading\" id=\"h-faut-il-un-visa-esta-pour-chicago\">Vem kan ans\u00f6ka om ESTA f\u00f6r Chicago?<\/h2>\n\n<p>Medborgare i l\u00e4nder som \u00e4r medlemmar i USA:s Visa Waiver Programme kan <a href=\"https:\/\/usa-b2.com\/sv\/formular-esta-on-line\/\">ans\u00f6ka om ett ESTA<\/a> f\u00f6r Chicago online. Tiden det tar att f\u00e5 ESTA-tillst\u00e5nd \u00e4r mycket kortare \u00e4n f\u00f6r ett B2-visum fr\u00e5n en <a href=\"https:\/\/usa-b2.com\/fr\/ambassade-des-etats-unis\/\">amerikansk ambassad<\/a>. <\/p>\n\n<p>ESTA-tillst\u00e5nd f\u00f6r Chicago \u00e4r giltigt i 2 \u00e5r. Det kan upph\u00f6ra att g\u00e4lla tidigare om det <a href=\"https:\/\/usa-b2.com\/fr\/passeport-pour-voyager-aux-usa\/\">pass som anv\u00e4ndes f\u00f6r att resa till USA<\/a> upph\u00f6r att g\u00e4lla inom 2 \u00e5r. Tillst\u00e5ndet \u00e4r kopplat till det pass som anv\u00e4ndes f\u00f6r att erh\u00e5lla det.  <\/p>\n\n<p>Med ett ESTA f\u00e5r du vistas i USA i h\u00f6gst 90 dagar i f\u00f6ljd.\nVistelser p\u00e5 90 dagar kan g\u00f6ras flera g\u00e5nger under <a href=\"https:\/\/usa-b2.com\/fr\/esta-duree-validite\/\">ESTA:s 2-\u00e5riga giltighetstid<\/a>. <\/p>\n","protected":false},"excerpt":{"rendered":"<p>Chicago-visum f\u00f6r resor till USA Utl\u00e4ndska resen\u00e4rer som planerar att anl\u00e4nda till Chicago f\u00f6r att resa till USA m\u00e5ste ha ett giltigt resetillst\u00e5nd. Det finns flera olika typer av resetillst\u00e5nd, beroende p\u00e5 syftet med och l\u00e4ngden p\u00e5 din vistelse i USA. Beh\u00f6ver jag ett visum f\u00f6r Chicago? Chicago \u00e4r en stor amerikansk stad vid Michigansj\u00f6ns [&hellip;]<\/p>\n","protected":false},"author":1,"featured_media":0,"parent":0,"menu_order":0,"comment_status":"closed","ping_status":"closed","template":"","meta":{"footnotes":""},"class_list":["post-1269","page","type-page","status-publish","hentry"],"yoast_head":"<!-- This site is optimized with the Yoast SEO plugin v27.0 - https:\/\/yoast.com\/product\/yoast-seo-wordpress\/ -->\n<title>Inresa till USA med visum till Chicago - USA B2<\/title>\n<meta name=\"description\" content=\"Hur man f\u00e5r ett amerikanskt visum f\u00f6r att resa till USA n\u00e4r man landar i Chicago f\u00f6r ett turistbes\u00f6k.\" \/>\n<meta name=\"robots\" content=\"index, follow, max-snippet:-1, max-image-preview:large, max-video-preview:-1\" \/>\n<link rel=\"canonical\" href=\"https:\/\/usa-b2.com\/sv\/visum-chicago\/\" \/>\n<meta property=\"og:locale\" content=\"sv_SE\" \/>\n<meta property=\"og:type\" content=\"article\" \/>\n<meta property=\"og:title\" content=\"Inresa till USA med visum till Chicago - USA B2\" \/>\n<meta property=\"og:description\" content=\"Hur man f\u00e5r ett amerikanskt visum f\u00f6r att resa till USA n\u00e4r man landar i Chicago f\u00f6r ett turistbes\u00f6k.\" \/>\n<meta property=\"og:url\" content=\"https:\/\/usa-b2.com\/sv\/visum-chicago\/\" \/>\n<meta property=\"og:site_name\" content=\"USA B2\" \/>\n<meta property=\"article:modified_time\" content=\"2025-10-13T12:52:49+00:00\" \/>\n<meta name=\"twitter:card\" content=\"summary_large_image\" \/>\n<meta name=\"twitter:label1\" content=\"Ber\u00e4knad l\u00e4stid\" \/>\n\t<meta name=\"twitter:data1\" content=\"3 minuter\" \/>\n<script type=\"application\/ld+json\" class=\"yoast-schema-graph\">{\"@context\":\"https:\/\/schema.org\",\"@graph\":[{\"@type\":\"WebPage\",\"@id\":\"https:\/\/usa-b2.com\/sv\/visum-chicago\/\",\"url\":\"https:\/\/usa-b2.com\/sv\/visum-chicago\/\",\"name\":\"Inresa till USA med visum till Chicago - USA B2\",\"isPartOf\":{\"@id\":\"https:\/\/usa-b2.com\/sv\/#website\"},\"datePublished\":\"2024-02-10T17:19:29+00:00\",\"dateModified\":\"2025-10-13T12:52:49+00:00\",\"description\":\"Hur man f\u00e5r ett amerikanskt visum f\u00f6r att resa till USA n\u00e4r man landar i Chicago f\u00f6r ett turistbes\u00f6k.\",\"breadcrumb\":{\"@id\":\"https:\/\/usa-b2.com\/sv\/visum-chicago\/#breadcrumb\"},\"inLanguage\":\"sv-SE\",\"potentialAction\":[{\"@type\":\"ReadAction\",\"target\":[\"https:\/\/usa-b2.com\/sv\/visum-chicago\/\"]}]},{\"@type\":\"BreadcrumbList\",\"@id\":\"https:\/\/usa-b2.com\/sv\/visum-chicago\/#breadcrumb\",\"itemListElement\":[{\"@type\":\"ListItem\",\"position\":1,\"name\":\"Accueil\",\"item\":\"https:\/\/usa-b2.com\/sv\/roadtrips-usa\/\"},{\"@type\":\"ListItem\",\"position\":2,\"name\":\"Inresa till USA med visum till Chicago\"}]},{\"@type\":\"WebSite\",\"@id\":\"https:\/\/usa-b2.com\/sv\/#website\",\"url\":\"https:\/\/usa-b2.com\/sv\/\",\"name\":\"USA B2 VISA\",\"description\":\"\",\"potentialAction\":[{\"@type\":\"SearchAction\",\"target\":{\"@type\":\"EntryPoint\",\"urlTemplate\":\"https:\/\/usa-b2.com\/sv\/?s={search_term_string}\"},\"query-input\":{\"@type\":\"PropertyValueSpecification\",\"valueRequired\":true,\"valueName\":\"search_term_string\"}}],\"inLanguage\":\"sv-SE\"}]}<\/script>\n<!-- \/ Yoast SEO plugin. -->","yoast_head_json":{"title":"Inresa till USA med visum till Chicago - USA B2","description":"Hur man f\u00e5r ett amerikanskt visum f\u00f6r att resa till USA n\u00e4r man landar i Chicago f\u00f6r ett turistbes\u00f6k.","robots":{"index":"index","follow":"follow","max-snippet":"max-snippet:-1","max-image-preview":"max-image-preview:large","max-video-preview":"max-video-preview:-1"},"canonical":"https:\/\/usa-b2.com\/sv\/visum-chicago\/","og_locale":"sv_SE","og_type":"article","og_title":"Inresa till USA med visum till Chicago - USA B2","og_description":"Hur man f\u00e5r ett amerikanskt visum f\u00f6r att resa till USA n\u00e4r man landar i Chicago f\u00f6r ett turistbes\u00f6k.","og_url":"https:\/\/usa-b2.com\/sv\/visum-chicago\/","og_site_name":"USA B2","article_modified_time":"2025-10-13T12:52:49+00:00","twitter_card":"summary_large_image","twitter_misc":{"Ber\u00e4knad l\u00e4stid":"3 minuter"},"schema":{"@context":"https:\/\/schema.org","@graph":[{"@type":"WebPage","@id":"https:\/\/usa-b2.com\/sv\/visum-chicago\/","url":"https:\/\/usa-b2.com\/sv\/visum-chicago\/","name":"Inresa till USA med visum till Chicago - USA B2","isPartOf":{"@id":"https:\/\/usa-b2.com\/sv\/#website"},"datePublished":"2024-02-10T17:19:29+00:00","dateModified":"2025-10-13T12:52:49+00:00","description":"Hur man f\u00e5r ett amerikanskt visum f\u00f6r att resa till USA n\u00e4r man landar i Chicago f\u00f6r ett turistbes\u00f6k.","breadcrumb":{"@id":"https:\/\/usa-b2.com\/sv\/visum-chicago\/#breadcrumb"},"inLanguage":"sv-SE","potentialAction":[{"@type":"ReadAction","target":["https:\/\/usa-b2.com\/sv\/visum-chicago\/"]}]},{"@type":"BreadcrumbList","@id":"https:\/\/usa-b2.com\/sv\/visum-chicago\/#breadcrumb","itemListElement":[{"@type":"ListItem","position":1,"name":"Accueil","item":"https:\/\/usa-b2.com\/sv\/roadtrips-usa\/"},{"@type":"ListItem","position":2,"name":"Inresa till USA med visum till Chicago"}]},{"@type":"WebSite","@id":"https:\/\/usa-b2.com\/sv\/#website","url":"https:\/\/usa-b2.com\/sv\/","name":"USA B2 VISA","description":"","potentialAction":[{"@type":"SearchAction","target":{"@type":"EntryPoint","urlTemplate":"https:\/\/usa-b2.com\/sv\/?s={search_term_string}"},"query-input":{"@type":"PropertyValueSpecification","valueRequired":true,"valueName":"search_term_string"}}],"inLanguage":"sv-SE"}]}},"_links":{"self":[{"href":"https:\/\/usa-b2.com\/sv\/wp-json\/wp\/v2\/pages\/1269","targetHints":{"allow":["GET"]}}],"collection":[{"href":"https:\/\/usa-b2.com\/sv\/wp-json\/wp\/v2\/pages"}],"about":[{"href":"https:\/\/usa-b2.com\/sv\/wp-json\/wp\/v2\/types\/page"}],"author":[{"embeddable":true,"href":"https:\/\/usa-b2.com\/sv\/wp-json\/wp\/v2\/users\/1"}],"replies":[{"embeddable":true,"href":"https:\/\/usa-b2.com\/sv\/wp-json\/wp\/v2\/comments?post=1269"}],"version-history":[{"count":2,"href":"https:\/\/usa-b2.com\/sv\/wp-json\/wp\/v2\/pages\/1269\/revisions"}],"predecessor-version":[{"id":10006,"href":"https:\/\/usa-b2.com\/sv\/wp-json\/wp\/v2\/pages\/1269\/revisions\/10006"}],"wp:attachment":[{"href":"https:\/\/usa-b2.com\/sv\/wp-json\/wp\/v2\/media?parent=1269"}],"curies":[{"name":"wp","href":"https:\/\/api.w.org\/{rel}","templated":true}]}}