{"id":1114,"date":"2024-02-10T17:14:25","date_gmt":"2024-02-10T17:14:25","guid":{"rendered":"https:\/\/usa-b2.com\/avgifter-b2-visum\/"},"modified":"2025-10-14T10:18:59","modified_gmt":"2025-10-14T10:18:59","slug":"avgifter-b2-visum","status":"publish","type":"page","link":"https:\/\/usa-b2.com\/sv\/avgifter-b2-visum\/","title":{"rendered":"Avgifter f\u00f6r amerikanskt B2-visum"},"content":{"rendered":"\n<h1 class=\"wp-block-heading\">Hur mycket kostar ett B2-visum?<\/h1>\n\n<p>Vid ans\u00f6kan om ett B2-visum m\u00e5ste den s\u00f6kande betala en administrativ avgift f\u00f6r att validera sin ans\u00f6kan. Betalning av avgiften \u00e4r obligatorisk och sker innan viseringsans\u00f6kan behandlas. <\/p>\n\n<p><strong>F\u00f6r en vistelse p\u00e5 mindre \u00e4n 90 dagar i USA<\/strong> : Det \u00e4r inte n\u00f6dv\u00e4ndigt att ans\u00f6ka om visum. Du kan ans\u00f6ka om ett elektroniskt resetillst\u00e5nd p\u00e5 bara n\u00e5gra minuter genom att klicka p\u00e5 <a href=\"https:\/\/usa-b2.com\/sv\/formular-esta-on-line\/\">ESTA-onlineformul\u00e4ret<\/a>.<\/p>\n\n<div style=\"height:10px\" aria-hidden=\"true\" class=\"wp-block-spacer\"><\/div>\n\n<h2 class=\"wp-block-heading\" id=\"h-qui-est-concerne-par-ces-frais\">Vem betalar kostnaderna?<\/h2>\n\n<p>Avgifterna f\u00f6r att ans\u00f6ka om visum till USA g\u00e4ller f\u00f6r alla utl\u00e4ndska medborgare som vill bes\u00f6ka USA, oavsett \u00e5lder. Denna avgift \u00e4r inte \u00e5terbetalningsbar och ska betalas innan viseringsans\u00f6kan behandlas. <\/p>\n\n<h2 class=\"wp-block-heading\">N\u00e4r m\u00e5ste jag betala visumavgiften?<\/h2>\n\n<p>Betalning av viseringsavgiften kr\u00e4vs n\u00e4r den s\u00f6kande har fyllt i <a href=\"https:\/\/usa-b2.com\/sv\/ds-160\/\">ans\u00f6kningsformul\u00e4ret f\u00f6r DS 160-visering<\/a>. Betalningen av avgiften validerar viseringsans\u00f6kan och inleder den administrativa behandlingen. <\/p>\n\n<h2 class=\"wp-block-heading\" id=\"h-montant-des-frais-pour-une-demande-de-visa-usa\">Hur stora \u00e4r avgifterna?<\/h2>\n\n<p>Avgiften f\u00f6r att validera en <a href=\"https:\/\/usa-b2.com\/sv\/visum-b2\/\">B2-visumans\u00f6kan<\/a> \u00e4r 185 USD. Detta belopp fastst\u00e4lls av USA:s utrikesdepartement och uppdateras regelbundet. Mer detaljerad information finns p\u00e5 <a href=\"https:\/\/travel.state.gov\/content\/travel\/en\/us-visas\/visa-information-resources\/fees\/fees-visa-services.html\">denna sida<\/a>.<\/p>\n\n<h2 class=\"wp-block-heading\" id=\"h-comment-payer-les-frais-de-visa\">Hur betalar jag f\u00f6r min visering?<\/h2>\n\n<h3 class=\"wp-block-heading\" id=\"h-paiement-des-frais-par-virement-bancaire\">Betalning av avgifter med kreditkort<\/h3>\n\n<p>S\u00f6kande kan betala viseringsavgiften direkt online med kreditkort. Beloppet \u00e4r uttryckt i dollar men konverteras automatiskt till den lokala valutan av banken. <\/p>\n\n<h3 class=\"wp-block-heading\" id=\"h-paiement-des-frais-par-virement-bancaire\">Betalning av avgifter via bank\u00f6verf\u00f6ring<\/h3>\n\n<p>S\u00f6kande kan ocks\u00e5 betala viseringsavgiften via bank\u00f6verf\u00f6ring. Avgifterna anges i dollar och flera andra lokala valutor. Den v\u00e4xelkurs som anv\u00e4nds fastst\u00e4lls av USA:s utrikesdepartement.  <\/p>\n\n<h3 class=\"wp-block-heading\" id=\"h-paiement-en-cash-avec-un-bordereau-de-depot\">Betalning med inbetalningskort<\/h3>\n\n<p>S\u00f6kande kan ocks\u00e5 betala viseringsavgiften kontant. Du m\u00e5ste g\u00f6ra en monet\u00e4r ins\u00e4ttning i en bank som \u00e4r ackrediterad av USA. I utbyte f\u00e5r de ett inbetalningskort som bevis p\u00e5 att de har betalat avgifterna.  <\/p>\n\n<h2 class=\"wp-block-heading\" id=\"h-limitations-liees-au-paiement-des-frais-de-visa\">\u00c5terbetalning av erlagda avgifter vid avslag p\u00e5 viseringsans\u00f6kan<\/h2>\n\n<p>Det \u00e4r inte m\u00f6jligt att \u00e5terbetala erlagda viseringsavgifter, oavsett utg\u00e5ngen av ans\u00f6kan.<\/p>\n\n<p>Betalning av avgiften \u00e4r inte heller \u00f6verf\u00f6rbar till en annan s\u00f6kande f\u00f6r en annan B2-visumans\u00f6kan. Det kan inte anv\u00e4ndas eller \u00f6verf\u00f6ras f\u00f6r en annan visumans\u00f6kan.<\/p>\n\n<p>Om du inte anv\u00e4nder kvittot p\u00e5 1 \u00e5r g\u00e5r de inbetalda avgifterna f\u00f6rlorade. Du kommer inte l\u00e4ngre att kunna anv\u00e4nda kvittot f\u00f6r att motivera betalningen av avgiften och du kommer inte att kunna f\u00e5 en <a href=\"https:\/\/usa-b2.com\/sv\/visumbokning-usa-ambassad\/\">visumtid p\u00e5 ambassaden<\/a> med detta ogiltiga kvitto. Din oanv\u00e4nda f\u00f6rsta betalning kommer d\u00e4rf\u00f6r att annulleras. Betalning av denna avgift \u00e5terbetalas inte av n\u00e5gon som helst anledning.<\/p>\n\n<h2 class=\"wp-block-heading\">Viseringens giltighetstid Avgiftsbetalning<\/h2>\n\n<p>Kandidaten f\u00e5r ett numrerat kvitto n\u00e4r avgiften \u00e4r betald. Detta betalningscertifikat \u00e4r giltigt i 1 \u00e5r. S\u00f6kande m\u00e5ste d\u00e4rf\u00f6r boka tid p\u00e5 den amerikanska ambassaden f\u00f6r sin intervju inom den 1-\u00e5riga giltighetsperioden f\u00f6r betalningen.  <\/p>\n","protected":false},"excerpt":{"rendered":"<p>Hur mycket kostar ett B2-visum? Vid ans\u00f6kan om ett B2-visum m\u00e5ste den s\u00f6kande betala en administrativ avgift f\u00f6r att validera sin ans\u00f6kan. Betalning av avgiften \u00e4r obligatorisk och sker innan viseringsans\u00f6kan behandlas. F\u00f6r en vistelse p\u00e5 mindre \u00e4n 90 dagar i USA : Det \u00e4r inte n\u00f6dv\u00e4ndigt att ans\u00f6ka om visum. Du kan ans\u00f6ka om [&hellip;]<\/p>\n","protected":false},"author":1,"featured_media":0,"parent":0,"menu_order":0,"comment_status":"closed","ping_status":"closed","template":"","meta":{"footnotes":""},"class_list":["post-1114","page","type-page","status-publish","hentry"],"yoast_head":"<!-- This site is optimized with the Yoast SEO plugin v27.4 - https:\/\/yoast.com\/product\/yoast-seo-wordpress\/ -->\n<title>Avgifter f\u00f6r amerikanskt B2-visum - USA B2<\/title>\n<meta name=\"description\" content=\"Hur mycket m\u00e5ste jag betala online f\u00f6r ett amerikanskt turistvisum B2?\" \/>\n<meta name=\"robots\" content=\"index, follow, max-snippet:-1, max-image-preview:large, max-video-preview:-1\" \/>\n<link rel=\"canonical\" href=\"https:\/\/usa-b2.com\/sv\/avgifter-b2-visum\/\" \/>\n<meta property=\"og:locale\" content=\"sv_SE\" \/>\n<meta property=\"og:type\" content=\"article\" \/>\n<meta property=\"og:title\" content=\"Avgifter f\u00f6r amerikanskt B2-visum - USA B2\" \/>\n<meta property=\"og:description\" content=\"Hur mycket m\u00e5ste jag betala online f\u00f6r ett amerikanskt turistvisum B2?\" \/>\n<meta property=\"og:url\" content=\"https:\/\/usa-b2.com\/sv\/avgifter-b2-visum\/\" \/>\n<meta property=\"og:site_name\" content=\"USA B2\" \/>\n<meta property=\"article:modified_time\" content=\"2025-10-14T10:18:59+00:00\" \/>\n<meta name=\"twitter:card\" content=\"summary_large_image\" \/>\n<meta name=\"twitter:label1\" content=\"Ber\u00e4knad l\u00e4stid\" \/>\n\t<meta name=\"twitter:data1\" content=\"2 minuter\" \/>\n<script type=\"application\/ld+json\" class=\"yoast-schema-graph\">{\"@context\":\"https:\\\/\\\/schema.org\",\"@graph\":[{\"@type\":\"WebPage\",\"@id\":\"https:\\\/\\\/usa-b2.com\\\/sv\\\/avgifter-b2-visum\\\/\",\"url\":\"https:\\\/\\\/usa-b2.com\\\/sv\\\/avgifter-b2-visum\\\/\",\"name\":\"Avgifter f\u00f6r amerikanskt B2-visum - USA B2\",\"isPartOf\":{\"@id\":\"https:\\\/\\\/usa-b2.com\\\/sv\\\/#website\"},\"datePublished\":\"2024-02-10T17:14:25+00:00\",\"dateModified\":\"2025-10-14T10:18:59+00:00\",\"description\":\"Hur mycket m\u00e5ste jag betala online f\u00f6r ett amerikanskt turistvisum B2?\",\"breadcrumb\":{\"@id\":\"https:\\\/\\\/usa-b2.com\\\/sv\\\/avgifter-b2-visum\\\/#breadcrumb\"},\"inLanguage\":\"sv-SE\",\"potentialAction\":[{\"@type\":\"ReadAction\",\"target\":[\"https:\\\/\\\/usa-b2.com\\\/sv\\\/avgifter-b2-visum\\\/\"]}]},{\"@type\":\"BreadcrumbList\",\"@id\":\"https:\\\/\\\/usa-b2.com\\\/sv\\\/avgifter-b2-visum\\\/#breadcrumb\",\"itemListElement\":[{\"@type\":\"ListItem\",\"position\":1,\"name\":\"Accueil\",\"item\":\"https:\\\/\\\/usa-b2.com\\\/sv\\\/usa\\\/\"},{\"@type\":\"ListItem\",\"position\":2,\"name\":\"Avgifter f\u00f6r amerikanskt B2-visum\"}]},{\"@type\":\"WebSite\",\"@id\":\"https:\\\/\\\/usa-b2.com\\\/sv\\\/#website\",\"url\":\"https:\\\/\\\/usa-b2.com\\\/sv\\\/\",\"name\":\"USA B2 VISA\",\"description\":\"\",\"potentialAction\":[{\"@type\":\"SearchAction\",\"target\":{\"@type\":\"EntryPoint\",\"urlTemplate\":\"https:\\\/\\\/usa-b2.com\\\/sv\\\/?s={search_term_string}\"},\"query-input\":{\"@type\":\"PropertyValueSpecification\",\"valueRequired\":true,\"valueName\":\"search_term_string\"}}],\"inLanguage\":\"sv-SE\"}]}<\/script>\n<!-- \/ Yoast SEO plugin. -->","yoast_head_json":{"title":"Avgifter f\u00f6r amerikanskt B2-visum - USA B2","description":"Hur mycket m\u00e5ste jag betala online f\u00f6r ett amerikanskt turistvisum B2?","robots":{"index":"index","follow":"follow","max-snippet":"max-snippet:-1","max-image-preview":"max-image-preview:large","max-video-preview":"max-video-preview:-1"},"canonical":"https:\/\/usa-b2.com\/sv\/avgifter-b2-visum\/","og_locale":"sv_SE","og_type":"article","og_title":"Avgifter f\u00f6r amerikanskt B2-visum - USA B2","og_description":"Hur mycket m\u00e5ste jag betala online f\u00f6r ett amerikanskt turistvisum B2?","og_url":"https:\/\/usa-b2.com\/sv\/avgifter-b2-visum\/","og_site_name":"USA B2","article_modified_time":"2025-10-14T10:18:59+00:00","twitter_card":"summary_large_image","twitter_misc":{"Ber\u00e4knad l\u00e4stid":"2 minuter"},"schema":{"@context":"https:\/\/schema.org","@graph":[{"@type":"WebPage","@id":"https:\/\/usa-b2.com\/sv\/avgifter-b2-visum\/","url":"https:\/\/usa-b2.com\/sv\/avgifter-b2-visum\/","name":"Avgifter f\u00f6r amerikanskt B2-visum - USA B2","isPartOf":{"@id":"https:\/\/usa-b2.com\/sv\/#website"},"datePublished":"2024-02-10T17:14:25+00:00","dateModified":"2025-10-14T10:18:59+00:00","description":"Hur mycket m\u00e5ste jag betala online f\u00f6r ett amerikanskt turistvisum B2?","breadcrumb":{"@id":"https:\/\/usa-b2.com\/sv\/avgifter-b2-visum\/#breadcrumb"},"inLanguage":"sv-SE","potentialAction":[{"@type":"ReadAction","target":["https:\/\/usa-b2.com\/sv\/avgifter-b2-visum\/"]}]},{"@type":"BreadcrumbList","@id":"https:\/\/usa-b2.com\/sv\/avgifter-b2-visum\/#breadcrumb","itemListElement":[{"@type":"ListItem","position":1,"name":"Accueil","item":"https:\/\/usa-b2.com\/sv\/usa\/"},{"@type":"ListItem","position":2,"name":"Avgifter f\u00f6r amerikanskt B2-visum"}]},{"@type":"WebSite","@id":"https:\/\/usa-b2.com\/sv\/#website","url":"https:\/\/usa-b2.com\/sv\/","name":"USA B2 VISA","description":"","potentialAction":[{"@type":"SearchAction","target":{"@type":"EntryPoint","urlTemplate":"https:\/\/usa-b2.com\/sv\/?s={search_term_string}"},"query-input":{"@type":"PropertyValueSpecification","valueRequired":true,"valueName":"search_term_string"}}],"inLanguage":"sv-SE"}]}},"_links":{"self":[{"href":"https:\/\/usa-b2.com\/sv\/wp-json\/wp\/v2\/pages\/1114","targetHints":{"allow":["GET"]}}],"collection":[{"href":"https:\/\/usa-b2.com\/sv\/wp-json\/wp\/v2\/pages"}],"about":[{"href":"https:\/\/usa-b2.com\/sv\/wp-json\/wp\/v2\/types\/page"}],"author":[{"embeddable":true,"href":"https:\/\/usa-b2.com\/sv\/wp-json\/wp\/v2\/users\/1"}],"replies":[{"embeddable":true,"href":"https:\/\/usa-b2.com\/sv\/wp-json\/wp\/v2\/comments?post=1114"}],"version-history":[{"count":2,"href":"https:\/\/usa-b2.com\/sv\/wp-json\/wp\/v2\/pages\/1114\/revisions"}],"predecessor-version":[{"id":10225,"href":"https:\/\/usa-b2.com\/sv\/wp-json\/wp\/v2\/pages\/1114\/revisions\/10225"}],"wp:attachment":[{"href":"https:\/\/usa-b2.com\/sv\/wp-json\/wp\/v2\/media?parent=1114"}],"curies":[{"name":"wp","href":"https:\/\/api.w.org\/{rel}","templated":true}]}}