{"id":1028,"date":"2024-02-19T17:16:58","date_gmt":"2024-02-19T17:16:58","guid":{"rendered":"https:\/\/usa-b2.com\/integritetspolicy\/"},"modified":"2025-02-06T10:09:36","modified_gmt":"2025-02-06T10:09:36","slug":"integritetspolicy","status":"publish","type":"page","link":"https:\/\/usa-b2.com\/sv\/integritetspolicy\/","title":{"rendered":"Integritetspolicy"},"content":{"rendered":"\n<h1 class=\"wp-block-heading\">V\u00e5r integritetspolicy<\/h1>\n\n<p>usa-b2.com \u00e4r en informationswebbplats om m\u00f6jliga roadtrips i USA. Webbplatsen erbjuder inga onlinetj\u00e4nster. Det enda formul\u00e4ret p\u00e5 webbplatsen \u00e4r <a href=\"https:\/\/usa-b2.com\/sv\/contact\/\">kontaktformul\u00e4ret<\/a>.<\/p>\n\n<h2 class=\"wp-block-heading\">Insamling av information p\u00e5 webbplatsen<\/h2>\n\n<p>H\u00e4r \u00e4r listan \u00f6ver personuppgifter som kan samlas in p\u00e5 v\u00e5r webbplats:<\/p>\n\n<ul class=\"wp-block-list\">\n<li>Information om din dator, och d\u00e4rmed din IP-adress, din plats, din webbl\u00e4sare, ditt operativsystem;<\/li>\n\n\n\n<li>Kontaktinformation n\u00e4r du skickar ett e-postmeddelande till v\u00e5rt supportteam s\u00e5som ditt namn, f\u00f6rnamn, e-post. Informationen som finns i de e-postmeddelanden som du skickar till oss.<\/li>\n<\/ul>\n\n<h2 class=\"wp-block-heading\">Anv\u00e4ndning av insamlad data<\/h2>\n\n<p>Under inga omst\u00e4ndigheter l\u00e4mnar vi din personliga information till tredje part. Vi anv\u00e4nder inte de insamlade uppgifterna f\u00f6r direkt marknadsf\u00f6ring eller kommersiella \u00e4ndam\u00e5l.<\/p>\n\n<h2 class=\"wp-block-heading\">Datalagringsperiod<\/h2>\n\n<p>De insamlade uppgifterna raderas regelbundet, vilket inneb\u00e4r att vi inte beh\u00e5ller n\u00e5got e-postinneh\u00e5ll som skickats till oss l\u00e4ngre \u00e4n en m\u00e5nad. Vi anv\u00e4nder inte webbl\u00e4saruppgifter f\u00f6r marknadsf\u00f6rings\u00e4ndam\u00e5l.<\/p>\n\n<h2 class=\"wp-block-heading\">Dina r\u00e4ttigheter ang\u00e5ende personuppgifter<\/h2>\n\n<p>Du har r\u00e4tt att be oss att l\u00e4mna vidare all personlig information som vi har om dig, vilket kan ske mot uppvisande av bevis p\u00e5 din identitet (bestyrkt fotokopia av pass + faktura som visar din hemadress).<\/p>\n\n<h2 class=\"wp-block-heading\">Uppdatering av denna integritetspolicy<\/h2>\n\n<p>Regelbundet uppdaterar vi denna policy. Det \u00e4r n\u00f6dv\u00e4ndigt att kontrollera denna sida n\u00e4r du anv\u00e4nder webbplatsen f\u00f6r att se om det finns \u00e4ndringar i sekretesspolicyn.<\/p>\n\n<h2 class=\"wp-block-heading\">Kontextuella l\u00e4nkar till tredje parts webbplatser<\/h2>\n\n<p>V\u00e5r webbplats inneh\u00e5ller hyperl\u00e4nkar till webbplatser som tillh\u00f6r tredje part. Vi har ingen kontroll \u00f6ver dessa webbplatser och \u00e4r inte ansvariga f\u00f6r deras integritetspolicy eller deras aff\u00e4rs- eller marknadsf\u00f6ringsmetoder.<\/p>\n\n<p><\/p>\n","protected":false},"excerpt":{"rendered":"<p>V\u00e5r integritetspolicy usa-b2.com \u00e4r en informationswebbplats om m\u00f6jliga roadtrips i USA. Webbplatsen erbjuder inga onlinetj\u00e4nster. Det enda formul\u00e4ret p\u00e5 webbplatsen \u00e4r kontaktformul\u00e4ret. Insamling av information p\u00e5 webbplatsen H\u00e4r \u00e4r listan \u00f6ver personuppgifter som kan samlas in p\u00e5 v\u00e5r webbplats: Anv\u00e4ndning av insamlad data Under inga omst\u00e4ndigheter l\u00e4mnar vi din personliga information till tredje part. Vi [&hellip;]<\/p>\n","protected":false},"author":1,"featured_media":0,"parent":0,"menu_order":0,"comment_status":"closed","ping_status":"closed","template":"","meta":{"footnotes":""},"class_list":["post-1028","page","type-page","status-publish","hentry"],"yoast_head":"<!-- This site is optimized with the Yoast SEO plugin v27.4 - https:\/\/yoast.com\/product\/yoast-seo-wordpress\/ -->\n<title>Integritetspolicy - USA B2<\/title>\n<meta name=\"description\" content=\"Integritetspolicy f\u00f6r webbplatsen usa-b2.com\" \/>\n<meta name=\"robots\" content=\"noindex, nofollow\" \/>\n<meta property=\"og:locale\" content=\"sv_SE\" \/>\n<meta property=\"og:type\" content=\"article\" \/>\n<meta property=\"og:title\" content=\"Integritetspolicy - USA B2\" \/>\n<meta property=\"og:description\" content=\"Integritetspolicy f\u00f6r webbplatsen usa-b2.com\" \/>\n<meta property=\"og:url\" content=\"https:\/\/usa-b2.com\/sv\/integritetspolicy\/\" \/>\n<meta property=\"og:site_name\" content=\"USA B2\" \/>\n<meta property=\"article:modified_time\" content=\"2025-02-06T10:09:36+00:00\" \/>\n<meta name=\"twitter:card\" content=\"summary_large_image\" \/>\n<meta name=\"twitter:label1\" content=\"Ber\u00e4knad l\u00e4stid\" \/>\n\t<meta name=\"twitter:data1\" content=\"1 minut\" \/>\n<script type=\"application\/ld+json\" class=\"yoast-schema-graph\">{\"@context\":\"https:\\\/\\\/schema.org\",\"@graph\":[{\"@type\":\"WebPage\",\"@id\":\"https:\\\/\\\/usa-b2.com\\\/sv\\\/integritetspolicy\\\/\",\"url\":\"https:\\\/\\\/usa-b2.com\\\/sv\\\/integritetspolicy\\\/\",\"name\":\"Integritetspolicy - USA B2\",\"isPartOf\":{\"@id\":\"https:\\\/\\\/usa-b2.com\\\/sv\\\/#website\"},\"datePublished\":\"2024-02-19T17:16:58+00:00\",\"dateModified\":\"2025-02-06T10:09:36+00:00\",\"description\":\"Integritetspolicy f\u00f6r webbplatsen usa-b2.com\",\"breadcrumb\":{\"@id\":\"https:\\\/\\\/usa-b2.com\\\/sv\\\/integritetspolicy\\\/#breadcrumb\"},\"inLanguage\":\"sv-SE\",\"potentialAction\":[{\"@type\":\"ReadAction\",\"target\":[\"https:\\\/\\\/usa-b2.com\\\/sv\\\/integritetspolicy\\\/\"]}]},{\"@type\":\"BreadcrumbList\",\"@id\":\"https:\\\/\\\/usa-b2.com\\\/sv\\\/integritetspolicy\\\/#breadcrumb\",\"itemListElement\":[{\"@type\":\"ListItem\",\"position\":1,\"name\":\"Accueil\",\"item\":\"https:\\\/\\\/usa-b2.com\\\/sv\\\/usa\\\/\"},{\"@type\":\"ListItem\",\"position\":2,\"name\":\"Integritetspolicy\"}]},{\"@type\":\"WebSite\",\"@id\":\"https:\\\/\\\/usa-b2.com\\\/sv\\\/#website\",\"url\":\"https:\\\/\\\/usa-b2.com\\\/sv\\\/\",\"name\":\"USA B2 VISA\",\"description\":\"\",\"potentialAction\":[{\"@type\":\"SearchAction\",\"target\":{\"@type\":\"EntryPoint\",\"urlTemplate\":\"https:\\\/\\\/usa-b2.com\\\/sv\\\/?s={search_term_string}\"},\"query-input\":{\"@type\":\"PropertyValueSpecification\",\"valueRequired\":true,\"valueName\":\"search_term_string\"}}],\"inLanguage\":\"sv-SE\"}]}<\/script>\n<!-- \/ Yoast SEO plugin. -->","yoast_head_json":{"title":"Integritetspolicy - USA B2","description":"Integritetspolicy f\u00f6r webbplatsen usa-b2.com","robots":{"index":"noindex","follow":"nofollow"},"og_locale":"sv_SE","og_type":"article","og_title":"Integritetspolicy - USA B2","og_description":"Integritetspolicy f\u00f6r webbplatsen usa-b2.com","og_url":"https:\/\/usa-b2.com\/sv\/integritetspolicy\/","og_site_name":"USA B2","article_modified_time":"2025-02-06T10:09:36+00:00","twitter_card":"summary_large_image","twitter_misc":{"Ber\u00e4knad l\u00e4stid":"1 minut"},"schema":{"@context":"https:\/\/schema.org","@graph":[{"@type":"WebPage","@id":"https:\/\/usa-b2.com\/sv\/integritetspolicy\/","url":"https:\/\/usa-b2.com\/sv\/integritetspolicy\/","name":"Integritetspolicy - USA B2","isPartOf":{"@id":"https:\/\/usa-b2.com\/sv\/#website"},"datePublished":"2024-02-19T17:16:58+00:00","dateModified":"2025-02-06T10:09:36+00:00","description":"Integritetspolicy f\u00f6r webbplatsen usa-b2.com","breadcrumb":{"@id":"https:\/\/usa-b2.com\/sv\/integritetspolicy\/#breadcrumb"},"inLanguage":"sv-SE","potentialAction":[{"@type":"ReadAction","target":["https:\/\/usa-b2.com\/sv\/integritetspolicy\/"]}]},{"@type":"BreadcrumbList","@id":"https:\/\/usa-b2.com\/sv\/integritetspolicy\/#breadcrumb","itemListElement":[{"@type":"ListItem","position":1,"name":"Accueil","item":"https:\/\/usa-b2.com\/sv\/usa\/"},{"@type":"ListItem","position":2,"name":"Integritetspolicy"}]},{"@type":"WebSite","@id":"https:\/\/usa-b2.com\/sv\/#website","url":"https:\/\/usa-b2.com\/sv\/","name":"USA B2 VISA","description":"","potentialAction":[{"@type":"SearchAction","target":{"@type":"EntryPoint","urlTemplate":"https:\/\/usa-b2.com\/sv\/?s={search_term_string}"},"query-input":{"@type":"PropertyValueSpecification","valueRequired":true,"valueName":"search_term_string"}}],"inLanguage":"sv-SE"}]}},"_links":{"self":[{"href":"https:\/\/usa-b2.com\/sv\/wp-json\/wp\/v2\/pages\/1028","targetHints":{"allow":["GET"]}}],"collection":[{"href":"https:\/\/usa-b2.com\/sv\/wp-json\/wp\/v2\/pages"}],"about":[{"href":"https:\/\/usa-b2.com\/sv\/wp-json\/wp\/v2\/types\/page"}],"author":[{"embeddable":true,"href":"https:\/\/usa-b2.com\/sv\/wp-json\/wp\/v2\/users\/1"}],"replies":[{"embeddable":true,"href":"https:\/\/usa-b2.com\/sv\/wp-json\/wp\/v2\/comments?post=1028"}],"version-history":[{"count":0,"href":"https:\/\/usa-b2.com\/sv\/wp-json\/wp\/v2\/pages\/1028\/revisions"}],"wp:attachment":[{"href":"https:\/\/usa-b2.com\/sv\/wp-json\/wp\/v2\/media?parent=1028"}],"curies":[{"name":"wp","href":"https:\/\/api.w.org\/{rel}","templated":true}]}}