{"id":9700,"date":"2025-08-28T16:20:16","date_gmt":"2025-08-28T16:20:16","guid":{"rendered":"https:\/\/usa-b2.com\/visto-b1-b2-para-brasileiros\/"},"modified":"2025-09-13T07:23:10","modified_gmt":"2025-09-13T07:23:10","slug":"visto-b1-b2-para-brasileiros","status":"publish","type":"page","link":"https:\/\/usa-b2.com\/pt-br\/visto-b1-b2-para-brasileiros\/","title":{"rendered":"Visto B1\/B2 para viajantes brasileiros"},"content":{"rendered":"\n<h1 class=\"wp-block-heading\">Visto B1\/B2 para brasileiros que viajam para os Estados Unidos<\/h1>\n\n<p>O visto B1\/B2 para brasileiros \u00e9 um dos vistos mais populares para quem viaja aos Estados Unidos para turismo, neg\u00f3cios ou visitas familiares. Ao contr\u00e1rio dos cidad\u00e3os de <a href=\"https:\/\/usa-b2.com\/pt-br\/visa-waiver-program\/\">alguns pa\u00edses que est\u00e3o isentos da exig\u00eancia de visto<\/a> gra\u00e7as ao programa ESTA, os cidad\u00e3os brasileiros s\u00e3o obrigados a passar por esse procedimento. <\/p>\n\n<h2 class=\"wp-block-heading\">O que \u00e9 o visto B1\/B2?<\/h2>\n\n<p>O <a href=\"https:\/\/usa-b2.com\/pt-br\/visto-b1-b2-dos-eua\/\">visto B1\/B2<\/a> \u00e9 o documento mais comumente emitido para cidad\u00e3os brasileiros que desejam viajar para os Estados Unidos. Ele combina dois usos distintos em uma \u00fanica autoriza\u00e7\u00e3o:   <\/p>\n\n<ul class=\"wp-block-list\">\n<li>O <a href=\"https:\/\/usa-b2.com\/pt-br\/visto-b1-eua\/\">visto B1<\/a> \u00e9 para viagens de neg\u00f3cios. Ele permite que voc\u00ea participe de uma confer\u00eancia, encontre parceiros ou negocie um contrato. <\/li>\n\n\n\n<li>O <a href=\"https:\/\/usa-b2.com\/pt-br\/visto-b2\/\">visto B2<\/a> \u00e9 destinado a turismo, f\u00e9rias ou visitas familiares. Para muitos brasileiros, esse visto representa a porta de entrada para os Estados Unidos, seja para conhecer o pa\u00eds, desenvolver um projeto profissional ou simplesmente visitar parentes. <\/li>\n<\/ul>\n\n<div style=\"height:10px\" aria-hidden=\"true\" class=\"wp-block-spacer\"><\/div>\n\n<h2 class=\"wp-block-heading\">Etapas envolvidas na solicita\u00e7\u00e3o de um visto B1\/B2 no Brasil<\/h2>\n\n<p>Aqui est\u00e3o as principais etapas envolvidas na solicita\u00e7\u00e3o de um visto B1\/B2 no Brasil:<\/p>\n\n<ol class=\"wp-block-list\">\n<li>Preencha <a href=\"https:\/\/usa-b2.com\/pt-br\/ds-160\/\">o formul\u00e1rio DS-160<\/a> on-line.<\/li>\n\n\n\n<li>Pagar a <a href=\"https:\/\/usa-b2.com\/pt-br\/taxas-visto-b2\/\">taxa de visto<\/a> (aproximadamente US$ 185 em 2025).<\/li>\n\n\n\n<li>Crie um perfil no <a href=\"https:\/\/www.state.gov\/\">site oficial do Departamento de Estado dos EUA<\/a>.<\/li>\n\n\n\n<li>Fa\u00e7a uma consulta no <a href=\"https:\/\/ais.usvisa-info.com\/pt-br\/niv\/information\/asc\">CASV<\/a> (Centro de Atendimento ao Solicitante de Visto).<\/li>\n\n\n\n<li>Compare\u00e7a a uma <a href=\"https:\/\/usa-b2.com\/pt-br\/nomeacao-visto-embaixada-eua\/\">entrevista na embaixada dos EUA<\/a> (S\u00e3o Paulo, Rio de Janeiro, Bras\u00edlia, Recife). \u00c9 nessa entrevista que o funcion\u00e1rio consular avaliar\u00e1 se o solicitante tem garantias de retorno ao Brasil, como emprego est\u00e1vel, la\u00e7os familiares s\u00f3lidos ou prova de solv\u00eancia financeira. <\/li>\n\n\n\n<li>Receba o visto e coloque-o em seu <a href=\"https:\/\/usa-b2.com\/pt-br\/passaporte-viagem-eua\/\">passaporte para viajar para os EUA<\/a>.<\/li>\n<\/ol>\n\n<div style=\"height:10px\" aria-hidden=\"true\" class=\"wp-block-spacer\"><\/div>\n\n<h2 class=\"wp-block-heading\">Documentos necess\u00e1rios para solicitar um visto B1\/B2<\/h2>\n\n<ul class=\"wp-block-list\">\n<li>Passaporte brasileiro v\u00e1lido.<\/li>\n\n\n\n<li>P\u00e1gina de confirma\u00e7\u00e3o do DS-160.<\/li>\n\n\n\n<li>Confirma\u00e7\u00e3o de agendamento.<\/li>\n\n\n\n<li>A foto est\u00e1 em conformidade com os requisitos dos EUA.<\/li>\n\n\n\n<li>Documentos financeiros (extratos banc\u00e1rios, contracheques).<\/li>\n\n\n\n<li>Comprova\u00e7\u00e3o de fortes v\u00ednculos com o Brasil (contrato de trabalho, propriedade, fam\u00edlia).<\/li>\n<\/ul>\n\n<div style=\"height:10px\" aria-hidden=\"true\" class=\"wp-block-spacer\"><\/div>\n\n<h2 class=\"wp-block-heading\">Validade e dura\u00e7\u00e3o do visto B1\/B2 para brasileiros<\/h2>\n\n<p>Uma vez obtido, o <a href=\"https:\/\/usa-b2.com\/pt-br\/visto-b1-b2-dos-eua\/\">visto B1\/B2<\/a> \u00e9 geralmente v\u00e1lido por dez anos, o que o torna um documento muito pr\u00e1tico para viajantes frequentes. Cada entrada nos Estados Unidos permite que voc\u00ea permane\u00e7a por at\u00e9 seis meses, mas a dura\u00e7\u00e3o exata \u00e9 decidida pelo oficial de imigra\u00e7\u00e3o na chegada. Portanto, \u00e9 importante se preparar para a viagem e ser capaz de explicar claramente o motivo da sua estadia e por quanto tempo voc\u00ea pretende ficar.  <\/p>\n\n<h2 class=\"wp-block-heading\">Perguntas frequentes &#8211; Visto B1\/B2 para brasileiros<\/h2>\n\n<div class=\"schema-faq wp-block-yoast-faq-block\"><div class=\"schema-faq-section\" id=\"faq-question-1757684919058\"><strong class=\"schema-faq-question\">Posso trabalhar com um visto B1\/B2?<\/strong> <p class=\"schema-faq-answer\">N\u00e3o, esse visto \u00e9 v\u00e1lido apenas para turismo e neg\u00f3cios n\u00e3o remunerados.<\/p> <\/div> <div class=\"schema-faq-section\" id=\"faq-question-1757684934633\"><strong class=\"schema-faq-question\">Tenho que falar ingl\u00eas na entrevista?<\/strong> <p class=\"schema-faq-answer\">N\u00e3o, as entrevistas s\u00e3o realizadas em portugu\u00eas.<\/p> <\/div> <div class=\"schema-faq-section\" id=\"faq-question-1757684946100\"><strong class=\"schema-faq-question\">Quanto tempo leva para voc\u00ea obter um visto?<\/strong> <p class=\"schema-faq-answer\">O tempo m\u00e9dio de resposta varia de 2 a 6 semanas, dependendo da disponibilidade de agendamentos.<\/p> <\/div> <\/div>\n","protected":false},"excerpt":{"rendered":"<p>Visto B1\/B2 para brasileiros que viajam para os Estados Unidos O visto B1\/B2 para brasileiros \u00e9 um dos vistos mais populares para quem viaja aos Estados Unidos para turismo, neg\u00f3cios ou visitas familiares. Ao contr\u00e1rio dos cidad\u00e3os de alguns pa\u00edses que est\u00e3o isentos da exig\u00eancia de visto gra\u00e7as ao programa ESTA, os cidad\u00e3os brasileiros s\u00e3o [&hellip;]<\/p>\n","protected":false},"author":1,"featured_media":0,"parent":0,"menu_order":0,"comment_status":"closed","ping_status":"closed","template":"","meta":{"footnotes":""},"class_list":["post-9700","page","type-page","status-publish","hentry"],"yoast_head":"<!-- This site is optimized with the Yoast SEO plugin v27.4 - https:\/\/yoast.com\/product\/yoast-seo-wordpress\/ -->\n<title>Visto B1\/B2 para viajantes brasileiros - USA B2<\/title>\n<meta name=\"description\" content=\"Tudo o que voc\u00ea precisa saber sobre o visto B1\/B2 para viajantes brasileiros: procedimentos, entrevista, documentos e conselhos pr\u00e1ticos.\" \/>\n<meta name=\"robots\" content=\"index, follow, max-snippet:-1, max-image-preview:large, max-video-preview:-1\" \/>\n<link rel=\"canonical\" href=\"https:\/\/usa-b2.com\/pt-br\/visto-b1-b2-para-brasileiros\/\" \/>\n<meta property=\"og:locale\" content=\"pt_BR\" \/>\n<meta property=\"og:type\" content=\"article\" \/>\n<meta property=\"og:title\" content=\"Visto B1\/B2 para viajantes brasileiros - USA B2\" \/>\n<meta property=\"og:description\" content=\"Tudo o que voc\u00ea precisa saber sobre o visto B1\/B2 para viajantes brasileiros: procedimentos, entrevista, documentos e conselhos pr\u00e1ticos.\" \/>\n<meta property=\"og:url\" content=\"https:\/\/usa-b2.com\/pt-br\/visto-b1-b2-para-brasileiros\/\" \/>\n<meta property=\"og:site_name\" content=\"USA B2\" \/>\n<meta property=\"article:modified_time\" content=\"2025-09-13T07:23:10+00:00\" \/>\n<meta name=\"twitter:card\" content=\"summary_large_image\" \/>\n<meta name=\"twitter:label1\" content=\"Est. tempo de leitura\" \/>\n\t<meta name=\"twitter:data1\" content=\"3 minutos\" \/>\n<script type=\"application\/ld+json\" class=\"yoast-schema-graph\">{\"@context\":\"https:\\\/\\\/schema.org\",\"@graph\":[{\"@type\":[\"WebPage\",\"FAQPage\"],\"@id\":\"https:\\\/\\\/usa-b2.com\\\/pt-br\\\/visto-b1-b2-para-brasileiros\\\/\",\"url\":\"https:\\\/\\\/usa-b2.com\\\/pt-br\\\/visto-b1-b2-para-brasileiros\\\/\",\"name\":\"Visto B1\\\/B2 para viajantes brasileiros - USA B2\",\"isPartOf\":{\"@id\":\"https:\\\/\\\/usa-b2.com\\\/pt-br\\\/#website\"},\"datePublished\":\"2025-08-28T16:20:16+00:00\",\"dateModified\":\"2025-09-13T07:23:10+00:00\",\"description\":\"Tudo o que voc\u00ea precisa saber sobre o visto B1\\\/B2 para viajantes brasileiros: procedimentos, entrevista, documentos e conselhos pr\u00e1ticos.\",\"breadcrumb\":{\"@id\":\"https:\\\/\\\/usa-b2.com\\\/pt-br\\\/visto-b1-b2-para-brasileiros\\\/#breadcrumb\"},\"mainEntity\":[{\"@id\":\"https:\\\/\\\/usa-b2.com\\\/pt-br\\\/visto-b1-b2-para-brasileiros\\\/#faq-question-1757684919058\"},{\"@id\":\"https:\\\/\\\/usa-b2.com\\\/pt-br\\\/visto-b1-b2-para-brasileiros\\\/#faq-question-1757684934633\"},{\"@id\":\"https:\\\/\\\/usa-b2.com\\\/pt-br\\\/visto-b1-b2-para-brasileiros\\\/#faq-question-1757684946100\"}],\"inLanguage\":\"pt-BR\",\"potentialAction\":[{\"@type\":\"ReadAction\",\"target\":[\"https:\\\/\\\/usa-b2.com\\\/pt-br\\\/visto-b1-b2-para-brasileiros\\\/\"]}]},{\"@type\":\"BreadcrumbList\",\"@id\":\"https:\\\/\\\/usa-b2.com\\\/pt-br\\\/visto-b1-b2-para-brasileiros\\\/#breadcrumb\",\"itemListElement\":[{\"@type\":\"ListItem\",\"position\":1,\"name\":\"Accueil\",\"item\":\"https:\\\/\\\/usa-b2.com\\\/pt-br\\\/usa\\\/\"},{\"@type\":\"ListItem\",\"position\":2,\"name\":\"Visto B1\\\/B2 para viajantes brasileiros\"}]},{\"@type\":\"WebSite\",\"@id\":\"https:\\\/\\\/usa-b2.com\\\/pt-br\\\/#website\",\"url\":\"https:\\\/\\\/usa-b2.com\\\/pt-br\\\/\",\"name\":\"USA B2 VISA\",\"description\":\"\",\"potentialAction\":[{\"@type\":\"SearchAction\",\"target\":{\"@type\":\"EntryPoint\",\"urlTemplate\":\"https:\\\/\\\/usa-b2.com\\\/pt-br\\\/?s={search_term_string}\"},\"query-input\":{\"@type\":\"PropertyValueSpecification\",\"valueRequired\":true,\"valueName\":\"search_term_string\"}}],\"inLanguage\":\"pt-BR\"},{\"@type\":\"Question\",\"@id\":\"https:\\\/\\\/usa-b2.com\\\/pt-br\\\/visto-b1-b2-para-brasileiros\\\/#faq-question-1757684919058\",\"position\":1,\"url\":\"https:\\\/\\\/usa-b2.com\\\/pt-br\\\/visto-b1-b2-para-brasileiros\\\/#faq-question-1757684919058\",\"name\":\"Posso trabalhar com um visto B1\\\/B2?\",\"answerCount\":1,\"acceptedAnswer\":{\"@type\":\"Answer\",\"text\":\"N\u00e3o, esse visto \u00e9 v\u00e1lido apenas para turismo e neg\u00f3cios n\u00e3o remunerados.\",\"inLanguage\":\"pt-BR\"},\"inLanguage\":\"pt-BR\"},{\"@type\":\"Question\",\"@id\":\"https:\\\/\\\/usa-b2.com\\\/pt-br\\\/visto-b1-b2-para-brasileiros\\\/#faq-question-1757684934633\",\"position\":2,\"url\":\"https:\\\/\\\/usa-b2.com\\\/pt-br\\\/visto-b1-b2-para-brasileiros\\\/#faq-question-1757684934633\",\"name\":\"Tenho que falar ingl\u00eas na entrevista?\",\"answerCount\":1,\"acceptedAnswer\":{\"@type\":\"Answer\",\"text\":\"N\u00e3o, as entrevistas s\u00e3o realizadas em portugu\u00eas.\",\"inLanguage\":\"pt-BR\"},\"inLanguage\":\"pt-BR\"},{\"@type\":\"Question\",\"@id\":\"https:\\\/\\\/usa-b2.com\\\/pt-br\\\/visto-b1-b2-para-brasileiros\\\/#faq-question-1757684946100\",\"position\":3,\"url\":\"https:\\\/\\\/usa-b2.com\\\/pt-br\\\/visto-b1-b2-para-brasileiros\\\/#faq-question-1757684946100\",\"name\":\"Quanto tempo leva para voc\u00ea obter um visto?\",\"answerCount\":1,\"acceptedAnswer\":{\"@type\":\"Answer\",\"text\":\"O tempo m\u00e9dio de resposta varia de 2 a 6 semanas, dependendo da disponibilidade de agendamentos.\",\"inLanguage\":\"pt-BR\"},\"inLanguage\":\"pt-BR\"}]}<\/script>\n<!-- \/ Yoast SEO plugin. -->","yoast_head_json":{"title":"Visto B1\/B2 para viajantes brasileiros - USA B2","description":"Tudo o que voc\u00ea precisa saber sobre o visto B1\/B2 para viajantes brasileiros: procedimentos, entrevista, documentos e conselhos pr\u00e1ticos.","robots":{"index":"index","follow":"follow","max-snippet":"max-snippet:-1","max-image-preview":"max-image-preview:large","max-video-preview":"max-video-preview:-1"},"canonical":"https:\/\/usa-b2.com\/pt-br\/visto-b1-b2-para-brasileiros\/","og_locale":"pt_BR","og_type":"article","og_title":"Visto B1\/B2 para viajantes brasileiros - USA B2","og_description":"Tudo o que voc\u00ea precisa saber sobre o visto B1\/B2 para viajantes brasileiros: procedimentos, entrevista, documentos e conselhos pr\u00e1ticos.","og_url":"https:\/\/usa-b2.com\/pt-br\/visto-b1-b2-para-brasileiros\/","og_site_name":"USA B2","article_modified_time":"2025-09-13T07:23:10+00:00","twitter_card":"summary_large_image","twitter_misc":{"Est. tempo de leitura":"3 minutos"},"schema":{"@context":"https:\/\/schema.org","@graph":[{"@type":["WebPage","FAQPage"],"@id":"https:\/\/usa-b2.com\/pt-br\/visto-b1-b2-para-brasileiros\/","url":"https:\/\/usa-b2.com\/pt-br\/visto-b1-b2-para-brasileiros\/","name":"Visto B1\/B2 para viajantes brasileiros - USA B2","isPartOf":{"@id":"https:\/\/usa-b2.com\/pt-br\/#website"},"datePublished":"2025-08-28T16:20:16+00:00","dateModified":"2025-09-13T07:23:10+00:00","description":"Tudo o que voc\u00ea precisa saber sobre o visto B1\/B2 para viajantes brasileiros: procedimentos, entrevista, documentos e conselhos pr\u00e1ticos.","breadcrumb":{"@id":"https:\/\/usa-b2.com\/pt-br\/visto-b1-b2-para-brasileiros\/#breadcrumb"},"mainEntity":[{"@id":"https:\/\/usa-b2.com\/pt-br\/visto-b1-b2-para-brasileiros\/#faq-question-1757684919058"},{"@id":"https:\/\/usa-b2.com\/pt-br\/visto-b1-b2-para-brasileiros\/#faq-question-1757684934633"},{"@id":"https:\/\/usa-b2.com\/pt-br\/visto-b1-b2-para-brasileiros\/#faq-question-1757684946100"}],"inLanguage":"pt-BR","potentialAction":[{"@type":"ReadAction","target":["https:\/\/usa-b2.com\/pt-br\/visto-b1-b2-para-brasileiros\/"]}]},{"@type":"BreadcrumbList","@id":"https:\/\/usa-b2.com\/pt-br\/visto-b1-b2-para-brasileiros\/#breadcrumb","itemListElement":[{"@type":"ListItem","position":1,"name":"Accueil","item":"https:\/\/usa-b2.com\/pt-br\/usa\/"},{"@type":"ListItem","position":2,"name":"Visto B1\/B2 para viajantes brasileiros"}]},{"@type":"WebSite","@id":"https:\/\/usa-b2.com\/pt-br\/#website","url":"https:\/\/usa-b2.com\/pt-br\/","name":"USA B2 VISA","description":"","potentialAction":[{"@type":"SearchAction","target":{"@type":"EntryPoint","urlTemplate":"https:\/\/usa-b2.com\/pt-br\/?s={search_term_string}"},"query-input":{"@type":"PropertyValueSpecification","valueRequired":true,"valueName":"search_term_string"}}],"inLanguage":"pt-BR"},{"@type":"Question","@id":"https:\/\/usa-b2.com\/pt-br\/visto-b1-b2-para-brasileiros\/#faq-question-1757684919058","position":1,"url":"https:\/\/usa-b2.com\/pt-br\/visto-b1-b2-para-brasileiros\/#faq-question-1757684919058","name":"Posso trabalhar com um visto B1\/B2?","answerCount":1,"acceptedAnswer":{"@type":"Answer","text":"N\u00e3o, esse visto \u00e9 v\u00e1lido apenas para turismo e neg\u00f3cios n\u00e3o remunerados.","inLanguage":"pt-BR"},"inLanguage":"pt-BR"},{"@type":"Question","@id":"https:\/\/usa-b2.com\/pt-br\/visto-b1-b2-para-brasileiros\/#faq-question-1757684934633","position":2,"url":"https:\/\/usa-b2.com\/pt-br\/visto-b1-b2-para-brasileiros\/#faq-question-1757684934633","name":"Tenho que falar ingl\u00eas na entrevista?","answerCount":1,"acceptedAnswer":{"@type":"Answer","text":"N\u00e3o, as entrevistas s\u00e3o realizadas em portugu\u00eas.","inLanguage":"pt-BR"},"inLanguage":"pt-BR"},{"@type":"Question","@id":"https:\/\/usa-b2.com\/pt-br\/visto-b1-b2-para-brasileiros\/#faq-question-1757684946100","position":3,"url":"https:\/\/usa-b2.com\/pt-br\/visto-b1-b2-para-brasileiros\/#faq-question-1757684946100","name":"Quanto tempo leva para voc\u00ea obter um visto?","answerCount":1,"acceptedAnswer":{"@type":"Answer","text":"O tempo m\u00e9dio de resposta varia de 2 a 6 semanas, dependendo da disponibilidade de agendamentos.","inLanguage":"pt-BR"},"inLanguage":"pt-BR"}]}},"_links":{"self":[{"href":"https:\/\/usa-b2.com\/pt-br\/wp-json\/wp\/v2\/pages\/9700","targetHints":{"allow":["GET"]}}],"collection":[{"href":"https:\/\/usa-b2.com\/pt-br\/wp-json\/wp\/v2\/pages"}],"about":[{"href":"https:\/\/usa-b2.com\/pt-br\/wp-json\/wp\/v2\/types\/page"}],"author":[{"embeddable":true,"href":"https:\/\/usa-b2.com\/pt-br\/wp-json\/wp\/v2\/users\/1"}],"replies":[{"embeddable":true,"href":"https:\/\/usa-b2.com\/pt-br\/wp-json\/wp\/v2\/comments?post=9700"}],"version-history":[{"count":1,"href":"https:\/\/usa-b2.com\/pt-br\/wp-json\/wp\/v2\/pages\/9700\/revisions"}],"predecessor-version":[{"id":9701,"href":"https:\/\/usa-b2.com\/pt-br\/wp-json\/wp\/v2\/pages\/9700\/revisions\/9701"}],"wp:attachment":[{"href":"https:\/\/usa-b2.com\/pt-br\/wp-json\/wp\/v2\/media?parent=9700"}],"curies":[{"name":"wp","href":"https:\/\/api.w.org\/{rel}","templated":true}]}}