{"id":9354,"date":"2025-06-06T07:37:34","date_gmt":"2025-06-06T07:37:34","guid":{"rendered":"https:\/\/usa-b2.com\/visto-b2-para-alemaes\/"},"modified":"2025-06-06T08:28:08","modified_gmt":"2025-06-06T08:28:08","slug":"visto-b2-para-alemaes","status":"publish","type":"page","link":"https:\/\/usa-b2.com\/pt-br\/visto-b2-para-alemaes\/","title":{"rendered":"Obten\u00e7\u00e3o de um visto B2 para um alem\u00e3o"},"content":{"rendered":"\n<h1 class=\"wp-block-heading\">Solicita\u00e7\u00e3o de um visto americano B2 da Alemanha<\/h1>\n\n<p>Voc\u00ea \u00e9 um <strong>cidad\u00e3o alem\u00e3o<\/strong> e est\u00e1 planejando passar f\u00e9rias nos Estados Unidos? Se voc\u00ea estiver indo por mais de 90 dias ou se n\u00e3o puder usar o ESTA, o <strong>visto B2 dos EUA para alem\u00e3es<\/strong> \u00e9 a solu\u00e7\u00e3o ideal. <\/p>\n\n<h3 class=\"wp-block-heading\">O que \u00e9 um visto B2?<\/h3>\n\n<p>O <strong>visto B2<\/strong> \u00e9 um <a href=\"https:\/\/usa-b2.com\/pt-br\/visto-visitante-eua\/\">visto de visitante<\/a> n\u00e3o imigrante para os Estados Unidos, destinado a estadias tempor\u00e1rias de :<\/p>\n\n<ul class=\"wp-block-list\">\n<li><strong>Turismo<\/strong> ou f\u00e9rias<\/li>\n\n\n\n<li><strong>Visita familiar ou amig\u00e1vel<\/strong><\/li>\n\n\n\n<li><strong>Atendimento m\u00e9dico nos Estados Unidos<\/strong><\/li>\n<\/ul>\n\n<div style=\"height:10px\" aria-hidden=\"true\" class=\"wp-block-spacer\"><\/div>\n\n<h3 class=\"wp-block-heading\">Os cidad\u00e3os alem\u00e3es precisam de um visto B2?<\/h3>\n\n<p>N\u00e3o, <strong>n\u00e3o necessariamente<\/strong>.<br\/>Os alem\u00e3es podem preencher o <a href=\"https:\/\/usa-b2.com\/pt-br\/formulario-esta-on-line\/\">formul\u00e1rio ESTA on-line<\/a> para estadias de <strong>menos de 90 dias<\/strong>. A Alemanha \u00e9 membro do <a href=\"https:\/\/usa-b2.com\/pt-br\/visa-waiver-program\/\">Programa de Isen\u00e7\u00e3o de Vistos<\/a>. <\/p>\n\n<p>Entretanto, nos casos a seguir, o <strong>visto americano B2<\/strong> \u00e9 recomendado ou mesmo obrigat\u00f3rio para um alem\u00e3o:<\/p>\n\n<ul class=\"wp-block-list\">\n<li>Voc\u00ea <strong>excedeu o tempo de perman\u00eancia autorizado<\/strong> no passado<\/li>\n\n\n\n<li>Voc\u00ea teve <strong>o ESTA recusado<\/strong><\/li>\n\n\n\n<li>Voc\u00ea deseja <strong>permanecer por mais de 90 dias<\/strong><\/li>\n\n\n\n<li>Voc\u00ea tem antecedentes criminais ou circunst\u00e2ncias especiais<\/li>\n<\/ul>\n\n<div style=\"height:10px\" aria-hidden=\"true\" class=\"wp-block-spacer\"><\/div>\n\n<h3 class=\"wp-block-heading\">Etapas para obter um visto B2 da Alemanha<\/h3>\n\n<ol class=\"wp-block-list\">\n<li>Preenchimento do <a href=\"https:\/\/usa-b2.com\/pt-br\/ds-160\/\">formul\u00e1rio DS-160<\/a><\/li>\n\n\n\n<li>Pagar a <a href=\"https:\/\/usa-b2.com\/pt-br\/taxas-visto-b2\/\">taxa do visto B2<\/a><\/li>\n\n\n\n<li>Marque uma <a href=\"https:\/\/usa-b2.com\/pt-br\/nomeacao-visto-embaixada-eua\/\">entrevista na embaixada<\/a> na Alemanha<\/li>\n\n\n\n<li>Apresente seus documentos (passaporte, documentos comprobat\u00f3rios, comprovante de retorno)<\/li>\n\n\n\n<li>Passar na entrevista consular<\/li>\n<\/ol>\n\n<div style=\"height:10px\" aria-hidden=\"true\" class=\"wp-block-spacer\"><\/div>\n\n<h3 class=\"wp-block-heading\">Onde posso ir para uma entrevista na Alemanha?<\/h3>\n\n<ul class=\"wp-block-list\">\n<li><a href=\"https:\/\/usa-b2.com\/pt-br\/embaixada-dos-estados-unidos\/\">Embaixada dos Estados Unidos<\/a> em Berlim<\/li>\n\n\n\n<li>Consulado em Frankfurt ou Munique<\/li>\n<\/ul>\n\n<h3 class=\"wp-block-heading\">Dura\u00e7\u00e3o e validade<\/h3>\n\n<ul class=\"wp-block-list\">\n<li>O visto B2 pode ser <strong>v\u00e1lido por at\u00e9 10 anos<\/strong><\/li>\n\n\n\n<li>Cada entrada autoriza uma perman\u00eancia <strong>m\u00e1xima<\/strong> de <strong>6 meses<\/strong><\/li>\n<\/ul>\n\n<h2 class=\"wp-block-heading\">PERGUNTAS FREQUENTES<\/h2>\n\n<div class=\"schema-faq wp-block-yoast-faq-block\"><div class=\"schema-faq-section\" id=\"faq-question-1749195650019\"><strong class=\"schema-faq-question\"><strong>O visto B2 substitui o ESTA?<\/strong><\/strong> <p class=\"schema-faq-answer\">N\u00e3o. Essa \u00e9 uma alternativa mais abrangente, \u00fatil em casos de <strong>recusa ou estadias longas<\/strong>. <\/p> <\/div> <div class=\"schema-faq-section\" id=\"faq-question-1749195662823\"><strong class=\"schema-faq-question\"><strong>Posso viajar com minha fam\u00edlia?<\/strong><\/strong> <p class=\"schema-faq-answer\">Sim, cada membro deve fazer sua pr\u00f3pria inscri\u00e7\u00e3o.<\/p> <\/div> <\/div>\n","protected":false},"excerpt":{"rendered":"<p>Solicita\u00e7\u00e3o de um visto americano B2 da Alemanha Voc\u00ea \u00e9 um cidad\u00e3o alem\u00e3o e est\u00e1 planejando passar f\u00e9rias nos Estados Unidos? Se voc\u00ea estiver indo por mais de 90 dias ou se n\u00e3o puder usar o ESTA, o visto B2 dos EUA para alem\u00e3es \u00e9 a solu\u00e7\u00e3o ideal. O que \u00e9 um visto B2? O [&hellip;]<\/p>\n","protected":false},"author":1,"featured_media":0,"parent":0,"menu_order":0,"comment_status":"closed","ping_status":"closed","template":"","meta":{"footnotes":""},"class_list":["post-9354","page","type-page","status-publish","hentry"],"yoast_head":"<!-- This site is optimized with the Yoast SEO plugin v27.4 - https:\/\/yoast.com\/product\/yoast-seo-wordpress\/ -->\n<title>Obten\u00e7\u00e3o de um visto B2 para um alem\u00e3o - USA B2<\/title>\n<meta name=\"description\" content=\"Os cidad\u00e3os alem\u00e3es podem solicitar um visto B2 para os Estados Unidos para uma estadia tur\u00edstica de mais de 90 dias.\" \/>\n<meta name=\"robots\" content=\"index, follow, max-snippet:-1, max-image-preview:large, max-video-preview:-1\" \/>\n<link rel=\"canonical\" href=\"https:\/\/usa-b2.com\/pt-br\/visto-b2-para-alemaes\/\" \/>\n<meta property=\"og:locale\" content=\"pt_BR\" \/>\n<meta property=\"og:type\" content=\"article\" \/>\n<meta property=\"og:title\" content=\"Obten\u00e7\u00e3o de um visto B2 para um alem\u00e3o - USA B2\" \/>\n<meta property=\"og:description\" content=\"Os cidad\u00e3os alem\u00e3es podem solicitar um visto B2 para os Estados Unidos para uma estadia tur\u00edstica de mais de 90 dias.\" \/>\n<meta property=\"og:url\" content=\"https:\/\/usa-b2.com\/pt-br\/visto-b2-para-alemaes\/\" \/>\n<meta property=\"og:site_name\" content=\"USA B2\" \/>\n<meta property=\"article:modified_time\" content=\"2025-06-06T08:28:08+00:00\" \/>\n<meta name=\"twitter:card\" content=\"summary_large_image\" \/>\n<meta name=\"twitter:label1\" content=\"Est. tempo de leitura\" \/>\n\t<meta name=\"twitter:data1\" content=\"2 minutos\" \/>\n<script type=\"application\/ld+json\" class=\"yoast-schema-graph\">{\"@context\":\"https:\\\/\\\/schema.org\",\"@graph\":[{\"@type\":[\"WebPage\",\"FAQPage\"],\"@id\":\"https:\\\/\\\/usa-b2.com\\\/pt-br\\\/visto-b2-para-alemaes\\\/\",\"url\":\"https:\\\/\\\/usa-b2.com\\\/pt-br\\\/visto-b2-para-alemaes\\\/\",\"name\":\"Obten\u00e7\u00e3o de um visto B2 para um alem\u00e3o - USA B2\",\"isPartOf\":{\"@id\":\"https:\\\/\\\/usa-b2.com\\\/pt-br\\\/#website\"},\"datePublished\":\"2025-06-06T07:37:34+00:00\",\"dateModified\":\"2025-06-06T08:28:08+00:00\",\"description\":\"Os cidad\u00e3os alem\u00e3es podem solicitar um visto B2 para os Estados Unidos para uma estadia tur\u00edstica de mais de 90 dias.\",\"breadcrumb\":{\"@id\":\"https:\\\/\\\/usa-b2.com\\\/pt-br\\\/visto-b2-para-alemaes\\\/#breadcrumb\"},\"mainEntity\":[{\"@id\":\"https:\\\/\\\/usa-b2.com\\\/pt-br\\\/visto-b2-para-alemaes\\\/#faq-question-1749195650019\"},{\"@id\":\"https:\\\/\\\/usa-b2.com\\\/pt-br\\\/visto-b2-para-alemaes\\\/#faq-question-1749195662823\"}],\"inLanguage\":\"pt-BR\",\"potentialAction\":[{\"@type\":\"ReadAction\",\"target\":[\"https:\\\/\\\/usa-b2.com\\\/pt-br\\\/visto-b2-para-alemaes\\\/\"]}]},{\"@type\":\"BreadcrumbList\",\"@id\":\"https:\\\/\\\/usa-b2.com\\\/pt-br\\\/visto-b2-para-alemaes\\\/#breadcrumb\",\"itemListElement\":[{\"@type\":\"ListItem\",\"position\":1,\"name\":\"Accueil\",\"item\":\"https:\\\/\\\/usa-b2.com\\\/pt-br\\\/usa\\\/\"},{\"@type\":\"ListItem\",\"position\":2,\"name\":\"Obten\u00e7\u00e3o de um visto B2 para um alem\u00e3o\"}]},{\"@type\":\"WebSite\",\"@id\":\"https:\\\/\\\/usa-b2.com\\\/pt-br\\\/#website\",\"url\":\"https:\\\/\\\/usa-b2.com\\\/pt-br\\\/\",\"name\":\"USA B2 VISA\",\"description\":\"\",\"potentialAction\":[{\"@type\":\"SearchAction\",\"target\":{\"@type\":\"EntryPoint\",\"urlTemplate\":\"https:\\\/\\\/usa-b2.com\\\/pt-br\\\/?s={search_term_string}\"},\"query-input\":{\"@type\":\"PropertyValueSpecification\",\"valueRequired\":true,\"valueName\":\"search_term_string\"}}],\"inLanguage\":\"pt-BR\"},{\"@type\":\"Question\",\"@id\":\"https:\\\/\\\/usa-b2.com\\\/pt-br\\\/visto-b2-para-alemaes\\\/#faq-question-1749195650019\",\"position\":1,\"url\":\"https:\\\/\\\/usa-b2.com\\\/pt-br\\\/visto-b2-para-alemaes\\\/#faq-question-1749195650019\",\"name\":\"O visto B2 substitui o ESTA?\",\"answerCount\":1,\"acceptedAnswer\":{\"@type\":\"Answer\",\"text\":\"N\u00e3o. Essa \u00e9 uma alternativa mais abrangente, \u00fatil em casos de <strong>recusa ou estadias longas<\\\/strong>. \",\"inLanguage\":\"pt-BR\"},\"inLanguage\":\"pt-BR\"},{\"@type\":\"Question\",\"@id\":\"https:\\\/\\\/usa-b2.com\\\/pt-br\\\/visto-b2-para-alemaes\\\/#faq-question-1749195662823\",\"position\":2,\"url\":\"https:\\\/\\\/usa-b2.com\\\/pt-br\\\/visto-b2-para-alemaes\\\/#faq-question-1749195662823\",\"name\":\"Posso viajar com minha fam\u00edlia?\",\"answerCount\":1,\"acceptedAnswer\":{\"@type\":\"Answer\",\"text\":\"Sim, cada membro deve fazer sua pr\u00f3pria inscri\u00e7\u00e3o.\",\"inLanguage\":\"pt-BR\"},\"inLanguage\":\"pt-BR\"}]}<\/script>\n<!-- \/ Yoast SEO plugin. -->","yoast_head_json":{"title":"Obten\u00e7\u00e3o de um visto B2 para um alem\u00e3o - USA B2","description":"Os cidad\u00e3os alem\u00e3es podem solicitar um visto B2 para os Estados Unidos para uma estadia tur\u00edstica de mais de 90 dias.","robots":{"index":"index","follow":"follow","max-snippet":"max-snippet:-1","max-image-preview":"max-image-preview:large","max-video-preview":"max-video-preview:-1"},"canonical":"https:\/\/usa-b2.com\/pt-br\/visto-b2-para-alemaes\/","og_locale":"pt_BR","og_type":"article","og_title":"Obten\u00e7\u00e3o de um visto B2 para um alem\u00e3o - USA B2","og_description":"Os cidad\u00e3os alem\u00e3es podem solicitar um visto B2 para os Estados Unidos para uma estadia tur\u00edstica de mais de 90 dias.","og_url":"https:\/\/usa-b2.com\/pt-br\/visto-b2-para-alemaes\/","og_site_name":"USA B2","article_modified_time":"2025-06-06T08:28:08+00:00","twitter_card":"summary_large_image","twitter_misc":{"Est. tempo de leitura":"2 minutos"},"schema":{"@context":"https:\/\/schema.org","@graph":[{"@type":["WebPage","FAQPage"],"@id":"https:\/\/usa-b2.com\/pt-br\/visto-b2-para-alemaes\/","url":"https:\/\/usa-b2.com\/pt-br\/visto-b2-para-alemaes\/","name":"Obten\u00e7\u00e3o de um visto B2 para um alem\u00e3o - USA B2","isPartOf":{"@id":"https:\/\/usa-b2.com\/pt-br\/#website"},"datePublished":"2025-06-06T07:37:34+00:00","dateModified":"2025-06-06T08:28:08+00:00","description":"Os cidad\u00e3os alem\u00e3es podem solicitar um visto B2 para os Estados Unidos para uma estadia tur\u00edstica de mais de 90 dias.","breadcrumb":{"@id":"https:\/\/usa-b2.com\/pt-br\/visto-b2-para-alemaes\/#breadcrumb"},"mainEntity":[{"@id":"https:\/\/usa-b2.com\/pt-br\/visto-b2-para-alemaes\/#faq-question-1749195650019"},{"@id":"https:\/\/usa-b2.com\/pt-br\/visto-b2-para-alemaes\/#faq-question-1749195662823"}],"inLanguage":"pt-BR","potentialAction":[{"@type":"ReadAction","target":["https:\/\/usa-b2.com\/pt-br\/visto-b2-para-alemaes\/"]}]},{"@type":"BreadcrumbList","@id":"https:\/\/usa-b2.com\/pt-br\/visto-b2-para-alemaes\/#breadcrumb","itemListElement":[{"@type":"ListItem","position":1,"name":"Accueil","item":"https:\/\/usa-b2.com\/pt-br\/usa\/"},{"@type":"ListItem","position":2,"name":"Obten\u00e7\u00e3o de um visto B2 para um alem\u00e3o"}]},{"@type":"WebSite","@id":"https:\/\/usa-b2.com\/pt-br\/#website","url":"https:\/\/usa-b2.com\/pt-br\/","name":"USA B2 VISA","description":"","potentialAction":[{"@type":"SearchAction","target":{"@type":"EntryPoint","urlTemplate":"https:\/\/usa-b2.com\/pt-br\/?s={search_term_string}"},"query-input":{"@type":"PropertyValueSpecification","valueRequired":true,"valueName":"search_term_string"}}],"inLanguage":"pt-BR"},{"@type":"Question","@id":"https:\/\/usa-b2.com\/pt-br\/visto-b2-para-alemaes\/#faq-question-1749195650019","position":1,"url":"https:\/\/usa-b2.com\/pt-br\/visto-b2-para-alemaes\/#faq-question-1749195650019","name":"O visto B2 substitui o ESTA?","answerCount":1,"acceptedAnswer":{"@type":"Answer","text":"N\u00e3o. Essa \u00e9 uma alternativa mais abrangente, \u00fatil em casos de <strong>recusa ou estadias longas<\/strong>. ","inLanguage":"pt-BR"},"inLanguage":"pt-BR"},{"@type":"Question","@id":"https:\/\/usa-b2.com\/pt-br\/visto-b2-para-alemaes\/#faq-question-1749195662823","position":2,"url":"https:\/\/usa-b2.com\/pt-br\/visto-b2-para-alemaes\/#faq-question-1749195662823","name":"Posso viajar com minha fam\u00edlia?","answerCount":1,"acceptedAnswer":{"@type":"Answer","text":"Sim, cada membro deve fazer sua pr\u00f3pria inscri\u00e7\u00e3o.","inLanguage":"pt-BR"},"inLanguage":"pt-BR"}]}},"_links":{"self":[{"href":"https:\/\/usa-b2.com\/pt-br\/wp-json\/wp\/v2\/pages\/9354","targetHints":{"allow":["GET"]}}],"collection":[{"href":"https:\/\/usa-b2.com\/pt-br\/wp-json\/wp\/v2\/pages"}],"about":[{"href":"https:\/\/usa-b2.com\/pt-br\/wp-json\/wp\/v2\/types\/page"}],"author":[{"embeddable":true,"href":"https:\/\/usa-b2.com\/pt-br\/wp-json\/wp\/v2\/users\/1"}],"replies":[{"embeddable":true,"href":"https:\/\/usa-b2.com\/pt-br\/wp-json\/wp\/v2\/comments?post=9354"}],"version-history":[{"count":1,"href":"https:\/\/usa-b2.com\/pt-br\/wp-json\/wp\/v2\/pages\/9354\/revisions"}],"predecessor-version":[{"id":9355,"href":"https:\/\/usa-b2.com\/pt-br\/wp-json\/wp\/v2\/pages\/9354\/revisions\/9355"}],"wp:attachment":[{"href":"https:\/\/usa-b2.com\/pt-br\/wp-json\/wp\/v2\/media?parent=9354"}],"curies":[{"name":"wp","href":"https:\/\/api.w.org\/{rel}","templated":true}]}}