{"id":9023,"date":"2025-05-14T12:29:33","date_gmt":"2025-05-14T12:29:33","guid":{"rendered":"https:\/\/usa-b2.com\/visto-b2-para-franceses\/"},"modified":"2025-11-04T16:55:57","modified_gmt":"2025-11-04T16:55:57","slug":"visto-b2-para-franceses","status":"publish","type":"page","link":"https:\/\/usa-b2.com\/pt-br\/visto-b2-para-franceses\/","title":{"rendered":"Visto B2 para cidad\u00e3os franceses que viajam para os EUA"},"content":{"rendered":"\n<h1 class=\"wp-block-heading\">O visto B2 para cidad\u00e3os franceses que desejam viajar para os Estados Unidos<\/h1>\n\n<p>Se voc\u00ea \u00e9 um cidad\u00e3o franc\u00eas e deseja viajar para os Estados Unidos a turismo, para visitar um parente ou consultar um m\u00e9dico, o visto B2 \u00e9 o <a href=\"https:\/\/usa-b2.com\/pt-br\/visto-visitante-eua\/\">visto de visitante americano<\/a> de que voc\u00ea precisa. Este guia completo explica as etapas envolvidas na obten\u00e7\u00e3o de um <strong>visto B2 dos EUA para cidad\u00e3os franceses<\/strong>, as condi\u00e7\u00f5es, os prazos e os documentos necess\u00e1rios.<\/p>\n\n<h2 class=\"wp-block-heading\">O que \u00e9 um visto B2?<\/h2>\n\n<p>O <strong>visto americano B2<\/strong> \u00e9 um visto de n\u00e3o imigrante destinado a pessoas que desejam permanecer temporariamente nos Estados Unidos para : Turismo, f\u00e9rias, tratamento m\u00e9dico ou visita a parentes.<\/p>\n\n<h2 class=\"wp-block-heading\">Os cidad\u00e3os franceses precisam de um visto B2?<\/h2>\n\n<p>Se voc\u00ea for um <strong>cidad\u00e3o franc\u00eas<\/strong> viajando para os EUA por menos de 90 dias, poder\u00e1, em princ\u00edpio, usar uma <a href=\"https:\/\/usa-b2.com\/pt-br\/o-que-esta\/\">autoriza\u00e7\u00e3o eletr\u00f4nica de viagem ESTA<\/a>.<\/p>\n\n<p>Mas se voc\u00ea j\u00e1 teve um ESTA recusado, se estiver viajando por mais tempo ou se tiver um perfil de alto risco, \u00e9 prefer\u00edvel <a href=\"https:\/\/usa-b2.com\/pt-br\/procedimento-aplicacao-visto-b2\/\">solicitar um visto B2 para os EUA<\/a>.<\/p>\n\n<h2 class=\"wp-block-heading\">Como fa\u00e7o para solicitar um visto B2 da Fran\u00e7a?<\/h2>\n\n<h3 class=\"wp-block-heading\">1. Preencha o formul\u00e1rio DS-160 on-line<\/h3>\n\n<p><a href=\"https:\/\/usa-b2.com\/pt-br\/ds-160\/\">O formul\u00e1rio DS-160<\/a> \u00e9 obrigat\u00f3rio para todos os pedidos de visto de turista.<\/p>\n\n<h3 class=\"wp-block-heading\">2. Pagar a taxa de inscri\u00e7\u00e3o<\/h3>\n\n<p><a href=\"https:\/\/usa-b2.com\/fr\/frais-visa-b2-usa\/\">O custo do visto B2<\/a> \u00e9 de <strong>US$ 185<\/strong>, pag\u00e1vel on-line.<\/p>\n\n<h3 class=\"wp-block-heading\">3. Marque uma entrevista na Embaixada dos EUA em Paris<\/h3>\n\n<p>Todos os candidatos devem passar por uma <a href=\"https:\/\/usa-b2.com\/pt-br\/nomeacao-visto-embaixada-eua\/\">entrevista na Embaixada dos EUA<\/a>.<\/p>\n\n<h3 class=\"wp-block-heading\">4. Preparar os documentos necess\u00e1rios<\/h3>\n\n<ul class=\"wp-block-list\">\n<li><a href=\"https:\/\/usa-b2.com\/pt-br\/passaporte-viagem-eua\/\">Passaporte v\u00e1lido para viagem aos EUA<\/a><\/li>\n\n\n\n<li>Foto para passaporte<\/li>\n\n\n\n<li>Demonstra\u00e7\u00f5es financeiras<\/li>\n\n\n\n<li>Comprovante de seu v\u00ednculo com a Fran\u00e7a (emprego, fam\u00edlia, acomoda\u00e7\u00e3o, etc.)<\/li>\n<\/ul>\n\n<h3 class=\"wp-block-heading\">5. V\u00e1 para a entrevista e aguarde a decis\u00e3o<\/h3>\n\n<p>Ap\u00f3s a entrevista, o visto geralmente \u00e9 emitido dentro de <strong>7 a 15 dias \u00fateis<\/strong>.<\/p>\n\n<h2 class=\"wp-block-heading\">Onde posso fazer a entrevista na Fran\u00e7a?<\/h2>\n\n<p><strong>Embaixada dos Estados Unidos em Paris<\/strong><br\/>2, avenue Gabriel, 75008 Paris<br\/>Site oficial: <a>fr.usembassy.gov<\/a><\/p>\n\n<h2 class=\"wp-block-heading\">Perguntas frequentes &#8211; Visto B2 para cidad\u00e3os franceses<\/h2>\n\n<div class=\"schema-faq wp-block-yoast-faq-block\"><div class=\"schema-faq-section\" id=\"faq-question-1747226397065\"><strong class=\"schema-faq-question\">Por quanto tempo \u00e9 v\u00e1lido um visto B2?<\/strong> <p class=\"schema-faq-answer\">O visto \u00e9 v\u00e1lido <strong>por at\u00e9 10 anos<\/strong>, mas cada estadia <strong>\u00e9 limitada a um m\u00e1ximo de 6 meses<\/strong>.<\/p> <\/div> <div class=\"schema-faq-section\" id=\"faq-question-1747226417090\"><strong class=\"schema-faq-question\">Posso estender meu visto B2 nos EUA?<\/strong> <p class=\"schema-faq-answer\">Sim, \u00e9 poss\u00edvel <strong>solicitar<\/strong> uma <strong>prorroga\u00e7\u00e3o<\/strong> dos Estados Unidos, mas voc\u00ea deve justific\u00e1-la.<\/p> <\/div> <div class=\"schema-faq-section\" id=\"faq-question-1747226429344\"><strong class=\"schema-faq-question\">\u00c9 mais seguro solicitar um visto B2 em vez do ESTA?<\/strong> <p class=\"schema-faq-answer\">Sim, especialmente se voc\u00ea tiver sido recusado ou se quiser <strong>evitar qualquer risco de recusa<\/strong>.<\/p> <\/div> <\/div>\n\n<p><\/p>\n","protected":false},"excerpt":{"rendered":"<p>O visto B2 para cidad\u00e3os franceses que desejam viajar para os Estados Unidos Se voc\u00ea \u00e9 um cidad\u00e3o franc\u00eas e deseja viajar para os Estados Unidos a turismo, para visitar um parente ou consultar um m\u00e9dico, o visto B2 \u00e9 o visto de visitante americano de que voc\u00ea precisa. Este guia completo explica as etapas [&hellip;]<\/p>\n","protected":false},"author":1,"featured_media":0,"parent":0,"menu_order":0,"comment_status":"closed","ping_status":"closed","template":"","meta":{"footnotes":""},"class_list":["post-9023","page","type-page","status-publish","hentry"],"yoast_head":"<!-- This site is optimized with the Yoast SEO plugin v27.0 - https:\/\/yoast.com\/product\/yoast-seo-wordpress\/ -->\n<title>Visto B2 para cidad\u00e3os franceses que viajam para os EUA - USA B2<\/title>\n<meta name=\"description\" content=\"Se voc\u00ea for cidad\u00e3o franc\u00eas, poder\u00e1 obter um visto B2 para uma estadia planejada nos Estados Unidos\" \/>\n<meta name=\"robots\" content=\"index, follow, max-snippet:-1, max-image-preview:large, max-video-preview:-1\" \/>\n<link rel=\"canonical\" href=\"https:\/\/usa-b2.com\/pt-br\/visto-b2-para-franceses\/\" \/>\n<meta property=\"og:locale\" content=\"pt_BR\" \/>\n<meta property=\"og:type\" content=\"article\" \/>\n<meta property=\"og:title\" content=\"Visto B2 para cidad\u00e3os franceses que viajam para os EUA - USA B2\" \/>\n<meta property=\"og:description\" content=\"Se voc\u00ea for cidad\u00e3o franc\u00eas, poder\u00e1 obter um visto B2 para uma estadia planejada nos Estados Unidos\" \/>\n<meta property=\"og:url\" content=\"https:\/\/usa-b2.com\/pt-br\/visto-b2-para-franceses\/\" \/>\n<meta property=\"og:site_name\" content=\"USA B2\" \/>\n<meta property=\"article:modified_time\" content=\"2025-11-04T16:55:57+00:00\" \/>\n<meta name=\"twitter:card\" content=\"summary_large_image\" \/>\n<meta name=\"twitter:label1\" content=\"Est. tempo de leitura\" \/>\n\t<meta name=\"twitter:data1\" content=\"2 minutos\" \/>\n<script type=\"application\/ld+json\" class=\"yoast-schema-graph\">{\"@context\":\"https:\/\/schema.org\",\"@graph\":[{\"@type\":[\"WebPage\",\"FAQPage\"],\"@id\":\"https:\/\/usa-b2.com\/pt-br\/visto-b2-para-franceses\/\",\"url\":\"https:\/\/usa-b2.com\/pt-br\/visto-b2-para-franceses\/\",\"name\":\"Visto B2 para cidad\u00e3os franceses que viajam para os EUA - USA B2\",\"isPartOf\":{\"@id\":\"https:\/\/usa-b2.com\/pt-br\/#website\"},\"datePublished\":\"2025-05-14T12:29:33+00:00\",\"dateModified\":\"2025-11-04T16:55:57+00:00\",\"description\":\"Se voc\u00ea for cidad\u00e3o franc\u00eas, poder\u00e1 obter um visto B2 para uma estadia planejada nos Estados Unidos\",\"breadcrumb\":{\"@id\":\"https:\/\/usa-b2.com\/pt-br\/visto-b2-para-franceses\/#breadcrumb\"},\"mainEntity\":[{\"@id\":\"https:\/\/usa-b2.com\/pt-br\/visto-b2-para-franceses\/#faq-question-1747226397065\"},{\"@id\":\"https:\/\/usa-b2.com\/pt-br\/visto-b2-para-franceses\/#faq-question-1747226417090\"},{\"@id\":\"https:\/\/usa-b2.com\/pt-br\/visto-b2-para-franceses\/#faq-question-1747226429344\"}],\"inLanguage\":\"pt-BR\",\"potentialAction\":[{\"@type\":\"ReadAction\",\"target\":[\"https:\/\/usa-b2.com\/pt-br\/visto-b2-para-franceses\/\"]}]},{\"@type\":\"BreadcrumbList\",\"@id\":\"https:\/\/usa-b2.com\/pt-br\/visto-b2-para-franceses\/#breadcrumb\",\"itemListElement\":[{\"@type\":\"ListItem\",\"position\":1,\"name\":\"Accueil\",\"item\":\"https:\/\/usa-b2.com\/pt-br\/roadtrips-eua\/\"},{\"@type\":\"ListItem\",\"position\":2,\"name\":\"Visto B2 para cidad\u00e3os franceses que viajam para os EUA\"}]},{\"@type\":\"WebSite\",\"@id\":\"https:\/\/usa-b2.com\/pt-br\/#website\",\"url\":\"https:\/\/usa-b2.com\/pt-br\/\",\"name\":\"USA B2 VISA\",\"description\":\"\",\"potentialAction\":[{\"@type\":\"SearchAction\",\"target\":{\"@type\":\"EntryPoint\",\"urlTemplate\":\"https:\/\/usa-b2.com\/pt-br\/?s={search_term_string}\"},\"query-input\":{\"@type\":\"PropertyValueSpecification\",\"valueRequired\":true,\"valueName\":\"search_term_string\"}}],\"inLanguage\":\"pt-BR\"},{\"@type\":\"Question\",\"@id\":\"https:\/\/usa-b2.com\/pt-br\/visto-b2-para-franceses\/#faq-question-1747226397065\",\"position\":1,\"url\":\"https:\/\/usa-b2.com\/pt-br\/visto-b2-para-franceses\/#faq-question-1747226397065\",\"name\":\"Por quanto tempo \u00e9 v\u00e1lido um visto B2?\",\"answerCount\":1,\"acceptedAnswer\":{\"@type\":\"Answer\",\"text\":\"O visto \u00e9 v\u00e1lido <strong>por at\u00e9 10 anos<\/strong>, mas cada estadia <strong>\u00e9 limitada a um m\u00e1ximo de 6 meses<\/strong>.\",\"inLanguage\":\"pt-BR\"},\"inLanguage\":\"pt-BR\"},{\"@type\":\"Question\",\"@id\":\"https:\/\/usa-b2.com\/pt-br\/visto-b2-para-franceses\/#faq-question-1747226417090\",\"position\":2,\"url\":\"https:\/\/usa-b2.com\/pt-br\/visto-b2-para-franceses\/#faq-question-1747226417090\",\"name\":\"Posso estender meu visto B2 nos EUA?\",\"answerCount\":1,\"acceptedAnswer\":{\"@type\":\"Answer\",\"text\":\"Sim, \u00e9 poss\u00edvel <strong>solicitar<\/strong> uma <strong>prorroga\u00e7\u00e3o<\/strong> dos Estados Unidos, mas voc\u00ea deve justific\u00e1-la.\",\"inLanguage\":\"pt-BR\"},\"inLanguage\":\"pt-BR\"},{\"@type\":\"Question\",\"@id\":\"https:\/\/usa-b2.com\/pt-br\/visto-b2-para-franceses\/#faq-question-1747226429344\",\"position\":3,\"url\":\"https:\/\/usa-b2.com\/pt-br\/visto-b2-para-franceses\/#faq-question-1747226429344\",\"name\":\"\u00c9 mais seguro solicitar um visto B2 em vez do ESTA?\",\"answerCount\":1,\"acceptedAnswer\":{\"@type\":\"Answer\",\"text\":\"Sim, especialmente se voc\u00ea tiver sido recusado ou se quiser <strong>evitar qualquer risco de recusa<\/strong>.\",\"inLanguage\":\"pt-BR\"},\"inLanguage\":\"pt-BR\"}]}<\/script>\n<!-- \/ Yoast SEO plugin. -->","yoast_head_json":{"title":"Visto B2 para cidad\u00e3os franceses que viajam para os EUA - USA B2","description":"Se voc\u00ea for cidad\u00e3o franc\u00eas, poder\u00e1 obter um visto B2 para uma estadia planejada nos Estados Unidos","robots":{"index":"index","follow":"follow","max-snippet":"max-snippet:-1","max-image-preview":"max-image-preview:large","max-video-preview":"max-video-preview:-1"},"canonical":"https:\/\/usa-b2.com\/pt-br\/visto-b2-para-franceses\/","og_locale":"pt_BR","og_type":"article","og_title":"Visto B2 para cidad\u00e3os franceses que viajam para os EUA - USA B2","og_description":"Se voc\u00ea for cidad\u00e3o franc\u00eas, poder\u00e1 obter um visto B2 para uma estadia planejada nos Estados Unidos","og_url":"https:\/\/usa-b2.com\/pt-br\/visto-b2-para-franceses\/","og_site_name":"USA B2","article_modified_time":"2025-11-04T16:55:57+00:00","twitter_card":"summary_large_image","twitter_misc":{"Est. tempo de leitura":"2 minutos"},"schema":{"@context":"https:\/\/schema.org","@graph":[{"@type":["WebPage","FAQPage"],"@id":"https:\/\/usa-b2.com\/pt-br\/visto-b2-para-franceses\/","url":"https:\/\/usa-b2.com\/pt-br\/visto-b2-para-franceses\/","name":"Visto B2 para cidad\u00e3os franceses que viajam para os EUA - USA B2","isPartOf":{"@id":"https:\/\/usa-b2.com\/pt-br\/#website"},"datePublished":"2025-05-14T12:29:33+00:00","dateModified":"2025-11-04T16:55:57+00:00","description":"Se voc\u00ea for cidad\u00e3o franc\u00eas, poder\u00e1 obter um visto B2 para uma estadia planejada nos Estados Unidos","breadcrumb":{"@id":"https:\/\/usa-b2.com\/pt-br\/visto-b2-para-franceses\/#breadcrumb"},"mainEntity":[{"@id":"https:\/\/usa-b2.com\/pt-br\/visto-b2-para-franceses\/#faq-question-1747226397065"},{"@id":"https:\/\/usa-b2.com\/pt-br\/visto-b2-para-franceses\/#faq-question-1747226417090"},{"@id":"https:\/\/usa-b2.com\/pt-br\/visto-b2-para-franceses\/#faq-question-1747226429344"}],"inLanguage":"pt-BR","potentialAction":[{"@type":"ReadAction","target":["https:\/\/usa-b2.com\/pt-br\/visto-b2-para-franceses\/"]}]},{"@type":"BreadcrumbList","@id":"https:\/\/usa-b2.com\/pt-br\/visto-b2-para-franceses\/#breadcrumb","itemListElement":[{"@type":"ListItem","position":1,"name":"Accueil","item":"https:\/\/usa-b2.com\/pt-br\/roadtrips-eua\/"},{"@type":"ListItem","position":2,"name":"Visto B2 para cidad\u00e3os franceses que viajam para os EUA"}]},{"@type":"WebSite","@id":"https:\/\/usa-b2.com\/pt-br\/#website","url":"https:\/\/usa-b2.com\/pt-br\/","name":"USA B2 VISA","description":"","potentialAction":[{"@type":"SearchAction","target":{"@type":"EntryPoint","urlTemplate":"https:\/\/usa-b2.com\/pt-br\/?s={search_term_string}"},"query-input":{"@type":"PropertyValueSpecification","valueRequired":true,"valueName":"search_term_string"}}],"inLanguage":"pt-BR"},{"@type":"Question","@id":"https:\/\/usa-b2.com\/pt-br\/visto-b2-para-franceses\/#faq-question-1747226397065","position":1,"url":"https:\/\/usa-b2.com\/pt-br\/visto-b2-para-franceses\/#faq-question-1747226397065","name":"Por quanto tempo \u00e9 v\u00e1lido um visto B2?","answerCount":1,"acceptedAnswer":{"@type":"Answer","text":"O visto \u00e9 v\u00e1lido <strong>por at\u00e9 10 anos<\/strong>, mas cada estadia <strong>\u00e9 limitada a um m\u00e1ximo de 6 meses<\/strong>.","inLanguage":"pt-BR"},"inLanguage":"pt-BR"},{"@type":"Question","@id":"https:\/\/usa-b2.com\/pt-br\/visto-b2-para-franceses\/#faq-question-1747226417090","position":2,"url":"https:\/\/usa-b2.com\/pt-br\/visto-b2-para-franceses\/#faq-question-1747226417090","name":"Posso estender meu visto B2 nos EUA?","answerCount":1,"acceptedAnswer":{"@type":"Answer","text":"Sim, \u00e9 poss\u00edvel <strong>solicitar<\/strong> uma <strong>prorroga\u00e7\u00e3o<\/strong> dos Estados Unidos, mas voc\u00ea deve justific\u00e1-la.","inLanguage":"pt-BR"},"inLanguage":"pt-BR"},{"@type":"Question","@id":"https:\/\/usa-b2.com\/pt-br\/visto-b2-para-franceses\/#faq-question-1747226429344","position":3,"url":"https:\/\/usa-b2.com\/pt-br\/visto-b2-para-franceses\/#faq-question-1747226429344","name":"\u00c9 mais seguro solicitar um visto B2 em vez do ESTA?","answerCount":1,"acceptedAnswer":{"@type":"Answer","text":"Sim, especialmente se voc\u00ea tiver sido recusado ou se quiser <strong>evitar qualquer risco de recusa<\/strong>.","inLanguage":"pt-BR"},"inLanguage":"pt-BR"}]}},"_links":{"self":[{"href":"https:\/\/usa-b2.com\/pt-br\/wp-json\/wp\/v2\/pages\/9023","targetHints":{"allow":["GET"]}}],"collection":[{"href":"https:\/\/usa-b2.com\/pt-br\/wp-json\/wp\/v2\/pages"}],"about":[{"href":"https:\/\/usa-b2.com\/pt-br\/wp-json\/wp\/v2\/types\/page"}],"author":[{"embeddable":true,"href":"https:\/\/usa-b2.com\/pt-br\/wp-json\/wp\/v2\/users\/1"}],"replies":[{"embeddable":true,"href":"https:\/\/usa-b2.com\/pt-br\/wp-json\/wp\/v2\/comments?post=9023"}],"version-history":[{"count":2,"href":"https:\/\/usa-b2.com\/pt-br\/wp-json\/wp\/v2\/pages\/9023\/revisions"}],"predecessor-version":[{"id":10879,"href":"https:\/\/usa-b2.com\/pt-br\/wp-json\/wp\/v2\/pages\/9023\/revisions\/10879"}],"wp:attachment":[{"href":"https:\/\/usa-b2.com\/pt-br\/wp-json\/wp\/v2\/media?parent=9023"}],"curies":[{"name":"wp","href":"https:\/\/api.w.org\/{rel}","templated":true}]}}