{"id":8601,"date":"2025-03-18T12:32:41","date_gmt":"2025-03-18T12:32:41","guid":{"rendered":"https:\/\/usa-b2.com\/great-lakes-circle-tour\/"},"modified":"2025-04-10T18:31:51","modified_gmt":"2025-04-10T18:31:51","slug":"great-lakes-circle-tour","status":"publish","type":"page","link":"https:\/\/usa-b2.com\/pt-br\/great-lakes-circle-tour\/","title":{"rendered":"Circuito dos Grandes Lagos : A melhor viagem de carro pelos Grandes Lagos"},"content":{"rendered":"\n<h1 class=\"wp-block-heading\">Viagem rodovi\u00e1ria do Great Lakes Circle Tour: etapas, hot\u00e9is e locais para fotos<\/h1>\n\n<p>O <a href=\"http:\/\/www.greatlakescircletour.org\/\">Great Lakes Circle Tour<\/a> \u00e9 um itiner\u00e1rio lend\u00e1rio que permite que voc\u00ea explore os Grandes Lagos dos <a href=\"https:\/\/www.usa.gov\/\">Estados Unidos<\/a> e do <a href=\"https:\/\/www.canada.ca\/en.html\">Canad\u00e1<\/a> de carro. Essa espetacular viagem de carro leva voc\u00ea ao cora\u00e7\u00e3o de paisagens grandiosas, parques nacionais impressionantes, cidades vibrantes e locais para fotos inesquec\u00edveis. Quer voc\u00ea seja um casal em busca de uma escapada rom\u00e2ntica ou uma fam\u00edlia em busca de uma aventura envolvente, essa volta ao redor dos cinco maiores lagos da Am\u00e9rica do Norte promete uma experi\u00eancia \u00fanica.  <\/p>\n\n<figure class=\"wp-block-image size-large\"><img fetchpriority=\"high\" decoding=\"async\" width=\"1024\" height=\"576\" src=\"https:\/\/usa-b2.com\/wp-content\/uploads\/2025\/03\/Great-Lakes-Circle-Tour-USA-1-1024x576.jpg\" alt=\"\" class=\"wp-image-8374\" srcset=\"https:\/\/usa-b2.com\/wp-content\/uploads\/2025\/03\/Great-Lakes-Circle-Tour-USA-1-1024x576.jpg 1024w, https:\/\/usa-b2.com\/wp-content\/uploads\/2025\/03\/Great-Lakes-Circle-Tour-USA-1-300x169.jpg 300w, https:\/\/usa-b2.com\/wp-content\/uploads\/2025\/03\/Great-Lakes-Circle-Tour-USA-1-768x432.jpg 768w, https:\/\/usa-b2.com\/wp-content\/uploads\/2025\/03\/Great-Lakes-Circle-Tour-USA-1-1536x864.jpg 1536w, https:\/\/usa-b2.com\/wp-content\/uploads\/2025\/03\/Great-Lakes-Circle-Tour-USA-1-2048x1152.jpg 2048w\" sizes=\"(max-width: 1024px) 100vw, 1024px\" \/><\/figure>\n\n<h2 class=\"wp-block-heading\">Itiner\u00e1rio detalhado do Great Lakes Circle Tour<\/h2>\n\n<p>Fazer o Great Lakes Circle Tour exige um planejamento cuidadoso. Aqui est\u00e1 uma sugest\u00e3o de um itiner\u00e1rio otimizado para que voc\u00ea possa visitar os pontos tur\u00edsticos obrigat\u00f3rios. <\/p>\n\n<h3 class=\"wp-block-heading\">Partida de Chicago (Lago Michigan)<\/h3>\n\n<p>Comece sua viagem em <a href=\"https:\/\/www.chicago.gov\/city\/en.html\">Chicago<\/a>, uma cidade ic\u00f4nica com arranha-c\u00e9us impressionantes. Aproveite o <a href=\"https:\/\/www.chicago.gov\/city\/en\/depts\/dca\/supp_info\/millennium_park.html\">Millennium Park<\/a>, o <a href=\"https:\/\/navypier.org\/\">Navy Pier<\/a> e um cruzeiro no Chicago River. Essa cidade vibrante oferece a introdu\u00e7\u00e3o perfeita para sua viagem de carro com sua mistura \u00fanica de arquitetura moderna e cen\u00e1rio tranquilo \u00e0 beira do lago.  <\/p>\n\n<h3 class=\"wp-block-heading\">Atravesse Michigan e Ont\u00e1rio (Lago Huron e Lago Erie)<\/h3>\n\n<p>Continue sua viagem para <a href=\"https:\/\/detroitmi.gov\/\">Detroit<\/a>, uma cidade em plena renova\u00e7\u00e3o, onde a hist\u00f3ria industrial se encontra com o cen\u00e1rio cultural. Atravesse a fronteira canadense at\u00e9 <a href=\"https:\/\/www.toronto.ca\/\">Toronto<\/a>, a din\u00e2mica capital de<a href=\"https:\/\/www.ontario.ca\/page\/government-ontario\">Ont\u00e1rio<\/a>. N\u00e3o perca a <a href=\"https:\/\/www.cntower.ca\/\">CN Tower<\/a>, de onde voc\u00ea ter\u00e1 uma vista de tirar o f\u00f4lego da cidade e do lago. Depois, fa\u00e7a uma parada nas Cataratas <a href=\"https:\/\/niagarafalls.ca\/\">do Ni\u00e1gara<\/a>, uma maravilha natural que nunca deixa de surpreender os visitantes.   <\/p>\n\n<h3 class=\"wp-block-heading\">Siga em dire\u00e7\u00e3o a Wisconsin e Minnesota (Lago Superior)<\/h3>\n\n<p>De volta aos EUA, explore <a href=\"https:\/\/duluthmn.gov\/\">Duluth<\/a>, uma cidade costeira no Lake Superior com paisagens de tirar o f\u00f4lego. Siga para <a href=\"https:\/\/www.nps.gov\/piro\/index.htm\">Pictured Rocks National Lakeshore<\/a>, conhecida por seus penhascos coloridos e forma\u00e7\u00f5es rochosas esculpidas pela eros\u00e3o. Termine essa parte da viagem com uma visita \u00e0 <a href=\"https:\/\/www.mackinacisland.org\/\">Ilha Mackinac<\/a>, onde n\u00e3o s\u00e3o permitidos carros, o que a torna o lugar perfeito para um passeio de bicicleta ou de carruagem puxada por cavalos.  <\/p>\n\n<h2 class=\"wp-block-heading\">As mais belas paisagens e parques nacionais<\/h2>\n\n<p>O Great Lakes Circle Tour est\u00e1 repleto de panoramas espetaculares e reservas naturais intocadas que valem muito a pena visitar.<\/p>\n\n<h3 class=\"wp-block-heading\">Parques nacionais imperd\u00edveis<\/h3>\n\n<p>Os amantes da natureza n\u00e3o v\u00e3o querer perder o <a href=\"http:\/\/www.isleroyale.info\/\">Isle Royale National Park<\/a>, uma joia remota acess\u00edvel apenas por barco ou hidroavi\u00e3o, perfeita para caminhadas e observa\u00e7\u00e3o da vida selvagem. Outra atra\u00e7\u00e3o imperd\u00edvel \u00e9 o <a href=\"https:\/\/www.sleepingbeardunes.com\/\">Sleeping Bear Dunes National Lakeshore<\/a>, onde imensas dunas de areia oferecem vistas de tirar o f\u00f4lego do Lago Michigan. <\/p>\n\n<h3 class=\"wp-block-heading\">Paisagens de tirar o f\u00f4lego<\/h3>\n\n<p>Uma viagem de carro pelos Grandes Lagos revelar\u00e1 uma variedade de paisagens, de vastas praias a densas florestas e impressionantes forma\u00e7\u00f5es rochosas. As <a href=\"https:\/\/www.apostleisland.com\/\">Ilhas Apostle<\/a>, em <a href=\"https:\/\/wisconsindot.gov\/Pages\/online-srvcs\/external\/dmv.aspx\">Wisconsin<\/a>, oferecem cavernas de gelo espetaculares no inverno e excurs\u00f5es de caiaque inesquec\u00edveis no ver\u00e3o. Os penhascos de <a href=\"https:\/\/picturedrocks.com\/fares-schedule\/\">Pictured Rocks<\/a>, em <a href=\"https:\/\/www.michigan.gov\/som\">Michigan<\/a>, por sua vez, revelam tons espetaculares \u00e0 medida que as esta\u00e7\u00f5es mudam. <\/p>\n\n<h3 class=\"wp-block-heading\">Locais de parada recomendados<\/h3>\n\n<p>Para aproveitar ao m\u00e1ximo a viagem, fa\u00e7a uma parada no <a href=\"https:\/\/www.holland.org\/holland-state-park\/\">Holland State Park<\/a>, um local ideal para admirar o p\u00f4r do sol no ic\u00f4nico farol<a href=\"https:\/\/bigredlighthouse.com\/\">&#8220;Big Red&#8221;<\/a>. Outra parada obrigat\u00f3ria \u00e9, obviamente, <a href=\"https:\/\/www.niagarafallsusa.com\/\">nas Cataratas do Ni\u00e1gara<\/a>, que oferece vistas e atividades de tirar o f\u00f4lego, como um cruzeiro sob as cataratas ou a explora\u00e7\u00e3o dos t\u00faneis atr\u00e1s da \u00e1gua. <\/p>\n\n<h2 class=\"wp-block-heading\">Onde se hospedar: cidades e acomoda\u00e7\u00f5es recomendadas<\/h2>\n\n<p>Planeje suas paradas para que voc\u00ea possa descansar bem e aproveitar cada etapa da viagem.<\/p>\n\n<h3 class=\"wp-block-heading\">Cidades preferidas<\/h3>\n\n<p>Algumas paradas s\u00e3o perfeitas para voc\u00ea passar a noite e explorar os arredores. Chicago \u00e9 o lugar ideal para voc\u00ea come\u00e7ar ou terminar sua viagem, com sua variada gama de hot\u00e9is. Toronto \u00e9 uma parada obrigat\u00f3ria para voc\u00ea combinar o conforto urbano com a proximidade das maravilhas naturais. Mais ao norte, Duluth \u00e9 um destino agrad\u00e1vel para uma pausa relaxante antes de explorar o Lago Superior.   <\/p>\n\n<h3 class=\"wp-block-heading\">Hot\u00e9is e pousadas recomendados<\/h3>\n\n<figure class=\"wp-block-table\"><table class=\"has-fixed-layout\"><tbody><tr><td><strong>Cidade<\/strong><\/td><td><strong>Hotel recomendado<\/strong><\/td><td><strong>Tipo de acomoda\u00e7\u00e3o<\/strong><\/td><\/tr><tr><td>Chicago<\/td><td><a href=\"https:\/\/www.langhamhospitalitygroup.com\/en\/\">O Langham<\/a><\/td><td>Luxo<\/td><\/tr><tr><td>Toronto<\/td><td><a href=\"https:\/\/www.fairmont.com\/royal-york-toronto\/?goto=fiche_hotel&amp;code_hotel=A551&amp;merchantid=seo-maps-CA-A551&amp;sourceid=aw-cen&amp;utm_medium=seo%20maps&amp;utm_source=google%20Maps&amp;utm_campaign=seo%20maps\">Fairmont Royal York<\/a><\/td><td>Hist\u00f3ria<\/td><\/tr><tr><td>Duluth<\/td><td><a href=\"https:\/\/inn.fitgers.com\/\">Pousada Fitger&#8217;s<\/a><\/td><td>Orla mar\u00edtima<\/td><\/tr><\/tbody><\/table><\/figure>\n\n<h2 class=\"wp-block-heading\">Locais para fotos que voc\u00ea pode tirar no Instagram<\/h2>\n\n<p>Imortalize sua viagem com fotos espetaculares.<\/p>\n\n<h3 class=\"wp-block-heading\">Vistas panor\u00e2micas<\/h3>\n\n<p>Para uma foto inesquec\u00edvel, v\u00e1 at\u00e9 o <a href=\"https:\/\/theskydeck.com\/\">Skydeck Chicago<\/a>, onde a<a href=\"https:\/\/www.willistower.com\/\"> Willis<\/a> Tower oferece uma vista panor\u00e2mica da cidade. As Cataratas do Ni\u00e1gara s\u00e3o outro ponto ic\u00f4nico, perfeito para capturar o poder da natureza. <\/p>\n\n<h3 class=\"wp-block-heading\">Locais at\u00edpicos para fotos exclusivas<\/h3>\n\n<p>Alguns lugares oferecem uma atmosfera e um cen\u00e1rio \u00fanicos, como a Ilha Mackinac, com suas carruagens puxadas por cavalos e arquitetura pitoresca. Outra op\u00e7\u00e3o \u00e9 o <a href=\"https:\/\/duneclimbinn.com\/\">Dune Climb<\/a>, Sleeping Bear Dunes, onde voc\u00ea pode capturar um panorama excepcional do Lago Michigan. <\/p>\n\n<h2 class=\"wp-block-heading\">Atividades para casais<\/h2>\n\n<p>Uma viagem de carro pelos Grandes Lagos \u00e9 o ref\u00fagio ideal para casais em busca de aventura e romance.<\/p>\n\n<h3 class=\"wp-block-heading\">Experi\u00eancias rom\u00e2nticas<\/h3>\n\n<p>Experimente um momento \u00fanico em um cruzeiro com jantar no Lago Michigan, com uma vista de tirar o f\u00f4lego das luzes de Chicago. Para uma pausa para o bem-estar, opte por um spa termal em Toronto, onde o relaxamento \u00e9 garantido com uma vista de tirar o f\u00f4lego para o lago. <\/p>\n\n<h3 class=\"wp-block-heading\">Atividades para duas pessoas ao ar livre<\/h3>\n\n<p>Os casais que gostam de atividades ao ar livre v\u00e3o adorar uma caminhada na Isle Royale, um lugar selvagem e intocado. Outra op\u00e7\u00e3o imperd\u00edvel \u00e9 um p\u00f4r do sol no Holland State Park, um cen\u00e1rio id\u00edlico para uma escapada rom\u00e2ntica. <\/p>\n\n<h2 class=\"wp-block-heading\">Atividades familiares<\/h2>\n\n<p>Viajar com crian\u00e7as no Great Lakes Circle Tour pode ser uma experi\u00eancia memor\u00e1vel com as atividades certas.<\/p>\n\n<h3 class=\"wp-block-heading\">Parques e atra\u00e7\u00f5es para crian\u00e7as<\/h3>\n\n<p>As fam\u00edlias v\u00e3o adorar uma visita ao <a href=\"https:\/\/www.sheddaquarium.org\/\">Shedd Aquarium<\/a> em Chicago, que oferece uma imers\u00e3o fascinante no mundo marinho. Para quem gosta de emo\u00e7\u00e3o, <a href=\"https:\/\/www.canadaswonderland.com\/\">o Canada&#8217;s Wonderland<\/a> em Toronto \u00e9 uma excelente op\u00e7\u00e3o, com muitas atra\u00e7\u00f5es adequadas para visitantes mais jovens. <\/p>\n\n<h3 class=\"wp-block-heading\">Experi\u00eancias divertidas e interativas<\/h3>\n\n<p>As crian\u00e7as apaixonadas por carros v\u00e3o adorar o Museu Ford em Detroit, onde a hist\u00f3ria do autom\u00f3vel ganha vida. Para uma aventura mais natural, fa\u00e7a um cruzeiro at\u00e9 as <a href=\"https:\/\/www.leeds1000islands.ca\/en\/Index.aspx\">Mil Ilhas em Ont\u00e1rio<\/a> e descubra uma paisagem \u00fanica que combina hist\u00f3ria e natureza. <\/p>\n\n<p>O Great Lakes Circle Tour \u00e9 uma <a href=\"https:\/\/usa-b2.com\/pt-br\/\">viagem de carro americana<\/a> \u00fanica que combina natureza grandiosa, descobertas urbanas e experi\u00eancias inesquec\u00edveis. Quer voc\u00ea seja um casal em busca de romance ou uma fam\u00edlia em busca de divers\u00e3o, esse itiner\u00e1rio tem algo para todos. Prepare sua viagem, pegue sua c\u00e2mera e parta para conquistar as maravilhas dos Grandes Lagos!  <\/p>\n\n<p><\/p>\n","protected":false},"excerpt":{"rendered":"<p>Viagem rodovi\u00e1ria do Great Lakes Circle Tour: etapas, hot\u00e9is e locais para fotos O Great Lakes Circle Tour \u00e9 um itiner\u00e1rio lend\u00e1rio que permite que voc\u00ea explore os Grandes Lagos dos Estados Unidos e do Canad\u00e1 de carro. Essa espetacular viagem de carro leva voc\u00ea ao cora\u00e7\u00e3o de paisagens grandiosas, parques nacionais impressionantes, cidades vibrantes [&hellip;]<\/p>\n","protected":false},"author":1,"featured_media":0,"parent":0,"menu_order":0,"comment_status":"closed","ping_status":"closed","template":"","meta":{"footnotes":""},"class_list":["post-8601","page","type-page","status-publish","hentry"],"yoast_head":"<!-- This site is optimized with the Yoast SEO plugin v27.0 - https:\/\/yoast.com\/product\/yoast-seo-wordpress\/ -->\n<title>Circuito dos Grandes Lagos : A melhor viagem de carro pelos Grandes Lagos - USA B2<\/title>\n<meta name=\"description\" content=\"Explore o Great Lakes Circle Tour, uma viagem \u00e9pica ao redor dos Grandes Lagos com itiner\u00e1rio, paisagens, acomoda\u00e7\u00f5es e atividades.\" \/>\n<meta name=\"robots\" content=\"index, follow, max-snippet:-1, max-image-preview:large, max-video-preview:-1\" \/>\n<link rel=\"canonical\" href=\"https:\/\/usa-b2.com\/pt-br\/great-lakes-circle-tour\/\" \/>\n<meta property=\"og:locale\" content=\"pt_BR\" \/>\n<meta property=\"og:type\" content=\"article\" \/>\n<meta property=\"og:title\" content=\"Circuito dos Grandes Lagos : A melhor viagem de carro pelos Grandes Lagos - USA B2\" \/>\n<meta property=\"og:description\" content=\"Explore o Great Lakes Circle Tour, uma viagem \u00e9pica ao redor dos Grandes Lagos com itiner\u00e1rio, paisagens, acomoda\u00e7\u00f5es e atividades.\" \/>\n<meta property=\"og:url\" content=\"https:\/\/usa-b2.com\/pt-br\/great-lakes-circle-tour\/\" \/>\n<meta property=\"og:site_name\" content=\"USA B2\" \/>\n<meta property=\"article:modified_time\" content=\"2025-04-10T18:31:51+00:00\" \/>\n<meta property=\"og:image\" content=\"https:\/\/usa-b2.com\/wp-content\/uploads\/2025\/03\/Great-Lakes-Circle-Tour-USA-1-scaled.jpg\" \/>\n\t<meta property=\"og:image:width\" content=\"2560\" \/>\n\t<meta property=\"og:image:height\" content=\"1440\" \/>\n\t<meta property=\"og:image:type\" content=\"image\/jpeg\" \/>\n<meta name=\"twitter:card\" content=\"summary_large_image\" \/>\n<meta name=\"twitter:label1\" content=\"Est. tempo de leitura\" \/>\n\t<meta name=\"twitter:data1\" content=\"6 minutos\" \/>\n<script type=\"application\/ld+json\" class=\"yoast-schema-graph\">{\"@context\":\"https:\/\/schema.org\",\"@graph\":[{\"@type\":\"WebPage\",\"@id\":\"https:\/\/usa-b2.com\/pt-br\/great-lakes-circle-tour\/\",\"url\":\"https:\/\/usa-b2.com\/pt-br\/great-lakes-circle-tour\/\",\"name\":\"Circuito dos Grandes Lagos : A melhor viagem de carro pelos Grandes Lagos - USA B2\",\"isPartOf\":{\"@id\":\"https:\/\/usa-b2.com\/pt-br\/#website\"},\"primaryImageOfPage\":{\"@id\":\"https:\/\/usa-b2.com\/pt-br\/great-lakes-circle-tour\/#primaryimage\"},\"image\":{\"@id\":\"https:\/\/usa-b2.com\/pt-br\/great-lakes-circle-tour\/#primaryimage\"},\"thumbnailUrl\":\"https:\/\/usa-b2.com\/wp-content\/uploads\/2025\/03\/Great-Lakes-Circle-Tour-USA-1-1024x576.jpg\",\"datePublished\":\"2025-03-18T12:32:41+00:00\",\"dateModified\":\"2025-04-10T18:31:51+00:00\",\"description\":\"Explore o Great Lakes Circle Tour, uma viagem \u00e9pica ao redor dos Grandes Lagos com itiner\u00e1rio, paisagens, acomoda\u00e7\u00f5es e atividades.\",\"breadcrumb\":{\"@id\":\"https:\/\/usa-b2.com\/pt-br\/great-lakes-circle-tour\/#breadcrumb\"},\"inLanguage\":\"pt-BR\",\"potentialAction\":[{\"@type\":\"ReadAction\",\"target\":[\"https:\/\/usa-b2.com\/pt-br\/great-lakes-circle-tour\/\"]}]},{\"@type\":\"ImageObject\",\"inLanguage\":\"pt-BR\",\"@id\":\"https:\/\/usa-b2.com\/pt-br\/great-lakes-circle-tour\/#primaryimage\",\"url\":\"https:\/\/usa-b2.com\/wp-content\/uploads\/2025\/03\/Great-Lakes-Circle-Tour-USA-1-1024x576.jpg\",\"contentUrl\":\"https:\/\/usa-b2.com\/wp-content\/uploads\/2025\/03\/Great-Lakes-Circle-Tour-USA-1-1024x576.jpg\"},{\"@type\":\"BreadcrumbList\",\"@id\":\"https:\/\/usa-b2.com\/pt-br\/great-lakes-circle-tour\/#breadcrumb\",\"itemListElement\":[{\"@type\":\"ListItem\",\"position\":1,\"name\":\"Accueil\",\"item\":\"https:\/\/usa-b2.com\/pt-br\/roadtrips-eua\/\"},{\"@type\":\"ListItem\",\"position\":2,\"name\":\"Circuito dos Grandes Lagos : A melhor viagem de carro pelos Grandes Lagos\"}]},{\"@type\":\"WebSite\",\"@id\":\"https:\/\/usa-b2.com\/pt-br\/#website\",\"url\":\"https:\/\/usa-b2.com\/pt-br\/\",\"name\":\"USA B2 VISA\",\"description\":\"\",\"potentialAction\":[{\"@type\":\"SearchAction\",\"target\":{\"@type\":\"EntryPoint\",\"urlTemplate\":\"https:\/\/usa-b2.com\/pt-br\/?s={search_term_string}\"},\"query-input\":{\"@type\":\"PropertyValueSpecification\",\"valueRequired\":true,\"valueName\":\"search_term_string\"}}],\"inLanguage\":\"pt-BR\"}]}<\/script>\n<!-- \/ Yoast SEO plugin. -->","yoast_head_json":{"title":"Circuito dos Grandes Lagos : A melhor viagem de carro pelos Grandes Lagos - USA B2","description":"Explore o Great Lakes Circle Tour, uma viagem \u00e9pica ao redor dos Grandes Lagos com itiner\u00e1rio, paisagens, acomoda\u00e7\u00f5es e atividades.","robots":{"index":"index","follow":"follow","max-snippet":"max-snippet:-1","max-image-preview":"max-image-preview:large","max-video-preview":"max-video-preview:-1"},"canonical":"https:\/\/usa-b2.com\/pt-br\/great-lakes-circle-tour\/","og_locale":"pt_BR","og_type":"article","og_title":"Circuito dos Grandes Lagos : A melhor viagem de carro pelos Grandes Lagos - USA B2","og_description":"Explore o Great Lakes Circle Tour, uma viagem \u00e9pica ao redor dos Grandes Lagos com itiner\u00e1rio, paisagens, acomoda\u00e7\u00f5es e atividades.","og_url":"https:\/\/usa-b2.com\/pt-br\/great-lakes-circle-tour\/","og_site_name":"USA B2","article_modified_time":"2025-04-10T18:31:51+00:00","og_image":[{"width":2560,"height":1440,"url":"https:\/\/usa-b2.com\/wp-content\/uploads\/2025\/03\/Great-Lakes-Circle-Tour-USA-1-scaled.jpg","type":"image\/jpeg"}],"twitter_card":"summary_large_image","twitter_misc":{"Est. tempo de leitura":"6 minutos"},"schema":{"@context":"https:\/\/schema.org","@graph":[{"@type":"WebPage","@id":"https:\/\/usa-b2.com\/pt-br\/great-lakes-circle-tour\/","url":"https:\/\/usa-b2.com\/pt-br\/great-lakes-circle-tour\/","name":"Circuito dos Grandes Lagos : A melhor viagem de carro pelos Grandes Lagos - USA B2","isPartOf":{"@id":"https:\/\/usa-b2.com\/pt-br\/#website"},"primaryImageOfPage":{"@id":"https:\/\/usa-b2.com\/pt-br\/great-lakes-circle-tour\/#primaryimage"},"image":{"@id":"https:\/\/usa-b2.com\/pt-br\/great-lakes-circle-tour\/#primaryimage"},"thumbnailUrl":"https:\/\/usa-b2.com\/wp-content\/uploads\/2025\/03\/Great-Lakes-Circle-Tour-USA-1-1024x576.jpg","datePublished":"2025-03-18T12:32:41+00:00","dateModified":"2025-04-10T18:31:51+00:00","description":"Explore o Great Lakes Circle Tour, uma viagem \u00e9pica ao redor dos Grandes Lagos com itiner\u00e1rio, paisagens, acomoda\u00e7\u00f5es e atividades.","breadcrumb":{"@id":"https:\/\/usa-b2.com\/pt-br\/great-lakes-circle-tour\/#breadcrumb"},"inLanguage":"pt-BR","potentialAction":[{"@type":"ReadAction","target":["https:\/\/usa-b2.com\/pt-br\/great-lakes-circle-tour\/"]}]},{"@type":"ImageObject","inLanguage":"pt-BR","@id":"https:\/\/usa-b2.com\/pt-br\/great-lakes-circle-tour\/#primaryimage","url":"https:\/\/usa-b2.com\/wp-content\/uploads\/2025\/03\/Great-Lakes-Circle-Tour-USA-1-1024x576.jpg","contentUrl":"https:\/\/usa-b2.com\/wp-content\/uploads\/2025\/03\/Great-Lakes-Circle-Tour-USA-1-1024x576.jpg"},{"@type":"BreadcrumbList","@id":"https:\/\/usa-b2.com\/pt-br\/great-lakes-circle-tour\/#breadcrumb","itemListElement":[{"@type":"ListItem","position":1,"name":"Accueil","item":"https:\/\/usa-b2.com\/pt-br\/roadtrips-eua\/"},{"@type":"ListItem","position":2,"name":"Circuito dos Grandes Lagos : A melhor viagem de carro pelos Grandes Lagos"}]},{"@type":"WebSite","@id":"https:\/\/usa-b2.com\/pt-br\/#website","url":"https:\/\/usa-b2.com\/pt-br\/","name":"USA B2 VISA","description":"","potentialAction":[{"@type":"SearchAction","target":{"@type":"EntryPoint","urlTemplate":"https:\/\/usa-b2.com\/pt-br\/?s={search_term_string}"},"query-input":{"@type":"PropertyValueSpecification","valueRequired":true,"valueName":"search_term_string"}}],"inLanguage":"pt-BR"}]}},"_links":{"self":[{"href":"https:\/\/usa-b2.com\/pt-br\/wp-json\/wp\/v2\/pages\/8601","targetHints":{"allow":["GET"]}}],"collection":[{"href":"https:\/\/usa-b2.com\/pt-br\/wp-json\/wp\/v2\/pages"}],"about":[{"href":"https:\/\/usa-b2.com\/pt-br\/wp-json\/wp\/v2\/types\/page"}],"author":[{"embeddable":true,"href":"https:\/\/usa-b2.com\/pt-br\/wp-json\/wp\/v2\/users\/1"}],"replies":[{"embeddable":true,"href":"https:\/\/usa-b2.com\/pt-br\/wp-json\/wp\/v2\/comments?post=8601"}],"version-history":[{"count":0,"href":"https:\/\/usa-b2.com\/pt-br\/wp-json\/wp\/v2\/pages\/8601\/revisions"}],"wp:attachment":[{"href":"https:\/\/usa-b2.com\/pt-br\/wp-json\/wp\/v2\/media?parent=8601"}],"curies":[{"name":"wp","href":"https:\/\/api.w.org\/{rel}","templated":true}]}}