{"id":8566,"date":"2025-04-10T16:14:56","date_gmt":"2025-04-10T16:14:56","guid":{"rendered":"https:\/\/usa-b2.com\/visto-b1-b2-dos-eua\/"},"modified":"2025-05-14T12:16:12","modified_gmt":"2025-05-14T12:16:12","slug":"visto-b1-b2-dos-eua","status":"publish","type":"page","link":"https:\/\/usa-b2.com\/pt-br\/visto-b1-b2-dos-eua\/","title":{"rendered":"Visto B1\/B2 para visitar os Estados Unidos"},"content":{"rendered":"\n<h1 class=\"wp-block-heading\">O visto b1b2 para viajar para os EUA<\/h1>\n\n<p>O <strong>visto B1\/B2 dos EUA<\/strong> \u00e9 o <a href=\"https:\/\/usa-b2.com\/pt-br\/visto-visitante-eua\/\">visto de visitante americano<\/a> mais comum. Quer voc\u00ea esteja viajando a neg\u00f3cios ou a lazer, esse visto \u00e9 a solu\u00e7\u00e3o ideal para uma <strong>estadia tempor\u00e1ria<\/strong> em solo americano. Neste guia, voc\u00ea descobrir\u00e1 tudo o que precisa saber sobre o visto <strong>B1\/B2<\/strong>, suas condi\u00e7\u00f5es, sua utilidade e como solicit\u00e1-lo.  <\/p>\n\n<h2 class=\"wp-block-heading\">O que \u00e9 o visto B1\/B2?<\/h2>\n\n<p>O <strong>visto B1\/B2<\/strong> \u00e9 um <strong>visto de n\u00e3o imigrante<\/strong> emitido pelas autoridades americanas para pessoas que desejam entrar nos Estados Unidos em car\u00e1ter tempor\u00e1rio.<\/p>\n\n<ul class=\"wp-block-list\">\n<li>O <a href=\"https:\/\/usa-b2.com\/pt-br\/visto-b1-eua\/\">visto B1<\/a> \u00e9 para <strong>viagens de neg\u00f3cios<\/strong> (reuni\u00f5es, confer\u00eancias, contratos, etc.).<\/li>\n\n\n\n<li>O <a href=\"https:\/\/usa-b2.com\/pt-br\/visto-b2\/\">visto B2<\/a> \u00e9 para <strong>turismo, visitas familiares ou tratamento m\u00e9dico<\/strong>.<\/li>\n\n\n\n<li>Eles geralmente s\u00e3o combinados em um <strong>visto B1\/B2 para os EUA<\/strong>, o que significa que voc\u00ea pode viajar para ambas as finalidades com o mesmo documento.<\/li>\n<\/ul>\n\n<div style=\"height:20px\" aria-hidden=\"true\" class=\"wp-block-spacer\"><\/div>\n\n<h2 class=\"wp-block-heading\">Quem pode solicitar um visto B1\/B2 para os EUA?<\/h2>\n\n<p>Qualquer pessoa que n\u00e3o se qualifique para o <a href=\"https:\/\/usa-b2.com\/pt-br\/o-que-esta\/\">programa ESTA<\/a> ou que deseje permanecer <strong>nos Estados Unidos por mais de 90 dias<\/strong> pode solicitar um <strong>visto americano B1 B2<\/strong>. Ele \u00e9 particularmente \u00fatil para : <\/p>\n\n<ul class=\"wp-block-list\">\n<li>Cidad\u00e3os de pa\u00edses que n\u00e3o s\u00e3o membros do <a href=\"https:\/\/usa-b2.com\/pt-br\/visa-waiver-program\/\">Programa de Isen\u00e7\u00e3o de Vistos<\/a><\/li>\n\n\n\n<li>Pessoas que precisam de mais flexibilidade na dura\u00e7\u00e3o ou no objetivo de sua estadia<\/li>\n\n\n\n<li>Viajantes que j\u00e1 tiveram a autoriza\u00e7\u00e3o do ESTA recusada<\/li>\n<\/ul>\n\n<div style=\"height:20px\" aria-hidden=\"true\" class=\"wp-block-spacer\"><\/div>\n\n<h2 class=\"wp-block-heading\">Per\u00edodo de validade e condi\u00e7\u00f5es do visto B1 B2<\/h2>\n\n<p>O <strong>visto B1\/B2 dos EUA<\/strong> pode ser v\u00e1lido por um per\u00edodo de <strong>1 a 10 anos<\/strong>, dependendo do seu pa\u00eds de resid\u00eancia e das decis\u00f5es do consulado americano. Ele autoriza voc\u00ea a : <\/p>\n\n<ul class=\"wp-block-list\">\n<li><strong>Estadias tempor\u00e1rias<\/strong> de at\u00e9 6 meses por entrada<\/li>\n\n\n\n<li><strong>V\u00e1rias entradas<\/strong> nos Estados Unidos durante o per\u00edodo de validade<\/li>\n\n\n\n<li>Sem autoriza\u00e7\u00e3o para trabalho remunerado ou estudo<\/li>\n<\/ul>\n\n<p>\ud83d\udd17 Veja tamb\u00e9m: <a href=\"https:\/\/usa-b2.com\/pt-br\/diferenca-entre-visto-e-esta\/\">Diferen\u00e7a entre o ESTA e o visto<\/a><br\/>\ud83d\udd17 Veja tamb\u00e9m: <a href=\"https:\/\/usa-b2.com\/pt-br\/passaporte-viagem-eua\/\">Passaporte v\u00e1lido para viajar aos EUA<\/a><\/p>\n\n<h2 class=\"wp-block-heading\">Como fa\u00e7o para obter um visto B1 B2 para os Estados Unidos?<\/h2>\n\n<h3 class=\"wp-block-heading\">1. Preencha o formul\u00e1rio DS-160<\/h3>\n\n<p>O <a href=\"https:\/\/usa-b2.com\/pt-br\/ds-160\/\">formul\u00e1rio oficial DS-160<\/a> para todos os pedidos de <strong>visto de n\u00e3o imigrante dos EUA<\/strong>.<\/p>\n\n<h3 class=\"wp-block-heading\">2. Pagar a taxa de inscri\u00e7\u00e3o<\/h3>\n\n<p>O <a href=\"https:\/\/usa-b2.com\/pt-br\/taxas-visto-b2\/\">pre\u00e7o do visto<\/a> varia de acordo com o tipo de visto americano escolhido. Em geral, o visto <strong>B1\/B2<\/strong> custa cerca de <strong>US$ 185<\/strong> em taxas administrativas a serem pagas ao <a href=\"https:\/\/usa-b2.com\/pt-br\/procedimento-aplicacao-visto-b2\/\">solicitar o visto<\/a>. <\/p>\n\n<h3 class=\"wp-block-heading\">3. Marque uma entrevista na Embaixada dos EUA<\/h3>\n\n<p>A entrevista \u00e9 <strong>obrigat\u00f3ria<\/strong> para a maioria dos candidatos. Voc\u00ea precisar\u00e1 explicar os motivos da sua viagem. Consulte nosso artigo sobre a <a href=\"https:\/\/usa-b2.com\/pt-br\/nomeacao-visto-embaixada-eua\/\">entrevista na embaixada dos EUA<\/a> para que voc\u00ea se prepare para essa etapa importante.  <\/p>\n\n<h3 class=\"wp-block-heading\">4. Preparar os documentos necess\u00e1rios<\/h3>\n\n<ul class=\"wp-block-list\">\n<li><a href=\"https:\/\/usa-b2.com\/pt-br\/passaporte-viagem-eua\/\">Passaporte v\u00e1lido para os EUA<\/a><\/li>\n\n\n\n<li>Foto para passaporte<\/li>\n\n\n\n<li>Comprovante de fundos, itiner\u00e1rio de viagem, cartas de convite (se aplic\u00e1vel)<\/li>\n<\/ul>\n\n<h3 class=\"wp-block-heading\">5. Aguardar a decis\u00e3o<\/h3>\n\n<p>O <strong>tempo necess\u00e1rio para obter uma licen\u00e7a<\/strong> varia. Em m\u00e9dia, voc\u00ea deve esperar de <strong>1 a 4 semanas<\/strong>. <br\/><\/p>\n\n<h2 class=\"wp-block-heading\">Ilustra\u00e7\u00e3o do processo de obten\u00e7\u00e3o de um visto b1\/b2<\/h2>\n\n<figure class=\"wp-block-image size-large\"><img fetchpriority=\"high\" decoding=\"async\" width=\"683\" height=\"1024\" src=\"https:\/\/usa-b2.com\/wp-content\/uploads\/2025\/04\/us-visa-b1b2-683x1024.png\" alt=\"Como obter um visto B1 B2\" class=\"wp-image-8440\" srcset=\"https:\/\/usa-b2.com\/wp-content\/uploads\/2025\/04\/us-visa-b1b2-683x1024.png 683w, https:\/\/usa-b2.com\/wp-content\/uploads\/2025\/04\/us-visa-b1b2-200x300.png 200w, https:\/\/usa-b2.com\/wp-content\/uploads\/2025\/04\/us-visa-b1b2-768x1152.png 768w, https:\/\/usa-b2.com\/wp-content\/uploads\/2025\/04\/us-visa-b1b2.png 1024w\" sizes=\"(max-width: 683px) 100vw, 683px\" \/><figcaption class=\"wp-element-caption\">Como obter um visto B1\/B2<\/figcaption><\/figure>\n\n<h2 class=\"wp-block-heading\">Perguntas frequentes sobre o visto B1\/B2 dos EUA<\/h2>\n\n<h3 class=\"wp-block-heading\">Posso trabalhar com um visto B1\/B2?<\/h3>\n\n<p>N\u00e3o. O <strong>visto B1 B2 dos EUA<\/strong> \u00e9 estritamente reservado para <strong>visitas tempor\u00e1rias<\/strong> sem emprego remunerado ou estudo. <\/p>\n\n<h3 class=\"wp-block-heading\">O visto americano B1 e B2 pode ser prorrogado?<\/h3>\n\n<p>Sim, mas \u00e9 <strong>complicado<\/strong>. Voc\u00ea deve solicitar uma prorroga\u00e7\u00e3o <strong>pelo menos 45 dias antes do vencimento<\/strong>. <\/p>\n\n<h3 class=\"wp-block-heading\">\u00c9 a mesma coisa que o ESTA?<\/h3>\n\n<p>N\u00e3o. O<strong>ESTA<\/strong> \u00e9 reservado para determinados pa\u00edses e por um per\u00edodo <strong>m\u00e1ximo de 90 dias<\/strong>. O <strong>visto B1\/B2 dos EUA<\/strong> \u00e9 mais flex\u00edvel, mas exige mais formalidades.  <\/p>\n\n<h2 class=\"wp-block-heading\">Por que escolher o visto B1 B2 para visitar os Estados Unidos?<\/h2>\n\n<p>O <strong>visto B1\/B2 dos EUA<\/strong> \u00e9 ideal se voc\u00ea deseja :<\/p>\n\n<ul class=\"wp-block-list\">\n<li><strong>Visitar parentes, fazer turismo, consultar um m\u00e9dico<\/strong><\/li>\n\n\n\n<li><strong>Participar de confer\u00eancias e reuni\u00f5es profissionais<\/strong><\/li>\n\n\n\n<li>Viagens <strong>regulares aos EUA<\/strong> com um visto v\u00e1lido por v\u00e1rios anos<\/li>\n\n\n\n<li>Uma <strong>alternativa ao ESTA<\/strong><\/li>\n<\/ul>\n\n<h2 class=\"wp-block-heading\">Em poucas palavras<\/h2>\n\n<figure class=\"wp-block-table\"><table class=\"has-fixed-layout\"><thead><tr><th>Elemento<\/th><th>Detalhes<\/th><\/tr><\/thead><tbody><tr><td>Tipo de visto<\/td><td><strong>Vistos B1\/B2<\/strong> (neg\u00f3cios e turismo)<\/td><\/tr><tr><td>Dura\u00e7\u00e3o da estadia<\/td><td>At\u00e9 6 meses por entrada<\/td><\/tr><tr><td>Per\u00edodo de validade<\/td><td>At\u00e9 10 anos<\/td><\/tr><tr><td>N\u00famero de entradas<\/td><td>M\u00faltiplos<\/td><\/tr><tr><td>Podemos trabalhar?<\/td><td>\u274c N\u00e3o<\/td><\/tr><tr><td>Podemos estudar?<\/td><td>\u274c N\u00e3o (exceto em casos especiais)<\/td><\/tr><\/tbody><\/table><\/figure>\n","protected":false},"excerpt":{"rendered":"<p>O visto b1b2 para viajar para os EUA O visto B1\/B2 dos EUA \u00e9 o visto de visitante americano mais comum. Quer voc\u00ea esteja viajando a neg\u00f3cios ou a lazer, esse visto \u00e9 a solu\u00e7\u00e3o ideal para uma estadia tempor\u00e1ria em solo americano. Neste guia, voc\u00ea descobrir\u00e1 tudo o que precisa saber sobre o visto [&hellip;]<\/p>\n","protected":false},"author":1,"featured_media":0,"parent":0,"menu_order":0,"comment_status":"closed","ping_status":"closed","template":"","meta":{"footnotes":""},"class_list":["post-8566","page","type-page","status-publish","hentry"],"yoast_head":"<!-- This site is optimized with the Yoast SEO plugin v27.4 - https:\/\/yoast.com\/product\/yoast-seo-wordpress\/ -->\n<title>Visto B1\/B2 para visitar os Estados Unidos - USA B2<\/title>\n<meta name=\"description\" content=\"O visto b1\/B2 para os Estados Unidos permite que os viajantes permane\u00e7am para turismo ou neg\u00f3cios por mais de 90 dias.\" \/>\n<meta name=\"robots\" content=\"index, follow, max-snippet:-1, max-image-preview:large, max-video-preview:-1\" \/>\n<link rel=\"canonical\" href=\"https:\/\/usa-b2.com\/pt-br\/visto-b1-b2-dos-eua\/\" \/>\n<meta property=\"og:locale\" content=\"pt_BR\" \/>\n<meta property=\"og:type\" content=\"article\" \/>\n<meta property=\"og:title\" content=\"Visto B1\/B2 para visitar os Estados Unidos - USA B2\" \/>\n<meta property=\"og:description\" content=\"O visto b1\/B2 para os Estados Unidos permite que os viajantes permane\u00e7am para turismo ou neg\u00f3cios por mais de 90 dias.\" \/>\n<meta property=\"og:url\" content=\"https:\/\/usa-b2.com\/pt-br\/visto-b1-b2-dos-eua\/\" \/>\n<meta property=\"og:site_name\" content=\"USA B2\" \/>\n<meta property=\"article:modified_time\" content=\"2025-05-14T12:16:12+00:00\" \/>\n<meta property=\"og:image\" content=\"https:\/\/usa-b2.com\/wp-content\/uploads\/2025\/04\/us-visa-b1b2.png\" \/>\n\t<meta property=\"og:image:width\" content=\"1024\" \/>\n\t<meta property=\"og:image:height\" content=\"1536\" \/>\n\t<meta property=\"og:image:type\" content=\"image\/png\" \/>\n<meta name=\"twitter:card\" content=\"summary_large_image\" \/>\n<meta name=\"twitter:label1\" content=\"Est. tempo de leitura\" \/>\n\t<meta name=\"twitter:data1\" content=\"4 minutos\" \/>\n<script type=\"application\/ld+json\" class=\"yoast-schema-graph\">{\"@context\":\"https:\\\/\\\/schema.org\",\"@graph\":[{\"@type\":\"WebPage\",\"@id\":\"https:\\\/\\\/usa-b2.com\\\/pt-br\\\/visto-b1-b2-dos-eua\\\/\",\"url\":\"https:\\\/\\\/usa-b2.com\\\/pt-br\\\/visto-b1-b2-dos-eua\\\/\",\"name\":\"Visto B1\\\/B2 para visitar os Estados Unidos - USA B2\",\"isPartOf\":{\"@id\":\"https:\\\/\\\/usa-b2.com\\\/pt-br\\\/#website\"},\"primaryImageOfPage\":{\"@id\":\"https:\\\/\\\/usa-b2.com\\\/pt-br\\\/visto-b1-b2-dos-eua\\\/#primaryimage\"},\"image\":{\"@id\":\"https:\\\/\\\/usa-b2.com\\\/pt-br\\\/visto-b1-b2-dos-eua\\\/#primaryimage\"},\"thumbnailUrl\":\"https:\\\/\\\/usa-b2.com\\\/wp-content\\\/uploads\\\/2025\\\/04\\\/us-visa-b1b2-683x1024.png\",\"datePublished\":\"2025-04-10T16:14:56+00:00\",\"dateModified\":\"2025-05-14T12:16:12+00:00\",\"description\":\"O visto b1\\\/B2 para os Estados Unidos permite que os viajantes permane\u00e7am para turismo ou neg\u00f3cios por mais de 90 dias.\",\"breadcrumb\":{\"@id\":\"https:\\\/\\\/usa-b2.com\\\/pt-br\\\/visto-b1-b2-dos-eua\\\/#breadcrumb\"},\"inLanguage\":\"pt-BR\",\"potentialAction\":[{\"@type\":\"ReadAction\",\"target\":[\"https:\\\/\\\/usa-b2.com\\\/pt-br\\\/visto-b1-b2-dos-eua\\\/\"]}]},{\"@type\":\"ImageObject\",\"inLanguage\":\"pt-BR\",\"@id\":\"https:\\\/\\\/usa-b2.com\\\/pt-br\\\/visto-b1-b2-dos-eua\\\/#primaryimage\",\"url\":\"https:\\\/\\\/usa-b2.com\\\/wp-content\\\/uploads\\\/2025\\\/04\\\/us-visa-b1b2-683x1024.png\",\"contentUrl\":\"https:\\\/\\\/usa-b2.com\\\/wp-content\\\/uploads\\\/2025\\\/04\\\/us-visa-b1b2-683x1024.png\"},{\"@type\":\"BreadcrumbList\",\"@id\":\"https:\\\/\\\/usa-b2.com\\\/pt-br\\\/visto-b1-b2-dos-eua\\\/#breadcrumb\",\"itemListElement\":[{\"@type\":\"ListItem\",\"position\":1,\"name\":\"Accueil\",\"item\":\"https:\\\/\\\/usa-b2.com\\\/pt-br\\\/usa\\\/\"},{\"@type\":\"ListItem\",\"position\":2,\"name\":\"Visto B1\\\/B2 para visitar os Estados Unidos\"}]},{\"@type\":\"WebSite\",\"@id\":\"https:\\\/\\\/usa-b2.com\\\/pt-br\\\/#website\",\"url\":\"https:\\\/\\\/usa-b2.com\\\/pt-br\\\/\",\"name\":\"USA B2 VISA\",\"description\":\"\",\"potentialAction\":[{\"@type\":\"SearchAction\",\"target\":{\"@type\":\"EntryPoint\",\"urlTemplate\":\"https:\\\/\\\/usa-b2.com\\\/pt-br\\\/?s={search_term_string}\"},\"query-input\":{\"@type\":\"PropertyValueSpecification\",\"valueRequired\":true,\"valueName\":\"search_term_string\"}}],\"inLanguage\":\"pt-BR\"}]}<\/script>\n<!-- \/ Yoast SEO plugin. -->","yoast_head_json":{"title":"Visto B1\/B2 para visitar os Estados Unidos - USA B2","description":"O visto b1\/B2 para os Estados Unidos permite que os viajantes permane\u00e7am para turismo ou neg\u00f3cios por mais de 90 dias.","robots":{"index":"index","follow":"follow","max-snippet":"max-snippet:-1","max-image-preview":"max-image-preview:large","max-video-preview":"max-video-preview:-1"},"canonical":"https:\/\/usa-b2.com\/pt-br\/visto-b1-b2-dos-eua\/","og_locale":"pt_BR","og_type":"article","og_title":"Visto B1\/B2 para visitar os Estados Unidos - USA B2","og_description":"O visto b1\/B2 para os Estados Unidos permite que os viajantes permane\u00e7am para turismo ou neg\u00f3cios por mais de 90 dias.","og_url":"https:\/\/usa-b2.com\/pt-br\/visto-b1-b2-dos-eua\/","og_site_name":"USA B2","article_modified_time":"2025-05-14T12:16:12+00:00","og_image":[{"width":1024,"height":1536,"url":"https:\/\/usa-b2.com\/wp-content\/uploads\/2025\/04\/us-visa-b1b2.png","type":"image\/png"}],"twitter_card":"summary_large_image","twitter_misc":{"Est. tempo de leitura":"4 minutos"},"schema":{"@context":"https:\/\/schema.org","@graph":[{"@type":"WebPage","@id":"https:\/\/usa-b2.com\/pt-br\/visto-b1-b2-dos-eua\/","url":"https:\/\/usa-b2.com\/pt-br\/visto-b1-b2-dos-eua\/","name":"Visto B1\/B2 para visitar os Estados Unidos - USA B2","isPartOf":{"@id":"https:\/\/usa-b2.com\/pt-br\/#website"},"primaryImageOfPage":{"@id":"https:\/\/usa-b2.com\/pt-br\/visto-b1-b2-dos-eua\/#primaryimage"},"image":{"@id":"https:\/\/usa-b2.com\/pt-br\/visto-b1-b2-dos-eua\/#primaryimage"},"thumbnailUrl":"https:\/\/usa-b2.com\/wp-content\/uploads\/2025\/04\/us-visa-b1b2-683x1024.png","datePublished":"2025-04-10T16:14:56+00:00","dateModified":"2025-05-14T12:16:12+00:00","description":"O visto b1\/B2 para os Estados Unidos permite que os viajantes permane\u00e7am para turismo ou neg\u00f3cios por mais de 90 dias.","breadcrumb":{"@id":"https:\/\/usa-b2.com\/pt-br\/visto-b1-b2-dos-eua\/#breadcrumb"},"inLanguage":"pt-BR","potentialAction":[{"@type":"ReadAction","target":["https:\/\/usa-b2.com\/pt-br\/visto-b1-b2-dos-eua\/"]}]},{"@type":"ImageObject","inLanguage":"pt-BR","@id":"https:\/\/usa-b2.com\/pt-br\/visto-b1-b2-dos-eua\/#primaryimage","url":"https:\/\/usa-b2.com\/wp-content\/uploads\/2025\/04\/us-visa-b1b2-683x1024.png","contentUrl":"https:\/\/usa-b2.com\/wp-content\/uploads\/2025\/04\/us-visa-b1b2-683x1024.png"},{"@type":"BreadcrumbList","@id":"https:\/\/usa-b2.com\/pt-br\/visto-b1-b2-dos-eua\/#breadcrumb","itemListElement":[{"@type":"ListItem","position":1,"name":"Accueil","item":"https:\/\/usa-b2.com\/pt-br\/usa\/"},{"@type":"ListItem","position":2,"name":"Visto B1\/B2 para visitar os Estados Unidos"}]},{"@type":"WebSite","@id":"https:\/\/usa-b2.com\/pt-br\/#website","url":"https:\/\/usa-b2.com\/pt-br\/","name":"USA B2 VISA","description":"","potentialAction":[{"@type":"SearchAction","target":{"@type":"EntryPoint","urlTemplate":"https:\/\/usa-b2.com\/pt-br\/?s={search_term_string}"},"query-input":{"@type":"PropertyValueSpecification","valueRequired":true,"valueName":"search_term_string"}}],"inLanguage":"pt-BR"}]}},"_links":{"self":[{"href":"https:\/\/usa-b2.com\/pt-br\/wp-json\/wp\/v2\/pages\/8566","targetHints":{"allow":["GET"]}}],"collection":[{"href":"https:\/\/usa-b2.com\/pt-br\/wp-json\/wp\/v2\/pages"}],"about":[{"href":"https:\/\/usa-b2.com\/pt-br\/wp-json\/wp\/v2\/types\/page"}],"author":[{"embeddable":true,"href":"https:\/\/usa-b2.com\/pt-br\/wp-json\/wp\/v2\/users\/1"}],"replies":[{"embeddable":true,"href":"https:\/\/usa-b2.com\/pt-br\/wp-json\/wp\/v2\/comments?post=8566"}],"version-history":[{"count":0,"href":"https:\/\/usa-b2.com\/pt-br\/wp-json\/wp\/v2\/pages\/8566\/revisions"}],"wp:attachment":[{"href":"https:\/\/usa-b2.com\/pt-br\/wp-json\/wp\/v2\/media?parent=8566"}],"curies":[{"name":"wp","href":"https:\/\/api.w.org\/{rel}","templated":true}]}}