{"id":8522,"date":"2025-03-18T12:31:27","date_gmt":"2025-03-18T12:31:27","guid":{"rendered":"https:\/\/usa-b2.com\/route-66-the-mother-road\/"},"modified":"2025-10-16T08:19:29","modified_gmt":"2025-10-16T08:19:29","slug":"route-66-the-mother-road","status":"publish","type":"page","link":"https:\/\/usa-b2.com\/pt-br\/route-66-the-mother-road\/","title":{"rendered":"Route 66 (A Estrada M\u00e3e): A m\u00edtica viagem de carro pelos Estados Unidos"},"content":{"rendered":"\n<h1 class=\"wp-block-heading\">Viagem de carro pela Rota 66: o que ver e onde parar?<\/h1>\n\n<p><a href=\"https:\/\/www.theroute-66.com\/\">A Rota 66<\/a>, apelidada de &#8220;The Mother Road&#8221;, \u00e9 uma das estradas mais emblem\u00e1ticas dos Estados Unidos. Atravessando oito estados, de <a href=\"https:\/\/www.chicago.gov\/city\/en.html\">Chicago<\/a> a <a href=\"https:\/\/lacity.gov\/\">Los Angeles<\/a>, ela representa a jornada definitiva pela Am\u00e9rica mais profunda. Com suas paisagens variadas, mot\u00e9is antigos e locais hist\u00f3ricos, ela atrai milhares de viajantes em busca de aventura todos os anos. Aqui est\u00e1 um guia detalhado para voc\u00ea organizar sua viagem de carro por essa rota lend\u00e1ria.   <\/p>\n\n<figure class=\"wp-block-image size-large\"><img fetchpriority=\"high\" decoding=\"async\" width=\"1024\" height=\"576\" src=\"https:\/\/usa-b2.com\/wp-content\/uploads\/2025\/03\/Roadtrip-Route-66-1024x576.jpg\" alt=\"\" class=\"wp-image-8354\" srcset=\"https:\/\/usa-b2.com\/wp-content\/uploads\/2025\/03\/Roadtrip-Route-66-1024x576.jpg 1024w, https:\/\/usa-b2.com\/wp-content\/uploads\/2025\/03\/Roadtrip-Route-66-300x169.jpg 300w, https:\/\/usa-b2.com\/wp-content\/uploads\/2025\/03\/Roadtrip-Route-66-768x432.jpg 768w, https:\/\/usa-b2.com\/wp-content\/uploads\/2025\/03\/Roadtrip-Route-66-1536x864.jpg 1536w, https:\/\/usa-b2.com\/wp-content\/uploads\/2025\/03\/Roadtrip-Route-66-2048x1152.jpg 2048w\" sizes=\"(max-width: 1024px) 100vw, 1024px\" \/><\/figure>\n\n<h2 class=\"wp-block-heading\">Paisagens e locais naturais imperd\u00edveis<\/h2>\n\n<h3 class=\"wp-block-heading\">Parques nacionais e locais naturais<\/h3>\n\n<p>A Rota 66 passa por v\u00e1rios parques nacionais e paisagens espetaculares que valem a pena o desvio. Entre eles, o <a href=\"https:\/\/www.grandcanyon.org\/experience-grand-canyon\">Grand Canyon National Park<\/a>, no <a href=\"https:\/\/az.gov\/\">Arizona<\/a>, \u00e9 imperd\u00edvel. Acess\u00edvel a partir de Williams, ele oferece panoramas de tirar o f\u00f4lego e v\u00e1rias caminhadas adequadas para todos os n\u00edveis. Outro local importante \u00e9 o <a href=\"https:\/\/www.petrifiedforest.org\/\">Petrified Forest National Park<\/a>, onde voc\u00ea pode admirar troncos de \u00e1rvores fossilizadas com milh\u00f5es de anos de idade. Na <a href=\"https:\/\/www.ca.gov\/\">Calif\u00f3rnia<\/a>, o <a href=\"https:\/\/www.mojavepreserve.org\/\">Mojave National Preserve<\/a> mergulha voc\u00ea na imensid\u00e3o do deserto, com suas dunas e florestas de \u00e1rvores Joshua.    <\/p>\n\n<h3 class=\"wp-block-heading\">\u00c1reas de descanso e locais emblem\u00e1ticos<\/h3>\n\n<p>As paradas ic\u00f4nicas ao longo da Rota 66 s\u00e3o perfeitas para voc\u00ea sentir o ambiente vintage da estrada. <a href=\"https:\/\/www.visitamarillo.com\/listing\/cadillac-ranch\/625\/\">O Cadillac Ranch<\/a>, no <a href=\"https:\/\/www.texas.gov\/\">Texas<\/a>, \u00e9 uma instala\u00e7\u00e3o art\u00edstica exclusiva onde os carros s\u00e3o plantados no ch\u00e3o e cobertos de grafite. Em <a href=\"https:\/\/oklahoma.gov\/\">Oklahoma<\/a>, a <a href=\"https:\/\/www.travelok.com\/listings\/view.profile\/id.653\">Blue Whale of Catoosa<\/a> \u00e9 um local incomum e colorido. Finalmente, em Los Angeles, o <a href=\"https:\/\/www.santamonicapier.org\/\">P\u00eder de Santa M\u00f4nica<\/a> marca o fim da estrada com a m\u00edtica placa &#8220;End of the Trail&#8221;.  <\/p>\n\n<h2 class=\"wp-block-heading\">Itiner\u00e1rio detalhado da Rota 66<\/h2>\n\n<h3 class=\"wp-block-heading\">De Chicago a Oklahoma City<\/h3>\n\n<p>A viagem come\u00e7a em <a href=\"https:\/\/www.chicago.gov\/city\/en.html\">Chicago<\/a>, onde a placa &#8220;Begin Route 66&#8221; marca o in\u00edcio. No caminho para o sudoeste, uma parada em <a href=\"https:\/\/explorestlouis.com\/\">Saint-Louis<\/a> permite que voc\u00ea admire o<a href=\"https:\/\/www.gatewayarch.com\/\">Gateway Arch<\/a>, o s\u00edmbolo da cidade. <a href=\"https:\/\/www.springfieldmo.gov\/\">Springfield<\/a>, em Illinois, oferece a voc\u00ea um vislumbre da vida de<a href=\"https:\/\/www.abrahamlincoln.org\/index.html\">Abraham Lincoln<\/a>. Mais adiante, <a href=\"https:\/\/www.cityoftulsa.org\/\">Tulsa<\/a> e <a href=\"https:\/\/www.okc.gov\/\">Oklahoma City<\/a> s\u00e3o paradas imperd\u00edveis, ricas em hist\u00f3ria e cultura.  <\/p>\n\n<h3 class=\"wp-block-heading\">De Oklahoma City a Los Angeles<\/h3>\n\n<p>Depois de Oklahoma City, voc\u00ea segue para Amarillo, no Texas, famosa pelo Cadillac Ranch. <a href=\"https:\/\/www.nm.gov\/\">O Novo M\u00e9xico<\/a> \u00e9 cheio de surpresas, incluindo <a href=\"https:\/\/www.cabq.gov\/\">Albuquerque<\/a>, uma cidade com charme hisp\u00e2nico. No Arizona, <a href=\"https:\/\/www.flagstaff.az.gov\/\">Flagstaff<\/a> \u00e9 uma boa base para voc\u00ea explorar o Grand Canyon. Finalmente, a viagem termina em Los Angeles, onde o P\u00eder de Santa M\u00f4nica marca o fim da Rota 66.   <\/p>\n\n<h2 class=\"wp-block-heading\">Onde dormir ao longo da Rota 66?<\/h2>\n\n<h3 class=\"wp-block-heading\">Hot\u00e9is hist\u00f3ricos<\/h3>\n\n<p>A Rota 66 est\u00e1 repleta de acomoda\u00e7\u00f5es lend\u00e1rias. No <g id=\"gid_0\">Wigwam Motel<\/g>, no Arizona, voc\u00ea pode dormir nas tradicionais tendas. O <a href=\"https:\/\/blueswallowmotel.com\/\">Blue Swallow Motel<\/a>, no Novo M\u00e9xico, \u00e9 uma institui\u00e7\u00e3o, com suas luzes de neon retr\u00f4 e atmosfera vintage. Para que voc\u00ea possa mergulhar na era de ouro do cinema, <a href=\"https:\/\/elranchohotelgallup.com\/\">o El Rancho Hotel<\/a>, tamb\u00e9m no Novo M\u00e9xico, foi o anfitri\u00e3o de muitas estrelas de Hollywood.   <\/p>\n\n<h3 class=\"wp-block-heading\">As melhores cidades para uma noite<\/h3>\n\n<p>Algumas cidades s\u00e3o ideais para voc\u00ea fazer uma pausa. Flagstaff, no Arizona, \u00e9 um \u00f3timo lugar para voc\u00ea visitar o Grand Canyon e curtir a atmosfera das montanhas. <g id=\"gid_0\">Santa F\u00e9<\/g>, no Novo M\u00e9xico, tem uma grande variedade de galerias de arte e arquitetura de adobe. Por fim, <a href=\"https:\/\/www.barstowca.org\/\">Barstow<\/a>, na Calif\u00f3rnia, \u00e9 uma parada obrigat\u00f3ria antes de voc\u00ea chegar a Los Angeles.  <\/p>\n\n<h2 class=\"wp-block-heading\">Locais para fotos que voc\u00ea pode usar no Instagram<\/h2>\n\n<figure class=\"wp-block-table\"><table class=\"has-fixed-layout\"><tbody><tr><td><strong>Foto do local<\/strong><\/td><td><strong>Localiza\u00e7\u00e3o<\/strong><\/td><td><strong>Interesse<\/strong><\/td><\/tr><tr><td>Sinal da Rota 66<\/td><td>Chicago, IL<\/td><td>O ic\u00f4nico sinal de partida<\/td><\/tr><tr><td>Rancho Cadillac<\/td><td>Amarillo, TX<\/td><td>Uma das instala\u00e7\u00f5es de arte mais fotografadas de todos os tempos<\/td><\/tr><tr><td><a href=\"https:\/\/standinonthecorner.org\/\">Em p\u00e9 na esquina<\/a><\/td><td>Winslow, AZ<\/td><td>Tornado famoso pela m\u00fasica do Eagles<\/td><\/tr><tr><td><a href=\"https:\/\/thebottletreeranch.com\/\">Elmer&#8217;s Bottle Tree Ranch<\/a><\/td><td>Oro Grande, CA<\/td><td>Um lugar surreal e \u00fanico<\/td><\/tr><tr><td>P\u00eder de Santa M\u00f4nica<\/td><td>Los Angeles, CA<\/td><td>O fim da jornada<\/td><\/tr><\/tbody><\/table><\/figure>\n\n<h2 class=\"wp-block-heading\">Formalidades administrativas pr\u00e9vias<\/h2>\n\n<p>Antes de partir para a lend\u00e1ria Rota 66, certifique-se de que voc\u00ea cuida de todas as formalidades da viagem:<\/p>\n\n<ul class=\"wp-block-list\">\n<li>Verifique se <a href=\"https:\/\/usa-b2.com\/pt-br\/passaporte-viagem-eua\/\">o seu passaporte \u00e9 v\u00e1lido para viajar para os EUA<\/a>.<\/li>\n\n\n\n<li>Verifique se voc\u00ea se qualifica para a <a href=\"https:\/\/usa-b2.com\/pt-br\/o-que-esta\/\">autoriza\u00e7\u00e3o de viagem ESTA<\/a> sob o <a href=\"https:\/\/usa-b2.com\/pt-br\/visa-waiver-program\/\">Programa de Isen\u00e7\u00e3o de Visto<\/a>. Caso contr\u00e1rio, voc\u00ea precisar\u00e1 solicitar um <a href=\"https:\/\/usa-b2.com\/pt-br\/visto-b2\/\">visto de turista B2<\/a>, um processo que pode levar v\u00e1rias semanas. <\/li>\n<\/ul>\n\n<p>Portanto, \u00e9 altamente recomend\u00e1vel que voc\u00ea planeje com bastante anteced\u00eancia para evitar contratempos. Uma prepara\u00e7\u00e3o rigorosa garantir\u00e1 que voc\u00ea tenha um in\u00edcio sem estresse e possa aproveitar ao m\u00e1ximo essa lend\u00e1ria aventura na Mother Road, com suas cidades ic\u00f4nicas, mot\u00e9is antigos e paisagens de tirar o f\u00f4lego.   <\/p>\n\n<h2 class=\"wp-block-heading\">Atividades para casais ou fam\u00edlias<\/h2>\n\n<h3 class=\"wp-block-heading\">Casal<\/h3>\n\n<p>Uma viagem rom\u00e2ntica pela Rota 66 oferece experi\u00eancias \u00fanicas. Em Santa F\u00e9, os restaurantes com influ\u00eancias mexicanas e espanholas s\u00e3o perfeitos para um jantar rom\u00e2ntico. O Grand Canyon, com seu p\u00f4r do sol de tirar o f\u00f4lego, \u00e9 um momento para ser compartilhado a dois. Por fim, uma noite sob as estrelas no Deserto de Mojave oferece uma atmosfera m\u00e1gica e \u00edntima.   <\/p>\n\n<h3 class=\"wp-block-heading\">Fam\u00edlia<\/h3>\n\n<p>Viajar pela Rota 66 com crian\u00e7as pode ser igualmente inesquec\u00edvel. Em Oklahoma City, o Route 66 Museum oferece exposi\u00e7\u00f5es interativas sobre a hist\u00f3ria da rota. O Blue Whale em Catoosa, com sua estrutura de jogos, \u00e9 uma parada ideal para uma pausa divertida. Por \u00faltimo, mas n\u00e3o menos importante, os muitos parques naturais tornam as caminhadas acess\u00edveis a todos.   <\/p>\n\n<p>A Rota 66 \u00e9 a <a href=\"https:\/\/usa-b2.com\/pt-br\/\">viagem rodovi\u00e1ria mais popular dos Estados Unidos<\/a>. \u00c9 uma aventura inesquec\u00edvel que combina paisagens deslumbrantes, locais hist\u00f3ricos e um toque retr\u00f4. Quer voc\u00ea esteja viajando em casal, com a fam\u00edlia ou com amigos, essa lend\u00e1ria viagem rodovi\u00e1ria o levar\u00e1 ao cora\u00e7\u00e3o do sonho americano. Planeje seu itiner\u00e1rio, reserve sua acomoda\u00e7\u00e3o e parta para descobrir a The Mother Road!   <\/p>\n","protected":false},"excerpt":{"rendered":"<p>Viagem de carro pela Rota 66: o que ver e onde parar? A Rota 66, apelidada de &#8220;The Mother Road&#8221;, \u00e9 uma das estradas mais emblem\u00e1ticas dos Estados Unidos. Atravessando oito estados, de Chicago a Los Angeles, ela representa a jornada definitiva pela Am\u00e9rica mais profunda. Com suas paisagens variadas, mot\u00e9is antigos e locais hist\u00f3ricos, [&hellip;]<\/p>\n","protected":false},"author":1,"featured_media":0,"parent":0,"menu_order":0,"comment_status":"closed","ping_status":"closed","template":"","meta":{"footnotes":""},"class_list":["post-8522","page","type-page","status-publish","hentry"],"yoast_head":"<!-- This site is optimized with the Yoast SEO plugin v27.4 - https:\/\/yoast.com\/product\/yoast-seo-wordpress\/ -->\n<title>Route 66 (A Estrada M\u00e3e): A m\u00edtica viagem de carro pelos Estados Unidos - USA B2<\/title>\n<meta name=\"description\" content=\"Viaje pela lend\u00e1ria Rota 66: itiner\u00e1rio, paisagens, hot\u00e9is, locais para fotos e atividades obrigat\u00f3rias para uma viagem inesquec\u00edvel!\" \/>\n<meta name=\"robots\" content=\"index, follow, max-snippet:-1, max-image-preview:large, max-video-preview:-1\" \/>\n<link rel=\"canonical\" href=\"https:\/\/usa-b2.com\/pt-br\/route-66-the-mother-road\/\" \/>\n<meta property=\"og:locale\" content=\"pt_BR\" \/>\n<meta property=\"og:type\" content=\"article\" \/>\n<meta property=\"og:title\" content=\"Route 66 (A Estrada M\u00e3e): A m\u00edtica viagem de carro pelos Estados Unidos - USA B2\" \/>\n<meta property=\"og:description\" content=\"Viaje pela lend\u00e1ria Rota 66: itiner\u00e1rio, paisagens, hot\u00e9is, locais para fotos e atividades obrigat\u00f3rias para uma viagem inesquec\u00edvel!\" \/>\n<meta property=\"og:url\" content=\"https:\/\/usa-b2.com\/pt-br\/route-66-the-mother-road\/\" \/>\n<meta property=\"og:site_name\" content=\"USA B2\" \/>\n<meta property=\"article:modified_time\" content=\"2025-10-16T08:19:29+00:00\" \/>\n<meta property=\"og:image\" content=\"https:\/\/usa-b2.com\/wp-content\/uploads\/2025\/03\/Roadtrip-Route-66-scaled.jpg\" \/>\n\t<meta property=\"og:image:width\" content=\"2560\" \/>\n\t<meta property=\"og:image:height\" content=\"1440\" \/>\n\t<meta property=\"og:image:type\" content=\"image\/jpeg\" \/>\n<meta name=\"twitter:card\" content=\"summary_large_image\" \/>\n<meta name=\"twitter:label1\" content=\"Est. tempo de leitura\" \/>\n\t<meta name=\"twitter:data1\" content=\"5 minutos\" \/>\n<script type=\"application\/ld+json\" class=\"yoast-schema-graph\">{\"@context\":\"https:\\\/\\\/schema.org\",\"@graph\":[{\"@type\":\"WebPage\",\"@id\":\"https:\\\/\\\/usa-b2.com\\\/pt-br\\\/route-66-the-mother-road\\\/\",\"url\":\"https:\\\/\\\/usa-b2.com\\\/pt-br\\\/route-66-the-mother-road\\\/\",\"name\":\"Route 66 (A Estrada M\u00e3e): A m\u00edtica viagem de carro pelos Estados Unidos - USA B2\",\"isPartOf\":{\"@id\":\"https:\\\/\\\/usa-b2.com\\\/pt-br\\\/#website\"},\"primaryImageOfPage\":{\"@id\":\"https:\\\/\\\/usa-b2.com\\\/pt-br\\\/route-66-the-mother-road\\\/#primaryimage\"},\"image\":{\"@id\":\"https:\\\/\\\/usa-b2.com\\\/pt-br\\\/route-66-the-mother-road\\\/#primaryimage\"},\"thumbnailUrl\":\"https:\\\/\\\/usa-b2.com\\\/wp-content\\\/uploads\\\/2025\\\/03\\\/Roadtrip-Route-66-1024x576.jpg\",\"datePublished\":\"2025-03-18T12:31:27+00:00\",\"dateModified\":\"2025-10-16T08:19:29+00:00\",\"description\":\"Viaje pela lend\u00e1ria Rota 66: itiner\u00e1rio, paisagens, hot\u00e9is, locais para fotos e atividades obrigat\u00f3rias para uma viagem inesquec\u00edvel!\",\"breadcrumb\":{\"@id\":\"https:\\\/\\\/usa-b2.com\\\/pt-br\\\/route-66-the-mother-road\\\/#breadcrumb\"},\"inLanguage\":\"pt-BR\",\"potentialAction\":[{\"@type\":\"ReadAction\",\"target\":[\"https:\\\/\\\/usa-b2.com\\\/pt-br\\\/route-66-the-mother-road\\\/\"]}]},{\"@type\":\"ImageObject\",\"inLanguage\":\"pt-BR\",\"@id\":\"https:\\\/\\\/usa-b2.com\\\/pt-br\\\/route-66-the-mother-road\\\/#primaryimage\",\"url\":\"https:\\\/\\\/usa-b2.com\\\/wp-content\\\/uploads\\\/2025\\\/03\\\/Roadtrip-Route-66-1024x576.jpg\",\"contentUrl\":\"https:\\\/\\\/usa-b2.com\\\/wp-content\\\/uploads\\\/2025\\\/03\\\/Roadtrip-Route-66-1024x576.jpg\"},{\"@type\":\"BreadcrumbList\",\"@id\":\"https:\\\/\\\/usa-b2.com\\\/pt-br\\\/route-66-the-mother-road\\\/#breadcrumb\",\"itemListElement\":[{\"@type\":\"ListItem\",\"position\":1,\"name\":\"Accueil\",\"item\":\"https:\\\/\\\/usa-b2.com\\\/pt-br\\\/usa\\\/\"},{\"@type\":\"ListItem\",\"position\":2,\"name\":\"Route 66 (A Estrada M\u00e3e): A m\u00edtica viagem de carro pelos Estados Unidos\"}]},{\"@type\":\"WebSite\",\"@id\":\"https:\\\/\\\/usa-b2.com\\\/pt-br\\\/#website\",\"url\":\"https:\\\/\\\/usa-b2.com\\\/pt-br\\\/\",\"name\":\"USA B2 VISA\",\"description\":\"\",\"potentialAction\":[{\"@type\":\"SearchAction\",\"target\":{\"@type\":\"EntryPoint\",\"urlTemplate\":\"https:\\\/\\\/usa-b2.com\\\/pt-br\\\/?s={search_term_string}\"},\"query-input\":{\"@type\":\"PropertyValueSpecification\",\"valueRequired\":true,\"valueName\":\"search_term_string\"}}],\"inLanguage\":\"pt-BR\"}]}<\/script>\n<!-- \/ Yoast SEO plugin. -->","yoast_head_json":{"title":"Route 66 (A Estrada M\u00e3e): A m\u00edtica viagem de carro pelos Estados Unidos - USA B2","description":"Viaje pela lend\u00e1ria Rota 66: itiner\u00e1rio, paisagens, hot\u00e9is, locais para fotos e atividades obrigat\u00f3rias para uma viagem inesquec\u00edvel!","robots":{"index":"index","follow":"follow","max-snippet":"max-snippet:-1","max-image-preview":"max-image-preview:large","max-video-preview":"max-video-preview:-1"},"canonical":"https:\/\/usa-b2.com\/pt-br\/route-66-the-mother-road\/","og_locale":"pt_BR","og_type":"article","og_title":"Route 66 (A Estrada M\u00e3e): A m\u00edtica viagem de carro pelos Estados Unidos - USA B2","og_description":"Viaje pela lend\u00e1ria Rota 66: itiner\u00e1rio, paisagens, hot\u00e9is, locais para fotos e atividades obrigat\u00f3rias para uma viagem inesquec\u00edvel!","og_url":"https:\/\/usa-b2.com\/pt-br\/route-66-the-mother-road\/","og_site_name":"USA B2","article_modified_time":"2025-10-16T08:19:29+00:00","og_image":[{"width":2560,"height":1440,"url":"https:\/\/usa-b2.com\/wp-content\/uploads\/2025\/03\/Roadtrip-Route-66-scaled.jpg","type":"image\/jpeg"}],"twitter_card":"summary_large_image","twitter_misc":{"Est. tempo de leitura":"5 minutos"},"schema":{"@context":"https:\/\/schema.org","@graph":[{"@type":"WebPage","@id":"https:\/\/usa-b2.com\/pt-br\/route-66-the-mother-road\/","url":"https:\/\/usa-b2.com\/pt-br\/route-66-the-mother-road\/","name":"Route 66 (A Estrada M\u00e3e): A m\u00edtica viagem de carro pelos Estados Unidos - USA B2","isPartOf":{"@id":"https:\/\/usa-b2.com\/pt-br\/#website"},"primaryImageOfPage":{"@id":"https:\/\/usa-b2.com\/pt-br\/route-66-the-mother-road\/#primaryimage"},"image":{"@id":"https:\/\/usa-b2.com\/pt-br\/route-66-the-mother-road\/#primaryimage"},"thumbnailUrl":"https:\/\/usa-b2.com\/wp-content\/uploads\/2025\/03\/Roadtrip-Route-66-1024x576.jpg","datePublished":"2025-03-18T12:31:27+00:00","dateModified":"2025-10-16T08:19:29+00:00","description":"Viaje pela lend\u00e1ria Rota 66: itiner\u00e1rio, paisagens, hot\u00e9is, locais para fotos e atividades obrigat\u00f3rias para uma viagem inesquec\u00edvel!","breadcrumb":{"@id":"https:\/\/usa-b2.com\/pt-br\/route-66-the-mother-road\/#breadcrumb"},"inLanguage":"pt-BR","potentialAction":[{"@type":"ReadAction","target":["https:\/\/usa-b2.com\/pt-br\/route-66-the-mother-road\/"]}]},{"@type":"ImageObject","inLanguage":"pt-BR","@id":"https:\/\/usa-b2.com\/pt-br\/route-66-the-mother-road\/#primaryimage","url":"https:\/\/usa-b2.com\/wp-content\/uploads\/2025\/03\/Roadtrip-Route-66-1024x576.jpg","contentUrl":"https:\/\/usa-b2.com\/wp-content\/uploads\/2025\/03\/Roadtrip-Route-66-1024x576.jpg"},{"@type":"BreadcrumbList","@id":"https:\/\/usa-b2.com\/pt-br\/route-66-the-mother-road\/#breadcrumb","itemListElement":[{"@type":"ListItem","position":1,"name":"Accueil","item":"https:\/\/usa-b2.com\/pt-br\/usa\/"},{"@type":"ListItem","position":2,"name":"Route 66 (A Estrada M\u00e3e): A m\u00edtica viagem de carro pelos Estados Unidos"}]},{"@type":"WebSite","@id":"https:\/\/usa-b2.com\/pt-br\/#website","url":"https:\/\/usa-b2.com\/pt-br\/","name":"USA B2 VISA","description":"","potentialAction":[{"@type":"SearchAction","target":{"@type":"EntryPoint","urlTemplate":"https:\/\/usa-b2.com\/pt-br\/?s={search_term_string}"},"query-input":{"@type":"PropertyValueSpecification","valueRequired":true,"valueName":"search_term_string"}}],"inLanguage":"pt-BR"}]}},"_links":{"self":[{"href":"https:\/\/usa-b2.com\/pt-br\/wp-json\/wp\/v2\/pages\/8522","targetHints":{"allow":["GET"]}}],"collection":[{"href":"https:\/\/usa-b2.com\/pt-br\/wp-json\/wp\/v2\/pages"}],"about":[{"href":"https:\/\/usa-b2.com\/pt-br\/wp-json\/wp\/v2\/types\/page"}],"author":[{"embeddable":true,"href":"https:\/\/usa-b2.com\/pt-br\/wp-json\/wp\/v2\/users\/1"}],"replies":[{"embeddable":true,"href":"https:\/\/usa-b2.com\/pt-br\/wp-json\/wp\/v2\/comments?post=8522"}],"version-history":[{"count":4,"href":"https:\/\/usa-b2.com\/pt-br\/wp-json\/wp\/v2\/pages\/8522\/revisions"}],"predecessor-version":[{"id":10607,"href":"https:\/\/usa-b2.com\/pt-br\/wp-json\/wp\/v2\/pages\/8522\/revisions\/10607"}],"wp:attachment":[{"href":"https:\/\/usa-b2.com\/pt-br\/wp-json\/wp\/v2\/media?parent=8522"}],"curies":[{"name":"wp","href":"https:\/\/api.w.org\/{rel}","templated":true}]}}