{"id":8227,"date":"2025-03-17T13:14:29","date_gmt":"2025-03-17T13:14:29","guid":{"rendered":"https:\/\/usa-b2.com\/viagem-sudoeste-estados-unidos\/"},"modified":"2025-11-04T11:39:55","modified_gmt":"2025-11-04T11:39:55","slug":"viagem-sudoeste-estados-unidos","status":"publish","type":"page","link":"https:\/\/usa-b2.com\/pt-br\/viagem-sudoeste-estados-unidos\/","title":{"rendered":"Viagem de carro pelo sudoeste dos Estados Unidos"},"content":{"rendered":"\n<h1 class=\"wp-block-heading\">Sudoeste dos Estados Unidos de carro: guia para a viagem perfeita<\/h1>\n\n<h2 class=\"wp-block-heading\">Itiner\u00e1rio da viagem rodovi\u00e1ria pelo Grande C\u00edrculo  <\/h2>\n\n<figure class=\"wp-block-image size-large\"><img fetchpriority=\"high\" decoding=\"async\" width=\"1024\" height=\"576\" src=\"https:\/\/usa-b2.com\/wp-content\/uploads\/2025\/03\/Grand-circle-road-trip-1024x576.jpg\" alt=\"\" class=\"wp-image-8187\" srcset=\"https:\/\/usa-b2.com\/wp-content\/uploads\/2025\/03\/Grand-circle-road-trip-1024x576.jpg 1024w, https:\/\/usa-b2.com\/wp-content\/uploads\/2025\/03\/Grand-circle-road-trip-300x169.jpg 300w, https:\/\/usa-b2.com\/wp-content\/uploads\/2025\/03\/Grand-circle-road-trip-768x432.jpg 768w, https:\/\/usa-b2.com\/wp-content\/uploads\/2025\/03\/Grand-circle-road-trip.jpg 1280w\" sizes=\"(max-width: 1024px) 100vw, 1024px\" \/><\/figure>\n\n<h3 class=\"wp-block-heading\">Partida e primeira etapa: Las Vegas<\/h3>\n\n<p><a href=\"https:\/\/www.lasvegasnevada.gov\/\">Las Vegas<\/a> \u00e9 o ponto de partida ideal para uma viagem de carro pelo sudoeste americano. O aeroporto internacional recebe um grande n\u00famero de voos e oferece uma ampla op\u00e7\u00e3o de aluguel de carros. Antes de pegar a estrada, vale a pena passar uma noite explorando a Strip, os lend\u00e1rios hot\u00e9is-cassinos, como o <a href=\"https:\/\/bellagio.mgmresorts.com\/en.html\">Bellagio<\/a> e seu famoso show de fontes, ou a <a href=\"https:\/\/vegasexperience.com\/\">Fremont Street Experience<\/a> para uma imers\u00e3o luminosa na atmosfera de Vegas.<\/p>\n\n<p>No dia seguinte, siga para o <a href=\"https:\/\/www.grandcanyon.org\/experience-grand-canyon\">Grand Canyon<\/a> pela <a href=\"https:\/\/usa-b2.com\/pt-br\/route-66-the-mother-road\/\">Rota 66<\/a>, passando por Seligman, uma cidade ic\u00f4nica para uma pausa vintage e um hamb\u00farguer t\u00edpico.<\/p>\n\n<h3 class=\"wp-block-heading\">Grand Canyon e Monument Valley (dias 2 a 4)<\/h3>\n\n<p>O Grand Canyon \u00e9 um dos locais naturais mais visitados do mundo. Para que voc\u00ea tenha a melhor experi\u00eancia, escolha o South Rim, que oferece vistas incr\u00edveis do c\u00e2nion. Entre os melhores pontos:  <\/p>\n\n<ul class=\"wp-block-list\">\n<li><strong>Mather Point<\/strong>: perfeito para um nascer do sol espetacular.<\/li>\n\n\n\n<li><strong>Desert View Watchtower<\/strong>: uma torre de observa\u00e7\u00e3o que oferece vistas panor\u00e2micas.<\/li>\n<\/ul>\n\n<p>Depois de explorar o c\u00e2nion, siga para <a href=\"https:\/\/horseshoebend.co\/\">Horseshoe Bend<\/a>, um circuito espetacular do Colorado. Por fim, <a href=\"https:\/\/navajonationparks.org\/navajo-tribal-parks\/monument-valley\/\">o Monument Valley<\/a> levar\u00e1 voc\u00ea de volta ao cen\u00e1rio dos lend\u00e1rios westerns, com uma excurs\u00e3o de 4&#215;4 guiada pelos <a href=\"https:\/\/www.navajo-nsn.gov\/\">Navajos<\/a>.<\/p>\n\n<h3 class=\"wp-block-heading\">Antelope Canyon e Bryce Canyon (dias 5 a 7)<\/h3>\n\n<p><a href=\"https:\/\/www.antelopecanyontickets.com\/\">O Antelope Canyon<\/a> \u00e9 um c\u00e2nion esculpido pela \u00e1gua, famoso por seu m\u00e1gico jogo de luzes. Acess\u00edvel somente com um guia, esse lugar \u00e9 obrigat\u00f3rio para os fot\u00f3grafos. <\/p>\n\n<p>Depois, voc\u00ea segue para o <a href=\"https:\/\/www.nps.gov\/brca\/index.htm\">Bryce Canyon<\/a>, onde os hoodoos (chamin\u00e9s de fada) formam um cen\u00e1rio digno de outro mundo. Para uma imers\u00e3o total, a <a href=\"https:\/\/navajonationparks.org\/navajo-tribal-parks\/monument-valley\/\">trilha Navajo Loop<\/a> permite que voc\u00ea explore as forma\u00e7\u00f5es rochosas de dentro do c\u00e2nion.<\/p>\n\n<h3 class=\"wp-block-heading\">Parque Nacional de Zion e retorno a Las Vegas (dias 8 a 10)<\/h3>\n\n<p><a href=\"https:\/\/zionnationalpark.com\/\">O Parque Nacional de Zion<\/a> \u00e9 o para\u00edso dos caminhantes. Uma das trilhas mais populares, <a href=\"https:\/\/www.angelslandingdtla.com\/\">Angels Landing<\/a>, oferece vistas panor\u00e2micas de tirar o f\u00f4lego. Para uma caminhada mais acess\u00edvel, The Narrows permite que voc\u00ea caminhe em um rio no cora\u00e7\u00e3o de um c\u00e2nion.<\/p>\n\n<p>Finalmente, voltamos a Las Vegas para uma \u00faltima noite animada antes do fim da viagem.<\/p>\n\n<h2 class=\"wp-block-heading\">Parques nacionais e paisagens ic\u00f4nicas para voc\u00ea descobrir<\/h2>\n\n<h3 class=\"wp-block-heading\">Parques imperd\u00edveis<\/h3>\n\n<p>Os parques nacionais do Grand Circle est\u00e3o entre os mais bonitos dos Estados Unidos. O Grand Canyon impressiona por sua imensid\u00e3o, enquanto o Bryce Canyon e suas forma\u00e7\u00f5es rochosas proporcionam um cen\u00e1rio m\u00e1gico. No <a href=\"https:\/\/www.recreation.gov\/timed-entry\/10088426\">Arches National Park<\/a>, os visitantes podem admirar mais de 2.000 arcos naturais, incluindo o <a href=\"https:\/\/delicatearchfilm.com\/\">Delicate Arch<\/a>, o marco de Utah.  <\/p>\n\n<p>Zion, por sua vez, \u00e9 uma mistura perfeita de penhascos imponentes e rios sinuosos. Outra joia menos conhecida, Canyonlands, oferece paisagens lunares e paz e tranquilidade absolutas. <\/p>\n\n<h3 class=\"wp-block-heading\">Pontos de parada obrigat\u00f3rios<\/h3>\n\n<p>Ao longo da viagem, h\u00e1 v\u00e1rios pontos de interesse que merecem uma parada:<\/p>\n\n<ul class=\"wp-block-list\">\n<li>Horseshoe Bend: Uma vista de 270\u00b0 do Rio Colorado.<\/li>\n\n\n\n<li>Floresta petrificada: Um cen\u00e1rio \u00fanico onde \u00e1rvores fossilizadas datam de 200 milh\u00f5es de anos.<\/li>\n\n\n\n<li>Goosenecks State Park: Um c\u00e2nion espetacular moldado pelo rio San Juan.<\/li>\n<\/ul>\n\n<h2 class=\"wp-block-heading\">Onde dormir? Hot\u00e9is e cidades recomendados <\/h2>\n\n<h3 class=\"wp-block-heading\">Cidades onde voc\u00ea pode parar<\/h3>\n\n<p>A escolha das cidades em que voc\u00ea vai parar influencia o conforto da viagem de carro. Las Vegas \u00e9 perfeita para voc\u00ea chegar e partir com facilidade. Page \u00e9 uma parada ideal para voc\u00ea visitar Horseshoe Bend e Antelope Canyon. Moab, com suas instala\u00e7\u00f5es tur\u00edsticas, \u00e9 perfeita para voc\u00ea explorar Arches e Canyonlands. Por fim, Zion e Bryce Canyon oferecem acomoda\u00e7\u00f5es em total imers\u00e3o na natureza.    <\/p>\n\n<h3 class=\"wp-block-heading\">Melhores hot\u00e9is e op\u00e7\u00f5es<\/h3>\n\n<p>Aqui est\u00e3o algumas recomenda\u00e7\u00f5es que se adequam ao seu or\u00e7amento:<\/p>\n\n<figure class=\"wp-block-table\"><table class=\"has-fixed-layout\"><tbody><tr><td><strong>Localiza\u00e7\u00e3o<\/strong><\/td><td><strong>Hotel recomendado<\/strong><\/td><td><strong>Or\u00e7amento<\/strong><\/td><\/tr><tr><td>Las Vegas<\/td><td><a href=\"https:\/\/www.venetianlasvegas.com\/\">O Venetian<\/a><\/td><td>$$$<\/td><\/tr><tr><td>Grand Canyon<\/td><td><a href=\"https:\/\/www.visitgrandcanyon.com\/yavapai-lodge\">Pousada Yavapai<\/a><\/td><td>$$<\/td><\/tr><tr><td>Bryce Canyon<\/td><td><a href=\"https:\/\/www.bestwestern.com\/en_US\/book\/hotel-rooms.45040.html\">Best Western Ruby&#8217;s Inn<\/a><\/td><td>$$<\/td><\/tr><tr><td>Moab<\/td><td><a href=\"https:\/\/www.hilton.com\/en\/hotels\/cnycuqq-hoodoo-moab\/\">Hoodoo Moab by Hilton<\/a><\/td><td>$$$<\/td><\/tr><tr><td>Si\u00e3o<\/td><td><a href=\"https:\/\/www.zionlodge.com\/\">Pousada Zion<\/a><\/td><td>$$$<\/td><\/tr><\/tbody><\/table><\/figure>\n\n<h2 class=\"wp-block-heading\">Formalidades administrativas pr\u00e9vias<\/h2>\n\n<p>Antes de visitar o sudoeste dos Estados Unidos de carro, voc\u00ea precisa se antecipar \u00e0s formalidades de viagem. Voc\u00ea precisa verificar se : <\/p>\n\n<ul class=\"wp-block-list\">\n<li>Seu <a href=\"https:\/\/usa-b2.com\/pt-br\/passaporte-viagem-eua\/\">passaporte \u00e9 v\u00e1lido para viagens aos EUA<\/a>.<\/li>\n\n\n\n<li>Voc\u00ea est\u00e1 qualificado para obter uma <a href=\"https:\/\/usa-b2.com\/pt-br\/o-que-esta\/\">autoriza\u00e7\u00e3o de viagem ESTA<\/a> no \u00e2mbito do <a href=\"https:\/\/usa-b2.com\/pt-br\/visa-waiver-program\/\">Programa de Isen\u00e7\u00e3o de Vistos<\/a>. Caso contr\u00e1rio, voc\u00ea precisar\u00e1 obter um <a href=\"https:\/\/usa-b2.com\/pt-br\/visto-b2\/\">visto de turista B2<\/a>. <\/li>\n<\/ul>\n\n<div style=\"height:10px\" aria-hidden=\"true\" class=\"wp-block-spacer\"><\/div>\n\n<h2 class=\"wp-block-heading\">  Os locais para tirar fotos mais atraentes para o Instagram<\/h2>\n\n<h3 class=\"wp-block-heading\">Paisagens naturais ic\u00f4nicas<\/h3>\n\n<p>Alguns dos locais no Grand Circle s\u00e3o verdadeiras joias fotogr\u00e1ficas. Horseshoe Bend \u00e9 provavelmente o local mais famoso, com sua vista panor\u00e2mica do Colorado. O Antelope Canyon, com suas forma\u00e7\u00f5es esculpidas pelo vento e pela \u00e1gua, oferece um jogo m\u00e1gico de luzes perfeito para o Instagram.  <\/p>\n\n<h3 class=\"wp-block-heading\">P\u00f4r do sol m\u00e1gico<\/h3>\n\n<p>O p\u00f4r do sol transforma a paisagem e cria algumas fotos espetaculares. Entre os melhores pontos: <\/p>\n\n<ul class=\"wp-block-list\">\n<li><strong>O Grand Canyon (Yavapai Point)<\/strong>: Cores incr\u00edveis nos penhascos.<\/li>\n\n\n\n<li><strong>Monument Valley<\/strong>: A sombra das famosas colinas vermelhas se estende at\u00e9 onde a vista alcan\u00e7a.<\/li>\n<\/ul>\n\n<h2 class=\"wp-block-heading\">Coisas para fazer em casal<\/h2>\n\n<h3 class=\"wp-block-heading\">Experi\u00eancias rom\u00e2nticas<\/h3>\n\n<p>Viajar em casal permite que voc\u00ea vivencie momentos m\u00e1gicos em paisagens incr\u00edveis. Um passeio a cavalo no Monument Valley ao p\u00f4r do sol \u00e9 uma experi\u00eancia inesquec\u00edvel. Para quem gosta de emo\u00e7\u00e3o, um voo de helic\u00f3ptero sobre o Grand Canyon oferece uma vista \u00fanica do desfiladeiro.  <\/p>\n\n<h3 class=\"wp-block-heading\">Dormir ao ar livre<\/h3>\n\n<p>Passar uma noite na natureza selvagem d\u00e1 um toque rom\u00e2ntico \u00e0 viagem. Em Zion, acampar sob um c\u00e9u estrelado \u00e9 a op\u00e7\u00e3o ideal. Para uma experi\u00eancia mais bo\u00eamia, dormir em um Airstream em Joshua Tree oferece uma atmosfera pac\u00edfica e \u00edntima.  <\/p>\n\n<h2 class=\"wp-block-heading\">Atividades para uma viagem de carro em fam\u00edlia<\/h2>\n\n<h3 class=\"wp-block-heading\">Experi\u00eancias divertidas<\/h3>\n\n<p>Para tornar a viagem emocionante para as crian\u00e7as, h\u00e1 uma s\u00e9rie de atividades que s\u00e3o ideais. Em <a href=\"https:\/\/moabcity.org\/\">Moab<\/a>, um museu de dinossauros exibe f\u00f3sseis e pegadas pr\u00e9-hist\u00f3ricas. No Bryce Canyon, a trilha Navajo Loop \u00e9 acess\u00edvel para fam\u00edlias e oferece um espet\u00e1culo natural \u00fanico.  <\/p>\n\n<h3 class=\"wp-block-heading\">Onde comer com sua fam\u00edlia<\/h3>\n\n<p>Os intervalos para as refei\u00e7\u00f5es s\u00e3o essenciais em uma viagem de carro. Aqui est\u00e3o alguns lugares que s\u00e3o ideais para fam\u00edlias: <\/p>\n\n<ul class=\"wp-block-list\">\n<li><a href=\"https:\/\/www.thunderbirdutah.com\/\">Thunderbird Restaurant (Utah)<\/a>: Uma aut\u00eantica lanchonete americana com tortas caseiras.<\/li>\n\n\n\n<li><a href=\"https:\/\/www.bigtexan.com\/\">Big Texan Steak Ranch<\/a> (Route 66): ambiente ocidental com um menu especial para crian\u00e7as.<\/li>\n<\/ul>\n\n<p>A Grand Circle Road Trip \u00e9 uma aventura lend\u00e1ria e uma das melhores <a href=\"https:\/\/usa-b2.com\/pt-br\/\">roadtrips americanas<\/a>. N\u00e3o importa se voc\u00ea est\u00e1 viajando em casal ou em fam\u00edlia, cada dia tem sua cota de descobertas a fazer. Planeje bem seu itiner\u00e1rio, escolha seus hot\u00e9is com cuidado e mantenha os olhos bem abertos: essa \u00e9 uma viagem que voc\u00ea nunca esquecer\u00e1!  <\/p>\n","protected":false},"excerpt":{"rendered":"<p>Sudoeste dos Estados Unidos de carro: guia para a viagem perfeita Itiner\u00e1rio da viagem rodovi\u00e1ria pelo Grande C\u00edrculo Partida e primeira etapa: Las Vegas Las Vegas \u00e9 o ponto de partida ideal para uma viagem de carro pelo sudoeste americano. O aeroporto internacional recebe um grande n\u00famero de voos e oferece uma ampla op\u00e7\u00e3o de [&hellip;]<\/p>\n","protected":false},"author":1,"featured_media":0,"parent":0,"menu_order":0,"comment_status":"closed","ping_status":"closed","template":"","meta":{"footnotes":""},"class_list":["post-8227","page","type-page","status-publish","hentry"],"yoast_head":"<!-- This site is optimized with the Yoast SEO plugin v27.0 - https:\/\/yoast.com\/product\/yoast-seo-wordpress\/ -->\n<title>Viagem de carro pelo sudoeste dos Estados Unidos - USA B2<\/title>\n<meta name=\"description\" content=\"Descubra o Grand Circle Road Trip: itiner\u00e1rio, parques nacionais, hot\u00e9is e locais para fotos para uma viagem ao sudoeste dos Estados Unidos!\" \/>\n<meta name=\"robots\" content=\"index, follow, max-snippet:-1, max-image-preview:large, max-video-preview:-1\" \/>\n<link rel=\"canonical\" href=\"https:\/\/usa-b2.com\/pt-br\/viagem-sudoeste-estados-unidos\/\" \/>\n<meta property=\"og:locale\" content=\"pt_BR\" \/>\n<meta property=\"og:type\" content=\"article\" \/>\n<meta property=\"og:title\" content=\"Viagem de carro pelo sudoeste dos Estados Unidos - USA B2\" \/>\n<meta property=\"og:description\" content=\"Descubra o Grand Circle Road Trip: itiner\u00e1rio, parques nacionais, hot\u00e9is e locais para fotos para uma viagem ao sudoeste dos Estados Unidos!\" \/>\n<meta property=\"og:url\" content=\"https:\/\/usa-b2.com\/pt-br\/viagem-sudoeste-estados-unidos\/\" \/>\n<meta property=\"og:site_name\" content=\"USA B2\" \/>\n<meta property=\"article:modified_time\" content=\"2025-11-04T11:39:55+00:00\" \/>\n<meta property=\"og:image\" content=\"https:\/\/usa-b2.com\/wp-content\/uploads\/2025\/03\/Grand-circle-road-trip.jpg\" \/>\n\t<meta property=\"og:image:width\" content=\"1280\" \/>\n\t<meta property=\"og:image:height\" content=\"720\" \/>\n\t<meta property=\"og:image:type\" content=\"image\/jpeg\" \/>\n<meta name=\"twitter:card\" content=\"summary_large_image\" \/>\n<meta name=\"twitter:label1\" content=\"Est. tempo de leitura\" \/>\n\t<meta name=\"twitter:data1\" content=\"6 minutos\" \/>\n<script type=\"application\/ld+json\" class=\"yoast-schema-graph\">{\"@context\":\"https:\/\/schema.org\",\"@graph\":[{\"@type\":\"WebPage\",\"@id\":\"https:\/\/usa-b2.com\/pt-br\/viagem-sudoeste-estados-unidos\/\",\"url\":\"https:\/\/usa-b2.com\/pt-br\/viagem-sudoeste-estados-unidos\/\",\"name\":\"Viagem de carro pelo sudoeste dos Estados Unidos - USA B2\",\"isPartOf\":{\"@id\":\"https:\/\/usa-b2.com\/pt-br\/#website\"},\"primaryImageOfPage\":{\"@id\":\"https:\/\/usa-b2.com\/pt-br\/viagem-sudoeste-estados-unidos\/#primaryimage\"},\"image\":{\"@id\":\"https:\/\/usa-b2.com\/pt-br\/viagem-sudoeste-estados-unidos\/#primaryimage\"},\"thumbnailUrl\":\"https:\/\/usa-b2.com\/wp-content\/uploads\/2025\/03\/Grand-circle-road-trip-1024x576.jpg\",\"datePublished\":\"2025-03-17T13:14:29+00:00\",\"dateModified\":\"2025-11-04T11:39:55+00:00\",\"description\":\"Descubra o Grand Circle Road Trip: itiner\u00e1rio, parques nacionais, hot\u00e9is e locais para fotos para uma viagem ao sudoeste dos Estados Unidos!\",\"breadcrumb\":{\"@id\":\"https:\/\/usa-b2.com\/pt-br\/viagem-sudoeste-estados-unidos\/#breadcrumb\"},\"inLanguage\":\"pt-BR\",\"potentialAction\":[{\"@type\":\"ReadAction\",\"target\":[\"https:\/\/usa-b2.com\/pt-br\/viagem-sudoeste-estados-unidos\/\"]}]},{\"@type\":\"ImageObject\",\"inLanguage\":\"pt-BR\",\"@id\":\"https:\/\/usa-b2.com\/pt-br\/viagem-sudoeste-estados-unidos\/#primaryimage\",\"url\":\"https:\/\/usa-b2.com\/wp-content\/uploads\/2025\/03\/Grand-circle-road-trip-1024x576.jpg\",\"contentUrl\":\"https:\/\/usa-b2.com\/wp-content\/uploads\/2025\/03\/Grand-circle-road-trip-1024x576.jpg\"},{\"@type\":\"BreadcrumbList\",\"@id\":\"https:\/\/usa-b2.com\/pt-br\/viagem-sudoeste-estados-unidos\/#breadcrumb\",\"itemListElement\":[{\"@type\":\"ListItem\",\"position\":1,\"name\":\"Accueil\",\"item\":\"https:\/\/usa-b2.com\/pt-br\/roadtrips-eua\/\"},{\"@type\":\"ListItem\",\"position\":2,\"name\":\"Viagem de carro pelo sudoeste dos Estados Unidos\"}]},{\"@type\":\"WebSite\",\"@id\":\"https:\/\/usa-b2.com\/pt-br\/#website\",\"url\":\"https:\/\/usa-b2.com\/pt-br\/\",\"name\":\"USA B2 VISA\",\"description\":\"\",\"potentialAction\":[{\"@type\":\"SearchAction\",\"target\":{\"@type\":\"EntryPoint\",\"urlTemplate\":\"https:\/\/usa-b2.com\/pt-br\/?s={search_term_string}\"},\"query-input\":{\"@type\":\"PropertyValueSpecification\",\"valueRequired\":true,\"valueName\":\"search_term_string\"}}],\"inLanguage\":\"pt-BR\"}]}<\/script>\n<!-- \/ Yoast SEO plugin. -->","yoast_head_json":{"title":"Viagem de carro pelo sudoeste dos Estados Unidos - USA B2","description":"Descubra o Grand Circle Road Trip: itiner\u00e1rio, parques nacionais, hot\u00e9is e locais para fotos para uma viagem ao sudoeste dos Estados Unidos!","robots":{"index":"index","follow":"follow","max-snippet":"max-snippet:-1","max-image-preview":"max-image-preview:large","max-video-preview":"max-video-preview:-1"},"canonical":"https:\/\/usa-b2.com\/pt-br\/viagem-sudoeste-estados-unidos\/","og_locale":"pt_BR","og_type":"article","og_title":"Viagem de carro pelo sudoeste dos Estados Unidos - USA B2","og_description":"Descubra o Grand Circle Road Trip: itiner\u00e1rio, parques nacionais, hot\u00e9is e locais para fotos para uma viagem ao sudoeste dos Estados Unidos!","og_url":"https:\/\/usa-b2.com\/pt-br\/viagem-sudoeste-estados-unidos\/","og_site_name":"USA B2","article_modified_time":"2025-11-04T11:39:55+00:00","og_image":[{"width":1280,"height":720,"url":"https:\/\/usa-b2.com\/wp-content\/uploads\/2025\/03\/Grand-circle-road-trip.jpg","type":"image\/jpeg"}],"twitter_card":"summary_large_image","twitter_misc":{"Est. tempo de leitura":"6 minutos"},"schema":{"@context":"https:\/\/schema.org","@graph":[{"@type":"WebPage","@id":"https:\/\/usa-b2.com\/pt-br\/viagem-sudoeste-estados-unidos\/","url":"https:\/\/usa-b2.com\/pt-br\/viagem-sudoeste-estados-unidos\/","name":"Viagem de carro pelo sudoeste dos Estados Unidos - USA B2","isPartOf":{"@id":"https:\/\/usa-b2.com\/pt-br\/#website"},"primaryImageOfPage":{"@id":"https:\/\/usa-b2.com\/pt-br\/viagem-sudoeste-estados-unidos\/#primaryimage"},"image":{"@id":"https:\/\/usa-b2.com\/pt-br\/viagem-sudoeste-estados-unidos\/#primaryimage"},"thumbnailUrl":"https:\/\/usa-b2.com\/wp-content\/uploads\/2025\/03\/Grand-circle-road-trip-1024x576.jpg","datePublished":"2025-03-17T13:14:29+00:00","dateModified":"2025-11-04T11:39:55+00:00","description":"Descubra o Grand Circle Road Trip: itiner\u00e1rio, parques nacionais, hot\u00e9is e locais para fotos para uma viagem ao sudoeste dos Estados Unidos!","breadcrumb":{"@id":"https:\/\/usa-b2.com\/pt-br\/viagem-sudoeste-estados-unidos\/#breadcrumb"},"inLanguage":"pt-BR","potentialAction":[{"@type":"ReadAction","target":["https:\/\/usa-b2.com\/pt-br\/viagem-sudoeste-estados-unidos\/"]}]},{"@type":"ImageObject","inLanguage":"pt-BR","@id":"https:\/\/usa-b2.com\/pt-br\/viagem-sudoeste-estados-unidos\/#primaryimage","url":"https:\/\/usa-b2.com\/wp-content\/uploads\/2025\/03\/Grand-circle-road-trip-1024x576.jpg","contentUrl":"https:\/\/usa-b2.com\/wp-content\/uploads\/2025\/03\/Grand-circle-road-trip-1024x576.jpg"},{"@type":"BreadcrumbList","@id":"https:\/\/usa-b2.com\/pt-br\/viagem-sudoeste-estados-unidos\/#breadcrumb","itemListElement":[{"@type":"ListItem","position":1,"name":"Accueil","item":"https:\/\/usa-b2.com\/pt-br\/roadtrips-eua\/"},{"@type":"ListItem","position":2,"name":"Viagem de carro pelo sudoeste dos Estados Unidos"}]},{"@type":"WebSite","@id":"https:\/\/usa-b2.com\/pt-br\/#website","url":"https:\/\/usa-b2.com\/pt-br\/","name":"USA B2 VISA","description":"","potentialAction":[{"@type":"SearchAction","target":{"@type":"EntryPoint","urlTemplate":"https:\/\/usa-b2.com\/pt-br\/?s={search_term_string}"},"query-input":{"@type":"PropertyValueSpecification","valueRequired":true,"valueName":"search_term_string"}}],"inLanguage":"pt-BR"}]}},"_links":{"self":[{"href":"https:\/\/usa-b2.com\/pt-br\/wp-json\/wp\/v2\/pages\/8227","targetHints":{"allow":["GET"]}}],"collection":[{"href":"https:\/\/usa-b2.com\/pt-br\/wp-json\/wp\/v2\/pages"}],"about":[{"href":"https:\/\/usa-b2.com\/pt-br\/wp-json\/wp\/v2\/types\/page"}],"author":[{"embeddable":true,"href":"https:\/\/usa-b2.com\/pt-br\/wp-json\/wp\/v2\/users\/1"}],"replies":[{"embeddable":true,"href":"https:\/\/usa-b2.com\/pt-br\/wp-json\/wp\/v2\/comments?post=8227"}],"version-history":[{"count":2,"href":"https:\/\/usa-b2.com\/pt-br\/wp-json\/wp\/v2\/pages\/8227\/revisions"}],"predecessor-version":[{"id":10819,"href":"https:\/\/usa-b2.com\/pt-br\/wp-json\/wp\/v2\/pages\/8227\/revisions\/10819"}],"wp:attachment":[{"href":"https:\/\/usa-b2.com\/pt-br\/wp-json\/wp\/v2\/media?parent=8227"}],"curies":[{"name":"wp","href":"https:\/\/api.w.org\/{rel}","templated":true}]}}