{"id":7943,"date":"2025-03-17T13:12:55","date_gmt":"2025-03-17T13:12:55","guid":{"rendered":"https:\/\/usa-b2.com\/texas-hill-country\/"},"modified":"2025-06-06T08:35:06","modified_gmt":"2025-06-06T08:35:06","slug":"texas-hill-country","status":"publish","type":"page","link":"https:\/\/usa-b2.com\/pt-br\/texas-hill-country\/","title":{"rendered":"Viagem de carro pela regi\u00e3o montanhosa do Texas: guia para uma aventura inesquec\u00edvel"},"content":{"rendered":"\n<h1 class=\"wp-block-heading\">Viagem de carro no cora\u00e7\u00e3o do Texas: paisagens, cidades e atividades<\/h1>\n\n<p>O Texas Hill Country \u00e9 um destino obrigat\u00f3rio para qualquer <a href=\"https:\/\/usa-b2.com\/pt-br\/\">viagem de carro nos Estados Unidos<\/a>. Com sua paisagem rural ondulante, cidades hist\u00f3ricas e estradas pitorescas, esse destino oferece a voc\u00ea uma imers\u00e3o total no aut\u00eantico Texas. Quer voc\u00ea esteja em busca de aventura, relaxamento ou fotografia, este guia abrangente o ajudar\u00e1 a planejar seu itiner\u00e1rio perfeito pelo cora\u00e7\u00e3o do Texas.  <\/p>\n\n<figure class=\"wp-block-image size-large\"><img fetchpriority=\"high\" decoding=\"async\" width=\"1024\" height=\"576\" src=\"https:\/\/usa-b2.com\/wp-content\/uploads\/2025\/03\/Texas-Hill-Country-1-2-1024x576.png\" alt=\"\" class=\"wp-image-8027\" srcset=\"https:\/\/usa-b2.com\/wp-content\/uploads\/2025\/03\/Texas-Hill-Country-1-2-1024x576.png 1024w, https:\/\/usa-b2.com\/wp-content\/uploads\/2025\/03\/Texas-Hill-Country-1-2-300x169.png 300w, https:\/\/usa-b2.com\/wp-content\/uploads\/2025\/03\/Texas-Hill-Country-1-2-768x432.png 768w, https:\/\/usa-b2.com\/wp-content\/uploads\/2025\/03\/Texas-Hill-Country-1-2.png 1056w\" sizes=\"(max-width: 1024px) 100vw, 1024px\" \/><\/figure>\n\n<h2 class=\"wp-block-heading\">Itiner\u00e1rio detalhado para uma viagem inesquec\u00edvel<\/h2>\n\n<p>Uma viagem de carro pelo <a href=\"https:\/\/www.traveltexas.com\/cities-and-regions\/hill-country\/\">Texas Hill Country<\/a> requer um planejamento cuidadoso para aproveitar ao m\u00e1ximo o cen\u00e1rio e as atra\u00e7\u00f5es. Aqui est\u00e1 um itiner\u00e1rio otimizado em v\u00e1rias etapas. <\/p>\n\n<h3 class=\"wp-block-heading\">Austin &#8211; Ponto de partida ideal<\/h3>\n\n<p>Austin, a capital do <a href=\"https:\/\/www.texas.gov\/\">Texas<\/a>, \u00e9 o ponto de partida perfeito para voc\u00ea. Comece sua viagem com uma visita ao centro da cidade, ao Capit\u00f3lio do Texas e ao distrito de <a href=\"https:\/\/www.austintexas.org\/things-to-do\/entertainment-districts\/south-congress\/\">South Congress<\/a>, famoso por suas butiques e caf\u00e9s da moda. Antes de pegar a estrada, fa\u00e7a um desvio at\u00e9 <a href=\"https:\/\/www.austintexas.gov\/department\/barton-springs-pool\">Barton Springs Pool<\/a>, uma piscina natural ideal para voc\u00ea se refrescar.  <\/p>\n\n<h3 class=\"wp-block-heading\">Fredericksburg &#8211; A alma alem\u00e3 do Texas<\/h3>\n\n<p>A cerca de uma hora e meia de Austin, <a href=\"https:\/\/www.visitfredericksburgtx.com\/\">Fredericksburg<\/a> \u00e9 uma pequena cidade com charme europeu, famosa por sua heran\u00e7a alem\u00e3 e seus vinhedos. Desfrute de uma degusta\u00e7\u00e3o de vinhos ao longo da <a href=\"https:\/\/www.fredericksburgtexas-online.com\/plan-your-trip\/texas-wine-trail\/\">Texas Wine Trail<\/a> e visite o <a href=\"https:\/\/www.pacificwarmuseum.org\/\">National Museum of the Pacific War<\/a>. N\u00e3o perca o <a href=\"https:\/\/tpwd.texas.gov\/state-parks\/enchanted-rock\">Enchanted Rock<\/a>, uma imensa forma\u00e7\u00e3o de granito que oferece vistas de tirar o f\u00f4lego da regi\u00e3o.  <\/p>\n\n<h3 class=\"wp-block-heading\">Bandera &amp; Medina &#8211; A aut\u00eantica experi\u00eancia ocidental<\/h3>\n\n<p>Apelidada de &#8220;Capital Mundial do Cowboy&#8221;, <a href=\"https:\/\/www.banderacowboycapital.com\/\">Bandera<\/a> \u00e9 uma parada obrigat\u00f3ria se voc\u00ea quiser mergulhar na hist\u00f3ria do Texas. Assista a um rodeio ou passe a noite em um rancho para ter uma experi\u00eancia aut\u00eantica de faroeste. A poucos quil\u00f4metros de dist\u00e2ncia, <a href=\"https:\/\/www.medinacountytexas.org\/\">Medina<\/a> \u00e9 famosa por seus pomares de ma\u00e7\u00e3 e f\u00e1bricas de cidra artesanal.  <\/p>\n\n<h2 class=\"wp-block-heading\">As mais belas paisagens e parques para voc\u00ea explorar<\/h2>\n\n<p>O Texas Hill Country est\u00e1 repleto de parques nacionais e locais naturais espetaculares para voc\u00ea descobrir em sua viagem.<\/p>\n\n<h3 class=\"wp-block-heading\">Garner State Park &#8211; Uma joia natural<\/h3>\n\n<p>Localizado \u00e0s margens do <a href=\"https:\/\/friocampriverview.com\/floating-the-frio-river\/\">Rio Frio<\/a>, <a href=\"https:\/\/tpwd.texas.gov\/state-parks\/garner\">o Garner State Park<\/a> \u00e9 perfeito para caminhadas, canoagem e nata\u00e7\u00e3o. Com trilhas que oferecem vistas panor\u00e2micas e bailes noturnos no ver\u00e3o, \u00e9 imperd\u00edvel. <\/p>\n\n<h3 class=\"wp-block-heading\">Hamilton Pool &#8211; Uma piscina natural m\u00e1gica<\/h3>\n\n<p>A apenas 50 km de Austin, <a href=\"https:\/\/parks.traviscountytx.gov\/parks\/hamilton-pool-preserve\">a Hamilton Pool<\/a> \u00e9 uma maravilha natural criada pelo colapso de uma caverna de calc\u00e1rio. Sua \u00e1gua azul-turquesa e a cachoeira fazem dela um lugar excepcional para nadar. Lembre-se de reservar com anteced\u00eancia, pois o acesso \u00e9 limitado.  <\/p>\n\n<h3 class=\"wp-block-heading\">Bluebonnet Trails &#8211; A rota das flores silvestres<\/h3>\n\n<p>Na primavera, <a href=\"https:\/\/www.visitfredericksburgtx.com\/things-to-do\/outdoors\/wildflowers\/\">as bluebonnets<\/a> cobrem as colinas do Texas Hill Country. As estradas ao redor de <a href=\"https:\/\/visitmarblefalls.org\/\">Marble Falls<\/a> e <a href=\"https:\/\/www.cityofllano.com\/\">Llano<\/a> s\u00e3o ideais para voc\u00ea admirar essas flores emblem\u00e1ticas do Texas. <\/p>\n\n<h2 class=\"wp-block-heading\">Onde dormir em sua viagem de carro?<\/h2>\n\n<p>Encontrar a acomoda\u00e7\u00e3o certa \u00e9 essencial para uma viagem de carro bem-sucedida. Aqui est\u00e3o as melhores op\u00e7\u00f5es de acomoda\u00e7\u00e3o para atender ao seu or\u00e7amento e aos seus desejos. <\/p>\n\n<h3 class=\"wp-block-heading\">Hot\u00e9is e pousadas no cora\u00e7\u00e3o da natureza<\/h3>\n\n<p>Para uma experi\u00eancia imersiva, opte por alojamentos localizados no cora\u00e7\u00e3o da natureza. <a href=\"https:\/\/collectiveretreats.com\/\">O Collective Hill Country<\/a> oferece tendas de luxo com vista para as colinas, enquanto <a href=\"https:\/\/www.cypressvalley.com\/\">o Cypress Valley Canopy<\/a> oferece casas na \u00e1rvore.<\/p>\n\n<h3 class=\"wp-block-heading\">Hot\u00e9is urbanos: conforto e acessibilidade<\/h3>\n\n<p>Se voc\u00ea preferir ficar na cidade, <a href=\"https:\/\/fredericksburg-inn.com\/\">o Fredericksburg Inn &amp; Suites<\/a> \u00e9 uma excelente op\u00e7\u00e3o em Fredericksburg, enquanto em Austin, o The Driskill combina luxo e hist\u00f3ria.<\/p>\n\n<h3 class=\"wp-block-heading\">3.3 Ranchos e experi\u00eancias aut\u00eanticas<\/h3>\n\n<p>Para uma experi\u00eancia ocidental, passe uma noite em um rancho como o <a href=\"https:\/\/dixieduderanch.com\/\">Dixie Dude Ranch<\/a>, em Bandera, onde voc\u00ea pode andar a cavalo e saborear um churrasco texano sob as estrelas.<\/p>\n\n<h2 class=\"wp-block-heading\">Os locais para tirar fotos mais atraentes para o Instagram<\/h2>\n\n<p>O que seria de uma viagem de carro sem algumas fotos espetaculares? Aqui est\u00e3o os lugares mais fotog\u00eanicos do Texas Hill Country. <\/p>\n\n<figure class=\"wp-block-table\"><table class=\"has-fixed-layout\"><tbody><tr><td><strong>Localiza\u00e7\u00e3o<\/strong><\/td><td><strong>Por que esse \u00e9 um local imperd\u00edvel para fotos?<\/strong><\/td><\/tr><tr><td>Piscina Hamilton<\/td><td>\u00c1guas azul-turquesa e uma impressionante cachoeira.<\/td><\/tr><tr><td>Rocha Encantada<\/td><td>Vista panor\u00e2mica das colinas.<\/td><\/tr><tr><td><a href=\"https:\/\/www.backroadstexas.net\/willow-city\/\">Circuito de Willow City<\/a><\/td><td>Uma estrada pitoresca repleta de flores silvestres na primavera.<\/td><\/tr><tr><td><a href=\"https:\/\/www.gruenetexas.com\/\">Distrito hist\u00f3rico de Gruene<\/a><\/td><td>Arquitetura antiga e atmosfera vintage.<\/td><\/tr><\/tbody><\/table><\/figure>\n\n<h2 class=\"wp-block-heading\">Atividades para casais ou fam\u00edlias<\/h2>\n\n<h3 class=\"wp-block-heading\">Casais &#8211; Experi\u00eancias rom\u00e2nticas<\/h3>\n\n<p>O Texas Hill Country \u00e9 perfeito para uma escapada rom\u00e2ntica. Fa\u00e7a uma degusta\u00e7\u00e3o de vinhos no <a href=\"https:\/\/grapecreek.com\/\">Grape Creek Vineyards<\/a>, delicie-se com um jantar \u00e0 luz de velas no <a href=\"https:\/\/tilliesdrippingsprings.com\/\">Tillie&#8217;s, em Dripping Springs<\/a>, ou assista ao p\u00f4r do sol no <a href=\"https:\/\/www.mountbonnell.info\/\">Mount Bonnell<\/a>, em Austin. <\/p>\n\n<h3 class=\"wp-block-heading\">Fam\u00edlia &#8211; Aventuras para jovens e adultos<\/h3>\n\n<p>Para uma viagem de carro em fam\u00edlia, opte por atividades divertidas e interativas. Fa\u00e7a um cruzeiro no rio <a href=\"https:\/\/www.sa.gov\/Home\">San Antonio<\/a>, participe de um saf\u00e1ri no <a href=\"https:\/\/www.wildliferanchtexas.com\/\">Natural Bridge Wildlife Ranch<\/a> ou explore as cavernas subterr\u00e2neas de Cascade Caverns. <br\/><\/p>\n\n<p>Uma viagem de carro pelo Texas Hill Country \u00e9 uma experi\u00eancia inesquec\u00edvel, combinando natureza, hist\u00f3ria e gastronomia. Com itiner\u00e1rios bem planejados, paisagens de tirar o f\u00f4lego e acomoda\u00e7\u00f5es variadas, essa aventura promete ser rica em descobertas. Quer voc\u00ea esteja viajando em casal ou em fam\u00edlia, cada rota o levar\u00e1 a um tesouro escondido do Texas. Fa\u00e7a suas malas e parta para explorar essa regi\u00e3o fascinante!   <\/p>\n\n<p><\/p>\n","protected":false},"excerpt":{"rendered":"<p>Viagem de carro no cora\u00e7\u00e3o do Texas: paisagens, cidades e atividades O Texas Hill Country \u00e9 um destino obrigat\u00f3rio para qualquer viagem de carro nos Estados Unidos. Com sua paisagem rural ondulante, cidades hist\u00f3ricas e estradas pitorescas, esse destino oferece a voc\u00ea uma imers\u00e3o total no aut\u00eantico Texas. Quer voc\u00ea esteja em busca de aventura, [&hellip;]<\/p>\n","protected":false},"author":1,"featured_media":7973,"parent":0,"menu_order":0,"comment_status":"closed","ping_status":"closed","template":"","meta":{"footnotes":""},"class_list":["post-7943","page","type-page","status-publish","has-post-thumbnail","hentry"],"yoast_head":"<!-- This site is optimized with the Yoast SEO plugin v27.4 - https:\/\/yoast.com\/product\/yoast-seo-wordpress\/ -->\n<title>Viagem de carro pela regi\u00e3o montanhosa do Texas: guia para uma aventura inesquec\u00edvel - USA B2<\/title>\n<meta name=\"description\" content=\"Voc\u00ea pode fazer uma viagem de carro pelo Texas Hill Country: itiner\u00e1rio, paisagens, hot\u00e9is, locais para fotos e atividades para uma viagem inesquec\u00edvel!\" \/>\n<meta name=\"robots\" content=\"index, follow, max-snippet:-1, max-image-preview:large, max-video-preview:-1\" \/>\n<link rel=\"canonical\" href=\"https:\/\/usa-b2.com\/pt-br\/texas-hill-country\/\" \/>\n<meta property=\"og:locale\" content=\"pt_BR\" \/>\n<meta property=\"og:type\" content=\"article\" \/>\n<meta property=\"og:title\" content=\"Viagem de carro pela regi\u00e3o montanhosa do Texas: guia para uma aventura inesquec\u00edvel - USA B2\" \/>\n<meta property=\"og:description\" content=\"Voc\u00ea pode fazer uma viagem de carro pelo Texas Hill Country: itiner\u00e1rio, paisagens, hot\u00e9is, locais para fotos e atividades para uma viagem inesquec\u00edvel!\" \/>\n<meta property=\"og:url\" content=\"https:\/\/usa-b2.com\/pt-br\/texas-hill-country\/\" \/>\n<meta property=\"og:site_name\" content=\"USA B2\" \/>\n<meta property=\"article:modified_time\" content=\"2025-06-06T08:35:06+00:00\" \/>\n<meta property=\"og:image\" content=\"https:\/\/usa-b2.com\/wp-content\/uploads\/2025\/03\/Texas-Hill-Country-1.png\" \/>\n\t<meta property=\"og:image:width\" content=\"1056\" \/>\n\t<meta property=\"og:image:height\" content=\"704\" \/>\n\t<meta property=\"og:image:type\" content=\"image\/png\" \/>\n<meta name=\"twitter:card\" content=\"summary_large_image\" \/>\n<meta name=\"twitter:label1\" content=\"Est. tempo de leitura\" \/>\n\t<meta name=\"twitter:data1\" content=\"5 minutos\" \/>\n<script type=\"application\/ld+json\" class=\"yoast-schema-graph\">{\"@context\":\"https:\\\/\\\/schema.org\",\"@graph\":[{\"@type\":\"WebPage\",\"@id\":\"https:\\\/\\\/usa-b2.com\\\/pt-br\\\/texas-hill-country\\\/\",\"url\":\"https:\\\/\\\/usa-b2.com\\\/pt-br\\\/texas-hill-country\\\/\",\"name\":\"Viagem de carro pela regi\u00e3o montanhosa do Texas: guia para uma aventura inesquec\u00edvel - USA B2\",\"isPartOf\":{\"@id\":\"https:\\\/\\\/usa-b2.com\\\/pt-br\\\/#website\"},\"primaryImageOfPage\":{\"@id\":\"https:\\\/\\\/usa-b2.com\\\/pt-br\\\/texas-hill-country\\\/#primaryimage\"},\"image\":{\"@id\":\"https:\\\/\\\/usa-b2.com\\\/pt-br\\\/texas-hill-country\\\/#primaryimage\"},\"thumbnailUrl\":\"https:\\\/\\\/usa-b2.com\\\/wp-content\\\/uploads\\\/2025\\\/03\\\/Texas-Hill-Country-1.png\",\"datePublished\":\"2025-03-17T13:12:55+00:00\",\"dateModified\":\"2025-06-06T08:35:06+00:00\",\"description\":\"Voc\u00ea pode fazer uma viagem de carro pelo Texas Hill Country: itiner\u00e1rio, paisagens, hot\u00e9is, locais para fotos e atividades para uma viagem inesquec\u00edvel!\",\"breadcrumb\":{\"@id\":\"https:\\\/\\\/usa-b2.com\\\/pt-br\\\/texas-hill-country\\\/#breadcrumb\"},\"inLanguage\":\"pt-BR\",\"potentialAction\":[{\"@type\":\"ReadAction\",\"target\":[\"https:\\\/\\\/usa-b2.com\\\/pt-br\\\/texas-hill-country\\\/\"]}]},{\"@type\":\"ImageObject\",\"inLanguage\":\"pt-BR\",\"@id\":\"https:\\\/\\\/usa-b2.com\\\/pt-br\\\/texas-hill-country\\\/#primaryimage\",\"url\":\"https:\\\/\\\/usa-b2.com\\\/wp-content\\\/uploads\\\/2025\\\/03\\\/Texas-Hill-Country-1.png\",\"contentUrl\":\"https:\\\/\\\/usa-b2.com\\\/wp-content\\\/uploads\\\/2025\\\/03\\\/Texas-Hill-Country-1.png\",\"width\":1056,\"height\":704},{\"@type\":\"BreadcrumbList\",\"@id\":\"https:\\\/\\\/usa-b2.com\\\/pt-br\\\/texas-hill-country\\\/#breadcrumb\",\"itemListElement\":[{\"@type\":\"ListItem\",\"position\":1,\"name\":\"Accueil\",\"item\":\"https:\\\/\\\/usa-b2.com\\\/pt-br\\\/usa\\\/\"},{\"@type\":\"ListItem\",\"position\":2,\"name\":\"Viagem de carro pela regi\u00e3o montanhosa do Texas: guia para uma aventura inesquec\u00edvel\"}]},{\"@type\":\"WebSite\",\"@id\":\"https:\\\/\\\/usa-b2.com\\\/pt-br\\\/#website\",\"url\":\"https:\\\/\\\/usa-b2.com\\\/pt-br\\\/\",\"name\":\"USA B2 VISA\",\"description\":\"\",\"potentialAction\":[{\"@type\":\"SearchAction\",\"target\":{\"@type\":\"EntryPoint\",\"urlTemplate\":\"https:\\\/\\\/usa-b2.com\\\/pt-br\\\/?s={search_term_string}\"},\"query-input\":{\"@type\":\"PropertyValueSpecification\",\"valueRequired\":true,\"valueName\":\"search_term_string\"}}],\"inLanguage\":\"pt-BR\"}]}<\/script>\n<!-- \/ Yoast SEO plugin. -->","yoast_head_json":{"title":"Viagem de carro pela regi\u00e3o montanhosa do Texas: guia para uma aventura inesquec\u00edvel - USA B2","description":"Voc\u00ea pode fazer uma viagem de carro pelo Texas Hill Country: itiner\u00e1rio, paisagens, hot\u00e9is, locais para fotos e atividades para uma viagem inesquec\u00edvel!","robots":{"index":"index","follow":"follow","max-snippet":"max-snippet:-1","max-image-preview":"max-image-preview:large","max-video-preview":"max-video-preview:-1"},"canonical":"https:\/\/usa-b2.com\/pt-br\/texas-hill-country\/","og_locale":"pt_BR","og_type":"article","og_title":"Viagem de carro pela regi\u00e3o montanhosa do Texas: guia para uma aventura inesquec\u00edvel - USA B2","og_description":"Voc\u00ea pode fazer uma viagem de carro pelo Texas Hill Country: itiner\u00e1rio, paisagens, hot\u00e9is, locais para fotos e atividades para uma viagem inesquec\u00edvel!","og_url":"https:\/\/usa-b2.com\/pt-br\/texas-hill-country\/","og_site_name":"USA B2","article_modified_time":"2025-06-06T08:35:06+00:00","og_image":[{"width":1056,"height":704,"url":"https:\/\/usa-b2.com\/wp-content\/uploads\/2025\/03\/Texas-Hill-Country-1.png","type":"image\/png"}],"twitter_card":"summary_large_image","twitter_misc":{"Est. tempo de leitura":"5 minutos"},"schema":{"@context":"https:\/\/schema.org","@graph":[{"@type":"WebPage","@id":"https:\/\/usa-b2.com\/pt-br\/texas-hill-country\/","url":"https:\/\/usa-b2.com\/pt-br\/texas-hill-country\/","name":"Viagem de carro pela regi\u00e3o montanhosa do Texas: guia para uma aventura inesquec\u00edvel - USA B2","isPartOf":{"@id":"https:\/\/usa-b2.com\/pt-br\/#website"},"primaryImageOfPage":{"@id":"https:\/\/usa-b2.com\/pt-br\/texas-hill-country\/#primaryimage"},"image":{"@id":"https:\/\/usa-b2.com\/pt-br\/texas-hill-country\/#primaryimage"},"thumbnailUrl":"https:\/\/usa-b2.com\/wp-content\/uploads\/2025\/03\/Texas-Hill-Country-1.png","datePublished":"2025-03-17T13:12:55+00:00","dateModified":"2025-06-06T08:35:06+00:00","description":"Voc\u00ea pode fazer uma viagem de carro pelo Texas Hill Country: itiner\u00e1rio, paisagens, hot\u00e9is, locais para fotos e atividades para uma viagem inesquec\u00edvel!","breadcrumb":{"@id":"https:\/\/usa-b2.com\/pt-br\/texas-hill-country\/#breadcrumb"},"inLanguage":"pt-BR","potentialAction":[{"@type":"ReadAction","target":["https:\/\/usa-b2.com\/pt-br\/texas-hill-country\/"]}]},{"@type":"ImageObject","inLanguage":"pt-BR","@id":"https:\/\/usa-b2.com\/pt-br\/texas-hill-country\/#primaryimage","url":"https:\/\/usa-b2.com\/wp-content\/uploads\/2025\/03\/Texas-Hill-Country-1.png","contentUrl":"https:\/\/usa-b2.com\/wp-content\/uploads\/2025\/03\/Texas-Hill-Country-1.png","width":1056,"height":704},{"@type":"BreadcrumbList","@id":"https:\/\/usa-b2.com\/pt-br\/texas-hill-country\/#breadcrumb","itemListElement":[{"@type":"ListItem","position":1,"name":"Accueil","item":"https:\/\/usa-b2.com\/pt-br\/usa\/"},{"@type":"ListItem","position":2,"name":"Viagem de carro pela regi\u00e3o montanhosa do Texas: guia para uma aventura inesquec\u00edvel"}]},{"@type":"WebSite","@id":"https:\/\/usa-b2.com\/pt-br\/#website","url":"https:\/\/usa-b2.com\/pt-br\/","name":"USA B2 VISA","description":"","potentialAction":[{"@type":"SearchAction","target":{"@type":"EntryPoint","urlTemplate":"https:\/\/usa-b2.com\/pt-br\/?s={search_term_string}"},"query-input":{"@type":"PropertyValueSpecification","valueRequired":true,"valueName":"search_term_string"}}],"inLanguage":"pt-BR"}]}},"_links":{"self":[{"href":"https:\/\/usa-b2.com\/pt-br\/wp-json\/wp\/v2\/pages\/7943","targetHints":{"allow":["GET"]}}],"collection":[{"href":"https:\/\/usa-b2.com\/pt-br\/wp-json\/wp\/v2\/pages"}],"about":[{"href":"https:\/\/usa-b2.com\/pt-br\/wp-json\/wp\/v2\/types\/page"}],"author":[{"embeddable":true,"href":"https:\/\/usa-b2.com\/pt-br\/wp-json\/wp\/v2\/users\/1"}],"replies":[{"embeddable":true,"href":"https:\/\/usa-b2.com\/pt-br\/wp-json\/wp\/v2\/comments?post=7943"}],"version-history":[{"count":2,"href":"https:\/\/usa-b2.com\/pt-br\/wp-json\/wp\/v2\/pages\/7943\/revisions"}],"predecessor-version":[{"id":9384,"href":"https:\/\/usa-b2.com\/pt-br\/wp-json\/wp\/v2\/pages\/7943\/revisions\/9384"}],"wp:featuredmedia":[{"embeddable":true,"href":"https:\/\/usa-b2.com\/pt-br\/wp-json\/wp\/v2\/media\/7973"}],"wp:attachment":[{"href":"https:\/\/usa-b2.com\/pt-br\/wp-json\/wp\/v2\/media?parent=7943"}],"curies":[{"name":"wp","href":"https:\/\/api.w.org\/{rel}","templated":true}]}}