{"id":7873,"date":"2025-03-17T13:11:22","date_gmt":"2025-03-17T13:11:22","guid":{"rendered":"https:\/\/usa-b2.com\/deep-south-music-tour\/"},"modified":"2025-06-05T10:16:38","modified_gmt":"2025-06-05T10:16:38","slug":"deep-south-music-tour","status":"publish","type":"page","link":"https:\/\/usa-b2.com\/pt-br\/deep-south-music-tour\/","title":{"rendered":"Viagem de carro pelo Deep South: itiner\u00e1rio, principais paradas e experi\u00eancias imperd\u00edveis"},"content":{"rendered":"\n<h1 class=\"wp-block-heading\">Deep South by car: guia para a viagem perfeita<\/h1>\n\n<p>O <a href=\"https:\/\/www.deep-south-usa.com\/alabama\/fly-drives\/music-tour\">Deep South<\/a> dos Estados Unidos \u00e9 uma regi\u00e3o repleta de hist\u00f3ria, cultura e m\u00fasica. Essa viagem leva voc\u00ea ao cora\u00e7\u00e3o das ra\u00edzes do blues, do jazz e da m\u00fasica country, passando por paisagens lend\u00e1rias e cidades ic\u00f4nicas como <a href=\"https:\/\/www.nashville.com\/\">Nashville<\/a>, <a href=\"https:\/\/www.memphistravel.com\/\">Memphis<\/a> e <a href=\"https:\/\/www.neworleans.com\/\">Nova Orleans<\/a>. Com shows, locais hist\u00f3ricos e paradas gastron\u00f4micas, esse itiner\u00e1rio promete uma experi\u00eancia \u00fanica para os amantes da m\u00fasica e da aventura.  <\/p>\n\n<figure class=\"wp-block-image size-large\"><img fetchpriority=\"high\" decoding=\"async\" width=\"1024\" height=\"576\" src=\"https:\/\/usa-b2.com\/wp-content\/uploads\/2025\/03\/Deep-South-Music-2-1024x576.png\" alt=\"\" class=\"wp-image-8063\" srcset=\"https:\/\/usa-b2.com\/wp-content\/uploads\/2025\/03\/Deep-South-Music-2-1024x576.png 1024w, https:\/\/usa-b2.com\/wp-content\/uploads\/2025\/03\/Deep-South-Music-2-300x169.png 300w, https:\/\/usa-b2.com\/wp-content\/uploads\/2025\/03\/Deep-South-Music-2-768x432.png 768w, https:\/\/usa-b2.com\/wp-content\/uploads\/2025\/03\/Deep-South-Music-2.png 1367w\" sizes=\"(max-width: 1024px) 100vw, 1024px\" \/><\/figure>\n\n<h2 class=\"wp-block-heading\">Itiner\u00e1rio: Nashville a Nova Orleans<\/h2>\n\n<h3 class=\"wp-block-heading\">1.1. Partida de Nashville, Tennessee<\/h3>\n\n<p>Considerada a capital da m\u00fasica country, Nashville \u00e9 o ponto de partida ideal. Visite o <a href=\"https:\/\/www.countrymusichalloffame.org\/\">Country Music Hall of Fame<\/a>, assista a um show no <a href=\"https:\/\/www.opry.com\/\">Grand Ole Opry<\/a> e passeie pela <a href=\"https:\/\/www.broadway.com\/\">Broadway<\/a>, onde artistas tocam ao vivo em bares ic\u00f4nicos. <\/p>\n\n<h3 class=\"wp-block-heading\">1.2. Memphis, Tennessee: terra do blues e de Elvis<\/h3>\n\n<p>Depois de uma viagem de tr\u00eas horas, pare em <a href=\"https:\/\/www.graceland.com\/\">Graceland<\/a>, a antiga casa de<a href=\"https:\/\/en.wikipedia.org\/wiki\/Elvis_Presley\">Elvis Presley<\/a>. <a href=\"https:\/\/bealestreet.com\/\">A Beale Street<\/a> \u00e9 uma parada obrigat\u00f3ria para os f\u00e3s de blues, com seus clubes lend\u00e1rios. O <a href=\"https:\/\/www.civilrightsmuseum.org\/visit\/?source=adwords&amp;campaign=&amp;medium=cpc&amp;keyword=national%20civil%20rights%20museum&amp;target=kwd-329492642321&amp;loc=9222727&amp;device=c&amp;gad_source=1&amp;gclid=Cj0KCQjwkN--BhDkARIsAD_mnIovXJ9uKCG2eyQDXN0RhNo1qqhfKbEZfUeXq_qc6AysXcXBrKIjyKAaAt8yEALw_wcB\">National Civil Rights Museum<\/a>, localizado no antigo Lorraine Motel, \u00e9 imperd\u00edvel. <\/p>\n\n<h3 class=\"wp-block-heading\">1.3. Clarksdale, Mississippi: Nas ra\u00edzes do Delta Blues<\/h3>\n\n<p><a href=\"https:\/\/www.cityofclarksdale.org\/\">Clarksdale<\/a> \u00e9 uma pequena cidade no <a href=\"https:\/\/www.ms.gov\/\">Mississippi<\/a> e o local de nascimento do Delta Blues. O <a href=\"https:\/\/www.deltabluesmuseum.org\/\">Delta Blues Museum<\/a> e <a href=\"https:\/\/www.clarksdale.com\/crossroads.php\">Crossroads<\/a>, onde se diz que Robert Johnson vendeu sua alma ao diabo, s\u00e3o paradas obrigat\u00f3rias. <\/p>\n\n<h3 class=\"wp-block-heading\">1.4. Nova Orleans, Louisiana: Jazz em seu auge<\/h3>\n\n<p>A viagem termina nessa cidade vibrante. Passeie pelo <a href=\"https:\/\/www.neworleans.com\/plan\/neighborhoods\/french-quarter\/\">French Quarter<\/a>, descubra os clubes de jazz da <a href=\"https:\/\/www.frenchquarter.com\/frenchmen-street\/\">Frenchmen Street<\/a> e saboreie beignets no <a href=\"https:\/\/shop.cafedumonde.com\/\">Caf\u00e9 du Monde<\/a>. <\/p>\n\n<h2 class=\"wp-block-heading\">Paisagens e parques nacionais: rotas c\u00eanicas inesquec\u00edveis<\/h2>\n\n<h3 class=\"wp-block-heading\">Great Smoky Mountains: uma passagem natural espetacular<\/h3>\n\n<p>Antes mesmo de voc\u00ea chegar a Nashville, fa\u00e7a um desvio para as <a href=\"https:\/\/friendsofthesmokies.org\/?gad_source=1&amp;gclid=Cj0KCQjwkN--BhDkARIsAD_mnIrzh_s0i4f90vUCfk37IDHlKDA73wyXZI0Lgky0I4paZsPiGmDajhsaAkbJEALw_wcB\">Great Smoky Mountains<\/a>, um parque nacional com vistas enevoadas e trilhas arborizadas perfeitas para sua primeira imers\u00e3o ao ar livre.<\/p>\n\n<h3 class=\"wp-block-heading\">Natchez Trace Parkway: uma rota hist\u00f3rica<\/h3>\n\n<p>A <a href=\"https:\/\/www.scenictrace.com\/\">Natchez Trace Parkway<\/a> \u00e9 uma rota de 700 km que atravessa <a href=\"https:\/\/www.tn.gov\/\">o Tennessee<\/a>, o Mississippi e<a href=\"https:\/\/www.alabama.gov\/\">o Alabama<\/a>. Repleta de paradas hist\u00f3ricas e pontos de vista, \u00e9 ideal para os amantes da fotografia e da hist\u00f3ria. <\/p>\n\n<h3 class=\"wp-block-heading\">Bayous da Louisiana: imers\u00e3o em outro mundo<\/h3>\n\n<p>Antes de chegar a Nova Orleans, explore as ba\u00edas <a href=\"https:\/\/www.louisiana.gov\/\">da Louisiana<\/a> de barco para observar os jacar\u00e9s e a vida selvagem local.<\/p>\n\n<h2 class=\"wp-block-heading\">Onde voc\u00ea vai dormir? Hot\u00e9is e acomoda\u00e7\u00f5es aut\u00eanticos <\/h2>\n\n<h3 class=\"wp-block-heading\">Nashville: entre a modernidade e a tradi\u00e7\u00e3o<\/h3>\n\n<p>O <a href=\"https:\/\/www.huttonhotel.com\/\">Hutton Hotel<\/a> e o<a href=\"https:\/\/www.omnihotels.com\/hotels\/nashville?utm_source=gmblisting&amp;utm_medium=organic\">Omni Nashville Hotel<\/a> oferecem conforto de primeira linha. Para uma experi\u00eancia aut\u00eantica, opte por um Airbnb em East Nashville. <\/p>\n\n<h3 class=\"wp-block-heading\">Memphis: charme sulista<\/h3>\n\n<p>O <a href=\"https:\/\/www.peabodymemphis.com\/?utm_source=local-directories&amp;utm_medium=organic&amp;utm_campaign=travelclick-localconnect-featured\">Peabody Hotel<\/a>, famoso por seu desfile de patos, \u00e9 uma op\u00e7\u00e3o ic\u00f4nica. Para uma op\u00e7\u00e3o mais econ\u00f4mica, o <a href=\"https:\/\/www.marriott.com\/en-us\/hotels\/memox-moxy-memphis-downtown\/overview\/?scid=f2ae0541-1279-4f24-b197-a979c79310b0\">Moxy Memphis Downtown<\/a> \u00e9 ideal. <\/p>\n\n<h3 class=\"wp-block-heading\">Nova Orleans: Mergulhe na atmosfera do jazz<\/h3>\n\n<p>O <a href=\"https:\/\/www.sonesta.com\/royal-sonesta\/la\/new-orleans\/royal-sonesta-new-orleans\">Royal Sonesta Hotel<\/a>, na <a href=\"https:\/\/www.neworleans.com\/plan\/streets\/bourbon-street\/\">Bourbon<\/a> Street, coloca voc\u00ea no centro da a\u00e7\u00e3o, enquanto <a href=\"https:\/\/hotelmonteleone.com\/\">o Hotel Monteleone<\/a> oferece um toque de luxo hist\u00f3rico.<\/p>\n\n<h2 class=\"wp-block-heading\">Locais para fotos que voc\u00ea pode usar no Instagram<\/h2>\n\n<figure class=\"wp-block-table\"><table class=\"has-fixed-layout\"><tbody><tr><td><strong>Localiza\u00e7\u00e3o<\/strong><\/td><td><strong>Cidade<\/strong><\/td><td><strong>Espec\u00edfico<\/strong><\/td><\/tr><tr><td><a href=\"https:\/\/www.trolleytours.com\/nashville\/broadway\">Rua Broadway<\/a><\/td><td>Nashville<\/td><td>Luzes de neon e shows ao vivo<\/td><\/tr><tr><td><a href=\"https:\/\/www.memphistravel.com\/beale-street\">Rua Beale<\/a><\/td><td>Memphis<\/td><td>Atmosfera ic\u00f4nica de blues<\/td><\/tr><tr><td><a href=\"https:\/\/www.coastalridgefarm.com\/\">Campos de girassol<\/a><\/td><td>Mississippi<\/td><td>Paisagens coloridas<\/td><\/tr><tr><td>Bairro franc\u00eas<\/td><td>Nova Orleans<\/td><td>Arquitetura hist\u00f3rica e arte de rua<\/td><\/tr><\/tbody><\/table><\/figure>\n\n<h2 class=\"wp-block-heading\">Atividades de acordo com seu tipo de viagem<\/h2>\n\n<h3 class=\"wp-block-heading\">Como casal: Romance e m\u00fasica<\/h3>\n\n<p>N\u00e3o h\u00e1 nada como um cruzeiro com jantar no Mississippi ouvindo jazz ao vivo em Nova Orleans. Em Nashville, uma noite no <a href=\"https:\/\/bluebirdcafe.com\/\">Bluebird Cafe<\/a> oferece uma atmosfera \u00edntima perfeita para uma dupla rom\u00e2ntica. <\/p>\n\n<h3 class=\"wp-block-heading\">Com a fam\u00edlia: uma aventura acess\u00edvel a todos<\/h3>\n\n<p>As crian\u00e7as v\u00e3o adorar o <a href=\"https:\/\/www.memphisrocknsoul.org\/\">Rock &amp; Soul Museum<\/a> em Memphis e um passeio de barco a remo no Mississippi. No Tennessee, o <a href=\"https:\/\/www.dollywood.com\/\">Dollywood Theme Park<\/a> \u00e9 uma experi\u00eancia \u00fanica que combina m\u00fasica country e atra\u00e7\u00f5es. <\/p>\n\n<p>O Deep South \u00e9 uma das <a href=\"https:\/\/usa-b2.com\/\">melhores viagens rodovi\u00e1rias da Am\u00e9rica<\/a>. Com shows, locais hist\u00f3ricos, paisagens magn\u00edficas e hot\u00e9is ic\u00f4nicos, cada etapa \u00e9 repleta de surpresas e descobertas. Quer voc\u00ea esteja viajando em casal ou em fam\u00edlia, essa jornada memor\u00e1vel deixar\u00e1 lembran\u00e7as inesquec\u00edveis e melodias gravadas em seu cora\u00e7\u00e3o.  <\/p>\n","protected":false},"excerpt":{"rendered":"<p>Deep South by car: guia para a viagem perfeita O Deep South dos Estados Unidos \u00e9 uma regi\u00e3o repleta de hist\u00f3ria, cultura e m\u00fasica. Essa viagem leva voc\u00ea ao cora\u00e7\u00e3o das ra\u00edzes do blues, do jazz e da m\u00fasica country, passando por paisagens lend\u00e1rias e cidades ic\u00f4nicas como Nashville, Memphis e Nova Orleans. Com shows, [&hellip;]<\/p>\n","protected":false},"author":1,"featured_media":0,"parent":0,"menu_order":0,"comment_status":"closed","ping_status":"closed","template":"","meta":{"footnotes":""},"class_list":["post-7873","page","type-page","status-publish","hentry"],"yoast_head":"<!-- This site is optimized with the Yoast SEO plugin v27.0 - https:\/\/yoast.com\/product\/yoast-seo-wordpress\/ -->\n<title>Viagem de carro pelo Deep South: itiner\u00e1rio, principais paradas e experi\u00eancias imperd\u00edveis - USA B2<\/title>\n<meta name=\"description\" content=\"Viagem de carro pelo Sul profundo: itiner\u00e1rio, paradas essenciais, acomoda\u00e7\u00f5es e atividades de Nashville a Nova Orleans!\" \/>\n<meta name=\"robots\" content=\"index, follow, max-snippet:-1, max-image-preview:large, max-video-preview:-1\" \/>\n<link rel=\"canonical\" href=\"https:\/\/usa-b2.com\/pt-br\/deep-south-music-tour\/\" \/>\n<meta property=\"og:locale\" content=\"pt_BR\" \/>\n<meta property=\"og:type\" content=\"article\" \/>\n<meta property=\"og:title\" content=\"Viagem de carro pelo Deep South: itiner\u00e1rio, principais paradas e experi\u00eancias imperd\u00edveis - USA B2\" \/>\n<meta property=\"og:description\" content=\"Viagem de carro pelo Sul profundo: itiner\u00e1rio, paradas essenciais, acomoda\u00e7\u00f5es e atividades de Nashville a Nova Orleans!\" \/>\n<meta property=\"og:url\" content=\"https:\/\/usa-b2.com\/pt-br\/deep-south-music-tour\/\" \/>\n<meta property=\"og:site_name\" content=\"USA B2\" \/>\n<meta property=\"article:modified_time\" content=\"2025-06-05T10:16:38+00:00\" \/>\n<meta property=\"og:image\" content=\"https:\/\/usa-b2.com\/wp-content\/uploads\/2025\/03\/Deep-South-Music-2-1024x576.png\" \/>\n\t<meta property=\"og:image:width\" content=\"1024\" \/>\n\t<meta property=\"og:image:height\" content=\"576\" \/>\n\t<meta property=\"og:image:type\" content=\"image\/png\" \/>\n<meta name=\"twitter:card\" content=\"summary_large_image\" \/>\n<meta name=\"twitter:label1\" content=\"Est. tempo de leitura\" \/>\n\t<meta name=\"twitter:data1\" content=\"3 minutos\" \/>\n<script type=\"application\/ld+json\" class=\"yoast-schema-graph\">{\"@context\":\"https:\/\/schema.org\",\"@graph\":[{\"@type\":\"WebPage\",\"@id\":\"https:\/\/usa-b2.com\/pt-br\/deep-south-music-tour\/\",\"url\":\"https:\/\/usa-b2.com\/pt-br\/deep-south-music-tour\/\",\"name\":\"Viagem de carro pelo Deep South: itiner\u00e1rio, principais paradas e experi\u00eancias imperd\u00edveis - USA B2\",\"isPartOf\":{\"@id\":\"https:\/\/usa-b2.com\/pt-br\/#website\"},\"primaryImageOfPage\":{\"@id\":\"https:\/\/usa-b2.com\/pt-br\/deep-south-music-tour\/#primaryimage\"},\"image\":{\"@id\":\"https:\/\/usa-b2.com\/pt-br\/deep-south-music-tour\/#primaryimage\"},\"thumbnailUrl\":\"https:\/\/usa-b2.com\/wp-content\/uploads\/2025\/03\/Deep-South-Music-2-1024x576.png\",\"datePublished\":\"2025-03-17T13:11:22+00:00\",\"dateModified\":\"2025-06-05T10:16:38+00:00\",\"description\":\"Viagem de carro pelo Sul profundo: itiner\u00e1rio, paradas essenciais, acomoda\u00e7\u00f5es e atividades de Nashville a Nova Orleans!\",\"breadcrumb\":{\"@id\":\"https:\/\/usa-b2.com\/pt-br\/deep-south-music-tour\/#breadcrumb\"},\"inLanguage\":\"pt-BR\",\"potentialAction\":[{\"@type\":\"ReadAction\",\"target\":[\"https:\/\/usa-b2.com\/pt-br\/deep-south-music-tour\/\"]}]},{\"@type\":\"ImageObject\",\"inLanguage\":\"pt-BR\",\"@id\":\"https:\/\/usa-b2.com\/pt-br\/deep-south-music-tour\/#primaryimage\",\"url\":\"https:\/\/usa-b2.com\/wp-content\/uploads\/2025\/03\/Deep-South-Music-2-1024x576.png\",\"contentUrl\":\"https:\/\/usa-b2.com\/wp-content\/uploads\/2025\/03\/Deep-South-Music-2-1024x576.png\"},{\"@type\":\"BreadcrumbList\",\"@id\":\"https:\/\/usa-b2.com\/pt-br\/deep-south-music-tour\/#breadcrumb\",\"itemListElement\":[{\"@type\":\"ListItem\",\"position\":1,\"name\":\"Accueil\",\"item\":\"https:\/\/usa-b2.com\/pt-br\/roadtrips-eua\/\"},{\"@type\":\"ListItem\",\"position\":2,\"name\":\"Viagem de carro pelo Deep South: itiner\u00e1rio, principais paradas e experi\u00eancias imperd\u00edveis\"}]},{\"@type\":\"WebSite\",\"@id\":\"https:\/\/usa-b2.com\/pt-br\/#website\",\"url\":\"https:\/\/usa-b2.com\/pt-br\/\",\"name\":\"USA B2 VISA\",\"description\":\"\",\"potentialAction\":[{\"@type\":\"SearchAction\",\"target\":{\"@type\":\"EntryPoint\",\"urlTemplate\":\"https:\/\/usa-b2.com\/pt-br\/?s={search_term_string}\"},\"query-input\":{\"@type\":\"PropertyValueSpecification\",\"valueRequired\":true,\"valueName\":\"search_term_string\"}}],\"inLanguage\":\"pt-BR\"}]}<\/script>\n<!-- \/ Yoast SEO plugin. -->","yoast_head_json":{"title":"Viagem de carro pelo Deep South: itiner\u00e1rio, principais paradas e experi\u00eancias imperd\u00edveis - USA B2","description":"Viagem de carro pelo Sul profundo: itiner\u00e1rio, paradas essenciais, acomoda\u00e7\u00f5es e atividades de Nashville a Nova Orleans!","robots":{"index":"index","follow":"follow","max-snippet":"max-snippet:-1","max-image-preview":"max-image-preview:large","max-video-preview":"max-video-preview:-1"},"canonical":"https:\/\/usa-b2.com\/pt-br\/deep-south-music-tour\/","og_locale":"pt_BR","og_type":"article","og_title":"Viagem de carro pelo Deep South: itiner\u00e1rio, principais paradas e experi\u00eancias imperd\u00edveis - USA B2","og_description":"Viagem de carro pelo Sul profundo: itiner\u00e1rio, paradas essenciais, acomoda\u00e7\u00f5es e atividades de Nashville a Nova Orleans!","og_url":"https:\/\/usa-b2.com\/pt-br\/deep-south-music-tour\/","og_site_name":"USA B2","article_modified_time":"2025-06-05T10:16:38+00:00","og_image":[{"width":1024,"height":576,"url":"https:\/\/usa-b2.com\/wp-content\/uploads\/2025\/03\/Deep-South-Music-2-1024x576.png","type":"image\/png"}],"twitter_card":"summary_large_image","twitter_misc":{"Est. tempo de leitura":"3 minutos"},"schema":{"@context":"https:\/\/schema.org","@graph":[{"@type":"WebPage","@id":"https:\/\/usa-b2.com\/pt-br\/deep-south-music-tour\/","url":"https:\/\/usa-b2.com\/pt-br\/deep-south-music-tour\/","name":"Viagem de carro pelo Deep South: itiner\u00e1rio, principais paradas e experi\u00eancias imperd\u00edveis - USA B2","isPartOf":{"@id":"https:\/\/usa-b2.com\/pt-br\/#website"},"primaryImageOfPage":{"@id":"https:\/\/usa-b2.com\/pt-br\/deep-south-music-tour\/#primaryimage"},"image":{"@id":"https:\/\/usa-b2.com\/pt-br\/deep-south-music-tour\/#primaryimage"},"thumbnailUrl":"https:\/\/usa-b2.com\/wp-content\/uploads\/2025\/03\/Deep-South-Music-2-1024x576.png","datePublished":"2025-03-17T13:11:22+00:00","dateModified":"2025-06-05T10:16:38+00:00","description":"Viagem de carro pelo Sul profundo: itiner\u00e1rio, paradas essenciais, acomoda\u00e7\u00f5es e atividades de Nashville a Nova Orleans!","breadcrumb":{"@id":"https:\/\/usa-b2.com\/pt-br\/deep-south-music-tour\/#breadcrumb"},"inLanguage":"pt-BR","potentialAction":[{"@type":"ReadAction","target":["https:\/\/usa-b2.com\/pt-br\/deep-south-music-tour\/"]}]},{"@type":"ImageObject","inLanguage":"pt-BR","@id":"https:\/\/usa-b2.com\/pt-br\/deep-south-music-tour\/#primaryimage","url":"https:\/\/usa-b2.com\/wp-content\/uploads\/2025\/03\/Deep-South-Music-2-1024x576.png","contentUrl":"https:\/\/usa-b2.com\/wp-content\/uploads\/2025\/03\/Deep-South-Music-2-1024x576.png"},{"@type":"BreadcrumbList","@id":"https:\/\/usa-b2.com\/pt-br\/deep-south-music-tour\/#breadcrumb","itemListElement":[{"@type":"ListItem","position":1,"name":"Accueil","item":"https:\/\/usa-b2.com\/pt-br\/roadtrips-eua\/"},{"@type":"ListItem","position":2,"name":"Viagem de carro pelo Deep South: itiner\u00e1rio, principais paradas e experi\u00eancias imperd\u00edveis"}]},{"@type":"WebSite","@id":"https:\/\/usa-b2.com\/pt-br\/#website","url":"https:\/\/usa-b2.com\/pt-br\/","name":"USA B2 VISA","description":"","potentialAction":[{"@type":"SearchAction","target":{"@type":"EntryPoint","urlTemplate":"https:\/\/usa-b2.com\/pt-br\/?s={search_term_string}"},"query-input":{"@type":"PropertyValueSpecification","valueRequired":true,"valueName":"search_term_string"}}],"inLanguage":"pt-BR"}]}},"_links":{"self":[{"href":"https:\/\/usa-b2.com\/pt-br\/wp-json\/wp\/v2\/pages\/7873","targetHints":{"allow":["GET"]}}],"collection":[{"href":"https:\/\/usa-b2.com\/pt-br\/wp-json\/wp\/v2\/pages"}],"about":[{"href":"https:\/\/usa-b2.com\/pt-br\/wp-json\/wp\/v2\/types\/page"}],"author":[{"embeddable":true,"href":"https:\/\/usa-b2.com\/pt-br\/wp-json\/wp\/v2\/users\/1"}],"replies":[{"embeddable":true,"href":"https:\/\/usa-b2.com\/pt-br\/wp-json\/wp\/v2\/comments?post=7873"}],"version-history":[{"count":0,"href":"https:\/\/usa-b2.com\/pt-br\/wp-json\/wp\/v2\/pages\/7873\/revisions"}],"wp:attachment":[{"href":"https:\/\/usa-b2.com\/pt-br\/wp-json\/wp\/v2\/media?parent=7873"}],"curies":[{"name":"wp","href":"https:\/\/api.w.org\/{rel}","templated":true}]}}