{"id":7823,"date":"2025-03-17T11:01:36","date_gmt":"2025-03-17T11:01:36","guid":{"rendered":"https:\/\/usa-b2.com\/florida-keys\/"},"modified":"2025-06-05T09:50:49","modified_gmt":"2025-06-05T09:50:49","slug":"florida-keys","status":"publish","type":"page","link":"https:\/\/usa-b2.com\/pt-br\/florida-keys\/","title":{"rendered":"Viagem de carro pelas Keys: itiner\u00e1rio, dicas e pontos tur\u00edsticos obrigat\u00f3rios na Fl\u00f3rida"},"content":{"rendered":"\n<h1 class=\"wp-block-heading\">Guia para uma viagem de carro nas Keys dos EUA<\/h1>\n\n<p>As <a href=\"https:\/\/fla-keys.com\/\">Florida Keys<\/a> s\u00e3o um arquip\u00e9lago paradis\u00edaco que se estende por 180 km entre Key Largo e Key West. Viajando por essa rota lend\u00e1ria pela <a href=\"https:\/\/en.wikipedia.org\/wiki\/Overseas_Highway\">Overseas Highway (US-1<\/a> ), voc\u00ea ter\u00e1 paisagens inesquec\u00edveis, paradas estrat\u00e9gicas e imers\u00e3o total em uma atmosfera tropical \u00fanica. Quer voc\u00ea esteja viajando em casal, com a fam\u00edlia ou com amigos, este guia oferece tudo o que voc\u00ea precisa saber sobre essa <a href=\"https:\/\/usa-b2.com\/pt-br\/\">viagem americana<\/a>: itiner\u00e1rio, atividades, acomoda\u00e7\u00f5es e pontos imperd\u00edveis.  <\/p>\n\n<figure class=\"wp-block-image size-large\"><img fetchpriority=\"high\" decoding=\"async\" width=\"1024\" height=\"576\" src=\"https:\/\/usa-b2.com\/wp-content\/uploads\/2025\/03\/Keys-Florida-1-1024x576.png\" alt=\"\" class=\"wp-image-8114\" srcset=\"https:\/\/usa-b2.com\/wp-content\/uploads\/2025\/03\/Keys-Florida-1-1024x576.png 1024w, https:\/\/usa-b2.com\/wp-content\/uploads\/2025\/03\/Keys-Florida-1-300x169.png 300w, https:\/\/usa-b2.com\/wp-content\/uploads\/2025\/03\/Keys-Florida-1-768x432.png 768w, https:\/\/usa-b2.com\/wp-content\/uploads\/2025\/03\/Keys-Florida-1.png 1099w\" sizes=\"(max-width: 1024px) 100vw, 1024px\" \/><\/figure>\n\n<h2 class=\"wp-block-heading\">Rota ideal pelas ilhas Keys<\/h2>\n\n<p>A rota cl\u00e1ssica come\u00e7a em <a href=\"https:\/\/www.miami.gov\/Home\">Miami<\/a> e segue pela <a href=\"https:\/\/en.wikivoyage.org\/wiki\/U.S._Highway_1\">US-1 South<\/a> at\u00e9 <a href=\"https:\/\/www.cityofkeywest-fl.gov\/\">Key West<\/a>. Aqui est\u00e3o as principais etapas da rota: <\/p>\n\n<ul class=\"wp-block-list\">\n<li><a href=\"https:\/\/www.homesteadfl.gov\/\">Homestead<\/a>: Porta de entrada para os <a href=\"https:\/\/www.nps.gov\/ever\/index.htm\">Everglades<\/a>, perfeita para um passeio de hidrof\u00f3lio.<\/li>\n\n\n\n<li><a href=\"https:\/\/www.office-tourisme-usa.com\/etat\/floride\/key-largo\/\">Key Largo<\/a>: Ideal para mergulhar no <a href=\"https:\/\/pennekamppark.com\/\">John Pennekamp Coral Reef State Park<\/a>.<\/li>\n\n\n\n<li><a href=\"https:\/\/www.islamorada.fl.us\/\">Islamorada<\/a>: A capital mundial da pesca esportiva, perfeita para voc\u00ea saborear peixes frescos.<\/li>\n\n\n\n<li><a href=\"https:\/\/www.ci.marathon.fl.us\/\">Maratona<\/a>: A ic\u00f4nica Seven Mile Bridge e a <a href=\"https:\/\/www.visitflorida.com\/travel-ideas\/articles\/sombrero-beach-in-marathon-florida-key-west\/\">Sombrero Beach<\/a>.<\/li>\n\n\n\n<li><strong><a href=\"https:\/\/www.floridastateparks.org\/BahiaHonda\">Parque Estadual Bahia Honda<\/a><\/strong> Uma das praias mais bonitas de Keys.<\/li>\n\n\n\n<li><strong>Key West<\/strong>: destino final, famoso por sua celebra\u00e7\u00e3o do p\u00f4r do sol na <a href=\"https:\/\/www.mallorysquare.com\/\">Mallory Square<\/a>.<\/li>\n<\/ul>\n\n<h2 class=\"wp-block-heading\">Paisagens e paradas naturais imperd\u00edveis<\/h2>\n\n<p>As <strong>Keys <\/strong>oferecem uma paisagem diversificada de praias, parques nacionais e recifes de corais.<\/p>\n\n<p>Entre os parques nacionais a serem visitados, o Everglades National Park oferece uma chance de descobrir a vida selvagem local, enquanto <a href=\"https:\/\/www.nps.gov\/drto\/index.htm\">o Dry Tortugas National Park<\/a>, acess\u00edvel por barco a partir de Key West, abriga o <a href=\"https:\/\/www.futura-sciences.com\/planete\/photos\/amerique-splendeur-parcs-nationaux-americains-1023\/amerique-fort-jefferson-parc-national-sec-tortugas-7010\/\">Fort Jefferson<\/a> e \u00e1guas cristalinas ideais para mergulho com snorkel.<\/p>\n\n<p>Outros pontos tur\u00edsticos inesquec\u00edveis incluem a <a href=\"https:\/\/www.tripadvisor.com\/Attraction_Review-g34347-d519772-Reviews-Seven_Mile_Bridge-Marathon_Florida_Keys_Florida.html\">Seven Mile Bridge<\/a>, uma das pontes mais longas do mundo, a <strong>Sombrero<\/strong> Beach em Marathon e as \u00e1guas rasas de <a href=\"https:\/\/fla-keys.com\/keysvoices\/experience-big-pine-the-lower-keys\/\">Big Pine Key<\/a>, onde voc\u00ea pode ver veados end\u00eamicos da regi\u00e3o.<\/p>\n\n<h2 class=\"wp-block-heading\">Onde dormir em Keys?<\/h2>\n\n<p>Encontrar a acomoda\u00e7\u00e3o certa \u00e9 essencial para que voc\u00ea aproveite ao m\u00e1ximo sua viagem.<\/p>\n\n<p>H\u00e1 uma variedade de op\u00e7\u00f5es que se adaptam ao seu or\u00e7amento e \u00e0s suas prefer\u00eancias:<\/p>\n\n<figure class=\"wp-block-table\"><table class=\"has-fixed-layout\"><tbody><tr><td><strong>Cidade<\/strong><\/td><td><strong>Hospedagem<\/strong><\/td><td><strong>Pre\u00e7o m\u00e9dio\/noite<\/strong><\/td><\/tr><tr><td>Key Largo<\/td><td><a href=\"https:\/\/www.marriott.com\/en-us\/hotels\/mthak-playa-largo-resort-and-spa-autograph-collection\/overview\/?scid=f2ae0541-1279-4f24-b197-a979c79310b0\">Playa Largo Resort &amp; Spa<\/a><\/td><td>180$<\/td><\/tr><tr><td>Maratona<\/td><td><a href=\"https:\/\/www.hawkscay.com\/?NCK=8666906422&amp;utm_source=google&amp;utm_medium=listing&amp;utm_campaign=hawks+cay+resort\">Hawks Cay Resort<\/a><\/td><td>250$<\/td><\/tr><tr><td>Key West<\/td><td><a href=\"https:\/\/www.themarkerkeywest.com\/?NCK=gl-marker\">The Marker Waterfront Resort<\/a><\/td><td>300$<\/td><\/tr><\/tbody><\/table><\/figure>\n\n<h2 class=\"wp-block-heading\">Locais para fotos que voc\u00ea pode usar no Instagram<\/h2>\n\n<p>As Keys oferecem muitos locais ic\u00f4nicos perfeitos para suas fotos.<\/p>\n\n<p>O <a href=\"https:\/\/cityofkeywest-fl.gov\/Facilities\/Facility\/Details\/Southernmost-Point-44\">Southernmost Point em Key West<\/a> \u00e9 imperd\u00edvel, assim como a <a href=\"https:\/\/7milebridge.website\/\">Seven Mile Bridge<\/a> ao p\u00f4r do sol. Se voc\u00ea estiver procurando um ambiente tropical, v\u00e1 para o <a href=\"https:\/\/www.floridastateparks.org\/BahiaHonda\">Bahia Honda State Park<\/a>, famoso por suas \u00e1guas azul-turquesa. <\/p>\n\n<p>Experi\u00eancias mais incomuns incluem a est\u00e1tua submersa do <a href=\"https:\/\/www.atlasobscura.com\/places\/christ-of-the-abyss-florida\">Cristo do Abismo<\/a> em Key Largo, uma experi\u00eancia \u00fanica de mergulho, e a <a href=\"https:\/\/www.sunsetcelebration.org\/\">Sunset Celebration<\/a> na <a href=\"https:\/\/www.mallorysquare.com\/\">Mallory Square, em Key West,<\/a> que garante fotos espetaculares.<\/p>\n\n<h2 class=\"wp-block-heading\">Atividades para casais e fam\u00edlias<\/h2>\n\n<h3 class=\"wp-block-heading\">Casal<\/h3>\n\n<p>Uma viagem a Keys \u00e9 um ref\u00fagio rom\u00e2ntico por excel\u00eancia. Um jantar \u00e0 beira-mar, por exemplo, no <a href=\"https:\/\/www.moradabaykeys.com\/dining\/pierres-restaurant\/\">Pierre&#8217;s Restaurant<\/a> em Islamorada, \u00e9 o cen\u00e1rio perfeito. Os passeios de veleiro ao p\u00f4r do sol em Key West s\u00e3o inesquec\u00edveis, assim como um dia de mergulho com snorkel no <a href=\"https:\/\/floridakeys.noaa.gov\/zones\/spas\/loeekey.html\">Looe Key Reef<\/a>.  <\/p>\n\n<h3 class=\"wp-block-heading\">Fam\u00edlia<\/h3>\n\n<p>As Keys tamb\u00e9m s\u00e3o um destino perfeito para fam\u00edlias. As crian\u00e7as v\u00e3o adorar: <\/p>\n\n<ul class=\"wp-block-list\">\n<li>Nade com golfinhos no <a href=\"https:\/\/dolphins.org\/\">Dolphin Research Center<\/a> em Marathon.<\/li>\n\n\n\n<li>Explore os aqu\u00e1rios interativos de Key West.<\/li>\n\n\n\n<li>Passeie de caiaque pelos manguezais de <a href=\"https:\/\/www.expedia.fr\/Big-Pine-Key.dx7195\">Big Pine Key<\/a>.<\/li>\n<\/ul>\n\n<p>Viajar por Florida Keys \u00e9 uma experi\u00eancia \u00fanica, que combina um cen\u00e1rio sublime, uma variedade de atividades e acomoda\u00e7\u00f5es de qualidade. Quer voc\u00ea seja um mergulhador, um entusiasta de viagens rodovi\u00e1rias ou esteja em busca de romance, essa viagem promete lembran\u00e7as inesquec\u00edveis. Planeje seu itiner\u00e1rio, reserve seus hot\u00e9is e desfrute de uma aventura excepcional em uma das estradas mais lend\u00e1rias dos Estados Unidos!  <\/p>\n\n<p><\/p>\n","protected":false},"excerpt":{"rendered":"<p>Guia para uma viagem de carro nas Keys dos EUA As Florida Keys s\u00e3o um arquip\u00e9lago paradis\u00edaco que se estende por 180 km entre Key Largo e Key West. Viajando por essa rota lend\u00e1ria pela Overseas Highway (US-1 ), voc\u00ea ter\u00e1 paisagens inesquec\u00edveis, paradas estrat\u00e9gicas e imers\u00e3o total em uma atmosfera tropical \u00fanica. Quer voc\u00ea [&hellip;]<\/p>\n","protected":false},"author":1,"featured_media":0,"parent":0,"menu_order":0,"comment_status":"closed","ping_status":"closed","template":"","meta":{"footnotes":""},"class_list":["post-7823","page","type-page","status-publish","hentry"],"yoast_head":"<!-- This site is optimized with the Yoast SEO plugin v27.4 - https:\/\/yoast.com\/product\/yoast-seo-wordpress\/ -->\n<title>Viagem de carro pelas Keys: itiner\u00e1rio, dicas e pontos tur\u00edsticos obrigat\u00f3rios na Fl\u00f3rida - USA B2<\/title>\n<meta name=\"description\" content=\"Descubra o guia para a viagem de carro em Florida Keys: itiner\u00e1rio, paisagens, hot\u00e9is, atividades e locais para tirar fotos para o Instagram.\" \/>\n<meta name=\"robots\" content=\"index, follow, max-snippet:-1, max-image-preview:large, max-video-preview:-1\" \/>\n<link rel=\"canonical\" href=\"https:\/\/usa-b2.com\/pt-br\/florida-keys\/\" \/>\n<meta property=\"og:locale\" content=\"pt_BR\" \/>\n<meta property=\"og:type\" content=\"article\" \/>\n<meta property=\"og:title\" content=\"Viagem de carro pelas Keys: itiner\u00e1rio, dicas e pontos tur\u00edsticos obrigat\u00f3rios na Fl\u00f3rida - USA B2\" \/>\n<meta property=\"og:description\" content=\"Descubra o guia para a viagem de carro em Florida Keys: itiner\u00e1rio, paisagens, hot\u00e9is, atividades e locais para tirar fotos para o Instagram.\" \/>\n<meta property=\"og:url\" content=\"https:\/\/usa-b2.com\/pt-br\/florida-keys\/\" \/>\n<meta property=\"og:site_name\" content=\"USA B2\" \/>\n<meta property=\"article:modified_time\" content=\"2025-06-05T09:50:49+00:00\" \/>\n<meta property=\"og:image\" content=\"https:\/\/usa-b2.com\/wp-content\/uploads\/2025\/03\/Keys-Florida-1.png\" \/>\n\t<meta property=\"og:image:width\" content=\"1099\" \/>\n\t<meta property=\"og:image:height\" content=\"618\" \/>\n\t<meta property=\"og:image:type\" content=\"image\/png\" \/>\n<meta name=\"twitter:card\" content=\"summary_large_image\" \/>\n<meta name=\"twitter:label1\" content=\"Est. tempo de leitura\" \/>\n\t<meta name=\"twitter:data1\" content=\"3 minutos\" \/>\n<script type=\"application\/ld+json\" class=\"yoast-schema-graph\">{\"@context\":\"https:\\\/\\\/schema.org\",\"@graph\":[{\"@type\":\"WebPage\",\"@id\":\"https:\\\/\\\/usa-b2.com\\\/pt-br\\\/florida-keys\\\/\",\"url\":\"https:\\\/\\\/usa-b2.com\\\/pt-br\\\/florida-keys\\\/\",\"name\":\"Viagem de carro pelas Keys: itiner\u00e1rio, dicas e pontos tur\u00edsticos obrigat\u00f3rios na Fl\u00f3rida - USA B2\",\"isPartOf\":{\"@id\":\"https:\\\/\\\/usa-b2.com\\\/pt-br\\\/#website\"},\"primaryImageOfPage\":{\"@id\":\"https:\\\/\\\/usa-b2.com\\\/pt-br\\\/florida-keys\\\/#primaryimage\"},\"image\":{\"@id\":\"https:\\\/\\\/usa-b2.com\\\/pt-br\\\/florida-keys\\\/#primaryimage\"},\"thumbnailUrl\":\"https:\\\/\\\/usa-b2.com\\\/wp-content\\\/uploads\\\/2025\\\/03\\\/Keys-Florida-1-1024x576.png\",\"datePublished\":\"2025-03-17T11:01:36+00:00\",\"dateModified\":\"2025-06-05T09:50:49+00:00\",\"description\":\"Descubra o guia para a viagem de carro em Florida Keys: itiner\u00e1rio, paisagens, hot\u00e9is, atividades e locais para tirar fotos para o Instagram.\",\"breadcrumb\":{\"@id\":\"https:\\\/\\\/usa-b2.com\\\/pt-br\\\/florida-keys\\\/#breadcrumb\"},\"inLanguage\":\"pt-BR\",\"potentialAction\":[{\"@type\":\"ReadAction\",\"target\":[\"https:\\\/\\\/usa-b2.com\\\/pt-br\\\/florida-keys\\\/\"]}]},{\"@type\":\"ImageObject\",\"inLanguage\":\"pt-BR\",\"@id\":\"https:\\\/\\\/usa-b2.com\\\/pt-br\\\/florida-keys\\\/#primaryimage\",\"url\":\"https:\\\/\\\/usa-b2.com\\\/wp-content\\\/uploads\\\/2025\\\/03\\\/Keys-Florida-1-1024x576.png\",\"contentUrl\":\"https:\\\/\\\/usa-b2.com\\\/wp-content\\\/uploads\\\/2025\\\/03\\\/Keys-Florida-1-1024x576.png\"},{\"@type\":\"BreadcrumbList\",\"@id\":\"https:\\\/\\\/usa-b2.com\\\/pt-br\\\/florida-keys\\\/#breadcrumb\",\"itemListElement\":[{\"@type\":\"ListItem\",\"position\":1,\"name\":\"Accueil\",\"item\":\"https:\\\/\\\/usa-b2.com\\\/pt-br\\\/usa\\\/\"},{\"@type\":\"ListItem\",\"position\":2,\"name\":\"Viagem de carro pelas Keys: itiner\u00e1rio, dicas e pontos tur\u00edsticos obrigat\u00f3rios na Fl\u00f3rida\"}]},{\"@type\":\"WebSite\",\"@id\":\"https:\\\/\\\/usa-b2.com\\\/pt-br\\\/#website\",\"url\":\"https:\\\/\\\/usa-b2.com\\\/pt-br\\\/\",\"name\":\"USA B2 VISA\",\"description\":\"\",\"potentialAction\":[{\"@type\":\"SearchAction\",\"target\":{\"@type\":\"EntryPoint\",\"urlTemplate\":\"https:\\\/\\\/usa-b2.com\\\/pt-br\\\/?s={search_term_string}\"},\"query-input\":{\"@type\":\"PropertyValueSpecification\",\"valueRequired\":true,\"valueName\":\"search_term_string\"}}],\"inLanguage\":\"pt-BR\"}]}<\/script>\n<!-- \/ Yoast SEO plugin. -->","yoast_head_json":{"title":"Viagem de carro pelas Keys: itiner\u00e1rio, dicas e pontos tur\u00edsticos obrigat\u00f3rios na Fl\u00f3rida - USA B2","description":"Descubra o guia para a viagem de carro em Florida Keys: itiner\u00e1rio, paisagens, hot\u00e9is, atividades e locais para tirar fotos para o Instagram.","robots":{"index":"index","follow":"follow","max-snippet":"max-snippet:-1","max-image-preview":"max-image-preview:large","max-video-preview":"max-video-preview:-1"},"canonical":"https:\/\/usa-b2.com\/pt-br\/florida-keys\/","og_locale":"pt_BR","og_type":"article","og_title":"Viagem de carro pelas Keys: itiner\u00e1rio, dicas e pontos tur\u00edsticos obrigat\u00f3rios na Fl\u00f3rida - USA B2","og_description":"Descubra o guia para a viagem de carro em Florida Keys: itiner\u00e1rio, paisagens, hot\u00e9is, atividades e locais para tirar fotos para o Instagram.","og_url":"https:\/\/usa-b2.com\/pt-br\/florida-keys\/","og_site_name":"USA B2","article_modified_time":"2025-06-05T09:50:49+00:00","og_image":[{"width":1099,"height":618,"url":"https:\/\/usa-b2.com\/wp-content\/uploads\/2025\/03\/Keys-Florida-1.png","type":"image\/png"}],"twitter_card":"summary_large_image","twitter_misc":{"Est. tempo de leitura":"3 minutos"},"schema":{"@context":"https:\/\/schema.org","@graph":[{"@type":"WebPage","@id":"https:\/\/usa-b2.com\/pt-br\/florida-keys\/","url":"https:\/\/usa-b2.com\/pt-br\/florida-keys\/","name":"Viagem de carro pelas Keys: itiner\u00e1rio, dicas e pontos tur\u00edsticos obrigat\u00f3rios na Fl\u00f3rida - USA B2","isPartOf":{"@id":"https:\/\/usa-b2.com\/pt-br\/#website"},"primaryImageOfPage":{"@id":"https:\/\/usa-b2.com\/pt-br\/florida-keys\/#primaryimage"},"image":{"@id":"https:\/\/usa-b2.com\/pt-br\/florida-keys\/#primaryimage"},"thumbnailUrl":"https:\/\/usa-b2.com\/wp-content\/uploads\/2025\/03\/Keys-Florida-1-1024x576.png","datePublished":"2025-03-17T11:01:36+00:00","dateModified":"2025-06-05T09:50:49+00:00","description":"Descubra o guia para a viagem de carro em Florida Keys: itiner\u00e1rio, paisagens, hot\u00e9is, atividades e locais para tirar fotos para o Instagram.","breadcrumb":{"@id":"https:\/\/usa-b2.com\/pt-br\/florida-keys\/#breadcrumb"},"inLanguage":"pt-BR","potentialAction":[{"@type":"ReadAction","target":["https:\/\/usa-b2.com\/pt-br\/florida-keys\/"]}]},{"@type":"ImageObject","inLanguage":"pt-BR","@id":"https:\/\/usa-b2.com\/pt-br\/florida-keys\/#primaryimage","url":"https:\/\/usa-b2.com\/wp-content\/uploads\/2025\/03\/Keys-Florida-1-1024x576.png","contentUrl":"https:\/\/usa-b2.com\/wp-content\/uploads\/2025\/03\/Keys-Florida-1-1024x576.png"},{"@type":"BreadcrumbList","@id":"https:\/\/usa-b2.com\/pt-br\/florida-keys\/#breadcrumb","itemListElement":[{"@type":"ListItem","position":1,"name":"Accueil","item":"https:\/\/usa-b2.com\/pt-br\/usa\/"},{"@type":"ListItem","position":2,"name":"Viagem de carro pelas Keys: itiner\u00e1rio, dicas e pontos tur\u00edsticos obrigat\u00f3rios na Fl\u00f3rida"}]},{"@type":"WebSite","@id":"https:\/\/usa-b2.com\/pt-br\/#website","url":"https:\/\/usa-b2.com\/pt-br\/","name":"USA B2 VISA","description":"","potentialAction":[{"@type":"SearchAction","target":{"@type":"EntryPoint","urlTemplate":"https:\/\/usa-b2.com\/pt-br\/?s={search_term_string}"},"query-input":{"@type":"PropertyValueSpecification","valueRequired":true,"valueName":"search_term_string"}}],"inLanguage":"pt-BR"}]}},"_links":{"self":[{"href":"https:\/\/usa-b2.com\/pt-br\/wp-json\/wp\/v2\/pages\/7823","targetHints":{"allow":["GET"]}}],"collection":[{"href":"https:\/\/usa-b2.com\/pt-br\/wp-json\/wp\/v2\/pages"}],"about":[{"href":"https:\/\/usa-b2.com\/pt-br\/wp-json\/wp\/v2\/types\/page"}],"author":[{"embeddable":true,"href":"https:\/\/usa-b2.com\/pt-br\/wp-json\/wp\/v2\/users\/1"}],"replies":[{"embeddable":true,"href":"https:\/\/usa-b2.com\/pt-br\/wp-json\/wp\/v2\/comments?post=7823"}],"version-history":[{"count":0,"href":"https:\/\/usa-b2.com\/pt-br\/wp-json\/wp\/v2\/pages\/7823\/revisions"}],"wp:attachment":[{"href":"https:\/\/usa-b2.com\/pt-br\/wp-json\/wp\/v2\/media?parent=7823"}],"curies":[{"name":"wp","href":"https:\/\/api.w.org\/{rel}","templated":true}]}}