{"id":6266,"date":"2025-01-15T12:08:05","date_gmt":"2025-01-15T12:08:05","guid":{"rendered":"https:\/\/usa-b2.com\/viagem-boston-para-washington\/"},"modified":"2025-01-16T15:37:50","modified_gmt":"2025-01-16T15:37:50","slug":"viagem-boston-para-washington","status":"publish","type":"page","link":"https:\/\/usa-b2.com\/pt-br\/viagem-boston-para-washington\/","title":{"rendered":"Uma viagem de carro de Boston a Washington"},"content":{"rendered":"\n<h1 class=\"wp-block-heading\">Como voc\u00ea organiza uma viagem de carro de Boston a Washington?<\/h1>\n\n<p>Uma viagem de carro de Boston a Washington \u00e9 a maneira ideal de voc\u00ea descobrir os tesouros hist\u00f3ricos, culturais e naturais da Costa Leste dos Estados Unidos. Passando por cidades ic\u00f4nicas, como Nova York e Filad\u00e9lfia, al\u00e9m de pontos tur\u00edsticos e parques nacionais, esse itiner\u00e1rio combina a vida urbana agitada com momentos de serenidade. Neste guia, voc\u00ea descobrir\u00e1 as melhores etapas, acomoda\u00e7\u00f5es, atividades e dicas para tornar essa viagem inesquec\u00edvel.  <\/p>\n\n<figure class=\"wp-block-image size-full\"><img fetchpriority=\"high\" decoding=\"async\" width=\"789\" height=\"444\" src=\"https:\/\/usa-b2.com\/wp-content\/uploads\/2025\/01\/Atlantic-City-USA-edited.png\" alt=\"\" class=\"wp-image-6902\" srcset=\"https:\/\/usa-b2.com\/wp-content\/uploads\/2025\/01\/Atlantic-City-USA-edited.png 789w, https:\/\/usa-b2.com\/wp-content\/uploads\/2025\/01\/Atlantic-City-USA-edited-300x169.png 300w, https:\/\/usa-b2.com\/wp-content\/uploads\/2025\/01\/Atlantic-City-USA-edited-768x432.png 768w\" sizes=\"(max-width: 789px) 100vw, 789px\" \/><\/figure>\n\n<h2 class=\"wp-block-heading\">Descubra o que voc\u00ea deve ver: cidades e locais emblem\u00e1ticos<\/h2>\n\n<h3 class=\"wp-block-heading\">Principais cidades para voc\u00ea explorar<\/h3>\n\n<ul class=\"wp-block-list\">\n<li><strong><a href=\"https:\/\/www.boston.gov\/\">Boston<\/a> <\/strong>Boston: Como ber\u00e7o da hist\u00f3ria americana, Boston possui alguns locais imperd\u00edveis, incluindo a Freedom Trail, o Faneuil Hall e Harvard.<\/li>\n\n\n\n<li><strong><a href=\"https:\/\/www.nyc.gov\/\">Nova York<\/a><\/strong> A cidade que nunca dorme est\u00e1 repleta de marcos famosos, incluindo a Est\u00e1tua da Liberdade, a Times Square e o Central Park.<\/li>\n\n\n\n<li><strong><a href=\"https:\/\/www.phila.gov\/fr\/\">Filad\u00e9lfia<\/a><\/strong> N\u00e3o perca o Independence Hall e o Sino da Liberdade, s\u00edmbolos da independ\u00eancia americana.<\/li>\n\n\n\n<li><strong><a href=\"https:\/\/washington.org\/fr\/\">Washington<\/a>, D.C<\/strong>. A capital est\u00e1 repleta de museus gratuitos e monumentos ic\u00f4nicos, como o Lincoln Memorial e a Casa Branca.<\/li>\n<\/ul>\n\n<h3 class=\"wp-block-heading\">Palcos naturais e pitorescos<\/h3>\n\n<p>A viagem n\u00e3o se limita \u00e0s grandes cidades. Fa\u00e7a paradas ao longo do caminho para explorar uma variedade de paisagens: <\/p>\n\n<ul class=\"wp-block-list\">\n<li><strong><a href=\"https:\/\/www.capecodchamber.org\/\">Cape Cod<\/a> (Massachusetts)<\/strong>: Conhecida por suas praias e charmosos vilarejos litor\u00e2neos.<\/li>\n\n\n\n<li><strong><a href=\"https:\/\/dwgpa.gov\/\">Delaware Water Gap<\/a> (Pensilv\u00e2nia e Nova Jersey<\/strong>): um vale espetacular para caminhadas e vistas panor\u00e2micas.<\/li>\n\n\n\n<li><strong><a href=\"https:\/\/en.wikipedia.org\/wiki\/Chesapeake_Bay\">Ba\u00eda de Chesapeake<\/a> (Maryland)<\/strong>: Perfeito para uma pausa na natureza entre a Filad\u00e9lfia e Washington.<\/li>\n<\/ul>\n\n<h2 class=\"wp-block-heading\">Onde se hospedar: Acomoda\u00e7\u00f5es e cidades estrat\u00e9gicas<\/h2>\n\n<h3 class=\"wp-block-heading\">Os melhores lugares para voc\u00ea se hospedar<\/h3>\n\n<ul class=\"wp-block-list\">\n<li><strong>Boston<\/strong>: Hospede-se perto de Back Bay ou Beacon Hill para estar no centro das principais atra\u00e7\u00f5es.<\/li>\n\n\n\n<li><strong>Nova York<\/strong>: Escolha Manhattan por sua acessibilidade, ou Brooklyn para uma atmosfera mais relaxada.<\/li>\n\n\n\n<li><strong>Filad\u00e9lfia<\/strong>: O distrito de Center City \u00e9 ideal para voc\u00ea explorar locais hist\u00f3ricos.<\/li>\n\n\n\n<li><strong>Washington, D.C<\/strong>. Logan Circle e Dupont Circle oferecem hot\u00e9is confort\u00e1veis e f\u00e1cil acesso aos monumentos.<\/li>\n<\/ul>\n\n<h3 class=\"wp-block-heading\">Tipos de acomoda\u00e7\u00e3o<\/h3>\n\n<ul class=\"wp-block-list\">\n<li><strong>Hot\u00e9is charmosos<\/strong>: Pousadas hist\u00f3ricas, como a <a href=\"https:\/\/www.omnihotels.com\/hotels\/boston-parker-house?utm_source=gmblisting&amp;utm_medium=organic\">Omni Parker House<\/a>, em Boston, fazem voc\u00ea mergulhar na hist\u00f3ria local.<\/li>\n\n\n\n<li><strong>Flats e Airbnb <\/strong>: perfeitos para estadias prolongadas em Nova York ou Washington.<\/li>\n\n\n\n<li><strong>Acampamentos<\/strong>: se voc\u00ea estiver procurando uma experi\u00eancia natural, acampamentos como os que existem ao redor da Chesapeake Bay s\u00e3o ideais.<\/li>\n<\/ul>\n\n<h2 class=\"wp-block-heading\">Itiner\u00e1rio recomendado : Boston a Washington em 7 dias<\/h2>\n\n<figure class=\"wp-block-table\"><table class=\"has-fixed-layout\"><tbody><tr><td class=\"has-text-align-center\" data-align=\"center\"><strong>Dia<\/strong><\/td><td class=\"has-text-align-center\" data-align=\"center\"><strong>Etapa<\/strong><\/td><td class=\"has-text-align-center\" data-align=\"center\"><strong>Principais atividades<\/strong><\/td><td class=\"has-text-align-center\" data-align=\"center\"><strong>Sugest\u00e3o de acomoda\u00e7\u00e3o<\/strong><\/td><\/tr><tr><td class=\"has-text-align-center\" data-align=\"center\">1<\/td><td class=\"has-text-align-center\" data-align=\"center\">Boston<\/td><td class=\"has-text-align-center\" data-align=\"center\">Freedom Trail, Quincy Market<\/td><td class=\"has-text-align-center\" data-align=\"center\">Boston<\/td><\/tr><tr><td class=\"has-text-align-center\" data-align=\"center\">2<\/td><td class=\"has-text-align-center\" data-align=\"center\">Cape Cod<\/td><td class=\"has-text-align-center\" data-align=\"center\">Praias, passeios de barco<\/td><td class=\"has-text-align-center\" data-align=\"center\">Cape Cod<\/td><\/tr><tr><td class=\"has-text-align-center\" data-align=\"center\">3<\/td><td class=\"has-text-align-center\" data-align=\"center\">Cidade de Nova York<\/td><td class=\"has-text-align-center\" data-align=\"center\">Times Square, Central Park, Est\u00e1tua da Liberdade<\/td><td class=\"has-text-align-center\" data-align=\"center\">Nova York<\/td><\/tr><tr><td class=\"has-text-align-center\" data-align=\"center\">4<\/td><td class=\"has-text-align-center\" data-align=\"center\">Da cidade de Nova York para a Filad\u00e9lfia<\/td><td class=\"has-text-align-center\" data-align=\"center\">Museu de Arte, Sino da Liberdade<\/td><td class=\"has-text-align-center\" data-align=\"center\">Filad\u00e9lfia<\/td><\/tr><tr><td class=\"has-text-align-center\" data-align=\"center\">5<\/td><td class=\"has-text-align-center\" data-align=\"center\">Delaware Water Gap<\/td><td class=\"has-text-align-center\" data-align=\"center\">Caminhadas e relaxamento<\/td><td class=\"has-text-align-center\" data-align=\"center\">Filad\u00e9lfia<\/td><\/tr><tr><td class=\"has-text-align-center\" data-align=\"center\">6<\/td><td class=\"has-text-align-center\" data-align=\"center\">Annapolis e a Ba\u00eda de Chesapeake<\/td><td class=\"has-text-align-center\" data-align=\"center\">Degusta\u00e7\u00e3o de frutos do mar, passeio pela orla mar\u00edtima<\/td><td class=\"has-text-align-center\" data-align=\"center\">Washington<\/td><\/tr><tr><td class=\"has-text-align-center\" data-align=\"center\">7<\/td><td class=\"has-text-align-center\" data-align=\"center\">Washington, D.C.<\/td><td class=\"has-text-align-center\" data-align=\"center\">National Mall, Museus Smithsonian<\/td><td class=\"has-text-align-center\" data-align=\"center\">Washington<\/td><\/tr><\/tbody><\/table><\/figure>\n\n<p>Esse itiner\u00e1rio oferece um equil\u00edbrio entre passeios urbanos e intervalos na natureza para que voc\u00ea aproveite ao m\u00e1ximo as maravilhas da Costa Leste.<\/p>\n\n<h2 class=\"wp-block-heading\">Locais para fotos que voc\u00ea pode tirar no Instagram<\/h2>\n\n<h3 class=\"wp-block-heading\">Os locais perfeitos para voc\u00ea fotografar<\/h3>\n\n<ul class=\"wp-block-list\">\n<li><strong><a href=\"https:\/\/fr.tripadvisor.be\/Attraction_Review-g60745-d481783-Reviews-Acorn_Street-Boston_Massachusetts.html\">Acorn Street<\/a> (Boston)<\/strong>: Uma rua hist\u00f3rica de paralelep\u00edpedos, perfeita para capturar a ess\u00eancia da arquitetura colonial.<\/li>\n\n\n\n<li><strong><a href=\"https:\/\/www.rockefellercenter.com\/fr-fr\/attractions\/plateforme-observation-top-of-the-rock\/\">Top of the Rock<\/a> (Nova York)<\/strong>: Uma vista de tirar o f\u00f4lego de Manhattan, incluindo o Empire State Building e o Central Park.<\/li>\n\n\n\n<li><strong><a href=\"https:\/\/www.phillymagicgardens.org\/?gad_source=1&amp;gclid=Cj0KCQiA-aK8BhCDARIsAL_-H9nv8NAvzyI3HmO-V8arQsCZdAMMgPhCI4cgA5vykHh3x5QcLa8DZcYaAmjkEALw_wcB\">Jardins M\u00e1gicos da Filad\u00e9lfia<\/a><\/strong> Um local art\u00edstico exclusivo para fotografias coloridas e criativas.<\/li>\n\n\n\n<li><strong>Tidal Basin (Washington, D.C.) <\/strong>: O reflexo dos monumentos na \u00e1gua, particularmente bonito ao nascer do sol.<\/li>\n<\/ul>\n\n<h3 class=\"wp-block-heading\">Dicas para imortalizar sua viagem de carro<\/h3>\n\n<p>Para obter as melhores fotos, escolha as horas douradas da manh\u00e3 e da noite. N\u00e3o hesite em explorar pontos de observa\u00e7\u00e3o menos frequentados, como parques da cidade ou cais, para obter fotos originais. <\/p>\n\n<h2 class=\"wp-block-heading\">Atividades de acordo com seu tipo de viagem<\/h2>\n\n<h3 class=\"wp-block-heading\">Para casais: momentos rom\u00e2nticos<\/h3>\n\n<ul class=\"wp-block-list\">\n<li><strong>Passeio de barco pelo Charles River (Boston)<\/strong>: Desfrute de uma vista rom\u00e2ntica dos telhados da cidade.<\/li>\n\n\n\n<li><strong>Piquenique no <a href=\"https:\/\/www.centralparknyc.org\/\">Central Park<\/a> (Nova York)<\/strong>: Relaxe em um ambiente arborizado com vista para os arranha-c\u00e9us.<\/li>\n\n\n\n<li><strong>Jantar gourmet em <a href=\"https:\/\/www.georgetowndc.com\/\">Georgetown<\/a> (Washington)<\/strong>: Esse bairro oferece restaurantes \u00edntimos e uma atmosfera acolhedora.<\/li>\n<\/ul>\n\n<h3 class=\"wp-block-heading\">Com a fam\u00edlia: aventuras para crian\u00e7as<\/h3>\n\n<ul class=\"wp-block-list\">\n<li><strong>Visita interativa ao <a href=\"https:\/\/www.mos.org\/\">Museum of Science<\/a> (Boston)<\/strong>: ideal para voc\u00ea aprender enquanto se diverte.<\/li>\n\n\n\n<li><strong>Caminhada no <a href=\"https:\/\/www.thehighline.org\/\">High Line<\/a> (Nova York)<\/strong>: Uma antiga linha ferrovi\u00e1ria transformada em um parque suspenso, com vistas \u00fanicas da cidade.<\/li>\n\n\n\n<li><strong>Explora\u00e7\u00e3o no <a href=\"https:\/\/airandspace.si.edu\/\">Smithsonian National Air and Space Museum<\/a> (Washington, D.C.)<\/strong>: Imperd\u00edvel para os pequenos f\u00e3s de avia\u00e7\u00e3o.<\/li>\n<\/ul>\n\n<p>De Boston a Washington, essa viagem de carro \u00e9 uma verdadeira imers\u00e3o na hist\u00f3ria, cultura e paisagens variadas da Costa Leste. Quer voc\u00ea esteja viajando em casal ou em fam\u00edlia, essa rota oferece uma riqueza inigual\u00e1vel de experi\u00eancias e descobertas. Planeje seu itiner\u00e1rio, reserve sua acomoda\u00e7\u00e3o e parta para descobrir os tesouros do leste americano!  <\/p>\n","protected":false},"excerpt":{"rendered":"<p>Como voc\u00ea organiza uma viagem de carro de Boston a Washington? Uma viagem de carro de Boston a Washington \u00e9 a maneira ideal de voc\u00ea descobrir os tesouros hist\u00f3ricos, culturais e naturais da Costa Leste dos Estados Unidos. Passando por cidades ic\u00f4nicas, como Nova York e Filad\u00e9lfia, al\u00e9m de pontos tur\u00edsticos e parques nacionais, esse [&hellip;]<\/p>\n","protected":false},"author":1,"featured_media":0,"parent":0,"menu_order":0,"comment_status":"closed","ping_status":"closed","template":"","meta":{"footnotes":""},"class_list":["post-6266","page","type-page","status-publish","hentry"],"yoast_head":"<!-- This site is optimized with the Yoast SEO plugin v27.4 - https:\/\/yoast.com\/product\/yoast-seo-wordpress\/ -->\n<title>Uma viagem de carro de Boston a Washington - USA B2<\/title>\n<meta name=\"description\" content=\"Descubra as etapas essenciais de uma viagem de carro de Boston a Washington: itiner\u00e1rios, acomoda\u00e7\u00f5es, atividades e oportunidades para fotos.\" \/>\n<meta name=\"robots\" content=\"index, follow, max-snippet:-1, max-image-preview:large, max-video-preview:-1\" \/>\n<link rel=\"canonical\" href=\"https:\/\/usa-b2.com\/pt-br\/viagem-boston-para-washington\/\" \/>\n<meta property=\"og:locale\" content=\"pt_BR\" \/>\n<meta property=\"og:type\" content=\"article\" \/>\n<meta property=\"og:title\" content=\"Uma viagem de carro de Boston a Washington - USA B2\" \/>\n<meta property=\"og:description\" content=\"Descubra as etapas essenciais de uma viagem de carro de Boston a Washington: itiner\u00e1rios, acomoda\u00e7\u00f5es, atividades e oportunidades para fotos.\" \/>\n<meta property=\"og:url\" content=\"https:\/\/usa-b2.com\/pt-br\/viagem-boston-para-washington\/\" \/>\n<meta property=\"og:site_name\" content=\"USA B2\" \/>\n<meta property=\"article:modified_time\" content=\"2025-01-16T15:37:50+00:00\" \/>\n<meta property=\"og:image\" content=\"https:\/\/usa-b2.com\/wp-content\/uploads\/2025\/01\/Atlantic-City-USA-edited.png\" \/>\n\t<meta property=\"og:image:width\" content=\"789\" \/>\n\t<meta property=\"og:image:height\" content=\"444\" \/>\n\t<meta property=\"og:image:type\" content=\"image\/png\" \/>\n<meta name=\"twitter:card\" content=\"summary_large_image\" \/>\n<meta name=\"twitter:label1\" content=\"Est. tempo de leitura\" \/>\n\t<meta name=\"twitter:data1\" content=\"4 minutos\" \/>\n<script type=\"application\/ld+json\" class=\"yoast-schema-graph\">{\"@context\":\"https:\\\/\\\/schema.org\",\"@graph\":[{\"@type\":\"WebPage\",\"@id\":\"https:\\\/\\\/usa-b2.com\\\/pt-br\\\/viagem-boston-para-washington\\\/\",\"url\":\"https:\\\/\\\/usa-b2.com\\\/pt-br\\\/viagem-boston-para-washington\\\/\",\"name\":\"Uma viagem de carro de Boston a Washington - USA B2\",\"isPartOf\":{\"@id\":\"https:\\\/\\\/usa-b2.com\\\/pt-br\\\/#website\"},\"primaryImageOfPage\":{\"@id\":\"https:\\\/\\\/usa-b2.com\\\/pt-br\\\/viagem-boston-para-washington\\\/#primaryimage\"},\"image\":{\"@id\":\"https:\\\/\\\/usa-b2.com\\\/pt-br\\\/viagem-boston-para-washington\\\/#primaryimage\"},\"thumbnailUrl\":\"https:\\\/\\\/usa-b2.com\\\/wp-content\\\/uploads\\\/2025\\\/01\\\/Atlantic-City-USA-edited.png\",\"datePublished\":\"2025-01-15T12:08:05+00:00\",\"dateModified\":\"2025-01-16T15:37:50+00:00\",\"description\":\"Descubra as etapas essenciais de uma viagem de carro de Boston a Washington: itiner\u00e1rios, acomoda\u00e7\u00f5es, atividades e oportunidades para fotos.\",\"breadcrumb\":{\"@id\":\"https:\\\/\\\/usa-b2.com\\\/pt-br\\\/viagem-boston-para-washington\\\/#breadcrumb\"},\"inLanguage\":\"pt-BR\",\"potentialAction\":[{\"@type\":\"ReadAction\",\"target\":[\"https:\\\/\\\/usa-b2.com\\\/pt-br\\\/viagem-boston-para-washington\\\/\"]}]},{\"@type\":\"ImageObject\",\"inLanguage\":\"pt-BR\",\"@id\":\"https:\\\/\\\/usa-b2.com\\\/pt-br\\\/viagem-boston-para-washington\\\/#primaryimage\",\"url\":\"https:\\\/\\\/usa-b2.com\\\/wp-content\\\/uploads\\\/2025\\\/01\\\/Atlantic-City-USA-edited.png\",\"contentUrl\":\"https:\\\/\\\/usa-b2.com\\\/wp-content\\\/uploads\\\/2025\\\/01\\\/Atlantic-City-USA-edited.png\"},{\"@type\":\"BreadcrumbList\",\"@id\":\"https:\\\/\\\/usa-b2.com\\\/pt-br\\\/viagem-boston-para-washington\\\/#breadcrumb\",\"itemListElement\":[{\"@type\":\"ListItem\",\"position\":1,\"name\":\"Accueil\",\"item\":\"https:\\\/\\\/usa-b2.com\\\/pt-br\\\/usa\\\/\"},{\"@type\":\"ListItem\",\"position\":2,\"name\":\"Uma viagem de carro de Boston a Washington\"}]},{\"@type\":\"WebSite\",\"@id\":\"https:\\\/\\\/usa-b2.com\\\/pt-br\\\/#website\",\"url\":\"https:\\\/\\\/usa-b2.com\\\/pt-br\\\/\",\"name\":\"USA B2 VISA\",\"description\":\"\",\"potentialAction\":[{\"@type\":\"SearchAction\",\"target\":{\"@type\":\"EntryPoint\",\"urlTemplate\":\"https:\\\/\\\/usa-b2.com\\\/pt-br\\\/?s={search_term_string}\"},\"query-input\":{\"@type\":\"PropertyValueSpecification\",\"valueRequired\":true,\"valueName\":\"search_term_string\"}}],\"inLanguage\":\"pt-BR\"}]}<\/script>\n<!-- \/ Yoast SEO plugin. -->","yoast_head_json":{"title":"Uma viagem de carro de Boston a Washington - USA B2","description":"Descubra as etapas essenciais de uma viagem de carro de Boston a Washington: itiner\u00e1rios, acomoda\u00e7\u00f5es, atividades e oportunidades para fotos.","robots":{"index":"index","follow":"follow","max-snippet":"max-snippet:-1","max-image-preview":"max-image-preview:large","max-video-preview":"max-video-preview:-1"},"canonical":"https:\/\/usa-b2.com\/pt-br\/viagem-boston-para-washington\/","og_locale":"pt_BR","og_type":"article","og_title":"Uma viagem de carro de Boston a Washington - USA B2","og_description":"Descubra as etapas essenciais de uma viagem de carro de Boston a Washington: itiner\u00e1rios, acomoda\u00e7\u00f5es, atividades e oportunidades para fotos.","og_url":"https:\/\/usa-b2.com\/pt-br\/viagem-boston-para-washington\/","og_site_name":"USA B2","article_modified_time":"2025-01-16T15:37:50+00:00","og_image":[{"width":789,"height":444,"url":"https:\/\/usa-b2.com\/wp-content\/uploads\/2025\/01\/Atlantic-City-USA-edited.png","type":"image\/png"}],"twitter_card":"summary_large_image","twitter_misc":{"Est. tempo de leitura":"4 minutos"},"schema":{"@context":"https:\/\/schema.org","@graph":[{"@type":"WebPage","@id":"https:\/\/usa-b2.com\/pt-br\/viagem-boston-para-washington\/","url":"https:\/\/usa-b2.com\/pt-br\/viagem-boston-para-washington\/","name":"Uma viagem de carro de Boston a Washington - USA B2","isPartOf":{"@id":"https:\/\/usa-b2.com\/pt-br\/#website"},"primaryImageOfPage":{"@id":"https:\/\/usa-b2.com\/pt-br\/viagem-boston-para-washington\/#primaryimage"},"image":{"@id":"https:\/\/usa-b2.com\/pt-br\/viagem-boston-para-washington\/#primaryimage"},"thumbnailUrl":"https:\/\/usa-b2.com\/wp-content\/uploads\/2025\/01\/Atlantic-City-USA-edited.png","datePublished":"2025-01-15T12:08:05+00:00","dateModified":"2025-01-16T15:37:50+00:00","description":"Descubra as etapas essenciais de uma viagem de carro de Boston a Washington: itiner\u00e1rios, acomoda\u00e7\u00f5es, atividades e oportunidades para fotos.","breadcrumb":{"@id":"https:\/\/usa-b2.com\/pt-br\/viagem-boston-para-washington\/#breadcrumb"},"inLanguage":"pt-BR","potentialAction":[{"@type":"ReadAction","target":["https:\/\/usa-b2.com\/pt-br\/viagem-boston-para-washington\/"]}]},{"@type":"ImageObject","inLanguage":"pt-BR","@id":"https:\/\/usa-b2.com\/pt-br\/viagem-boston-para-washington\/#primaryimage","url":"https:\/\/usa-b2.com\/wp-content\/uploads\/2025\/01\/Atlantic-City-USA-edited.png","contentUrl":"https:\/\/usa-b2.com\/wp-content\/uploads\/2025\/01\/Atlantic-City-USA-edited.png"},{"@type":"BreadcrumbList","@id":"https:\/\/usa-b2.com\/pt-br\/viagem-boston-para-washington\/#breadcrumb","itemListElement":[{"@type":"ListItem","position":1,"name":"Accueil","item":"https:\/\/usa-b2.com\/pt-br\/usa\/"},{"@type":"ListItem","position":2,"name":"Uma viagem de carro de Boston a Washington"}]},{"@type":"WebSite","@id":"https:\/\/usa-b2.com\/pt-br\/#website","url":"https:\/\/usa-b2.com\/pt-br\/","name":"USA B2 VISA","description":"","potentialAction":[{"@type":"SearchAction","target":{"@type":"EntryPoint","urlTemplate":"https:\/\/usa-b2.com\/pt-br\/?s={search_term_string}"},"query-input":{"@type":"PropertyValueSpecification","valueRequired":true,"valueName":"search_term_string"}}],"inLanguage":"pt-BR"}]}},"_links":{"self":[{"href":"https:\/\/usa-b2.com\/pt-br\/wp-json\/wp\/v2\/pages\/6266","targetHints":{"allow":["GET"]}}],"collection":[{"href":"https:\/\/usa-b2.com\/pt-br\/wp-json\/wp\/v2\/pages"}],"about":[{"href":"https:\/\/usa-b2.com\/pt-br\/wp-json\/wp\/v2\/types\/page"}],"author":[{"embeddable":true,"href":"https:\/\/usa-b2.com\/pt-br\/wp-json\/wp\/v2\/users\/1"}],"replies":[{"embeddable":true,"href":"https:\/\/usa-b2.com\/pt-br\/wp-json\/wp\/v2\/comments?post=6266"}],"version-history":[{"count":0,"href":"https:\/\/usa-b2.com\/pt-br\/wp-json\/wp\/v2\/pages\/6266\/revisions"}],"wp:attachment":[{"href":"https:\/\/usa-b2.com\/pt-br\/wp-json\/wp\/v2\/media?parent=6266"}],"curies":[{"name":"wp","href":"https:\/\/api.w.org\/{rel}","templated":true}]}}