{"id":6227,"date":"2025-01-15T10:13:22","date_gmt":"2025-01-15T10:13:22","guid":{"rendered":"https:\/\/usa-b2.com\/blue-ridge-parkway-estados-unidos\/"},"modified":"2025-01-21T10:35:16","modified_gmt":"2025-01-21T10:35:16","slug":"blue-ridge-parkway-estados-unidos","status":"publish","type":"page","link":"https:\/\/usa-b2.com\/pt-br\/blue-ridge-parkway-estados-unidos\/","title":{"rendered":"Descubra a Blue Ridge Parkway nos Estados Unidos"},"content":{"rendered":"\n<h1 class=\"wp-block-heading\">Como voc\u00ea planeja uma viagem de carro pela Blue Ridge Parkway?<\/h1>\n\n<p>A <a href=\"https:\/\/www.blueridgeparkway.org\/\">Blue Ridge Parkway<\/a>, apelidada de &#8220;America&#8217;s Favorite Drive&#8221;, \u00e9 uma das mais belas estradas panor\u00e2micas dos Estados Unidos. Estendendo-se por quase 755 quil\u00f4metros entre <a href=\"https:\/\/www.virginia.org\/\">a Virg\u00ednia<\/a> e a Carolina do Norte, essa rota lend\u00e1ria passa por paisagens de tirar o f\u00f4lego, de montanhas verdejantes a vales tranquilos. Quer voc\u00ea seja um entusiasta de caminhadas, um fot\u00f3grafo entusiasmado ou esteja apenas procurando um pouco de paz e tranquilidade, este guia abrangente conta tudo o que voc\u00ea precisa saber para aproveitar ao m\u00e1ximo essa lend\u00e1ria viagem rodovi\u00e1ria.  <\/p>\n\n<figure class=\"wp-block-image size-full\"><img fetchpriority=\"high\" decoding=\"async\" width=\"597\" height=\"336\" src=\"https:\/\/usa-b2.com\/wp-content\/uploads\/2025\/01\/Blue-Ridge-Parkway-Virginie-Caroline-Nord-USA-edited.png\" alt=\"\" class=\"wp-image-6796\" srcset=\"https:\/\/usa-b2.com\/wp-content\/uploads\/2025\/01\/Blue-Ridge-Parkway-Virginie-Caroline-Nord-USA-edited.png 597w, https:\/\/usa-b2.com\/wp-content\/uploads\/2025\/01\/Blue-Ridge-Parkway-Virginie-Caroline-Nord-USA-edited-300x169.png 300w\" sizes=\"(max-width: 597px) 100vw, 597px\" \/><\/figure>\n\n<h2 class=\"wp-block-heading\">Descubra a Blue Ridge Parkway<\/h2>\n\n<h3 class=\"wp-block-heading\">Imperd\u00edvel<\/h3>\n\n<ul class=\"wp-block-list\">\n<li><strong>Marco 0<\/strong>: Afton Overlook (Virg\u00ednia): Uma primeira vis\u00e3o espetacular das montanhas ao redor.<\/li>\n\n\n\n<li><strong>Milepost 85<\/strong>: Peaks of Otter: trilhas de caminhada acess\u00edveis e um lago pitoresco perfeito para um piquenique.<\/li>\n\n\n\n<li><strong>Posto de Milha 316<\/strong>: Linville Falls, Carolina do Norte: Uma cachoeira impressionante, ideal para entusiastas da fotografia.<\/li>\n\n\n\n<li><strong>Milepost 469<\/strong>: Cherokee: O fim da Parkway, pr\u00f3ximo ao Great Smoky Mountains National Park.<\/li>\n<\/ul>\n\n<h3 class=\"wp-block-heading\">As paisagens variadas ao longo da rota<\/h3>\n\n<p>A Blue Ridge Parkway oferece uma diversidade de vistas, desde as densas florestas da Virg\u00ednia at\u00e9 os picos escarpados da Carolina do Norte. No outono, a folhagem exuberante atrai visitantes de todo o mundo, enquanto na primavera, as flores silvestres cobrem as margens. Os t\u00faneis cortados nas montanhas d\u00e3o um toque pitoresco \u00e0 experi\u00eancia.  <\/p>\n\n<h2 class=\"wp-block-heading\">Onde se hospedar: Acomoda\u00e7\u00f5es e cidades estrat\u00e9gicas<\/h2>\n\n<h3 class=\"wp-block-heading\">Cidades preferidas para fazer escala<\/h3>\n\n<ul class=\"wp-block-list\">\n<li><strong><a href=\"https:\/\/www.roanokeva.gov\/148\/Visitors-Tourism\">Roanoke<\/a> (Virg\u00ednia)<\/strong>: Ideal para explorar a parte norte da Parkway, essa cidade oferece hot\u00e9is confort\u00e1veis e uma animada cena de restaurantes.<\/li>\n\n\n\n<li><strong><a href=\"https:\/\/www.exploreasheville.com\/\">Asheville<\/a> (Carolina do Norte) <\/strong>: Uma parada obrigat\u00f3ria para os amantes da arte, m\u00fasica e culin\u00e1ria local.<\/li>\n\n\n\n<li><strong><a href=\"https:\/\/blowingrock.com\/\">Blowing Rock<\/a> (Carolina do Norte)<\/strong>: Uma cidadezinha charmosa conhecida por suas lojas, restaurantes e atmosfera de montanha.<\/li>\n<\/ul>\n\n<h3 class=\"wp-block-heading\">Acomoda\u00e7\u00e3o no Parkway e em seus arredores<\/h3>\n\n<ul class=\"wp-block-list\">\n<li><strong>Alojamentos hist\u00f3ricos<\/strong>: <a href=\"https:\/\/www.peaksofotter.com\/\">Peaks of Otter Lodge<\/a> e Pisgah Inn oferecem ambientes aut\u00eanticos e vistas de tirar o f\u00f4lego.<\/li>\n\n\n\n<li><strong>Acampamento<\/strong>: acampamentos bem equipados, como o Doughton Park, oferecem imers\u00e3o total na natureza.<\/li>\n<\/ul>\n\n<h2 class=\"wp-block-heading\">Itiner\u00e1rio recomendado de 5 dias<\/h2>\n\n<figure class=\"wp-block-table\"><table class=\"has-fixed-layout\"><tbody><tr><td class=\"has-text-align-center\" data-align=\"center\"><strong>Dia<\/strong><\/td><td class=\"has-text-align-center\" data-align=\"center\"><strong>Se\u00e7\u00e3o<\/strong><\/td><td class=\"has-text-align-center\" data-align=\"center\"><strong>Principais atividades<\/strong><\/td><td class=\"has-text-align-center\" data-align=\"center\"><strong>Sugest\u00e3o de acomoda\u00e7\u00e3o<\/strong><\/td><\/tr><tr><td class=\"has-text-align-center\" data-align=\"center\">1<\/td><td class=\"has-text-align-center\" data-align=\"center\">Afton para Roanoke<\/td><td class=\"has-text-align-center\" data-align=\"center\">Afton Overlook, Humpback Rock<\/td><td class=\"has-text-align-center\" data-align=\"center\">Roanoke<\/td><\/tr><tr><td class=\"has-text-align-center\" data-align=\"center\">2<\/td><td class=\"has-text-align-center\" data-align=\"center\">Roanoke para Blowing Rock<\/td><td class=\"has-text-align-center\" data-align=\"center\">Picos rochosos de Otter, Mabry Mill<\/td><td class=\"has-text-align-center\" data-align=\"center\">Blowing Rock<\/td><\/tr><tr><td class=\"has-text-align-center\" data-align=\"center\">3<\/td><td class=\"has-text-align-center\" data-align=\"center\">Blowing Rock em Asheville<\/td><td class=\"has-text-align-center\" data-align=\"center\">Linville Falls, Grandfather Mountain<\/td><td class=\"has-text-align-center\" data-align=\"center\">Asheville<\/td><\/tr><tr><td class=\"has-text-align-center\" data-align=\"center\">4<\/td><td class=\"has-text-align-center\" data-align=\"center\">De Asheville a Mount Pisgah<\/td><td class=\"has-text-align-center\" data-align=\"center\">Pisgah Inn, Craggy Gardens<\/td><td class=\"has-text-align-center\" data-align=\"center\">Pousada Pisgah<\/td><\/tr><tr><td class=\"has-text-align-center\" data-align=\"center\">5<\/td><td class=\"has-text-align-center\" data-align=\"center\">Monte Pisgah em <a href=\"https:\/\/visitcherokeenc.com\/\">Cherokee<\/a><\/td><td class=\"has-text-align-center\" data-align=\"center\">Waterrock Knob, Cherokee<\/td><td class=\"has-text-align-center\" data-align=\"center\">Cherokee<\/td><\/tr><\/tbody><\/table><\/figure>\n\n<p><br\/>Esse itiner\u00e1rio permite que voc\u00ea descubra os destaques da Parkway enquanto equilibra explora\u00e7\u00e3o e relaxamento.<\/p>\n\n<h2 class=\"wp-block-heading\">Locais para fotos que voc\u00ea pode tirar no Instagram<\/h2>\n\n<h3 class=\"wp-block-heading\">As paisagens perfeitas para voc\u00ea fotografar<\/h3>\n\n<p>A Blue Ridge Parkway est\u00e1 repleta de pontos fotog\u00eanicos. Entre eles est\u00e3o: <\/p>\n\n<ul class=\"wp-block-list\">\n<li><strong>Craggy Gardens (Milepost 364)<\/strong>: vistas coloridas, especialmente na primavera.<\/li>\n\n\n\n<li><strong>Mabry Mill (Milepost 176)<\/strong>: Uma antiga pedra de moinho cercada por uma paisagem buc\u00f3lica, perfeita para fotos r\u00fasticas.<\/li>\n\n\n\n<li><strong>Waterrock Knob (Ponto de Milha 451)<\/strong>: Uma vista espetacular ao p\u00f4r do sol.<\/li>\n<\/ul>\n\n<h3 class=\"wp-block-heading\">Dicas para imortalizar o Parkway<\/h3>\n\n<p>Para tirar as melhores fotos, concentre-se no nascer e no p\u00f4r do sol, quando a luz \u00e9 suave e as cores vibrantes. N\u00e3o se esque\u00e7a de capturar os t\u00faneis ic\u00f4nicos e as curvas sinuosas da estrada. <\/p>\n\n<h2 class=\"wp-block-heading\">Atividades de acordo com seu tipo de viagem<\/h2>\n\n<h3 class=\"wp-block-heading\">Para casais: momentos rom\u00e2nticos<\/h3>\n\n<ul class=\"wp-block-list\">\n<li><strong>Caminhadas tranquilas e pontos de vista<\/strong>: Trilhas como a Flat Top Trail em Peaks of Otter oferecem momentos de paz e tranquilidade para dois.<\/li>\n\n\n\n<li><strong>Degusta\u00e7\u00f5es locais <\/strong>: Em Asheville, saboreie pratos e vinhos regionais em uma atmosfera amig\u00e1vel.<\/li>\n\n\n\n<li><strong>Observa\u00e7\u00e3o de estrelas<\/strong>: A baixa polui\u00e7\u00e3o luminosa da Parkway a torna um local ideal para contemplar a Via L\u00e1ctea.<\/li>\n<\/ul>\n\n<h3 class=\"wp-block-heading\">Com a fam\u00edlia: aventuras para crian\u00e7as<\/h3>\n\n<ul class=\"wp-block-list\">\n<li><strong>Atividades educacionais<\/strong>: Os centros de visitantes, como o Humpback Rocks, oferecem programas interativos para crian\u00e7as.<\/li>\n\n\n\n<li><strong>Caminhadas acess\u00edveis <\/strong>: A trilha de Linville Falls \u00e9 curta e f\u00e1cil, perfeita para fam\u00edlias com crian\u00e7as pequenas.<\/li>\n\n\n\n<li><strong>Piqueniques ao<\/strong> ar livre: v\u00e1rias \u00e1reas ao longo da Parkway, como o Doughton Park, s\u00e3o ideais para uma refei\u00e7\u00e3o ao ar livre.<\/li>\n<\/ul>\n\n<p>A Blue Ridge Parkway \u00e9 muito mais do que apenas uma estrada: \u00e9 uma experi\u00eancia imersiva no cora\u00e7\u00e3o da beleza natural dos Estados Unidos. N\u00e3o importa se voc\u00ea est\u00e1 em busca de aventura, relaxamento ou lembran\u00e7as de fam\u00edlia, essa jornada o deixar\u00e1 com imagens e sensa\u00e7\u00f5es inesquec\u00edveis. Planeje seu itiner\u00e1rio, pegue a estrada e deixe-se encantar pelas maravilhas das Blue Ridge Mountains.  <\/p>\n","protected":false},"excerpt":{"rendered":"<p>Como voc\u00ea planeja uma viagem de carro pela Blue Ridge Parkway? A Blue Ridge Parkway, apelidada de &#8220;America&#8217;s Favorite Drive&#8221;, \u00e9 uma das mais belas estradas panor\u00e2micas dos Estados Unidos. Estendendo-se por quase 755 quil\u00f4metros entre a Virg\u00ednia e a Carolina do Norte, essa rota lend\u00e1ria passa por paisagens de tirar o f\u00f4lego, de montanhas [&hellip;]<\/p>\n","protected":false},"author":1,"featured_media":0,"parent":0,"menu_order":0,"comment_status":"closed","ping_status":"closed","template":"","meta":{"footnotes":""},"class_list":["post-6227","page","type-page","status-publish","hentry"],"yoast_head":"<!-- This site is optimized with the Yoast SEO plugin v27.0 - https:\/\/yoast.com\/product\/yoast-seo-wordpress\/ -->\n<title>Descubra a Blue Ridge Parkway nos Estados Unidos - USA B2<\/title>\n<meta name=\"description\" content=\"Descubra a Blue Ridge Parkway: itiner\u00e1rios, as melhores acomoda\u00e7\u00f5es, locais para fotos e atividades para casais e fam\u00edlias!\" \/>\n<meta name=\"robots\" content=\"index, follow, max-snippet:-1, max-image-preview:large, max-video-preview:-1\" \/>\n<link rel=\"canonical\" href=\"https:\/\/usa-b2.com\/pt-br\/blue-ridge-parkway-estados-unidos\/\" \/>\n<meta property=\"og:locale\" content=\"pt_BR\" \/>\n<meta property=\"og:type\" content=\"article\" \/>\n<meta property=\"og:title\" content=\"Descubra a Blue Ridge Parkway nos Estados Unidos - USA B2\" \/>\n<meta property=\"og:description\" content=\"Descubra a Blue Ridge Parkway: itiner\u00e1rios, as melhores acomoda\u00e7\u00f5es, locais para fotos e atividades para casais e fam\u00edlias!\" \/>\n<meta property=\"og:url\" content=\"https:\/\/usa-b2.com\/pt-br\/blue-ridge-parkway-estados-unidos\/\" \/>\n<meta property=\"og:site_name\" content=\"USA B2\" \/>\n<meta property=\"article:modified_time\" content=\"2025-01-21T10:35:16+00:00\" \/>\n<meta property=\"og:image\" content=\"https:\/\/usa-b2.com\/wp-content\/uploads\/2025\/01\/Blue-Ridge-Parkway-Virginie-Caroline-Nord-USA-edited.png\" \/>\n\t<meta property=\"og:image:width\" content=\"597\" \/>\n\t<meta property=\"og:image:height\" content=\"336\" \/>\n\t<meta property=\"og:image:type\" content=\"image\/png\" \/>\n<meta name=\"twitter:card\" content=\"summary_large_image\" \/>\n<meta name=\"twitter:label1\" content=\"Est. tempo de leitura\" \/>\n\t<meta name=\"twitter:data1\" content=\"4 minutos\" \/>\n<script type=\"application\/ld+json\" class=\"yoast-schema-graph\">{\"@context\":\"https:\/\/schema.org\",\"@graph\":[{\"@type\":\"WebPage\",\"@id\":\"https:\/\/usa-b2.com\/pt-br\/blue-ridge-parkway-estados-unidos\/\",\"url\":\"https:\/\/usa-b2.com\/pt-br\/blue-ridge-parkway-estados-unidos\/\",\"name\":\"Descubra a Blue Ridge Parkway nos Estados Unidos - USA B2\",\"isPartOf\":{\"@id\":\"https:\/\/usa-b2.com\/pt-br\/#website\"},\"primaryImageOfPage\":{\"@id\":\"https:\/\/usa-b2.com\/pt-br\/blue-ridge-parkway-estados-unidos\/#primaryimage\"},\"image\":{\"@id\":\"https:\/\/usa-b2.com\/pt-br\/blue-ridge-parkway-estados-unidos\/#primaryimage\"},\"thumbnailUrl\":\"https:\/\/usa-b2.com\/wp-content\/uploads\/2025\/01\/Blue-Ridge-Parkway-Virginie-Caroline-Nord-USA-edited.png\",\"datePublished\":\"2025-01-15T10:13:22+00:00\",\"dateModified\":\"2025-01-21T10:35:16+00:00\",\"description\":\"Descubra a Blue Ridge Parkway: itiner\u00e1rios, as melhores acomoda\u00e7\u00f5es, locais para fotos e atividades para casais e fam\u00edlias!\",\"breadcrumb\":{\"@id\":\"https:\/\/usa-b2.com\/pt-br\/blue-ridge-parkway-estados-unidos\/#breadcrumb\"},\"inLanguage\":\"pt-BR\",\"potentialAction\":[{\"@type\":\"ReadAction\",\"target\":[\"https:\/\/usa-b2.com\/pt-br\/blue-ridge-parkway-estados-unidos\/\"]}]},{\"@type\":\"ImageObject\",\"inLanguage\":\"pt-BR\",\"@id\":\"https:\/\/usa-b2.com\/pt-br\/blue-ridge-parkway-estados-unidos\/#primaryimage\",\"url\":\"https:\/\/usa-b2.com\/wp-content\/uploads\/2025\/01\/Blue-Ridge-Parkway-Virginie-Caroline-Nord-USA-edited.png\",\"contentUrl\":\"https:\/\/usa-b2.com\/wp-content\/uploads\/2025\/01\/Blue-Ridge-Parkway-Virginie-Caroline-Nord-USA-edited.png\"},{\"@type\":\"BreadcrumbList\",\"@id\":\"https:\/\/usa-b2.com\/pt-br\/blue-ridge-parkway-estados-unidos\/#breadcrumb\",\"itemListElement\":[{\"@type\":\"ListItem\",\"position\":1,\"name\":\"Accueil\",\"item\":\"https:\/\/usa-b2.com\/pt-br\/roadtrips-eua\/\"},{\"@type\":\"ListItem\",\"position\":2,\"name\":\"Descubra a Blue Ridge Parkway nos Estados Unidos\"}]},{\"@type\":\"WebSite\",\"@id\":\"https:\/\/usa-b2.com\/pt-br\/#website\",\"url\":\"https:\/\/usa-b2.com\/pt-br\/\",\"name\":\"USA B2 VISA\",\"description\":\"\",\"potentialAction\":[{\"@type\":\"SearchAction\",\"target\":{\"@type\":\"EntryPoint\",\"urlTemplate\":\"https:\/\/usa-b2.com\/pt-br\/?s={search_term_string}\"},\"query-input\":{\"@type\":\"PropertyValueSpecification\",\"valueRequired\":true,\"valueName\":\"search_term_string\"}}],\"inLanguage\":\"pt-BR\"}]}<\/script>\n<!-- \/ Yoast SEO plugin. -->","yoast_head_json":{"title":"Descubra a Blue Ridge Parkway nos Estados Unidos - USA B2","description":"Descubra a Blue Ridge Parkway: itiner\u00e1rios, as melhores acomoda\u00e7\u00f5es, locais para fotos e atividades para casais e fam\u00edlias!","robots":{"index":"index","follow":"follow","max-snippet":"max-snippet:-1","max-image-preview":"max-image-preview:large","max-video-preview":"max-video-preview:-1"},"canonical":"https:\/\/usa-b2.com\/pt-br\/blue-ridge-parkway-estados-unidos\/","og_locale":"pt_BR","og_type":"article","og_title":"Descubra a Blue Ridge Parkway nos Estados Unidos - USA B2","og_description":"Descubra a Blue Ridge Parkway: itiner\u00e1rios, as melhores acomoda\u00e7\u00f5es, locais para fotos e atividades para casais e fam\u00edlias!","og_url":"https:\/\/usa-b2.com\/pt-br\/blue-ridge-parkway-estados-unidos\/","og_site_name":"USA B2","article_modified_time":"2025-01-21T10:35:16+00:00","og_image":[{"width":597,"height":336,"url":"https:\/\/usa-b2.com\/wp-content\/uploads\/2025\/01\/Blue-Ridge-Parkway-Virginie-Caroline-Nord-USA-edited.png","type":"image\/png"}],"twitter_card":"summary_large_image","twitter_misc":{"Est. tempo de leitura":"4 minutos"},"schema":{"@context":"https:\/\/schema.org","@graph":[{"@type":"WebPage","@id":"https:\/\/usa-b2.com\/pt-br\/blue-ridge-parkway-estados-unidos\/","url":"https:\/\/usa-b2.com\/pt-br\/blue-ridge-parkway-estados-unidos\/","name":"Descubra a Blue Ridge Parkway nos Estados Unidos - USA B2","isPartOf":{"@id":"https:\/\/usa-b2.com\/pt-br\/#website"},"primaryImageOfPage":{"@id":"https:\/\/usa-b2.com\/pt-br\/blue-ridge-parkway-estados-unidos\/#primaryimage"},"image":{"@id":"https:\/\/usa-b2.com\/pt-br\/blue-ridge-parkway-estados-unidos\/#primaryimage"},"thumbnailUrl":"https:\/\/usa-b2.com\/wp-content\/uploads\/2025\/01\/Blue-Ridge-Parkway-Virginie-Caroline-Nord-USA-edited.png","datePublished":"2025-01-15T10:13:22+00:00","dateModified":"2025-01-21T10:35:16+00:00","description":"Descubra a Blue Ridge Parkway: itiner\u00e1rios, as melhores acomoda\u00e7\u00f5es, locais para fotos e atividades para casais e fam\u00edlias!","breadcrumb":{"@id":"https:\/\/usa-b2.com\/pt-br\/blue-ridge-parkway-estados-unidos\/#breadcrumb"},"inLanguage":"pt-BR","potentialAction":[{"@type":"ReadAction","target":["https:\/\/usa-b2.com\/pt-br\/blue-ridge-parkway-estados-unidos\/"]}]},{"@type":"ImageObject","inLanguage":"pt-BR","@id":"https:\/\/usa-b2.com\/pt-br\/blue-ridge-parkway-estados-unidos\/#primaryimage","url":"https:\/\/usa-b2.com\/wp-content\/uploads\/2025\/01\/Blue-Ridge-Parkway-Virginie-Caroline-Nord-USA-edited.png","contentUrl":"https:\/\/usa-b2.com\/wp-content\/uploads\/2025\/01\/Blue-Ridge-Parkway-Virginie-Caroline-Nord-USA-edited.png"},{"@type":"BreadcrumbList","@id":"https:\/\/usa-b2.com\/pt-br\/blue-ridge-parkway-estados-unidos\/#breadcrumb","itemListElement":[{"@type":"ListItem","position":1,"name":"Accueil","item":"https:\/\/usa-b2.com\/pt-br\/roadtrips-eua\/"},{"@type":"ListItem","position":2,"name":"Descubra a Blue Ridge Parkway nos Estados Unidos"}]},{"@type":"WebSite","@id":"https:\/\/usa-b2.com\/pt-br\/#website","url":"https:\/\/usa-b2.com\/pt-br\/","name":"USA B2 VISA","description":"","potentialAction":[{"@type":"SearchAction","target":{"@type":"EntryPoint","urlTemplate":"https:\/\/usa-b2.com\/pt-br\/?s={search_term_string}"},"query-input":{"@type":"PropertyValueSpecification","valueRequired":true,"valueName":"search_term_string"}}],"inLanguage":"pt-BR"}]}},"_links":{"self":[{"href":"https:\/\/usa-b2.com\/pt-br\/wp-json\/wp\/v2\/pages\/6227","targetHints":{"allow":["GET"]}}],"collection":[{"href":"https:\/\/usa-b2.com\/pt-br\/wp-json\/wp\/v2\/pages"}],"about":[{"href":"https:\/\/usa-b2.com\/pt-br\/wp-json\/wp\/v2\/types\/page"}],"author":[{"embeddable":true,"href":"https:\/\/usa-b2.com\/pt-br\/wp-json\/wp\/v2\/users\/1"}],"replies":[{"embeddable":true,"href":"https:\/\/usa-b2.com\/pt-br\/wp-json\/wp\/v2\/comments?post=6227"}],"version-history":[{"count":0,"href":"https:\/\/usa-b2.com\/pt-br\/wp-json\/wp\/v2\/pages\/6227\/revisions"}],"wp:attachment":[{"href":"https:\/\/usa-b2.com\/pt-br\/wp-json\/wp\/v2\/media?parent=6227"}],"curies":[{"name":"wp","href":"https:\/\/api.w.org\/{rel}","templated":true}]}}