{"id":6207,"date":"2025-01-15T09:10:05","date_gmt":"2025-01-15T09:10:05","guid":{"rendered":"https:\/\/usa-b2.com\/grandes-parques-oeste-dos-estados-unidos\/"},"modified":"2025-01-21T12:38:35","modified_gmt":"2025-01-21T12:38:35","slug":"grandes-parques-oeste-dos-estados-unidos","status":"publish","type":"page","link":"https:\/\/usa-b2.com\/pt-br\/grandes-parques-oeste-dos-estados-unidos\/","title":{"rendered":"Passeio pelos grandes parques do oeste dos Estados Unidos"},"content":{"rendered":"\n<h1 class=\"wp-block-heading\">Como voc\u00ea organiza sua viagem de carro aos grandes parques do Oeste?<\/h1>\n\n<p>Os Mighty Five, os cinco parques nacionais ic\u00f4nicos de<a href=\"https:\/\/www.office-tourisme-usa.com\/etat\/utah\/\">Utah<\/a>, personificam a beleza acidentada do oeste americano. Todos os anos, eles atraem milh\u00f5es de visitantes em busca de vistas de tirar o f\u00f4lego e aventuras memor\u00e1veis. Este guia abrangente ajudar\u00e1 voc\u00ea a planejar sua viagem, desde itiner\u00e1rios e locais para fotos at\u00e9 acomoda\u00e7\u00f5es e atividades para todos os gostos. Descubra os segredos dos Mighty Five e prepare-se para uma imers\u00e3o inesquec\u00edvel no cora\u00e7\u00e3o das paisagens de Utah.   <\/p>\n\n<figure class=\"wp-block-gallery has-nested-images columns-default is-cropped wp-block-gallery-1 is-layout-flex wp-block-gallery-is-layout-flex\">\n<figure class=\"wp-block-image size-large\"><img fetchpriority=\"high\" decoding=\"async\" width=\"789\" height=\"444\" data-id=\"6696\" src=\"https:\/\/usa-b2.com\/wp-content\/uploads\/2025\/01\/National-Parks-Road-Trip-Utah-edited-1.png\" alt=\"\" class=\"wp-image-6696\" srcset=\"https:\/\/usa-b2.com\/wp-content\/uploads\/2025\/01\/National-Parks-Road-Trip-Utah-edited-1.png 789w, https:\/\/usa-b2.com\/wp-content\/uploads\/2025\/01\/National-Parks-Road-Trip-Utah-edited-1-300x169.png 300w, https:\/\/usa-b2.com\/wp-content\/uploads\/2025\/01\/National-Parks-Road-Trip-Utah-edited-1-768x432.png 768w\" sizes=\"(max-width: 789px) 100vw, 789px\" \/><\/figure>\n<\/figure>\n\n<h2 class=\"wp-block-heading\">Descubra os Mighty Five: parques nacionais e suas paisagens \u00fanicas<\/h2>\n\n<h3 class=\"wp-block-heading\">Parques nacionais que voc\u00ea n\u00e3o pode deixar de visitar<\/h3>\n\n<h4 class=\"wp-block-heading\">Parque Nacional de Zion: penhascos majestosos e trilhas ic\u00f4nicas<\/h4>\n\n<p><a href=\"https:\/\/www.nps.gov\/zion\/index.htm\">Zion<\/a> \u00e9 conhecida por seus imponentes penhascos vermelhos e caminhadas espetaculares, como Angel&#8217;s Landing, uma trilha vertiginosa que oferece vistas panor\u00e2micas. Os amantes da \u00e1gua n\u00e3o v\u00e3o querer perder The Narrows, onde caminhar em um rio cercado por gargantas estreitas \u00e9 uma experi\u00eancia inesquec\u00edvel. <\/p>\n\n<h4 class=\"wp-block-heading\">Bryce Canyon: um anfiteatro natural de hoodoos<\/h4>\n\n<p><a href=\"https:\/\/www.nps.gov\/brca\/index.htm\">O Bryce Canyon<\/a> \u00e9 not\u00e1vel por suas forma\u00e7\u00f5es rochosas exclusivas, conhecidas como hoodoos. Pontos de vista como o Sunrise Point e o Inspiration Point oferecem panoramas de tirar o f\u00f4lego, principalmente ao amanhecer ou ao anoitecer. <\/p>\n\n<h4 class=\"wp-block-heading\">Arches e Canyonlands: as maravilhas geol\u00f3gicas de Utah<\/h4>\n\n<p>Arches \u00e9 o lar de mais de 2.000 arcos naturais, incluindo o famoso Delicate Arch. A apenas alguns quil\u00f4metros de dist\u00e2ncia, Canyonlands possui c\u00e2nions intermin\u00e1veis e Mesa Arch, um local imperd\u00edvel ao nascer do sol. <\/p>\n\n<h3 class=\"wp-block-heading\">Paisagens e paradas emblem\u00e1ticas<\/h3>\n\n<h4 class=\"wp-block-heading\">Pontos naturais para voc\u00ea explorar<\/h4>\n\n<p>Cada parque tem seus pr\u00f3prios tesouros exclusivos. No Capitol Reef, a Waterpocket Fold \u00e9 uma forma\u00e7\u00e3o geol\u00f3gica fascinante, enquanto o Fruita Historic District mergulha os visitantes na hist\u00f3ria da regi\u00e3o. O Bryce Canyon \u00e9 famoso por seus hoodoos com formatos estranhos, como o Thor&#8217;s Hammer.  <\/p>\n\n<h4 class=\"wp-block-heading\">As melhores rotas panor\u00e2micas<\/h4>\n\n<p>Rotas como a Scenic Byway 12, entre Bryce e Capitol Reef, oferecem vistas de tirar o f\u00f4lego de montanhas e desertos. Reserve um tempo para parar nos mirantes e admirar a paisagem. <\/p>\n\n<h2 class=\"wp-block-heading\">Onde se hospedar: Acomoda\u00e7\u00f5es e cidades estrat\u00e9gicas<\/h2>\n\n<h3 class=\"wp-block-heading\">Cidades de parada obrigat\u00f3ria<\/h3>\n\n<h4 class=\"wp-block-heading\">Springdale: na porta de entrada para Si\u00e3o<\/h4>\n\n<p><a href=\"https:\/\/www.springdaletown.com\/\">Springdale<\/a> \u00e9 a base ideal para voc\u00ea explorar Zion. Oferece uma ampla variedade de acomoda\u00e7\u00f5es, desde pousadas confort\u00e1veis at\u00e9 hot\u00e9is de luxo, e restaurantes para todos os gostos. Sua localiza\u00e7\u00e3o estrat\u00e9gica facilita o acesso ao parque com convenientes \u00f4nibus de traslado.  <\/p>\n\n<h4 class=\"wp-block-heading\">Moab: no cruzamento de dois parques<\/h4>\n\n<p><a href=\"https:\/\/www.discovermoab.com\/\">Moab<\/a> \u00e9 uma cidade vibrante e acolhedora, perfeita para voc\u00ea explorar Arches e Canyonlands. As op\u00e7\u00f5es de acomoda\u00e7\u00e3o incluem acampamentos bem equipados, hot\u00e9is para fam\u00edlias e albergues para solteiros. <\/p>\n\n<h3 class=\"wp-block-heading\">Acomoda\u00e7\u00e3o nos parques: imers\u00e3o garantida<\/h3>\n\n<h4 class=\"wp-block-heading\">Lodges para uma experi\u00eancia \u00fanica<\/h4>\n\n<p>V\u00e1rios parques, como o Zion e o Bryce, t\u00eam alojamentos que oferecem vistas diretas das paisagens naturais. Reservar essas acomoda\u00e7\u00f5es com anteced\u00eancia \u00e9 essencial para garantir uma estadia no cora\u00e7\u00e3o da natureza. <\/p>\n\n<h4 class=\"wp-block-heading\">Acampamento: dormir sob as estrelas<\/h4>\n\n<p>Acampar \u00e9 uma op\u00e7\u00e3o popular para os aventureiros. H\u00e1 locais desenvolvidos dispon\u00edveis em todos os parques, oferecendo comodidades essenciais e proximidade de trilhas para caminhadas. O Bryce Canyon \u00e9 particularmente popular por seu excepcional c\u00e9u noturno.  <\/p>\n\n<h2 class=\"wp-block-heading\">Itiner\u00e1rio recomendado: Explore os Mighty Five em 7 dias<\/h2>\n\n<figure class=\"wp-block-table\"><table class=\"has-fixed-layout\"><tbody><tr><td><strong>Dia<\/strong><\/td><td><strong>Parque<\/strong><\/td><td><strong>Principais atividades<\/strong><\/td><td><strong>Sugest\u00e3o de acomoda\u00e7\u00e3o<\/strong><\/td><\/tr><tr><td>1<\/td><td>Si\u00e3o<\/td><td>Angel&#8217;s Landing, The Narrows<\/td><td>Springdale<\/td><\/tr><tr><td>2<\/td><td>Bryce Canyon<\/td><td>Sunrise Point, Fairyland Loop<\/td><td>Tr\u00f3pico<\/td><\/tr><tr><td>3<\/td><td>Capitol Reef<\/td><td>Fruita Overlook, Ponte Hickman<\/td><td>Torrey<\/td><\/tr><tr><td>4-5<\/td><td>Arcos<\/td><td>Delicate Arch, Devils Garden<\/td><td>Moab<\/td><\/tr><tr><td>6-7<\/td><td>Canyonlands<\/td><td>Ilha no c\u00e9u, Mesa Arch<\/td><td>Moab<\/td><\/tr><\/tbody><\/table><\/figure>\n\n<p><br\/>Esse itiner\u00e1rio maximiza o tempo gasto em cada parque e permite que voc\u00ea viaje confortavelmente entre os locais.<\/p>\n\n<h2 class=\"wp-block-heading\">Locais para fotos que voc\u00ea pode tirar no Instagram<\/h2>\n\n<h3 class=\"wp-block-heading\">As paisagens perfeitas para voc\u00ea fotografar<\/h3>\n\n<h4 class=\"wp-block-heading\">Mesa Arch: nascer do sol espetacular<\/h4>\n\n<p>Em Canyonlands, o Mesa Arch \u00e9 um dos favoritos da fotografia. A luz da manh\u00e3 ilumina o arco, criando uma cena m\u00e1gica que vale a pena visitar. <\/p>\n\n<h4 class=\"wp-block-heading\">Delicate Arch: um \u00edcone de Utah<\/h4>\n\n<p>Essa joia do Arches National Park atrai visitantes em busca de fotos memor\u00e1veis. Uma caminhada de 5 km levar\u00e1 voc\u00ea a esse local ic\u00f4nico, especialmente bonito ao p\u00f4r do sol. <\/p>\n\n<h4 class=\"wp-block-heading\">Anfiteatro Bryce: uma pintura natural ao ar livre<\/h4>\n\n<p>O Bryce Amphitheater oferece panoramas de tirar o f\u00f4lego. A mudan\u00e7a de cores dos hoodoos ao amanhecer ou ao anoitecer \u00e9 ideal para voc\u00ea tirar fotos para o Instagram. <\/p>\n\n<h2 class=\"wp-block-heading\">Atividades de acordo com seu tipo de viagem<\/h2>\n\n<h3 class=\"wp-block-heading\">Para casais: momentos rom\u00e2nticos<\/h3>\n\n<h4 class=\"wp-block-heading\">Caminhadas e piqueniques ao p\u00f4r do sol<\/h4>\n\n<p>Trilhas como a Sunset Point, no Bryce Canyon, oferecem um cen\u00e1rio id\u00edlico para casais. Prepare um piquenique com vista para os hoodoos para um momento de uni\u00e3o. <\/p>\n\n<h4 class=\"wp-block-heading\">Observando as estrelas<\/h4>\n\n<p>O Bryce Canyon \u00e9 famoso por seu c\u00e9u estrelado. Participar de uma noite de observa\u00e7\u00e3o astron\u00f4mica juntos cria mem\u00f3rias inesquec\u00edveis. <\/p>\n\n<h3 class=\"wp-block-heading\">Com a fam\u00edlia: aventuras para crian\u00e7as<\/h3>\n\n<h4 class=\"wp-block-heading\">Atividades educacionais: Programa Junior Ranger<\/h4>\n\n<p>Todos os parques oferecem programas infantis que combinam aprendizado e divers\u00e3o. Os pequenos aventureiros podem ganhar distintivos ap\u00f3s completarem miss\u00f5es. <\/p>\n\n<h4 class=\"wp-block-heading\">Caminhadas f\u00e1ceis e acess\u00edveis<\/h4>\n\n<p>Trilhas como a Riverside Walk em Zion ou a Sand Dune Arch Trail em Arches s\u00e3o perfeitas para fam\u00edlias, oferecendo vistas magn\u00edficas sem muito esfor\u00e7o f\u00edsico.<\/p>\n\n<p><br\/>Uma viagem aos Mighty Five \u00e9 uma experi\u00eancia incompar\u00e1vel, que combina aventura, descoberta e relaxamento. Quer voc\u00ea esteja em casal ou em fam\u00edlia, esses parques nacionais proporcionar\u00e3o a voc\u00ea lembran\u00e7as que durar\u00e3o a vida inteira. Planeje seu itiner\u00e1rio, reserve sua acomoda\u00e7\u00e3o e mergulhe na beleza natural de Utah.  <\/p>\n\n<p><\/p>\n","protected":false},"excerpt":{"rendered":"<p>Como voc\u00ea organiza sua viagem de carro aos grandes parques do Oeste? Os Mighty Five, os cinco parques nacionais ic\u00f4nicos deUtah, personificam a beleza acidentada do oeste americano. Todos os anos, eles atraem milh\u00f5es de visitantes em busca de vistas de tirar o f\u00f4lego e aventuras memor\u00e1veis. Este guia abrangente ajudar\u00e1 voc\u00ea a planejar sua [&hellip;]<\/p>\n","protected":false},"author":1,"featured_media":0,"parent":0,"menu_order":0,"comment_status":"closed","ping_status":"closed","template":"","meta":{"footnotes":""},"class_list":["post-6207","page","type-page","status-publish","hentry"],"yoast_head":"<!-- This site is optimized with the Yoast SEO plugin v27.0 - https:\/\/yoast.com\/product\/yoast-seo-wordpress\/ -->\n<title>Passeio pelos grandes parques do oeste dos Estados Unidos - USA B2<\/title>\n<meta name=\"description\" content=\"Descubra como planejar sua viagem para os Mighty Five de Utah. Itiner\u00e1rios, acomoda\u00e7\u00f5es, atividades e oportunidades para fotos.\" \/>\n<meta name=\"robots\" content=\"index, follow, max-snippet:-1, max-image-preview:large, max-video-preview:-1\" \/>\n<link rel=\"canonical\" href=\"https:\/\/usa-b2.com\/pt-br\/grandes-parques-oeste-dos-estados-unidos\/\" \/>\n<meta property=\"og:locale\" content=\"pt_BR\" \/>\n<meta property=\"og:type\" content=\"article\" \/>\n<meta property=\"og:title\" content=\"Passeio pelos grandes parques do oeste dos Estados Unidos - USA B2\" \/>\n<meta property=\"og:description\" content=\"Descubra como planejar sua viagem para os Mighty Five de Utah. Itiner\u00e1rios, acomoda\u00e7\u00f5es, atividades e oportunidades para fotos.\" \/>\n<meta property=\"og:url\" content=\"https:\/\/usa-b2.com\/pt-br\/grandes-parques-oeste-dos-estados-unidos\/\" \/>\n<meta property=\"og:site_name\" content=\"USA B2\" \/>\n<meta property=\"article:modified_time\" content=\"2025-01-21T12:38:35+00:00\" \/>\n<meta property=\"og:image\" content=\"https:\/\/usa-b2.com\/wp-content\/uploads\/2025\/01\/National-Parks-Road-Trip-Utah-edited-1.png\" \/>\n\t<meta property=\"og:image:width\" content=\"789\" \/>\n\t<meta property=\"og:image:height\" content=\"444\" \/>\n\t<meta property=\"og:image:type\" content=\"image\/png\" \/>\n<meta name=\"twitter:card\" content=\"summary_large_image\" \/>\n<meta name=\"twitter:label1\" content=\"Est. tempo de leitura\" \/>\n\t<meta name=\"twitter:data1\" content=\"5 minutos\" \/>\n<script type=\"application\/ld+json\" class=\"yoast-schema-graph\">{\"@context\":\"https:\/\/schema.org\",\"@graph\":[{\"@type\":\"WebPage\",\"@id\":\"https:\/\/usa-b2.com\/pt-br\/grandes-parques-oeste-dos-estados-unidos\/\",\"url\":\"https:\/\/usa-b2.com\/pt-br\/grandes-parques-oeste-dos-estados-unidos\/\",\"name\":\"Passeio pelos grandes parques do oeste dos Estados Unidos - USA B2\",\"isPartOf\":{\"@id\":\"https:\/\/usa-b2.com\/pt-br\/#website\"},\"primaryImageOfPage\":{\"@id\":\"https:\/\/usa-b2.com\/pt-br\/grandes-parques-oeste-dos-estados-unidos\/#primaryimage\"},\"image\":{\"@id\":\"https:\/\/usa-b2.com\/pt-br\/grandes-parques-oeste-dos-estados-unidos\/#primaryimage\"},\"thumbnailUrl\":\"https:\/\/usa-b2.com\/wp-content\/uploads\/2025\/01\/National-Parks-Road-Trip-Utah-edited-1.png\",\"datePublished\":\"2025-01-15T09:10:05+00:00\",\"dateModified\":\"2025-01-21T12:38:35+00:00\",\"description\":\"Descubra como planejar sua viagem para os Mighty Five de Utah. Itiner\u00e1rios, acomoda\u00e7\u00f5es, atividades e oportunidades para fotos.\",\"breadcrumb\":{\"@id\":\"https:\/\/usa-b2.com\/pt-br\/grandes-parques-oeste-dos-estados-unidos\/#breadcrumb\"},\"inLanguage\":\"pt-BR\",\"potentialAction\":[{\"@type\":\"ReadAction\",\"target\":[\"https:\/\/usa-b2.com\/pt-br\/grandes-parques-oeste-dos-estados-unidos\/\"]}]},{\"@type\":\"ImageObject\",\"inLanguage\":\"pt-BR\",\"@id\":\"https:\/\/usa-b2.com\/pt-br\/grandes-parques-oeste-dos-estados-unidos\/#primaryimage\",\"url\":\"https:\/\/usa-b2.com\/wp-content\/uploads\/2025\/01\/National-Parks-Road-Trip-Utah-edited-1.png\",\"contentUrl\":\"https:\/\/usa-b2.com\/wp-content\/uploads\/2025\/01\/National-Parks-Road-Trip-Utah-edited-1.png\"},{\"@type\":\"BreadcrumbList\",\"@id\":\"https:\/\/usa-b2.com\/pt-br\/grandes-parques-oeste-dos-estados-unidos\/#breadcrumb\",\"itemListElement\":[{\"@type\":\"ListItem\",\"position\":1,\"name\":\"Accueil\",\"item\":\"https:\/\/usa-b2.com\/pt-br\/roadtrips-eua\/\"},{\"@type\":\"ListItem\",\"position\":2,\"name\":\"Passeio pelos grandes parques do oeste dos Estados Unidos\"}]},{\"@type\":\"WebSite\",\"@id\":\"https:\/\/usa-b2.com\/pt-br\/#website\",\"url\":\"https:\/\/usa-b2.com\/pt-br\/\",\"name\":\"USA B2 VISA\",\"description\":\"\",\"potentialAction\":[{\"@type\":\"SearchAction\",\"target\":{\"@type\":\"EntryPoint\",\"urlTemplate\":\"https:\/\/usa-b2.com\/pt-br\/?s={search_term_string}\"},\"query-input\":{\"@type\":\"PropertyValueSpecification\",\"valueRequired\":true,\"valueName\":\"search_term_string\"}}],\"inLanguage\":\"pt-BR\"}]}<\/script>\n<!-- \/ Yoast SEO plugin. -->","yoast_head_json":{"title":"Passeio pelos grandes parques do oeste dos Estados Unidos - USA B2","description":"Descubra como planejar sua viagem para os Mighty Five de Utah. Itiner\u00e1rios, acomoda\u00e7\u00f5es, atividades e oportunidades para fotos.","robots":{"index":"index","follow":"follow","max-snippet":"max-snippet:-1","max-image-preview":"max-image-preview:large","max-video-preview":"max-video-preview:-1"},"canonical":"https:\/\/usa-b2.com\/pt-br\/grandes-parques-oeste-dos-estados-unidos\/","og_locale":"pt_BR","og_type":"article","og_title":"Passeio pelos grandes parques do oeste dos Estados Unidos - USA B2","og_description":"Descubra como planejar sua viagem para os Mighty Five de Utah. Itiner\u00e1rios, acomoda\u00e7\u00f5es, atividades e oportunidades para fotos.","og_url":"https:\/\/usa-b2.com\/pt-br\/grandes-parques-oeste-dos-estados-unidos\/","og_site_name":"USA B2","article_modified_time":"2025-01-21T12:38:35+00:00","og_image":[{"width":789,"height":444,"url":"https:\/\/usa-b2.com\/wp-content\/uploads\/2025\/01\/National-Parks-Road-Trip-Utah-edited-1.png","type":"image\/png"}],"twitter_card":"summary_large_image","twitter_misc":{"Est. tempo de leitura":"5 minutos"},"schema":{"@context":"https:\/\/schema.org","@graph":[{"@type":"WebPage","@id":"https:\/\/usa-b2.com\/pt-br\/grandes-parques-oeste-dos-estados-unidos\/","url":"https:\/\/usa-b2.com\/pt-br\/grandes-parques-oeste-dos-estados-unidos\/","name":"Passeio pelos grandes parques do oeste dos Estados Unidos - USA B2","isPartOf":{"@id":"https:\/\/usa-b2.com\/pt-br\/#website"},"primaryImageOfPage":{"@id":"https:\/\/usa-b2.com\/pt-br\/grandes-parques-oeste-dos-estados-unidos\/#primaryimage"},"image":{"@id":"https:\/\/usa-b2.com\/pt-br\/grandes-parques-oeste-dos-estados-unidos\/#primaryimage"},"thumbnailUrl":"https:\/\/usa-b2.com\/wp-content\/uploads\/2025\/01\/National-Parks-Road-Trip-Utah-edited-1.png","datePublished":"2025-01-15T09:10:05+00:00","dateModified":"2025-01-21T12:38:35+00:00","description":"Descubra como planejar sua viagem para os Mighty Five de Utah. Itiner\u00e1rios, acomoda\u00e7\u00f5es, atividades e oportunidades para fotos.","breadcrumb":{"@id":"https:\/\/usa-b2.com\/pt-br\/grandes-parques-oeste-dos-estados-unidos\/#breadcrumb"},"inLanguage":"pt-BR","potentialAction":[{"@type":"ReadAction","target":["https:\/\/usa-b2.com\/pt-br\/grandes-parques-oeste-dos-estados-unidos\/"]}]},{"@type":"ImageObject","inLanguage":"pt-BR","@id":"https:\/\/usa-b2.com\/pt-br\/grandes-parques-oeste-dos-estados-unidos\/#primaryimage","url":"https:\/\/usa-b2.com\/wp-content\/uploads\/2025\/01\/National-Parks-Road-Trip-Utah-edited-1.png","contentUrl":"https:\/\/usa-b2.com\/wp-content\/uploads\/2025\/01\/National-Parks-Road-Trip-Utah-edited-1.png"},{"@type":"BreadcrumbList","@id":"https:\/\/usa-b2.com\/pt-br\/grandes-parques-oeste-dos-estados-unidos\/#breadcrumb","itemListElement":[{"@type":"ListItem","position":1,"name":"Accueil","item":"https:\/\/usa-b2.com\/pt-br\/roadtrips-eua\/"},{"@type":"ListItem","position":2,"name":"Passeio pelos grandes parques do oeste dos Estados Unidos"}]},{"@type":"WebSite","@id":"https:\/\/usa-b2.com\/pt-br\/#website","url":"https:\/\/usa-b2.com\/pt-br\/","name":"USA B2 VISA","description":"","potentialAction":[{"@type":"SearchAction","target":{"@type":"EntryPoint","urlTemplate":"https:\/\/usa-b2.com\/pt-br\/?s={search_term_string}"},"query-input":{"@type":"PropertyValueSpecification","valueRequired":true,"valueName":"search_term_string"}}],"inLanguage":"pt-BR"}]}},"_links":{"self":[{"href":"https:\/\/usa-b2.com\/pt-br\/wp-json\/wp\/v2\/pages\/6207","targetHints":{"allow":["GET"]}}],"collection":[{"href":"https:\/\/usa-b2.com\/pt-br\/wp-json\/wp\/v2\/pages"}],"about":[{"href":"https:\/\/usa-b2.com\/pt-br\/wp-json\/wp\/v2\/types\/page"}],"author":[{"embeddable":true,"href":"https:\/\/usa-b2.com\/pt-br\/wp-json\/wp\/v2\/users\/1"}],"replies":[{"embeddable":true,"href":"https:\/\/usa-b2.com\/pt-br\/wp-json\/wp\/v2\/comments?post=6207"}],"version-history":[{"count":0,"href":"https:\/\/usa-b2.com\/pt-br\/wp-json\/wp\/v2\/pages\/6207\/revisions"}],"wp:attachment":[{"href":"https:\/\/usa-b2.com\/pt-br\/wp-json\/wp\/v2\/media?parent=6207"}],"curies":[{"name":"wp","href":"https:\/\/api.w.org\/{rel}","templated":true}]}}