{"id":452,"date":"2024-02-10T17:10:38","date_gmt":"2024-02-10T17:10:38","guid":{"rendered":"https:\/\/usa-b2.com\/visto-visitante-eua\/"},"modified":"2025-10-14T10:16:41","modified_gmt":"2025-10-14T10:16:41","slug":"visto-visitante-eua","status":"publish","type":"page","link":"https:\/\/usa-b2.com\/pt-br\/visto-visitante-eua\/","title":{"rendered":"Vistos de visitante para viagens aos Estados Unidos"},"content":{"rendered":"\n<h1 class=\"wp-block-heading\">Visto de visitante para os EUA<\/h1>\n\n<h2 class=\"wp-block-heading\">O que \u00e9 um visto de visitante para os Estados Unidos?<\/h2>\n\n<p>Um visto de visitante americano permite que cidad\u00e3os estrangeiros permane\u00e7am nos Estados Unidos por um per\u00edodo limitado: o per\u00edodo inicial de perman\u00eancia \u00e9 limitado a 6 meses. Os vistos de visitante podem ser renovados v\u00e1rias vezes.   <\/p>\n\n<p>H\u00e1 dois tipos de visto de visitante, dependendo da finalidade da visita:<\/p>\n\n<ul class=\"wp-block-list\">\n<li>O <a href=\"https:\/\/usa-b2.com\/pt-br\/visto-b1-eua\/\">visto B1<\/a> \u00e9 um visto para fazer neg\u00f3cios nos Estados Unidos.<\/li>\n\n\n\n<li>O <a href=\"https:\/\/usa-b2.com\/pt-br\/visto-b2\/\">visto B2<\/a> \u00e9 um visto de turista que lhe permite visitar os Estados Unidos e visitar amigos ou familiares no pa\u00eds.<\/li>\n<\/ul>\n\n<div style=\"height:10px\" aria-hidden=\"true\" class=\"wp-block-spacer\"><\/div>\n\n<h2 class=\"wp-block-heading\">Quais s\u00e3o as diferen\u00e7as entre os vistos B1 e B2?<\/h2>\n\n<p>A principal diferen\u00e7a entre os dois vistos \u00e9 a finalidade da estadia: O visto B1 \u00e9 emitido por motivos profissionais, enquanto o visto B2 \u00e9 para estadias de turistas e familiares nos Estados Unidos.  <\/p>\n\n<p>Quanto ao resto, os dois vistos de categoria B s\u00e3o bastante semelhantes. Eles s\u00e3o emitidos por um per\u00edodo de seis meses, com a possibilidade de prorroga\u00e7\u00e3o por at\u00e9 um ano. N\u00e3o h\u00e1 limite para o n\u00famero de renova\u00e7\u00f5es de visto.  <\/p>\n\n<h2 class=\"wp-block-heading\">Quais atividades s\u00e3o proibidas em um visto B1\/B2?<\/h2>\n\n<p>Os portadores de um visto B1\/B2 podem viajar para os Estados Unidos, mas certas atividades s\u00e3o proibidas. A seguir est\u00e3o as principais atividades proibidas aos portadores de visto B1\/B2: <\/p>\n\n<ul class=\"wp-block-list\">\n<li>Ele n\u00e3o pode trabalhar nos EUA;<\/li>\n\n\n\n<li>Ele n\u00e3o pode se tornar um aluno;<\/li>\n\n\n\n<li>Ele n\u00e3o pode embarcar como membro da tripula\u00e7\u00e3o em uma aeronave ou navio;<\/li>\n\n\n\n<li>Ele n\u00e3o pode tentar se tornar um residente permanente nos Estados Unidos.<\/li>\n<\/ul>\n\n<div style=\"height:10px\" aria-hidden=\"true\" class=\"wp-block-spacer\"><\/div>\n\n<h2 class=\"wp-block-heading\">Como fa\u00e7o para solicitar um visto B1\/B2?<\/h2>\n\n<p>O <a href=\"https:\/\/usa-b2.com\/pt-br\/procedimento-aplicacao-visto-b2\/\">procedimento de solicita\u00e7\u00e3o de visto<\/a> \u00e9 realizado principalmente on-line. O processo compreende os cinco est\u00e1gios na seguinte ordem:<\/p>\n\n<ol class=\"wp-block-list\">\n<li>Preencha o <a href=\"https:\/\/usa-b2.com\/pt-br\/ds-160\/\">formul\u00e1rio DS-160<\/a> on-line para iniciar o procedimento<\/li>\n\n\n\n<li>Pagar a <a href=\"https:\/\/usa-b2.com\/pt-br\/taxas-visto-b2\/\">taxa de visto<\/a> para validar o pedido de visto<\/li>\n\n\n\n<li>Marque uma <a href=\"https:\/\/usa-b2.com\/pt-br\/nomeacao-visto-embaixada-eua\/\">entrevista para obten\u00e7\u00e3o de visto na embaixada<\/a><\/li>\n\n\n\n<li>Re\u00fana todos os documentos de apoio para a solicita\u00e7\u00e3o de visto<\/li>\n\n\n\n<li>Participar da entrevista para obter o visto no <a href=\"https:\/\/usa-b2.com\/pt-br\/passaporte-viagem-eua\/\">passaporte para viajar aos EUA<\/a>.<\/li>\n<\/ol>\n\n<div style=\"height:10px\" aria-hidden=\"true\" class=\"wp-block-spacer\"><\/div>\n\n<h2 class=\"wp-block-heading\">Dura\u00e7\u00e3o e validade do visto B1\/B2<\/h2>\n\n<p>O visto B1\/B2 pode ser v\u00e1lido por at\u00e9 <strong>10 anos<\/strong>, com estadias individuais geralmente limitadas a um m\u00e1ximo de <strong>6 meses<\/strong> por entrada. A dura\u00e7\u00e3o exata \u00e9 determinada pelo oficial de imigra\u00e7\u00e3o quando voc\u00ea chega aos Estados Unidos. <\/p>\n\n<h2 class=\"wp-block-heading\">Perguntas frequentes sobre o visto B1\/B2<\/h2>\n\n<h3 class=\"wp-block-heading\">Quanto tempo leva para voc\u00ea obter um visto B1\/B2?<\/h3>\n\n<p>O tempo de tratamento varia, mas geralmente leva de 2 a 8 semanas ap\u00f3s a entrevista.<\/p>\n\n<h3 class=\"wp-block-heading\">Posso trabalhar nos Estados Unidos com um visto B1\/B2?<\/h3>\n\n<p>N\u00e3o. O visto B1\/B2 n\u00e3o permite que voc\u00ea trabalhe nos Estados Unidos. Voc\u00ea deve solicitar um visto de trabalho se quiser exercer uma atividade remunerada.  <\/p>\n\n<h3 class=\"wp-block-heading\">O que fazer se voc\u00ea for recusado?<\/h3>\n\n<p>Se a sua solicita\u00e7\u00e3o for recusada, voc\u00ea receber\u00e1 uma carta explicando os motivos. Voc\u00ea pode corrigir os pontos fracos da sua solicita\u00e7\u00e3o e enviar uma nova solicita\u00e7\u00e3o. <\/p>\n\n<h3 class=\"wp-block-heading\">Posso estender minha estadia com um visto B1\/B2?<\/h3>\n\n<p>Sim, voc\u00ea pode solicitar uma extens\u00e3o de perman\u00eancia se j\u00e1 estiver nos Estados Unidos. A solicita\u00e7\u00e3o deve ser enviada ao <g id=\"gid_0\">USCIS (Servi\u00e7os de Cidadania e Imigra\u00e7\u00e3o dos Estados Unidos)<\/g> antes do t\u00e9rmino do per\u00edodo autorizado. Voc\u00ea precisar\u00e1 fornecer uma justificativa s\u00f3lida, como motivos v\u00e1lidos para permanecer por mais tempo e evid\u00eancias de seus recursos financeiros.  <\/p>\n\n<h3 class=\"wp-block-heading\">O visto B1\/B2 garante minha entrada nos Estados Unidos?<\/h3>\n\n<p>N\u00e3o. Um visto B1\/B2 permite que voc\u00ea <strong>viaje para os Estados Unidos<\/strong>, mas a entrada \u00e9 determinada pelo oficial de imigra\u00e7\u00e3o no posto de fronteira. Esse oficial pode recusar a entrada de voc\u00ea se houver d\u00favidas sobre suas inten\u00e7\u00f5es ou se seus documentos n\u00e3o estiverem em ordem.  <\/p>\n\n<h3 class=\"wp-block-heading\">Posso levar minha fam\u00edlia comigo com um visto B1\/B2?<\/h3>\n\n<p>Sim, mas cada membro da sua fam\u00edlia, inclusive crian\u00e7as, deve solicitar e obter seu pr\u00f3prio visto B1\/B2.<\/p>\n","protected":false},"excerpt":{"rendered":"<p>Visto de visitante para os EUA O que \u00e9 um visto de visitante para os Estados Unidos? Um visto de visitante americano permite que cidad\u00e3os estrangeiros permane\u00e7am nos Estados Unidos por um per\u00edodo limitado: o per\u00edodo inicial de perman\u00eancia \u00e9 limitado a 6 meses. Os vistos de visitante podem ser renovados v\u00e1rias vezes. H\u00e1 dois [&hellip;]<\/p>\n","protected":false},"author":1,"featured_media":0,"parent":0,"menu_order":0,"comment_status":"closed","ping_status":"closed","template":"","meta":{"footnotes":""},"class_list":["post-452","page","type-page","status-publish","hentry"],"yoast_head":"<!-- This site is optimized with the Yoast SEO plugin v27.0 - https:\/\/yoast.com\/product\/yoast-seo-wordpress\/ -->\n<title>Vistos de visitante para viagens aos Estados Unidos - USA B2<\/title>\n<meta name=\"description\" content=\"Como obter um visto de visitante americano on-line para permanecer nos Estados Unidos por v\u00e1rios meses no local\" \/>\n<meta name=\"robots\" content=\"index, follow, max-snippet:-1, max-image-preview:large, max-video-preview:-1\" \/>\n<link rel=\"canonical\" href=\"https:\/\/usa-b2.com\/pt-br\/visto-visitante-eua\/\" \/>\n<meta property=\"og:locale\" content=\"pt_BR\" \/>\n<meta property=\"og:type\" content=\"article\" \/>\n<meta property=\"og:title\" content=\"Vistos de visitante para viagens aos Estados Unidos - USA B2\" \/>\n<meta property=\"og:description\" content=\"Como obter um visto de visitante americano on-line para permanecer nos Estados Unidos por v\u00e1rios meses no local\" \/>\n<meta property=\"og:url\" content=\"https:\/\/usa-b2.com\/pt-br\/visto-visitante-eua\/\" \/>\n<meta property=\"og:site_name\" content=\"USA B2\" \/>\n<meta property=\"article:modified_time\" content=\"2025-10-14T10:16:41+00:00\" \/>\n<meta name=\"twitter:card\" content=\"summary_large_image\" \/>\n<meta name=\"twitter:label1\" content=\"Est. tempo de leitura\" \/>\n\t<meta name=\"twitter:data1\" content=\"3 minutos\" \/>\n<script type=\"application\/ld+json\" class=\"yoast-schema-graph\">{\"@context\":\"https:\/\/schema.org\",\"@graph\":[{\"@type\":\"WebPage\",\"@id\":\"https:\/\/usa-b2.com\/pt-br\/visto-visitante-eua\/\",\"url\":\"https:\/\/usa-b2.com\/pt-br\/visto-visitante-eua\/\",\"name\":\"Vistos de visitante para viagens aos Estados Unidos - USA B2\",\"isPartOf\":{\"@id\":\"https:\/\/usa-b2.com\/pt-br\/#website\"},\"datePublished\":\"2024-02-10T17:10:38+00:00\",\"dateModified\":\"2025-10-14T10:16:41+00:00\",\"description\":\"Como obter um visto de visitante americano on-line para permanecer nos Estados Unidos por v\u00e1rios meses no local\",\"breadcrumb\":{\"@id\":\"https:\/\/usa-b2.com\/pt-br\/visto-visitante-eua\/#breadcrumb\"},\"inLanguage\":\"pt-BR\",\"potentialAction\":[{\"@type\":\"ReadAction\",\"target\":[\"https:\/\/usa-b2.com\/pt-br\/visto-visitante-eua\/\"]}]},{\"@type\":\"BreadcrumbList\",\"@id\":\"https:\/\/usa-b2.com\/pt-br\/visto-visitante-eua\/#breadcrumb\",\"itemListElement\":[{\"@type\":\"ListItem\",\"position\":1,\"name\":\"Accueil\",\"item\":\"https:\/\/usa-b2.com\/pt-br\/roadtrips-eua\/\"},{\"@type\":\"ListItem\",\"position\":2,\"name\":\"Vistos de visitante para viagens aos Estados Unidos\"}]},{\"@type\":\"WebSite\",\"@id\":\"https:\/\/usa-b2.com\/pt-br\/#website\",\"url\":\"https:\/\/usa-b2.com\/pt-br\/\",\"name\":\"USA B2 VISA\",\"description\":\"\",\"potentialAction\":[{\"@type\":\"SearchAction\",\"target\":{\"@type\":\"EntryPoint\",\"urlTemplate\":\"https:\/\/usa-b2.com\/pt-br\/?s={search_term_string}\"},\"query-input\":{\"@type\":\"PropertyValueSpecification\",\"valueRequired\":true,\"valueName\":\"search_term_string\"}}],\"inLanguage\":\"pt-BR\"}]}<\/script>\n<!-- \/ Yoast SEO plugin. -->","yoast_head_json":{"title":"Vistos de visitante para viagens aos Estados Unidos - USA B2","description":"Como obter um visto de visitante americano on-line para permanecer nos Estados Unidos por v\u00e1rios meses no local","robots":{"index":"index","follow":"follow","max-snippet":"max-snippet:-1","max-image-preview":"max-image-preview:large","max-video-preview":"max-video-preview:-1"},"canonical":"https:\/\/usa-b2.com\/pt-br\/visto-visitante-eua\/","og_locale":"pt_BR","og_type":"article","og_title":"Vistos de visitante para viagens aos Estados Unidos - USA B2","og_description":"Como obter um visto de visitante americano on-line para permanecer nos Estados Unidos por v\u00e1rios meses no local","og_url":"https:\/\/usa-b2.com\/pt-br\/visto-visitante-eua\/","og_site_name":"USA B2","article_modified_time":"2025-10-14T10:16:41+00:00","twitter_card":"summary_large_image","twitter_misc":{"Est. tempo de leitura":"3 minutos"},"schema":{"@context":"https:\/\/schema.org","@graph":[{"@type":"WebPage","@id":"https:\/\/usa-b2.com\/pt-br\/visto-visitante-eua\/","url":"https:\/\/usa-b2.com\/pt-br\/visto-visitante-eua\/","name":"Vistos de visitante para viagens aos Estados Unidos - USA B2","isPartOf":{"@id":"https:\/\/usa-b2.com\/pt-br\/#website"},"datePublished":"2024-02-10T17:10:38+00:00","dateModified":"2025-10-14T10:16:41+00:00","description":"Como obter um visto de visitante americano on-line para permanecer nos Estados Unidos por v\u00e1rios meses no local","breadcrumb":{"@id":"https:\/\/usa-b2.com\/pt-br\/visto-visitante-eua\/#breadcrumb"},"inLanguage":"pt-BR","potentialAction":[{"@type":"ReadAction","target":["https:\/\/usa-b2.com\/pt-br\/visto-visitante-eua\/"]}]},{"@type":"BreadcrumbList","@id":"https:\/\/usa-b2.com\/pt-br\/visto-visitante-eua\/#breadcrumb","itemListElement":[{"@type":"ListItem","position":1,"name":"Accueil","item":"https:\/\/usa-b2.com\/pt-br\/roadtrips-eua\/"},{"@type":"ListItem","position":2,"name":"Vistos de visitante para viagens aos Estados Unidos"}]},{"@type":"WebSite","@id":"https:\/\/usa-b2.com\/pt-br\/#website","url":"https:\/\/usa-b2.com\/pt-br\/","name":"USA B2 VISA","description":"","potentialAction":[{"@type":"SearchAction","target":{"@type":"EntryPoint","urlTemplate":"https:\/\/usa-b2.com\/pt-br\/?s={search_term_string}"},"query-input":{"@type":"PropertyValueSpecification","valueRequired":true,"valueName":"search_term_string"}}],"inLanguage":"pt-BR"}]}},"_links":{"self":[{"href":"https:\/\/usa-b2.com\/pt-br\/wp-json\/wp\/v2\/pages\/452","targetHints":{"allow":["GET"]}}],"collection":[{"href":"https:\/\/usa-b2.com\/pt-br\/wp-json\/wp\/v2\/pages"}],"about":[{"href":"https:\/\/usa-b2.com\/pt-br\/wp-json\/wp\/v2\/types\/page"}],"author":[{"embeddable":true,"href":"https:\/\/usa-b2.com\/pt-br\/wp-json\/wp\/v2\/users\/1"}],"replies":[{"embeddable":true,"href":"https:\/\/usa-b2.com\/pt-br\/wp-json\/wp\/v2\/comments?post=452"}],"version-history":[{"count":2,"href":"https:\/\/usa-b2.com\/pt-br\/wp-json\/wp\/v2\/pages\/452\/revisions"}],"predecessor-version":[{"id":10213,"href":"https:\/\/usa-b2.com\/pt-br\/wp-json\/wp\/v2\/pages\/452\/revisions\/10213"}],"wp:attachment":[{"href":"https:\/\/usa-b2.com\/pt-br\/wp-json\/wp\/v2\/media?parent=452"}],"curies":[{"name":"wp","href":"https:\/\/api.w.org\/{rel}","templated":true}]}}