{"id":422,"date":"2024-02-10T17:15:31","date_gmt":"2024-02-10T17:15:31","guid":{"rendered":"https:\/\/usa-b2.com\/nomeacao-visto-embaixada-eua\/"},"modified":"2026-04-17T15:03:23","modified_gmt":"2026-04-17T15:03:23","slug":"nomeacao-visto-embaixada-eua","status":"publish","type":"page","link":"https:\/\/usa-b2.com\/pt-br\/nomeacao-visto-embaixada-eua\/","title":{"rendered":"Entrevista para obten\u00e7\u00e3o de visto na Embaixada dos EUA"},"content":{"rendered":"\n<h1 class=\"wp-block-heading\">Entrevista para obten\u00e7\u00e3o de visto na embaixada dos EUA<\/h1>\n\n<p>Ao <a href=\"https:\/\/usa-b2.com\/pt-br\/formulario-visto-b2-on-line\/\">solicitar um visto B2<\/a>, o solicitante deve comparecer a uma entrevista com um funcion\u00e1rio consular dos EUA. O objetivo dessa entrevista \u00e9 validar o pedido de visto. Essa entrevista \u00e9 realizada na embaixada ou no consulado dos EUA no pa\u00eds de origem do solicitante do <a href=\"https:\/\/usa-b2.com\/pt-br\/visto-b2\/\">visto B2<\/a>.  <\/p>\n\n<p><strong>Para uma estadia tur\u00edstica de menos de 90 dias <\/strong>: n\u00e3o \u00e9 necess\u00e1rio marcar uma entrevista na embaixada para solicitar um visto B2. Voc\u00ea pode <a href=\"https:\/\/usa-b2.com\/pt-br\/formulario-esta-on-line\/\">solicitar o ESTA on-line<\/a>.<\/p>\n\n<div style=\"height:10px\" aria-hidden=\"true\" class=\"wp-block-spacer\"><\/div>\n\n<h2 class=\"wp-block-heading\" id=\"h-comment-obtenir-un-rendez-vous-a-l-ambassade-des-etats-unis\">Como fa\u00e7o para marcar uma entrevista na embaixada dos EUA?<\/h2>\n\n<p>Para marcar um hor\u00e1rio para o exame do pedido de visto, o solicitante deve acessar o site do <a href=\"https:\/\/www.uscis.gov\/\">USCIS<\/a>. Eles escolhem a data e o hor\u00e1rio do agendamento on-line, e a maioria das entrevistas ocorre de segunda a sexta-feira, das 8h30 \u00e0s 9h30. <\/p>\n\n<h2 class=\"wp-block-heading\">Como posso me preparar para a entrevista de visto?<\/h2>\n\n<p>Depois que a data do agendamento for definida pelo Centro Nacional de Vistos dos EUA, o solicitante dever\u00e1 se preparar para a entrevista. Aqui est\u00e3o as etapas essenciais para se preparar para uma entrevista bem-sucedida e obter seu visto B2: <\/p>\n\n<h3 class=\"wp-block-heading\">Fazer um exame m\u00e9dico<\/h3>\n\n<p>Todos os solicitantes de visto devem se submeter a um exame m\u00e9dico realizado por um m\u00e9dico aprovado por uma <a href=\"https:\/\/usa-b2.com\/pt-br\/embaixada-dos-estados-unidos\/\">embaixada dos EUA<\/a> no pa\u00eds de origem do solicitante. A lista de instru\u00e7\u00f5es espec\u00edficas para cada pa\u00eds est\u00e1 dispon\u00edvel na embaixada americana. Um exame m\u00e9dico realizado por um m\u00e9dico n\u00e3o credenciado n\u00e3o ser\u00e1 aceito para a solicita\u00e7\u00e3o de visto.  <\/p>\n\n<p>Os resultados do exame m\u00e9dico s\u00e3o enviados diretamente para a embaixada. Em alguns pa\u00edses, os resultados s\u00e3o entregues ao candidato em um envelope lacrado, que deve ser entregue fechado no dia da entrevista. <\/p>\n\n<h3 class=\"wp-block-heading\">Re\u00fana os documentos comprobat\u00f3rios a serem fornecidos na entrevista<\/h3>\n\n<p>Cada solicita\u00e7\u00e3o de visto requer documentos comprobat\u00f3rios. Todos os documentos mencionados na solicita\u00e7\u00e3o de visto devem ser apresentados no original ou em forma de c\u00f3pia autenticada. Essa \u00e9 a parte mais administrativa do <a href=\"https:\/\/usa-b2.com\/pt-br\/procedimento-aplicacao-visto-b2\/\">procedimento de solicita\u00e7\u00e3o do visto B2<\/a>.  <\/p>\n\n<p>O pedido de visto B2 n\u00e3o poder\u00e1 ser finalizado se determinados documentos estiverem faltando. O solicitante ter\u00e1 de marcar outra entrevista com a embaixada para apresentar os documentos que faltam e obter o visto. <\/p>\n\n<h2 class=\"wp-block-heading\" id=\"h-comment-se-passe-le-rendez-vous-a-l-ambassade-des-etats-unis\">Como funciona a entrevista para o visto?<\/h2>\n\n<p>O candidato deve levar a confirma\u00e7\u00e3o impressa da solicita\u00e7\u00e3o de visto para o agendamento. Voc\u00ea deve reservar 15 minutos extras para passar pela seguran\u00e7a da embaixada antes do hor\u00e1rio do agendamento. Depois que as verifica\u00e7\u00f5es de seguran\u00e7a forem conclu\u00eddas, as impress\u00f5es digitais do candidato ser\u00e3o registradas e ele ter\u00e1 permiss\u00e3o para acessar a sala de reuni\u00e3o.  <\/p>\n\n<p>O agendamento na embaixada dura em m\u00e9dia 15 minutos e \u00e9 realizado em ingl\u00eas. \u00c0s vezes, a entrevista pode ser conduzida no idioma local se o funcion\u00e1rio consular for fluente nesse idioma. Aqui est\u00e3o os principais pontos abordados durante a entrevista para o visto B2:  <\/p>\n\n<ul class=\"wp-block-list\">\n<li>Por que voc\u00ea est\u00e1 visitando os Estados Unidos?<\/li>\n\n\n\n<li>Qual \u00e9 o itiner\u00e1rio planejado, a acomoda\u00e7\u00e3o e as reservas?  <\/li>\n\n\n\n<li>Como o feriado \u00e9 financiado?<\/li>\n<\/ul>\n\n<p>Para concluir a entrevista, o funcion\u00e1rio consular indicar\u00e1 se o visto foi concedido. O passaporte carimbado com o visto B2 ser\u00e1 enviado pelo correio no final da entrevista. <\/p>\n\n<h2 class=\"wp-block-heading\">Que documentos devo levar para a entrevista?<\/h2>\n\n<p>Os candidatos devem trazer todos os documentos originais ou certificados necess\u00e1rios para que o pedido de visto seja considerado. Aqui est\u00e1 uma lista dos documentos m\u00ednimos necess\u00e1rios: <\/p>\n\n<ul class=\"wp-block-list\">\n<li>Carta de nomea\u00e7\u00e3o<\/li>\n\n\n\n<li><a href=\"https:\/\/usa-b2.com\/pt-br\/passaporte-viagem-eua\/\">Passaporte v\u00e1lido para os EUA<\/a> e v\u00e1lido por pelo menos 6 meses ap\u00f3s a data planejada de chegada aos EUA<\/li>\n\n\n\n<li>2 fotos coloridas para passaporte que atendam aos requisitos de foto para visto<\/li>\n\n\n\n<li>Os documentos originais ou c\u00f3pias autenticadas dos documentos carregados quando o pedido de visto foi feito.<\/li>\n\n\n\n<li>O comprovante de pagamento da <a href=\"https:\/\/usa-b2.com\/pt-br\/taxas-visto-b2\/\">taxa do visto<\/a> \u00e9 mantido no arquivo do solicitante.<\/li>\n<\/ul>\n\n<div style=\"height:10px\" aria-hidden=\"true\" class=\"wp-block-spacer\"><\/div>\n\n<h2 class=\"wp-block-heading\">O que acontece se o candidato n\u00e3o comparecer \u00e0 entrevista?<\/h2>\n\n<p>Se o solicitante n\u00e3o comparecer \u00e0 consulta agendada, o processo ser\u00e1 encerrado e o pedido de visto ser\u00e1 cancelado. As taxas pagas n\u00e3o ser\u00e3o reembolsadas. <\/p>\n","protected":false},"excerpt":{"rendered":"<p>Entrevista para obten\u00e7\u00e3o de visto na embaixada dos EUA Ao solicitar um visto B2, o solicitante deve comparecer a uma entrevista com um funcion\u00e1rio consular dos EUA. O objetivo dessa entrevista \u00e9 validar o pedido de visto. Essa entrevista \u00e9 realizada na embaixada ou no consulado dos EUA no pa\u00eds de origem do solicitante do [&hellip;]<\/p>\n","protected":false},"author":1,"featured_media":0,"parent":0,"menu_order":0,"comment_status":"closed","ping_status":"closed","template":"","meta":{"footnotes":""},"class_list":["post-422","page","type-page","status-publish","hentry"],"yoast_head":"<!-- This site is optimized with the Yoast SEO plugin v27.4 - https:\/\/yoast.com\/product\/yoast-seo-wordpress\/ -->\n<title>Entrevista para obten\u00e7\u00e3o de visto na Embaixada dos EUA - USA B2<\/title>\n<meta name=\"description\" content=\"O procedimento para solicitar um visto B2 envolve uma entrevista entre o solicitante e um funcion\u00e1rio consular dos EUA. Aqui est\u00e3o todos os detalhes.\" \/>\n<meta name=\"robots\" content=\"index, follow, max-snippet:-1, max-image-preview:large, max-video-preview:-1\" \/>\n<link rel=\"canonical\" href=\"https:\/\/usa-b2.com\/pt-br\/nomeacao-visto-embaixada-eua\/\" \/>\n<meta property=\"og:locale\" content=\"pt_BR\" \/>\n<meta property=\"og:type\" content=\"article\" \/>\n<meta property=\"og:title\" content=\"Entrevista para obten\u00e7\u00e3o de visto na Embaixada dos EUA - USA B2\" \/>\n<meta property=\"og:description\" content=\"O procedimento para solicitar um visto B2 envolve uma entrevista entre o solicitante e um funcion\u00e1rio consular dos EUA. Aqui est\u00e3o todos os detalhes.\" \/>\n<meta property=\"og:url\" content=\"https:\/\/usa-b2.com\/pt-br\/nomeacao-visto-embaixada-eua\/\" \/>\n<meta property=\"og:site_name\" content=\"USA B2\" \/>\n<meta property=\"article:modified_time\" content=\"2026-04-17T15:03:23+00:00\" \/>\n<meta name=\"twitter:card\" content=\"summary_large_image\" \/>\n<meta name=\"twitter:label1\" content=\"Est. tempo de leitura\" \/>\n\t<meta name=\"twitter:data1\" content=\"4 minutos\" \/>\n<script type=\"application\/ld+json\" class=\"yoast-schema-graph\">{\"@context\":\"https:\\\/\\\/schema.org\",\"@graph\":[{\"@type\":\"WebPage\",\"@id\":\"https:\\\/\\\/usa-b2.com\\\/pt-br\\\/nomeacao-visto-embaixada-eua\\\/\",\"url\":\"https:\\\/\\\/usa-b2.com\\\/pt-br\\\/nomeacao-visto-embaixada-eua\\\/\",\"name\":\"Entrevista para obten\u00e7\u00e3o de visto na Embaixada dos EUA - USA B2\",\"isPartOf\":{\"@id\":\"https:\\\/\\\/usa-b2.com\\\/pt-br\\\/#website\"},\"datePublished\":\"2024-02-10T17:15:31+00:00\",\"dateModified\":\"2026-04-17T15:03:23+00:00\",\"description\":\"O procedimento para solicitar um visto B2 envolve uma entrevista entre o solicitante e um funcion\u00e1rio consular dos EUA. Aqui est\u00e3o todos os detalhes.\",\"breadcrumb\":{\"@id\":\"https:\\\/\\\/usa-b2.com\\\/pt-br\\\/nomeacao-visto-embaixada-eua\\\/#breadcrumb\"},\"inLanguage\":\"pt-BR\",\"potentialAction\":[{\"@type\":\"ReadAction\",\"target\":[\"https:\\\/\\\/usa-b2.com\\\/pt-br\\\/nomeacao-visto-embaixada-eua\\\/\"]}]},{\"@type\":\"BreadcrumbList\",\"@id\":\"https:\\\/\\\/usa-b2.com\\\/pt-br\\\/nomeacao-visto-embaixada-eua\\\/#breadcrumb\",\"itemListElement\":[{\"@type\":\"ListItem\",\"position\":1,\"name\":\"Accueil\",\"item\":\"https:\\\/\\\/usa-b2.com\\\/pt-br\\\/usa\\\/\"},{\"@type\":\"ListItem\",\"position\":2,\"name\":\"Entrevista para obten\u00e7\u00e3o de visto na Embaixada dos EUA\"}]},{\"@type\":\"WebSite\",\"@id\":\"https:\\\/\\\/usa-b2.com\\\/pt-br\\\/#website\",\"url\":\"https:\\\/\\\/usa-b2.com\\\/pt-br\\\/\",\"name\":\"USA B2 VISA\",\"description\":\"\",\"potentialAction\":[{\"@type\":\"SearchAction\",\"target\":{\"@type\":\"EntryPoint\",\"urlTemplate\":\"https:\\\/\\\/usa-b2.com\\\/pt-br\\\/?s={search_term_string}\"},\"query-input\":{\"@type\":\"PropertyValueSpecification\",\"valueRequired\":true,\"valueName\":\"search_term_string\"}}],\"inLanguage\":\"pt-BR\"}]}<\/script>\n<!-- \/ Yoast SEO plugin. -->","yoast_head_json":{"title":"Entrevista para obten\u00e7\u00e3o de visto na Embaixada dos EUA - USA B2","description":"O procedimento para solicitar um visto B2 envolve uma entrevista entre o solicitante e um funcion\u00e1rio consular dos EUA. Aqui est\u00e3o todos os detalhes.","robots":{"index":"index","follow":"follow","max-snippet":"max-snippet:-1","max-image-preview":"max-image-preview:large","max-video-preview":"max-video-preview:-1"},"canonical":"https:\/\/usa-b2.com\/pt-br\/nomeacao-visto-embaixada-eua\/","og_locale":"pt_BR","og_type":"article","og_title":"Entrevista para obten\u00e7\u00e3o de visto na Embaixada dos EUA - USA B2","og_description":"O procedimento para solicitar um visto B2 envolve uma entrevista entre o solicitante e um funcion\u00e1rio consular dos EUA. Aqui est\u00e3o todos os detalhes.","og_url":"https:\/\/usa-b2.com\/pt-br\/nomeacao-visto-embaixada-eua\/","og_site_name":"USA B2","article_modified_time":"2026-04-17T15:03:23+00:00","twitter_card":"summary_large_image","twitter_misc":{"Est. tempo de leitura":"4 minutos"},"schema":{"@context":"https:\/\/schema.org","@graph":[{"@type":"WebPage","@id":"https:\/\/usa-b2.com\/pt-br\/nomeacao-visto-embaixada-eua\/","url":"https:\/\/usa-b2.com\/pt-br\/nomeacao-visto-embaixada-eua\/","name":"Entrevista para obten\u00e7\u00e3o de visto na Embaixada dos EUA - USA B2","isPartOf":{"@id":"https:\/\/usa-b2.com\/pt-br\/#website"},"datePublished":"2024-02-10T17:15:31+00:00","dateModified":"2026-04-17T15:03:23+00:00","description":"O procedimento para solicitar um visto B2 envolve uma entrevista entre o solicitante e um funcion\u00e1rio consular dos EUA. Aqui est\u00e3o todos os detalhes.","breadcrumb":{"@id":"https:\/\/usa-b2.com\/pt-br\/nomeacao-visto-embaixada-eua\/#breadcrumb"},"inLanguage":"pt-BR","potentialAction":[{"@type":"ReadAction","target":["https:\/\/usa-b2.com\/pt-br\/nomeacao-visto-embaixada-eua\/"]}]},{"@type":"BreadcrumbList","@id":"https:\/\/usa-b2.com\/pt-br\/nomeacao-visto-embaixada-eua\/#breadcrumb","itemListElement":[{"@type":"ListItem","position":1,"name":"Accueil","item":"https:\/\/usa-b2.com\/pt-br\/usa\/"},{"@type":"ListItem","position":2,"name":"Entrevista para obten\u00e7\u00e3o de visto na Embaixada dos EUA"}]},{"@type":"WebSite","@id":"https:\/\/usa-b2.com\/pt-br\/#website","url":"https:\/\/usa-b2.com\/pt-br\/","name":"USA B2 VISA","description":"","potentialAction":[{"@type":"SearchAction","target":{"@type":"EntryPoint","urlTemplate":"https:\/\/usa-b2.com\/pt-br\/?s={search_term_string}"},"query-input":{"@type":"PropertyValueSpecification","valueRequired":true,"valueName":"search_term_string"}}],"inLanguage":"pt-BR"}]}},"_links":{"self":[{"href":"https:\/\/usa-b2.com\/pt-br\/wp-json\/wp\/v2\/pages\/422","targetHints":{"allow":["GET"]}}],"collection":[{"href":"https:\/\/usa-b2.com\/pt-br\/wp-json\/wp\/v2\/pages"}],"about":[{"href":"https:\/\/usa-b2.com\/pt-br\/wp-json\/wp\/v2\/types\/page"}],"author":[{"embeddable":true,"href":"https:\/\/usa-b2.com\/pt-br\/wp-json\/wp\/v2\/users\/1"}],"replies":[{"embeddable":true,"href":"https:\/\/usa-b2.com\/pt-br\/wp-json\/wp\/v2\/comments?post=422"}],"version-history":[{"count":5,"href":"https:\/\/usa-b2.com\/pt-br\/wp-json\/wp\/v2\/pages\/422\/revisions"}],"predecessor-version":[{"id":11428,"href":"https:\/\/usa-b2.com\/pt-br\/wp-json\/wp\/v2\/pages\/422\/revisions\/11428"}],"wp:attachment":[{"href":"https:\/\/usa-b2.com\/pt-br\/wp-json\/wp\/v2\/media?parent=422"}],"curies":[{"name":"wp","href":"https:\/\/api.w.org\/{rel}","templated":true}]}}