{"id":3330,"date":"2024-07-17T10:04:38","date_gmt":"2024-07-17T10:04:38","guid":{"rendered":"https:\/\/usa-b2.com\/o-que-esta\/"},"modified":"2025-12-24T15:35:54","modified_gmt":"2025-12-24T15:35:54","slug":"o-que-esta","status":"publish","type":"page","link":"https:\/\/usa-b2.com\/pt-br\/o-que-esta\/","title":{"rendered":"O que \u00e9 uma autoriza\u00e7\u00e3o ESTA?"},"content":{"rendered":"\n<h1 class=\"wp-block-heading\">O que \u00e9 o ESTA?<\/h1>\n\n<p>ESTA significa Sistema Eletr\u00f4nico de Autoriza\u00e7\u00e3o de Viagem. Esse \u00e9 um sistema eletr\u00f4nico criado pelos Estados Unidos para fazer uma triagem pr\u00e9via dos viajantes antes de entrarem no pa\u00eds. O esquema foi introduzido como parte do Programa de Isen\u00e7\u00e3o de Vistos dos EUA. Esse programa permite que cidad\u00e3os de 41 pa\u00edses viajem para os Estados Unidos para estadias de at\u00e9 90 dias sem a necessidade de visto.     <\/p>\n\n<p><strong>Para obter a autoriza\u00e7\u00e3o de viagem em apenas alguns minutos<\/strong>, basta preencher o <a href=\"https:\/\/usa-b2.com\/pt-br\/formulario-esta-on-line\/\">formul\u00e1rio ESTA on-line<\/a>.<\/p>\n\n<div style=\"height:10px\" aria-hidden=\"true\" class=\"wp-block-spacer\"><\/div>\n\n<h2 class=\"wp-block-heading\">Como o ESTA funciona<\/h2>\n\n<p>O ESTA foi projetado para simplificar e garantir a viagem aos Estados Unidos. Veja como isso funciona: <\/p>\n\n<ol class=\"wp-block-list\">\n<li><strong>Enviar uma solicita\u00e7\u00e3o on-line<\/strong>: Os viajantes devem preencher o <a href=\"https:\/\/usa-b2.com\/pt-br\/formulario-esta-on-line\/\">formul\u00e1rio ESTA on-line<\/a> no site oficial do ESTA. O formul\u00e1rio solicita informa\u00e7\u00f5es pessoais, detalhes da viagem e respostas a perguntas de seguran\u00e7a.<\/li>\n\n\n\n<li><strong>Pagamento das taxas do ESTA<\/strong>: Ap\u00f3s o preenchimento do formul\u00e1rio, os candidatos devem pagar uma taxa de US$ 40 on-line com cart\u00e3o de cr\u00e9dito para finalizar a solicita\u00e7\u00e3o do ESTA.<\/li>\n\n\n\n<li><strong>Processamento da solicita\u00e7\u00e3o<\/strong>: As solicita\u00e7\u00f5es do ESTA s\u00e3o processadas muito rapidamente. A maioria das solicita\u00e7\u00f5es \u00e9 processada em poucos minutos, mas \u00e9 recomend\u00e1vel que voc\u00ea envie a solicita\u00e7\u00e3o pelo menos 72 horas antes da partida. <\/li>\n\n\n\n<li><strong>Recebimento da autoriza\u00e7\u00e3o do ESTA<\/strong>: Se a solicita\u00e7\u00e3o for aprovada, a <a href=\"https:\/\/usa-b2.com\/pt-br\/periodo-validade-esta\/\">autoriza\u00e7\u00e3o do ESTA \u00e9 v\u00e1lida<\/a> por dois anos ou at\u00e9 o vencimento do passaporte. O certificado <a href=\"https:\/\/usa-b2.com\/pt-br\/imprimir-esta\/\">ESTA pode ser impresso<\/a>, permitindo estadias m\u00faltiplas de at\u00e9 90 dias.<\/li>\n<\/ol>\n\n<h3 class=\"wp-block-heading\">Pa\u00edses qualificados para o VWP<\/h3>\n\n<p>O ESTA est\u00e1 dispon\u00edvel para cidad\u00e3os de pa\u00edses que participam do <a href=\"https:\/\/usa-b2.com\/pt-br\/visa-waiver-program\/\">Programa de Isen\u00e7\u00e3o de Vistos<\/a>. A lista de 41 pa\u00edses qualificados inclui a maior parte da Europa, Jap\u00e3o, Coreia do Sul, Austr\u00e1lia e v\u00e1rios outros pa\u00edses, inclusive Israel.  <\/p>\n\n<h3 class=\"wp-block-heading\">Requisitos de elegibilidade do ESTA<\/h3>\n\n<p>Para se qualificar para o ESTA, os viajantes devem<\/p>\n\n<ul class=\"wp-block-list\">\n<li>Ser cidad\u00e3o de um pa\u00eds participante do Programa de Isen\u00e7\u00e3o de Visto;<\/li>\n\n\n\n<li>Voc\u00ea n\u00e3o tem um <a href=\"https:\/\/usa-b2.com\/pt-br\/visto-b2\/\">visto de turista B2<\/a> v\u00e1lido ou um <a href=\"https:\/\/usa-b2.com\/pt-br\/visto-transito-eua\/\">visto de tr\u00e2nsito<\/a> para os EUA;<\/li>\n\n\n\n<li>Voc\u00ea prev\u00ea uma estadia de 90 dias ou menos para neg\u00f3cios, turismo ou tr\u00e2nsito;<\/li>\n\n\n\n<li>Um <a href=\"https:\/\/usa-b2.com\/pt-br\/passaporte-viagem-eua\/\">passaporte eletr\u00f4nico v\u00e1lido<\/a>.<\/li>\n<\/ul>\n\n<h3 class=\"wp-block-heading\">Vantagens do ESTA<\/h3>\n\n<ul class=\"wp-block-list\">\n<li><strong>Rapidez e conveni\u00eancia<\/strong>: o processo on-line \u00e9 r\u00e1pido e f\u00e1cil, possibilitando que voc\u00ea obtenha uma autoriza\u00e7\u00e3o de viagem sem precisar ir a uma embaixada ou consulado.<\/li>\n\n\n\n<li><strong>V\u00e1lido por 2 anos<\/strong>: Uma vez aprovada, a <a href=\"https:\/\/usa-b2.com\/pt-br\/periodo-validade-esta\/\">autoriza\u00e7\u00e3o ESTA \u00e9 v\u00e1lida por dois anos<\/a>, permitindo v\u00e1rias entradas nos Estados Unidos sem a necessidade de novas solicita\u00e7\u00f5es para cada viagem.<\/li>\n\n\n\n<li><strong>Seguran\u00e7a aprimorada<\/strong>: o ESTA permite que as autoridades dos EUA examinem os viajantes e aprimorem a seguran\u00e7a nas fronteiras.<\/li>\n<\/ul>\n\n<div style=\"height:10px\" aria-hidden=\"true\" class=\"wp-block-spacer\"><\/div>\n","protected":false},"excerpt":{"rendered":"<p>O que \u00e9 o ESTA? ESTA significa Sistema Eletr\u00f4nico de Autoriza\u00e7\u00e3o de Viagem. Esse \u00e9 um sistema eletr\u00f4nico criado pelos Estados Unidos para fazer uma triagem pr\u00e9via dos viajantes antes de entrarem no pa\u00eds. O esquema foi introduzido como parte do Programa de Isen\u00e7\u00e3o de Vistos dos EUA. Esse programa permite que cidad\u00e3os de 41 [&hellip;]<\/p>\n","protected":false},"author":1,"featured_media":0,"parent":0,"menu_order":0,"comment_status":"closed","ping_status":"closed","template":"","meta":{"footnotes":""},"class_list":["post-3330","page","type-page","status-publish","hentry"],"yoast_head":"<!-- This site is optimized with the Yoast SEO plugin v27.4 - https:\/\/yoast.com\/product\/yoast-seo-wordpress\/ -->\n<title>O que \u00e9 uma autoriza\u00e7\u00e3o ESTA? - USA B2<\/title>\n<meta name=\"description\" content=\"Explicamos em detalhes o que \u00e9 uma autoriza\u00e7\u00e3o eletr\u00f4nica de viagem ESTA para visitar os Estados Unidos\" \/>\n<meta name=\"robots\" content=\"index, follow, max-snippet:-1, max-image-preview:large, max-video-preview:-1\" \/>\n<link rel=\"canonical\" href=\"https:\/\/usa-b2.com\/pt-br\/o-que-esta\/\" \/>\n<meta property=\"og:locale\" content=\"pt_BR\" \/>\n<meta property=\"og:type\" content=\"article\" \/>\n<meta property=\"og:title\" content=\"O que \u00e9 uma autoriza\u00e7\u00e3o ESTA? - USA B2\" \/>\n<meta property=\"og:description\" content=\"Explicamos em detalhes o que \u00e9 uma autoriza\u00e7\u00e3o eletr\u00f4nica de viagem ESTA para visitar os Estados Unidos\" \/>\n<meta property=\"og:url\" content=\"https:\/\/usa-b2.com\/pt-br\/o-que-esta\/\" \/>\n<meta property=\"og:site_name\" content=\"USA B2\" \/>\n<meta property=\"article:modified_time\" content=\"2025-12-24T15:35:54+00:00\" \/>\n<meta name=\"twitter:card\" content=\"summary_large_image\" \/>\n<meta name=\"twitter:label1\" content=\"Est. tempo de leitura\" \/>\n\t<meta name=\"twitter:data1\" content=\"2 minutos\" \/>\n<script type=\"application\/ld+json\" class=\"yoast-schema-graph\">{\"@context\":\"https:\\\/\\\/schema.org\",\"@graph\":[{\"@type\":\"WebPage\",\"@id\":\"https:\\\/\\\/usa-b2.com\\\/pt-br\\\/o-que-esta\\\/\",\"url\":\"https:\\\/\\\/usa-b2.com\\\/pt-br\\\/o-que-esta\\\/\",\"name\":\"O que \u00e9 uma autoriza\u00e7\u00e3o ESTA? - USA B2\",\"isPartOf\":{\"@id\":\"https:\\\/\\\/usa-b2.com\\\/pt-br\\\/#website\"},\"datePublished\":\"2024-07-17T10:04:38+00:00\",\"dateModified\":\"2025-12-24T15:35:54+00:00\",\"description\":\"Explicamos em detalhes o que \u00e9 uma autoriza\u00e7\u00e3o eletr\u00f4nica de viagem ESTA para visitar os Estados Unidos\",\"breadcrumb\":{\"@id\":\"https:\\\/\\\/usa-b2.com\\\/pt-br\\\/o-que-esta\\\/#breadcrumb\"},\"inLanguage\":\"pt-BR\",\"potentialAction\":[{\"@type\":\"ReadAction\",\"target\":[\"https:\\\/\\\/usa-b2.com\\\/pt-br\\\/o-que-esta\\\/\"]}]},{\"@type\":\"BreadcrumbList\",\"@id\":\"https:\\\/\\\/usa-b2.com\\\/pt-br\\\/o-que-esta\\\/#breadcrumb\",\"itemListElement\":[{\"@type\":\"ListItem\",\"position\":1,\"name\":\"Accueil\",\"item\":\"https:\\\/\\\/usa-b2.com\\\/pt-br\\\/usa\\\/\"},{\"@type\":\"ListItem\",\"position\":2,\"name\":\"O que \u00e9 uma autoriza\u00e7\u00e3o ESTA?\"}]},{\"@type\":\"WebSite\",\"@id\":\"https:\\\/\\\/usa-b2.com\\\/pt-br\\\/#website\",\"url\":\"https:\\\/\\\/usa-b2.com\\\/pt-br\\\/\",\"name\":\"USA B2 VISA\",\"description\":\"\",\"potentialAction\":[{\"@type\":\"SearchAction\",\"target\":{\"@type\":\"EntryPoint\",\"urlTemplate\":\"https:\\\/\\\/usa-b2.com\\\/pt-br\\\/?s={search_term_string}\"},\"query-input\":{\"@type\":\"PropertyValueSpecification\",\"valueRequired\":true,\"valueName\":\"search_term_string\"}}],\"inLanguage\":\"pt-BR\"}]}<\/script>\n<!-- \/ Yoast SEO plugin. -->","yoast_head_json":{"title":"O que \u00e9 uma autoriza\u00e7\u00e3o ESTA? - USA B2","description":"Explicamos em detalhes o que \u00e9 uma autoriza\u00e7\u00e3o eletr\u00f4nica de viagem ESTA para visitar os Estados Unidos","robots":{"index":"index","follow":"follow","max-snippet":"max-snippet:-1","max-image-preview":"max-image-preview:large","max-video-preview":"max-video-preview:-1"},"canonical":"https:\/\/usa-b2.com\/pt-br\/o-que-esta\/","og_locale":"pt_BR","og_type":"article","og_title":"O que \u00e9 uma autoriza\u00e7\u00e3o ESTA? - USA B2","og_description":"Explicamos em detalhes o que \u00e9 uma autoriza\u00e7\u00e3o eletr\u00f4nica de viagem ESTA para visitar os Estados Unidos","og_url":"https:\/\/usa-b2.com\/pt-br\/o-que-esta\/","og_site_name":"USA B2","article_modified_time":"2025-12-24T15:35:54+00:00","twitter_card":"summary_large_image","twitter_misc":{"Est. tempo de leitura":"2 minutos"},"schema":{"@context":"https:\/\/schema.org","@graph":[{"@type":"WebPage","@id":"https:\/\/usa-b2.com\/pt-br\/o-que-esta\/","url":"https:\/\/usa-b2.com\/pt-br\/o-que-esta\/","name":"O que \u00e9 uma autoriza\u00e7\u00e3o ESTA? - USA B2","isPartOf":{"@id":"https:\/\/usa-b2.com\/pt-br\/#website"},"datePublished":"2024-07-17T10:04:38+00:00","dateModified":"2025-12-24T15:35:54+00:00","description":"Explicamos em detalhes o que \u00e9 uma autoriza\u00e7\u00e3o eletr\u00f4nica de viagem ESTA para visitar os Estados Unidos","breadcrumb":{"@id":"https:\/\/usa-b2.com\/pt-br\/o-que-esta\/#breadcrumb"},"inLanguage":"pt-BR","potentialAction":[{"@type":"ReadAction","target":["https:\/\/usa-b2.com\/pt-br\/o-que-esta\/"]}]},{"@type":"BreadcrumbList","@id":"https:\/\/usa-b2.com\/pt-br\/o-que-esta\/#breadcrumb","itemListElement":[{"@type":"ListItem","position":1,"name":"Accueil","item":"https:\/\/usa-b2.com\/pt-br\/usa\/"},{"@type":"ListItem","position":2,"name":"O que \u00e9 uma autoriza\u00e7\u00e3o ESTA?"}]},{"@type":"WebSite","@id":"https:\/\/usa-b2.com\/pt-br\/#website","url":"https:\/\/usa-b2.com\/pt-br\/","name":"USA B2 VISA","description":"","potentialAction":[{"@type":"SearchAction","target":{"@type":"EntryPoint","urlTemplate":"https:\/\/usa-b2.com\/pt-br\/?s={search_term_string}"},"query-input":{"@type":"PropertyValueSpecification","valueRequired":true,"valueName":"search_term_string"}}],"inLanguage":"pt-BR"}]}},"_links":{"self":[{"href":"https:\/\/usa-b2.com\/pt-br\/wp-json\/wp\/v2\/pages\/3330","targetHints":{"allow":["GET"]}}],"collection":[{"href":"https:\/\/usa-b2.com\/pt-br\/wp-json\/wp\/v2\/pages"}],"about":[{"href":"https:\/\/usa-b2.com\/pt-br\/wp-json\/wp\/v2\/types\/page"}],"author":[{"embeddable":true,"href":"https:\/\/usa-b2.com\/pt-br\/wp-json\/wp\/v2\/users\/1"}],"replies":[{"embeddable":true,"href":"https:\/\/usa-b2.com\/pt-br\/wp-json\/wp\/v2\/comments?post=3330"}],"version-history":[{"count":3,"href":"https:\/\/usa-b2.com\/pt-br\/wp-json\/wp\/v2\/pages\/3330\/revisions"}],"predecessor-version":[{"id":10936,"href":"https:\/\/usa-b2.com\/pt-br\/wp-json\/wp\/v2\/pages\/3330\/revisions\/10936"}],"wp:attachment":[{"href":"https:\/\/usa-b2.com\/pt-br\/wp-json\/wp\/v2\/media?parent=3330"}],"curies":[{"name":"wp","href":"https:\/\/api.w.org\/{rel}","templated":true}]}}