{"id":322,"date":"2024-02-10T17:03:45","date_gmt":"2024-02-10T17:03:45","guid":{"rendered":"https:\/\/usa-b2.com\/noticia-legal\/"},"modified":"2025-02-06T10:22:13","modified_gmt":"2025-02-06T10:22:13","slug":"noticia-legal","status":"publish","type":"page","link":"https:\/\/usa-b2.com\/pt-br\/noticia-legal\/","title":{"rendered":"aviso legal do usa-b2.com"},"content":{"rendered":"\n<h1 class=\"wp-block-heading\">Avisos legais para o site<\/h1>\n\n<h2 class=\"wp-block-heading\">Editor do site<\/h2>\n\n<p>Somos um site de informa\u00e7\u00f5es on-line sobre viagens tur\u00edsticas organizadas nos Estados Unidos. O site \u00e9 publicado pela <a href=\"https:\/\/alma-consulting.org\">ALMA Consulting<\/a>, uma empresa registrada em Malta (UE). <\/p>\n\n<p>N\u00e3o estamos de forma alguma vinculados \u00e0 administra\u00e7\u00e3o dos EUA ou a qualquer outra administra\u00e7\u00e3o.  <\/p>\n\n<p>Nosso site cont\u00e9m v\u00e1rios hyperlinks para sites de terceiros. N\u00e3o temos nenhum v\u00ednculo ou controle sobre esses sites e n\u00e3o somos respons\u00e1veis por suas pol\u00edticas de privacidade ou pr\u00e1ticas comerciais.<\/p>\n\n<p>Para entrar em contato conosco, use nosso <a href=\"https:\/\/usa-b2.com\/pt-br\/contact\/\">formul\u00e1rio de contato<\/a>.<\/p>\n\n<h2 class=\"wp-block-heading\">Hospedagem de sites<\/h2>\n\n<p>Nosso site \u00e9 hospedado pela OVH, uma empresa com sede em Roubaix, na Fran\u00e7a. A OVH \u00e9 uma empresa registrada no registro de empresas de Lille M\u00e9tropole sob o n\u00famero B424 761 419.<\/p>\n\n<h2 class=\"wp-block-heading\">Processamento de dados pessoais<\/h2>\n\n<p>N\u00e3o coletamos nenhum dado pessoal para gerenciar o site. O \u00fanico registro on-line das informa\u00e7\u00f5es pessoais dos visitantes refere-se a alguns raros cookies de navega\u00e7\u00e3o. Os visitantes t\u00eam o direito de acessar, modificar, retificar e excluir esses dados. Para exercer esse direito, entre em contato conosco usando nosso <a href=\"https:\/\/usa-b2.com\/pt-br\/contact\/\">formul\u00e1rio de contato<\/a>.   <\/p>\n\n<p>Para obter detalhes completos, consulte nossa <a href=\"https:\/\/usa-b2.com\/pt-br\/politica-de-privacidade\/\">pol\u00edtica de privacidade<\/a>.<\/p>\n","protected":false},"excerpt":{"rendered":"<p>Avisos legais para o site Editor do site Somos um site de informa\u00e7\u00f5es on-line sobre viagens tur\u00edsticas organizadas nos Estados Unidos. O site \u00e9 publicado pela ALMA Consulting, uma empresa registrada em Malta (UE). N\u00e3o estamos de forma alguma vinculados \u00e0 administra\u00e7\u00e3o dos EUA ou a qualquer outra administra\u00e7\u00e3o. Nosso site cont\u00e9m v\u00e1rios hyperlinks para [&hellip;]<\/p>\n","protected":false},"author":1,"featured_media":0,"parent":0,"menu_order":0,"comment_status":"closed","ping_status":"closed","template":"","meta":{"footnotes":""},"class_list":["post-322","page","type-page","status-publish","hentry"],"yoast_head":"<!-- This site is optimized with the Yoast SEO plugin v27.0 - https:\/\/yoast.com\/product\/yoast-seo-wordpress\/ -->\n<title>aviso legal do usa-b2.com - USA B2<\/title>\n<meta name=\"description\" content=\"Informa\u00e7\u00f5es legais para o site usa-b2.com\" \/>\n<meta name=\"robots\" content=\"index, follow, max-snippet:-1, max-image-preview:large, max-video-preview:-1\" \/>\n<link rel=\"canonical\" href=\"https:\/\/usa-b2.com\/pt-br\/noticia-legal\/\" \/>\n<meta property=\"og:locale\" content=\"pt_BR\" \/>\n<meta property=\"og:type\" content=\"article\" \/>\n<meta property=\"og:title\" content=\"aviso legal do usa-b2.com - USA B2\" \/>\n<meta property=\"og:description\" content=\"Informa\u00e7\u00f5es legais para o site usa-b2.com\" \/>\n<meta property=\"og:url\" content=\"https:\/\/usa-b2.com\/pt-br\/noticia-legal\/\" \/>\n<meta property=\"og:site_name\" content=\"USA B2\" \/>\n<meta property=\"article:modified_time\" content=\"2025-02-06T10:22:13+00:00\" \/>\n<meta name=\"twitter:card\" content=\"summary_large_image\" \/>\n<meta name=\"twitter:label1\" content=\"Est. tempo de leitura\" \/>\n\t<meta name=\"twitter:data1\" content=\"1 minuto\" \/>\n<script type=\"application\/ld+json\" class=\"yoast-schema-graph\">{\"@context\":\"https:\/\/schema.org\",\"@graph\":[{\"@type\":\"WebPage\",\"@id\":\"https:\/\/usa-b2.com\/pt-br\/noticia-legal\/\",\"url\":\"https:\/\/usa-b2.com\/pt-br\/noticia-legal\/\",\"name\":\"aviso legal do usa-b2.com - USA B2\",\"isPartOf\":{\"@id\":\"https:\/\/usa-b2.com\/pt-br\/#website\"},\"datePublished\":\"2024-02-10T17:03:45+00:00\",\"dateModified\":\"2025-02-06T10:22:13+00:00\",\"description\":\"Informa\u00e7\u00f5es legais para o site usa-b2.com\",\"breadcrumb\":{\"@id\":\"https:\/\/usa-b2.com\/pt-br\/noticia-legal\/#breadcrumb\"},\"inLanguage\":\"pt-BR\",\"potentialAction\":[{\"@type\":\"ReadAction\",\"target\":[\"https:\/\/usa-b2.com\/pt-br\/noticia-legal\/\"]}]},{\"@type\":\"BreadcrumbList\",\"@id\":\"https:\/\/usa-b2.com\/pt-br\/noticia-legal\/#breadcrumb\",\"itemListElement\":[{\"@type\":\"ListItem\",\"position\":1,\"name\":\"Accueil\",\"item\":\"https:\/\/usa-b2.com\/pt-br\/roadtrips-eua\/\"},{\"@type\":\"ListItem\",\"position\":2,\"name\":\"aviso legal do usa-b2.com\"}]},{\"@type\":\"WebSite\",\"@id\":\"https:\/\/usa-b2.com\/pt-br\/#website\",\"url\":\"https:\/\/usa-b2.com\/pt-br\/\",\"name\":\"USA B2 VISA\",\"description\":\"\",\"potentialAction\":[{\"@type\":\"SearchAction\",\"target\":{\"@type\":\"EntryPoint\",\"urlTemplate\":\"https:\/\/usa-b2.com\/pt-br\/?s={search_term_string}\"},\"query-input\":{\"@type\":\"PropertyValueSpecification\",\"valueRequired\":true,\"valueName\":\"search_term_string\"}}],\"inLanguage\":\"pt-BR\"}]}<\/script>\n<!-- \/ Yoast SEO plugin. -->","yoast_head_json":{"title":"aviso legal do usa-b2.com - USA B2","description":"Informa\u00e7\u00f5es legais para o site usa-b2.com","robots":{"index":"index","follow":"follow","max-snippet":"max-snippet:-1","max-image-preview":"max-image-preview:large","max-video-preview":"max-video-preview:-1"},"canonical":"https:\/\/usa-b2.com\/pt-br\/noticia-legal\/","og_locale":"pt_BR","og_type":"article","og_title":"aviso legal do usa-b2.com - USA B2","og_description":"Informa\u00e7\u00f5es legais para o site usa-b2.com","og_url":"https:\/\/usa-b2.com\/pt-br\/noticia-legal\/","og_site_name":"USA B2","article_modified_time":"2025-02-06T10:22:13+00:00","twitter_card":"summary_large_image","twitter_misc":{"Est. tempo de leitura":"1 minuto"},"schema":{"@context":"https:\/\/schema.org","@graph":[{"@type":"WebPage","@id":"https:\/\/usa-b2.com\/pt-br\/noticia-legal\/","url":"https:\/\/usa-b2.com\/pt-br\/noticia-legal\/","name":"aviso legal do usa-b2.com - USA B2","isPartOf":{"@id":"https:\/\/usa-b2.com\/pt-br\/#website"},"datePublished":"2024-02-10T17:03:45+00:00","dateModified":"2025-02-06T10:22:13+00:00","description":"Informa\u00e7\u00f5es legais para o site usa-b2.com","breadcrumb":{"@id":"https:\/\/usa-b2.com\/pt-br\/noticia-legal\/#breadcrumb"},"inLanguage":"pt-BR","potentialAction":[{"@type":"ReadAction","target":["https:\/\/usa-b2.com\/pt-br\/noticia-legal\/"]}]},{"@type":"BreadcrumbList","@id":"https:\/\/usa-b2.com\/pt-br\/noticia-legal\/#breadcrumb","itemListElement":[{"@type":"ListItem","position":1,"name":"Accueil","item":"https:\/\/usa-b2.com\/pt-br\/roadtrips-eua\/"},{"@type":"ListItem","position":2,"name":"aviso legal do usa-b2.com"}]},{"@type":"WebSite","@id":"https:\/\/usa-b2.com\/pt-br\/#website","url":"https:\/\/usa-b2.com\/pt-br\/","name":"USA B2 VISA","description":"","potentialAction":[{"@type":"SearchAction","target":{"@type":"EntryPoint","urlTemplate":"https:\/\/usa-b2.com\/pt-br\/?s={search_term_string}"},"query-input":{"@type":"PropertyValueSpecification","valueRequired":true,"valueName":"search_term_string"}}],"inLanguage":"pt-BR"}]}},"_links":{"self":[{"href":"https:\/\/usa-b2.com\/pt-br\/wp-json\/wp\/v2\/pages\/322","targetHints":{"allow":["GET"]}}],"collection":[{"href":"https:\/\/usa-b2.com\/pt-br\/wp-json\/wp\/v2\/pages"}],"about":[{"href":"https:\/\/usa-b2.com\/pt-br\/wp-json\/wp\/v2\/types\/page"}],"author":[{"embeddable":true,"href":"https:\/\/usa-b2.com\/pt-br\/wp-json\/wp\/v2\/users\/1"}],"replies":[{"embeddable":true,"href":"https:\/\/usa-b2.com\/pt-br\/wp-json\/wp\/v2\/comments?post=322"}],"version-history":[{"count":0,"href":"https:\/\/usa-b2.com\/pt-br\/wp-json\/wp\/v2\/pages\/322\/revisions"}],"wp:attachment":[{"href":"https:\/\/usa-b2.com\/pt-br\/wp-json\/wp\/v2\/media?parent=322"}],"curies":[{"name":"wp","href":"https:\/\/api.w.org\/{rel}","templated":true}]}}