{"id":298,"date":"2024-02-05T18:28:26","date_gmt":"2024-02-05T18:28:26","guid":{"rendered":"https:\/\/usa-b2.com\/visto-b2\/"},"modified":"2026-04-17T09:15:26","modified_gmt":"2026-04-17T09:15:26","slug":"visto-b2","status":"publish","type":"page","link":"https:\/\/usa-b2.com\/pt-br\/visto-b2\/","title":{"rendered":"O visto americano B2"},"content":{"rendered":"\n<h1 class=\"wp-block-heading\">O visto americano B2 para visitar os Estados Unidos<\/h1>\n\n<p>O visto de visitante B2 \u00e9 um dos principais vistos americanos solicitados todos os anos por estrangeiros que desejam visitar os Estados Unidos.<\/p>\n\n<h2 class=\"wp-block-heading\">O que \u00e9 o visto americano B2?<\/h2>\n\n<p>O visto B2 \u00e9 um visto de turista para os Estados Unidos que tamb\u00e9m permite que voc\u00ea visite amigos pr\u00f3ximos e familiares. O visto B2 tamb\u00e9m permite que voc\u00ea permane\u00e7a nos EUA para tratamento m\u00e9dico ou para participar de atividades sociais. Ele n\u00e3o permite que voc\u00ea trabalhe nos Estados Unidos. Os requerentes devem comprovar que pretendem retornar ao pa\u00eds de origem ap\u00f3s a estadia tempor\u00e1ria.   <\/p>\n\n<p><strong>Para uma estadia tur\u00edstica de menos de 90 dias<\/strong>: n\u00e3o \u00e9 necess\u00e1rio <a href=\"https:\/\/usa-b2.com\/pt-br\/formulario-visto-b2-on-line\/\">solicitar um visto B2<\/a> se o seu pa\u00eds for membro do <a href=\"https:\/\/usa-b2.com\/pt-br\/visa-waiver-program\/\">Programa de Isen\u00e7\u00e3o de Visto<\/a>. Voc\u00ea pode solicitar um ESTA em apenas alguns minutos, clicando no <a href=\"https:\/\/usa-b2.com\/pt-br\/formulario-esta-on-line\/\">formul\u00e1rio on-line do ESTA<\/a>. <\/p>\n\n<div style=\"height:10px\" aria-hidden=\"true\" class=\"wp-block-spacer\"><\/div>\n\n<p><strong>Observe<\/strong>: <a href=\"https:\/\/usa-b2.com\/pt-br\/diferenca-entre-visto-e-esta\/\">O ESTA n\u00e3o \u00e9 um visto<\/a>. Uma autoriza\u00e7\u00e3o do ESTA n\u00e3o d\u00e1 a voc\u00ea os mesmos direitos de um <a href=\"https:\/\/usa-b2.com\/pt-br\/visto-b1-b2-dos-eua\/\">visto b1\/b2<\/a>. <\/p>\n\n<h2 class=\"wp-block-heading\">Quais s\u00e3o os crit\u00e9rios de qualifica\u00e7\u00e3o para obter um visto B2?<\/h2>\n\n<p>Os principais requisitos para obter um visto B2 para visitar os EUA s\u00e3o:<\/p>\n\n<ol class=\"wp-block-list\">\n<li>Resid\u00eancia tempor\u00e1ria nos Estados Unidos<\/li>\n\n\n\n<li>O objetivo da estadia deve ser eleg\u00edvel para um visto B2<\/li>\n\n\n\n<li>Ter os recursos financeiros necess\u00e1rios para permanecer nos EUA<\/li>\n<\/ol>\n\n<div style=\"height:20px\" aria-hidden=\"true\" class=\"wp-block-spacer\"><\/div>\n\n<h3 class=\"wp-block-heading\">1. Resid\u00eancia tempor\u00e1ria nos EUA<\/h3>\n\n<p>Para obter um visto B2, os solicitantes devem demonstrar que pretendem passar um per\u00edodo tempor\u00e1rio nos Estados Unidos. Eles devem provar que t\u00eam fortes v\u00ednculos com seu pa\u00eds de origem, o que os incentivar\u00e1 a retornar ao pa\u00eds no final de sua estadia. <\/p>\n\n<h3 class=\"wp-block-heading\">2. Quais s\u00e3o os motivos eleg\u00edveis para resid\u00eancia?<\/h3>\n\n<p>Aqui est\u00e1 a lista de motivos pelos quais um candidato pode solicitar um visto B2:<\/p>\n\n<ul class=\"wp-block-list\">\n<li>Turismo nos Estados Unidos<\/li>\n\n\n\n<li>Visitar amigos e familiares<\/li>\n\n\n\n<li>Participar de eventos sociais ou de amizade<\/li>\n\n\n\n<li>Obten\u00e7\u00e3o de tratamento m\u00e9dico<\/li>\n\n\n\n<li>Participar de eventos esportivos ou musicais sem remunera\u00e7\u00e3o<\/li>\n\n\n\n<li>Participar de programas de aprendizagem sem cr\u00e9dito de treinamento.<\/li>\n<\/ul>\n\n<div style=\"height:10px\" aria-hidden=\"true\" class=\"wp-block-spacer\"><\/div>\n\n<p>Para qualquer estadia por motivos profissionais ou de neg\u00f3cios, os candidatos devem solicitar um <a href=\"https:\/\/usa-b2.com\/pt-br\/visto-b1-eua\/\">visto de neg\u00f3cios B1<\/a> ou qualquer outro visto de n\u00e3o imigrante que corresponda \u00e0 finalidade de sua estadia. H\u00e1 um grande n\u00famero de vistos americanos diferentes, dependendo da finalidade de sua estadia. Existe at\u00e9 mesmo um <a href=\"https:\/\/usa-b2.com\/pt-br\/visto-transito-eua\/\">visto espec\u00edfico para tr\u00e2nsito pelos Estados Unidos<\/a>.  <\/p>\n\n<h3 class=\"wp-block-heading\">3. Ter recursos financeiros suficientes para a estadia<\/h3>\n\n<p>Ao solicitar um visto B2, os solicitantes devem provar que t\u00eam recursos financeiros suficientes para cobrir os custos de sua estadia nos Estados Unidos.<\/p>\n\n<h2 class=\"wp-block-heading\">Quem pode solicitar um visto B2?<\/h2>\n\n<p>Aqui voc\u00ea encontra informa\u00e7\u00f5es mais espec\u00edficas para cidad\u00e3os de determinados pa\u00edses qualificados para o visto B2:<\/p>\n\n<ul class=\"wp-block-list\">\n<li><a href=\"https:\/\/usa-b2.com\/pt-br\/visto-b2-para-franceses\/\">Visto B2 para cidad\u00e3os franceses<\/a><\/li>\n\n\n\n<li><a href=\"https:\/\/usa-b2.com\/pt-br\/visto-b2-para-italiano\/\">Visto B2 para italianos<\/a><\/li>\n\n\n\n<li><a href=\"https:\/\/usa-b2.com\/pt-br\/visto-b2-para-alemaes\/\">Visto B2 para alem\u00e3es<\/a><\/li>\n\n\n\n<li><a href=\"https:\/\/usa-b2.com\/pt-br\/visto-b2-para-mexicano\/\">Visto B2 para mexicanos<\/a><\/li>\n\n\n\n<li><a href=\"https:\/\/usa-b2.com\/pt-br\/visto-b1-b2-para-brasileiros\/\">Visto B2 para brasileiros<\/a><\/li>\n\n\n\n<li>Visto B2 para cidad\u00e3os espanh\u00f3is<\/li>\n<\/ul>\n\n<div style=\"height:10px\" aria-hidden=\"true\" class=\"wp-block-spacer\"><\/div>\n\n<h2 class=\"wp-block-heading\">Como fa\u00e7o para solicitar um visto B2?<\/h2>\n\n<p>O <a href=\"https:\/\/usa-b2.com\/pt-br\/procedimento-aplicacao-visto-b2\/\">procedimento de solicita\u00e7\u00e3o do visto B2<\/a> \u00e9 iniciado on-line. Ele abrange os seguintes est\u00e1gios: <\/p>\n\n<ol class=\"wp-block-list\">\n<li>Preencher o <a href=\"https:\/\/usa-b2.com\/pt-br\/ds-160\/\">formul\u00e1rio de visto B2<\/a> on-line<\/li>\n\n\n\n<li>Pague a <a href=\"https:\/\/usa-b2.com\/pt-br\/taxas-visto-b2\/\">taxa do visto B2<\/a> on-line para validar sua solicita\u00e7\u00e3o<\/li>\n\n\n\n<li>Agendar uma <a href=\"https:\/\/usa-b2.com\/pt-br\/nomeacao-visto-embaixada-eua\/\">entrevista para obten\u00e7\u00e3o de visto na embaixada<\/a><\/li>\n\n\n\n<li>Prepare todos os documentos de apoio para sua solicita\u00e7\u00e3o de visto<\/li>\n\n\n\n<li>Comparecer \u00e0 entrevista para obten\u00e7\u00e3o do visto.<\/li>\n<\/ol>\n\n<div style=\"height:10px\" aria-hidden=\"true\" class=\"wp-block-spacer\"><\/div>\n\n<p>O visto ser\u00e1 adicionado ao <a href=\"https:\/\/usa-b2.com\/pt-br\/passaporte-viagem-eua\/\">passaporte usado para viajar aos EUA<\/a>.<\/p>\n\n<h2 class=\"wp-block-heading\">Quanto custa um visto B2?<\/h2>\n\n<p>Ao solicitar um visto de turista, a <a href=\"https:\/\/usa-b2.com\/pt-br\/taxas-visto-b2\/\">taxa para um visto B2 on-line<\/a> \u00e9 de US$ 185. Dependendo da cidadania do solicitante, pode haver taxas adicionais a serem pagas. Quando as taxas s\u00e3o impostas por um governo estrangeiro, os Estados Unidos aplicam taxas rec\u00edprocas aos cidad\u00e3os desse pa\u00eds para uma solicita\u00e7\u00e3o de visto B2.  <\/p>\n\n<p>Ap\u00f3s o pagamento da taxa de visto, o solicitante deve guardar o recibo de pagamento e anex\u00e1-lo ao arquivo de documentos comprobat\u00f3rios a serem apresentados no <a href=\"https:\/\/usa-b2.com\/pt-br\/nomeacao-visto-embaixada-eua\/\">agendamento do visto na embaixada<\/a>.<\/p>\n\n<h2 class=\"wp-block-heading\">Quanto tempo leva para obter um visto B2?<\/h2>\n\n<p>O processamento de uma solicita\u00e7\u00e3o de visto leva pelo menos algumas semanas. Esse per\u00edodo depende do n\u00famero de solicita\u00e7\u00f5es que est\u00e3o sendo processadas pela autoridade consular americana no pa\u00eds de origem do solicitante.   <\/p>\n\n<p>O tempo necess\u00e1rio tamb\u00e9m varia consideravelmente, dependendo da capacidade de resposta do solicitante em fornecer informa\u00e7\u00f5es adicionais e organizar um <a href=\"https:\/\/usa-b2.com\/pt-br\/embaixada-dos-estados-unidos\/\">agendamento na embaixada americana<\/a>.<\/p>\n\n<h2 class=\"wp-block-heading\">Por quanto tempo o visto B2 \u00e9 v\u00e1lido?<\/h2>\n\n<p>A dura\u00e7\u00e3o inicial de um visto B2 \u00e9 de 6 meses. Para estender a dura\u00e7\u00e3o do visto, o titular do visto deve solicitar uma extens\u00e3o por mais 6 meses. Essa solicita\u00e7\u00e3o de extens\u00e3o s\u00f3 pode ser feita ap\u00f3s 3 meses e no m\u00e1ximo 42 dias antes do vencimento do visto.  <\/p>\n\n<h2 class=\"wp-block-heading\">Como \u00e9 um visto B2?<\/h2>\n\n<p>Aqui est\u00e1 uma imagem de um esp\u00e9cime de visto B2 para ver como ele se parece. Essa imagem tamb\u00e9m mostra as dimens\u00f5es necess\u00e1rias para a foto de passaporte no visto. <\/p>\n\n<figure class=\"wp-block-image size-full\"><img fetchpriority=\"high\" decoding=\"async\" width=\"760\" height=\"468\" src=\"https:\/\/usa-b2.com\/wp-content\/uploads\/2024\/02\/Visa-b2.webp\" alt=\"Visto de imagem B2\" class=\"wp-image-1072\" srcset=\"https:\/\/usa-b2.com\/wp-content\/uploads\/2024\/02\/Visa-b2.webp 760w, https:\/\/usa-b2.com\/wp-content\/uploads\/2024\/02\/Visa-b2-300x185.webp 300w\" sizes=\"(max-width: 760px) 100vw, 760px\" \/><figcaption class=\"wp-element-caption\">Imagem de um visto B2 para os EUA<\/figcaption><\/figure>\n\n<h2 class=\"wp-block-heading\">\u00c9 poss\u00edvel obter um Green Card com um visto B2?<\/h2>\n\n<p>Geralmente, \u00e9 dif\u00edcil obter um Green Card diretamente de um visto B2. O visto B2 \u00e9 um visto de visitante tempor\u00e1rio. Para alterar seu status e se tornar um residente permanente, voc\u00ea deve seguir um procedimento espec\u00edfico que pode incluir, por exemplo, :  <\/p>\n\n<ul class=\"wp-block-list\">\n<li>Casamento com um cidad\u00e3o americano;<\/li>\n\n\n\n<li>Uma oferta de emprego qualificada;<\/li>\n\n\n\n<li>Patroc\u00ednio familiar.<\/li>\n<\/ul>\n\n<div style=\"height:10px\" aria-hidden=\"true\" class=\"wp-block-spacer\"><\/div>\n\n<h2 class=\"wp-block-heading\">Quais s\u00e3o os principais destinos acess\u00edveis com um visto B2 nos EUA?<\/h2>\n\n<p>O visto B2 permite que os viajantes estrangeiros permane\u00e7am em qualquer lugar dos Estados Unidos. Para saber mais, d\u00ea uma olhada em algumas informa\u00e7\u00f5es espec\u00edficas sobre <a href=\"https:\/\/usa-b2.com\/pt-br\/visto-para-nova-york\/\">vistos para Nova York<\/a>. Na costa nordeste dos EUA, muitos viajantes tamb\u00e9m usam um <a href=\"https:\/\/usa-b2.com\/pt-br\/visto-para-washington\/\">visto de Washington<\/a> para entrar no pa\u00eds. Informa\u00e7\u00f5es sobre como obter um <a href=\"https:\/\/usa-b2.com\/pt-br\/visto-para-boston\/\">visto para Boston<\/a> ou viajar com um <a href=\"https:\/\/usa-b2.com\/pt-br\/visto-para-chicago\/\">visto para Chicago<\/a> tamb\u00e9m s\u00e3o muito \u00fateis.   <\/p>\n\n<p>Se voc\u00ea estiver viajando para a Costa Oeste como turista, precisar\u00e1 de um <a href=\"https:\/\/usa-b2.com\/pt-br\/visto-para-sao-francisco\/\">visto para S\u00e3o Francisco<\/a>. Se estiver viajando mais ao norte, voc\u00ea precisar\u00e1 de um <a href=\"https:\/\/usa-b2.com\/pt-br\/visto-los-angeles\/\">visto para Los Angeles<\/a>.  Se estiver planejando uma viagem ao deserto de Nevada, consulte nossas informa\u00e7\u00f5es sobre <a href=\"https:\/\/usa-b2.com\/pt-br\/visto-las-vegas\/\">vistos para Las Vegas<\/a>.<\/p>\n\n<p>Voc\u00ea pode obter um <a href=\"https:\/\/usa-b2.com\/pt-br\/visto-miami\/\">visto para Miami<\/a> para conhecer a Fl\u00f3rida nos Estados Unidos.<\/p>\n\n<h2 class=\"wp-block-heading\">Infogr\u00e1fico resumido sobre o visto B2 dos EUA<\/h2>\n\n<figure class=\"wp-block-image size-large\"><img decoding=\"async\" width=\"683\" height=\"1024\" src=\"https:\/\/usa-b2.com\/wp-content\/uploads\/2026\/04\/infos-B2-683x1024.png\" alt=\"Informa&#xE7;&#xF5;es sobre o visto B2\" class=\"wp-image-11212\" srcset=\"https:\/\/usa-b2.com\/wp-content\/uploads\/2026\/04\/infos-B2-683x1024.png 683w, https:\/\/usa-b2.com\/wp-content\/uploads\/2026\/04\/infos-B2-200x300.png 200w, https:\/\/usa-b2.com\/wp-content\/uploads\/2026\/04\/infos-B2-768x1152.png 768w, https:\/\/usa-b2.com\/wp-content\/uploads\/2026\/04\/infos-B2.png 1024w\" sizes=\"(max-width: 683px) 100vw, 683px\" \/><figcaption class=\"wp-element-caption\">Tudo o que voc\u00ea precisa saber sobre o visto B2 para os EUA<\/figcaption><\/figure>\n","protected":false},"excerpt":{"rendered":"<p>O visto americano B2 para visitar os Estados Unidos O visto de visitante B2 \u00e9 um dos principais vistos americanos solicitados todos os anos por estrangeiros que desejam visitar os Estados Unidos. O que \u00e9 o visto americano B2? O visto B2 \u00e9 um visto de turista para os Estados Unidos que tamb\u00e9m permite que [&hellip;]<\/p>\n","protected":false},"author":1,"featured_media":0,"parent":0,"menu_order":0,"comment_status":"closed","ping_status":"closed","template":"","meta":{"footnotes":""},"class_list":["post-298","page","type-page","status-publish","hentry"],"yoast_head":"<!-- This site is optimized with the Yoast SEO plugin v27.4 - https:\/\/yoast.com\/product\/yoast-seo-wordpress\/ -->\n<title>O visto americano B2 - USA B2<\/title>\n<meta name=\"description\" content=\"Como solicitar on-line um visto B2 para viajar para os Estados Unidos. Explicamos tudo\" \/>\n<meta name=\"robots\" content=\"index, follow, max-snippet:-1, max-image-preview:large, max-video-preview:-1\" \/>\n<link rel=\"canonical\" href=\"https:\/\/usa-b2.com\/pt-br\/visto-b2\/\" \/>\n<meta property=\"og:locale\" content=\"pt_BR\" \/>\n<meta property=\"og:type\" content=\"article\" \/>\n<meta property=\"og:title\" content=\"O visto americano B2 - USA B2\" \/>\n<meta property=\"og:description\" content=\"Como solicitar on-line um visto B2 para viajar para os Estados Unidos. Explicamos tudo\" \/>\n<meta property=\"og:url\" content=\"https:\/\/usa-b2.com\/pt-br\/visto-b2\/\" \/>\n<meta property=\"og:site_name\" content=\"USA B2\" \/>\n<meta property=\"article:modified_time\" content=\"2026-04-17T09:15:26+00:00\" \/>\n<meta property=\"og:image\" content=\"https:\/\/usa-b2.com\/wp-content\/uploads\/2024\/02\/Visa-b2.webp\" \/>\n\t<meta property=\"og:image:width\" content=\"760\" \/>\n\t<meta property=\"og:image:height\" content=\"468\" \/>\n\t<meta property=\"og:image:type\" content=\"image\/webp\" \/>\n<meta name=\"twitter:card\" content=\"summary_large_image\" \/>\n<meta name=\"twitter:label1\" content=\"Est. tempo de leitura\" \/>\n\t<meta name=\"twitter:data1\" content=\"6 minutos\" \/>\n<script type=\"application\/ld+json\" class=\"yoast-schema-graph\">{\"@context\":\"https:\\\/\\\/schema.org\",\"@graph\":[{\"@type\":\"WebPage\",\"@id\":\"https:\\\/\\\/usa-b2.com\\\/pt-br\\\/visto-b2\\\/\",\"url\":\"https:\\\/\\\/usa-b2.com\\\/pt-br\\\/visto-b2\\\/\",\"name\":\"O visto americano B2 - USA B2\",\"isPartOf\":{\"@id\":\"https:\\\/\\\/usa-b2.com\\\/pt-br\\\/#website\"},\"primaryImageOfPage\":{\"@id\":\"https:\\\/\\\/usa-b2.com\\\/pt-br\\\/visto-b2\\\/#primaryimage\"},\"image\":{\"@id\":\"https:\\\/\\\/usa-b2.com\\\/pt-br\\\/visto-b2\\\/#primaryimage\"},\"thumbnailUrl\":\"https:\\\/\\\/usa-b2.com\\\/wp-content\\\/uploads\\\/2024\\\/02\\\/Visa-b2.webp\",\"datePublished\":\"2024-02-05T18:28:26+00:00\",\"dateModified\":\"2026-04-17T09:15:26+00:00\",\"description\":\"Como solicitar on-line um visto B2 para viajar para os Estados Unidos. Explicamos tudo\",\"breadcrumb\":{\"@id\":\"https:\\\/\\\/usa-b2.com\\\/pt-br\\\/visto-b2\\\/#breadcrumb\"},\"inLanguage\":\"pt-BR\",\"potentialAction\":[{\"@type\":\"ReadAction\",\"target\":[\"https:\\\/\\\/usa-b2.com\\\/pt-br\\\/visto-b2\\\/\"]}]},{\"@type\":\"ImageObject\",\"inLanguage\":\"pt-BR\",\"@id\":\"https:\\\/\\\/usa-b2.com\\\/pt-br\\\/visto-b2\\\/#primaryimage\",\"url\":\"https:\\\/\\\/usa-b2.com\\\/wp-content\\\/uploads\\\/2024\\\/02\\\/Visa-b2.webp\",\"contentUrl\":\"https:\\\/\\\/usa-b2.com\\\/wp-content\\\/uploads\\\/2024\\\/02\\\/Visa-b2.webp\"},{\"@type\":\"BreadcrumbList\",\"@id\":\"https:\\\/\\\/usa-b2.com\\\/pt-br\\\/visto-b2\\\/#breadcrumb\",\"itemListElement\":[{\"@type\":\"ListItem\",\"position\":1,\"name\":\"Accueil\",\"item\":\"https:\\\/\\\/usa-b2.com\\\/pt-br\\\/usa\\\/\"},{\"@type\":\"ListItem\",\"position\":2,\"name\":\"O visto americano B2\"}]},{\"@type\":\"WebSite\",\"@id\":\"https:\\\/\\\/usa-b2.com\\\/pt-br\\\/#website\",\"url\":\"https:\\\/\\\/usa-b2.com\\\/pt-br\\\/\",\"name\":\"USA B2 VISA\",\"description\":\"\",\"potentialAction\":[{\"@type\":\"SearchAction\",\"target\":{\"@type\":\"EntryPoint\",\"urlTemplate\":\"https:\\\/\\\/usa-b2.com\\\/pt-br\\\/?s={search_term_string}\"},\"query-input\":{\"@type\":\"PropertyValueSpecification\",\"valueRequired\":true,\"valueName\":\"search_term_string\"}}],\"inLanguage\":\"pt-BR\"}]}<\/script>\n<!-- \/ Yoast SEO plugin. -->","yoast_head_json":{"title":"O visto americano B2 - USA B2","description":"Como solicitar on-line um visto B2 para viajar para os Estados Unidos. Explicamos tudo","robots":{"index":"index","follow":"follow","max-snippet":"max-snippet:-1","max-image-preview":"max-image-preview:large","max-video-preview":"max-video-preview:-1"},"canonical":"https:\/\/usa-b2.com\/pt-br\/visto-b2\/","og_locale":"pt_BR","og_type":"article","og_title":"O visto americano B2 - USA B2","og_description":"Como solicitar on-line um visto B2 para viajar para os Estados Unidos. Explicamos tudo","og_url":"https:\/\/usa-b2.com\/pt-br\/visto-b2\/","og_site_name":"USA B2","article_modified_time":"2026-04-17T09:15:26+00:00","og_image":[{"width":760,"height":468,"url":"https:\/\/usa-b2.com\/wp-content\/uploads\/2024\/02\/Visa-b2.webp","type":"image\/webp"}],"twitter_card":"summary_large_image","twitter_misc":{"Est. tempo de leitura":"6 minutos"},"schema":{"@context":"https:\/\/schema.org","@graph":[{"@type":"WebPage","@id":"https:\/\/usa-b2.com\/pt-br\/visto-b2\/","url":"https:\/\/usa-b2.com\/pt-br\/visto-b2\/","name":"O visto americano B2 - USA B2","isPartOf":{"@id":"https:\/\/usa-b2.com\/pt-br\/#website"},"primaryImageOfPage":{"@id":"https:\/\/usa-b2.com\/pt-br\/visto-b2\/#primaryimage"},"image":{"@id":"https:\/\/usa-b2.com\/pt-br\/visto-b2\/#primaryimage"},"thumbnailUrl":"https:\/\/usa-b2.com\/wp-content\/uploads\/2024\/02\/Visa-b2.webp","datePublished":"2024-02-05T18:28:26+00:00","dateModified":"2026-04-17T09:15:26+00:00","description":"Como solicitar on-line um visto B2 para viajar para os Estados Unidos. Explicamos tudo","breadcrumb":{"@id":"https:\/\/usa-b2.com\/pt-br\/visto-b2\/#breadcrumb"},"inLanguage":"pt-BR","potentialAction":[{"@type":"ReadAction","target":["https:\/\/usa-b2.com\/pt-br\/visto-b2\/"]}]},{"@type":"ImageObject","inLanguage":"pt-BR","@id":"https:\/\/usa-b2.com\/pt-br\/visto-b2\/#primaryimage","url":"https:\/\/usa-b2.com\/wp-content\/uploads\/2024\/02\/Visa-b2.webp","contentUrl":"https:\/\/usa-b2.com\/wp-content\/uploads\/2024\/02\/Visa-b2.webp"},{"@type":"BreadcrumbList","@id":"https:\/\/usa-b2.com\/pt-br\/visto-b2\/#breadcrumb","itemListElement":[{"@type":"ListItem","position":1,"name":"Accueil","item":"https:\/\/usa-b2.com\/pt-br\/usa\/"},{"@type":"ListItem","position":2,"name":"O visto americano B2"}]},{"@type":"WebSite","@id":"https:\/\/usa-b2.com\/pt-br\/#website","url":"https:\/\/usa-b2.com\/pt-br\/","name":"USA B2 VISA","description":"","potentialAction":[{"@type":"SearchAction","target":{"@type":"EntryPoint","urlTemplate":"https:\/\/usa-b2.com\/pt-br\/?s={search_term_string}"},"query-input":{"@type":"PropertyValueSpecification","valueRequired":true,"valueName":"search_term_string"}}],"inLanguage":"pt-BR"}]}},"_links":{"self":[{"href":"https:\/\/usa-b2.com\/pt-br\/wp-json\/wp\/v2\/pages\/298","targetHints":{"allow":["GET"]}}],"collection":[{"href":"https:\/\/usa-b2.com\/pt-br\/wp-json\/wp\/v2\/pages"}],"about":[{"href":"https:\/\/usa-b2.com\/pt-br\/wp-json\/wp\/v2\/types\/page"}],"author":[{"embeddable":true,"href":"https:\/\/usa-b2.com\/pt-br\/wp-json\/wp\/v2\/users\/1"}],"replies":[{"embeddable":true,"href":"https:\/\/usa-b2.com\/pt-br\/wp-json\/wp\/v2\/comments?post=298"}],"version-history":[{"count":5,"href":"https:\/\/usa-b2.com\/pt-br\/wp-json\/wp\/v2\/pages\/298\/revisions"}],"predecessor-version":[{"id":11373,"href":"https:\/\/usa-b2.com\/pt-br\/wp-json\/wp\/v2\/pages\/298\/revisions\/11373"}],"wp:attachment":[{"href":"https:\/\/usa-b2.com\/pt-br\/wp-json\/wp\/v2\/media?parent=298"}],"curies":[{"name":"wp","href":"https:\/\/api.w.org\/{rel}","templated":true}]}}