{"id":2835,"date":"2024-06-25T15:44:50","date_gmt":"2024-06-25T15:44:50","guid":{"rendered":"https:\/\/usa-b2.com\/imprimir-esta\/"},"modified":"2025-10-13T12:51:47","modified_gmt":"2025-10-13T12:51:47","slug":"imprimir-esta","status":"publish","type":"page","link":"https:\/\/usa-b2.com\/pt-br\/imprimir-esta\/","title":{"rendered":"\u00c9 necess\u00e1rio imprimir um ESTA?"},"content":{"rendered":"\n<h1 class=\"wp-block-heading\">Imprima seu ESTA para viajar para os EUA<\/h1>\n\n<p>A autoriza\u00e7\u00e3o ESTA \u00e9 um certificado de viagem eletr\u00f4nico. Isso significa que voc\u00ea s\u00f3 pode obt\u00ea-lo on-line pela Web, e a confirma\u00e7\u00e3o \u00e9 enviada por e-mail. Portanto, os viajantes est\u00e3o se perguntando se \u00e9 necess\u00e1rio imprimir sua autoriza\u00e7\u00e3o ESTA antes de viajar para os Estados Unidos.  <\/p>\n\n<p><strong>Para obter a autoriza\u00e7\u00e3o de viagem em apenas alguns minutos <\/strong>, basta clicar no <a href=\"https:\/\/usa-b2.com\/pt-br\/formulario-esta-on-line\/\">formul\u00e1rio on-line do ESTA<\/a>.<\/p>\n\n<div style=\"height:10px\" aria-hidden=\"true\" class=\"wp-block-spacer\"><\/div>\n\n<h2 class=\"wp-block-heading\">Preciso imprimir meu ESTA em papel?<\/h2>\n\n<p><strong>N\u00e3o \u00e9 necess\u00e1rio ter a autoriza\u00e7\u00e3o do ESTA em papel<\/strong> quando voc\u00ea chegar aos Estados Unidos. Os agentes de prote\u00e7\u00e3o de fronteiras verificam o status da autoriza\u00e7\u00e3o ESTA no sistema de computador. Mesmo assim, \u00e0s vezes \u00e9 bom imprimir uma c\u00f3pia do certificado ESTA aprovado e lev\u00e1-la com voc\u00ea quando viajar.  <\/p>\n\n<p>O <a href=\"https:\/\/usa-b2.com\/fr\/difference-entre-visa-et-esta\/\">ESTA n\u00e3o \u00e9 um visto para os EUA<\/a>. No caso do <a href=\"https:\/\/usa-b2.com\/pt-br\/visto-b2\/\">visto B2<\/a>, o viajante recebe um visto impresso que deve ser afixado em seu <a href=\"https:\/\/usa-b2.com\/fr\/passeport-pour-voyager-aux-usa\/\">passaporte para que voc\u00ea possa viajar para os Estados Unidos<\/a>. Para obter mais informa\u00e7\u00f5es, consulte nossa p\u00e1gina que explica o <a href=\"https:\/\/usa-b2.com\/fr\/c-est-quoi-une-esta\/\">que \u00e9 o ESTA<\/a>.<\/p>\n\n<h2 class=\"wp-block-heading\">Como fa\u00e7o para imprimir meu ESTA?<\/h2>\n\n<p>Depois que a solicita\u00e7\u00e3o for aprovada pelo site oficial do ESTA, ela poder\u00e1 ser impressa a partir do e-mail de confirma\u00e7\u00e3o recebido.\nO viajante tamb\u00e9m recebe um recibo eletr\u00f4nico de pagamento do ESTA. <\/p>\n\n<p><\/p>\n","protected":false},"excerpt":{"rendered":"<p>Imprima seu ESTA para viajar para os EUA A autoriza\u00e7\u00e3o ESTA \u00e9 um certificado de viagem eletr\u00f4nico. Isso significa que voc\u00ea s\u00f3 pode obt\u00ea-lo on-line pela Web, e a confirma\u00e7\u00e3o \u00e9 enviada por e-mail. Portanto, os viajantes est\u00e3o se perguntando se \u00e9 necess\u00e1rio imprimir sua autoriza\u00e7\u00e3o ESTA antes de viajar para os Estados Unidos. Para [&hellip;]<\/p>\n","protected":false},"author":1,"featured_media":0,"parent":0,"menu_order":0,"comment_status":"closed","ping_status":"closed","template":"","meta":{"footnotes":""},"class_list":["post-2835","page","type-page","status-publish","hentry"],"yoast_head":"<!-- This site is optimized with the Yoast SEO plugin v27.4 - https:\/\/yoast.com\/product\/yoast-seo-wordpress\/ -->\n<title>\u00c9 necess\u00e1rio imprimir um ESTA? - USA B2<\/title>\n<meta name=\"description\" content=\"Preciso imprimir meu documento eletr\u00f4nico de viagem ESTA para viajar para os Estados Unidos?\" \/>\n<meta name=\"robots\" content=\"index, follow, max-snippet:-1, max-image-preview:large, max-video-preview:-1\" \/>\n<link rel=\"canonical\" href=\"https:\/\/usa-b2.com\/pt-br\/imprimir-esta\/\" \/>\n<meta property=\"og:locale\" content=\"pt_BR\" \/>\n<meta property=\"og:type\" content=\"article\" \/>\n<meta property=\"og:title\" content=\"\u00c9 necess\u00e1rio imprimir um ESTA? - USA B2\" \/>\n<meta property=\"og:description\" content=\"Preciso imprimir meu documento eletr\u00f4nico de viagem ESTA para viajar para os Estados Unidos?\" \/>\n<meta property=\"og:url\" content=\"https:\/\/usa-b2.com\/pt-br\/imprimir-esta\/\" \/>\n<meta property=\"og:site_name\" content=\"USA B2\" \/>\n<meta property=\"article:modified_time\" content=\"2025-10-13T12:51:47+00:00\" \/>\n<meta name=\"twitter:card\" content=\"summary_large_image\" \/>\n<meta name=\"twitter:label1\" content=\"Est. tempo de leitura\" \/>\n\t<meta name=\"twitter:data1\" content=\"1 minuto\" \/>\n<script type=\"application\/ld+json\" class=\"yoast-schema-graph\">{\"@context\":\"https:\\\/\\\/schema.org\",\"@graph\":[{\"@type\":\"WebPage\",\"@id\":\"https:\\\/\\\/usa-b2.com\\\/pt-br\\\/imprimir-esta\\\/\",\"url\":\"https:\\\/\\\/usa-b2.com\\\/pt-br\\\/imprimir-esta\\\/\",\"name\":\"\u00c9 necess\u00e1rio imprimir um ESTA? - USA B2\",\"isPartOf\":{\"@id\":\"https:\\\/\\\/usa-b2.com\\\/pt-br\\\/#website\"},\"datePublished\":\"2024-06-25T15:44:50+00:00\",\"dateModified\":\"2025-10-13T12:51:47+00:00\",\"description\":\"Preciso imprimir meu documento eletr\u00f4nico de viagem ESTA para viajar para os Estados Unidos?\",\"breadcrumb\":{\"@id\":\"https:\\\/\\\/usa-b2.com\\\/pt-br\\\/imprimir-esta\\\/#breadcrumb\"},\"inLanguage\":\"pt-BR\",\"potentialAction\":[{\"@type\":\"ReadAction\",\"target\":[\"https:\\\/\\\/usa-b2.com\\\/pt-br\\\/imprimir-esta\\\/\"]}]},{\"@type\":\"BreadcrumbList\",\"@id\":\"https:\\\/\\\/usa-b2.com\\\/pt-br\\\/imprimir-esta\\\/#breadcrumb\",\"itemListElement\":[{\"@type\":\"ListItem\",\"position\":1,\"name\":\"Accueil\",\"item\":\"https:\\\/\\\/usa-b2.com\\\/pt-br\\\/usa\\\/\"},{\"@type\":\"ListItem\",\"position\":2,\"name\":\"\u00c9 necess\u00e1rio imprimir um ESTA?\"}]},{\"@type\":\"WebSite\",\"@id\":\"https:\\\/\\\/usa-b2.com\\\/pt-br\\\/#website\",\"url\":\"https:\\\/\\\/usa-b2.com\\\/pt-br\\\/\",\"name\":\"USA B2 VISA\",\"description\":\"\",\"potentialAction\":[{\"@type\":\"SearchAction\",\"target\":{\"@type\":\"EntryPoint\",\"urlTemplate\":\"https:\\\/\\\/usa-b2.com\\\/pt-br\\\/?s={search_term_string}\"},\"query-input\":{\"@type\":\"PropertyValueSpecification\",\"valueRequired\":true,\"valueName\":\"search_term_string\"}}],\"inLanguage\":\"pt-BR\"}]}<\/script>\n<!-- \/ Yoast SEO plugin. -->","yoast_head_json":{"title":"\u00c9 necess\u00e1rio imprimir um ESTA? - USA B2","description":"Preciso imprimir meu documento eletr\u00f4nico de viagem ESTA para viajar para os Estados Unidos?","robots":{"index":"index","follow":"follow","max-snippet":"max-snippet:-1","max-image-preview":"max-image-preview:large","max-video-preview":"max-video-preview:-1"},"canonical":"https:\/\/usa-b2.com\/pt-br\/imprimir-esta\/","og_locale":"pt_BR","og_type":"article","og_title":"\u00c9 necess\u00e1rio imprimir um ESTA? - USA B2","og_description":"Preciso imprimir meu documento eletr\u00f4nico de viagem ESTA para viajar para os Estados Unidos?","og_url":"https:\/\/usa-b2.com\/pt-br\/imprimir-esta\/","og_site_name":"USA B2","article_modified_time":"2025-10-13T12:51:47+00:00","twitter_card":"summary_large_image","twitter_misc":{"Est. tempo de leitura":"1 minuto"},"schema":{"@context":"https:\/\/schema.org","@graph":[{"@type":"WebPage","@id":"https:\/\/usa-b2.com\/pt-br\/imprimir-esta\/","url":"https:\/\/usa-b2.com\/pt-br\/imprimir-esta\/","name":"\u00c9 necess\u00e1rio imprimir um ESTA? - USA B2","isPartOf":{"@id":"https:\/\/usa-b2.com\/pt-br\/#website"},"datePublished":"2024-06-25T15:44:50+00:00","dateModified":"2025-10-13T12:51:47+00:00","description":"Preciso imprimir meu documento eletr\u00f4nico de viagem ESTA para viajar para os Estados Unidos?","breadcrumb":{"@id":"https:\/\/usa-b2.com\/pt-br\/imprimir-esta\/#breadcrumb"},"inLanguage":"pt-BR","potentialAction":[{"@type":"ReadAction","target":["https:\/\/usa-b2.com\/pt-br\/imprimir-esta\/"]}]},{"@type":"BreadcrumbList","@id":"https:\/\/usa-b2.com\/pt-br\/imprimir-esta\/#breadcrumb","itemListElement":[{"@type":"ListItem","position":1,"name":"Accueil","item":"https:\/\/usa-b2.com\/pt-br\/usa\/"},{"@type":"ListItem","position":2,"name":"\u00c9 necess\u00e1rio imprimir um ESTA?"}]},{"@type":"WebSite","@id":"https:\/\/usa-b2.com\/pt-br\/#website","url":"https:\/\/usa-b2.com\/pt-br\/","name":"USA B2 VISA","description":"","potentialAction":[{"@type":"SearchAction","target":{"@type":"EntryPoint","urlTemplate":"https:\/\/usa-b2.com\/pt-br\/?s={search_term_string}"},"query-input":{"@type":"PropertyValueSpecification","valueRequired":true,"valueName":"search_term_string"}}],"inLanguage":"pt-BR"}]}},"_links":{"self":[{"href":"https:\/\/usa-b2.com\/pt-br\/wp-json\/wp\/v2\/pages\/2835","targetHints":{"allow":["GET"]}}],"collection":[{"href":"https:\/\/usa-b2.com\/pt-br\/wp-json\/wp\/v2\/pages"}],"about":[{"href":"https:\/\/usa-b2.com\/pt-br\/wp-json\/wp\/v2\/types\/page"}],"author":[{"embeddable":true,"href":"https:\/\/usa-b2.com\/pt-br\/wp-json\/wp\/v2\/users\/1"}],"replies":[{"embeddable":true,"href":"https:\/\/usa-b2.com\/pt-br\/wp-json\/wp\/v2\/comments?post=2835"}],"version-history":[{"count":2,"href":"https:\/\/usa-b2.com\/pt-br\/wp-json\/wp\/v2\/pages\/2835\/revisions"}],"predecessor-version":[{"id":10002,"href":"https:\/\/usa-b2.com\/pt-br\/wp-json\/wp\/v2\/pages\/2835\/revisions\/10002"}],"wp:attachment":[{"href":"https:\/\/usa-b2.com\/pt-br\/wp-json\/wp\/v2\/media?parent=2835"}],"curies":[{"name":"wp","href":"https:\/\/api.w.org\/{rel}","templated":true}]}}