{"id":2755,"date":"2024-06-25T10:10:23","date_gmt":"2024-06-25T10:10:23","guid":{"rendered":"https:\/\/usa-b2.com\/periodo-validade-esta\/"},"modified":"2025-10-13T13:37:46","modified_gmt":"2025-10-13T13:37:46","slug":"periodo-validade-esta","status":"publish","type":"page","link":"https:\/\/usa-b2.com\/pt-br\/periodo-validade-esta\/","title":{"rendered":"O ESTA tem um per\u00edodo de validade limitado"},"content":{"rendered":"\n<h1 class=\"wp-block-heading\">Por quanto tempo uma autoriza\u00e7\u00e3o ESTA \u00e9 v\u00e1lida?<\/h1>\n\n<p>Uma autoriza\u00e7\u00e3o de viagem ESTA tem uma data de validade limitada. Para renovar sua autoriza\u00e7\u00e3o ESTA para os Estados Unidos, basta preencher o <a href=\"https:\/\/usa-b2.com\/pt-br\/formulario-esta-on-line\/\">formul\u00e1rio ESTA on-line<\/a>. <\/p>\n\n<div style=\"height:10px\" aria-hidden=\"true\" class=\"wp-block-spacer\"><\/div>\n\n<h2 class=\"wp-block-heading\">Por quanto tempo o ESTA \u00e9 v\u00e1lido?<\/h2>\n\n<p>As autoriza\u00e7\u00f5es ESTA s\u00e3o inicialmente v\u00e1lidas por 2 anos. Durante esse per\u00edodo, os viajantes podem fazer v\u00e1rias visitas aos Estados Unidos sem apresentar uma nova solicita\u00e7\u00e3o. Cada estadia n\u00e3o deve exceder 90 dias nos Estados Unidos.  <\/p>\n\n<h2 class=\"wp-block-heading\">Quando o per\u00edodo de validade \u00e9 reduzido?<\/h2>\n\n<p>O per\u00edodo de validade do ESTA pode ser reduzido em determinadas situa\u00e7\u00f5es. Aqui est\u00e3o as tr\u00eas principais raz\u00f5es para a rescis\u00e3o antecipada do ESTA: <\/p>\n\n<ol class=\"wp-block-list\">\n<li><strong>Quando algumas das informa\u00e7\u00f5es pessoais fornecidas para obter o ESTA n\u00e3o forem mais v\u00e1lidas<\/strong>. Se o nome, o sexo ou a nacionalidade do titular do ESTA mudar, o ESTA n\u00e3o ser\u00e1 mais v\u00e1lido e uma nova solicita\u00e7\u00e3o do ESTA dever\u00e1 ser feita usando as informa\u00e7\u00f5es pessoais atualizadas. <\/li>\n\n\n\n<li><strong>Quando o passaporte usado para obter o ESTA<\/strong> estiver vencido. O ESTA est\u00e1 vinculado ao passaporte usado para a solicita\u00e7\u00e3o inicial. Se esse passaporte expirar, o ESTA automaticamente deixar\u00e1 de ser v\u00e1lido. O viajante deve fazer uma nova solicita\u00e7\u00e3o do ESTA com o novo <a href=\"https:\/\/usa-b2.com\/fr\/passeport-pour-voyager-aux-usa\/\">passaporte v\u00e1lido para os EUA<\/a>.   <\/li>\n\n\n\n<li><strong>Quando as respostas \u00e0s perguntas de seguran\u00e7a no aplicativo ESTA n\u00e3o forem mais v\u00e1lidas<\/strong>. Se as respostas \u00e0s perguntas pessoais no formul\u00e1rio ESTA n\u00e3o forem mais v\u00e1lidas, o ESTA n\u00e3o ser\u00e1 mais v\u00e1lido. Voc\u00ea precisa solicitar novamente a autoriza\u00e7\u00e3o de viagem no site oficial do ESTA, atualizando as respostas \u00e0s perguntas sobre sa\u00fade e seguran\u00e7a no formul\u00e1rio do ESTA.  <\/li>\n<\/ol>\n\n<div style=\"height:10px\" aria-hidden=\"true\" class=\"wp-block-spacer\"><\/div>\n\n<h2 class=\"wp-block-heading\">Expira\u00e7\u00e3o de uma autoriza\u00e7\u00e3o ESTA durante uma estadia nos EUA<\/h2>\n\n<p>Quando uma autoriza\u00e7\u00e3o ESTA expira durante uma estadia nos Estados Unidos, o viajante \u00e9 autorizado pelo governo dos EUA a concluir sua estadia nos EUA dentro do prazo de 90 dias. Sair dos Estados Unidos com um ESTA vencido geralmente n\u00e3o \u00e9 problema.<\/p>\n\n<p>Entretanto, se voc\u00ea pretende permanecer nos EUA por mais de 90 dias, dever\u00e1 obter um <a href=\"https:\/\/usa-b2.com\/pt-br\/visto-b2\/\">visto de turista B2<\/a>. Exceder o limite de perman\u00eancia de 90 dias \u00e9 muito impopular entre as autoridades americanas.<\/p>\n","protected":false},"excerpt":{"rendered":"<p>Por quanto tempo uma autoriza\u00e7\u00e3o ESTA \u00e9 v\u00e1lida? Uma autoriza\u00e7\u00e3o de viagem ESTA tem uma data de validade limitada. Para renovar sua autoriza\u00e7\u00e3o ESTA para os Estados Unidos, basta preencher o formul\u00e1rio ESTA on-line. Por quanto tempo o ESTA \u00e9 v\u00e1lido? As autoriza\u00e7\u00f5es ESTA s\u00e3o inicialmente v\u00e1lidas por 2 anos. Durante esse per\u00edodo, os viajantes [&hellip;]<\/p>\n","protected":false},"author":1,"featured_media":0,"parent":0,"menu_order":0,"comment_status":"closed","ping_status":"closed","template":"","meta":{"footnotes":""},"class_list":["post-2755","page","type-page","status-publish","hentry"],"yoast_head":"<!-- This site is optimized with the Yoast SEO plugin v27.4 - https:\/\/yoast.com\/product\/yoast-seo-wordpress\/ -->\n<title>O ESTA tem um per\u00edodo de validade limitado - USA B2<\/title>\n<meta name=\"description\" content=\"As autoriza\u00e7\u00f5es ESTA s\u00e3o v\u00e1lidas por um per\u00edodo limitado, portanto, \u00e9 importante que voc\u00ea verifique sua validade antes de viajar.\" \/>\n<meta name=\"robots\" content=\"index, follow, max-snippet:-1, max-image-preview:large, max-video-preview:-1\" \/>\n<link rel=\"canonical\" href=\"https:\/\/usa-b2.com\/pt-br\/periodo-validade-esta\/\" \/>\n<meta property=\"og:locale\" content=\"pt_BR\" \/>\n<meta property=\"og:type\" content=\"article\" \/>\n<meta property=\"og:title\" content=\"O ESTA tem um per\u00edodo de validade limitado - USA B2\" \/>\n<meta property=\"og:description\" content=\"As autoriza\u00e7\u00f5es ESTA s\u00e3o v\u00e1lidas por um per\u00edodo limitado, portanto, \u00e9 importante que voc\u00ea verifique sua validade antes de viajar.\" \/>\n<meta property=\"og:url\" content=\"https:\/\/usa-b2.com\/pt-br\/periodo-validade-esta\/\" \/>\n<meta property=\"og:site_name\" content=\"USA B2\" \/>\n<meta property=\"article:modified_time\" content=\"2025-10-13T13:37:46+00:00\" \/>\n<meta name=\"twitter:card\" content=\"summary_large_image\" \/>\n<meta name=\"twitter:label1\" content=\"Est. tempo de leitura\" \/>\n\t<meta name=\"twitter:data1\" content=\"2 minutos\" \/>\n<script type=\"application\/ld+json\" class=\"yoast-schema-graph\">{\"@context\":\"https:\\\/\\\/schema.org\",\"@graph\":[{\"@type\":\"WebPage\",\"@id\":\"https:\\\/\\\/usa-b2.com\\\/pt-br\\\/periodo-validade-esta\\\/\",\"url\":\"https:\\\/\\\/usa-b2.com\\\/pt-br\\\/periodo-validade-esta\\\/\",\"name\":\"O ESTA tem um per\u00edodo de validade limitado - USA B2\",\"isPartOf\":{\"@id\":\"https:\\\/\\\/usa-b2.com\\\/pt-br\\\/#website\"},\"datePublished\":\"2024-06-25T10:10:23+00:00\",\"dateModified\":\"2025-10-13T13:37:46+00:00\",\"description\":\"As autoriza\u00e7\u00f5es ESTA s\u00e3o v\u00e1lidas por um per\u00edodo limitado, portanto, \u00e9 importante que voc\u00ea verifique sua validade antes de viajar.\",\"breadcrumb\":{\"@id\":\"https:\\\/\\\/usa-b2.com\\\/pt-br\\\/periodo-validade-esta\\\/#breadcrumb\"},\"inLanguage\":\"pt-BR\",\"potentialAction\":[{\"@type\":\"ReadAction\",\"target\":[\"https:\\\/\\\/usa-b2.com\\\/pt-br\\\/periodo-validade-esta\\\/\"]}]},{\"@type\":\"BreadcrumbList\",\"@id\":\"https:\\\/\\\/usa-b2.com\\\/pt-br\\\/periodo-validade-esta\\\/#breadcrumb\",\"itemListElement\":[{\"@type\":\"ListItem\",\"position\":1,\"name\":\"Accueil\",\"item\":\"https:\\\/\\\/usa-b2.com\\\/pt-br\\\/usa\\\/\"},{\"@type\":\"ListItem\",\"position\":2,\"name\":\"O ESTA tem um per\u00edodo de validade limitado\"}]},{\"@type\":\"WebSite\",\"@id\":\"https:\\\/\\\/usa-b2.com\\\/pt-br\\\/#website\",\"url\":\"https:\\\/\\\/usa-b2.com\\\/pt-br\\\/\",\"name\":\"USA B2 VISA\",\"description\":\"\",\"potentialAction\":[{\"@type\":\"SearchAction\",\"target\":{\"@type\":\"EntryPoint\",\"urlTemplate\":\"https:\\\/\\\/usa-b2.com\\\/pt-br\\\/?s={search_term_string}\"},\"query-input\":{\"@type\":\"PropertyValueSpecification\",\"valueRequired\":true,\"valueName\":\"search_term_string\"}}],\"inLanguage\":\"pt-BR\"}]}<\/script>\n<!-- \/ Yoast SEO plugin. -->","yoast_head_json":{"title":"O ESTA tem um per\u00edodo de validade limitado - USA B2","description":"As autoriza\u00e7\u00f5es ESTA s\u00e3o v\u00e1lidas por um per\u00edodo limitado, portanto, \u00e9 importante que voc\u00ea verifique sua validade antes de viajar.","robots":{"index":"index","follow":"follow","max-snippet":"max-snippet:-1","max-image-preview":"max-image-preview:large","max-video-preview":"max-video-preview:-1"},"canonical":"https:\/\/usa-b2.com\/pt-br\/periodo-validade-esta\/","og_locale":"pt_BR","og_type":"article","og_title":"O ESTA tem um per\u00edodo de validade limitado - USA B2","og_description":"As autoriza\u00e7\u00f5es ESTA s\u00e3o v\u00e1lidas por um per\u00edodo limitado, portanto, \u00e9 importante que voc\u00ea verifique sua validade antes de viajar.","og_url":"https:\/\/usa-b2.com\/pt-br\/periodo-validade-esta\/","og_site_name":"USA B2","article_modified_time":"2025-10-13T13:37:46+00:00","twitter_card":"summary_large_image","twitter_misc":{"Est. tempo de leitura":"2 minutos"},"schema":{"@context":"https:\/\/schema.org","@graph":[{"@type":"WebPage","@id":"https:\/\/usa-b2.com\/pt-br\/periodo-validade-esta\/","url":"https:\/\/usa-b2.com\/pt-br\/periodo-validade-esta\/","name":"O ESTA tem um per\u00edodo de validade limitado - USA B2","isPartOf":{"@id":"https:\/\/usa-b2.com\/pt-br\/#website"},"datePublished":"2024-06-25T10:10:23+00:00","dateModified":"2025-10-13T13:37:46+00:00","description":"As autoriza\u00e7\u00f5es ESTA s\u00e3o v\u00e1lidas por um per\u00edodo limitado, portanto, \u00e9 importante que voc\u00ea verifique sua validade antes de viajar.","breadcrumb":{"@id":"https:\/\/usa-b2.com\/pt-br\/periodo-validade-esta\/#breadcrumb"},"inLanguage":"pt-BR","potentialAction":[{"@type":"ReadAction","target":["https:\/\/usa-b2.com\/pt-br\/periodo-validade-esta\/"]}]},{"@type":"BreadcrumbList","@id":"https:\/\/usa-b2.com\/pt-br\/periodo-validade-esta\/#breadcrumb","itemListElement":[{"@type":"ListItem","position":1,"name":"Accueil","item":"https:\/\/usa-b2.com\/pt-br\/usa\/"},{"@type":"ListItem","position":2,"name":"O ESTA tem um per\u00edodo de validade limitado"}]},{"@type":"WebSite","@id":"https:\/\/usa-b2.com\/pt-br\/#website","url":"https:\/\/usa-b2.com\/pt-br\/","name":"USA B2 VISA","description":"","potentialAction":[{"@type":"SearchAction","target":{"@type":"EntryPoint","urlTemplate":"https:\/\/usa-b2.com\/pt-br\/?s={search_term_string}"},"query-input":{"@type":"PropertyValueSpecification","valueRequired":true,"valueName":"search_term_string"}}],"inLanguage":"pt-BR"}]}},"_links":{"self":[{"href":"https:\/\/usa-b2.com\/pt-br\/wp-json\/wp\/v2\/pages\/2755","targetHints":{"allow":["GET"]}}],"collection":[{"href":"https:\/\/usa-b2.com\/pt-br\/wp-json\/wp\/v2\/pages"}],"about":[{"href":"https:\/\/usa-b2.com\/pt-br\/wp-json\/wp\/v2\/types\/page"}],"author":[{"embeddable":true,"href":"https:\/\/usa-b2.com\/pt-br\/wp-json\/wp\/v2\/users\/1"}],"replies":[{"embeddable":true,"href":"https:\/\/usa-b2.com\/pt-br\/wp-json\/wp\/v2\/comments?post=2755"}],"version-history":[{"count":2,"href":"https:\/\/usa-b2.com\/pt-br\/wp-json\/wp\/v2\/pages\/2755\/revisions"}],"predecessor-version":[{"id":10102,"href":"https:\/\/usa-b2.com\/pt-br\/wp-json\/wp\/v2\/pages\/2755\/revisions\/10102"}],"wp:attachment":[{"href":"https:\/\/usa-b2.com\/pt-br\/wp-json\/wp\/v2\/media?parent=2755"}],"curies":[{"name":"wp","href":"https:\/\/api.w.org\/{rel}","templated":true}]}}