{"id":263,"date":"2024-02-10T17:12:20","date_gmt":"2024-02-10T17:12:20","guid":{"rendered":"https:\/\/usa-b2.com\/visa-waiver-program\/"},"modified":"2025-06-09T18:38:59","modified_gmt":"2025-06-09T18:38:59","slug":"visa-waiver-program","status":"publish","type":"page","link":"https:\/\/usa-b2.com\/pt-br\/visa-waiver-program\/","title":{"rendered":"O Programa de Isen\u00e7\u00e3o de Vistos dos EUA"},"content":{"rendered":"\n<h1 class=\"wp-block-heading\">O programa americano de isen\u00e7\u00e3o de visto<\/h1>\n\n<h2 class=\"wp-block-heading\">O que \u00e9 o Programa de Isen\u00e7\u00e3o de Visto?<\/h2>\n\n<p>O Programa de Isen\u00e7\u00e3o de Visto (VWP) permite que cidad\u00e3os de determinados pa\u00edses viajem para os Estados Unidos a turismo ou a neg\u00f3cios por at\u00e9 90 dias sem obter um visto. Para se beneficiar dessa isen\u00e7\u00e3o de visto, os cidad\u00e3os dos pa\u00edses parceiros devem obter uma autoriza\u00e7\u00e3o eletr\u00f4nica de viagem <a href=\"https:\/\/usa-b2.com\/pt-br\/formulario-esta-on-line\/\">ESTA on-line<\/a>. <\/p>\n\n<h2 class=\"wp-block-heading\">Lista de pa\u00edses membros do VWP<\/h2>\n\n<p>Israel \u00e9 o mais recente pa\u00eds a ser admitido no VWP em outubro de 2023. Isso eleva para 41 o n\u00famero de pa\u00edses que se beneficiam do programa de isen\u00e7\u00e3o de visto dos EUA para seus cidad\u00e3os. <\/p>\n\n<figure class=\"wp-block-table\"><table><tbody><tr><td><a href=\"https:\/\/usa-b2.com\/pt-br\/visto-b2-para-alemaes\/\">Alemanha<\/a><\/td><td>Espanha<\/td><td>Liechtenstein<\/td><td>Reino Unido<\/td><\/tr><tr><td>Andorra<\/td><td>Finl\u00e2ndia<\/td><td>Litu\u00e2nia<\/td><td>S\u00e3o Marino<\/td><\/tr><tr><td>Austr\u00e1lia<\/td><td><a href=\"https:\/\/usa-b2.com\/pt-br\/visto-b2-para-franceses\/\">Fran\u00e7a<\/a><\/td><td>Luxemburgo<\/td><td>Cingapura<\/td><\/tr><tr><td>\u00c1ustria<\/td><td>Gr\u00e9cia<\/td><td>Malta<\/td><td>Eslov\u00e1quia<\/td><\/tr><tr><td>B\u00e9lgica<\/td><td>Hungria<\/td><td>M\u00f4naco<\/td><td>Eslov\u00eania<\/td><\/tr><tr><td>Brunei<\/td><td>Irlanda<\/td><td>Noruega<\/td><td>Su\u00e9cia<\/td><\/tr><tr><td>Chile<\/td><td>Isl\u00e2ndia<\/td><td>Nova Zel\u00e2ndia<\/td><td>Su\u00ed\u00e7a<\/td><\/tr><tr><td>Cro\u00e1cia<\/td><td>Israel<\/td><td>Pa\u00edses Baixos<\/td><td>Taiwan<\/td><\/tr><tr><td>Coreia do Sul<\/td><td><a href=\"https:\/\/usa-b2.com\/pt-br\/visto-b2-para-italiano\/\">It\u00e1lia<\/a><\/td><td>Pol\u00f4nia<\/td><td><\/td><\/tr><tr><td>Dinamarca<\/td><td>Jap\u00e3o<\/td><td>Portugal<\/td><td><\/td><\/tr><tr><td>Est\u00f4nia<\/td><td>Let\u00f4nia<\/td><td>Rep\u00fablica Tcheca<\/td><td><\/td><\/tr><\/tbody><\/table><figcaption class=\"wp-element-caption\">Lista de pa\u00edses do Programa de Isen\u00e7\u00e3o de Visto dos EUA<\/figcaption><\/figure>\n\n<h2 class=\"wp-block-heading\" id=\"h-gt-comment-un-pays-adhere-t-il-au-programme-de-dispense-de-visa\">Como fa\u00e7o para me inscrever no programa de isen\u00e7\u00e3o de visto?<\/h2>\n\n<p>Os pa\u00edses que desejam se tornar membros do Programa de Isen\u00e7\u00e3o de Vistos dos EUA devem atender a determinadas condi\u00e7\u00f5es de gerenciamento de fronteiras. As principais condi\u00e7\u00f5es estabelecidas pelo Departamento de Estado dos EUA s\u00e3o: <\/p>\n\n<ul class=\"wp-block-list\">\n<li>Emiss\u00e3o de passaportes eletr\u00f4nicos para seus cidad\u00e3os<\/li>\n\n\n\n<li>Participar do compartilhamento de dados de seguran\u00e7a com os Estados Unidos<\/li>\n\n\n\n<li>Manter os Estados Unidos constantemente informados sobre passaportes roubados ou perdidos<\/li>\n\n\n\n<li>Ter uma taxa de recusa de passaportes de visitante tipo B inferior a 3% para seus cidad\u00e3os<\/li>\n\n\n\n<li>Combater ativamente o terrorismo nos controles de fronteira.<\/li>\n<\/ul>\n\n<div style=\"height:10px\" aria-hidden=\"true\" class=\"wp-block-spacer\"><\/div>\n\n<h2 class=\"wp-block-heading\">O que fazer se seu pa\u00eds n\u00e3o for membro do VWP<\/h2>\n\n<p>Se o seu pa\u00eds de origem n\u00e3o for membro do VWP, voc\u00ea n\u00e3o poder\u00e1 solicitar uma autoriza\u00e7\u00e3o eletr\u00f4nica de viagem ESTA.\nPara entrar nos Estados Unidos, voc\u00ea precisa solicitar um <a href=\"https:\/\/usa-b2.com\/pt-br\/formulario-visto-b2-on-line\/\">visto B2 on-line<\/a>. <\/p>\n","protected":false},"excerpt":{"rendered":"<p>O programa americano de isen\u00e7\u00e3o de visto O que \u00e9 o Programa de Isen\u00e7\u00e3o de Visto? O Programa de Isen\u00e7\u00e3o de Visto (VWP) permite que cidad\u00e3os de determinados pa\u00edses viajem para os Estados Unidos a turismo ou a neg\u00f3cios por at\u00e9 90 dias sem obter um visto. Para se beneficiar dessa isen\u00e7\u00e3o de visto, os [&hellip;]<\/p>\n","protected":false},"author":1,"featured_media":0,"parent":0,"menu_order":0,"comment_status":"closed","ping_status":"closed","template":"","meta":{"footnotes":""},"class_list":["post-263","page","type-page","status-publish","hentry"],"yoast_head":"<!-- This site is optimized with the Yoast SEO plugin v27.4 - https:\/\/yoast.com\/product\/yoast-seo-wordpress\/ -->\n<title>O Programa de Isen\u00e7\u00e3o de Vistos dos EUA - USA B2<\/title>\n<meta name=\"description\" content=\"Saiba mais sobre o Programa de Isen\u00e7\u00e3o de Visto dos EUA, que permite que estrangeiros viajem para os EUA sem visto.\" \/>\n<meta name=\"robots\" content=\"index, follow, max-snippet:-1, max-image-preview:large, max-video-preview:-1\" \/>\n<link rel=\"canonical\" href=\"https:\/\/usa-b2.com\/pt-br\/visa-waiver-program\/\" \/>\n<meta property=\"og:locale\" content=\"pt_BR\" \/>\n<meta property=\"og:type\" content=\"article\" \/>\n<meta property=\"og:title\" content=\"O Programa de Isen\u00e7\u00e3o de Vistos dos EUA - USA B2\" \/>\n<meta property=\"og:description\" content=\"Saiba mais sobre o Programa de Isen\u00e7\u00e3o de Visto dos EUA, que permite que estrangeiros viajem para os EUA sem visto.\" \/>\n<meta property=\"og:url\" content=\"https:\/\/usa-b2.com\/pt-br\/visa-waiver-program\/\" \/>\n<meta property=\"og:site_name\" content=\"USA B2\" \/>\n<meta property=\"article:modified_time\" content=\"2025-06-09T18:38:59+00:00\" \/>\n<meta name=\"twitter:card\" content=\"summary_large_image\" \/>\n<meta name=\"twitter:label1\" content=\"Est. tempo de leitura\" \/>\n\t<meta name=\"twitter:data1\" content=\"2 minutos\" \/>\n<script type=\"application\/ld+json\" class=\"yoast-schema-graph\">{\"@context\":\"https:\\\/\\\/schema.org\",\"@graph\":[{\"@type\":\"WebPage\",\"@id\":\"https:\\\/\\\/usa-b2.com\\\/pt-br\\\/visa-waiver-program\\\/\",\"url\":\"https:\\\/\\\/usa-b2.com\\\/pt-br\\\/visa-waiver-program\\\/\",\"name\":\"O Programa de Isen\u00e7\u00e3o de Vistos dos EUA - USA B2\",\"isPartOf\":{\"@id\":\"https:\\\/\\\/usa-b2.com\\\/pt-br\\\/#website\"},\"datePublished\":\"2024-02-10T17:12:20+00:00\",\"dateModified\":\"2025-06-09T18:38:59+00:00\",\"description\":\"Saiba mais sobre o Programa de Isen\u00e7\u00e3o de Visto dos EUA, que permite que estrangeiros viajem para os EUA sem visto.\",\"breadcrumb\":{\"@id\":\"https:\\\/\\\/usa-b2.com\\\/pt-br\\\/visa-waiver-program\\\/#breadcrumb\"},\"inLanguage\":\"pt-BR\",\"potentialAction\":[{\"@type\":\"ReadAction\",\"target\":[\"https:\\\/\\\/usa-b2.com\\\/pt-br\\\/visa-waiver-program\\\/\"]}]},{\"@type\":\"BreadcrumbList\",\"@id\":\"https:\\\/\\\/usa-b2.com\\\/pt-br\\\/visa-waiver-program\\\/#breadcrumb\",\"itemListElement\":[{\"@type\":\"ListItem\",\"position\":1,\"name\":\"Accueil\",\"item\":\"https:\\\/\\\/usa-b2.com\\\/pt-br\\\/usa\\\/\"},{\"@type\":\"ListItem\",\"position\":2,\"name\":\"O Programa de Isen\u00e7\u00e3o de Vistos dos EUA\"}]},{\"@type\":\"WebSite\",\"@id\":\"https:\\\/\\\/usa-b2.com\\\/pt-br\\\/#website\",\"url\":\"https:\\\/\\\/usa-b2.com\\\/pt-br\\\/\",\"name\":\"USA B2 VISA\",\"description\":\"\",\"potentialAction\":[{\"@type\":\"SearchAction\",\"target\":{\"@type\":\"EntryPoint\",\"urlTemplate\":\"https:\\\/\\\/usa-b2.com\\\/pt-br\\\/?s={search_term_string}\"},\"query-input\":{\"@type\":\"PropertyValueSpecification\",\"valueRequired\":true,\"valueName\":\"search_term_string\"}}],\"inLanguage\":\"pt-BR\"}]}<\/script>\n<!-- \/ Yoast SEO plugin. -->","yoast_head_json":{"title":"O Programa de Isen\u00e7\u00e3o de Vistos dos EUA - USA B2","description":"Saiba mais sobre o Programa de Isen\u00e7\u00e3o de Visto dos EUA, que permite que estrangeiros viajem para os EUA sem visto.","robots":{"index":"index","follow":"follow","max-snippet":"max-snippet:-1","max-image-preview":"max-image-preview:large","max-video-preview":"max-video-preview:-1"},"canonical":"https:\/\/usa-b2.com\/pt-br\/visa-waiver-program\/","og_locale":"pt_BR","og_type":"article","og_title":"O Programa de Isen\u00e7\u00e3o de Vistos dos EUA - USA B2","og_description":"Saiba mais sobre o Programa de Isen\u00e7\u00e3o de Visto dos EUA, que permite que estrangeiros viajem para os EUA sem visto.","og_url":"https:\/\/usa-b2.com\/pt-br\/visa-waiver-program\/","og_site_name":"USA B2","article_modified_time":"2025-06-09T18:38:59+00:00","twitter_card":"summary_large_image","twitter_misc":{"Est. tempo de leitura":"2 minutos"},"schema":{"@context":"https:\/\/schema.org","@graph":[{"@type":"WebPage","@id":"https:\/\/usa-b2.com\/pt-br\/visa-waiver-program\/","url":"https:\/\/usa-b2.com\/pt-br\/visa-waiver-program\/","name":"O Programa de Isen\u00e7\u00e3o de Vistos dos EUA - USA B2","isPartOf":{"@id":"https:\/\/usa-b2.com\/pt-br\/#website"},"datePublished":"2024-02-10T17:12:20+00:00","dateModified":"2025-06-09T18:38:59+00:00","description":"Saiba mais sobre o Programa de Isen\u00e7\u00e3o de Visto dos EUA, que permite que estrangeiros viajem para os EUA sem visto.","breadcrumb":{"@id":"https:\/\/usa-b2.com\/pt-br\/visa-waiver-program\/#breadcrumb"},"inLanguage":"pt-BR","potentialAction":[{"@type":"ReadAction","target":["https:\/\/usa-b2.com\/pt-br\/visa-waiver-program\/"]}]},{"@type":"BreadcrumbList","@id":"https:\/\/usa-b2.com\/pt-br\/visa-waiver-program\/#breadcrumb","itemListElement":[{"@type":"ListItem","position":1,"name":"Accueil","item":"https:\/\/usa-b2.com\/pt-br\/usa\/"},{"@type":"ListItem","position":2,"name":"O Programa de Isen\u00e7\u00e3o de Vistos dos EUA"}]},{"@type":"WebSite","@id":"https:\/\/usa-b2.com\/pt-br\/#website","url":"https:\/\/usa-b2.com\/pt-br\/","name":"USA B2 VISA","description":"","potentialAction":[{"@type":"SearchAction","target":{"@type":"EntryPoint","urlTemplate":"https:\/\/usa-b2.com\/pt-br\/?s={search_term_string}"},"query-input":{"@type":"PropertyValueSpecification","valueRequired":true,"valueName":"search_term_string"}}],"inLanguage":"pt-BR"}]}},"_links":{"self":[{"href":"https:\/\/usa-b2.com\/pt-br\/wp-json\/wp\/v2\/pages\/263","targetHints":{"allow":["GET"]}}],"collection":[{"href":"https:\/\/usa-b2.com\/pt-br\/wp-json\/wp\/v2\/pages"}],"about":[{"href":"https:\/\/usa-b2.com\/pt-br\/wp-json\/wp\/v2\/types\/page"}],"author":[{"embeddable":true,"href":"https:\/\/usa-b2.com\/pt-br\/wp-json\/wp\/v2\/users\/1"}],"replies":[{"embeddable":true,"href":"https:\/\/usa-b2.com\/pt-br\/wp-json\/wp\/v2\/comments?post=263"}],"version-history":[{"count":2,"href":"https:\/\/usa-b2.com\/pt-br\/wp-json\/wp\/v2\/pages\/263\/revisions"}],"predecessor-version":[{"id":9455,"href":"https:\/\/usa-b2.com\/pt-br\/wp-json\/wp\/v2\/pages\/263\/revisions\/9455"}],"wp:attachment":[{"href":"https:\/\/usa-b2.com\/pt-br\/wp-json\/wp\/v2\/media?parent=263"}],"curies":[{"name":"wp","href":"https:\/\/api.w.org\/{rel}","templated":true}]}}