{"id":1941,"date":"2024-02-10T17:09:57","date_gmt":"2024-02-10T17:09:57","guid":{"rendered":"https:\/\/usa-b2.com\/diferenca-entre-visto-e-esta\/"},"modified":"2025-02-06T10:21:04","modified_gmt":"2025-02-06T10:21:04","slug":"diferenca-entre-visto-e-esta","status":"publish","type":"page","link":"https:\/\/usa-b2.com\/pt-br\/diferenca-entre-visto-e-esta\/","title":{"rendered":"Qual \u00e9 a diferen\u00e7a entre um visto e o ESTA?"},"content":{"rendered":"\n<h1 class=\"wp-block-heading\">Quais s\u00e3o as principais diferen\u00e7as entre um visto e o ESTA?<\/h1>\n\n<p>Uma autoriza\u00e7\u00e3o ESTA e um visto s\u00e3o necess\u00e1rios para entrar nos Estados Unidos. No entanto, eles diferem nos procedimentos para obt\u00ea-los, em seus per\u00edodos de validade e em suas condi\u00e7\u00f5es de uso. As tr\u00eas diferen\u00e7as fundamentais entre um visto e uma autoriza\u00e7\u00e3o ESTA s\u00e3o:  <\/p>\n\n<ol class=\"wp-block-list\">\n<li>O visto \u00e9 emitido por uma <a href=\"https:\/\/usa-b2.com\/pt-br\/embaixada-dos-estados-unidos\/\">embaixada americano<\/a> ou consulado no pa\u00eds de resid\u00eancia do viajante, enquanto o ESTA \u00e9 uma autoriza\u00e7\u00e3o eletr\u00f4nica obtida on-line.<\/li>\n\n\n\n<li>O visto tem condi\u00e7\u00f5es espec\u00edficas e um per\u00edodo de validade espec\u00edfico para cada tipo de visto, enquanto o ESTA \u00e9 v\u00e1lido para estadias curtas de menos de 90 dias no \u00e2mbito do Programa de Isen\u00e7\u00e3o de Visto. O <a href=\"https:\/\/usa-b2.com\/pt-br\/periodo-validade-esta\/\">ESTA \u00e9 v\u00e1lido<\/a> por um per\u00edodo m\u00e1ximo de 2 anos. <\/li>\n\n\n\n<li>Os <a href=\"https:\/\/usa-b2.com\/pt-br\/procedimento-aplicacao-visto-b2\/\">procedimentos para a obten\u00e7\u00e3o de um visto<\/a> geralmente envolvem uma <a href=\"https:\/\/usa-b2.com\/pt-br\/nomeacao-visto-embaixada-eua\/\">entrevista consular<\/a> e documentos adicionais, enquanto o ESTA simplesmente exige que voc\u00ea preencha um <a href=\"https:\/\/usa-b2.com\/pt-br\/formulario-esta-on-line\/\">formul\u00e1rio on-line<\/a> e pague a taxa diretamente.<\/li>\n<\/ol>\n\n<h2 class=\"wp-block-heading\">O ESTA \u00e9 um visto americano?<\/h2>\n\n<p>N\u00e3o, uma autoriza\u00e7\u00e3o ESTA aprovada n\u00e3o \u00e9 um visto. A <a href=\"https:\/\/usa-b2.com\/pt-br\/o-que-esta\/\">autoriza\u00e7\u00e3o do ESTA<\/a> n\u00e3o pode ser usada como um visto dos EUA de acordo com a lei dos EUA. O ESTA n\u00e3o tem os requisitos legais e regulamentares de um <a href=\"https:\/\/usa-b2.com\/pt-br\/visto-visitante-eua\/\">visto dos EUA<\/a>.  <\/p>\n\n<h2 class=\"wp-block-heading\">Posso viajar com um ESTA se eu tiver um visto para os Estados Unidos?<\/h2>\n\n<p>N\u00e3o, qualquer pessoa com um visto americano v\u00e1lido deve viajar com esse visto para os Estados Unidos. A estadia deve corresponder ao motivo pelo qual o visto foi obtido. Os viajantes n\u00e3o precisam fazer uma <a href=\"https:\/\/usa-b2.com\/pt-br\/formulario-esta-on-line\/\">solicita\u00e7\u00e3o on-line do ESTA<\/a> para viajar.    <\/p>\n\n<h2 class=\"wp-block-heading\">Os cidad\u00e3os da UE podem viajar para os Estados Unidos sem visto?<\/h2>\n\n<p>Os cidad\u00e3os europeus podem viajar para os Estados Unidos sem visto simplesmente obtendo a autoriza\u00e7\u00e3o ESTA sob determinadas condi\u00e7\u00f5es:<\/p>\n\n<ul class=\"wp-block-list\">\n<li>A estadia deve durar menos de 90 dias no local<\/li>\n\n\n\n<li>Voc\u00ea precisa de um <a href=\"https:\/\/usa-b2.com\/pt-br\/passaporte-viagem-eua\/\">passaporte biom\u00e9trico ou eletr\u00f4nico<\/a><\/li>\n\n\n\n<li>Voc\u00ea deve viajar com uma empresa aprovada pelo <a href=\"https:\/\/usa-b2.com\/pt-br\/visa-waiver-program\/\">Programa de Isen\u00e7\u00e3o de Visto<\/a>.<\/li>\n\n\n\n<li>Os viajantes devem ter uma passagem de ida e volta.<\/li>\n<\/ul>\n\n<p><strong>Exce\u00e7\u00e3o<\/strong>: alguns pa\u00edses europeus ainda n\u00e3o s\u00e3o membros do <a href=\"https:\/\/usa-b2.com\/pt-br\/visa-waiver-program\/\">Programa de Isen\u00e7\u00e3o de Visto<\/a>. Seus cidad\u00e3os n\u00e3o podem obter a autoriza\u00e7\u00e3o ESTA; eles devem <a href=\"https:\/\/usa-b2.com\/pt-br\/procedimento-aplicacao-visto-b2\/\">solicitar um visto B2<\/a> on-line para viajar para os Estados Unidos. Esses s\u00e3o principalmente os seguintes pa\u00edses europeus: Bulg\u00e1ria, Rom\u00eania e Chipre.<\/p>\n","protected":false},"excerpt":{"rendered":"<p>Quais s\u00e3o as principais diferen\u00e7as entre um visto e o ESTA? Uma autoriza\u00e7\u00e3o ESTA e um visto s\u00e3o necess\u00e1rios para entrar nos Estados Unidos. No entanto, eles diferem nos procedimentos para obt\u00ea-los, em seus per\u00edodos de validade e em suas condi\u00e7\u00f5es de uso. As tr\u00eas diferen\u00e7as fundamentais entre um visto e uma autoriza\u00e7\u00e3o ESTA s\u00e3o: [&hellip;]<\/p>\n","protected":false},"author":1,"featured_media":0,"parent":0,"menu_order":0,"comment_status":"closed","ping_status":"closed","template":"","meta":{"footnotes":""},"class_list":["post-1941","page","type-page","status-publish","hentry"],"yoast_head":"<!-- This site is optimized with the Yoast SEO plugin v27.4 - https:\/\/yoast.com\/product\/yoast-seo-wordpress\/ -->\n<title>Qual \u00e9 a diferen\u00e7a entre um visto e o ESTA? - USA B2<\/title>\n<meta name=\"description\" content=\"Entender em detalhes a diferen\u00e7a entre um visto americano e uma autoriza\u00e7\u00e3o de viagem ESTA para viajar para os Estados Unidos\" \/>\n<meta name=\"robots\" content=\"index, follow, max-snippet:-1, max-image-preview:large, max-video-preview:-1\" \/>\n<link rel=\"canonical\" href=\"https:\/\/usa-b2.com\/pt-br\/diferenca-entre-visto-e-esta\/\" \/>\n<meta property=\"og:locale\" content=\"pt_BR\" \/>\n<meta property=\"og:type\" content=\"article\" \/>\n<meta property=\"og:title\" content=\"Qual \u00e9 a diferen\u00e7a entre um visto e o ESTA? - USA B2\" \/>\n<meta property=\"og:description\" content=\"Entender em detalhes a diferen\u00e7a entre um visto americano e uma autoriza\u00e7\u00e3o de viagem ESTA para viajar para os Estados Unidos\" \/>\n<meta property=\"og:url\" content=\"https:\/\/usa-b2.com\/pt-br\/diferenca-entre-visto-e-esta\/\" \/>\n<meta property=\"og:site_name\" content=\"USA B2\" \/>\n<meta property=\"article:modified_time\" content=\"2025-02-06T10:21:04+00:00\" \/>\n<meta name=\"twitter:card\" content=\"summary_large_image\" \/>\n<meta name=\"twitter:label1\" content=\"Est. tempo de leitura\" \/>\n\t<meta name=\"twitter:data1\" content=\"2 minutos\" \/>\n<script type=\"application\/ld+json\" class=\"yoast-schema-graph\">{\"@context\":\"https:\\\/\\\/schema.org\",\"@graph\":[{\"@type\":\"WebPage\",\"@id\":\"https:\\\/\\\/usa-b2.com\\\/pt-br\\\/diferenca-entre-visto-e-esta\\\/\",\"url\":\"https:\\\/\\\/usa-b2.com\\\/pt-br\\\/diferenca-entre-visto-e-esta\\\/\",\"name\":\"Qual \u00e9 a diferen\u00e7a entre um visto e o ESTA? - USA B2\",\"isPartOf\":{\"@id\":\"https:\\\/\\\/usa-b2.com\\\/pt-br\\\/#website\"},\"datePublished\":\"2024-02-10T17:09:57+00:00\",\"dateModified\":\"2025-02-06T10:21:04+00:00\",\"description\":\"Entender em detalhes a diferen\u00e7a entre um visto americano e uma autoriza\u00e7\u00e3o de viagem ESTA para viajar para os Estados Unidos\",\"breadcrumb\":{\"@id\":\"https:\\\/\\\/usa-b2.com\\\/pt-br\\\/diferenca-entre-visto-e-esta\\\/#breadcrumb\"},\"inLanguage\":\"pt-BR\",\"potentialAction\":[{\"@type\":\"ReadAction\",\"target\":[\"https:\\\/\\\/usa-b2.com\\\/pt-br\\\/diferenca-entre-visto-e-esta\\\/\"]}]},{\"@type\":\"BreadcrumbList\",\"@id\":\"https:\\\/\\\/usa-b2.com\\\/pt-br\\\/diferenca-entre-visto-e-esta\\\/#breadcrumb\",\"itemListElement\":[{\"@type\":\"ListItem\",\"position\":1,\"name\":\"Accueil\",\"item\":\"https:\\\/\\\/usa-b2.com\\\/pt-br\\\/usa\\\/\"},{\"@type\":\"ListItem\",\"position\":2,\"name\":\"Qual \u00e9 a diferen\u00e7a entre um visto e o ESTA?\"}]},{\"@type\":\"WebSite\",\"@id\":\"https:\\\/\\\/usa-b2.com\\\/pt-br\\\/#website\",\"url\":\"https:\\\/\\\/usa-b2.com\\\/pt-br\\\/\",\"name\":\"USA B2 VISA\",\"description\":\"\",\"potentialAction\":[{\"@type\":\"SearchAction\",\"target\":{\"@type\":\"EntryPoint\",\"urlTemplate\":\"https:\\\/\\\/usa-b2.com\\\/pt-br\\\/?s={search_term_string}\"},\"query-input\":{\"@type\":\"PropertyValueSpecification\",\"valueRequired\":true,\"valueName\":\"search_term_string\"}}],\"inLanguage\":\"pt-BR\"}]}<\/script>\n<!-- \/ Yoast SEO plugin. -->","yoast_head_json":{"title":"Qual \u00e9 a diferen\u00e7a entre um visto e o ESTA? - USA B2","description":"Entender em detalhes a diferen\u00e7a entre um visto americano e uma autoriza\u00e7\u00e3o de viagem ESTA para viajar para os Estados Unidos","robots":{"index":"index","follow":"follow","max-snippet":"max-snippet:-1","max-image-preview":"max-image-preview:large","max-video-preview":"max-video-preview:-1"},"canonical":"https:\/\/usa-b2.com\/pt-br\/diferenca-entre-visto-e-esta\/","og_locale":"pt_BR","og_type":"article","og_title":"Qual \u00e9 a diferen\u00e7a entre um visto e o ESTA? - USA B2","og_description":"Entender em detalhes a diferen\u00e7a entre um visto americano e uma autoriza\u00e7\u00e3o de viagem ESTA para viajar para os Estados Unidos","og_url":"https:\/\/usa-b2.com\/pt-br\/diferenca-entre-visto-e-esta\/","og_site_name":"USA B2","article_modified_time":"2025-02-06T10:21:04+00:00","twitter_card":"summary_large_image","twitter_misc":{"Est. tempo de leitura":"2 minutos"},"schema":{"@context":"https:\/\/schema.org","@graph":[{"@type":"WebPage","@id":"https:\/\/usa-b2.com\/pt-br\/diferenca-entre-visto-e-esta\/","url":"https:\/\/usa-b2.com\/pt-br\/diferenca-entre-visto-e-esta\/","name":"Qual \u00e9 a diferen\u00e7a entre um visto e o ESTA? - USA B2","isPartOf":{"@id":"https:\/\/usa-b2.com\/pt-br\/#website"},"datePublished":"2024-02-10T17:09:57+00:00","dateModified":"2025-02-06T10:21:04+00:00","description":"Entender em detalhes a diferen\u00e7a entre um visto americano e uma autoriza\u00e7\u00e3o de viagem ESTA para viajar para os Estados Unidos","breadcrumb":{"@id":"https:\/\/usa-b2.com\/pt-br\/diferenca-entre-visto-e-esta\/#breadcrumb"},"inLanguage":"pt-BR","potentialAction":[{"@type":"ReadAction","target":["https:\/\/usa-b2.com\/pt-br\/diferenca-entre-visto-e-esta\/"]}]},{"@type":"BreadcrumbList","@id":"https:\/\/usa-b2.com\/pt-br\/diferenca-entre-visto-e-esta\/#breadcrumb","itemListElement":[{"@type":"ListItem","position":1,"name":"Accueil","item":"https:\/\/usa-b2.com\/pt-br\/usa\/"},{"@type":"ListItem","position":2,"name":"Qual \u00e9 a diferen\u00e7a entre um visto e o ESTA?"}]},{"@type":"WebSite","@id":"https:\/\/usa-b2.com\/pt-br\/#website","url":"https:\/\/usa-b2.com\/pt-br\/","name":"USA B2 VISA","description":"","potentialAction":[{"@type":"SearchAction","target":{"@type":"EntryPoint","urlTemplate":"https:\/\/usa-b2.com\/pt-br\/?s={search_term_string}"},"query-input":{"@type":"PropertyValueSpecification","valueRequired":true,"valueName":"search_term_string"}}],"inLanguage":"pt-BR"}]}},"_links":{"self":[{"href":"https:\/\/usa-b2.com\/pt-br\/wp-json\/wp\/v2\/pages\/1941","targetHints":{"allow":["GET"]}}],"collection":[{"href":"https:\/\/usa-b2.com\/pt-br\/wp-json\/wp\/v2\/pages"}],"about":[{"href":"https:\/\/usa-b2.com\/pt-br\/wp-json\/wp\/v2\/types\/page"}],"author":[{"embeddable":true,"href":"https:\/\/usa-b2.com\/pt-br\/wp-json\/wp\/v2\/users\/1"}],"replies":[{"embeddable":true,"href":"https:\/\/usa-b2.com\/pt-br\/wp-json\/wp\/v2\/comments?post=1941"}],"version-history":[{"count":0,"href":"https:\/\/usa-b2.com\/pt-br\/wp-json\/wp\/v2\/pages\/1941\/revisions"}],"wp:attachment":[{"href":"https:\/\/usa-b2.com\/pt-br\/wp-json\/wp\/v2\/media?parent=1941"}],"curies":[{"name":"wp","href":"https:\/\/api.w.org\/{rel}","templated":true}]}}