{"id":187,"date":"2024-02-10T17:17:00","date_gmt":"2024-02-10T17:17:00","guid":{"rendered":"https:\/\/usa-b2.com\/embaixada-dos-estados-unidos\/"},"modified":"2025-11-28T09:36:55","modified_gmt":"2025-11-28T09:36:55","slug":"embaixada-dos-estados-unidos","status":"publish","type":"page","link":"https:\/\/usa-b2.com\/pt-br\/embaixada-dos-estados-unidos\/","title":{"rendered":"Embaixada dos Estados Unidos da Am\u00e9rica"},"content":{"rendered":"\n<h1 class=\"wp-block-heading\" id=\"h-ambassade-des-etats-unis-a-paris-en-france\">Embaixadas dos EUA em todo o mundo<\/h1>\n\n<h2 class=\"wp-block-heading\">O que \u00e9 uma embaixada dos EUA?<\/h2>\n\n<p>A Embaixada dos EUA \u00e9 o representante diplom\u00e1tico dos Estados Unidos em todos os pa\u00edses do mundo. O objetivo da embaixada dos EUA \u00e9 proteger os cidad\u00e3os americanos fora do territ\u00f3rio americano. A Embaixada auxilia no desenvolvimento dos interesses dos EUA e presta servi\u00e7os aos cidad\u00e3os americanos em todo o mundo.  <\/p>\n\n<p>As embaixadas americanas est\u00e3o envolvidas no <a href=\"https:\/\/usa-b2.com\/pt-br\/procedimento-aplicacao-visto-b2\/\">procedimento de solicita\u00e7\u00e3o de visto<\/a> para viajantes estrangeiros aos EUA.<\/p>\n\n<p><strong>Para uma estadia de menos de 90 dias nos Estados Unidos<\/strong>: um cidad\u00e3o de um pa\u00eds membro do VWP n\u00e3o precisa obter um visto e marcar uma entrevista na embaixada dos EUA. Voc\u00ea pode obter um certificado de viagem on-line clicando no <a href=\"https:\/\/usa-b2.com\/pt-br\/formulario-esta-on-line\/\">formul\u00e1rio on-line do ESTA<\/a>. <\/p>\n\n<h2 class=\"wp-block-heading\">Onde posso encontrar uma embaixada dos EUA?<\/h2>\n\n<p>Para encontrar a embaixada ou consulado americano mais pr\u00f3ximo de voc\u00ea, basta consultar <a href=\"https:\/\/www.usembassy.gov\/\">esta p\u00e1gina<\/a>, que fornece um resumo das representa\u00e7\u00f5es administrativas americanas em todo o mundo.<\/p>\n\n<h2 class=\"wp-block-heading\">Como fa\u00e7o para marcar uma entrevista na embaixada dos EUA?<\/h2>\n\n<p>Ao <a href=\"https:\/\/usa-b2.com\/pt-br\/formulario-visto-b2-on-line\/\">solicitar um visto para os EUA<\/a>, os solicitantes devem comparecer a uma entrevista para finalizar a solicita\u00e7\u00e3o. Para agendar uma entrevista com um funcion\u00e1rio consular dos EUA, os candidatos devem acessar o site oficial <a href=\"https:\/\/www.uscis.gov\/\">uscis.gov<\/a> e marcar uma <a href=\"https:\/\/usa-b2.com\/pt-br\/nomeacao-visto-embaixada-eua\/\">entrevista com a embaixada dos EUA<\/a>.  <\/p>\n\n<p>Depois que a data da entrevista for confirmada, os candidatos poder\u00e3o fazer o download do convite para a entrevista.\nO convite deve ser anexado aos documentos de apoio para a solicita\u00e7\u00e3o do visto. <\/p>\n","protected":false},"excerpt":{"rendered":"<p>Embaixadas dos EUA em todo o mundo O que \u00e9 uma embaixada dos EUA? A Embaixada dos EUA \u00e9 o representante diplom\u00e1tico dos Estados Unidos em todos os pa\u00edses do mundo. O objetivo da embaixada dos EUA \u00e9 proteger os cidad\u00e3os americanos fora do territ\u00f3rio americano. A Embaixada auxilia no desenvolvimento dos interesses dos EUA [&hellip;]<\/p>\n","protected":false},"author":1,"featured_media":0,"parent":0,"menu_order":0,"comment_status":"closed","ping_status":"closed","template":"","meta":{"footnotes":""},"class_list":["post-187","page","type-page","status-publish","hentry"],"yoast_head":"<!-- This site is optimized with the Yoast SEO plugin v27.4 - https:\/\/yoast.com\/product\/yoast-seo-wordpress\/ -->\n<title>Embaixada dos Estados Unidos da Am\u00e9rica - USA B2<\/title>\n<meta name=\"description\" content=\"Onde encontrar a embaixada americana mais pr\u00f3xima de seu local de resid\u00eancia para solicitar um visto para os EUA\" \/>\n<meta name=\"robots\" content=\"index, follow, max-snippet:-1, max-image-preview:large, max-video-preview:-1\" \/>\n<link rel=\"canonical\" href=\"https:\/\/usa-b2.com\/pt-br\/embaixada-dos-estados-unidos\/\" \/>\n<meta property=\"og:locale\" content=\"pt_BR\" \/>\n<meta property=\"og:type\" content=\"article\" \/>\n<meta property=\"og:title\" content=\"Embaixada dos Estados Unidos da Am\u00e9rica - USA B2\" \/>\n<meta property=\"og:description\" content=\"Onde encontrar a embaixada americana mais pr\u00f3xima de seu local de resid\u00eancia para solicitar um visto para os EUA\" \/>\n<meta property=\"og:url\" content=\"https:\/\/usa-b2.com\/pt-br\/embaixada-dos-estados-unidos\/\" \/>\n<meta property=\"og:site_name\" content=\"USA B2\" \/>\n<meta property=\"article:modified_time\" content=\"2025-11-28T09:36:55+00:00\" \/>\n<meta name=\"twitter:card\" content=\"summary_large_image\" \/>\n<meta name=\"twitter:label1\" content=\"Est. tempo de leitura\" \/>\n\t<meta name=\"twitter:data1\" content=\"1 minuto\" \/>\n<script type=\"application\/ld+json\" class=\"yoast-schema-graph\">{\"@context\":\"https:\\\/\\\/schema.org\",\"@graph\":[{\"@type\":\"WebPage\",\"@id\":\"https:\\\/\\\/usa-b2.com\\\/pt-br\\\/embaixada-dos-estados-unidos\\\/\",\"url\":\"https:\\\/\\\/usa-b2.com\\\/pt-br\\\/embaixada-dos-estados-unidos\\\/\",\"name\":\"Embaixada dos Estados Unidos da Am\u00e9rica - USA B2\",\"isPartOf\":{\"@id\":\"https:\\\/\\\/usa-b2.com\\\/pt-br\\\/#website\"},\"datePublished\":\"2024-02-10T17:17:00+00:00\",\"dateModified\":\"2025-11-28T09:36:55+00:00\",\"description\":\"Onde encontrar a embaixada americana mais pr\u00f3xima de seu local de resid\u00eancia para solicitar um visto para os EUA\",\"breadcrumb\":{\"@id\":\"https:\\\/\\\/usa-b2.com\\\/pt-br\\\/embaixada-dos-estados-unidos\\\/#breadcrumb\"},\"inLanguage\":\"pt-BR\",\"potentialAction\":[{\"@type\":\"ReadAction\",\"target\":[\"https:\\\/\\\/usa-b2.com\\\/pt-br\\\/embaixada-dos-estados-unidos\\\/\"]}]},{\"@type\":\"BreadcrumbList\",\"@id\":\"https:\\\/\\\/usa-b2.com\\\/pt-br\\\/embaixada-dos-estados-unidos\\\/#breadcrumb\",\"itemListElement\":[{\"@type\":\"ListItem\",\"position\":1,\"name\":\"Accueil\",\"item\":\"https:\\\/\\\/usa-b2.com\\\/pt-br\\\/usa\\\/\"},{\"@type\":\"ListItem\",\"position\":2,\"name\":\"Embaixada dos Estados Unidos da Am\u00e9rica\"}]},{\"@type\":\"WebSite\",\"@id\":\"https:\\\/\\\/usa-b2.com\\\/pt-br\\\/#website\",\"url\":\"https:\\\/\\\/usa-b2.com\\\/pt-br\\\/\",\"name\":\"USA B2 VISA\",\"description\":\"\",\"potentialAction\":[{\"@type\":\"SearchAction\",\"target\":{\"@type\":\"EntryPoint\",\"urlTemplate\":\"https:\\\/\\\/usa-b2.com\\\/pt-br\\\/?s={search_term_string}\"},\"query-input\":{\"@type\":\"PropertyValueSpecification\",\"valueRequired\":true,\"valueName\":\"search_term_string\"}}],\"inLanguage\":\"pt-BR\"}]}<\/script>\n<!-- \/ Yoast SEO plugin. -->","yoast_head_json":{"title":"Embaixada dos Estados Unidos da Am\u00e9rica - USA B2","description":"Onde encontrar a embaixada americana mais pr\u00f3xima de seu local de resid\u00eancia para solicitar um visto para os EUA","robots":{"index":"index","follow":"follow","max-snippet":"max-snippet:-1","max-image-preview":"max-image-preview:large","max-video-preview":"max-video-preview:-1"},"canonical":"https:\/\/usa-b2.com\/pt-br\/embaixada-dos-estados-unidos\/","og_locale":"pt_BR","og_type":"article","og_title":"Embaixada dos Estados Unidos da Am\u00e9rica - USA B2","og_description":"Onde encontrar a embaixada americana mais pr\u00f3xima de seu local de resid\u00eancia para solicitar um visto para os EUA","og_url":"https:\/\/usa-b2.com\/pt-br\/embaixada-dos-estados-unidos\/","og_site_name":"USA B2","article_modified_time":"2025-11-28T09:36:55+00:00","twitter_card":"summary_large_image","twitter_misc":{"Est. tempo de leitura":"1 minuto"},"schema":{"@context":"https:\/\/schema.org","@graph":[{"@type":"WebPage","@id":"https:\/\/usa-b2.com\/pt-br\/embaixada-dos-estados-unidos\/","url":"https:\/\/usa-b2.com\/pt-br\/embaixada-dos-estados-unidos\/","name":"Embaixada dos Estados Unidos da Am\u00e9rica - USA B2","isPartOf":{"@id":"https:\/\/usa-b2.com\/pt-br\/#website"},"datePublished":"2024-02-10T17:17:00+00:00","dateModified":"2025-11-28T09:36:55+00:00","description":"Onde encontrar a embaixada americana mais pr\u00f3xima de seu local de resid\u00eancia para solicitar um visto para os EUA","breadcrumb":{"@id":"https:\/\/usa-b2.com\/pt-br\/embaixada-dos-estados-unidos\/#breadcrumb"},"inLanguage":"pt-BR","potentialAction":[{"@type":"ReadAction","target":["https:\/\/usa-b2.com\/pt-br\/embaixada-dos-estados-unidos\/"]}]},{"@type":"BreadcrumbList","@id":"https:\/\/usa-b2.com\/pt-br\/embaixada-dos-estados-unidos\/#breadcrumb","itemListElement":[{"@type":"ListItem","position":1,"name":"Accueil","item":"https:\/\/usa-b2.com\/pt-br\/usa\/"},{"@type":"ListItem","position":2,"name":"Embaixada dos Estados Unidos da Am\u00e9rica"}]},{"@type":"WebSite","@id":"https:\/\/usa-b2.com\/pt-br\/#website","url":"https:\/\/usa-b2.com\/pt-br\/","name":"USA B2 VISA","description":"","potentialAction":[{"@type":"SearchAction","target":{"@type":"EntryPoint","urlTemplate":"https:\/\/usa-b2.com\/pt-br\/?s={search_term_string}"},"query-input":{"@type":"PropertyValueSpecification","valueRequired":true,"valueName":"search_term_string"}}],"inLanguage":"pt-BR"}]}},"_links":{"self":[{"href":"https:\/\/usa-b2.com\/pt-br\/wp-json\/wp\/v2\/pages\/187","targetHints":{"allow":["GET"]}}],"collection":[{"href":"https:\/\/usa-b2.com\/pt-br\/wp-json\/wp\/v2\/pages"}],"about":[{"href":"https:\/\/usa-b2.com\/pt-br\/wp-json\/wp\/v2\/types\/page"}],"author":[{"embeddable":true,"href":"https:\/\/usa-b2.com\/pt-br\/wp-json\/wp\/v2\/users\/1"}],"replies":[{"embeddable":true,"href":"https:\/\/usa-b2.com\/pt-br\/wp-json\/wp\/v2\/comments?post=187"}],"version-history":[{"count":2,"href":"https:\/\/usa-b2.com\/pt-br\/wp-json\/wp\/v2\/pages\/187\/revisions"}],"predecessor-version":[{"id":10907,"href":"https:\/\/usa-b2.com\/pt-br\/wp-json\/wp\/v2\/pages\/187\/revisions\/10907"}],"wp:attachment":[{"href":"https:\/\/usa-b2.com\/pt-br\/wp-json\/wp\/v2\/media?parent=187"}],"curies":[{"name":"wp","href":"https:\/\/api.w.org\/{rel}","templated":true}]}}