{"id":1449,"date":"2024-02-27T10:25:43","date_gmt":"2024-02-27T10:25:43","guid":{"rendered":"https:\/\/usa-b2.com\/procedimento-aplicacao-visto-b2\/"},"modified":"2025-02-06T10:08:39","modified_gmt":"2025-02-06T10:08:39","slug":"procedimento-aplicacao-visto-b2","status":"publish","type":"page","link":"https:\/\/usa-b2.com\/pt-br\/procedimento-aplicacao-visto-b2\/","title":{"rendered":"Procedimento para solicitar um visto B2"},"content":{"rendered":"\n<h1 class=\"wp-block-heading\">Etapas da solicita\u00e7\u00e3o de um visto B2<\/h1>\n\n<p>O processo de solicita\u00e7\u00e3o do visto B2 envolve uma s\u00e9rie de etapas que s\u00e3o conclu\u00eddas on-line. O procedimento termina com uma entrevista na embaixada ou no consulado americano no pa\u00eds de resid\u00eancia do solicitante. <\/p>\n\n<h2 class=\"wp-block-heading\" id=\"h-demande-de-visa-touristique-usa\">Como fa\u00e7o para solicitar um visto B2?<\/h2>\n\n<p>Para <a href=\"https:\/\/usa-b2.com\/pt-br\/formulario-visto-b2-on-line\/\">solicitar um visto de turista B2<\/a> para os Estados Unidos, os solicitantes devem concluir as etapas a seguir:<\/p>\n\n<ol class=\"wp-block-list\">\n<li>Preencha o <a href=\"https:\/\/usa-b2.com\/pt-br\/ds-160\/\">formul\u00e1rio DS-160<\/a> on-line;<\/li>\n\n\n\n<li>Pagar a taxa do visto para validar a solicita\u00e7\u00e3o;<\/li>\n\n\n\n<li>Marque uma entrevista para obter um visto em uma <a href=\"https:\/\/usa-b2.com\/pt-br\/embaixada-dos-estados-unidos\/\">embaixada americana<\/a>;<\/li>\n\n\n\n<li>Prepare a entrevista e re\u00fana os documentos de apoio;<\/li>\n\n\n\n<li>Participe de uma entrevista com um funcion\u00e1rio consular para finalizar sua solicita\u00e7\u00e3o de visto.<\/li>\n<\/ol>\n\n<p>Se o solicitante do visto for cidad\u00e3o de um pa\u00eds membro do <a href=\"https:\/\/usa-b2.com\/pt-br\/visa-waiver-program\/\">Programa de Isen\u00e7\u00e3o de Vistos<\/a>, n\u00e3o \u00e9 necess\u00e1rio obter um visto para uma perman\u00eancia de menos de 90 dias nos Estados Unidos. <strong>Ele pode simplesmente obter um certificado ESTA<\/strong> clicando no <a href=\"https:\/\/usa-b2.com\/pt-br\/formulario-esta-on-line\/\">formul\u00e1rio on-line do ESTA<\/a>.<\/p>\n\n<div style=\"height:10px\" aria-hidden=\"true\" class=\"wp-block-spacer\"><\/div>\n\n<h3 class=\"wp-block-heading\" id=\"h-soumettre-le-formulaire-ds-160\">Preencher o formul\u00e1rio de solicita\u00e7\u00e3o de visto DS-160<\/h3>\n\n<p>O procedimento de solicita\u00e7\u00e3o de visto come\u00e7a on-line. Os candidatos devem preencher o <a href=\"https:\/\/usa-b2.com\/pt-br\/ds-160\/\">formul\u00e1rio DS-160<\/a> para iniciar sua solicita\u00e7\u00e3o no site do Departamento de Estado dos EUA. No in\u00edcio do processo on-line, os candidatos recebem um n\u00famero de arquivo que devem guardar. O n\u00famero do arquivo tem a seguinte apar\u00eancia:   <\/p>\n\n<figure class=\"wp-block-image size-full\"><img fetchpriority=\"high\" decoding=\"async\" width=\"562\" height=\"274\" src=\"https:\/\/usa-b2.com\/wp-content\/uploads\/2024\/02\/ID-b2-visa-application.webp\" alt=\"\" class=\"wp-image-1426\" srcset=\"https:\/\/usa-b2.com\/wp-content\/uploads\/2024\/02\/ID-b2-visa-application.webp 562w, https:\/\/usa-b2.com\/wp-content\/uploads\/2024\/02\/ID-b2-visa-application-300x146.webp 300w\" sizes=\"(max-width: 562px) 100vw, 562px\" \/><figcaption class=\"wp-element-caption\">Identifica\u00e7\u00e3o de um pedido de visto on-line<\/figcaption><\/figure>\n\n<p>Em seguida, os candidatos devem preencher o formul\u00e1rio on-line. Ele \u00e9 dividido em v\u00e1rias se\u00e7\u00f5es que abrangem as seguintes informa\u00e7\u00f5es: <\/p>\n\n<ul class=\"wp-block-list\">\n<li>Dados pessoais do candidato<\/li>\n\n\n\n<li>Informa\u00e7\u00f5es sobre a viagem planejada<\/li>\n\n\n\n<li>Apresenta\u00e7\u00e3o de outros viajantes<\/li>\n\n\n\n<li>Descri\u00e7\u00e3o de viagens anteriores aos EUA<\/li>\n\n\n\n<li>Endere\u00e7o pessoal e telefone<\/li>\n\n\n\n<li>Informa\u00e7\u00f5es sobre <a href=\"https:\/\/usa-b2.com\/pt-br\/passaporte-viagem-eua\/\">passaportes para os EUA<\/a><\/li>\n\n\n\n<li>Contatos nos Estados Unidos<\/li>\n\n\n\n<li>Situa\u00e7\u00e3o familiar<\/li>\n\n\n\n<li>Emprego, educa\u00e7\u00e3o e treinamento<\/li>\n\n\n\n<li>Seguran\u00e7a e meio ambiente<\/li>\n<\/ul>\n\n<p>Depois que o formul\u00e1rio for preenchido, o candidato poder\u00e1 enviar sua solicita\u00e7\u00e3o. A p\u00e1gina de confirma\u00e7\u00e3o exibir\u00e1 o c\u00f3digo pessoal alocado ao candidato para anexar documentos de apoio. <\/p>\n\n<h3 class=\"wp-block-heading\">Pagar a taxa de visto para validar o pedido de visto<\/h3>\n\n<p>A <a href=\"https:\/\/usa-b2.com\/pt-br\/taxas-visto-b2\/\">taxa do visto B2<\/a> \u00e9 de US$ 185. O valor foi aumentado em 2023. Para validar a solicita\u00e7\u00e3o de visto on-line, os solicitantes devem pagar as taxas imediatamente ap\u00f3s o registro da solicita\u00e7\u00e3o de visto.<\/p>\n\n<p>As taxas de visto podem ser pagas de diferentes maneiras:<\/p>\n\n<ul class=\"wp-block-list\">\n<li>Pagamento on-line com cart\u00e3o de cr\u00e9dito<\/li>\n\n\n\n<li>Pagamento de taxas por transfer\u00eancia banc\u00e1ria<\/li>\n\n\n\n<li>Pagamento por meio de comprovante de dep\u00f3sito em dinheiro em um banco credenciado nos EUA<\/li>\n<\/ul>\n\n<p>O valor \u00e9 expresso em d\u00f3lares, mas ser\u00e1 automaticamente convertido para a moeda local do candidato pelo banco do candidato. O comprovante de pagamento deve ser guardado e anexado aos documentos a serem apresentados no <a href=\"https:\/\/usa-b2.com\/pt-br\/nomeacao-visto-embaixada-eua\/\">agendamento do visto na embaixada<\/a>. <\/p>\n\n<h3 class=\"wp-block-heading\">Marque uma entrevista com um funcion\u00e1rio consular americano<\/h3>\n\n<p>Ap\u00f3s o pagamento da taxa do visto, o solicitante deve marcar uma entrevista com a embaixada ou o consulado dos EUA em seu pa\u00eds de resid\u00eancia. Os candidatos devem passar por uma entrevista com um funcion\u00e1rio consular na embaixada ou consulado americano no local.   <\/p>\n\n<p>Os agendamentos podem ser feitos on-line no site do <a href=\"https:\/\/www.uscis.gov\/\">USCIS<\/a>. Os candidatos escolhem entre as datas e hor\u00e1rios dispon\u00edveis publicados on-line. Em geral, as embaixadas s\u00e3o organizadas de modo que as entrevistas ocorram pela manh\u00e3, de segunda a sexta-feira.<\/p>\n\n<p>Essa entrevista \u00e9 a etapa final da obten\u00e7\u00e3o de um visto e explicaremos como ela funciona em mais detalhes a seguir. Uma vez marcada a <a href=\"https:\/\/usa-b2.com\/pt-br\/nomeacao-visto-embaixada-eua\/\">entrevista para o visto na embaixada<\/a>, o solicitante deve preparar os documentos a serem apresentados no dia da entrevista. <\/p>\n\n<h3 class=\"wp-block-heading\">Preparar o agendamento da solicita\u00e7\u00e3o de visto<\/h3>\n\n<p>Os candidatos devem se preparar para a entrevista que finalizar\u00e1 sua solicita\u00e7\u00e3o de visto. Essa prepara\u00e7\u00e3o envolve duas tarefas principais: <\/p>\n\n<ul class=\"wp-block-list\">\n<li>Realizar um exame m\u00e9dico;<\/li>\n\n\n\n<li>Re\u00fana os documentos de apoio para sua solicita\u00e7\u00e3o de visto.<\/li>\n<\/ul>\n\n<p>O arquivo de documentos comprobat\u00f3rios a ser preparado para o agendamento inclui todos os documentos originais que justificam o pedido de visto. Esses documentos devem ser apresentados na entrevista. <\/p>\n\n<p><strong>Aqui est\u00e1 a lista de documentos necess\u00e1rios para a solicita\u00e7\u00e3o de visto B2<\/strong><\/p>\n\n<ul class=\"wp-block-list\">\n<li>Comprovante de pagamento das <a href=\"https:\/\/usa-b2.com\/pt-br\/taxas-visto-b2\/\">taxas de visto<\/a>;<\/li>\n\n\n\n<li>O c\u00f3digo de identifica\u00e7\u00e3o pessoal obtido quando o formul\u00e1rio DS-160 foi iniciado;<\/li>\n\n\n\n<li>Confirma\u00e7\u00e3o impressa de seu compromisso<\/li>\n\n\n\n<li>Uma foto que atenda aos requisitos para um visto B2;<\/li>\n\n\n\n<li>Uma carta pessoal descrevendo o motivo de sua estadia nos EUA;<\/li>\n\n\n\n<li>Comprovante de financiamento para a estadia nos Estados Unidos;<\/li>\n\n\n\n<li>Documentos que ilustrem os la\u00e7os do solicitante com seu pa\u00eds de origem e que comprovem que ele retornar\u00e1 ao seu pa\u00eds ao final de sua estadia;<\/li>\n\n\n\n<li>Um registro criminal limpo ou um certificado das autoridades declarando que voc\u00ea n\u00e3o tem condena\u00e7\u00f5es.<\/li>\n<\/ul>\n\n<div style=\"height:10px\" aria-hidden=\"true\" class=\"wp-block-spacer\"><\/div>\n\n<h3 class=\"wp-block-heading\">Comparecer \u00e0 entrevista na Embaixada dos EUA<\/h3>\n\n<p>Os candidatos devem chegar \u00e0 embaixada com 15 minutos extras para permitir verifica\u00e7\u00f5es de seguran\u00e7a antes do hor\u00e1rio do agendamento. Depois de passarem pelas verifica\u00e7\u00f5es de seguran\u00e7a, eles t\u00eam suas impress\u00f5es digitais coletadas e s\u00e3o levados para a sala de espera para a consulta. <\/p>\n\n<p>A entrevista dura cerca de 15 minutos e geralmente \u00e9 conduzida em ingl\u00eas. O interc\u00e2mbio pode ser realizado no idioma local se o funcion\u00e1rio da embaixada falar o idioma fluentemente. Durante a entrevista, os seguintes assuntos s\u00e3o analisados:  <\/p>\n\n<ul class=\"wp-block-list\">\n<li>Por que voc\u00ea est\u00e1 visitando os Estados Unidos?<\/li>\n\n\n\n<li>Qual ser\u00e1 o itiner\u00e1rio e a acomoda\u00e7\u00e3o?<\/li>\n\n\n\n<li>Como o feriado inteiro ser\u00e1 financiado?<\/li>\n<\/ul>\n\n<p>Ao final da entrevista, o funcion\u00e1rio consular indicar\u00e1 se o visto foi concedido. O passaporte carimbado com o <a href=\"https:\/\/usa-b2.com\/pt-br\/\">visto B2<\/a> ser\u00e1 enviado pelo correio logo em seguida. <\/p>\n\n<p><\/p>\n","protected":false},"excerpt":{"rendered":"<p>Etapas da solicita\u00e7\u00e3o de um visto B2 O processo de solicita\u00e7\u00e3o do visto B2 envolve uma s\u00e9rie de etapas que s\u00e3o conclu\u00eddas on-line. O procedimento termina com uma entrevista na embaixada ou no consulado americano no pa\u00eds de resid\u00eancia do solicitante. Como fa\u00e7o para solicitar um visto B2? Para solicitar um visto de turista B2 [&hellip;]<\/p>\n","protected":false},"author":1,"featured_media":0,"parent":0,"menu_order":0,"comment_status":"closed","ping_status":"closed","template":"","meta":{"footnotes":""},"class_list":["post-1449","page","type-page","status-publish","hentry"],"yoast_head":"<!-- This site is optimized with the Yoast SEO plugin v27.4 - https:\/\/yoast.com\/product\/yoast-seo-wordpress\/ -->\n<title>Procedimento para solicitar um visto B2 - USA B2<\/title>\n<meta name=\"description\" content=\"Como solicitar um visto B2 on-line. O procedimento \u00e9 detalhado e envolve v\u00e1rias etapas.\" \/>\n<meta name=\"robots\" content=\"index, follow, max-snippet:-1, max-image-preview:large, max-video-preview:-1\" \/>\n<link rel=\"canonical\" href=\"https:\/\/usa-b2.com\/pt-br\/procedimento-aplicacao-visto-b2\/\" \/>\n<meta property=\"og:locale\" content=\"pt_BR\" \/>\n<meta property=\"og:type\" content=\"article\" \/>\n<meta property=\"og:title\" content=\"Procedimento para solicitar um visto B2 - USA B2\" \/>\n<meta property=\"og:description\" content=\"Como solicitar um visto B2 on-line. O procedimento \u00e9 detalhado e envolve v\u00e1rias etapas.\" \/>\n<meta property=\"og:url\" content=\"https:\/\/usa-b2.com\/pt-br\/procedimento-aplicacao-visto-b2\/\" \/>\n<meta property=\"og:site_name\" content=\"USA B2\" \/>\n<meta property=\"article:modified_time\" content=\"2025-02-06T10:08:39+00:00\" \/>\n<meta property=\"og:image\" content=\"https:\/\/usa-b2.com\/wp-content\/uploads\/2024\/02\/ID-b2-visa-application.webp\" \/>\n\t<meta property=\"og:image:width\" content=\"562\" \/>\n\t<meta property=\"og:image:height\" content=\"274\" \/>\n\t<meta property=\"og:image:type\" content=\"image\/webp\" \/>\n<meta name=\"twitter:card\" content=\"summary_large_image\" \/>\n<meta name=\"twitter:label1\" content=\"Est. tempo de leitura\" \/>\n\t<meta name=\"twitter:data1\" content=\"5 minutos\" \/>\n<script type=\"application\/ld+json\" class=\"yoast-schema-graph\">{\"@context\":\"https:\\\/\\\/schema.org\",\"@graph\":[{\"@type\":\"WebPage\",\"@id\":\"https:\\\/\\\/usa-b2.com\\\/pt-br\\\/procedimento-aplicacao-visto-b2\\\/\",\"url\":\"https:\\\/\\\/usa-b2.com\\\/pt-br\\\/procedimento-aplicacao-visto-b2\\\/\",\"name\":\"Procedimento para solicitar um visto B2 - USA B2\",\"isPartOf\":{\"@id\":\"https:\\\/\\\/usa-b2.com\\\/pt-br\\\/#website\"},\"primaryImageOfPage\":{\"@id\":\"https:\\\/\\\/usa-b2.com\\\/pt-br\\\/procedimento-aplicacao-visto-b2\\\/#primaryimage\"},\"image\":{\"@id\":\"https:\\\/\\\/usa-b2.com\\\/pt-br\\\/procedimento-aplicacao-visto-b2\\\/#primaryimage\"},\"thumbnailUrl\":\"https:\\\/\\\/usa-b2.com\\\/wp-content\\\/uploads\\\/2024\\\/02\\\/ID-b2-visa-application.webp\",\"datePublished\":\"2024-02-27T10:25:43+00:00\",\"dateModified\":\"2025-02-06T10:08:39+00:00\",\"description\":\"Como solicitar um visto B2 on-line. O procedimento \u00e9 detalhado e envolve v\u00e1rias etapas.\",\"breadcrumb\":{\"@id\":\"https:\\\/\\\/usa-b2.com\\\/pt-br\\\/procedimento-aplicacao-visto-b2\\\/#breadcrumb\"},\"inLanguage\":\"pt-BR\",\"potentialAction\":[{\"@type\":\"ReadAction\",\"target\":[\"https:\\\/\\\/usa-b2.com\\\/pt-br\\\/procedimento-aplicacao-visto-b2\\\/\"]}]},{\"@type\":\"ImageObject\",\"inLanguage\":\"pt-BR\",\"@id\":\"https:\\\/\\\/usa-b2.com\\\/pt-br\\\/procedimento-aplicacao-visto-b2\\\/#primaryimage\",\"url\":\"https:\\\/\\\/usa-b2.com\\\/wp-content\\\/uploads\\\/2024\\\/02\\\/ID-b2-visa-application.webp\",\"contentUrl\":\"https:\\\/\\\/usa-b2.com\\\/wp-content\\\/uploads\\\/2024\\\/02\\\/ID-b2-visa-application.webp\"},{\"@type\":\"BreadcrumbList\",\"@id\":\"https:\\\/\\\/usa-b2.com\\\/pt-br\\\/procedimento-aplicacao-visto-b2\\\/#breadcrumb\",\"itemListElement\":[{\"@type\":\"ListItem\",\"position\":1,\"name\":\"Accueil\",\"item\":\"https:\\\/\\\/usa-b2.com\\\/pt-br\\\/usa\\\/\"},{\"@type\":\"ListItem\",\"position\":2,\"name\":\"Procedimento para solicitar um visto B2\"}]},{\"@type\":\"WebSite\",\"@id\":\"https:\\\/\\\/usa-b2.com\\\/pt-br\\\/#website\",\"url\":\"https:\\\/\\\/usa-b2.com\\\/pt-br\\\/\",\"name\":\"USA B2 VISA\",\"description\":\"\",\"potentialAction\":[{\"@type\":\"SearchAction\",\"target\":{\"@type\":\"EntryPoint\",\"urlTemplate\":\"https:\\\/\\\/usa-b2.com\\\/pt-br\\\/?s={search_term_string}\"},\"query-input\":{\"@type\":\"PropertyValueSpecification\",\"valueRequired\":true,\"valueName\":\"search_term_string\"}}],\"inLanguage\":\"pt-BR\"}]}<\/script>\n<!-- \/ Yoast SEO plugin. -->","yoast_head_json":{"title":"Procedimento para solicitar um visto B2 - USA B2","description":"Como solicitar um visto B2 on-line. O procedimento \u00e9 detalhado e envolve v\u00e1rias etapas.","robots":{"index":"index","follow":"follow","max-snippet":"max-snippet:-1","max-image-preview":"max-image-preview:large","max-video-preview":"max-video-preview:-1"},"canonical":"https:\/\/usa-b2.com\/pt-br\/procedimento-aplicacao-visto-b2\/","og_locale":"pt_BR","og_type":"article","og_title":"Procedimento para solicitar um visto B2 - USA B2","og_description":"Como solicitar um visto B2 on-line. O procedimento \u00e9 detalhado e envolve v\u00e1rias etapas.","og_url":"https:\/\/usa-b2.com\/pt-br\/procedimento-aplicacao-visto-b2\/","og_site_name":"USA B2","article_modified_time":"2025-02-06T10:08:39+00:00","og_image":[{"width":562,"height":274,"url":"https:\/\/usa-b2.com\/wp-content\/uploads\/2024\/02\/ID-b2-visa-application.webp","type":"image\/webp"}],"twitter_card":"summary_large_image","twitter_misc":{"Est. tempo de leitura":"5 minutos"},"schema":{"@context":"https:\/\/schema.org","@graph":[{"@type":"WebPage","@id":"https:\/\/usa-b2.com\/pt-br\/procedimento-aplicacao-visto-b2\/","url":"https:\/\/usa-b2.com\/pt-br\/procedimento-aplicacao-visto-b2\/","name":"Procedimento para solicitar um visto B2 - USA B2","isPartOf":{"@id":"https:\/\/usa-b2.com\/pt-br\/#website"},"primaryImageOfPage":{"@id":"https:\/\/usa-b2.com\/pt-br\/procedimento-aplicacao-visto-b2\/#primaryimage"},"image":{"@id":"https:\/\/usa-b2.com\/pt-br\/procedimento-aplicacao-visto-b2\/#primaryimage"},"thumbnailUrl":"https:\/\/usa-b2.com\/wp-content\/uploads\/2024\/02\/ID-b2-visa-application.webp","datePublished":"2024-02-27T10:25:43+00:00","dateModified":"2025-02-06T10:08:39+00:00","description":"Como solicitar um visto B2 on-line. O procedimento \u00e9 detalhado e envolve v\u00e1rias etapas.","breadcrumb":{"@id":"https:\/\/usa-b2.com\/pt-br\/procedimento-aplicacao-visto-b2\/#breadcrumb"},"inLanguage":"pt-BR","potentialAction":[{"@type":"ReadAction","target":["https:\/\/usa-b2.com\/pt-br\/procedimento-aplicacao-visto-b2\/"]}]},{"@type":"ImageObject","inLanguage":"pt-BR","@id":"https:\/\/usa-b2.com\/pt-br\/procedimento-aplicacao-visto-b2\/#primaryimage","url":"https:\/\/usa-b2.com\/wp-content\/uploads\/2024\/02\/ID-b2-visa-application.webp","contentUrl":"https:\/\/usa-b2.com\/wp-content\/uploads\/2024\/02\/ID-b2-visa-application.webp"},{"@type":"BreadcrumbList","@id":"https:\/\/usa-b2.com\/pt-br\/procedimento-aplicacao-visto-b2\/#breadcrumb","itemListElement":[{"@type":"ListItem","position":1,"name":"Accueil","item":"https:\/\/usa-b2.com\/pt-br\/usa\/"},{"@type":"ListItem","position":2,"name":"Procedimento para solicitar um visto B2"}]},{"@type":"WebSite","@id":"https:\/\/usa-b2.com\/pt-br\/#website","url":"https:\/\/usa-b2.com\/pt-br\/","name":"USA B2 VISA","description":"","potentialAction":[{"@type":"SearchAction","target":{"@type":"EntryPoint","urlTemplate":"https:\/\/usa-b2.com\/pt-br\/?s={search_term_string}"},"query-input":{"@type":"PropertyValueSpecification","valueRequired":true,"valueName":"search_term_string"}}],"inLanguage":"pt-BR"}]}},"_links":{"self":[{"href":"https:\/\/usa-b2.com\/pt-br\/wp-json\/wp\/v2\/pages\/1449","targetHints":{"allow":["GET"]}}],"collection":[{"href":"https:\/\/usa-b2.com\/pt-br\/wp-json\/wp\/v2\/pages"}],"about":[{"href":"https:\/\/usa-b2.com\/pt-br\/wp-json\/wp\/v2\/types\/page"}],"author":[{"embeddable":true,"href":"https:\/\/usa-b2.com\/pt-br\/wp-json\/wp\/v2\/users\/1"}],"replies":[{"embeddable":true,"href":"https:\/\/usa-b2.com\/pt-br\/wp-json\/wp\/v2\/comments?post=1449"}],"version-history":[{"count":0,"href":"https:\/\/usa-b2.com\/pt-br\/wp-json\/wp\/v2\/pages\/1449\/revisions"}],"wp:attachment":[{"href":"https:\/\/usa-b2.com\/pt-br\/wp-json\/wp\/v2\/media?parent=1449"}],"curies":[{"name":"wp","href":"https:\/\/api.w.org\/{rel}","templated":true}]}}