{"id":1389,"date":"2024-02-10T17:20:07","date_gmt":"2024-02-10T17:20:07","guid":{"rendered":"https:\/\/usa-b2.com\/visto-los-angeles\/"},"modified":"2025-10-14T11:26:36","modified_gmt":"2025-10-14T11:26:36","slug":"visto-los-angeles","status":"publish","type":"page","link":"https:\/\/usa-b2.com\/pt-br\/visto-los-angeles\/","title":{"rendered":"Visto para visitar Los Angeles nos EUA"},"content":{"rendered":"\n<h1 class=\"wp-block-heading\" id=\"h-visa-chicago-pour-les-usa\">Visto de Los Angeles para entrar nos Estados Unidos<\/h1>\n\n<p>Os viajantes estrangeiros que planejam chegar a Los Angeles para viajar aos Estados Unidos devem possuir uma autoriza\u00e7\u00e3o de viagem v\u00e1lida. H\u00e1 v\u00e1rios tipos de autoriza\u00e7\u00e3o de viagem, dependendo da finalidade e da dura\u00e7\u00e3o de sua estada nos EUA. <\/p>\n\n<h2 class=\"wp-block-heading\" id=\"h-faut-il-un-visa-pour-chicago\">Preciso de um visto para Los Angeles?<\/h2>\n\n<p>Los Angeles \u00e9 uma das principais cidades da Calif\u00f3rnia. \u00c9 um dos principais destinos tur\u00edsticos da Calif\u00f3rnia. Se voc\u00ea estiver visitando os Estados Unidos como turista por mais de 3 meses, precisar\u00e1 de um <a href=\"https:\/\/usa-b2.com\/pt-br\/visto-b2\/\">visto B2<\/a>.  <\/p>\n\n<p><strong>Para estadias de menos de 90 dias<\/strong>: n\u00e3o \u00e9 necess\u00e1rio obter um visto b2 para Los Angeles. Tudo o que voc\u00ea precisa fazer \u00e9 obter uma autoriza\u00e7\u00e3o de viagem clicando no <a href=\"https:\/\/usa-b2.com\/pt-br\/formulario-esta-on-line\/\">formul\u00e1rio on-line do ESTA<\/a>. <\/p>\n\n<div style=\"height:10px\" aria-hidden=\"true\" class=\"wp-block-spacer\"><\/div>\n\n<h2 class=\"wp-block-heading\">O que \u00e9 um visto de turista para Los Angeles?<\/h2>\n\n<p>Um visto de turista B2 para Los Angeles permite que os viajantes desembarquem em Los Angeles para uma estadia nos EUA. Com um visto B2, os viajantes podem fazer turismo ou visitar parentes que moram nos Estados Unidos. O visto \u00e9 v\u00e1lido por um per\u00edodo inicial de 6 meses.  <\/p>\n\n<h2 class=\"wp-block-heading\">Preciso de um visto para fazer uma escala em Los Angeles?<\/h2>\n\n<p>Para fazer uma escala em Los Angeles, os viajantes devem estar de posse de uma autoriza\u00e7\u00e3o de viagem v\u00e1lida. H\u00e1 v\u00e1rias autoriza\u00e7\u00f5es de viagem poss\u00edveis.   <\/p>\n\n<p>Se o viajante for cidad\u00e3o de um pa\u00eds membro do <a href=\"https:\/\/usa-b2.com\/pt-br\/visa-waiver-program\/\">Programa de Isen\u00e7\u00e3o de Visto<\/a>, n\u00e3o \u00e9 necess\u00e1rio obter um <a href=\"https:\/\/usa-b2.com\/pt-br\/visto-transito-eua\/\">visto de tr\u00e2nsito<\/a>. Os viajantes podem transitar por Los Angeles com uma simples autoriza\u00e7\u00e3o ESTA.<\/p>\n\n<p>Se o viajante n\u00e3o for cidad\u00e3o de um pa\u00eds com isen\u00e7\u00e3o de visto, ele precisar\u00e1 <a href=\"https:\/\/usa-b2.com\/pt-br\/formulario-visto-b2-on-line\/\">solicitar um visto B2<\/a> antes de considerar uma viagem com escala em Los Angeles.<\/p>\n\n<h2 class=\"wp-block-heading\" id=\"h-quel-est-le-prix-du-visa-pour-chicago\">Qual \u00e9 o custo para obter um visto para Los Angeles?<\/h2>\n\n<p>O <a href=\"https:\/\/usa-b2.com\/pt-br\/taxas-visto-b2\/\">custo de um visto B2<\/a> para Los Angeles tem sido de US$ 185 desde 2023. As taxas devem ser pagas ao solicitar um visto para validar a solicita\u00e7\u00e3o on-line. O recibo de pagamento da taxa deve ser anexado aos documentos comprobat\u00f3rios como parte do <a href=\"https:\/\/usa-b2.com\/pt-br\/procedimento-aplicacao-visto-b2\/\">procedimento de solicita\u00e7\u00e3o do visto B2<\/a>.<\/p>\n\n<h2 class=\"wp-block-heading\" id=\"h-comment-obtenir-un-visa-pour-chicago\">Como fa\u00e7o para obter um visto para Los Angeles?<\/h2>\n\n<p>Para obter um visto B2 para viajar para Los Angeles, voc\u00ea deve concluir o <a href=\"https:\/\/usa-b2.com\/pt-br\/procedimento-aplicacao-visto-b2\/\">processo de solicita\u00e7\u00e3o de visto<\/a> on-line do <a href=\"https:\/\/www.uscis.gov\/\">USCIS<\/a>. A decis\u00e3o final de emitir um visto ser\u00e1 tomada ap\u00f3s uma <a href=\"https:\/\/usa-b2.com\/pt-br\/nomeacao-visto-embaixada-eua\/\">entrevista para obten\u00e7\u00e3o de visto na embaixada americana<\/a>.<\/p>\n\n<h2 class=\"wp-block-heading\" id=\"h-faut-il-un-visa-esta-pour-chicago\">Quem pode solicitar o ESTA para Los Angeles?<\/h2>\n\n<p>Os cidad\u00e3os de pa\u00edses que s\u00e3o membros do Programa de Isen\u00e7\u00e3o de Vistos dos EUA podem <a href=\"https:\/\/usa-b2.com\/pt-br\/formulario-esta-on-line\/\">solicitar um ESTA<\/a> para Los Angeles on-line. O tempo necess\u00e1rio para obter a autoriza\u00e7\u00e3o do ESTA \u00e9 muito mais curto do que para obter um visto B2 em uma <a href=\"https:\/\/usa-b2.com\/pt-br\/embaixada-dos-estados-unidos\/\">embaixada americana<\/a>.<\/p>\n\n<p>Uma autoriza\u00e7\u00e3o ESTA para Los Angeles \u00e9 v\u00e1lida por 2 anos. Ela pode expirar antes se o <a href=\"https:\/\/usa-b2.com\/pt-br\/passaporte-viagem-eua\/\">passaporte usado para viajar para os EUA<\/a> expirar dentro de 2 anos. A autoriza\u00e7\u00e3o est\u00e1 vinculada ao passaporte usado para obt\u00ea-la. <\/p>\n\n<p>O ESTA permite que voc\u00ea permane\u00e7a nos Estados Unidos por um per\u00edodo m\u00e1ximo de 90 dias consecutivos.\nAs estadias de 90 dias podem ser m\u00faltiplas durante a <a href=\"https:\/\/usa-b2.com\/pt-br\/periodo-validade-esta\/\">validade de 2 anos do ESTA<\/a>. <\/p>\n","protected":false},"excerpt":{"rendered":"<p>Visto de Los Angeles para entrar nos Estados Unidos Os viajantes estrangeiros que planejam chegar a Los Angeles para viajar aos Estados Unidos devem possuir uma autoriza\u00e7\u00e3o de viagem v\u00e1lida. H\u00e1 v\u00e1rios tipos de autoriza\u00e7\u00e3o de viagem, dependendo da finalidade e da dura\u00e7\u00e3o de sua estada nos EUA. Preciso de um visto para Los Angeles? [&hellip;]<\/p>\n","protected":false},"author":1,"featured_media":0,"parent":0,"menu_order":0,"comment_status":"closed","ping_status":"closed","template":"","meta":{"footnotes":""},"class_list":["post-1389","page","type-page","status-publish","hentry"],"yoast_head":"<!-- This site is optimized with the Yoast SEO plugin v27.0 - https:\/\/yoast.com\/product\/yoast-seo-wordpress\/ -->\n<title>Visto para visitar Los Angeles nos EUA - USA B2<\/title>\n<meta name=\"description\" content=\"Como obter um visto para aterrissar em Los Angeles, Calif\u00f3rnia, e depois viajar dentro dos Estados Unidos.\" \/>\n<meta name=\"robots\" content=\"index, follow, max-snippet:-1, max-image-preview:large, max-video-preview:-1\" \/>\n<link rel=\"canonical\" href=\"https:\/\/usa-b2.com\/pt-br\/visto-los-angeles\/\" \/>\n<meta property=\"og:locale\" content=\"pt_BR\" \/>\n<meta property=\"og:type\" content=\"article\" \/>\n<meta property=\"og:title\" content=\"Visto para visitar Los Angeles nos EUA - USA B2\" \/>\n<meta property=\"og:description\" content=\"Como obter um visto para aterrissar em Los Angeles, Calif\u00f3rnia, e depois viajar dentro dos Estados Unidos.\" \/>\n<meta property=\"og:url\" content=\"https:\/\/usa-b2.com\/pt-br\/visto-los-angeles\/\" \/>\n<meta property=\"og:site_name\" content=\"USA B2\" \/>\n<meta property=\"article:modified_time\" content=\"2025-10-14T11:26:36+00:00\" \/>\n<meta name=\"twitter:card\" content=\"summary_large_image\" \/>\n<meta name=\"twitter:label1\" content=\"Est. tempo de leitura\" \/>\n\t<meta name=\"twitter:data1\" content=\"3 minutos\" \/>\n<script type=\"application\/ld+json\" class=\"yoast-schema-graph\">{\"@context\":\"https:\/\/schema.org\",\"@graph\":[{\"@type\":\"WebPage\",\"@id\":\"https:\/\/usa-b2.com\/pt-br\/visto-los-angeles\/\",\"url\":\"https:\/\/usa-b2.com\/pt-br\/visto-los-angeles\/\",\"name\":\"Visto para visitar Los Angeles nos EUA - USA B2\",\"isPartOf\":{\"@id\":\"https:\/\/usa-b2.com\/pt-br\/#website\"},\"datePublished\":\"2024-02-10T17:20:07+00:00\",\"dateModified\":\"2025-10-14T11:26:36+00:00\",\"description\":\"Como obter um visto para aterrissar em Los Angeles, Calif\u00f3rnia, e depois viajar dentro dos Estados Unidos.\",\"breadcrumb\":{\"@id\":\"https:\/\/usa-b2.com\/pt-br\/visto-los-angeles\/#breadcrumb\"},\"inLanguage\":\"pt-BR\",\"potentialAction\":[{\"@type\":\"ReadAction\",\"target\":[\"https:\/\/usa-b2.com\/pt-br\/visto-los-angeles\/\"]}]},{\"@type\":\"BreadcrumbList\",\"@id\":\"https:\/\/usa-b2.com\/pt-br\/visto-los-angeles\/#breadcrumb\",\"itemListElement\":[{\"@type\":\"ListItem\",\"position\":1,\"name\":\"Accueil\",\"item\":\"https:\/\/usa-b2.com\/pt-br\/roadtrips-eua\/\"},{\"@type\":\"ListItem\",\"position\":2,\"name\":\"Visto para visitar Los Angeles nos EUA\"}]},{\"@type\":\"WebSite\",\"@id\":\"https:\/\/usa-b2.com\/pt-br\/#website\",\"url\":\"https:\/\/usa-b2.com\/pt-br\/\",\"name\":\"USA B2 VISA\",\"description\":\"\",\"potentialAction\":[{\"@type\":\"SearchAction\",\"target\":{\"@type\":\"EntryPoint\",\"urlTemplate\":\"https:\/\/usa-b2.com\/pt-br\/?s={search_term_string}\"},\"query-input\":{\"@type\":\"PropertyValueSpecification\",\"valueRequired\":true,\"valueName\":\"search_term_string\"}}],\"inLanguage\":\"pt-BR\"}]}<\/script>\n<!-- \/ Yoast SEO plugin. -->","yoast_head_json":{"title":"Visto para visitar Los Angeles nos EUA - USA B2","description":"Como obter um visto para aterrissar em Los Angeles, Calif\u00f3rnia, e depois viajar dentro dos Estados Unidos.","robots":{"index":"index","follow":"follow","max-snippet":"max-snippet:-1","max-image-preview":"max-image-preview:large","max-video-preview":"max-video-preview:-1"},"canonical":"https:\/\/usa-b2.com\/pt-br\/visto-los-angeles\/","og_locale":"pt_BR","og_type":"article","og_title":"Visto para visitar Los Angeles nos EUA - USA B2","og_description":"Como obter um visto para aterrissar em Los Angeles, Calif\u00f3rnia, e depois viajar dentro dos Estados Unidos.","og_url":"https:\/\/usa-b2.com\/pt-br\/visto-los-angeles\/","og_site_name":"USA B2","article_modified_time":"2025-10-14T11:26:36+00:00","twitter_card":"summary_large_image","twitter_misc":{"Est. tempo de leitura":"3 minutos"},"schema":{"@context":"https:\/\/schema.org","@graph":[{"@type":"WebPage","@id":"https:\/\/usa-b2.com\/pt-br\/visto-los-angeles\/","url":"https:\/\/usa-b2.com\/pt-br\/visto-los-angeles\/","name":"Visto para visitar Los Angeles nos EUA - USA B2","isPartOf":{"@id":"https:\/\/usa-b2.com\/pt-br\/#website"},"datePublished":"2024-02-10T17:20:07+00:00","dateModified":"2025-10-14T11:26:36+00:00","description":"Como obter um visto para aterrissar em Los Angeles, Calif\u00f3rnia, e depois viajar dentro dos Estados Unidos.","breadcrumb":{"@id":"https:\/\/usa-b2.com\/pt-br\/visto-los-angeles\/#breadcrumb"},"inLanguage":"pt-BR","potentialAction":[{"@type":"ReadAction","target":["https:\/\/usa-b2.com\/pt-br\/visto-los-angeles\/"]}]},{"@type":"BreadcrumbList","@id":"https:\/\/usa-b2.com\/pt-br\/visto-los-angeles\/#breadcrumb","itemListElement":[{"@type":"ListItem","position":1,"name":"Accueil","item":"https:\/\/usa-b2.com\/pt-br\/roadtrips-eua\/"},{"@type":"ListItem","position":2,"name":"Visto para visitar Los Angeles nos EUA"}]},{"@type":"WebSite","@id":"https:\/\/usa-b2.com\/pt-br\/#website","url":"https:\/\/usa-b2.com\/pt-br\/","name":"USA B2 VISA","description":"","potentialAction":[{"@type":"SearchAction","target":{"@type":"EntryPoint","urlTemplate":"https:\/\/usa-b2.com\/pt-br\/?s={search_term_string}"},"query-input":{"@type":"PropertyValueSpecification","valueRequired":true,"valueName":"search_term_string"}}],"inLanguage":"pt-BR"}]}},"_links":{"self":[{"href":"https:\/\/usa-b2.com\/pt-br\/wp-json\/wp\/v2\/pages\/1389","targetHints":{"allow":["GET"]}}],"collection":[{"href":"https:\/\/usa-b2.com\/pt-br\/wp-json\/wp\/v2\/pages"}],"about":[{"href":"https:\/\/usa-b2.com\/pt-br\/wp-json\/wp\/v2\/types\/page"}],"author":[{"embeddable":true,"href":"https:\/\/usa-b2.com\/pt-br\/wp-json\/wp\/v2\/users\/1"}],"replies":[{"embeddable":true,"href":"https:\/\/usa-b2.com\/pt-br\/wp-json\/wp\/v2\/comments?post=1389"}],"version-history":[{"count":2,"href":"https:\/\/usa-b2.com\/pt-br\/wp-json\/wp\/v2\/pages\/1389\/revisions"}],"predecessor-version":[{"id":10532,"href":"https:\/\/usa-b2.com\/pt-br\/wp-json\/wp\/v2\/pages\/1389\/revisions\/10532"}],"wp:attachment":[{"href":"https:\/\/usa-b2.com\/pt-br\/wp-json\/wp\/v2\/media?parent=1389"}],"curies":[{"name":"wp","href":"https:\/\/api.w.org\/{rel}","templated":true}]}}