{"id":1303,"date":"2024-02-27T10:27:31","date_gmt":"2024-02-27T10:27:31","guid":{"rendered":"https:\/\/usa-b2.com\/visto-transito-eua\/"},"modified":"2025-11-04T16:12:21","modified_gmt":"2025-11-04T16:12:21","slug":"visto-transito-eua","status":"publish","type":"page","link":"https:\/\/usa-b2.com\/pt-br\/visto-transito-eua\/","title":{"rendered":"Visto de tr\u00e2nsito para os Estados Unidos"},"content":{"rendered":"\n<h1 class=\"wp-block-heading\">Obten\u00e7\u00e3o de um visto para tr\u00e2nsito pelos EUA<\/h1>\n\n<p>Para fazer uma escala nos Estados Unidos, os viajantes estrangeiros devem ter autoriza\u00e7\u00e3o para transitar pelo territ\u00f3rio americano. O visto de tr\u00e2nsito permite que os viajantes transitem pelos Estados Unidos a caminho de um destino final.<\/p>\n\n<p><strong>Para uma escala nos Estados Unidos<\/strong>: n\u00e3o \u00e9 necess\u00e1rio solicitar um visto de tr\u00e2nsito. Voc\u00ea pode simplesmente solicitar a autoriza\u00e7\u00e3o de viagem ESTA clicando no <a href=\"https:\/\/usa-b2.com\/pt-br\/formulario-esta-on-line\/\">formul\u00e1rio on-line ESTA<\/a>. <\/p>\n\n<div style=\"height:10px\" aria-hidden=\"true\" class=\"wp-block-spacer\"><\/div>\n\n<h2 class=\"wp-block-heading\">O que \u00e9 um visto de tr\u00e2nsito?<\/h2>\n\n<p>Um visto de tr\u00e2nsito americano \u00e9 uma autoriza\u00e7\u00e3o para entrar nos Estados Unidos. Ele permite que voc\u00ea permane\u00e7a nos EUA para fazer uma escala. O portador do visto deve continuar sua viagem e deixar os Estados Unidos conforme planejado.<\/p>\n\n<h2 class=\"wp-block-heading\">Quem pode solicitar um visto de tr\u00e2nsito?<\/h2>\n\n<p>Todos os viajantes estrangeiros que fazem uma escala nos Estados Unidos podem solicitar um visto de tr\u00e2nsito americano. Seu destino final n\u00e3o deve ser os Estados Unidos, caso contr\u00e1rio, ser\u00e1 necess\u00e1rio solicitar um <a href=\"https:\/\/usa-b2.com\/pt-br\/visto-visitante-eua\/\">visto de visitante B1\/B2<\/a> ou qualquer outro tipo de visto americano.   <\/p>\n\n<p>H\u00e1 uma s\u00e9rie de outros casos espec\u00edficos, como :  <\/p>\n\n<ul class=\"wp-block-list\">\n<li>Cidad\u00e3os estrangeiros ou funcion\u00e1rios da ONU tamb\u00e9m podem obter um visto de tr\u00e2nsito para as opera\u00e7\u00f5es da ONU em Nova York;<\/li>\n\n\n\n<li>Funcion\u00e1rios de governos estrangeiros viajando a neg\u00f3cios do governo podem obter um visto de tr\u00e2nsito para uma escala nos EUA.<\/li>\n<\/ul>\n\n<h2 class=\"wp-block-heading\">Quais s\u00e3o os diferentes vistos de tr\u00e2nsito?<\/h2>\n\n<p>Os vistos de tr\u00e2nsito s\u00e3o divididos em tr\u00eas categorias principais, adaptadas a diferentes situa\u00e7\u00f5es de viagem:<\/p>\n\n<ol class=\"wp-block-list\">\n<li><strong>O visto C1: para viajantes tradicionais em tr\u00e2nsito<\/strong><br\/>Esse tipo de visto \u00e9 destinado a passageiros que fazem uma escala tempor\u00e1ria em um pa\u00eds antes de continuar a viagem para um destino final. Por exemplo, se voc\u00ea estiver viajando para outro pa\u00eds com um voo de conex\u00e3o que exija que voc\u00ea entre no pa\u00eds, o visto C1 permite que voc\u00ea permane\u00e7a legalmente na zona de tr\u00e2nsito ou viaje para l\u00e1 brevemente. Esse visto \u00e9 frequentemente usado por turistas ou profissionais em viagens internacionais.<\/li>\n\n\n\n<li><strong>O visto C2: para viajantes em tr\u00e2nsito para a sede da ONU<\/strong><br\/>O visto C2 \u00e9 destinado exclusivamente a pessoas que viajam para a sede das Na\u00e7\u00f5es Unidas em Nova York para miss\u00f5es oficiais ou eventos relacionados \u00e0 ONU. Ele se aplica estritamente ao tr\u00e2nsito e geralmente limita as viagens ao per\u00edmetro espec\u00edfico da ONU. Esse visto atende \u00e0s necessidades de delegados, funcion\u00e1rios ou representantes que participam de confer\u00eancias ou reuni\u00f5es internacionais.<\/li>\n\n\n\n<li><strong>Visto C3: para membros de governos estrangeiros<\/strong><br\/>Esse visto \u00e9 destinado a membros de governos estrangeiros, suas fam\u00edlias ou acompanhantes, que estejam viajando por um pa\u00eds a neg\u00f3cios oficiais. Ele reflete seu status diplom\u00e1tico e permite que eles passem brevemente por um pa\u00eds, respeitando os protocolos internacionais.<\/li>\n<\/ol>\n\n<p>Dependendo do perfil do viajante, \u00e9 essencial que voc\u00ea escolha a categoria de visto correta.<\/p>\n\n<h2 class=\"wp-block-heading\">Como fa\u00e7o para obter um visto de tr\u00e2nsito?<\/h2>\n\n<p>Para obter um visto de tr\u00e2nsito para os Estados Unidos, voc\u00ea precisa seguir uma s\u00e9rie de etapas:<\/p>\n\n<ul class=\"wp-block-list\">\n<li>Determine qual tipo de visto \u00e9 necess\u00e1rio, um visto C1, C2 ou C3, dependendo da situa\u00e7\u00e3o;<\/li>\n\n\n\n<li>Preencha o <a href=\"https:\/\/usa-b2.com\/pt-br\/ds-160\/\">formul\u00e1rio DS-160<\/a> on-line, fornecendo informa\u00e7\u00f5es precisas e completas.<\/li>\n\n\n\n<li>Depois que o formul\u00e1rio for enviado, pague a <a href=\"https:\/\/usa-b2.com\/fr\/frais-visa-b2-usa\/\">taxa de solicita\u00e7\u00e3o de visto<\/a> n\u00e3o reembols\u00e1vel .<\/li>\n\n\n\n<li>Em seguida, agende uma <a href=\"https:\/\/usa-b2.com\/pt-br\/nomeacao-visto-embaixada-eua\/\">entrevista na embaixada americana<\/a> em seu pa\u00eds de resid\u00eancia. Nessa entrevista, voc\u00ea precisar\u00e1 apresentar documentos comprobat\u00f3rios, incluindo : \n<ul class=\"wp-block-list\">\n<li>Um <a href=\"https:\/\/usa-b2.com\/pt-br\/passaporte-viagem-eua\/\">passaporte v\u00e1lido para viajar para os EUA<\/a><\/li>\n\n\n\n<li>A foto que atende aos requisitos<\/li>\n\n\n\n<li>Confirma\u00e7\u00e3o do <a href=\"https:\/\/usa-b2.com\/pt-br\/ds-160\/\">formul\u00e1rio DS-160<\/a><\/li>\n\n\n\n<li>Comprovante do itiner\u00e1rio de viagem, por exemplo, passagens a\u00e9reas<\/li>\n\n\n\n<li>Qualquer documento que certifique o status oficial de um visto C2 ou C3.<\/li>\n<\/ul>\n<\/li>\n<\/ul>\n\n<div style=\"height:10px\" aria-hidden=\"true\" class=\"wp-block-spacer\"><\/div>\n\n<p>\u00c9 importante demonstrar que o tr\u00e2nsito pelos EUA n\u00e3o ser\u00e1 uma oportunidade de permanecer no pa\u00eds. Uma vez aprovado, o visto ser\u00e1 afixado no passaporte para que voc\u00ea possa transitar legalmente pelos Estados Unidos.<\/p>\n","protected":false},"excerpt":{"rendered":"<p>Obten\u00e7\u00e3o de um visto para tr\u00e2nsito pelos EUA Para fazer uma escala nos Estados Unidos, os viajantes estrangeiros devem ter autoriza\u00e7\u00e3o para transitar pelo territ\u00f3rio americano. O visto de tr\u00e2nsito permite que os viajantes transitem pelos Estados Unidos a caminho de um destino final. Para uma escala nos Estados Unidos: n\u00e3o \u00e9 necess\u00e1rio solicitar um [&hellip;]<\/p>\n","protected":false},"author":1,"featured_media":0,"parent":0,"menu_order":0,"comment_status":"closed","ping_status":"closed","template":"","meta":{"footnotes":""},"class_list":["post-1303","page","type-page","status-publish","hentry"],"yoast_head":"<!-- This site is optimized with the Yoast SEO plugin v27.4 - https:\/\/yoast.com\/product\/yoast-seo-wordpress\/ -->\n<title>Visto de tr\u00e2nsito para os Estados Unidos - USA B2<\/title>\n<meta name=\"description\" content=\"Para fazer uma escala nos Estados Unidos, voc\u00ea precisa de um visto v\u00e1lido ou de uma autoriza\u00e7\u00e3o ESTA.\" \/>\n<meta name=\"robots\" content=\"index, follow, max-snippet:-1, max-image-preview:large, max-video-preview:-1\" \/>\n<link rel=\"canonical\" href=\"https:\/\/usa-b2.com\/pt-br\/visto-transito-eua\/\" \/>\n<meta property=\"og:locale\" content=\"pt_BR\" \/>\n<meta property=\"og:type\" content=\"article\" \/>\n<meta property=\"og:title\" content=\"Visto de tr\u00e2nsito para os Estados Unidos - USA B2\" \/>\n<meta property=\"og:description\" content=\"Para fazer uma escala nos Estados Unidos, voc\u00ea precisa de um visto v\u00e1lido ou de uma autoriza\u00e7\u00e3o ESTA.\" \/>\n<meta property=\"og:url\" content=\"https:\/\/usa-b2.com\/pt-br\/visto-transito-eua\/\" \/>\n<meta property=\"og:site_name\" content=\"USA B2\" \/>\n<meta property=\"article:modified_time\" content=\"2025-11-04T16:12:21+00:00\" \/>\n<meta name=\"twitter:card\" content=\"summary_large_image\" \/>\n<meta name=\"twitter:label1\" content=\"Est. tempo de leitura\" \/>\n\t<meta name=\"twitter:data1\" content=\"3 minutos\" \/>\n<script type=\"application\/ld+json\" class=\"yoast-schema-graph\">{\"@context\":\"https:\\\/\\\/schema.org\",\"@graph\":[{\"@type\":\"WebPage\",\"@id\":\"https:\\\/\\\/usa-b2.com\\\/pt-br\\\/visto-transito-eua\\\/\",\"url\":\"https:\\\/\\\/usa-b2.com\\\/pt-br\\\/visto-transito-eua\\\/\",\"name\":\"Visto de tr\u00e2nsito para os Estados Unidos - USA B2\",\"isPartOf\":{\"@id\":\"https:\\\/\\\/usa-b2.com\\\/pt-br\\\/#website\"},\"datePublished\":\"2024-02-27T10:27:31+00:00\",\"dateModified\":\"2025-11-04T16:12:21+00:00\",\"description\":\"Para fazer uma escala nos Estados Unidos, voc\u00ea precisa de um visto v\u00e1lido ou de uma autoriza\u00e7\u00e3o ESTA.\",\"breadcrumb\":{\"@id\":\"https:\\\/\\\/usa-b2.com\\\/pt-br\\\/visto-transito-eua\\\/#breadcrumb\"},\"inLanguage\":\"pt-BR\",\"potentialAction\":[{\"@type\":\"ReadAction\",\"target\":[\"https:\\\/\\\/usa-b2.com\\\/pt-br\\\/visto-transito-eua\\\/\"]}]},{\"@type\":\"BreadcrumbList\",\"@id\":\"https:\\\/\\\/usa-b2.com\\\/pt-br\\\/visto-transito-eua\\\/#breadcrumb\",\"itemListElement\":[{\"@type\":\"ListItem\",\"position\":1,\"name\":\"Accueil\",\"item\":\"https:\\\/\\\/usa-b2.com\\\/pt-br\\\/usa\\\/\"},{\"@type\":\"ListItem\",\"position\":2,\"name\":\"Visto de tr\u00e2nsito para os Estados Unidos\"}]},{\"@type\":\"WebSite\",\"@id\":\"https:\\\/\\\/usa-b2.com\\\/pt-br\\\/#website\",\"url\":\"https:\\\/\\\/usa-b2.com\\\/pt-br\\\/\",\"name\":\"USA B2 VISA\",\"description\":\"\",\"potentialAction\":[{\"@type\":\"SearchAction\",\"target\":{\"@type\":\"EntryPoint\",\"urlTemplate\":\"https:\\\/\\\/usa-b2.com\\\/pt-br\\\/?s={search_term_string}\"},\"query-input\":{\"@type\":\"PropertyValueSpecification\",\"valueRequired\":true,\"valueName\":\"search_term_string\"}}],\"inLanguage\":\"pt-BR\"}]}<\/script>\n<!-- \/ Yoast SEO plugin. -->","yoast_head_json":{"title":"Visto de tr\u00e2nsito para os Estados Unidos - USA B2","description":"Para fazer uma escala nos Estados Unidos, voc\u00ea precisa de um visto v\u00e1lido ou de uma autoriza\u00e7\u00e3o ESTA.","robots":{"index":"index","follow":"follow","max-snippet":"max-snippet:-1","max-image-preview":"max-image-preview:large","max-video-preview":"max-video-preview:-1"},"canonical":"https:\/\/usa-b2.com\/pt-br\/visto-transito-eua\/","og_locale":"pt_BR","og_type":"article","og_title":"Visto de tr\u00e2nsito para os Estados Unidos - USA B2","og_description":"Para fazer uma escala nos Estados Unidos, voc\u00ea precisa de um visto v\u00e1lido ou de uma autoriza\u00e7\u00e3o ESTA.","og_url":"https:\/\/usa-b2.com\/pt-br\/visto-transito-eua\/","og_site_name":"USA B2","article_modified_time":"2025-11-04T16:12:21+00:00","twitter_card":"summary_large_image","twitter_misc":{"Est. tempo de leitura":"3 minutos"},"schema":{"@context":"https:\/\/schema.org","@graph":[{"@type":"WebPage","@id":"https:\/\/usa-b2.com\/pt-br\/visto-transito-eua\/","url":"https:\/\/usa-b2.com\/pt-br\/visto-transito-eua\/","name":"Visto de tr\u00e2nsito para os Estados Unidos - USA B2","isPartOf":{"@id":"https:\/\/usa-b2.com\/pt-br\/#website"},"datePublished":"2024-02-27T10:27:31+00:00","dateModified":"2025-11-04T16:12:21+00:00","description":"Para fazer uma escala nos Estados Unidos, voc\u00ea precisa de um visto v\u00e1lido ou de uma autoriza\u00e7\u00e3o ESTA.","breadcrumb":{"@id":"https:\/\/usa-b2.com\/pt-br\/visto-transito-eua\/#breadcrumb"},"inLanguage":"pt-BR","potentialAction":[{"@type":"ReadAction","target":["https:\/\/usa-b2.com\/pt-br\/visto-transito-eua\/"]}]},{"@type":"BreadcrumbList","@id":"https:\/\/usa-b2.com\/pt-br\/visto-transito-eua\/#breadcrumb","itemListElement":[{"@type":"ListItem","position":1,"name":"Accueil","item":"https:\/\/usa-b2.com\/pt-br\/usa\/"},{"@type":"ListItem","position":2,"name":"Visto de tr\u00e2nsito para os Estados Unidos"}]},{"@type":"WebSite","@id":"https:\/\/usa-b2.com\/pt-br\/#website","url":"https:\/\/usa-b2.com\/pt-br\/","name":"USA B2 VISA","description":"","potentialAction":[{"@type":"SearchAction","target":{"@type":"EntryPoint","urlTemplate":"https:\/\/usa-b2.com\/pt-br\/?s={search_term_string}"},"query-input":{"@type":"PropertyValueSpecification","valueRequired":true,"valueName":"search_term_string"}}],"inLanguage":"pt-BR"}]}},"_links":{"self":[{"href":"https:\/\/usa-b2.com\/pt-br\/wp-json\/wp\/v2\/pages\/1303","targetHints":{"allow":["GET"]}}],"collection":[{"href":"https:\/\/usa-b2.com\/pt-br\/wp-json\/wp\/v2\/pages"}],"about":[{"href":"https:\/\/usa-b2.com\/pt-br\/wp-json\/wp\/v2\/types\/page"}],"author":[{"embeddable":true,"href":"https:\/\/usa-b2.com\/pt-br\/wp-json\/wp\/v2\/users\/1"}],"replies":[{"embeddable":true,"href":"https:\/\/usa-b2.com\/pt-br\/wp-json\/wp\/v2\/comments?post=1303"}],"version-history":[{"count":2,"href":"https:\/\/usa-b2.com\/pt-br\/wp-json\/wp\/v2\/pages\/1303\/revisions"}],"predecessor-version":[{"id":10843,"href":"https:\/\/usa-b2.com\/pt-br\/wp-json\/wp\/v2\/pages\/1303\/revisions\/10843"}],"wp:attachment":[{"href":"https:\/\/usa-b2.com\/pt-br\/wp-json\/wp\/v2\/media?parent=1303"}],"curies":[{"name":"wp","href":"https:\/\/api.w.org\/{rel}","templated":true}]}}