{"id":1257,"date":"2024-02-10T17:19:29","date_gmt":"2024-02-10T17:19:29","guid":{"rendered":"https:\/\/usa-b2.com\/visto-para-chicago\/"},"modified":"2025-10-13T12:50:36","modified_gmt":"2025-10-13T12:50:36","slug":"visto-para-chicago","status":"publish","type":"page","link":"https:\/\/usa-b2.com\/pt-br\/visto-para-chicago\/","title":{"rendered":"Como entrar nos EUA com um visto para Chicago"},"content":{"rendered":"\n<h1 class=\"wp-block-heading\" id=\"h-visa-chicago-pour-les-usa\">Visto de Chicago para viagem aos Estados Unidos<\/h1>\n\n<p>Os viajantes estrangeiros que planejam chegar a Chicago para viajar aos Estados Unidos devem possuir uma autoriza\u00e7\u00e3o de viagem v\u00e1lida. H\u00e1 v\u00e1rios tipos de autoriza\u00e7\u00e3o de viagem, dependendo da finalidade e da dura\u00e7\u00e3o de sua estada nos EUA. <\/p>\n\n<h2 class=\"wp-block-heading\" id=\"h-faut-il-un-visa-pour-chicago\">Preciso de um visto para Chicago?<\/h2>\n\n<p>Chicago \u00e9 uma grande cidade americana \u00e0s margens do Lago Michigan. \u00c9 um importante destino tur\u00edstico no norte dos Estados Unidos. Os viajantes estrangeiros devem ter um <a href=\"https:\/\/usa-b2.com\/pt-br\/visto-b2\/\">visto B2<\/a> para uma estadia tur\u00edstica de mais de 3 meses.  <\/p>\n\n<p><strong>Para estadias de menos de 90 dias<\/strong>: n\u00e3o \u00e9 necess\u00e1rio obter um visto b2 para Chicago. Tudo o que voc\u00ea precisa fazer \u00e9 obter uma autoriza\u00e7\u00e3o de viagem clicando no <a href=\"https:\/\/usa-b2.com\/pt-br\/formulario-esta-on-line\/\">formul\u00e1rio on-line do ESTA<\/a>. <\/p>\n\n<div style=\"height:10px\" aria-hidden=\"true\" class=\"wp-block-spacer\"><\/div>\n\n<h2 class=\"wp-block-heading\">O que \u00e9 um visto de turista para Chicago?<\/h2>\n\n<p>Um visto de turista B2 para Chicago permite que os viajantes desembarquem em Chicago para uma estadia nos EUA. Com um visto B2, os viajantes podem fazer turismo ou visitar parentes que moram nos Estados Unidos. O visto \u00e9 v\u00e1lido por um per\u00edodo inicial de 6 meses.  <\/p>\n\n<h2 class=\"wp-block-heading\">Preciso de um visto para fazer uma escala em Chicago?<\/h2>\n\n<p>Para fazer uma escala em Chicago, os viajantes devem estar de posse de uma autoriza\u00e7\u00e3o de viagem v\u00e1lida.\nH\u00e1 v\u00e1rias autoriza\u00e7\u00f5es de viagem poss\u00edveis.   <\/p>\n\n<p>Se o viajante for cidad\u00e3o de um pa\u00eds membro do <a href=\"https:\/\/usa-b2.com\/fr\/visa-waiver-program\/\">Programa de Isen\u00e7\u00e3o de Visto<\/a>, n\u00e3o \u00e9 necess\u00e1rio obter um <a href=\"https:\/\/usa-b2.com\/fr\/visa-transit-usa\/\">visto de tr\u00e2nsito<\/a>. Os viajantes podem transitar por Chicago com a autoriza\u00e7\u00e3o do ESTA.<\/p>\n\n<p>Se voc\u00ea n\u00e3o for cidad\u00e3o de um pa\u00eds com isen\u00e7\u00e3o de visto, precisar\u00e1 <a href=\"https:\/\/usa-b2.com\/fr\/formulaire-visa-b2-en-ligne\/\">solicitar um visto B2<\/a> antes de planejar uma viagem com escala em Chicago.<\/p>\n\n<h2 class=\"wp-block-heading\" id=\"h-quel-est-le-prix-du-visa-pour-chicago\">Qual \u00e9 o custo para obter um visto para Chicago?<\/h2>\n\n<p>A <a href=\"https:\/\/usa-b2.com\/fr\/frais-visa-b2-usa\/\">taxa para um visto B2<\/a> para Chicago \u00e9 de US$ 185 a partir de 2023. As taxas devem ser pagas ao solicitar um visto para validar a solicita\u00e7\u00e3o on-line. O recibo de pagamento da taxa deve ser anexado aos documentos comprobat\u00f3rios como parte do <a href=\"https:\/\/usa-b2.com\/fr\/procedure-demande-visa-b2\/\">procedimento de solicita\u00e7\u00e3o do visto B2<\/a>.<\/p>\n\n<h2 class=\"wp-block-heading\" id=\"h-comment-obtenir-un-visa-pour-chicago\">Como fa\u00e7o para obter um visto para Chicago?<\/h2>\n\n<p>Para obter um visto B2 para viajar para Chicago, voc\u00ea deve concluir o <a href=\"https:\/\/usa-b2.com\/fr\/procedure-demande-visa-b2\/\">processo de solicita\u00e7\u00e3o de visto<\/a> on-line <a href=\"https:\/\/www.uscis.gov\/\">do USCIS<\/a>. A decis\u00e3o final de emitir um visto ser\u00e1 tomada ap\u00f3s uma <a href=\"https:\/\/usa-b2.com\/pt-br\/nomeacao-visto-embaixada-eua\/\">entrevista para obten\u00e7\u00e3o de visto na embaixada americana<\/a>.<\/p>\n\n<h2 class=\"wp-block-heading\" id=\"h-faut-il-un-visa-esta-pour-chicago\">Quem pode solicitar o ESTA para Chicago?<\/h2>\n\n<p>Os cidad\u00e3os de pa\u00edses que s\u00e3o membros do Programa de Isen\u00e7\u00e3o de Vistos dos EUA podem <a href=\"https:\/\/usa-b2.com\/pt-br\/formulario-esta-on-line\/\">solicitar um ESTA<\/a> para Chicago on-line. O tempo necess\u00e1rio para obter a autoriza\u00e7\u00e3o do ESTA \u00e9 muito mais curto do que para obter um visto B2 em uma <a href=\"https:\/\/usa-b2.com\/fr\/ambassade-des-etats-unis\/\">embaixada americana<\/a>. <\/p>\n\n<p>A autoriza\u00e7\u00e3o ESTA para Chicago \u00e9 v\u00e1lida por 2 anos. Ela pode expirar antes se o <a href=\"https:\/\/usa-b2.com\/fr\/passeport-pour-voyager-aux-usa\/\">passaporte usado para viajar para os EUA<\/a> expirar dentro de 2 anos. A autoriza\u00e7\u00e3o est\u00e1 vinculada ao passaporte usado para obt\u00ea-la.  <\/p>\n\n<p>O ESTA permite que voc\u00ea permane\u00e7a nos Estados Unidos por um per\u00edodo m\u00e1ximo de 90 dias consecutivos.\nAs estadias de 90 dias podem ser m\u00faltiplas durante a <a href=\"https:\/\/usa-b2.com\/fr\/esta-duree-validite\/\">validade de 2 anos do ESTA<\/a>. <\/p>\n","protected":false},"excerpt":{"rendered":"<p>Visto de Chicago para viagem aos Estados Unidos Os viajantes estrangeiros que planejam chegar a Chicago para viajar aos Estados Unidos devem possuir uma autoriza\u00e7\u00e3o de viagem v\u00e1lida. H\u00e1 v\u00e1rios tipos de autoriza\u00e7\u00e3o de viagem, dependendo da finalidade e da dura\u00e7\u00e3o de sua estada nos EUA. Preciso de um visto para Chicago? Chicago \u00e9 uma [&hellip;]<\/p>\n","protected":false},"author":1,"featured_media":0,"parent":0,"menu_order":0,"comment_status":"closed","ping_status":"closed","template":"","meta":{"footnotes":""},"class_list":["post-1257","page","type-page","status-publish","hentry"],"yoast_head":"<!-- This site is optimized with the Yoast SEO plugin v27.0 - https:\/\/yoast.com\/product\/yoast-seo-wordpress\/ -->\n<title>Como entrar nos EUA com um visto para Chicago - USA B2<\/title>\n<meta name=\"description\" content=\"Como obter um visto americano para viajar para os Estados Unidos ao desembarcar em Chicago para uma visita tur\u00edstica.\" \/>\n<meta name=\"robots\" content=\"index, follow, max-snippet:-1, max-image-preview:large, max-video-preview:-1\" \/>\n<link rel=\"canonical\" href=\"https:\/\/usa-b2.com\/pt-br\/visto-para-chicago\/\" \/>\n<meta property=\"og:locale\" content=\"pt_BR\" \/>\n<meta property=\"og:type\" content=\"article\" \/>\n<meta property=\"og:title\" content=\"Como entrar nos EUA com um visto para Chicago - USA B2\" \/>\n<meta property=\"og:description\" content=\"Como obter um visto americano para viajar para os Estados Unidos ao desembarcar em Chicago para uma visita tur\u00edstica.\" \/>\n<meta property=\"og:url\" content=\"https:\/\/usa-b2.com\/pt-br\/visto-para-chicago\/\" \/>\n<meta property=\"og:site_name\" content=\"USA B2\" \/>\n<meta property=\"article:modified_time\" content=\"2025-10-13T12:50:36+00:00\" \/>\n<meta name=\"twitter:card\" content=\"summary_large_image\" \/>\n<meta name=\"twitter:label1\" content=\"Est. tempo de leitura\" \/>\n\t<meta name=\"twitter:data1\" content=\"3 minutos\" \/>\n<script type=\"application\/ld+json\" class=\"yoast-schema-graph\">{\"@context\":\"https:\/\/schema.org\",\"@graph\":[{\"@type\":\"WebPage\",\"@id\":\"https:\/\/usa-b2.com\/pt-br\/visto-para-chicago\/\",\"url\":\"https:\/\/usa-b2.com\/pt-br\/visto-para-chicago\/\",\"name\":\"Como entrar nos EUA com um visto para Chicago - USA B2\",\"isPartOf\":{\"@id\":\"https:\/\/usa-b2.com\/pt-br\/#website\"},\"datePublished\":\"2024-02-10T17:19:29+00:00\",\"dateModified\":\"2025-10-13T12:50:36+00:00\",\"description\":\"Como obter um visto americano para viajar para os Estados Unidos ao desembarcar em Chicago para uma visita tur\u00edstica.\",\"breadcrumb\":{\"@id\":\"https:\/\/usa-b2.com\/pt-br\/visto-para-chicago\/#breadcrumb\"},\"inLanguage\":\"pt-BR\",\"potentialAction\":[{\"@type\":\"ReadAction\",\"target\":[\"https:\/\/usa-b2.com\/pt-br\/visto-para-chicago\/\"]}]},{\"@type\":\"BreadcrumbList\",\"@id\":\"https:\/\/usa-b2.com\/pt-br\/visto-para-chicago\/#breadcrumb\",\"itemListElement\":[{\"@type\":\"ListItem\",\"position\":1,\"name\":\"Accueil\",\"item\":\"https:\/\/usa-b2.com\/pt-br\/roadtrips-eua\/\"},{\"@type\":\"ListItem\",\"position\":2,\"name\":\"Como entrar nos EUA com um visto para Chicago\"}]},{\"@type\":\"WebSite\",\"@id\":\"https:\/\/usa-b2.com\/pt-br\/#website\",\"url\":\"https:\/\/usa-b2.com\/pt-br\/\",\"name\":\"USA B2 VISA\",\"description\":\"\",\"potentialAction\":[{\"@type\":\"SearchAction\",\"target\":{\"@type\":\"EntryPoint\",\"urlTemplate\":\"https:\/\/usa-b2.com\/pt-br\/?s={search_term_string}\"},\"query-input\":{\"@type\":\"PropertyValueSpecification\",\"valueRequired\":true,\"valueName\":\"search_term_string\"}}],\"inLanguage\":\"pt-BR\"}]}<\/script>\n<!-- \/ Yoast SEO plugin. -->","yoast_head_json":{"title":"Como entrar nos EUA com um visto para Chicago - USA B2","description":"Como obter um visto americano para viajar para os Estados Unidos ao desembarcar em Chicago para uma visita tur\u00edstica.","robots":{"index":"index","follow":"follow","max-snippet":"max-snippet:-1","max-image-preview":"max-image-preview:large","max-video-preview":"max-video-preview:-1"},"canonical":"https:\/\/usa-b2.com\/pt-br\/visto-para-chicago\/","og_locale":"pt_BR","og_type":"article","og_title":"Como entrar nos EUA com um visto para Chicago - USA B2","og_description":"Como obter um visto americano para viajar para os Estados Unidos ao desembarcar em Chicago para uma visita tur\u00edstica.","og_url":"https:\/\/usa-b2.com\/pt-br\/visto-para-chicago\/","og_site_name":"USA B2","article_modified_time":"2025-10-13T12:50:36+00:00","twitter_card":"summary_large_image","twitter_misc":{"Est. tempo de leitura":"3 minutos"},"schema":{"@context":"https:\/\/schema.org","@graph":[{"@type":"WebPage","@id":"https:\/\/usa-b2.com\/pt-br\/visto-para-chicago\/","url":"https:\/\/usa-b2.com\/pt-br\/visto-para-chicago\/","name":"Como entrar nos EUA com um visto para Chicago - USA B2","isPartOf":{"@id":"https:\/\/usa-b2.com\/pt-br\/#website"},"datePublished":"2024-02-10T17:19:29+00:00","dateModified":"2025-10-13T12:50:36+00:00","description":"Como obter um visto americano para viajar para os Estados Unidos ao desembarcar em Chicago para uma visita tur\u00edstica.","breadcrumb":{"@id":"https:\/\/usa-b2.com\/pt-br\/visto-para-chicago\/#breadcrumb"},"inLanguage":"pt-BR","potentialAction":[{"@type":"ReadAction","target":["https:\/\/usa-b2.com\/pt-br\/visto-para-chicago\/"]}]},{"@type":"BreadcrumbList","@id":"https:\/\/usa-b2.com\/pt-br\/visto-para-chicago\/#breadcrumb","itemListElement":[{"@type":"ListItem","position":1,"name":"Accueil","item":"https:\/\/usa-b2.com\/pt-br\/roadtrips-eua\/"},{"@type":"ListItem","position":2,"name":"Como entrar nos EUA com um visto para Chicago"}]},{"@type":"WebSite","@id":"https:\/\/usa-b2.com\/pt-br\/#website","url":"https:\/\/usa-b2.com\/pt-br\/","name":"USA B2 VISA","description":"","potentialAction":[{"@type":"SearchAction","target":{"@type":"EntryPoint","urlTemplate":"https:\/\/usa-b2.com\/pt-br\/?s={search_term_string}"},"query-input":{"@type":"PropertyValueSpecification","valueRequired":true,"valueName":"search_term_string"}}],"inLanguage":"pt-BR"}]}},"_links":{"self":[{"href":"https:\/\/usa-b2.com\/pt-br\/wp-json\/wp\/v2\/pages\/1257","targetHints":{"allow":["GET"]}}],"collection":[{"href":"https:\/\/usa-b2.com\/pt-br\/wp-json\/wp\/v2\/pages"}],"about":[{"href":"https:\/\/usa-b2.com\/pt-br\/wp-json\/wp\/v2\/types\/page"}],"author":[{"embeddable":true,"href":"https:\/\/usa-b2.com\/pt-br\/wp-json\/wp\/v2\/users\/1"}],"replies":[{"embeddable":true,"href":"https:\/\/usa-b2.com\/pt-br\/wp-json\/wp\/v2\/comments?post=1257"}],"version-history":[{"count":2,"href":"https:\/\/usa-b2.com\/pt-br\/wp-json\/wp\/v2\/pages\/1257\/revisions"}],"predecessor-version":[{"id":9993,"href":"https:\/\/usa-b2.com\/pt-br\/wp-json\/wp\/v2\/pages\/1257\/revisions\/9993"}],"wp:attachment":[{"href":"https:\/\/usa-b2.com\/pt-br\/wp-json\/wp\/v2\/media?parent=1257"}],"curies":[{"name":"wp","href":"https:\/\/api.w.org\/{rel}","templated":true}]}}