{"id":1110,"date":"2024-02-10T17:14:25","date_gmt":"2024-02-10T17:14:25","guid":{"rendered":"https:\/\/usa-b2.com\/taxas-visto-b2\/"},"modified":"2025-10-14T10:16:32","modified_gmt":"2025-10-14T10:16:32","slug":"taxas-visto-b2","status":"publish","type":"page","link":"https:\/\/usa-b2.com\/pt-br\/taxas-visto-b2\/","title":{"rendered":"Taxas para o visto americano B2"},"content":{"rendered":"\n<h1 class=\"wp-block-heading\">Quanto custa um visto B2?<\/h1>\n\n<p>Ao solicitar um visto B2, os solicitantes devem pagar uma taxa administrativa para validar a solicita\u00e7\u00e3o. O pagamento da taxa \u00e9 obrigat\u00f3rio e ocorre antes do processamento do pedido de visto. <\/p>\n\n<p><strong>Para uma estadia de menos de 90 dias nos Estados Unidos<\/strong>: n\u00e3o \u00e9 necess\u00e1rio solicitar um visto. Voc\u00ea pode solicitar uma autoriza\u00e7\u00e3o eletr\u00f4nica de viagem em apenas alguns minutos, clicando no <a href=\"https:\/\/usa-b2.com\/pt-br\/formulario-esta-on-line\/\">formul\u00e1rio on-line do ESTA<\/a>.<\/p>\n\n<div style=\"height:10px\" aria-hidden=\"true\" class=\"wp-block-spacer\"><\/div>\n\n<h2 class=\"wp-block-heading\" id=\"h-qui-est-concerne-par-ces-frais\">Quem paga os custos?<\/h2>\n\n<p>As taxas para solicitar um visto para os Estados Unidos se aplicam a todos os cidad\u00e3os estrangeiros que desejam visitar os Estados Unidos, independentemente da idade. Essa taxa n\u00e3o \u00e9 reembols\u00e1vel e deve ser paga antes do processamento do pedido de visto. <\/p>\n\n<h2 class=\"wp-block-heading\">Quando devo pagar a taxa do visto?<\/h2>\n\n<p>O pagamento da taxa de visto \u00e9 exigido quando o solicitante preenche o formul\u00e1rio de solicita\u00e7\u00e3o de visto <a href=\"https:\/\/usa-b2.com\/pt-br\/ds-160\/\">DS 160<\/a>. O pagamento da taxa valida a solicita\u00e7\u00e3o de visto e inicia seu processamento administrativo. <\/p>\n\n<h2 class=\"wp-block-heading\" id=\"h-montant-des-frais-pour-une-demande-de-visa-usa\">Qual \u00e9 o valor das taxas?<\/h2>\n\n<p>A taxa para validar uma solicita\u00e7\u00e3o de <a href=\"https:\/\/usa-b2.com\/pt-br\/visto-b2\/\">visto B2<\/a> \u00e9 de US$ 185. Esse valor \u00e9 definido pelo Departamento de Estado dos EUA e atualizado regularmente. Informa\u00e7\u00f5es mais detalhadas est\u00e3o dispon\u00edveis <a href=\"https:\/\/travel.state.gov\/content\/travel\/en\/us-visas\/visa-information-resources\/fees\/fees-visa-services.html\">nesta p\u00e1gina<\/a>.<\/p>\n\n<h2 class=\"wp-block-heading\" id=\"h-comment-payer-les-frais-de-visa\">Como fa\u00e7o para pagar pelo meu visto?<\/h2>\n\n<h3 class=\"wp-block-heading\" id=\"h-paiement-des-frais-par-virement-bancaire\">Pagamento de taxas com cart\u00e3o de cr\u00e9dito<\/h3>\n\n<p>Os solicitantes podem pagar a taxa do visto diretamente on-line com cart\u00e3o de cr\u00e9dito. O valor \u00e9 expresso em d\u00f3lares, mas ser\u00e1 convertido para a moeda local automaticamente pelo banco. <\/p>\n\n<h3 class=\"wp-block-heading\" id=\"h-paiement-des-frais-par-virement-bancaire\">Pagamento de taxas por transfer\u00eancia banc\u00e1ria<\/h3>\n\n<p>Os candidatos tamb\u00e9m podem pagar a taxa do visto por transfer\u00eancia banc\u00e1ria. As taxas s\u00e3o cotadas em d\u00f3lares e em v\u00e1rias outras moedas locais. A taxa de c\u00e2mbio usada \u00e9 definida pelo Departamento de Estado dos EUA.  <\/p>\n\n<h3 class=\"wp-block-heading\" id=\"h-paiement-en-cash-avec-un-bordereau-de-depot\">Pagamento por comprovante de dep\u00f3sito<\/h3>\n\n<p>Os candidatos tamb\u00e9m podem pagar a taxa do visto em dinheiro. Voc\u00ea deve fazer um dep\u00f3sito em dinheiro em um banco credenciado pelos EUA. Em troca, eles receber\u00e3o um comprovante de dep\u00f3sito como prova de pagamento das taxas.  <\/p>\n\n<h2 class=\"wp-block-heading\" id=\"h-limitations-liees-au-paiement-des-frais-de-visa\">Reembolso de taxas pagas em caso de recusa de visto<\/h2>\n\n<p>N\u00e3o \u00e9 poss\u00edvel reembolsar as taxas de visto pagas, independentemente do resultado da solicita\u00e7\u00e3o.<\/p>\n\n<p>O pagamento da taxa n\u00e3o \u00e9 transfer\u00edvel para outro solicitante de outro pedido de visto B2. Ele n\u00e3o pode ser usado ou transferido para outro pedido de visto.<\/p>\n\n<p>Se voc\u00ea n\u00e3o usar o recibo por um ano, as taxas pagas ser\u00e3o perdidas. Voc\u00ea n\u00e3o poder\u00e1 mais usar o recibo para justificar o pagamento da taxa e n\u00e3o poder\u00e1 obter um <a href=\"https:\/\/usa-b2.com\/pt-br\/nomeacao-visto-embaixada-eua\/\">agendamento de visto na embaixada<\/a> com esse recibo inv\u00e1lido. Seu pagamento inicial n\u00e3o utilizado ser\u00e1, portanto, cancelado. O pagamento dessa taxa n\u00e3o \u00e9 reembols\u00e1vel por qualquer motivo que seja.<\/p>\n\n<h2 class=\"wp-block-heading\">Dura\u00e7\u00e3o da validade do pagamento da taxa de visto<\/h2>\n\n<p>O candidato recebe um recibo numerado quando a taxa \u00e9 paga. Esse certificado de pagamento \u00e9 v\u00e1lido por 1 ano. Portanto, os candidatos devem marcar uma entrevista na embaixada americana dentro do per\u00edodo de validade de 1 ano do pagamento.  <\/p>\n","protected":false},"excerpt":{"rendered":"<p>Quanto custa um visto B2? Ao solicitar um visto B2, os solicitantes devem pagar uma taxa administrativa para validar a solicita\u00e7\u00e3o. O pagamento da taxa \u00e9 obrigat\u00f3rio e ocorre antes do processamento do pedido de visto. Para uma estadia de menos de 90 dias nos Estados Unidos: n\u00e3o \u00e9 necess\u00e1rio solicitar um visto. Voc\u00ea pode [&hellip;]<\/p>\n","protected":false},"author":1,"featured_media":0,"parent":0,"menu_order":0,"comment_status":"closed","ping_status":"closed","template":"","meta":{"footnotes":""},"class_list":["post-1110","page","type-page","status-publish","hentry"],"yoast_head":"<!-- This site is optimized with the Yoast SEO plugin v27.0 - https:\/\/yoast.com\/product\/yoast-seo-wordpress\/ -->\n<title>Taxas para o visto americano B2 - USA B2<\/title>\n<meta name=\"description\" content=\"Quanto devo pagar on-line para obter um visto de turista B2 dos EUA?\" \/>\n<meta name=\"robots\" content=\"index, follow, max-snippet:-1, max-image-preview:large, max-video-preview:-1\" \/>\n<link rel=\"canonical\" href=\"https:\/\/usa-b2.com\/pt-br\/taxas-visto-b2\/\" \/>\n<meta property=\"og:locale\" content=\"pt_BR\" \/>\n<meta property=\"og:type\" content=\"article\" \/>\n<meta property=\"og:title\" content=\"Taxas para o visto americano B2 - USA B2\" \/>\n<meta property=\"og:description\" content=\"Quanto devo pagar on-line para obter um visto de turista B2 dos EUA?\" \/>\n<meta property=\"og:url\" content=\"https:\/\/usa-b2.com\/pt-br\/taxas-visto-b2\/\" \/>\n<meta property=\"og:site_name\" content=\"USA B2\" \/>\n<meta property=\"article:modified_time\" content=\"2025-10-14T10:16:32+00:00\" \/>\n<meta name=\"twitter:card\" content=\"summary_large_image\" \/>\n<meta name=\"twitter:label1\" content=\"Est. tempo de leitura\" \/>\n\t<meta name=\"twitter:data1\" content=\"3 minutos\" \/>\n<script type=\"application\/ld+json\" class=\"yoast-schema-graph\">{\"@context\":\"https:\/\/schema.org\",\"@graph\":[{\"@type\":\"WebPage\",\"@id\":\"https:\/\/usa-b2.com\/pt-br\/taxas-visto-b2\/\",\"url\":\"https:\/\/usa-b2.com\/pt-br\/taxas-visto-b2\/\",\"name\":\"Taxas para o visto americano B2 - USA B2\",\"isPartOf\":{\"@id\":\"https:\/\/usa-b2.com\/pt-br\/#website\"},\"datePublished\":\"2024-02-10T17:14:25+00:00\",\"dateModified\":\"2025-10-14T10:16:32+00:00\",\"description\":\"Quanto devo pagar on-line para obter um visto de turista B2 dos EUA?\",\"breadcrumb\":{\"@id\":\"https:\/\/usa-b2.com\/pt-br\/taxas-visto-b2\/#breadcrumb\"},\"inLanguage\":\"pt-BR\",\"potentialAction\":[{\"@type\":\"ReadAction\",\"target\":[\"https:\/\/usa-b2.com\/pt-br\/taxas-visto-b2\/\"]}]},{\"@type\":\"BreadcrumbList\",\"@id\":\"https:\/\/usa-b2.com\/pt-br\/taxas-visto-b2\/#breadcrumb\",\"itemListElement\":[{\"@type\":\"ListItem\",\"position\":1,\"name\":\"Accueil\",\"item\":\"https:\/\/usa-b2.com\/pt-br\/roadtrips-eua\/\"},{\"@type\":\"ListItem\",\"position\":2,\"name\":\"Taxas para o visto americano B2\"}]},{\"@type\":\"WebSite\",\"@id\":\"https:\/\/usa-b2.com\/pt-br\/#website\",\"url\":\"https:\/\/usa-b2.com\/pt-br\/\",\"name\":\"USA B2 VISA\",\"description\":\"\",\"potentialAction\":[{\"@type\":\"SearchAction\",\"target\":{\"@type\":\"EntryPoint\",\"urlTemplate\":\"https:\/\/usa-b2.com\/pt-br\/?s={search_term_string}\"},\"query-input\":{\"@type\":\"PropertyValueSpecification\",\"valueRequired\":true,\"valueName\":\"search_term_string\"}}],\"inLanguage\":\"pt-BR\"}]}<\/script>\n<!-- \/ Yoast SEO plugin. -->","yoast_head_json":{"title":"Taxas para o visto americano B2 - USA B2","description":"Quanto devo pagar on-line para obter um visto de turista B2 dos EUA?","robots":{"index":"index","follow":"follow","max-snippet":"max-snippet:-1","max-image-preview":"max-image-preview:large","max-video-preview":"max-video-preview:-1"},"canonical":"https:\/\/usa-b2.com\/pt-br\/taxas-visto-b2\/","og_locale":"pt_BR","og_type":"article","og_title":"Taxas para o visto americano B2 - USA B2","og_description":"Quanto devo pagar on-line para obter um visto de turista B2 dos EUA?","og_url":"https:\/\/usa-b2.com\/pt-br\/taxas-visto-b2\/","og_site_name":"USA B2","article_modified_time":"2025-10-14T10:16:32+00:00","twitter_card":"summary_large_image","twitter_misc":{"Est. tempo de leitura":"3 minutos"},"schema":{"@context":"https:\/\/schema.org","@graph":[{"@type":"WebPage","@id":"https:\/\/usa-b2.com\/pt-br\/taxas-visto-b2\/","url":"https:\/\/usa-b2.com\/pt-br\/taxas-visto-b2\/","name":"Taxas para o visto americano B2 - USA B2","isPartOf":{"@id":"https:\/\/usa-b2.com\/pt-br\/#website"},"datePublished":"2024-02-10T17:14:25+00:00","dateModified":"2025-10-14T10:16:32+00:00","description":"Quanto devo pagar on-line para obter um visto de turista B2 dos EUA?","breadcrumb":{"@id":"https:\/\/usa-b2.com\/pt-br\/taxas-visto-b2\/#breadcrumb"},"inLanguage":"pt-BR","potentialAction":[{"@type":"ReadAction","target":["https:\/\/usa-b2.com\/pt-br\/taxas-visto-b2\/"]}]},{"@type":"BreadcrumbList","@id":"https:\/\/usa-b2.com\/pt-br\/taxas-visto-b2\/#breadcrumb","itemListElement":[{"@type":"ListItem","position":1,"name":"Accueil","item":"https:\/\/usa-b2.com\/pt-br\/roadtrips-eua\/"},{"@type":"ListItem","position":2,"name":"Taxas para o visto americano B2"}]},{"@type":"WebSite","@id":"https:\/\/usa-b2.com\/pt-br\/#website","url":"https:\/\/usa-b2.com\/pt-br\/","name":"USA B2 VISA","description":"","potentialAction":[{"@type":"SearchAction","target":{"@type":"EntryPoint","urlTemplate":"https:\/\/usa-b2.com\/pt-br\/?s={search_term_string}"},"query-input":{"@type":"PropertyValueSpecification","valueRequired":true,"valueName":"search_term_string"}}],"inLanguage":"pt-BR"}]}},"_links":{"self":[{"href":"https:\/\/usa-b2.com\/pt-br\/wp-json\/wp\/v2\/pages\/1110","targetHints":{"allow":["GET"]}}],"collection":[{"href":"https:\/\/usa-b2.com\/pt-br\/wp-json\/wp\/v2\/pages"}],"about":[{"href":"https:\/\/usa-b2.com\/pt-br\/wp-json\/wp\/v2\/types\/page"}],"author":[{"embeddable":true,"href":"https:\/\/usa-b2.com\/pt-br\/wp-json\/wp\/v2\/users\/1"}],"replies":[{"embeddable":true,"href":"https:\/\/usa-b2.com\/pt-br\/wp-json\/wp\/v2\/comments?post=1110"}],"version-history":[{"count":2,"href":"https:\/\/usa-b2.com\/pt-br\/wp-json\/wp\/v2\/pages\/1110\/revisions"}],"predecessor-version":[{"id":10211,"href":"https:\/\/usa-b2.com\/pt-br\/wp-json\/wp\/v2\/pages\/1110\/revisions\/10211"}],"wp:attachment":[{"href":"https:\/\/usa-b2.com\/pt-br\/wp-json\/wp\/v2\/media?parent=1110"}],"curies":[{"name":"wp","href":"https:\/\/api.w.org\/{rel}","templated":true}]}}